{"id":94971,"date":"2019-06-19T16:31:30","date_gmt":"2019-06-19T13:31:30","guid":{"rendered":"https:\/\/www.kirkonulkomaanapu.fi\/om-oss\/arsberattelse-2018\/wefood-2\/"},"modified":"2019-07-03T13:30:11","modified_gmt":"2019-07-03T10:30:11","slug":"wefood-2","status":"publish","type":"page","link":"https:\/\/www.kirkonulkomaanapu.fi\/sv\/om-oss\/historia\/arsberattelse-2018\/wefood-2\/","title":{"rendered":"WeFood"},"content":{"rendered":"<p class=\"lead\">WeFood har &#8221;r\u00e4ddad&#8221; redan 30 ton mat<\/p>\n<p>Kyrkans Utlandshj\u00e4lp \u00f6ppnade Finlands f\u00f6rsta matsvinnsbutik 20.9.2018 i k\u00f6pcentret Redi i Fiskehamnen i Helsingfors. WeFood har minskat p\u00e5 matsvinnet i Finland med \u00f6ver 30 000 kilo genom att s\u00e4lja svinnmat som donerats av tillverkare, import\u00f6rer, partihandlar, aff\u00e4rer och producenter. Ut\u00f6ver det har det s\u00e5lts \u00f6ver 5000 liter drycker i aff\u00e4ren. Utan WeFood skulle s\u00e5 h\u00e4r mycket \u00e4tbar mat sl\u00e4ngts i soporna.<\/p>\n<p>Aff\u00e4ren har v\u00e4ckt mycket intresse. WeFoods \u00f6ppning lockade cirka 15 representanter fr\u00e5n media och under h\u00f6sten 2018 n\u00e4mndes WeFood \u00f6ver 30 g\u00e5nger i olika publikationer.<\/p>\n<p>WeFood \u00e4r ett frivilligkoncept. Det \u00e4r frivilliga som tar hand om kundservice, l\u00e4gger upp varor i hyllorna och tar hand om aff\u00e4rens verksamhet och trivsel. Logistikfrivilliga h\u00e4mtar svinnet som doneras till aff\u00e4ren. Ungef\u00e4r 130 frivilliga \u00e4r med i WeFood-projektet.<\/p>\n<p>De s\u00e5lda produkterna \u00e4r svinn som annars skulle bli avfall. Under 2018 donerade cirka 15 samarbetspartner svinn. Bland dem som donerar finns livsmedelsimport\u00f6rer, partihandlar, producenter och aff\u00e4rer. WeFood samarbetar ocks\u00e5 med Nissan. Svinntransporten sker med den eldrivna Nissan e-NV200-sk\u00e5pbilen.<\/p>\n<p>WeFood har ocks\u00e5 samarbetat med Liike-talousopisto Perho. Studerande har bekantat sig med aff\u00e4rens verksamhet via praktikturer. En studerande har ocks\u00e5 gjort sin arbetspraktik p\u00e5 WeFood. Under h\u00f6sten bes\u00f6kte ett tiotal skolelevsgrupper fr\u00e5n Helsingfors grundskolor aff\u00e4ren.<\/p>\n","protected":false},"excerpt":{"rendered":"<p>WeFood har &#8221;r\u00e4ddad&#8221; redan 30 ton mat Kyrkans Utlandshj\u00e4lp \u00f6ppnade Finlands f\u00f6rsta matsvinnsbutik 20.9.2018 i k\u00f6pcentret Redi i Fiskehamnen i Helsingfors. WeFood har minskat p\u00e5 matsvinnet i Finland med \u00f6ver 30 000 kilo genom att s\u00e4lja svinnmat som donerats av tillverkare, import\u00f6rer, partihandlar, aff\u00e4rer och producenter. Ut\u00f6ver det har det s\u00e5lts \u00f6ver 5000 liter drycker [&hellip;]<\/p>\n","protected":false},"author":101,"featured_media":94304,"parent":94436,"menu_order":0,"comment_status":"closed","ping_status":"closed","template":"page-templates\/vuosikertomus.php","meta":{"_acf_changed":false,"_relevanssi_hide_post":"","_relevanssi_hide_content":"","_relevanssi_pin_for_all":"","_relevanssi_pin_keywords":"","_relevanssi_unpin_keywords":"","_relevanssi_related_keywords":"","_relevanssi_related_include_ids":"","_relevanssi_related_exclude_ids":"","_relevanssi_related_no_append":"","_relevanssi_related_not_related":"","_relevanssi_related_posts":"","_relevanssi_noindex_reason":"","_improvement_type_select":"improve_an_existing","_thumb_yes_seoaic":false,"_frame_yes_seoaic":false,"seoaic_generate_description":"","seoaic_improve_instructions_prompt":"","seoaic_rollback_content_improvement":"","seoaic_idea_thumbnail_generator":"","thumbnail_generated":false,"thumbnail_generate_prompt":"","seoaic_article_description":"","footnotes":""},"class_list":["post-94971","page","type-page","status-publish","has-post-thumbnail","hentry"],"acf":[],"yoast_head":"<!-- This site is optimized with the Yoast SEO plugin v26.9 - https:\/\/yoast.com\/product\/yoast-seo-wordpress\/ -->\n<title>WeFood - Kyrkans Utlandshj\u00e4lp<\/title>\n<meta name=\"robots\" content=\"index, follow, max-snippet:-1, max-image-preview:large, max-video-preview:-1\" \/>\n<link rel=\"canonical\" href=\"https:\/\/www.kirkonulkomaanapu.fi\/sv\/om-oss\/historia\/arsberattelse-2018\/wefood-2\/\" \/>\n<meta property=\"og:locale\" content=\"sv_SE\" \/>\n<meta property=\"og:type\" content=\"article\" \/>\n<meta property=\"og:title\" content=\"WeFood - Kyrkans Utlandshj\u00e4lp\" \/>\n<meta property=\"og:description\" content=\"WeFood har &#8221;r\u00e4ddad&#8221; redan 30 ton mat Kyrkans Utlandshj\u00e4lp \u00f6ppnade Finlands f\u00f6rsta matsvinnsbutik 20.9.2018 i k\u00f6pcentret Redi i Fiskehamnen i Helsingfors. WeFood har minskat p\u00e5 matsvinnet i Finland med \u00f6ver 30 000 kilo genom att s\u00e4lja svinnmat som donerats av tillverkare, import\u00f6rer, partihandlar, aff\u00e4rer och producenter. Ut\u00f6ver det har det s\u00e5lts \u00f6ver 5000 liter drycker [&hellip;]\" \/>\n<meta property=\"og:url\" content=\"https:\/\/www.kirkonulkomaanapu.fi\/sv\/om-oss\/historia\/arsberattelse-2018\/wefood-2\/\" \/>\n<meta property=\"og:site_name\" content=\"Kyrkans Utlandshj\u00e4lp\" \/>\n<meta property=\"article:publisher\" content=\"https:\/\/www.facebook.com\/Ulkomaanapu\/\" \/>\n<meta property=\"article:modified_time\" content=\"2019-07-03T10:30:11+00:00\" \/>\n<meta property=\"og:image\" content=\"https:\/\/www.kirkonulkomaanapu.fi\/wp-content\/uploads\/2019\/06\/Vuosikertomus_2018_WeFood_.jpg\" \/>\n\t<meta property=\"og:image:width\" content=\"1024\" \/>\n\t<meta property=\"og:image:height\" content=\"540\" \/>\n\t<meta property=\"og:image:type\" content=\"image\/jpeg\" \/>\n<meta name=\"twitter:label1\" content=\"Ber\u00e4knad l\u00e4stid\" \/>\n\t<meta name=\"twitter:data1\" content=\"1 minut\" \/>\n<script type=\"application\/ld+json\" class=\"yoast-schema-graph\">{\"@context\":\"https:\/\/schema.org\",\"@graph\":[{\"@type\":\"WebPage\",\"@id\":\"https:\/\/www.kirkonulkomaanapu.fi\/sv\/om-oss\/historia\/arsberattelse-2018\/wefood-2\/\",\"url\":\"https:\/\/www.kirkonulkomaanapu.fi\/sv\/om-oss\/historia\/arsberattelse-2018\/wefood-2\/\",\"name\":\"WeFood - Kyrkans Utlandshj\u00e4lp\",\"isPartOf\":{\"@id\":\"https:\/\/www.kirkonulkomaanapu.fi\/#website\"},\"primaryImageOfPage\":{\"@id\":\"https:\/\/www.kirkonulkomaanapu.fi\/sv\/om-oss\/historia\/arsberattelse-2018\/wefood-2\/#primaryimage\"},\"image\":{\"@id\":\"https:\/\/www.kirkonulkomaanapu.fi\/sv\/om-oss\/historia\/arsberattelse-2018\/wefood-2\/#primaryimage\"},\"thumbnailUrl\":\"https:\/\/www.kirkonulkomaanapu.fi\/wp-content\/uploads\/2019\/06\/Vuosikertomus_2018_WeFood_.jpg\",\"datePublished\":\"2019-06-19T13:31:30+00:00\",\"dateModified\":\"2019-07-03T10:30:11+00:00\",\"breadcrumb\":{\"@id\":\"https:\/\/www.kirkonulkomaanapu.fi\/sv\/om-oss\/historia\/arsberattelse-2018\/wefood-2\/#breadcrumb\"},\"inLanguage\":\"sv-SE\",\"potentialAction\":[{\"@type\":\"ReadAction\",\"target\":[\"https:\/\/www.kirkonulkomaanapu.fi\/sv\/om-oss\/historia\/arsberattelse-2018\/wefood-2\/\"]}]},{\"@type\":\"ImageObject\",\"inLanguage\":\"sv-SE\",\"@id\":\"https:\/\/www.kirkonulkomaanapu.fi\/sv\/om-oss\/historia\/arsberattelse-2018\/wefood-2\/#primaryimage\",\"url\":\"https:\/\/www.kirkonulkomaanapu.fi\/wp-content\/uploads\/2019\/06\/Vuosikertomus_2018_WeFood_.jpg\",\"contentUrl\":\"https:\/\/www.kirkonulkomaanapu.fi\/wp-content\/uploads\/2019\/06\/Vuosikertomus_2018_WeFood_.jpg\",\"width\":1024,\"height\":540,\"caption\":\"Kaksi ty\u00f6ntekij\u00e4\u00e4 hyllytt\u00e4\u00e4 WeFood-kaupassa.\"},{\"@type\":\"BreadcrumbList\",\"@id\":\"https:\/\/www.kirkonulkomaanapu.fi\/sv\/om-oss\/historia\/arsberattelse-2018\/wefood-2\/#breadcrumb\",\"itemListElement\":[{\"@type\":\"ListItem\",\"position\":1,\"name\":\"Home\",\"item\":\"https:\/\/www.kirkonulkomaanapu.fi\/sv\/\"},{\"@type\":\"ListItem\",\"position\":2,\"name\":\"Om oss\",\"item\":\"https:\/\/www.kirkonulkomaanapu.fi\/sv\/om-oss\/\"},{\"@type\":\"ListItem\",\"position\":3,\"name\":\"Historia\",\"item\":\"https:\/\/www.kirkonulkomaanapu.fi\/sv\/om-oss\/historia\/\"},{\"@type\":\"ListItem\",\"position\":4,\"name\":\"\u00c5rsber\u00e4ttelse 2018\",\"item\":\"https:\/\/www.kirkonulkomaanapu.fi\/sv\/om-oss\/historia\/arsberattelse-2018\/\"},{\"@type\":\"ListItem\",\"position\":5,\"name\":\"WeFood\"}]},{\"@type\":\"WebSite\",\"@id\":\"https:\/\/www.kirkonulkomaanapu.fi\/#website\",\"url\":\"https:\/\/www.kirkonulkomaanapu.fi\/\",\"name\":\"Kirkon Ulkomaanapu\",\"description\":\"Suomen suurin kehitysyhteisty\u00f6j\u00e4rjest\u00f6\",\"publisher\":{\"@id\":\"https:\/\/www.kirkonulkomaanapu.fi\/#organization\"},\"alternateName\":\"KUA\",\"potentialAction\":[{\"@type\":\"SearchAction\",\"target\":{\"@type\":\"EntryPoint\",\"urlTemplate\":\"https:\/\/www.kirkonulkomaanapu.fi\/?s={search_term_string}\"},\"query-input\":{\"@type\":\"PropertyValueSpecification\",\"valueRequired\":true,\"valueName\":\"search_term_string\"}}],\"inLanguage\":\"sv-SE\"},{\"@type\":\"Organization\",\"@id\":\"https:\/\/www.kirkonulkomaanapu.fi\/#organization\",\"name\":\"Kirkon Ulkomaanapu\",\"alternateName\":\"KUA\",\"url\":\"https:\/\/www.kirkonulkomaanapu.fi\/\",\"logo\":{\"@type\":\"ImageObject\",\"inLanguage\":\"sv-SE\",\"@id\":\"https:\/\/www.kirkonulkomaanapu.fi\/#\/schema\/logo\/image\/\",\"url\":\"https:\/\/www.kirkonulkomaanapu.fi\/wp-content\/uploads\/2026\/02\/Kirkon-ulkomaanapu-logo-1.png\",\"contentUrl\":\"https:\/\/www.kirkonulkomaanapu.fi\/wp-content\/uploads\/2026\/02\/Kirkon-ulkomaanapu-logo-1.png\",\"width\":225,\"height\":225,\"caption\":\"Kirkon Ulkomaanapu\"},\"image\":{\"@id\":\"https:\/\/www.kirkonulkomaanapu.fi\/#\/schema\/logo\/image\/\"},\"sameAs\":[\"https:\/\/www.facebook.com\/Ulkomaanapu\/\",\"https:\/\/www.youtube.com\/user\/kirkonulkomaanapu\",\"https:\/\/instagram.com\/kirkon_ulkomaanapu\/\",\"https:\/\/www.linkedin.com\/company\/finn-church-aid\/\"]}]}<\/script>\n<!-- \/ Yoast SEO plugin. -->","yoast_head_json":{"title":"WeFood - Kyrkans Utlandshj\u00e4lp","robots":{"index":"index","follow":"follow","max-snippet":"max-snippet:-1","max-image-preview":"max-image-preview:large","max-video-preview":"max-video-preview:-1"},"canonical":"https:\/\/www.kirkonulkomaanapu.fi\/sv\/om-oss\/historia\/arsberattelse-2018\/wefood-2\/","og_locale":"sv_SE","og_type":"article","og_title":"WeFood - Kyrkans Utlandshj\u00e4lp","og_description":"WeFood har &#8221;r\u00e4ddad&#8221; redan 30 ton mat Kyrkans Utlandshj\u00e4lp \u00f6ppnade Finlands f\u00f6rsta matsvinnsbutik 20.9.2018 i k\u00f6pcentret Redi i Fiskehamnen i Helsingfors. WeFood har minskat p\u00e5 matsvinnet i Finland med \u00f6ver 30 000 kilo genom att s\u00e4lja svinnmat som donerats av tillverkare, import\u00f6rer, partihandlar, aff\u00e4rer och producenter. Ut\u00f6ver det har det s\u00e5lts \u00f6ver 5000 liter drycker [&hellip;]","og_url":"https:\/\/www.kirkonulkomaanapu.fi\/sv\/om-oss\/historia\/arsberattelse-2018\/wefood-2\/","og_site_name":"Kyrkans Utlandshj\u00e4lp","article_publisher":"https:\/\/www.facebook.com\/Ulkomaanapu\/","article_modified_time":"2019-07-03T10:30:11+00:00","og_image":[{"width":1024,"height":540,"url":"https:\/\/www.kirkonulkomaanapu.fi\/wp-content\/uploads\/2019\/06\/Vuosikertomus_2018_WeFood_.jpg","type":"image\/jpeg"}],"twitter_misc":{"Ber\u00e4knad l\u00e4stid":"1 minut"},"schema":{"@context":"https:\/\/schema.org","@graph":[{"@type":"WebPage","@id":"https:\/\/www.kirkonulkomaanapu.fi\/sv\/om-oss\/historia\/arsberattelse-2018\/wefood-2\/","url":"https:\/\/www.kirkonulkomaanapu.fi\/sv\/om-oss\/historia\/arsberattelse-2018\/wefood-2\/","name":"WeFood - Kyrkans Utlandshj\u00e4lp","isPartOf":{"@id":"https:\/\/www.kirkonulkomaanapu.fi\/#website"},"primaryImageOfPage":{"@id":"https:\/\/www.kirkonulkomaanapu.fi\/sv\/om-oss\/historia\/arsberattelse-2018\/wefood-2\/#primaryimage"},"image":{"@id":"https:\/\/www.kirkonulkomaanapu.fi\/sv\/om-oss\/historia\/arsberattelse-2018\/wefood-2\/#primaryimage"},"thumbnailUrl":"https:\/\/www.kirkonulkomaanapu.fi\/wp-content\/uploads\/2019\/06\/Vuosikertomus_2018_WeFood_.jpg","datePublished":"2019-06-19T13:31:30+00:00","dateModified":"2019-07-03T10:30:11+00:00","breadcrumb":{"@id":"https:\/\/www.kirkonulkomaanapu.fi\/sv\/om-oss\/historia\/arsberattelse-2018\/wefood-2\/#breadcrumb"},"inLanguage":"sv-SE","potentialAction":[{"@type":"ReadAction","target":["https:\/\/www.kirkonulkomaanapu.fi\/sv\/om-oss\/historia\/arsberattelse-2018\/wefood-2\/"]}]},{"@type":"ImageObject","inLanguage":"sv-SE","@id":"https:\/\/www.kirkonulkomaanapu.fi\/sv\/om-oss\/historia\/arsberattelse-2018\/wefood-2\/#primaryimage","url":"https:\/\/www.kirkonulkomaanapu.fi\/wp-content\/uploads\/2019\/06\/Vuosikertomus_2018_WeFood_.jpg","contentUrl":"https:\/\/www.kirkonulkomaanapu.fi\/wp-content\/uploads\/2019\/06\/Vuosikertomus_2018_WeFood_.jpg","width":1024,"height":540,"caption":"Kaksi ty\u00f6ntekij\u00e4\u00e4 hyllytt\u00e4\u00e4 WeFood-kaupassa."},{"@type":"BreadcrumbList","@id":"https:\/\/www.kirkonulkomaanapu.fi\/sv\/om-oss\/historia\/arsberattelse-2018\/wefood-2\/#breadcrumb","itemListElement":[{"@type":"ListItem","position":1,"name":"Home","item":"https:\/\/www.kirkonulkomaanapu.fi\/sv\/"},{"@type":"ListItem","position":2,"name":"Om oss","item":"https:\/\/www.kirkonulkomaanapu.fi\/sv\/om-oss\/"},{"@type":"ListItem","position":3,"name":"Historia","item":"https:\/\/www.kirkonulkomaanapu.fi\/sv\/om-oss\/historia\/"},{"@type":"ListItem","position":4,"name":"\u00c5rsber\u00e4ttelse 2018","item":"https:\/\/www.kirkonulkomaanapu.fi\/sv\/om-oss\/historia\/arsberattelse-2018\/"},{"@type":"ListItem","position":5,"name":"WeFood"}]},{"@type":"WebSite","@id":"https:\/\/www.kirkonulkomaanapu.fi\/#website","url":"https:\/\/www.kirkonulkomaanapu.fi\/","name":"Kirkon Ulkomaanapu","description":"Suomen suurin kehitysyhteisty\u00f6j\u00e4rjest\u00f6","publisher":{"@id":"https:\/\/www.kirkonulkomaanapu.fi\/#organization"},"alternateName":"KUA","potentialAction":[{"@type":"SearchAction","target":{"@type":"EntryPoint","urlTemplate":"https:\/\/www.kirkonulkomaanapu.fi\/?s={search_term_string}"},"query-input":{"@type":"PropertyValueSpecification","valueRequired":true,"valueName":"search_term_string"}}],"inLanguage":"sv-SE"},{"@type":"Organization","@id":"https:\/\/www.kirkonulkomaanapu.fi\/#organization","name":"Kirkon Ulkomaanapu","alternateName":"KUA","url":"https:\/\/www.kirkonulkomaanapu.fi\/","logo":{"@type":"ImageObject","inLanguage":"sv-SE","@id":"https:\/\/www.kirkonulkomaanapu.fi\/#\/schema\/logo\/image\/","url":"https:\/\/www.kirkonulkomaanapu.fi\/wp-content\/uploads\/2026\/02\/Kirkon-ulkomaanapu-logo-1.png","contentUrl":"https:\/\/www.kirkonulkomaanapu.fi\/wp-content\/uploads\/2026\/02\/Kirkon-ulkomaanapu-logo-1.png","width":225,"height":225,"caption":"Kirkon Ulkomaanapu"},"image":{"@id":"https:\/\/www.kirkonulkomaanapu.fi\/#\/schema\/logo\/image\/"},"sameAs":["https:\/\/www.facebook.com\/Ulkomaanapu\/","https:\/\/www.youtube.com\/user\/kirkonulkomaanapu","https:\/\/instagram.com\/kirkon_ulkomaanapu\/","https:\/\/www.linkedin.com\/company\/finn-church-aid\/"]}]}},"_links":{"self":[{"href":"https:\/\/www.kirkonulkomaanapu.fi\/sv\/wp-json\/wp\/v2\/pages\/94971","targetHints":{"allow":["GET"]}}],"collection":[{"href":"https:\/\/www.kirkonulkomaanapu.fi\/sv\/wp-json\/wp\/v2\/pages"}],"about":[{"href":"https:\/\/www.kirkonulkomaanapu.fi\/sv\/wp-json\/wp\/v2\/types\/page"}],"author":[{"embeddable":true,"href":"https:\/\/www.kirkonulkomaanapu.fi\/sv\/wp-json\/wp\/v2\/users\/101"}],"replies":[{"embeddable":true,"href":"https:\/\/www.kirkonulkomaanapu.fi\/sv\/wp-json\/wp\/v2\/comments?post=94971"}],"version-history":[{"count":2,"href":"https:\/\/www.kirkonulkomaanapu.fi\/sv\/wp-json\/wp\/v2\/pages\/94971\/revisions"}],"predecessor-version":[{"id":94973,"href":"https:\/\/www.kirkonulkomaanapu.fi\/sv\/wp-json\/wp\/v2\/pages\/94971\/revisions\/94973"}],"up":[{"embeddable":true,"href":"https:\/\/www.kirkonulkomaanapu.fi\/sv\/wp-json\/wp\/v2\/pages\/94436"}],"wp:featuredmedia":[{"embeddable":true,"href":"https:\/\/www.kirkonulkomaanapu.fi\/sv\/wp-json\/wp\/v2\/media\/94304"}],"wp:attachment":[{"href":"https:\/\/www.kirkonulkomaanapu.fi\/sv\/wp-json\/wp\/v2\/media?parent=94971"}],"curies":[{"name":"wp","href":"https:\/\/api.w.org\/{rel}","templated":true}]}}