{"id":94967,"date":"2019-06-19T16:31:52","date_gmt":"2019-06-19T13:31:52","guid":{"rendered":"https:\/\/www.kirkonulkomaanapu.fi\/om-oss\/arsberattelse-2018\/opettajat-ilman-rajoja-oir\/"},"modified":"2019-07-03T13:22:14","modified_gmt":"2019-07-03T10:22:14","slug":"opettajat-ilman-rajoja-oir","status":"publish","type":"page","link":"https:\/\/www.kirkonulkomaanapu.fi\/sv\/om-oss\/historia\/arsberattelse-2018\/opettajat-ilman-rajoja-oir\/","title":{"rendered":"L\u00e4rare utan gr\u00e4nser"},"content":{"rendered":"<p class=\"lead\">Frivilliga l\u00e4rare i Afrika, Mellan\u00f6stern, Myanmar och Grekland<\/p>\n<p>N\u00e4tverket L\u00e4rare utan gr\u00e4nser skickade 26 kort- och l\u00e5ngvariga volont\u00e4rer till KUH:s projektl\u00e4nder under 2018. Volont\u00e4rerna arbetade i Kenya, Uganda, Centralafrikanska republiken, Eritrea, Israel och ockuperade palestinska omr\u00e5den, Myanmar och Grekland.<\/p>\n<p>Volont\u00e4rerna arbetade som utbildningsspecialister i utvecklingsprojekt och st\u00f6dde planering och utrymmesbyggen samt utveckling av l\u00e4roplanen.<\/p>\n<p>Volont\u00e4rerna bidrog p\u00e5 olika niv\u00e5er, allt fr\u00e5n m\u00f6ten med ministerier, l\u00e4rarutbildningsinstitutioner och individuella skolor.<\/p>\n<p>V\u00e4rldsl\u00e4rarprogrammet organiserades tillsammans med en nederl\u00e4ndsk partner i Uganda i skolor som \u00e4r involverade i KUH:s l\u00e4rarutbildningsprojekt. KUH:s projektskolor i Uganda samarbetade med finl\u00e4ndska grundskolel\u00e4rare via ett mobilt mentoreringsprogram.<\/p>\n","protected":false},"excerpt":{"rendered":"<p>Frivilliga l\u00e4rare i Afrika, Mellan\u00f6stern, Myanmar och Grekland N\u00e4tverket L\u00e4rare utan gr\u00e4nser skickade 26 kort- och l\u00e5ngvariga volont\u00e4rer till KUH:s projektl\u00e4nder under 2018. Volont\u00e4rerna arbetade i Kenya, Uganda, Centralafrikanska republiken, Eritrea, Israel och ockuperade palestinska omr\u00e5den, Myanmar och Grekland. Volont\u00e4rerna arbetade som utbildningsspecialister i utvecklingsprojekt och st\u00f6dde planering och utrymmesbyggen samt utveckling av l\u00e4roplanen. Volont\u00e4rerna [&hellip;]<\/p>\n","protected":false},"author":101,"featured_media":92219,"parent":94436,"menu_order":0,"comment_status":"closed","ping_status":"closed","template":"page-templates\/vuosikertomus.php","meta":{"_acf_changed":false,"_relevanssi_hide_post":"","_relevanssi_hide_content":"","_relevanssi_pin_for_all":"","_relevanssi_pin_keywords":"","_relevanssi_unpin_keywords":"","_relevanssi_related_keywords":"","_relevanssi_related_include_ids":"","_relevanssi_related_exclude_ids":"","_relevanssi_related_no_append":"","_relevanssi_related_not_related":"","_relevanssi_related_posts":"","_relevanssi_noindex_reason":"","_improvement_type_select":"improve_an_existing","_thumb_yes_seoaic":false,"_frame_yes_seoaic":false,"seoaic_generate_description":"","seoaic_improve_instructions_prompt":"","seoaic_rollback_content_improvement":"","seoaic_idea_thumbnail_generator":"","thumbnail_generated":false,"thumbnail_generate_prompt":"","seoaic_article_description":"","footnotes":""},"class_list":["post-94967","page","type-page","status-publish","has-post-thumbnail","hentry"],"acf":[],"yoast_head":"<!-- This site is optimized with the Yoast SEO plugin v26.9 - https:\/\/yoast.com\/product\/yoast-seo-wordpress\/ -->\n<title>L\u00e4rare utan gr\u00e4nser - Kyrkans Utlandshj\u00e4lp<\/title>\n<meta name=\"description\" content=\"N\u00e4tverket L\u00e4rare utan gr\u00e4nser skickade 26 kort- och l\u00e5ngvariga volont\u00e4rer till KUH:s projektl\u00e4nder under 2018.\" \/>\n<meta name=\"robots\" content=\"index, follow, max-snippet:-1, max-image-preview:large, max-video-preview:-1\" \/>\n<link rel=\"canonical\" href=\"https:\/\/www.kirkonulkomaanapu.fi\/sv\/om-oss\/historia\/arsberattelse-2018\/opettajat-ilman-rajoja-oir\/\" \/>\n<meta property=\"og:locale\" content=\"sv_SE\" \/>\n<meta property=\"og:type\" content=\"article\" \/>\n<meta property=\"og:title\" content=\"L\u00e4rare utan gr\u00e4nser - Kyrkans Utlandshj\u00e4lp\" \/>\n<meta property=\"og:description\" content=\"N\u00e4tverket L\u00e4rare utan gr\u00e4nser skickade 26 kort- och l\u00e5ngvariga volont\u00e4rer till KUH:s projektl\u00e4nder under 2018.\" \/>\n<meta property=\"og:url\" content=\"https:\/\/www.kirkonulkomaanapu.fi\/sv\/om-oss\/historia\/arsberattelse-2018\/opettajat-ilman-rajoja-oir\/\" \/>\n<meta property=\"og:site_name\" content=\"Kyrkans Utlandshj\u00e4lp\" \/>\n<meta property=\"article:publisher\" content=\"https:\/\/www.facebook.com\/Ulkomaanapu\/\" \/>\n<meta property=\"article:modified_time\" content=\"2019-07-03T10:22:14+00:00\" \/>\n<meta property=\"og:image\" content=\"https:\/\/www.kirkonulkomaanapu.fi\/wp-content\/uploads\/2019\/02\/Osallistu_opettajat_ilman_rajoja.jpg\" \/>\n\t<meta property=\"og:image:width\" content=\"1920\" \/>\n\t<meta property=\"og:image:height\" content=\"801\" \/>\n\t<meta property=\"og:image:type\" content=\"image\/jpeg\" \/>\n<meta name=\"twitter:label1\" content=\"Ber\u00e4knad l\u00e4stid\" \/>\n\t<meta name=\"twitter:data1\" content=\"1 minut\" \/>\n<script type=\"application\/ld+json\" class=\"yoast-schema-graph\">{\"@context\":\"https:\/\/schema.org\",\"@graph\":[{\"@type\":\"WebPage\",\"@id\":\"https:\/\/www.kirkonulkomaanapu.fi\/sv\/om-oss\/historia\/arsberattelse-2018\/opettajat-ilman-rajoja-oir\/\",\"url\":\"https:\/\/www.kirkonulkomaanapu.fi\/sv\/om-oss\/historia\/arsberattelse-2018\/opettajat-ilman-rajoja-oir\/\",\"name\":\"L\u00e4rare utan gr\u00e4nser - Kyrkans Utlandshj\u00e4lp\",\"isPartOf\":{\"@id\":\"https:\/\/www.kirkonulkomaanapu.fi\/#website\"},\"primaryImageOfPage\":{\"@id\":\"https:\/\/www.kirkonulkomaanapu.fi\/sv\/om-oss\/historia\/arsberattelse-2018\/opettajat-ilman-rajoja-oir\/#primaryimage\"},\"image\":{\"@id\":\"https:\/\/www.kirkonulkomaanapu.fi\/sv\/om-oss\/historia\/arsberattelse-2018\/opettajat-ilman-rajoja-oir\/#primaryimage\"},\"thumbnailUrl\":\"https:\/\/www.kirkonulkomaanapu.fi\/wp-content\/uploads\/2019\/02\/Osallistu_opettajat_ilman_rajoja.jpg\",\"datePublished\":\"2019-06-19T13:31:52+00:00\",\"dateModified\":\"2019-07-03T10:22:14+00:00\",\"description\":\"N\u00e4tverket L\u00e4rare utan gr\u00e4nser skickade 26 kort- och l\u00e5ngvariga volont\u00e4rer till KUH:s projektl\u00e4nder under 2018.\",\"breadcrumb\":{\"@id\":\"https:\/\/www.kirkonulkomaanapu.fi\/sv\/om-oss\/historia\/arsberattelse-2018\/opettajat-ilman-rajoja-oir\/#breadcrumb\"},\"inLanguage\":\"sv-SE\",\"potentialAction\":[{\"@type\":\"ReadAction\",\"target\":[\"https:\/\/www.kirkonulkomaanapu.fi\/sv\/om-oss\/historia\/arsberattelse-2018\/opettajat-ilman-rajoja-oir\/\"]}]},{\"@type\":\"ImageObject\",\"inLanguage\":\"sv-SE\",\"@id\":\"https:\/\/www.kirkonulkomaanapu.fi\/sv\/om-oss\/historia\/arsberattelse-2018\/opettajat-ilman-rajoja-oir\/#primaryimage\",\"url\":\"https:\/\/www.kirkonulkomaanapu.fi\/wp-content\/uploads\/2019\/02\/Osallistu_opettajat_ilman_rajoja.jpg\",\"contentUrl\":\"https:\/\/www.kirkonulkomaanapu.fi\/wp-content\/uploads\/2019\/02\/Osallistu_opettajat_ilman_rajoja.jpg\",\"width\":1920,\"height\":801,\"caption\":\"Opettajat ilman rajoja -vapaaehtoinen ty\u00f6ss\u00e4\u00e4n.\"},{\"@type\":\"BreadcrumbList\",\"@id\":\"https:\/\/www.kirkonulkomaanapu.fi\/sv\/om-oss\/historia\/arsberattelse-2018\/opettajat-ilman-rajoja-oir\/#breadcrumb\",\"itemListElement\":[{\"@type\":\"ListItem\",\"position\":1,\"name\":\"Home\",\"item\":\"https:\/\/www.kirkonulkomaanapu.fi\/sv\/\"},{\"@type\":\"ListItem\",\"position\":2,\"name\":\"Om oss\",\"item\":\"https:\/\/www.kirkonulkomaanapu.fi\/sv\/om-oss\/\"},{\"@type\":\"ListItem\",\"position\":3,\"name\":\"Historia\",\"item\":\"https:\/\/www.kirkonulkomaanapu.fi\/sv\/om-oss\/historia\/\"},{\"@type\":\"ListItem\",\"position\":4,\"name\":\"\u00c5rsber\u00e4ttelse 2018\",\"item\":\"https:\/\/www.kirkonulkomaanapu.fi\/sv\/om-oss\/historia\/arsberattelse-2018\/\"},{\"@type\":\"ListItem\",\"position\":5,\"name\":\"L\u00e4rare utan gr\u00e4nser\"}]},{\"@type\":\"WebSite\",\"@id\":\"https:\/\/www.kirkonulkomaanapu.fi\/#website\",\"url\":\"https:\/\/www.kirkonulkomaanapu.fi\/\",\"name\":\"Kirkon Ulkomaanapu\",\"description\":\"Suomen suurin kehitysyhteisty\u00f6j\u00e4rjest\u00f6\",\"publisher\":{\"@id\":\"https:\/\/www.kirkonulkomaanapu.fi\/#organization\"},\"alternateName\":\"KUA\",\"potentialAction\":[{\"@type\":\"SearchAction\",\"target\":{\"@type\":\"EntryPoint\",\"urlTemplate\":\"https:\/\/www.kirkonulkomaanapu.fi\/?s={search_term_string}\"},\"query-input\":{\"@type\":\"PropertyValueSpecification\",\"valueRequired\":true,\"valueName\":\"search_term_string\"}}],\"inLanguage\":\"sv-SE\"},{\"@type\":\"Organization\",\"@id\":\"https:\/\/www.kirkonulkomaanapu.fi\/#organization\",\"name\":\"Kirkon Ulkomaanapu\",\"alternateName\":\"KUA\",\"url\":\"https:\/\/www.kirkonulkomaanapu.fi\/\",\"logo\":{\"@type\":\"ImageObject\",\"inLanguage\":\"sv-SE\",\"@id\":\"https:\/\/www.kirkonulkomaanapu.fi\/#\/schema\/logo\/image\/\",\"url\":\"https:\/\/www.kirkonulkomaanapu.fi\/wp-content\/uploads\/2026\/02\/Kirkon-ulkomaanapu-logo-1.png\",\"contentUrl\":\"https:\/\/www.kirkonulkomaanapu.fi\/wp-content\/uploads\/2026\/02\/Kirkon-ulkomaanapu-logo-1.png\",\"width\":225,\"height\":225,\"caption\":\"Kirkon Ulkomaanapu\"},\"image\":{\"@id\":\"https:\/\/www.kirkonulkomaanapu.fi\/#\/schema\/logo\/image\/\"},\"sameAs\":[\"https:\/\/www.facebook.com\/Ulkomaanapu\/\",\"https:\/\/www.youtube.com\/user\/kirkonulkomaanapu\",\"https:\/\/instagram.com\/kirkon_ulkomaanapu\/\",\"https:\/\/www.linkedin.com\/company\/finn-church-aid\/\"]}]}<\/script>\n<!-- \/ Yoast SEO plugin. -->","yoast_head_json":{"title":"L\u00e4rare utan gr\u00e4nser - Kyrkans Utlandshj\u00e4lp","description":"N\u00e4tverket L\u00e4rare utan gr\u00e4nser skickade 26 kort- och l\u00e5ngvariga volont\u00e4rer till KUH:s projektl\u00e4nder under 2018.","robots":{"index":"index","follow":"follow","max-snippet":"max-snippet:-1","max-image-preview":"max-image-preview:large","max-video-preview":"max-video-preview:-1"},"canonical":"https:\/\/www.kirkonulkomaanapu.fi\/sv\/om-oss\/historia\/arsberattelse-2018\/opettajat-ilman-rajoja-oir\/","og_locale":"sv_SE","og_type":"article","og_title":"L\u00e4rare utan gr\u00e4nser - Kyrkans Utlandshj\u00e4lp","og_description":"N\u00e4tverket L\u00e4rare utan gr\u00e4nser skickade 26 kort- och l\u00e5ngvariga volont\u00e4rer till KUH:s projektl\u00e4nder under 2018.","og_url":"https:\/\/www.kirkonulkomaanapu.fi\/sv\/om-oss\/historia\/arsberattelse-2018\/opettajat-ilman-rajoja-oir\/","og_site_name":"Kyrkans Utlandshj\u00e4lp","article_publisher":"https:\/\/www.facebook.com\/Ulkomaanapu\/","article_modified_time":"2019-07-03T10:22:14+00:00","og_image":[{"width":1920,"height":801,"url":"https:\/\/www.kirkonulkomaanapu.fi\/wp-content\/uploads\/2019\/02\/Osallistu_opettajat_ilman_rajoja.jpg","type":"image\/jpeg"}],"twitter_misc":{"Ber\u00e4knad l\u00e4stid":"1 minut"},"schema":{"@context":"https:\/\/schema.org","@graph":[{"@type":"WebPage","@id":"https:\/\/www.kirkonulkomaanapu.fi\/sv\/om-oss\/historia\/arsberattelse-2018\/opettajat-ilman-rajoja-oir\/","url":"https:\/\/www.kirkonulkomaanapu.fi\/sv\/om-oss\/historia\/arsberattelse-2018\/opettajat-ilman-rajoja-oir\/","name":"L\u00e4rare utan gr\u00e4nser - Kyrkans Utlandshj\u00e4lp","isPartOf":{"@id":"https:\/\/www.kirkonulkomaanapu.fi\/#website"},"primaryImageOfPage":{"@id":"https:\/\/www.kirkonulkomaanapu.fi\/sv\/om-oss\/historia\/arsberattelse-2018\/opettajat-ilman-rajoja-oir\/#primaryimage"},"image":{"@id":"https:\/\/www.kirkonulkomaanapu.fi\/sv\/om-oss\/historia\/arsberattelse-2018\/opettajat-ilman-rajoja-oir\/#primaryimage"},"thumbnailUrl":"https:\/\/www.kirkonulkomaanapu.fi\/wp-content\/uploads\/2019\/02\/Osallistu_opettajat_ilman_rajoja.jpg","datePublished":"2019-06-19T13:31:52+00:00","dateModified":"2019-07-03T10:22:14+00:00","description":"N\u00e4tverket L\u00e4rare utan gr\u00e4nser skickade 26 kort- och l\u00e5ngvariga volont\u00e4rer till KUH:s projektl\u00e4nder under 2018.","breadcrumb":{"@id":"https:\/\/www.kirkonulkomaanapu.fi\/sv\/om-oss\/historia\/arsberattelse-2018\/opettajat-ilman-rajoja-oir\/#breadcrumb"},"inLanguage":"sv-SE","potentialAction":[{"@type":"ReadAction","target":["https:\/\/www.kirkonulkomaanapu.fi\/sv\/om-oss\/historia\/arsberattelse-2018\/opettajat-ilman-rajoja-oir\/"]}]},{"@type":"ImageObject","inLanguage":"sv-SE","@id":"https:\/\/www.kirkonulkomaanapu.fi\/sv\/om-oss\/historia\/arsberattelse-2018\/opettajat-ilman-rajoja-oir\/#primaryimage","url":"https:\/\/www.kirkonulkomaanapu.fi\/wp-content\/uploads\/2019\/02\/Osallistu_opettajat_ilman_rajoja.jpg","contentUrl":"https:\/\/www.kirkonulkomaanapu.fi\/wp-content\/uploads\/2019\/02\/Osallistu_opettajat_ilman_rajoja.jpg","width":1920,"height":801,"caption":"Opettajat ilman rajoja -vapaaehtoinen ty\u00f6ss\u00e4\u00e4n."},{"@type":"BreadcrumbList","@id":"https:\/\/www.kirkonulkomaanapu.fi\/sv\/om-oss\/historia\/arsberattelse-2018\/opettajat-ilman-rajoja-oir\/#breadcrumb","itemListElement":[{"@type":"ListItem","position":1,"name":"Home","item":"https:\/\/www.kirkonulkomaanapu.fi\/sv\/"},{"@type":"ListItem","position":2,"name":"Om oss","item":"https:\/\/www.kirkonulkomaanapu.fi\/sv\/om-oss\/"},{"@type":"ListItem","position":3,"name":"Historia","item":"https:\/\/www.kirkonulkomaanapu.fi\/sv\/om-oss\/historia\/"},{"@type":"ListItem","position":4,"name":"\u00c5rsber\u00e4ttelse 2018","item":"https:\/\/www.kirkonulkomaanapu.fi\/sv\/om-oss\/historia\/arsberattelse-2018\/"},{"@type":"ListItem","position":5,"name":"L\u00e4rare utan gr\u00e4nser"}]},{"@type":"WebSite","@id":"https:\/\/www.kirkonulkomaanapu.fi\/#website","url":"https:\/\/www.kirkonulkomaanapu.fi\/","name":"Kirkon Ulkomaanapu","description":"Suomen suurin kehitysyhteisty\u00f6j\u00e4rjest\u00f6","publisher":{"@id":"https:\/\/www.kirkonulkomaanapu.fi\/#organization"},"alternateName":"KUA","potentialAction":[{"@type":"SearchAction","target":{"@type":"EntryPoint","urlTemplate":"https:\/\/www.kirkonulkomaanapu.fi\/?s={search_term_string}"},"query-input":{"@type":"PropertyValueSpecification","valueRequired":true,"valueName":"search_term_string"}}],"inLanguage":"sv-SE"},{"@type":"Organization","@id":"https:\/\/www.kirkonulkomaanapu.fi\/#organization","name":"Kirkon Ulkomaanapu","alternateName":"KUA","url":"https:\/\/www.kirkonulkomaanapu.fi\/","logo":{"@type":"ImageObject","inLanguage":"sv-SE","@id":"https:\/\/www.kirkonulkomaanapu.fi\/#\/schema\/logo\/image\/","url":"https:\/\/www.kirkonulkomaanapu.fi\/wp-content\/uploads\/2026\/02\/Kirkon-ulkomaanapu-logo-1.png","contentUrl":"https:\/\/www.kirkonulkomaanapu.fi\/wp-content\/uploads\/2026\/02\/Kirkon-ulkomaanapu-logo-1.png","width":225,"height":225,"caption":"Kirkon Ulkomaanapu"},"image":{"@id":"https:\/\/www.kirkonulkomaanapu.fi\/#\/schema\/logo\/image\/"},"sameAs":["https:\/\/www.facebook.com\/Ulkomaanapu\/","https:\/\/www.youtube.com\/user\/kirkonulkomaanapu","https:\/\/instagram.com\/kirkon_ulkomaanapu\/","https:\/\/www.linkedin.com\/company\/finn-church-aid\/"]}]}},"_links":{"self":[{"href":"https:\/\/www.kirkonulkomaanapu.fi\/sv\/wp-json\/wp\/v2\/pages\/94967","targetHints":{"allow":["GET"]}}],"collection":[{"href":"https:\/\/www.kirkonulkomaanapu.fi\/sv\/wp-json\/wp\/v2\/pages"}],"about":[{"href":"https:\/\/www.kirkonulkomaanapu.fi\/sv\/wp-json\/wp\/v2\/types\/page"}],"author":[{"embeddable":true,"href":"https:\/\/www.kirkonulkomaanapu.fi\/sv\/wp-json\/wp\/v2\/users\/101"}],"replies":[{"embeddable":true,"href":"https:\/\/www.kirkonulkomaanapu.fi\/sv\/wp-json\/wp\/v2\/comments?post=94967"}],"version-history":[{"count":3,"href":"https:\/\/www.kirkonulkomaanapu.fi\/sv\/wp-json\/wp\/v2\/pages\/94967\/revisions"}],"predecessor-version":[{"id":94970,"href":"https:\/\/www.kirkonulkomaanapu.fi\/sv\/wp-json\/wp\/v2\/pages\/94967\/revisions\/94970"}],"up":[{"embeddable":true,"href":"https:\/\/www.kirkonulkomaanapu.fi\/sv\/wp-json\/wp\/v2\/pages\/94436"}],"wp:featuredmedia":[{"embeddable":true,"href":"https:\/\/www.kirkonulkomaanapu.fi\/sv\/wp-json\/wp\/v2\/media\/92219"}],"wp:attachment":[{"href":"https:\/\/www.kirkonulkomaanapu.fi\/sv\/wp-json\/wp\/v2\/media?parent=94967"}],"curies":[{"name":"wp","href":"https:\/\/api.w.org\/{rel}","templated":true}]}}