{"id":94951,"date":"2019-07-03T10:51:27","date_gmt":"2019-07-03T07:51:27","guid":{"rendered":"https:\/\/www.kirkonulkomaanapu.fi\/?page_id=94951"},"modified":"2019-07-03T10:51:27","modified_gmt":"2019-07-03T07:51:27","slug":"fca-investments","status":"publish","type":"page","link":"https:\/\/www.kirkonulkomaanapu.fi\/sv\/fca-investments\/","title":{"rendered":"FCA Investments"},"content":{"rendered":"<p class=\"lead\">De f\u00f6rsta investeringarna g\u00f6rs \u00e5r 2019 i Uganda och Somalia.<\/p>\n<p>KUH har inlett investeringsverksamhet i v\u00e4rldens br\u00e4ckligaste l\u00e4nder. Tanken \u00e4r att skapa n\u00e5got nytt. Enligt V\u00e4rldsbankens uppskattning borde v\u00e4rlden under de kommande 15 \u00e5ren skapa \u00f6ver 600 miljoner jobb s\u00e5 att den v\u00e4xande befolkningen skulle ha m\u00f6jligheter till en ordentlig utkomst.<\/p>\n<p>Att skapa nya jobb i utvecklingsl\u00e4nder \u00e4r i nyckelroll i kampen mot fattigdom och oj\u00e4mlikhet. Arbete och utkomst \u00e4r ocks\u00e5 nyckeln till best\u00e5ende fred.<\/p>\n<p>Framtidens utmaningar \u00e4r s\u00e5 stora att traditionellt utvecklingssamarbete inte r\u00e4cker. I forts\u00e4ttningen beh\u00f6vs nya s\u00e4tt och verktyg f\u00f6r att st\u00f6da och p\u00e5skynda utveckling. Ett nytt verktyg \u00e4r KUH:s investeringsbolag FCA Investments som investerar i sm\u00e5 och medelstora bolag.<\/p>\n<p>Till och med 70 procent av de nya jobben f\u00f6ds i sm\u00e5 eller medelstora bolag. I de br\u00e4ckligaste l\u00e4nderna \u00e4r andelen \u00e4nnu h\u00f6gre. Fast\u00e4n de sm\u00e5 och medelstora bolagen har den b\u00e4sta potentialen att skapa nya jobb \u00e4r det sv\u00e5rast f\u00f6r dem att f\u00e5 finansiering f\u00f6r att starta eller utveckla sin aff\u00e4rsverksamhet.<\/p>\n<p>Ut\u00f6ver finansiering erbjuder FCA Investments ocks\u00e5 st\u00f6d f\u00f6r att utveckla aff\u00e4rsverksverksamheten, s\u00e5som ekonomif\u00f6rvaltning och administration. F\u00f6retagen kan f\u00e5 hj\u00e4lp b\u00e5de av KUH:s egna experter samt av proffs inom n\u00e4ringslivet som p\u00e5 frivillig basis donerar sitt yrkeskunnande.<\/p>\n<p>De f\u00f6rsta direkta investeringarna g\u00f6rs i Uganda och m\u00f6jligtvis i Somalia. N\u00e4r resurserna v\u00e4xt kan investeringsverksamheten komma i g\u00e5ng i till exempel Kenya, Jordanien, Nepal, Myanmar och Kambodja.<\/p>\n<p>Investeringarna g\u00f6rs i f\u00f6retag med ett samh\u00e4lls- och milj\u00f6ansvar, som skapar jobb, lyfter utkomstniv\u00e5n i l\u00e5gl\u00f6nebranschen och minskar p\u00e5 fattigdom. KUH har i tidigare projekt st\u00f6tt framf\u00f6r allt kvinnliga f\u00f6retagare. B\u00e4ttre syssels\u00e4ttning f\u00f6r kvinnor och unga \u00e4r ocks\u00e5 en central m\u00e5ls\u00e4ttning f\u00f6r FCA Investments.<\/p>\n<p>M\u00f6jliga sektorer \u00e4r bland annat h\u00e5llbart jordbruk och h\u00e5llbar matproduktion, h\u00e4lsov\u00e5rd, vatten- och avloppssystem, avfalls-hantering, utbildning, sm\u00e5industri, logistik, f\u00f6rnybar energi samt finansieringstj\u00e4nster till sm\u00e5f\u00f6retagare.<\/p>\n<p>FCAI investerar i f\u00f6retag som har funnits i minst tv\u00e5 \u00e5r. F\u00f6retagen m\u00e5ste f\u00f6rbinda sig till principer f\u00f6r god administration och transparens och de m\u00e5ste ha ett trov\u00e4rdigt operativt kunnande. Investeringarnas storlek v\u00e4xlar mellan hundratusen och en miljon euro.<\/p>\n<p>En av KUH:s styrkor \u00e4r den starka n\u00e4rvaron i m\u00e5ll\u00e4nderna, det lokala kunnandet samt kunskap om konflikter. FCAI har skapat n\u00e4tverk med ledande finansi\u00e4rer som verkar i utvecklingsl\u00e4nderna. Samarbetet med fonder och andra akt\u00f6rer f\u00f6rsnabbar de egna direkta investeringarna. Tyngdpunkten f\u00f6r direkta investeringar finns i Uganda och m\u00f6jligtvis Somalia.<\/p>\n<p>2018 beviljade Utrikesministeriet FCAI ett l\u00e5n p\u00e5 16 miljoner euro som FCAI ska anv\u00e4nda i sin helhet f\u00f6r investeringsverksamhet. Processer och verktyg som anknyter till investeringarna har byggts upp under 2018. En investeringschef har utn\u00e4mnts i Uganda, vilket m\u00f6jligg\u00f6r beredningen av direkta investeringar. Bolagets m\u00e5ls\u00e4ttning \u00e4r att g\u00f6ra de f\u00f6rsta pilotinvesteringarna i Uganda och m\u00f6jligtvis Somalia under 2019.<\/p>\n","protected":false},"excerpt":{"rendered":"<p>De f\u00f6rsta investeringarna g\u00f6rs \u00e5r 2019 i Uganda och Somalia. KUH har inlett investeringsverksamhet i v\u00e4rldens br\u00e4ckligaste l\u00e4nder. Tanken \u00e4r att skapa n\u00e5got nytt. Enligt V\u00e4rldsbankens uppskattning borde v\u00e4rlden under de kommande 15 \u00e5ren skapa \u00f6ver 600 miljoner jobb s\u00e5 att den v\u00e4xande befolkningen skulle ha m\u00f6jligheter till en ordentlig utkomst. Att skapa nya jobb [&hellip;]<\/p>\n","protected":false},"author":137,"featured_media":94948,"parent":0,"menu_order":0,"comment_status":"closed","ping_status":"closed","template":"page-templates\/vuosikertomus.php","meta":{"_acf_changed":false,"_relevanssi_hide_post":"","_relevanssi_hide_content":"","_relevanssi_pin_for_all":"","_relevanssi_pin_keywords":"","_relevanssi_unpin_keywords":"","_relevanssi_related_keywords":"","_relevanssi_related_include_ids":"","_relevanssi_related_exclude_ids":"","_relevanssi_related_no_append":"","_relevanssi_related_not_related":"","_relevanssi_related_posts":"","_relevanssi_noindex_reason":"","_improvement_type_select":"improve_an_existing","_thumb_yes_seoaic":false,"_frame_yes_seoaic":false,"seoaic_generate_description":"","seoaic_improve_instructions_prompt":"","seoaic_rollback_content_improvement":"","seoaic_idea_thumbnail_generator":"","thumbnail_generated":false,"thumbnail_generate_prompt":"","seoaic_article_description":"","footnotes":""},"class_list":["post-94951","page","type-page","status-publish","has-post-thumbnail","hentry"],"acf":[],"yoast_head":"<!-- This site is optimized with the Yoast SEO plugin v26.9 - https:\/\/yoast.com\/product\/yoast-seo-wordpress\/ -->\n<title>FCA Investments - Kyrkans Utlandshj\u00e4lp<\/title>\n<meta name=\"description\" content=\"De f\u00f6rsta investeringarna g\u00f6rs \u00e5r 2019 i Uganda och Somalia.\" \/>\n<meta name=\"robots\" content=\"index, follow, max-snippet:-1, max-image-preview:large, max-video-preview:-1\" \/>\n<link rel=\"canonical\" href=\"https:\/\/www.kirkonulkomaanapu.fi\/sv\/fca-investments\/\" \/>\n<meta property=\"og:locale\" content=\"sv_SE\" \/>\n<meta property=\"og:type\" content=\"article\" \/>\n<meta property=\"og:title\" content=\"FCA Investments - Kyrkans Utlandshj\u00e4lp\" \/>\n<meta property=\"og:description\" content=\"De f\u00f6rsta investeringarna g\u00f6rs \u00e5r 2019 i Uganda och Somalia.\" \/>\n<meta property=\"og:url\" content=\"https:\/\/www.kirkonulkomaanapu.fi\/sv\/fca-investments\/\" \/>\n<meta property=\"og:site_name\" content=\"Kyrkans Utlandshj\u00e4lp\" \/>\n<meta property=\"article:publisher\" content=\"https:\/\/www.facebook.com\/Ulkomaanapu\/\" \/>\n<meta property=\"og:image\" content=\"https:\/\/www.kirkonulkomaanapu.fi\/wp-content\/uploads\/2019\/07\/FCAI_190219_sve.png\" \/>\n\t<meta property=\"og:image:width\" content=\"1024\" \/>\n\t<meta property=\"og:image:height\" content=\"556\" \/>\n\t<meta property=\"og:image:type\" content=\"image\/png\" \/>\n<meta name=\"twitter:label1\" content=\"Ber\u00e4knad l\u00e4stid\" \/>\n\t<meta name=\"twitter:data1\" content=\"3 minuter\" \/>\n<script type=\"application\/ld+json\" class=\"yoast-schema-graph\">{\"@context\":\"https:\/\/schema.org\",\"@graph\":[{\"@type\":\"WebPage\",\"@id\":\"https:\/\/www.kirkonulkomaanapu.fi\/sv\/fca-investments\/\",\"url\":\"https:\/\/www.kirkonulkomaanapu.fi\/sv\/fca-investments\/\",\"name\":\"FCA Investments - Kyrkans Utlandshj\u00e4lp\",\"isPartOf\":{\"@id\":\"https:\/\/www.kirkonulkomaanapu.fi\/#website\"},\"primaryImageOfPage\":{\"@id\":\"https:\/\/www.kirkonulkomaanapu.fi\/sv\/fca-investments\/#primaryimage\"},\"image\":{\"@id\":\"https:\/\/www.kirkonulkomaanapu.fi\/sv\/fca-investments\/#primaryimage\"},\"thumbnailUrl\":\"https:\/\/www.kirkonulkomaanapu.fi\/wp-content\/uploads\/2019\/07\/FCAI_190219_sve.png\",\"datePublished\":\"2019-07-03T07:51:27+00:00\",\"description\":\"De f\u00f6rsta investeringarna g\u00f6rs \u00e5r 2019 i Uganda och Somalia.\",\"breadcrumb\":{\"@id\":\"https:\/\/www.kirkonulkomaanapu.fi\/sv\/fca-investments\/#breadcrumb\"},\"inLanguage\":\"sv-SE\",\"potentialAction\":[{\"@type\":\"ReadAction\",\"target\":[\"https:\/\/www.kirkonulkomaanapu.fi\/sv\/fca-investments\/\"]}]},{\"@type\":\"ImageObject\",\"inLanguage\":\"sv-SE\",\"@id\":\"https:\/\/www.kirkonulkomaanapu.fi\/sv\/fca-investments\/#primaryimage\",\"url\":\"https:\/\/www.kirkonulkomaanapu.fi\/wp-content\/uploads\/2019\/07\/FCAI_190219_sve.png\",\"contentUrl\":\"https:\/\/www.kirkonulkomaanapu.fi\/wp-content\/uploads\/2019\/07\/FCAI_190219_sve.png\",\"width\":1024,\"height\":556,\"caption\":\"FCA investments F\u00f6r\u00e4ndringsteori: 1. insats 2. verksamhet 3. avkastning 4. outcome 5. effekt.\"},{\"@type\":\"BreadcrumbList\",\"@id\":\"https:\/\/www.kirkonulkomaanapu.fi\/sv\/fca-investments\/#breadcrumb\",\"itemListElement\":[{\"@type\":\"ListItem\",\"position\":1,\"name\":\"Home\",\"item\":\"https:\/\/www.kirkonulkomaanapu.fi\/sv\/\"},{\"@type\":\"ListItem\",\"position\":2,\"name\":\"FCA Investments\"}]},{\"@type\":\"WebSite\",\"@id\":\"https:\/\/www.kirkonulkomaanapu.fi\/#website\",\"url\":\"https:\/\/www.kirkonulkomaanapu.fi\/\",\"name\":\"Kirkon Ulkomaanapu\",\"description\":\"Suomen suurin kehitysyhteisty\u00f6j\u00e4rjest\u00f6\",\"publisher\":{\"@id\":\"https:\/\/www.kirkonulkomaanapu.fi\/#organization\"},\"alternateName\":\"KUA\",\"potentialAction\":[{\"@type\":\"SearchAction\",\"target\":{\"@type\":\"EntryPoint\",\"urlTemplate\":\"https:\/\/www.kirkonulkomaanapu.fi\/?s={search_term_string}\"},\"query-input\":{\"@type\":\"PropertyValueSpecification\",\"valueRequired\":true,\"valueName\":\"search_term_string\"}}],\"inLanguage\":\"sv-SE\"},{\"@type\":\"Organization\",\"@id\":\"https:\/\/www.kirkonulkomaanapu.fi\/#organization\",\"name\":\"Kirkon Ulkomaanapu\",\"alternateName\":\"KUA\",\"url\":\"https:\/\/www.kirkonulkomaanapu.fi\/\",\"logo\":{\"@type\":\"ImageObject\",\"inLanguage\":\"sv-SE\",\"@id\":\"https:\/\/www.kirkonulkomaanapu.fi\/#\/schema\/logo\/image\/\",\"url\":\"https:\/\/www.kirkonulkomaanapu.fi\/wp-content\/uploads\/2026\/02\/Kirkon-ulkomaanapu-logo-1.png\",\"contentUrl\":\"https:\/\/www.kirkonulkomaanapu.fi\/wp-content\/uploads\/2026\/02\/Kirkon-ulkomaanapu-logo-1.png\",\"width\":225,\"height\":225,\"caption\":\"Kirkon Ulkomaanapu\"},\"image\":{\"@id\":\"https:\/\/www.kirkonulkomaanapu.fi\/#\/schema\/logo\/image\/\"},\"sameAs\":[\"https:\/\/www.facebook.com\/Ulkomaanapu\/\",\"https:\/\/www.youtube.com\/user\/kirkonulkomaanapu\",\"https:\/\/instagram.com\/kirkon_ulkomaanapu\/\",\"https:\/\/www.linkedin.com\/company\/finn-church-aid\/\"]}]}<\/script>\n<!-- \/ Yoast SEO plugin. -->","yoast_head_json":{"title":"FCA Investments - Kyrkans Utlandshj\u00e4lp","description":"De f\u00f6rsta investeringarna g\u00f6rs \u00e5r 2019 i Uganda och Somalia.","robots":{"index":"index","follow":"follow","max-snippet":"max-snippet:-1","max-image-preview":"max-image-preview:large","max-video-preview":"max-video-preview:-1"},"canonical":"https:\/\/www.kirkonulkomaanapu.fi\/sv\/fca-investments\/","og_locale":"sv_SE","og_type":"article","og_title":"FCA Investments - Kyrkans Utlandshj\u00e4lp","og_description":"De f\u00f6rsta investeringarna g\u00f6rs \u00e5r 2019 i Uganda och Somalia.","og_url":"https:\/\/www.kirkonulkomaanapu.fi\/sv\/fca-investments\/","og_site_name":"Kyrkans Utlandshj\u00e4lp","article_publisher":"https:\/\/www.facebook.com\/Ulkomaanapu\/","og_image":[{"width":1024,"height":556,"url":"https:\/\/www.kirkonulkomaanapu.fi\/wp-content\/uploads\/2019\/07\/FCAI_190219_sve.png","type":"image\/png"}],"twitter_misc":{"Ber\u00e4knad l\u00e4stid":"3 minuter"},"schema":{"@context":"https:\/\/schema.org","@graph":[{"@type":"WebPage","@id":"https:\/\/www.kirkonulkomaanapu.fi\/sv\/fca-investments\/","url":"https:\/\/www.kirkonulkomaanapu.fi\/sv\/fca-investments\/","name":"FCA Investments - Kyrkans Utlandshj\u00e4lp","isPartOf":{"@id":"https:\/\/www.kirkonulkomaanapu.fi\/#website"},"primaryImageOfPage":{"@id":"https:\/\/www.kirkonulkomaanapu.fi\/sv\/fca-investments\/#primaryimage"},"image":{"@id":"https:\/\/www.kirkonulkomaanapu.fi\/sv\/fca-investments\/#primaryimage"},"thumbnailUrl":"https:\/\/www.kirkonulkomaanapu.fi\/wp-content\/uploads\/2019\/07\/FCAI_190219_sve.png","datePublished":"2019-07-03T07:51:27+00:00","description":"De f\u00f6rsta investeringarna g\u00f6rs \u00e5r 2019 i Uganda och Somalia.","breadcrumb":{"@id":"https:\/\/www.kirkonulkomaanapu.fi\/sv\/fca-investments\/#breadcrumb"},"inLanguage":"sv-SE","potentialAction":[{"@type":"ReadAction","target":["https:\/\/www.kirkonulkomaanapu.fi\/sv\/fca-investments\/"]}]},{"@type":"ImageObject","inLanguage":"sv-SE","@id":"https:\/\/www.kirkonulkomaanapu.fi\/sv\/fca-investments\/#primaryimage","url":"https:\/\/www.kirkonulkomaanapu.fi\/wp-content\/uploads\/2019\/07\/FCAI_190219_sve.png","contentUrl":"https:\/\/www.kirkonulkomaanapu.fi\/wp-content\/uploads\/2019\/07\/FCAI_190219_sve.png","width":1024,"height":556,"caption":"FCA investments F\u00f6r\u00e4ndringsteori: 1. insats 2. verksamhet 3. avkastning 4. outcome 5. effekt."},{"@type":"BreadcrumbList","@id":"https:\/\/www.kirkonulkomaanapu.fi\/sv\/fca-investments\/#breadcrumb","itemListElement":[{"@type":"ListItem","position":1,"name":"Home","item":"https:\/\/www.kirkonulkomaanapu.fi\/sv\/"},{"@type":"ListItem","position":2,"name":"FCA Investments"}]},{"@type":"WebSite","@id":"https:\/\/www.kirkonulkomaanapu.fi\/#website","url":"https:\/\/www.kirkonulkomaanapu.fi\/","name":"Kirkon Ulkomaanapu","description":"Suomen suurin kehitysyhteisty\u00f6j\u00e4rjest\u00f6","publisher":{"@id":"https:\/\/www.kirkonulkomaanapu.fi\/#organization"},"alternateName":"KUA","potentialAction":[{"@type":"SearchAction","target":{"@type":"EntryPoint","urlTemplate":"https:\/\/www.kirkonulkomaanapu.fi\/?s={search_term_string}"},"query-input":{"@type":"PropertyValueSpecification","valueRequired":true,"valueName":"search_term_string"}}],"inLanguage":"sv-SE"},{"@type":"Organization","@id":"https:\/\/www.kirkonulkomaanapu.fi\/#organization","name":"Kirkon Ulkomaanapu","alternateName":"KUA","url":"https:\/\/www.kirkonulkomaanapu.fi\/","logo":{"@type":"ImageObject","inLanguage":"sv-SE","@id":"https:\/\/www.kirkonulkomaanapu.fi\/#\/schema\/logo\/image\/","url":"https:\/\/www.kirkonulkomaanapu.fi\/wp-content\/uploads\/2026\/02\/Kirkon-ulkomaanapu-logo-1.png","contentUrl":"https:\/\/www.kirkonulkomaanapu.fi\/wp-content\/uploads\/2026\/02\/Kirkon-ulkomaanapu-logo-1.png","width":225,"height":225,"caption":"Kirkon Ulkomaanapu"},"image":{"@id":"https:\/\/www.kirkonulkomaanapu.fi\/#\/schema\/logo\/image\/"},"sameAs":["https:\/\/www.facebook.com\/Ulkomaanapu\/","https:\/\/www.youtube.com\/user\/kirkonulkomaanapu","https:\/\/instagram.com\/kirkon_ulkomaanapu\/","https:\/\/www.linkedin.com\/company\/finn-church-aid\/"]}]}},"_links":{"self":[{"href":"https:\/\/www.kirkonulkomaanapu.fi\/sv\/wp-json\/wp\/v2\/pages\/94951","targetHints":{"allow":["GET"]}}],"collection":[{"href":"https:\/\/www.kirkonulkomaanapu.fi\/sv\/wp-json\/wp\/v2\/pages"}],"about":[{"href":"https:\/\/www.kirkonulkomaanapu.fi\/sv\/wp-json\/wp\/v2\/types\/page"}],"author":[{"embeddable":true,"href":"https:\/\/www.kirkonulkomaanapu.fi\/sv\/wp-json\/wp\/v2\/users\/137"}],"replies":[{"embeddable":true,"href":"https:\/\/www.kirkonulkomaanapu.fi\/sv\/wp-json\/wp\/v2\/comments?post=94951"}],"version-history":[{"count":1,"href":"https:\/\/www.kirkonulkomaanapu.fi\/sv\/wp-json\/wp\/v2\/pages\/94951\/revisions"}],"predecessor-version":[{"id":94952,"href":"https:\/\/www.kirkonulkomaanapu.fi\/sv\/wp-json\/wp\/v2\/pages\/94951\/revisions\/94952"}],"wp:featuredmedia":[{"embeddable":true,"href":"https:\/\/www.kirkonulkomaanapu.fi\/sv\/wp-json\/wp\/v2\/media\/94948"}],"wp:attachment":[{"href":"https:\/\/www.kirkonulkomaanapu.fi\/sv\/wp-json\/wp\/v2\/media?parent=94951"}],"curies":[{"name":"wp","href":"https:\/\/api.w.org\/{rel}","templated":true}]}}