{"id":94935,"date":"2019-06-19T16:29:08","date_gmt":"2019-06-19T13:29:08","guid":{"rendered":"https:\/\/www.kirkonulkomaanapu.fi\/om-oss\/arsberattelse-2018\/uusi-globaaliohjelma\/"},"modified":"2019-07-02T16:14:00","modified_gmt":"2019-07-02T13:14:00","slug":"nytt-globalprogram","status":"publish","type":"page","link":"https:\/\/www.kirkonulkomaanapu.fi\/sv\/om-oss\/historia\/arsberattelse-2018\/nytt-globalprogram\/","title":{"rendered":"Ett nytt globalprogram"},"content":{"rendered":"<p class=\"lead\">Kyrkans Utlandshj\u00e4lps arbete indelas i tre teman som \u00e4r centrala f\u00f6r att f\u00e5 till st\u00e5nd h\u00e5llbar f\u00f6r\u00e4ndring.<\/p>\n<p>Temana handlar om individers r\u00e4ttigheter \u2013 alla har r\u00e4tt att leva i fred, f\u00e5 h\u00f6gklassig utbildning och skaffa en h\u00e5llbar utkomst. Dessa teman anknyter till och \u00e4r beroende av varandra.<\/p>\n<p>Tillsammans skapar de en ram f\u00f6r Kyrkans Utlandshj\u00e4lps programarbete som ocks\u00e5 innefattar arbete som handlar om k\u00f6n ochlika deltagande. Beroende p\u00e5 utmaningar och verksamhetsmilj\u00f6 kan vi g\u00f6ra utvecklingsarbete, ge humanit\u00e4r hj\u00e4lp, g\u00f6ra p\u00e5verkansarbete eller investera. Dessa r\u00e4ttigheter hotas speciellt i br\u00e4ckliga omst\u00e4ndigheter och d\u00e4rf\u00f6r \u00e4r arbete och n\u00e4rvaro otroligt viktigt f\u00f6r KUH.<\/p>\n<p>KUH:s nya sex\u00e5riga programperiod b\u00f6rjade 2018. V\u00e5rt arbete bygger p\u00e5 r\u00e4ttsgrunder. En central del av det \u00e4r att ingripa i orsaker till fattigdom och or\u00e4ttvisor. I det nya programmet skapar vi nya m\u00f6jligheter f\u00f6r m\u00e4nniskor och f\u00f6rst\u00e4rker f\u00f6rm\u00e5gan att reagera p\u00e5 f\u00f6r\u00e4ndringar i samh\u00e4llen hos b\u00e5de individer och samfund.<\/p>\n<p>Kyrkans Utlandshj\u00e4lps arbetef\u00f6rb\u00e4ttrar m\u00f6jligheter f\u00f6r framf\u00f6rallt unga, kvinnor och m\u00e4nniskor som lider av olika kriser och konflikter genom att hj\u00e4lpa dem att f\u00e5 en h\u00e5llbar utkomst samt att uppn\u00e5 j\u00e4mst\u00e4lldhet och v\u00e4lm\u00e5ende. F\u00f6r detta beh\u00f6vs nya f\u00f6retag och syssels\u00e4ttning. F\u00f6retagsverksamheten bygger p\u00e5 information, kunskaper, f\u00e4rdigheter och n\u00e4tverk.<\/p>\n<p>H\u00f6gklassig utbildning \u00e4r en m\u00e4nsklig r\u00e4ttighet. Det \u00f6ppnar upp f\u00f6r utkomst och ger framtidstro. Med st\u00f6d till j\u00e4mlikhet inom utbildning kan man f\u00f6rs\u00e4kra sig om att alla f\u00e5r det st\u00f6d de beh\u00f6ver. KUH f\u00f6rst\u00e4rker ocks\u00e5 undervisningsmyndigheternas f\u00f6rm\u00e5ga att ta ansvar f\u00f6r utvecklingen avb\u00e4ttre inl\u00e4rningsm\u00f6jligheter. Utbildning fr\u00e4mjar fred och ger verktyg att undvika och l\u00f6sa konflikter. Skolg\u00e5ng skyddar ocks\u00e5 barn och unga i instabila omst\u00e4ndigheter.<\/p>\n<p>Kyrkans Utlandshj\u00e4lps fredsarbete st\u00f6der brett deltagande och fokus ligger p\u00e5 unga, kvinnor, flyktingar samt religi\u00f6sa och traditionella akt\u00f6rer. Ut\u00f6ver detta st\u00f6der KUH att framf\u00f6rallt kvinnor och unga ska f\u00e5 delta i beslutfattandet, p\u00e5verka beslut och g\u00f6ra fredsarbete. Ett brett deltagande s\u00e4kerst\u00e4ller att olika samh\u00e4llsgruppers r\u00f6ster blir h\u00f6rda n\u00e4r den gemensamma framtiden planeras.<\/p>\n<p>I centrum f\u00f6r det nya programmet finns ett st\u00f6d f\u00f6r aktivering och inflytande f\u00f6r de m\u00e4nniskor som \u00e4r i en svag position i samh\u00e4llet. Samtidigt sker ett samarbete med lokala myndigheter s\u00e5 att information om deras skyldigheter samt m\u00f6jligheter att fullf\u00f6lja dem v\u00e4xer. Genom att f\u00f6ra samman r\u00e4ttsinnehavare och ansvarspersoner fr\u00e4mjar vi lokalt \u00e4gande, deltagande och redovisningsskyldighet, samt skapar en grund f\u00f6r en h\u00e5llbar minskning av fattigdom.<\/p>\n","protected":false},"excerpt":{"rendered":"<p>Kyrkans Utlandshj\u00e4lps arbete indelas i tre teman som \u00e4r centrala f\u00f6r att f\u00e5 till st\u00e5nd h\u00e5llbar f\u00f6r\u00e4ndring. Temana handlar om individers r\u00e4ttigheter \u2013 alla har r\u00e4tt att leva i fred, f\u00e5 h\u00f6gklassig utbildning och skaffa en h\u00e5llbar utkomst. Dessa teman anknyter till och \u00e4r beroende av varandra. Tillsammans skapar de en ram f\u00f6r Kyrkans Utlandshj\u00e4lps [&hellip;]<\/p>\n","protected":false},"author":101,"featured_media":94147,"parent":94436,"menu_order":0,"comment_status":"closed","ping_status":"closed","template":"page-templates\/vuosikertomus.php","meta":{"_acf_changed":false,"_relevanssi_hide_post":"","_relevanssi_hide_content":"","_relevanssi_pin_for_all":"","_relevanssi_pin_keywords":"","_relevanssi_unpin_keywords":"","_relevanssi_related_keywords":"","_relevanssi_related_include_ids":"","_relevanssi_related_exclude_ids":"","_relevanssi_related_no_append":"","_relevanssi_related_not_related":"","_relevanssi_related_posts":"","_relevanssi_noindex_reason":"","_improvement_type_select":"improve_an_existing","_thumb_yes_seoaic":false,"_frame_yes_seoaic":false,"seoaic_generate_description":"","seoaic_improve_instructions_prompt":"","seoaic_rollback_content_improvement":"","seoaic_idea_thumbnail_generator":"","thumbnail_generated":false,"thumbnail_generate_prompt":"","seoaic_article_description":"","footnotes":""},"class_list":["post-94935","page","type-page","status-publish","has-post-thumbnail","hentry"],"acf":[],"yoast_head":"<!-- This site is optimized with the Yoast SEO plugin v26.9 - https:\/\/yoast.com\/product\/yoast-seo-wordpress\/ -->\n<title>Ett nytt globalprogram - Kyrkans Utlandshj\u00e4lp<\/title>\n<meta name=\"description\" content=\"Kyrkans Utlandshj\u00e4lps arbete indelas i tre teman som \u00e4r centrala f\u00f6r att f\u00e5 till st\u00e5nd h\u00e5llbar f\u00f6r\u00e4ndring.\" \/>\n<meta name=\"robots\" content=\"index, follow, max-snippet:-1, max-image-preview:large, max-video-preview:-1\" \/>\n<link rel=\"canonical\" href=\"https:\/\/www.kirkonulkomaanapu.fi\/sv\/om-oss\/historia\/arsberattelse-2018\/nytt-globalprogram\/\" \/>\n<meta property=\"og:locale\" content=\"sv_SE\" \/>\n<meta property=\"og:type\" content=\"article\" \/>\n<meta property=\"og:title\" content=\"Ett nytt globalprogram - Kyrkans Utlandshj\u00e4lp\" \/>\n<meta property=\"og:description\" content=\"Kyrkans Utlandshj\u00e4lps arbete indelas i tre teman som \u00e4r centrala f\u00f6r att f\u00e5 till st\u00e5nd h\u00e5llbar f\u00f6r\u00e4ndring.\" \/>\n<meta property=\"og:url\" content=\"https:\/\/www.kirkonulkomaanapu.fi\/sv\/om-oss\/historia\/arsberattelse-2018\/nytt-globalprogram\/\" \/>\n<meta property=\"og:site_name\" content=\"Kyrkans Utlandshj\u00e4lp\" \/>\n<meta property=\"article:publisher\" content=\"https:\/\/www.facebook.com\/Ulkomaanapu\/\" \/>\n<meta property=\"article:modified_time\" content=\"2019-07-02T13:14:00+00:00\" \/>\n<meta property=\"og:image\" content=\"https:\/\/www.kirkonulkomaanapu.fi\/wp-content\/uploads\/2019\/06\/kolmiokaavio-3.jpg\" \/>\n\t<meta property=\"og:image:width\" content=\"1024\" \/>\n\t<meta property=\"og:image:height\" content=\"555\" \/>\n\t<meta property=\"og:image:type\" content=\"image\/jpeg\" \/>\n<meta name=\"twitter:label1\" content=\"Ber\u00e4knad l\u00e4stid\" \/>\n\t<meta name=\"twitter:data1\" content=\"2 minuter\" \/>\n<script type=\"application\/ld+json\" class=\"yoast-schema-graph\">{\"@context\":\"https:\/\/schema.org\",\"@graph\":[{\"@type\":\"WebPage\",\"@id\":\"https:\/\/www.kirkonulkomaanapu.fi\/sv\/om-oss\/historia\/arsberattelse-2018\/nytt-globalprogram\/\",\"url\":\"https:\/\/www.kirkonulkomaanapu.fi\/sv\/om-oss\/historia\/arsberattelse-2018\/nytt-globalprogram\/\",\"name\":\"Ett nytt globalprogram - Kyrkans Utlandshj\u00e4lp\",\"isPartOf\":{\"@id\":\"https:\/\/www.kirkonulkomaanapu.fi\/#website\"},\"primaryImageOfPage\":{\"@id\":\"https:\/\/www.kirkonulkomaanapu.fi\/sv\/om-oss\/historia\/arsberattelse-2018\/nytt-globalprogram\/#primaryimage\"},\"image\":{\"@id\":\"https:\/\/www.kirkonulkomaanapu.fi\/sv\/om-oss\/historia\/arsberattelse-2018\/nytt-globalprogram\/#primaryimage\"},\"thumbnailUrl\":\"https:\/\/www.kirkonulkomaanapu.fi\/wp-content\/uploads\/2019\/06\/kolmiokaavio-3.jpg\",\"datePublished\":\"2019-06-19T13:29:08+00:00\",\"dateModified\":\"2019-07-02T13:14:00+00:00\",\"description\":\"Kyrkans Utlandshj\u00e4lps arbete indelas i tre teman som \u00e4r centrala f\u00f6r att f\u00e5 till st\u00e5nd h\u00e5llbar f\u00f6r\u00e4ndring.\",\"breadcrumb\":{\"@id\":\"https:\/\/www.kirkonulkomaanapu.fi\/sv\/om-oss\/historia\/arsberattelse-2018\/nytt-globalprogram\/#breadcrumb\"},\"inLanguage\":\"sv-SE\",\"potentialAction\":[{\"@type\":\"ReadAction\",\"target\":[\"https:\/\/www.kirkonulkomaanapu.fi\/sv\/om-oss\/historia\/arsberattelse-2018\/nytt-globalprogram\/\"]}]},{\"@type\":\"ImageObject\",\"inLanguage\":\"sv-SE\",\"@id\":\"https:\/\/www.kirkonulkomaanapu.fi\/sv\/om-oss\/historia\/arsberattelse-2018\/nytt-globalprogram\/#primaryimage\",\"url\":\"https:\/\/www.kirkonulkomaanapu.fi\/wp-content\/uploads\/2019\/06\/kolmiokaavio-3.jpg\",\"contentUrl\":\"https:\/\/www.kirkonulkomaanapu.fi\/wp-content\/uploads\/2019\/06\/kolmiokaavio-3.jpg\",\"width\":1024,\"height\":555,\"caption\":\"Kolmiokaavio ihmisoikeuksien toteutumisesta, jonka kulmia ovat toimeentulo, laadukas koulutus ja rauha.\"},{\"@type\":\"BreadcrumbList\",\"@id\":\"https:\/\/www.kirkonulkomaanapu.fi\/sv\/om-oss\/historia\/arsberattelse-2018\/nytt-globalprogram\/#breadcrumb\",\"itemListElement\":[{\"@type\":\"ListItem\",\"position\":1,\"name\":\"Home\",\"item\":\"https:\/\/www.kirkonulkomaanapu.fi\/sv\/\"},{\"@type\":\"ListItem\",\"position\":2,\"name\":\"Om oss\",\"item\":\"https:\/\/www.kirkonulkomaanapu.fi\/sv\/om-oss\/\"},{\"@type\":\"ListItem\",\"position\":3,\"name\":\"Historia\",\"item\":\"https:\/\/www.kirkonulkomaanapu.fi\/sv\/om-oss\/historia\/\"},{\"@type\":\"ListItem\",\"position\":4,\"name\":\"\u00c5rsber\u00e4ttelse 2018\",\"item\":\"https:\/\/www.kirkonulkomaanapu.fi\/sv\/om-oss\/historia\/arsberattelse-2018\/\"},{\"@type\":\"ListItem\",\"position\":5,\"name\":\"Ett nytt globalprogram\"}]},{\"@type\":\"WebSite\",\"@id\":\"https:\/\/www.kirkonulkomaanapu.fi\/#website\",\"url\":\"https:\/\/www.kirkonulkomaanapu.fi\/\",\"name\":\"Kirkon Ulkomaanapu\",\"description\":\"Suomen suurin kehitysyhteisty\u00f6j\u00e4rjest\u00f6\",\"publisher\":{\"@id\":\"https:\/\/www.kirkonulkomaanapu.fi\/#organization\"},\"alternateName\":\"KUA\",\"potentialAction\":[{\"@type\":\"SearchAction\",\"target\":{\"@type\":\"EntryPoint\",\"urlTemplate\":\"https:\/\/www.kirkonulkomaanapu.fi\/?s={search_term_string}\"},\"query-input\":{\"@type\":\"PropertyValueSpecification\",\"valueRequired\":true,\"valueName\":\"search_term_string\"}}],\"inLanguage\":\"sv-SE\"},{\"@type\":\"Organization\",\"@id\":\"https:\/\/www.kirkonulkomaanapu.fi\/#organization\",\"name\":\"Kirkon Ulkomaanapu\",\"alternateName\":\"KUA\",\"url\":\"https:\/\/www.kirkonulkomaanapu.fi\/\",\"logo\":{\"@type\":\"ImageObject\",\"inLanguage\":\"sv-SE\",\"@id\":\"https:\/\/www.kirkonulkomaanapu.fi\/#\/schema\/logo\/image\/\",\"url\":\"https:\/\/www.kirkonulkomaanapu.fi\/wp-content\/uploads\/2026\/02\/Kirkon-ulkomaanapu-logo-1.png\",\"contentUrl\":\"https:\/\/www.kirkonulkomaanapu.fi\/wp-content\/uploads\/2026\/02\/Kirkon-ulkomaanapu-logo-1.png\",\"width\":225,\"height\":225,\"caption\":\"Kirkon Ulkomaanapu\"},\"image\":{\"@id\":\"https:\/\/www.kirkonulkomaanapu.fi\/#\/schema\/logo\/image\/\"},\"sameAs\":[\"https:\/\/www.facebook.com\/Ulkomaanapu\/\",\"https:\/\/www.youtube.com\/user\/kirkonulkomaanapu\",\"https:\/\/instagram.com\/kirkon_ulkomaanapu\/\",\"https:\/\/www.linkedin.com\/company\/finn-church-aid\/\"]}]}<\/script>\n<!-- \/ Yoast SEO plugin. -->","yoast_head_json":{"title":"Ett nytt globalprogram - Kyrkans Utlandshj\u00e4lp","description":"Kyrkans Utlandshj\u00e4lps arbete indelas i tre teman som \u00e4r centrala f\u00f6r att f\u00e5 till st\u00e5nd h\u00e5llbar f\u00f6r\u00e4ndring.","robots":{"index":"index","follow":"follow","max-snippet":"max-snippet:-1","max-image-preview":"max-image-preview:large","max-video-preview":"max-video-preview:-1"},"canonical":"https:\/\/www.kirkonulkomaanapu.fi\/sv\/om-oss\/historia\/arsberattelse-2018\/nytt-globalprogram\/","og_locale":"sv_SE","og_type":"article","og_title":"Ett nytt globalprogram - Kyrkans Utlandshj\u00e4lp","og_description":"Kyrkans Utlandshj\u00e4lps arbete indelas i tre teman som \u00e4r centrala f\u00f6r att f\u00e5 till st\u00e5nd h\u00e5llbar f\u00f6r\u00e4ndring.","og_url":"https:\/\/www.kirkonulkomaanapu.fi\/sv\/om-oss\/historia\/arsberattelse-2018\/nytt-globalprogram\/","og_site_name":"Kyrkans Utlandshj\u00e4lp","article_publisher":"https:\/\/www.facebook.com\/Ulkomaanapu\/","article_modified_time":"2019-07-02T13:14:00+00:00","og_image":[{"width":1024,"height":555,"url":"https:\/\/www.kirkonulkomaanapu.fi\/wp-content\/uploads\/2019\/06\/kolmiokaavio-3.jpg","type":"image\/jpeg"}],"twitter_misc":{"Ber\u00e4knad l\u00e4stid":"2 minuter"},"schema":{"@context":"https:\/\/schema.org","@graph":[{"@type":"WebPage","@id":"https:\/\/www.kirkonulkomaanapu.fi\/sv\/om-oss\/historia\/arsberattelse-2018\/nytt-globalprogram\/","url":"https:\/\/www.kirkonulkomaanapu.fi\/sv\/om-oss\/historia\/arsberattelse-2018\/nytt-globalprogram\/","name":"Ett nytt globalprogram - Kyrkans Utlandshj\u00e4lp","isPartOf":{"@id":"https:\/\/www.kirkonulkomaanapu.fi\/#website"},"primaryImageOfPage":{"@id":"https:\/\/www.kirkonulkomaanapu.fi\/sv\/om-oss\/historia\/arsberattelse-2018\/nytt-globalprogram\/#primaryimage"},"image":{"@id":"https:\/\/www.kirkonulkomaanapu.fi\/sv\/om-oss\/historia\/arsberattelse-2018\/nytt-globalprogram\/#primaryimage"},"thumbnailUrl":"https:\/\/www.kirkonulkomaanapu.fi\/wp-content\/uploads\/2019\/06\/kolmiokaavio-3.jpg","datePublished":"2019-06-19T13:29:08+00:00","dateModified":"2019-07-02T13:14:00+00:00","description":"Kyrkans Utlandshj\u00e4lps arbete indelas i tre teman som \u00e4r centrala f\u00f6r att f\u00e5 till st\u00e5nd h\u00e5llbar f\u00f6r\u00e4ndring.","breadcrumb":{"@id":"https:\/\/www.kirkonulkomaanapu.fi\/sv\/om-oss\/historia\/arsberattelse-2018\/nytt-globalprogram\/#breadcrumb"},"inLanguage":"sv-SE","potentialAction":[{"@type":"ReadAction","target":["https:\/\/www.kirkonulkomaanapu.fi\/sv\/om-oss\/historia\/arsberattelse-2018\/nytt-globalprogram\/"]}]},{"@type":"ImageObject","inLanguage":"sv-SE","@id":"https:\/\/www.kirkonulkomaanapu.fi\/sv\/om-oss\/historia\/arsberattelse-2018\/nytt-globalprogram\/#primaryimage","url":"https:\/\/www.kirkonulkomaanapu.fi\/wp-content\/uploads\/2019\/06\/kolmiokaavio-3.jpg","contentUrl":"https:\/\/www.kirkonulkomaanapu.fi\/wp-content\/uploads\/2019\/06\/kolmiokaavio-3.jpg","width":1024,"height":555,"caption":"Kolmiokaavio ihmisoikeuksien toteutumisesta, jonka kulmia ovat toimeentulo, laadukas koulutus ja rauha."},{"@type":"BreadcrumbList","@id":"https:\/\/www.kirkonulkomaanapu.fi\/sv\/om-oss\/historia\/arsberattelse-2018\/nytt-globalprogram\/#breadcrumb","itemListElement":[{"@type":"ListItem","position":1,"name":"Home","item":"https:\/\/www.kirkonulkomaanapu.fi\/sv\/"},{"@type":"ListItem","position":2,"name":"Om oss","item":"https:\/\/www.kirkonulkomaanapu.fi\/sv\/om-oss\/"},{"@type":"ListItem","position":3,"name":"Historia","item":"https:\/\/www.kirkonulkomaanapu.fi\/sv\/om-oss\/historia\/"},{"@type":"ListItem","position":4,"name":"\u00c5rsber\u00e4ttelse 2018","item":"https:\/\/www.kirkonulkomaanapu.fi\/sv\/om-oss\/historia\/arsberattelse-2018\/"},{"@type":"ListItem","position":5,"name":"Ett nytt globalprogram"}]},{"@type":"WebSite","@id":"https:\/\/www.kirkonulkomaanapu.fi\/#website","url":"https:\/\/www.kirkonulkomaanapu.fi\/","name":"Kirkon Ulkomaanapu","description":"Suomen suurin kehitysyhteisty\u00f6j\u00e4rjest\u00f6","publisher":{"@id":"https:\/\/www.kirkonulkomaanapu.fi\/#organization"},"alternateName":"KUA","potentialAction":[{"@type":"SearchAction","target":{"@type":"EntryPoint","urlTemplate":"https:\/\/www.kirkonulkomaanapu.fi\/?s={search_term_string}"},"query-input":{"@type":"PropertyValueSpecification","valueRequired":true,"valueName":"search_term_string"}}],"inLanguage":"sv-SE"},{"@type":"Organization","@id":"https:\/\/www.kirkonulkomaanapu.fi\/#organization","name":"Kirkon Ulkomaanapu","alternateName":"KUA","url":"https:\/\/www.kirkonulkomaanapu.fi\/","logo":{"@type":"ImageObject","inLanguage":"sv-SE","@id":"https:\/\/www.kirkonulkomaanapu.fi\/#\/schema\/logo\/image\/","url":"https:\/\/www.kirkonulkomaanapu.fi\/wp-content\/uploads\/2026\/02\/Kirkon-ulkomaanapu-logo-1.png","contentUrl":"https:\/\/www.kirkonulkomaanapu.fi\/wp-content\/uploads\/2026\/02\/Kirkon-ulkomaanapu-logo-1.png","width":225,"height":225,"caption":"Kirkon Ulkomaanapu"},"image":{"@id":"https:\/\/www.kirkonulkomaanapu.fi\/#\/schema\/logo\/image\/"},"sameAs":["https:\/\/www.facebook.com\/Ulkomaanapu\/","https:\/\/www.youtube.com\/user\/kirkonulkomaanapu","https:\/\/instagram.com\/kirkon_ulkomaanapu\/","https:\/\/www.linkedin.com\/company\/finn-church-aid\/"]}]}},"_links":{"self":[{"href":"https:\/\/www.kirkonulkomaanapu.fi\/sv\/wp-json\/wp\/v2\/pages\/94935","targetHints":{"allow":["GET"]}}],"collection":[{"href":"https:\/\/www.kirkonulkomaanapu.fi\/sv\/wp-json\/wp\/v2\/pages"}],"about":[{"href":"https:\/\/www.kirkonulkomaanapu.fi\/sv\/wp-json\/wp\/v2\/types\/page"}],"author":[{"embeddable":true,"href":"https:\/\/www.kirkonulkomaanapu.fi\/sv\/wp-json\/wp\/v2\/users\/101"}],"replies":[{"embeddable":true,"href":"https:\/\/www.kirkonulkomaanapu.fi\/sv\/wp-json\/wp\/v2\/comments?post=94935"}],"version-history":[{"count":4,"href":"https:\/\/www.kirkonulkomaanapu.fi\/sv\/wp-json\/wp\/v2\/pages\/94935\/revisions"}],"predecessor-version":[{"id":94943,"href":"https:\/\/www.kirkonulkomaanapu.fi\/sv\/wp-json\/wp\/v2\/pages\/94935\/revisions\/94943"}],"up":[{"embeddable":true,"href":"https:\/\/www.kirkonulkomaanapu.fi\/sv\/wp-json\/wp\/v2\/pages\/94436"}],"wp:featuredmedia":[{"embeddable":true,"href":"https:\/\/www.kirkonulkomaanapu.fi\/sv\/wp-json\/wp\/v2\/media\/94147"}],"wp:attachment":[{"href":"https:\/\/www.kirkonulkomaanapu.fi\/sv\/wp-json\/wp\/v2\/media?parent=94935"}],"curies":[{"name":"wp","href":"https:\/\/api.w.org\/{rel}","templated":true}]}}