{"id":94915,"date":"2019-06-19T16:32:16","date_gmt":"2019-06-19T13:32:16","guid":{"rendered":"https:\/\/www.kirkonulkomaanapu.fi\/om-oss\/arsberattelse-2018\/aasia\/"},"modified":"2019-07-03T14:43:07","modified_gmt":"2019-07-03T11:43:07","slug":"aasia","status":"publish","type":"page","link":"https:\/\/www.kirkonulkomaanapu.fi\/sv\/om-oss\/historia\/arsberattelse-2018\/aasia\/","title":{"rendered":"Asien"},"content":{"rendered":"<div>Kyrkans Utlandshj\u00e4lp hade 34 anst\u00e4llda personal och LWF, Metta Development Foundation, Life with Dignity, Solve, och Federation of Women\u2019s Entrepreneurs\u2019 Association of Nepal som samarbetspartner inom arbetet i Asien.<\/div>\n","protected":false},"excerpt":{"rendered":"<p>Kyrkans Utlandshj\u00e4lp hade 34 anst\u00e4llda personal och LWF, Metta Development Foundation, Life with Dignity, Solve, och Federation of Women\u2019s Entrepreneurs\u2019 Association of Nepal som samarbetspartner inom arbetet i Asien.<\/p>\n","protected":false},"author":101,"featured_media":94046,"parent":94436,"menu_order":0,"comment_status":"closed","ping_status":"closed","template":"page-templates\/vuosikertomus.php","meta":{"_acf_changed":false,"_relevanssi_hide_post":"","_relevanssi_hide_content":"","_relevanssi_pin_for_all":"","_relevanssi_pin_keywords":"","_relevanssi_unpin_keywords":"","_relevanssi_related_keywords":"","_relevanssi_related_include_ids":"","_relevanssi_related_exclude_ids":"","_relevanssi_related_no_append":"","_relevanssi_related_not_related":"","_relevanssi_related_posts":"","_relevanssi_noindex_reason":"","_improvement_type_select":"improve_an_existing","_thumb_yes_seoaic":false,"_frame_yes_seoaic":false,"seoaic_generate_description":"","seoaic_improve_instructions_prompt":"","seoaic_rollback_content_improvement":"","seoaic_idea_thumbnail_generator":"","thumbnail_generated":false,"thumbnail_generate_prompt":"","seoaic_article_description":"","footnotes":""},"class_list":["post-94915","page","type-page","status-publish","has-post-thumbnail","hentry"],"acf":[],"yoast_head":"<!-- This site is optimized with the Yoast SEO plugin v26.9 - https:\/\/yoast.com\/product\/yoast-seo-wordpress\/ -->\n<title>Asien - Kyrkans Utlandshj\u00e4lp<\/title>\n<meta name=\"description\" content=\"I MYANMAR var f\u00f6rb\u00e4ttringen av kvinnors socioekonomiska st\u00e4llning en central del av arbetet. Med st\u00f6d av UN Women och KUH \u00f6kades kvinnornas m\u00f6jligheter till utkomst i omr\u00e5det Rakhine som lider av konflikter.\" \/>\n<meta name=\"robots\" content=\"index, follow, max-snippet:-1, max-image-preview:large, max-video-preview:-1\" \/>\n<link rel=\"canonical\" href=\"https:\/\/www.kirkonulkomaanapu.fi\/sv\/om-oss\/historia\/arsberattelse-2018\/aasia\/\" \/>\n<meta property=\"og:locale\" content=\"sv_SE\" \/>\n<meta property=\"og:type\" content=\"article\" \/>\n<meta property=\"og:title\" content=\"Asien - Kyrkans Utlandshj\u00e4lp\" \/>\n<meta property=\"og:description\" content=\"I MYANMAR var f\u00f6rb\u00e4ttringen av kvinnors socioekonomiska st\u00e4llning en central del av arbetet. Med st\u00f6d av UN Women och KUH \u00f6kades kvinnornas m\u00f6jligheter till utkomst i omr\u00e5det Rakhine som lider av konflikter.\" \/>\n<meta property=\"og:url\" content=\"https:\/\/www.kirkonulkomaanapu.fi\/sv\/om-oss\/historia\/arsberattelse-2018\/aasia\/\" \/>\n<meta property=\"og:site_name\" content=\"Kyrkans Utlandshj\u00e4lp\" \/>\n<meta property=\"article:publisher\" content=\"https:\/\/www.facebook.com\/Ulkomaanapu\/\" \/>\n<meta property=\"article:modified_time\" content=\"2019-07-03T11:43:07+00:00\" \/>\n<meta property=\"og:image\" content=\"https:\/\/www.kirkonulkomaanapu.fi\/wp-content\/uploads\/2019\/06\/FCA_201804_MYANMAR_Nu-Nu_Lwin_005.jpg\" \/>\n\t<meta property=\"og:image:width\" content=\"1024\" \/>\n\t<meta property=\"og:image:height\" content=\"575\" \/>\n\t<meta property=\"og:image:type\" content=\"image\/jpeg\" \/>\n<script type=\"application\/ld+json\" class=\"yoast-schema-graph\">{\"@context\":\"https:\/\/schema.org\",\"@graph\":[{\"@type\":\"WebPage\",\"@id\":\"https:\/\/www.kirkonulkomaanapu.fi\/sv\/om-oss\/historia\/arsberattelse-2018\/aasia\/\",\"url\":\"https:\/\/www.kirkonulkomaanapu.fi\/sv\/om-oss\/historia\/arsberattelse-2018\/aasia\/\",\"name\":\"Asien - Kyrkans Utlandshj\u00e4lp\",\"isPartOf\":{\"@id\":\"https:\/\/www.kirkonulkomaanapu.fi\/#website\"},\"primaryImageOfPage\":{\"@id\":\"https:\/\/www.kirkonulkomaanapu.fi\/sv\/om-oss\/historia\/arsberattelse-2018\/aasia\/#primaryimage\"},\"image\":{\"@id\":\"https:\/\/www.kirkonulkomaanapu.fi\/sv\/om-oss\/historia\/arsberattelse-2018\/aasia\/#primaryimage\"},\"thumbnailUrl\":\"https:\/\/www.kirkonulkomaanapu.fi\/wp-content\/uploads\/2019\/06\/FCA_201804_MYANMAR_Nu-Nu_Lwin_005.jpg\",\"datePublished\":\"2019-06-19T13:32:16+00:00\",\"dateModified\":\"2019-07-03T11:43:07+00:00\",\"description\":\"I MYANMAR var f\u00f6rb\u00e4ttringen av kvinnors socioekonomiska st\u00e4llning en central del av arbetet. Med st\u00f6d av UN Women och KUH \u00f6kades kvinnornas m\u00f6jligheter till utkomst i omr\u00e5det Rakhine som lider av konflikter.\",\"breadcrumb\":{\"@id\":\"https:\/\/www.kirkonulkomaanapu.fi\/sv\/om-oss\/historia\/arsberattelse-2018\/aasia\/#breadcrumb\"},\"inLanguage\":\"sv-SE\",\"potentialAction\":[{\"@type\":\"ReadAction\",\"target\":[\"https:\/\/www.kirkonulkomaanapu.fi\/sv\/om-oss\/historia\/arsberattelse-2018\/aasia\/\"]}]},{\"@type\":\"ImageObject\",\"inLanguage\":\"sv-SE\",\"@id\":\"https:\/\/www.kirkonulkomaanapu.fi\/sv\/om-oss\/historia\/arsberattelse-2018\/aasia\/#primaryimage\",\"url\":\"https:\/\/www.kirkonulkomaanapu.fi\/wp-content\/uploads\/2019\/06\/FCA_201804_MYANMAR_Nu-Nu_Lwin_005.jpg\",\"contentUrl\":\"https:\/\/www.kirkonulkomaanapu.fi\/wp-content\/uploads\/2019\/06\/FCA_201804_MYANMAR_Nu-Nu_Lwin_005.jpg\",\"width\":1024,\"height\":575,\"caption\":\"MYANMAR. Nu Nu Lwin (43 years old) was happy today, because she met people from her home area Rakhine in the village\u2019s community meeting. She was crying from joy. She has two children and has had a husband since the age of 25. Like most men in this village, her husband works as a fisherman at the sea, so he\u2019s away a lot. Her husband has a joint illness, so he can\u2019t work all the time. Medication is expensive and the family\u2019s income isn\u2019t stable. To make ends meet she had to take a loan with a very high 20% interest. Now she has received sewing training and economical knowledge from the project, so the family\u2019s debts are not such a big problem anymore. During the festival season she gets lots of orders for dresses, so the business is good. Rainy season is more quiet. Photo: Tatu Blomqvist \/ FCA \/ KUA\"},{\"@type\":\"BreadcrumbList\",\"@id\":\"https:\/\/www.kirkonulkomaanapu.fi\/sv\/om-oss\/historia\/arsberattelse-2018\/aasia\/#breadcrumb\",\"itemListElement\":[{\"@type\":\"ListItem\",\"position\":1,\"name\":\"Home\",\"item\":\"https:\/\/www.kirkonulkomaanapu.fi\/sv\/\"},{\"@type\":\"ListItem\",\"position\":2,\"name\":\"Om oss\",\"item\":\"https:\/\/www.kirkonulkomaanapu.fi\/sv\/om-oss\/\"},{\"@type\":\"ListItem\",\"position\":3,\"name\":\"Historia\",\"item\":\"https:\/\/www.kirkonulkomaanapu.fi\/sv\/om-oss\/historia\/\"},{\"@type\":\"ListItem\",\"position\":4,\"name\":\"\u00c5rsber\u00e4ttelse 2018\",\"item\":\"https:\/\/www.kirkonulkomaanapu.fi\/sv\/om-oss\/historia\/arsberattelse-2018\/\"},{\"@type\":\"ListItem\",\"position\":5,\"name\":\"Asien\"}]},{\"@type\":\"WebSite\",\"@id\":\"https:\/\/www.kirkonulkomaanapu.fi\/#website\",\"url\":\"https:\/\/www.kirkonulkomaanapu.fi\/\",\"name\":\"Kirkon Ulkomaanapu\",\"description\":\"Suomen suurin kehitysyhteisty\u00f6j\u00e4rjest\u00f6\",\"publisher\":{\"@id\":\"https:\/\/www.kirkonulkomaanapu.fi\/#organization\"},\"alternateName\":\"KUA\",\"potentialAction\":[{\"@type\":\"SearchAction\",\"target\":{\"@type\":\"EntryPoint\",\"urlTemplate\":\"https:\/\/www.kirkonulkomaanapu.fi\/?s={search_term_string}\"},\"query-input\":{\"@type\":\"PropertyValueSpecification\",\"valueRequired\":true,\"valueName\":\"search_term_string\"}}],\"inLanguage\":\"sv-SE\"},{\"@type\":\"Organization\",\"@id\":\"https:\/\/www.kirkonulkomaanapu.fi\/#organization\",\"name\":\"Kirkon Ulkomaanapu\",\"alternateName\":\"KUA\",\"url\":\"https:\/\/www.kirkonulkomaanapu.fi\/\",\"logo\":{\"@type\":\"ImageObject\",\"inLanguage\":\"sv-SE\",\"@id\":\"https:\/\/www.kirkonulkomaanapu.fi\/#\/schema\/logo\/image\/\",\"url\":\"https:\/\/www.kirkonulkomaanapu.fi\/wp-content\/uploads\/2026\/02\/Kirkon-ulkomaanapu-logo-1.png\",\"contentUrl\":\"https:\/\/www.kirkonulkomaanapu.fi\/wp-content\/uploads\/2026\/02\/Kirkon-ulkomaanapu-logo-1.png\",\"width\":225,\"height\":225,\"caption\":\"Kirkon Ulkomaanapu\"},\"image\":{\"@id\":\"https:\/\/www.kirkonulkomaanapu.fi\/#\/schema\/logo\/image\/\"},\"sameAs\":[\"https:\/\/www.facebook.com\/Ulkomaanapu\/\",\"https:\/\/www.youtube.com\/user\/kirkonulkomaanapu\",\"https:\/\/instagram.com\/kirkon_ulkomaanapu\/\",\"https:\/\/www.linkedin.com\/company\/finn-church-aid\/\"]}]}<\/script>\n<!-- \/ Yoast SEO plugin. -->","yoast_head_json":{"title":"Asien - Kyrkans Utlandshj\u00e4lp","description":"I MYANMAR var f\u00f6rb\u00e4ttringen av kvinnors socioekonomiska st\u00e4llning en central del av arbetet. Med st\u00f6d av UN Women och KUH \u00f6kades kvinnornas m\u00f6jligheter till utkomst i omr\u00e5det Rakhine som lider av konflikter.","robots":{"index":"index","follow":"follow","max-snippet":"max-snippet:-1","max-image-preview":"max-image-preview:large","max-video-preview":"max-video-preview:-1"},"canonical":"https:\/\/www.kirkonulkomaanapu.fi\/sv\/om-oss\/historia\/arsberattelse-2018\/aasia\/","og_locale":"sv_SE","og_type":"article","og_title":"Asien - Kyrkans Utlandshj\u00e4lp","og_description":"I MYANMAR var f\u00f6rb\u00e4ttringen av kvinnors socioekonomiska st\u00e4llning en central del av arbetet. Med st\u00f6d av UN Women och KUH \u00f6kades kvinnornas m\u00f6jligheter till utkomst i omr\u00e5det Rakhine som lider av konflikter.","og_url":"https:\/\/www.kirkonulkomaanapu.fi\/sv\/om-oss\/historia\/arsberattelse-2018\/aasia\/","og_site_name":"Kyrkans Utlandshj\u00e4lp","article_publisher":"https:\/\/www.facebook.com\/Ulkomaanapu\/","article_modified_time":"2019-07-03T11:43:07+00:00","og_image":[{"width":1024,"height":575,"url":"https:\/\/www.kirkonulkomaanapu.fi\/wp-content\/uploads\/2019\/06\/FCA_201804_MYANMAR_Nu-Nu_Lwin_005.jpg","type":"image\/jpeg"}],"schema":{"@context":"https:\/\/schema.org","@graph":[{"@type":"WebPage","@id":"https:\/\/www.kirkonulkomaanapu.fi\/sv\/om-oss\/historia\/arsberattelse-2018\/aasia\/","url":"https:\/\/www.kirkonulkomaanapu.fi\/sv\/om-oss\/historia\/arsberattelse-2018\/aasia\/","name":"Asien - Kyrkans Utlandshj\u00e4lp","isPartOf":{"@id":"https:\/\/www.kirkonulkomaanapu.fi\/#website"},"primaryImageOfPage":{"@id":"https:\/\/www.kirkonulkomaanapu.fi\/sv\/om-oss\/historia\/arsberattelse-2018\/aasia\/#primaryimage"},"image":{"@id":"https:\/\/www.kirkonulkomaanapu.fi\/sv\/om-oss\/historia\/arsberattelse-2018\/aasia\/#primaryimage"},"thumbnailUrl":"https:\/\/www.kirkonulkomaanapu.fi\/wp-content\/uploads\/2019\/06\/FCA_201804_MYANMAR_Nu-Nu_Lwin_005.jpg","datePublished":"2019-06-19T13:32:16+00:00","dateModified":"2019-07-03T11:43:07+00:00","description":"I MYANMAR var f\u00f6rb\u00e4ttringen av kvinnors socioekonomiska st\u00e4llning en central del av arbetet. Med st\u00f6d av UN Women och KUH \u00f6kades kvinnornas m\u00f6jligheter till utkomst i omr\u00e5det Rakhine som lider av konflikter.","breadcrumb":{"@id":"https:\/\/www.kirkonulkomaanapu.fi\/sv\/om-oss\/historia\/arsberattelse-2018\/aasia\/#breadcrumb"},"inLanguage":"sv-SE","potentialAction":[{"@type":"ReadAction","target":["https:\/\/www.kirkonulkomaanapu.fi\/sv\/om-oss\/historia\/arsberattelse-2018\/aasia\/"]}]},{"@type":"ImageObject","inLanguage":"sv-SE","@id":"https:\/\/www.kirkonulkomaanapu.fi\/sv\/om-oss\/historia\/arsberattelse-2018\/aasia\/#primaryimage","url":"https:\/\/www.kirkonulkomaanapu.fi\/wp-content\/uploads\/2019\/06\/FCA_201804_MYANMAR_Nu-Nu_Lwin_005.jpg","contentUrl":"https:\/\/www.kirkonulkomaanapu.fi\/wp-content\/uploads\/2019\/06\/FCA_201804_MYANMAR_Nu-Nu_Lwin_005.jpg","width":1024,"height":575,"caption":"MYANMAR. Nu Nu Lwin (43 years old) was happy today, because she met people from her home area Rakhine in the village\u2019s community meeting. She was crying from joy. She has two children and has had a husband since the age of 25. Like most men in this village, her husband works as a fisherman at the sea, so he\u2019s away a lot. Her husband has a joint illness, so he can\u2019t work all the time. Medication is expensive and the family\u2019s income isn\u2019t stable. To make ends meet she had to take a loan with a very high 20% interest. Now she has received sewing training and economical knowledge from the project, so the family\u2019s debts are not such a big problem anymore. During the festival season she gets lots of orders for dresses, so the business is good. Rainy season is more quiet. Photo: Tatu Blomqvist \/ FCA \/ KUA"},{"@type":"BreadcrumbList","@id":"https:\/\/www.kirkonulkomaanapu.fi\/sv\/om-oss\/historia\/arsberattelse-2018\/aasia\/#breadcrumb","itemListElement":[{"@type":"ListItem","position":1,"name":"Home","item":"https:\/\/www.kirkonulkomaanapu.fi\/sv\/"},{"@type":"ListItem","position":2,"name":"Om oss","item":"https:\/\/www.kirkonulkomaanapu.fi\/sv\/om-oss\/"},{"@type":"ListItem","position":3,"name":"Historia","item":"https:\/\/www.kirkonulkomaanapu.fi\/sv\/om-oss\/historia\/"},{"@type":"ListItem","position":4,"name":"\u00c5rsber\u00e4ttelse 2018","item":"https:\/\/www.kirkonulkomaanapu.fi\/sv\/om-oss\/historia\/arsberattelse-2018\/"},{"@type":"ListItem","position":5,"name":"Asien"}]},{"@type":"WebSite","@id":"https:\/\/www.kirkonulkomaanapu.fi\/#website","url":"https:\/\/www.kirkonulkomaanapu.fi\/","name":"Kirkon Ulkomaanapu","description":"Suomen suurin kehitysyhteisty\u00f6j\u00e4rjest\u00f6","publisher":{"@id":"https:\/\/www.kirkonulkomaanapu.fi\/#organization"},"alternateName":"KUA","potentialAction":[{"@type":"SearchAction","target":{"@type":"EntryPoint","urlTemplate":"https:\/\/www.kirkonulkomaanapu.fi\/?s={search_term_string}"},"query-input":{"@type":"PropertyValueSpecification","valueRequired":true,"valueName":"search_term_string"}}],"inLanguage":"sv-SE"},{"@type":"Organization","@id":"https:\/\/www.kirkonulkomaanapu.fi\/#organization","name":"Kirkon Ulkomaanapu","alternateName":"KUA","url":"https:\/\/www.kirkonulkomaanapu.fi\/","logo":{"@type":"ImageObject","inLanguage":"sv-SE","@id":"https:\/\/www.kirkonulkomaanapu.fi\/#\/schema\/logo\/image\/","url":"https:\/\/www.kirkonulkomaanapu.fi\/wp-content\/uploads\/2026\/02\/Kirkon-ulkomaanapu-logo-1.png","contentUrl":"https:\/\/www.kirkonulkomaanapu.fi\/wp-content\/uploads\/2026\/02\/Kirkon-ulkomaanapu-logo-1.png","width":225,"height":225,"caption":"Kirkon Ulkomaanapu"},"image":{"@id":"https:\/\/www.kirkonulkomaanapu.fi\/#\/schema\/logo\/image\/"},"sameAs":["https:\/\/www.facebook.com\/Ulkomaanapu\/","https:\/\/www.youtube.com\/user\/kirkonulkomaanapu","https:\/\/instagram.com\/kirkon_ulkomaanapu\/","https:\/\/www.linkedin.com\/company\/finn-church-aid\/"]}]}},"_links":{"self":[{"href":"https:\/\/www.kirkonulkomaanapu.fi\/sv\/wp-json\/wp\/v2\/pages\/94915","targetHints":{"allow":["GET"]}}],"collection":[{"href":"https:\/\/www.kirkonulkomaanapu.fi\/sv\/wp-json\/wp\/v2\/pages"}],"about":[{"href":"https:\/\/www.kirkonulkomaanapu.fi\/sv\/wp-json\/wp\/v2\/types\/page"}],"author":[{"embeddable":true,"href":"https:\/\/www.kirkonulkomaanapu.fi\/sv\/wp-json\/wp\/v2\/users\/101"}],"replies":[{"embeddable":true,"href":"https:\/\/www.kirkonulkomaanapu.fi\/sv\/wp-json\/wp\/v2\/comments?post=94915"}],"version-history":[{"count":4,"href":"https:\/\/www.kirkonulkomaanapu.fi\/sv\/wp-json\/wp\/v2\/pages\/94915\/revisions"}],"predecessor-version":[{"id":94991,"href":"https:\/\/www.kirkonulkomaanapu.fi\/sv\/wp-json\/wp\/v2\/pages\/94915\/revisions\/94991"}],"up":[{"embeddable":true,"href":"https:\/\/www.kirkonulkomaanapu.fi\/sv\/wp-json\/wp\/v2\/pages\/94436"}],"wp:featuredmedia":[{"embeddable":true,"href":"https:\/\/www.kirkonulkomaanapu.fi\/sv\/wp-json\/wp\/v2\/media\/94046"}],"wp:attachment":[{"href":"https:\/\/www.kirkonulkomaanapu.fi\/sv\/wp-json\/wp\/v2\/media?parent=94915"}],"curies":[{"name":"wp","href":"https:\/\/api.w.org\/{rel}","templated":true}]}}