{"id":94436,"date":"2019-06-20T07:39:07","date_gmt":"2019-06-20T04:39:07","guid":{"rendered":"https:\/\/www.kirkonulkomaanapu.fi\/vuosikertomus-2018\/"},"modified":"2019-07-23T13:46:17","modified_gmt":"2019-07-23T10:46:17","slug":"arsberattelse-2018","status":"publish","type":"page","link":"https:\/\/www.kirkonulkomaanapu.fi\/sv\/om-oss\/historia\/arsberattelse-2018\/","title":{"rendered":"\u00c5rsber\u00e4ttelse 2018"},"content":{"rendered":"<h1>Utbilding f\u00f6r flyktingar och matsvinnbutik till Finland<\/h1>\n<p><strong>F\u00f6r Kyrkans Utlandshj\u00e4lp<\/strong> var 2018 ett \u00e5r av stark verksamhet och nya innovationer. Vi fortsatte som Finlands st\u00f6rsta organisation f\u00f6r internationell hj\u00e4lp.Vi f\u00f6rnyade v\u00e5rt arbete och tog i bruk nya verktyg.<\/p>\n<p>I september \u00f6ppnade vi matsvinnsbutiken WeFood i k\u00f6pcentret Redi i Helsingfors. WeFood fick stor synlighet i media och hann redan under h\u00f6sten 2018 minska matsvinnet i Finland med \u00f6ver 30 000 kilo.<\/p>\n<p><strong>Principerna f\u00f6r<\/strong> h\u00e5llbar utveckling styr KUH:s verksamhet och i v\u00e5ra programl\u00e4nder st\u00f6der vi arbetet f\u00f6r att n\u00e5 Agenda 2030-m\u00e5ls\u00e4ttningarna. Privata akt\u00f6rer har en viktig roll inom h\u00e5llbar utveckling; att utveckla privatsektorn f\u00f6r att skapa arbete och utkomst \u00e4r en v\u00e4xande tyngdpunkt i Kyrkans Utlandshj\u00e4lps arbete.<\/p>\n<p>Att f\u00f6rst\u00e4rka f\u00f6retagande bland unga och flyktingar \u00e4r ett exempel p\u00e5 det. Ett annat \u00e4r Kvinnobankens l\u00e5ngsiktiga arbete f\u00f6r mikrof\u00f6retagande kvinnor. St\u00f6det har utvecklats och innefattar nu l\u00e5n och tekniskt st\u00f6d till sm\u00e5 och medelstora (SME) f\u00f6retag.<\/p>\n<p>F\u00f6rhandlingarna mellan FCA Investments Ab (FCAI), som KUH grundade 2017, och UM har slutf\u00f6rts. I slutet av \u00e5ret undertecknade parterna, FCAI och statskontoret, det f\u00f6rsta l\u00e5net med ett v\u00e4rde p\u00e5 16 miljoner euro.<\/p>\n<p>Samtidigt f\u00f6rberedde sig KUH och Kvinnobanken f\u00f6r ny verksamhet i Uganda \u2013 att grunda ett samh\u00e4lleligt f\u00f6retag. Registreringen av f\u00f6retaget startade i slutet av \u00e5ret. I Kampala uppr\u00e4ttas 2019 ett h\u00f6nshus med 30 anst\u00e4llda och 15 000 h\u00f6nor.<\/p>\n<p>Indirekt ger h\u00f6nshuset inkomster till flera hundra, framf\u00f6rallt kvinnor, via produktionen av fodermedel och \u00e4ggens f\u00f6rs\u00e4ljningskedja.<\/p>\n<p><strong>2018 inleddes<\/strong> ocks\u00e5 exporten av finl\u00e4ndska f\u00f6retagarexamina. Vi satsade p\u00e5 utbildningen av flyktingar och ungdomar som riskerar marginalisering. Vi gjorde de f\u00f6rsta finl\u00e4ndska f\u00f6retagarexamina tillg\u00e4ngliga f\u00f6r flyktingungdomar i Uganda.<\/p>\n<p>Yrkesutbildningens roll och framf\u00f6rallt f\u00f6retagarutbildningen har visat sig vara resultatrika. \u201dFrom learning to earning\u201d fungerar som motto f\u00f6r arbetet vi g\u00f6r med kvinnor och unga.<\/p>\n<p><strong>I enlighet<\/strong> med v\u00e5r strategi fokuserade v\u00e5r verksamhet fortfarande p\u00e5 de mest br\u00e4ckliga och utmanande verksamhetsomr\u00e5dena.<\/p>\n<p>Vi skrev under flera nya partneravtal b\u00e5de globalt och lokalt med FN-organisationer, utvecklingsbanker, medborgarorganisationer (CSO) samt regeringar. Ut\u00f6ver UNICEF och UNHCR kom verksamheten med UN Women i g\u00e5ng. Ut\u00f6ver Finlands bidrag f\u00f6r utvecklingssamarbete har v\u00e5r verksamhet finansierats av flera andra l\u00e4nders utvecklingssam-arbetsmyndigheter. 2018 var bland annat Schweiz, Nederl\u00e4nderna och Belgien nya bidragsgivare.<\/p>\n<p>Vi satsade ocks\u00e5 p\u00e5 att utveckla delaktighet f\u00f6r personer med funktionshinder framf\u00f6rallt i den humanit\u00e4ra hj\u00e4lpen. Vi tog i bruk anvisningar f\u00f6r barnskydd och erh\u00f6ll den uppskattade Core Humanitarian Standard-alliansens CHS-certifiering som en kvalitetsst\u00e4mpel p\u00e5 v\u00e5rt arbete.<\/p>\n<p><strong>V\u00e5r verksamhet<\/strong> fortsatte v\u00e4xa. I slutet av 2018 arbetade n\u00e4rmare 500 personer i 15 olika l\u00e4nder f\u00f6r Kyrkans Utlandshj\u00e4lp. De flesta arbetade i krigsomr\u00e5den eller i br\u00e4ckliga l\u00e4nder. Ut\u00f6ver dessa arbetade cirka 1 500 l\u00e4rare i hj\u00e4lpprogram i Uganda, Kenya och Sydsudan.<\/p>\n<p><img loading=\"lazy\" decoding=\"async\" class=\"wp-image-93930 alignright\" src=\"https:\/\/www.kirkonulkomaanapu.fi\/wp-content\/uploads\/2019\/06\/201903_FCA_Jouni_Hemberg_006.jpg\" alt=\"\" width=\"383\" height=\"419\" srcset=\"https:\/\/www.kirkonulkomaanapu.fi\/wp-content\/uploads\/2019\/06\/201903_FCA_Jouni_Hemberg_006.jpg 436w, https:\/\/www.kirkonulkomaanapu.fi\/wp-content\/uploads\/2019\/06\/201903_FCA_Jouni_Hemberg_006-163x178.jpg 163w\" sizes=\"auto, (max-width: 383px) 100vw, 383px\" \/><\/p>\n<div>\n<p>Sv\u00e5ra s\u00e4kerhetssituationer och \u00f6verraskande katastrofer, fr\u00e4mst konflikter, bromsade tidvis upp arbetet f\u00f6r l\u00e5ngsiktiga program i br\u00e4ckliga programl\u00e4nder s\u00e5som Syrien och Centralafrikanska republiken.<\/p>\n<p>Trots det har v\u00e5rt arbete \u00e4n en g\u00e5ng varit resultatrikt och hundratusentals m\u00e4nniskor fick hj\u00e4lp via oss runt om i v\u00e4rlden.<\/p>\n<p>\u00c4n en g\u00e5ng fick vi otroligt mycket privatdonationer. Ett stort tack till alla som donerat pengar.<\/p>\n<\/div>\n<p>&nbsp;<\/p>\n<p><strong>Jouni Hemberg<\/strong><br \/>\nverksamhetsledare f\u00f6r Kyrkans Utlandshj\u00e4lp<\/p>\n","protected":false},"excerpt":{"rendered":"<p>Utbilding f\u00f6r flyktingar och matsvinnbutik till Finland F\u00f6r Kyrkans Utlandshj\u00e4lp var 2018 ett \u00e5r av stark verksamhet och nya innovationer. Vi fortsatte som Finlands st\u00f6rsta organisation f\u00f6r internationell hj\u00e4lp.Vi f\u00f6rnyade v\u00e5rt arbete och tog i bruk nya verktyg. I september \u00f6ppnade vi matsvinnsbutiken WeFood i k\u00f6pcentret Redi i Helsingfors. WeFood fick stor synlighet i media [&hellip;]<\/p>\n","protected":false},"author":101,"featured_media":94283,"parent":3277,"menu_order":1,"comment_status":"closed","ping_status":"closed","template":"page-templates\/vuosikertomus.php","meta":{"_acf_changed":false,"_relevanssi_hide_post":"","_relevanssi_hide_content":"","_relevanssi_pin_for_all":"","_relevanssi_pin_keywords":"","_relevanssi_unpin_keywords":"","_relevanssi_related_keywords":"","_relevanssi_related_include_ids":"","_relevanssi_related_exclude_ids":"","_relevanssi_related_no_append":"","_relevanssi_related_not_related":"","_relevanssi_related_posts":"","_relevanssi_noindex_reason":"","_improvement_type_select":"improve_an_existing","_thumb_yes_seoaic":false,"_frame_yes_seoaic":false,"seoaic_generate_description":"","seoaic_improve_instructions_prompt":"","seoaic_rollback_content_improvement":"","seoaic_idea_thumbnail_generator":"","thumbnail_generated":false,"thumbnail_generate_prompt":"","seoaic_article_description":"","footnotes":""},"class_list":["post-94436","page","type-page","status-publish","has-post-thumbnail","hentry"],"acf":[],"yoast_head":"<!-- This site is optimized with the Yoast SEO plugin v26.9 - https:\/\/yoast.com\/product\/yoast-seo-wordpress\/ -->\n<title>\u00c5rsber\u00e4ttelse 2018 - Kyrkans Utlandshj\u00e4lp<\/title>\n<meta name=\"description\" content=\"F\u00f6r Kyrkans Utlandshj\u00e4lp var 2018 ett \u00e5r av stark verksamhet och nya innovationer. Vi fortsatte som Finlands st\u00f6rsta organisation f\u00f6r internationell hj\u00e4lp.Vi f\u00f6rnyade v\u00e5rt arbete och tog i bruk nya verktyg.\" \/>\n<meta name=\"robots\" content=\"index, follow, max-snippet:-1, max-image-preview:large, max-video-preview:-1\" \/>\n<link rel=\"canonical\" href=\"https:\/\/www.kirkonulkomaanapu.fi\/sv\/om-oss\/historia\/arsberattelse-2018\/\" \/>\n<meta property=\"og:locale\" content=\"sv_SE\" \/>\n<meta property=\"og:type\" content=\"article\" \/>\n<meta property=\"og:title\" content=\"\u00c5rsber\u00e4ttelse 2018 - Kyrkans Utlandshj\u00e4lp\" \/>\n<meta property=\"og:description\" content=\"F\u00f6r Kyrkans Utlandshj\u00e4lp var 2018 ett \u00e5r av stark verksamhet och nya innovationer. Vi fortsatte som Finlands st\u00f6rsta organisation f\u00f6r internationell hj\u00e4lp.Vi f\u00f6rnyade v\u00e5rt arbete och tog i bruk nya verktyg.\" \/>\n<meta property=\"og:url\" content=\"https:\/\/www.kirkonulkomaanapu.fi\/sv\/om-oss\/historia\/arsberattelse-2018\/\" \/>\n<meta property=\"og:site_name\" content=\"Kyrkans Utlandshj\u00e4lp\" \/>\n<meta property=\"article:publisher\" content=\"https:\/\/www.facebook.com\/Ulkomaanapu\/\" \/>\n<meta property=\"article:modified_time\" content=\"2019-07-23T10:46:17+00:00\" \/>\n<meta property=\"og:image\" content=\"https:\/\/www.kirkonulkomaanapu.fi\/wp-content\/uploads\/2019\/06\/Vuosikertomus_2018_kansi.jpg\" \/>\n\t<meta property=\"og:image:width\" content=\"1024\" \/>\n\t<meta property=\"og:image:height\" content=\"559\" \/>\n\t<meta property=\"og:image:type\" content=\"image\/jpeg\" \/>\n<meta name=\"twitter:label1\" content=\"Ber\u00e4knad l\u00e4stid\" \/>\n\t<meta name=\"twitter:data1\" content=\"3 minuter\" \/>\n<script type=\"application\/ld+json\" class=\"yoast-schema-graph\">{\"@context\":\"https:\/\/schema.org\",\"@graph\":[{\"@type\":\"WebPage\",\"@id\":\"https:\/\/www.kirkonulkomaanapu.fi\/sv\/om-oss\/historia\/arsberattelse-2018\/\",\"url\":\"https:\/\/www.kirkonulkomaanapu.fi\/sv\/om-oss\/historia\/arsberattelse-2018\/\",\"name\":\"\u00c5rsber\u00e4ttelse 2018 - Kyrkans Utlandshj\u00e4lp\",\"isPartOf\":{\"@id\":\"https:\/\/www.kirkonulkomaanapu.fi\/#website\"},\"primaryImageOfPage\":{\"@id\":\"https:\/\/www.kirkonulkomaanapu.fi\/sv\/om-oss\/historia\/arsberattelse-2018\/#primaryimage\"},\"image\":{\"@id\":\"https:\/\/www.kirkonulkomaanapu.fi\/sv\/om-oss\/historia\/arsberattelse-2018\/#primaryimage\"},\"thumbnailUrl\":\"https:\/\/www.kirkonulkomaanapu.fi\/wp-content\/uploads\/2019\/06\/Vuosikertomus_2018_kansi.jpg\",\"datePublished\":\"2019-06-20T04:39:07+00:00\",\"dateModified\":\"2019-07-23T10:46:17+00:00\",\"description\":\"F\u00f6r Kyrkans Utlandshj\u00e4lp var 2018 ett \u00e5r av stark verksamhet och nya innovationer. Vi fortsatte som Finlands st\u00f6rsta organisation f\u00f6r internationell hj\u00e4lp.Vi f\u00f6rnyade v\u00e5rt arbete och tog i bruk nya verktyg.\",\"breadcrumb\":{\"@id\":\"https:\/\/www.kirkonulkomaanapu.fi\/sv\/om-oss\/historia\/arsberattelse-2018\/#breadcrumb\"},\"inLanguage\":\"sv-SE\",\"potentialAction\":[{\"@type\":\"ReadAction\",\"target\":[\"https:\/\/www.kirkonulkomaanapu.fi\/sv\/om-oss\/historia\/arsberattelse-2018\/\"]}]},{\"@type\":\"ImageObject\",\"inLanguage\":\"sv-SE\",\"@id\":\"https:\/\/www.kirkonulkomaanapu.fi\/sv\/om-oss\/historia\/arsberattelse-2018\/#primaryimage\",\"url\":\"https:\/\/www.kirkonulkomaanapu.fi\/wp-content\/uploads\/2019\/06\/Vuosikertomus_2018_kansi.jpg\",\"contentUrl\":\"https:\/\/www.kirkonulkomaanapu.fi\/wp-content\/uploads\/2019\/06\/Vuosikertomus_2018_kansi.jpg\",\"width\":1024,\"height\":559,\"caption\":\"Nainen kirves olallaan, takana vuohi ja luontoa.\"},{\"@type\":\"BreadcrumbList\",\"@id\":\"https:\/\/www.kirkonulkomaanapu.fi\/sv\/om-oss\/historia\/arsberattelse-2018\/#breadcrumb\",\"itemListElement\":[{\"@type\":\"ListItem\",\"position\":1,\"name\":\"Home\",\"item\":\"https:\/\/www.kirkonulkomaanapu.fi\/sv\/\"},{\"@type\":\"ListItem\",\"position\":2,\"name\":\"Om oss\",\"item\":\"https:\/\/www.kirkonulkomaanapu.fi\/sv\/om-oss\/\"},{\"@type\":\"ListItem\",\"position\":3,\"name\":\"Historia\",\"item\":\"https:\/\/www.kirkonulkomaanapu.fi\/sv\/om-oss\/historia\/\"},{\"@type\":\"ListItem\",\"position\":4,\"name\":\"\u00c5rsber\u00e4ttelse 2018\"}]},{\"@type\":\"WebSite\",\"@id\":\"https:\/\/www.kirkonulkomaanapu.fi\/#website\",\"url\":\"https:\/\/www.kirkonulkomaanapu.fi\/\",\"name\":\"Kirkon Ulkomaanapu\",\"description\":\"Suomen suurin kehitysyhteisty\u00f6j\u00e4rjest\u00f6\",\"publisher\":{\"@id\":\"https:\/\/www.kirkonulkomaanapu.fi\/#organization\"},\"alternateName\":\"KUA\",\"potentialAction\":[{\"@type\":\"SearchAction\",\"target\":{\"@type\":\"EntryPoint\",\"urlTemplate\":\"https:\/\/www.kirkonulkomaanapu.fi\/?s={search_term_string}\"},\"query-input\":{\"@type\":\"PropertyValueSpecification\",\"valueRequired\":true,\"valueName\":\"search_term_string\"}}],\"inLanguage\":\"sv-SE\"},{\"@type\":\"Organization\",\"@id\":\"https:\/\/www.kirkonulkomaanapu.fi\/#organization\",\"name\":\"Kirkon Ulkomaanapu\",\"alternateName\":\"KUA\",\"url\":\"https:\/\/www.kirkonulkomaanapu.fi\/\",\"logo\":{\"@type\":\"ImageObject\",\"inLanguage\":\"sv-SE\",\"@id\":\"https:\/\/www.kirkonulkomaanapu.fi\/#\/schema\/logo\/image\/\",\"url\":\"https:\/\/www.kirkonulkomaanapu.fi\/wp-content\/uploads\/2026\/02\/Kirkon-ulkomaanapu-logo-1.png\",\"contentUrl\":\"https:\/\/www.kirkonulkomaanapu.fi\/wp-content\/uploads\/2026\/02\/Kirkon-ulkomaanapu-logo-1.png\",\"width\":225,\"height\":225,\"caption\":\"Kirkon Ulkomaanapu\"},\"image\":{\"@id\":\"https:\/\/www.kirkonulkomaanapu.fi\/#\/schema\/logo\/image\/\"},\"sameAs\":[\"https:\/\/www.facebook.com\/Ulkomaanapu\/\",\"https:\/\/www.youtube.com\/user\/kirkonulkomaanapu\",\"https:\/\/instagram.com\/kirkon_ulkomaanapu\/\",\"https:\/\/www.linkedin.com\/company\/finn-church-aid\/\"]}]}<\/script>\n<!-- \/ Yoast SEO plugin. -->","yoast_head_json":{"title":"\u00c5rsber\u00e4ttelse 2018 - Kyrkans Utlandshj\u00e4lp","description":"F\u00f6r Kyrkans Utlandshj\u00e4lp var 2018 ett \u00e5r av stark verksamhet och nya innovationer. Vi fortsatte som Finlands st\u00f6rsta organisation f\u00f6r internationell hj\u00e4lp.Vi f\u00f6rnyade v\u00e5rt arbete och tog i bruk nya verktyg.","robots":{"index":"index","follow":"follow","max-snippet":"max-snippet:-1","max-image-preview":"max-image-preview:large","max-video-preview":"max-video-preview:-1"},"canonical":"https:\/\/www.kirkonulkomaanapu.fi\/sv\/om-oss\/historia\/arsberattelse-2018\/","og_locale":"sv_SE","og_type":"article","og_title":"\u00c5rsber\u00e4ttelse 2018 - Kyrkans Utlandshj\u00e4lp","og_description":"F\u00f6r Kyrkans Utlandshj\u00e4lp var 2018 ett \u00e5r av stark verksamhet och nya innovationer. Vi fortsatte som Finlands st\u00f6rsta organisation f\u00f6r internationell hj\u00e4lp.Vi f\u00f6rnyade v\u00e5rt arbete och tog i bruk nya verktyg.","og_url":"https:\/\/www.kirkonulkomaanapu.fi\/sv\/om-oss\/historia\/arsberattelse-2018\/","og_site_name":"Kyrkans Utlandshj\u00e4lp","article_publisher":"https:\/\/www.facebook.com\/Ulkomaanapu\/","article_modified_time":"2019-07-23T10:46:17+00:00","og_image":[{"width":1024,"height":559,"url":"https:\/\/www.kirkonulkomaanapu.fi\/wp-content\/uploads\/2019\/06\/Vuosikertomus_2018_kansi.jpg","type":"image\/jpeg"}],"twitter_misc":{"Ber\u00e4knad l\u00e4stid":"3 minuter"},"schema":{"@context":"https:\/\/schema.org","@graph":[{"@type":"WebPage","@id":"https:\/\/www.kirkonulkomaanapu.fi\/sv\/om-oss\/historia\/arsberattelse-2018\/","url":"https:\/\/www.kirkonulkomaanapu.fi\/sv\/om-oss\/historia\/arsberattelse-2018\/","name":"\u00c5rsber\u00e4ttelse 2018 - Kyrkans Utlandshj\u00e4lp","isPartOf":{"@id":"https:\/\/www.kirkonulkomaanapu.fi\/#website"},"primaryImageOfPage":{"@id":"https:\/\/www.kirkonulkomaanapu.fi\/sv\/om-oss\/historia\/arsberattelse-2018\/#primaryimage"},"image":{"@id":"https:\/\/www.kirkonulkomaanapu.fi\/sv\/om-oss\/historia\/arsberattelse-2018\/#primaryimage"},"thumbnailUrl":"https:\/\/www.kirkonulkomaanapu.fi\/wp-content\/uploads\/2019\/06\/Vuosikertomus_2018_kansi.jpg","datePublished":"2019-06-20T04:39:07+00:00","dateModified":"2019-07-23T10:46:17+00:00","description":"F\u00f6r Kyrkans Utlandshj\u00e4lp var 2018 ett \u00e5r av stark verksamhet och nya innovationer. Vi fortsatte som Finlands st\u00f6rsta organisation f\u00f6r internationell hj\u00e4lp.Vi f\u00f6rnyade v\u00e5rt arbete och tog i bruk nya verktyg.","breadcrumb":{"@id":"https:\/\/www.kirkonulkomaanapu.fi\/sv\/om-oss\/historia\/arsberattelse-2018\/#breadcrumb"},"inLanguage":"sv-SE","potentialAction":[{"@type":"ReadAction","target":["https:\/\/www.kirkonulkomaanapu.fi\/sv\/om-oss\/historia\/arsberattelse-2018\/"]}]},{"@type":"ImageObject","inLanguage":"sv-SE","@id":"https:\/\/www.kirkonulkomaanapu.fi\/sv\/om-oss\/historia\/arsberattelse-2018\/#primaryimage","url":"https:\/\/www.kirkonulkomaanapu.fi\/wp-content\/uploads\/2019\/06\/Vuosikertomus_2018_kansi.jpg","contentUrl":"https:\/\/www.kirkonulkomaanapu.fi\/wp-content\/uploads\/2019\/06\/Vuosikertomus_2018_kansi.jpg","width":1024,"height":559,"caption":"Nainen kirves olallaan, takana vuohi ja luontoa."},{"@type":"BreadcrumbList","@id":"https:\/\/www.kirkonulkomaanapu.fi\/sv\/om-oss\/historia\/arsberattelse-2018\/#breadcrumb","itemListElement":[{"@type":"ListItem","position":1,"name":"Home","item":"https:\/\/www.kirkonulkomaanapu.fi\/sv\/"},{"@type":"ListItem","position":2,"name":"Om oss","item":"https:\/\/www.kirkonulkomaanapu.fi\/sv\/om-oss\/"},{"@type":"ListItem","position":3,"name":"Historia","item":"https:\/\/www.kirkonulkomaanapu.fi\/sv\/om-oss\/historia\/"},{"@type":"ListItem","position":4,"name":"\u00c5rsber\u00e4ttelse 2018"}]},{"@type":"WebSite","@id":"https:\/\/www.kirkonulkomaanapu.fi\/#website","url":"https:\/\/www.kirkonulkomaanapu.fi\/","name":"Kirkon Ulkomaanapu","description":"Suomen suurin kehitysyhteisty\u00f6j\u00e4rjest\u00f6","publisher":{"@id":"https:\/\/www.kirkonulkomaanapu.fi\/#organization"},"alternateName":"KUA","potentialAction":[{"@type":"SearchAction","target":{"@type":"EntryPoint","urlTemplate":"https:\/\/www.kirkonulkomaanapu.fi\/?s={search_term_string}"},"query-input":{"@type":"PropertyValueSpecification","valueRequired":true,"valueName":"search_term_string"}}],"inLanguage":"sv-SE"},{"@type":"Organization","@id":"https:\/\/www.kirkonulkomaanapu.fi\/#organization","name":"Kirkon Ulkomaanapu","alternateName":"KUA","url":"https:\/\/www.kirkonulkomaanapu.fi\/","logo":{"@type":"ImageObject","inLanguage":"sv-SE","@id":"https:\/\/www.kirkonulkomaanapu.fi\/#\/schema\/logo\/image\/","url":"https:\/\/www.kirkonulkomaanapu.fi\/wp-content\/uploads\/2026\/02\/Kirkon-ulkomaanapu-logo-1.png","contentUrl":"https:\/\/www.kirkonulkomaanapu.fi\/wp-content\/uploads\/2026\/02\/Kirkon-ulkomaanapu-logo-1.png","width":225,"height":225,"caption":"Kirkon Ulkomaanapu"},"image":{"@id":"https:\/\/www.kirkonulkomaanapu.fi\/#\/schema\/logo\/image\/"},"sameAs":["https:\/\/www.facebook.com\/Ulkomaanapu\/","https:\/\/www.youtube.com\/user\/kirkonulkomaanapu","https:\/\/instagram.com\/kirkon_ulkomaanapu\/","https:\/\/www.linkedin.com\/company\/finn-church-aid\/"]}]}},"_links":{"self":[{"href":"https:\/\/www.kirkonulkomaanapu.fi\/sv\/wp-json\/wp\/v2\/pages\/94436","targetHints":{"allow":["GET"]}}],"collection":[{"href":"https:\/\/www.kirkonulkomaanapu.fi\/sv\/wp-json\/wp\/v2\/pages"}],"about":[{"href":"https:\/\/www.kirkonulkomaanapu.fi\/sv\/wp-json\/wp\/v2\/types\/page"}],"author":[{"embeddable":true,"href":"https:\/\/www.kirkonulkomaanapu.fi\/sv\/wp-json\/wp\/v2\/users\/101"}],"replies":[{"embeddable":true,"href":"https:\/\/www.kirkonulkomaanapu.fi\/sv\/wp-json\/wp\/v2\/comments?post=94436"}],"version-history":[{"count":4,"href":"https:\/\/www.kirkonulkomaanapu.fi\/sv\/wp-json\/wp\/v2\/pages\/94436\/revisions"}],"predecessor-version":[{"id":95268,"href":"https:\/\/www.kirkonulkomaanapu.fi\/sv\/wp-json\/wp\/v2\/pages\/94436\/revisions\/95268"}],"up":[{"embeddable":true,"href":"https:\/\/www.kirkonulkomaanapu.fi\/sv\/wp-json\/wp\/v2\/pages\/3277"}],"wp:featuredmedia":[{"embeddable":true,"href":"https:\/\/www.kirkonulkomaanapu.fi\/sv\/wp-json\/wp\/v2\/media\/94283"}],"wp:attachment":[{"href":"https:\/\/www.kirkonulkomaanapu.fi\/sv\/wp-json\/wp\/v2\/media?parent=94436"}],"curies":[{"name":"wp","href":"https:\/\/api.w.org\/{rel}","templated":true}]}}