{"id":87781,"date":"2018-07-06T11:10:51","date_gmt":"2018-07-06T08:10:51","guid":{"rendered":"https:\/\/www.kirkonulkomaanapu.fi\/?page_id=87781"},"modified":"2018-07-06T12:57:43","modified_gmt":"2018-07-06T09:57:43","slug":"flyktingfragor-en-tyngdpunkt-i-paverkansarbetet","status":"publish","type":"page","link":"https:\/\/www.kirkonulkomaanapu.fi\/sv\/om-oss\/arsberattelse-2017\/flyktingfragor-en-tyngdpunkt-i-paverkansarbetet\/","title":{"rendered":"Flyktingfr\u00e5gor en tyngdpunkt i p\u00e5verkansarbetet"},"content":{"rendered":"<p class=\"lead\">Kyrkans Utlandshj\u00e4lp har tillsammans med sina samarbetspartner fortsatt f\u00f6rdjupa och utveckla p\u00e5verkansarbetet p\u00e5 en global, nationell och lokal niv\u00e5.<\/p>\n","protected":false},"excerpt":{"rendered":"<p>Kyrkans Utlandshj\u00e4lp har tillsammans med sina samarbetspartner fortsatt f\u00f6rdjupa och utveckla p\u00e5verkansarbetet p\u00e5 en global, nationell och lokal niv\u00e5.<\/p>\n","protected":false},"author":101,"featured_media":87613,"parent":87745,"menu_order":1,"comment_status":"closed","ping_status":"closed","template":"page-templates\/vuosikertomus.php","meta":{"_acf_changed":false,"_relevanssi_hide_post":"","_relevanssi_hide_content":"","_relevanssi_pin_for_all":"","_relevanssi_pin_keywords":"","_relevanssi_unpin_keywords":"","_relevanssi_related_keywords":"","_relevanssi_related_include_ids":"","_relevanssi_related_exclude_ids":"","_relevanssi_related_no_append":"","_relevanssi_related_not_related":"","_relevanssi_related_posts":"","_relevanssi_noindex_reason":"","_improvement_type_select":"improve_an_existing","_thumb_yes_seoaic":false,"_frame_yes_seoaic":false,"seoaic_generate_description":"","seoaic_improve_instructions_prompt":"","seoaic_rollback_content_improvement":"","seoaic_idea_thumbnail_generator":"","thumbnail_generated":false,"thumbnail_generate_prompt":"","seoaic_article_description":"","footnotes":""},"class_list":["post-87781","page","type-page","status-publish","has-post-thumbnail","hentry"],"acf":[],"yoast_head":"<!-- This site is optimized with the Yoast SEO plugin v26.9 - https:\/\/yoast.com\/product\/yoast-seo-wordpress\/ -->\n<title>Flyktingfr\u00e5gor en tyngdpunkt i p\u00e5verkansarbetet - Kyrkans Utlandshj\u00e4lp<\/title>\n<meta name=\"robots\" content=\"index, follow, max-snippet:-1, max-image-preview:large, max-video-preview:-1\" \/>\n<link rel=\"canonical\" href=\"https:\/\/www.kirkonulkomaanapu.fi\/sv\/om-oss\/arsberattelse-2017\/flyktingfragor-en-tyngdpunkt-i-paverkansarbetet\/\" \/>\n<meta property=\"og:locale\" content=\"sv_SE\" \/>\n<meta property=\"og:type\" content=\"article\" \/>\n<meta property=\"og:title\" content=\"Flyktingfr\u00e5gor en tyngdpunkt i p\u00e5verkansarbetet - Kyrkans Utlandshj\u00e4lp\" \/>\n<meta property=\"og:description\" content=\"Kyrkans Utlandshj\u00e4lp har tillsammans med sina samarbetspartner fortsatt f\u00f6rdjupa och utveckla p\u00e5verkansarbetet p\u00e5 en global, nationell och lokal niv\u00e5.\" \/>\n<meta property=\"og:url\" content=\"https:\/\/www.kirkonulkomaanapu.fi\/sv\/om-oss\/arsberattelse-2017\/flyktingfragor-en-tyngdpunkt-i-paverkansarbetet\/\" \/>\n<meta property=\"og:site_name\" content=\"Kyrkans Utlandshj\u00e4lp\" \/>\n<meta property=\"article:publisher\" content=\"https:\/\/www.facebook.com\/Ulkomaanapu\/\" \/>\n<meta property=\"article:modified_time\" content=\"2018-07-06T09:57:43+00:00\" \/>\n<meta property=\"og:image\" content=\"https:\/\/www.kirkonulkomaanapu.fi\/wp-content\/uploads\/2018\/07\/21_vaikuttaminen_FCA_YV2018_Uganda_School_106.jpg\" \/>\n\t<meta property=\"og:image:width\" content=\"1024\" \/>\n\t<meta property=\"og:image:height\" content=\"683\" \/>\n\t<meta property=\"og:image:type\" content=\"image\/jpeg\" \/>\n<script type=\"application\/ld+json\" class=\"yoast-schema-graph\">{\"@context\":\"https:\/\/schema.org\",\"@graph\":[{\"@type\":\"WebPage\",\"@id\":\"https:\/\/www.kirkonulkomaanapu.fi\/sv\/om-oss\/arsberattelse-2017\/flyktingfragor-en-tyngdpunkt-i-paverkansarbetet\/\",\"url\":\"https:\/\/www.kirkonulkomaanapu.fi\/sv\/om-oss\/arsberattelse-2017\/flyktingfragor-en-tyngdpunkt-i-paverkansarbetet\/\",\"name\":\"Flyktingfr\u00e5gor en tyngdpunkt i p\u00e5verkansarbetet - Kyrkans Utlandshj\u00e4lp\",\"isPartOf\":{\"@id\":\"https:\/\/www.kirkonulkomaanapu.fi\/#website\"},\"primaryImageOfPage\":{\"@id\":\"https:\/\/www.kirkonulkomaanapu.fi\/sv\/om-oss\/arsberattelse-2017\/flyktingfragor-en-tyngdpunkt-i-paverkansarbetet\/#primaryimage\"},\"image\":{\"@id\":\"https:\/\/www.kirkonulkomaanapu.fi\/sv\/om-oss\/arsberattelse-2017\/flyktingfragor-en-tyngdpunkt-i-paverkansarbetet\/#primaryimage\"},\"thumbnailUrl\":\"https:\/\/www.kirkonulkomaanapu.fi\/wp-content\/uploads\/2018\/07\/21_vaikuttaminen_FCA_YV2018_Uganda_School_106.jpg\",\"datePublished\":\"2018-07-06T08:10:51+00:00\",\"dateModified\":\"2018-07-06T09:57:43+00:00\",\"breadcrumb\":{\"@id\":\"https:\/\/www.kirkonulkomaanapu.fi\/sv\/om-oss\/arsberattelse-2017\/flyktingfragor-en-tyngdpunkt-i-paverkansarbetet\/#breadcrumb\"},\"inLanguage\":\"sv-SE\",\"potentialAction\":[{\"@type\":\"ReadAction\",\"target\":[\"https:\/\/www.kirkonulkomaanapu.fi\/sv\/om-oss\/arsberattelse-2017\/flyktingfragor-en-tyngdpunkt-i-paverkansarbetet\/\"]}]},{\"@type\":\"ImageObject\",\"inLanguage\":\"sv-SE\",\"@id\":\"https:\/\/www.kirkonulkomaanapu.fi\/sv\/om-oss\/arsberattelse-2017\/flyktingfragor-en-tyngdpunkt-i-paverkansarbetet\/#primaryimage\",\"url\":\"https:\/\/www.kirkonulkomaanapu.fi\/wp-content\/uploads\/2018\/07\/21_vaikuttaminen_FCA_YV2018_Uganda_School_106.jpg\",\"contentUrl\":\"https:\/\/www.kirkonulkomaanapu.fi\/wp-content\/uploads\/2018\/07\/21_vaikuttaminen_FCA_YV2018_Uganda_School_106.jpg\",\"width\":1024,\"height\":683,\"caption\":\"Yhteisvastuu \/ Common Responsibility Campaign 2018. Education is a priority. Many refugee chidren haven't been able to go to school since leaving their homes in South Sudan, so it's important to get them back to school quickly after their arrival in the refugee settlement. Finn Church Aid and EU Humanitarian Aid have constructed semi-permanent schools to accommodate the classes, and students are now moving into them from these temporary tent schools. Photo: Tatu Blomqvist \/ FInn Church Aid\"},{\"@type\":\"BreadcrumbList\",\"@id\":\"https:\/\/www.kirkonulkomaanapu.fi\/sv\/om-oss\/arsberattelse-2017\/flyktingfragor-en-tyngdpunkt-i-paverkansarbetet\/#breadcrumb\",\"itemListElement\":[{\"@type\":\"ListItem\",\"position\":1,\"name\":\"Home\",\"item\":\"https:\/\/www.kirkonulkomaanapu.fi\/sv\/\"},{\"@type\":\"ListItem\",\"position\":2,\"name\":\"Om oss\",\"item\":\"https:\/\/www.kirkonulkomaanapu.fi\/sv\/om-oss\/\"},{\"@type\":\"ListItem\",\"position\":3,\"name\":\"\u00c5rsber\u00e4ttelse 2017\",\"item\":\"https:\/\/www.kirkonulkomaanapu.fi\/sv\/om-oss\/arsberattelse-2017\/\"},{\"@type\":\"ListItem\",\"position\":4,\"name\":\"Flyktingfr\u00e5gor en tyngdpunkt i p\u00e5verkansarbetet\"}]},{\"@type\":\"WebSite\",\"@id\":\"https:\/\/www.kirkonulkomaanapu.fi\/#website\",\"url\":\"https:\/\/www.kirkonulkomaanapu.fi\/\",\"name\":\"Kirkon Ulkomaanapu\",\"description\":\"Suomen suurin kehitysyhteisty\u00f6j\u00e4rjest\u00f6\",\"publisher\":{\"@id\":\"https:\/\/www.kirkonulkomaanapu.fi\/#organization\"},\"alternateName\":\"KUA\",\"potentialAction\":[{\"@type\":\"SearchAction\",\"target\":{\"@type\":\"EntryPoint\",\"urlTemplate\":\"https:\/\/www.kirkonulkomaanapu.fi\/?s={search_term_string}\"},\"query-input\":{\"@type\":\"PropertyValueSpecification\",\"valueRequired\":true,\"valueName\":\"search_term_string\"}}],\"inLanguage\":\"sv-SE\"},{\"@type\":\"Organization\",\"@id\":\"https:\/\/www.kirkonulkomaanapu.fi\/#organization\",\"name\":\"Kirkon Ulkomaanapu\",\"alternateName\":\"KUA\",\"url\":\"https:\/\/www.kirkonulkomaanapu.fi\/\",\"logo\":{\"@type\":\"ImageObject\",\"inLanguage\":\"sv-SE\",\"@id\":\"https:\/\/www.kirkonulkomaanapu.fi\/#\/schema\/logo\/image\/\",\"url\":\"https:\/\/www.kirkonulkomaanapu.fi\/wp-content\/uploads\/2026\/02\/Kirkon-ulkomaanapu-logo-1.png\",\"contentUrl\":\"https:\/\/www.kirkonulkomaanapu.fi\/wp-content\/uploads\/2026\/02\/Kirkon-ulkomaanapu-logo-1.png\",\"width\":225,\"height\":225,\"caption\":\"Kirkon Ulkomaanapu\"},\"image\":{\"@id\":\"https:\/\/www.kirkonulkomaanapu.fi\/#\/schema\/logo\/image\/\"},\"sameAs\":[\"https:\/\/www.facebook.com\/Ulkomaanapu\/\",\"https:\/\/www.youtube.com\/user\/kirkonulkomaanapu\",\"https:\/\/instagram.com\/kirkon_ulkomaanapu\/\",\"https:\/\/www.linkedin.com\/company\/finn-church-aid\/\"]}]}<\/script>\n<!-- \/ Yoast SEO plugin. -->","yoast_head_json":{"title":"Flyktingfr\u00e5gor en tyngdpunkt i p\u00e5verkansarbetet - Kyrkans Utlandshj\u00e4lp","robots":{"index":"index","follow":"follow","max-snippet":"max-snippet:-1","max-image-preview":"max-image-preview:large","max-video-preview":"max-video-preview:-1"},"canonical":"https:\/\/www.kirkonulkomaanapu.fi\/sv\/om-oss\/arsberattelse-2017\/flyktingfragor-en-tyngdpunkt-i-paverkansarbetet\/","og_locale":"sv_SE","og_type":"article","og_title":"Flyktingfr\u00e5gor en tyngdpunkt i p\u00e5verkansarbetet - Kyrkans Utlandshj\u00e4lp","og_description":"Kyrkans Utlandshj\u00e4lp har tillsammans med sina samarbetspartner fortsatt f\u00f6rdjupa och utveckla p\u00e5verkansarbetet p\u00e5 en global, nationell och lokal niv\u00e5.","og_url":"https:\/\/www.kirkonulkomaanapu.fi\/sv\/om-oss\/arsberattelse-2017\/flyktingfragor-en-tyngdpunkt-i-paverkansarbetet\/","og_site_name":"Kyrkans Utlandshj\u00e4lp","article_publisher":"https:\/\/www.facebook.com\/Ulkomaanapu\/","article_modified_time":"2018-07-06T09:57:43+00:00","og_image":[{"width":1024,"height":683,"url":"https:\/\/www.kirkonulkomaanapu.fi\/wp-content\/uploads\/2018\/07\/21_vaikuttaminen_FCA_YV2018_Uganda_School_106.jpg","type":"image\/jpeg"}],"schema":{"@context":"https:\/\/schema.org","@graph":[{"@type":"WebPage","@id":"https:\/\/www.kirkonulkomaanapu.fi\/sv\/om-oss\/arsberattelse-2017\/flyktingfragor-en-tyngdpunkt-i-paverkansarbetet\/","url":"https:\/\/www.kirkonulkomaanapu.fi\/sv\/om-oss\/arsberattelse-2017\/flyktingfragor-en-tyngdpunkt-i-paverkansarbetet\/","name":"Flyktingfr\u00e5gor en tyngdpunkt i p\u00e5verkansarbetet - Kyrkans Utlandshj\u00e4lp","isPartOf":{"@id":"https:\/\/www.kirkonulkomaanapu.fi\/#website"},"primaryImageOfPage":{"@id":"https:\/\/www.kirkonulkomaanapu.fi\/sv\/om-oss\/arsberattelse-2017\/flyktingfragor-en-tyngdpunkt-i-paverkansarbetet\/#primaryimage"},"image":{"@id":"https:\/\/www.kirkonulkomaanapu.fi\/sv\/om-oss\/arsberattelse-2017\/flyktingfragor-en-tyngdpunkt-i-paverkansarbetet\/#primaryimage"},"thumbnailUrl":"https:\/\/www.kirkonulkomaanapu.fi\/wp-content\/uploads\/2018\/07\/21_vaikuttaminen_FCA_YV2018_Uganda_School_106.jpg","datePublished":"2018-07-06T08:10:51+00:00","dateModified":"2018-07-06T09:57:43+00:00","breadcrumb":{"@id":"https:\/\/www.kirkonulkomaanapu.fi\/sv\/om-oss\/arsberattelse-2017\/flyktingfragor-en-tyngdpunkt-i-paverkansarbetet\/#breadcrumb"},"inLanguage":"sv-SE","potentialAction":[{"@type":"ReadAction","target":["https:\/\/www.kirkonulkomaanapu.fi\/sv\/om-oss\/arsberattelse-2017\/flyktingfragor-en-tyngdpunkt-i-paverkansarbetet\/"]}]},{"@type":"ImageObject","inLanguage":"sv-SE","@id":"https:\/\/www.kirkonulkomaanapu.fi\/sv\/om-oss\/arsberattelse-2017\/flyktingfragor-en-tyngdpunkt-i-paverkansarbetet\/#primaryimage","url":"https:\/\/www.kirkonulkomaanapu.fi\/wp-content\/uploads\/2018\/07\/21_vaikuttaminen_FCA_YV2018_Uganda_School_106.jpg","contentUrl":"https:\/\/www.kirkonulkomaanapu.fi\/wp-content\/uploads\/2018\/07\/21_vaikuttaminen_FCA_YV2018_Uganda_School_106.jpg","width":1024,"height":683,"caption":"Yhteisvastuu \/ Common Responsibility Campaign 2018. Education is a priority. Many refugee chidren haven't been able to go to school since leaving their homes in South Sudan, so it's important to get them back to school quickly after their arrival in the refugee settlement. Finn Church Aid and EU Humanitarian Aid have constructed semi-permanent schools to accommodate the classes, and students are now moving into them from these temporary tent schools. Photo: Tatu Blomqvist \/ FInn Church Aid"},{"@type":"BreadcrumbList","@id":"https:\/\/www.kirkonulkomaanapu.fi\/sv\/om-oss\/arsberattelse-2017\/flyktingfragor-en-tyngdpunkt-i-paverkansarbetet\/#breadcrumb","itemListElement":[{"@type":"ListItem","position":1,"name":"Home","item":"https:\/\/www.kirkonulkomaanapu.fi\/sv\/"},{"@type":"ListItem","position":2,"name":"Om oss","item":"https:\/\/www.kirkonulkomaanapu.fi\/sv\/om-oss\/"},{"@type":"ListItem","position":3,"name":"\u00c5rsber\u00e4ttelse 2017","item":"https:\/\/www.kirkonulkomaanapu.fi\/sv\/om-oss\/arsberattelse-2017\/"},{"@type":"ListItem","position":4,"name":"Flyktingfr\u00e5gor en tyngdpunkt i p\u00e5verkansarbetet"}]},{"@type":"WebSite","@id":"https:\/\/www.kirkonulkomaanapu.fi\/#website","url":"https:\/\/www.kirkonulkomaanapu.fi\/","name":"Kirkon Ulkomaanapu","description":"Suomen suurin kehitysyhteisty\u00f6j\u00e4rjest\u00f6","publisher":{"@id":"https:\/\/www.kirkonulkomaanapu.fi\/#organization"},"alternateName":"KUA","potentialAction":[{"@type":"SearchAction","target":{"@type":"EntryPoint","urlTemplate":"https:\/\/www.kirkonulkomaanapu.fi\/?s={search_term_string}"},"query-input":{"@type":"PropertyValueSpecification","valueRequired":true,"valueName":"search_term_string"}}],"inLanguage":"sv-SE"},{"@type":"Organization","@id":"https:\/\/www.kirkonulkomaanapu.fi\/#organization","name":"Kirkon Ulkomaanapu","alternateName":"KUA","url":"https:\/\/www.kirkonulkomaanapu.fi\/","logo":{"@type":"ImageObject","inLanguage":"sv-SE","@id":"https:\/\/www.kirkonulkomaanapu.fi\/#\/schema\/logo\/image\/","url":"https:\/\/www.kirkonulkomaanapu.fi\/wp-content\/uploads\/2026\/02\/Kirkon-ulkomaanapu-logo-1.png","contentUrl":"https:\/\/www.kirkonulkomaanapu.fi\/wp-content\/uploads\/2026\/02\/Kirkon-ulkomaanapu-logo-1.png","width":225,"height":225,"caption":"Kirkon Ulkomaanapu"},"image":{"@id":"https:\/\/www.kirkonulkomaanapu.fi\/#\/schema\/logo\/image\/"},"sameAs":["https:\/\/www.facebook.com\/Ulkomaanapu\/","https:\/\/www.youtube.com\/user\/kirkonulkomaanapu","https:\/\/instagram.com\/kirkon_ulkomaanapu\/","https:\/\/www.linkedin.com\/company\/finn-church-aid\/"]}]}},"_links":{"self":[{"href":"https:\/\/www.kirkonulkomaanapu.fi\/sv\/wp-json\/wp\/v2\/pages\/87781","targetHints":{"allow":["GET"]}}],"collection":[{"href":"https:\/\/www.kirkonulkomaanapu.fi\/sv\/wp-json\/wp\/v2\/pages"}],"about":[{"href":"https:\/\/www.kirkonulkomaanapu.fi\/sv\/wp-json\/wp\/v2\/types\/page"}],"author":[{"embeddable":true,"href":"https:\/\/www.kirkonulkomaanapu.fi\/sv\/wp-json\/wp\/v2\/users\/101"}],"replies":[{"embeddable":true,"href":"https:\/\/www.kirkonulkomaanapu.fi\/sv\/wp-json\/wp\/v2\/comments?post=87781"}],"version-history":[{"count":2,"href":"https:\/\/www.kirkonulkomaanapu.fi\/sv\/wp-json\/wp\/v2\/pages\/87781\/revisions"}],"predecessor-version":[{"id":87801,"href":"https:\/\/www.kirkonulkomaanapu.fi\/sv\/wp-json\/wp\/v2\/pages\/87781\/revisions\/87801"}],"up":[{"embeddable":true,"href":"https:\/\/www.kirkonulkomaanapu.fi\/sv\/wp-json\/wp\/v2\/pages\/87745"}],"wp:featuredmedia":[{"embeddable":true,"href":"https:\/\/www.kirkonulkomaanapu.fi\/sv\/wp-json\/wp\/v2\/media\/87613"}],"wp:attachment":[{"href":"https:\/\/www.kirkonulkomaanapu.fi\/sv\/wp-json\/wp\/v2\/media?parent=87781"}],"curies":[{"name":"wp","href":"https:\/\/api.w.org\/{rel}","templated":true}]}}