{"id":87745,"date":"2018-07-05T11:17:39","date_gmt":"2018-07-05T08:17:39","guid":{"rendered":"https:\/\/www.kirkonulkomaanapu.fi\/?page_id=87745"},"modified":"2021-05-10T16:25:23","modified_gmt":"2021-05-10T13:25:23","slug":"arsberattelse-2017","status":"publish","type":"page","link":"https:\/\/www.kirkonulkomaanapu.fi\/sv\/om-oss\/arsberattelse-2017\/","title":{"rendered":"\u00c5rsber\u00e4ttelse 2017"},"content":{"rendered":"<h2>H\u00f6gklassigt arbete m\u00f6ter behov<\/h2>\n<p>\u00c5r 2017 var ett bra \u00e5r f\u00f6r Kyrkans Utlandshj\u00e4lp (KUH). V\u00e5ra bist\u00e5ndsprogram v\u00e4xte med \u00f6ver sju miljoner euro. \u00c4ven om s\u00e4kerhetsl\u00e4get f\u00f6rsv\u00e5rade arbetet i flera av programl\u00e4nderna gav v\u00e5rt arbete resultat. Hundratusentals m\u00e4nniskor fick hj\u00e4lp via oss.<\/p>\n<p>Resultaten \u00e4r goda tack vare att vi st\u00e4ndigt utvecklar v\u00e5rt arbete s\u00e5 att det m\u00f6ter m\u00e4nn &#8211; iskornas behov s\u00e5 bra som m\u00f6jligt.<\/p>\n<p>Ett skriande behov, p\u00e5 m\u00e5nga h\u00e5ll i v\u00e4rlden, g\u00e4ller god yrkesutbildning f\u00f6r unga.<\/p>\n<p>I synnerhet i Afrika \u00f6kar antalet unga mycket snabbt. Enligt FN:s prognoser \u00f6kar antalet 15\u201324-\u00e5ringar i Afrika med 42 procent till \u00e5r 2030. Det beh\u00f6vs utbildning s\u00e5 att de unga kan garanteras arbete och utkomst d\u00e4r de bor. P\u00e5 s\u00e5 s\u00e4tt kan man ocks\u00e5 undvika konflikter.<\/p>\n<p>Till exempel i Uganda, d\u00e4r det uppskattas finnas 1,3 miljoner flyktingar, pr\u00f6var KUH att ordna utbildning tillsammans med FN:s flyktingorgan UNHCR och den finl\u00e4ndska utbildningsexport\u00f6ren Omnia Education Partnerships Oy. De flyktingunga som deltar i utbildningen avl\u00e4gger finl\u00e4ndsk yrkesexamen i f\u00f6retagande. De f\u00e5r ett officiellt examensin &#8211; tyg som duger i landet de \u00e5terv\u00e4nder till eller bos\u00e4tter sig i.<\/p>\n<p>Flyktingskap \u00e4r, p\u00e5 ett eller annat s\u00e4tt, n\u00e4rvarande i n\u00e4stan alla v\u00e5ra programl\u00e4nder. I v\u00e5rt arbete ser vi tydligt att flyktingarnas antal i v\u00e4rlden \u00e4r rekordstort: \u00f6ver 65 miljoner m\u00e4nniskor har tvingats l\u00e4mna sina hem.<\/p>\n<p>V\u00e5rt fredsarbete tar sig m\u00e5nga uttryck s\u00e5v\u00e4l i Finland som i programl\u00e4nderna. Vi jobbar f\u00f6r att i arbetet dra nytta av traditionella och religi\u00f6sa ledares samt kvinnors och ungas perspektiv, b\u00e5de i det f\u00f6rebyggande arbetet och i konfliktsituationer. \u00c4ven v\u00e5rt medlings &#8211; arbete h\u00e5ller p\u00e5 att f\u00e5 en framtr\u00e4dande roll.<\/p>\n<p>Att utveckla den privata sektorn f\u00f6r att skapa jobb och utkomstm\u00f6jligheter \u00e4r en ny och v\u00e4xande del av Utlandshj\u00e4lpens arbete. Kvinnobanken har redan i tio \u00e5r verkat f\u00f6r att st\u00f6da kvinnors f\u00f6retagande. Verksamheten har utvidgats och utvecklats ocks\u00e5 i riktning mot l\u00e5ngivande till sm\u00e5f\u00f6retag.<\/p>\n<p>Huvudfokus i v\u00e5rt arbete ligger p\u00e5 Afrikas sk\u00f6ra stater och Mellan\u00f6stern, i synnerhet p\u00e5 Syrien och p\u00e5 att hj\u00e4lpa de syriska flyktingarna. Ocks\u00e5 i Asiens fattiga l\u00e4nder finns mycket att g\u00f6ra.<\/p>\n<p><img loading=\"lazy\" decoding=\"async\" class=\"wp-image-81228 alignright\" src=\"https:\/\/www.kirkonulkomaanapu.fi\/wp-content\/uploads\/2017\/06\/jounihemberg_03web.jpg\" alt=\"\" width=\"280\" height=\"347\" srcset=\"https:\/\/www.kirkonulkomaanapu.fi\/wp-content\/uploads\/2017\/06\/jounihemberg_03web.jpg 282w, https:\/\/www.kirkonulkomaanapu.fi\/wp-content\/uploads\/2017\/06\/jounihemberg_03web-144x178.jpg 144w\" sizes=\"auto, (max-width: 280px) 100vw, 280px\" \/><\/p>\n<p>KUH verkar i samarbete med de lokala myn &#8211; digheterna och medborgarsamh\u00e4llet. \u00c4ven FN och andra internationella akt\u00f6rer \u00e4r viktiga samarbetspartner.<\/p>\n<p>Att v\u00e5r verksamhet v\u00e4xer visar vilket f\u00f6rtro &#8211; ende v\u00e5ra bidragsgivare har f\u00f6r v\u00e5rt arbete. Vi tackar f\u00f6r f\u00f6rtroendet, och lovar att forts\u00e4tta arbeta f\u00f6r m\u00e4nniskov\u00e4rdet.<\/p>\n<p><strong>Jouni\u00a0Hemberg\u00a0<\/strong><br \/>\nverksamhetsledare f\u00f6r Kyrkans Utlandshj\u00e4lp<\/p>\n","protected":false},"excerpt":{"rendered":"<p>H\u00f6gklassigt arbete m\u00f6ter behov \u00c5r 2017 var ett bra \u00e5r f\u00f6r Kyrkans Utlandshj\u00e4lp (KUH). V\u00e5ra bist\u00e5ndsprogram v\u00e4xte med \u00f6ver sju miljoner euro. \u00c4ven om s\u00e4kerhetsl\u00e4get f\u00f6rsv\u00e5rade arbetet i flera av programl\u00e4nderna gav v\u00e5rt arbete resultat. Hundratusentals m\u00e4nniskor fick hj\u00e4lp via oss. Resultaten \u00e4r goda tack vare att vi st\u00e4ndigt utvecklar v\u00e5rt arbete s\u00e5 att det [&hellip;]<\/p>\n","protected":false},"author":101,"featured_media":87633,"parent":116383,"menu_order":1,"comment_status":"closed","ping_status":"closed","template":"page-templates\/vuosikertomus.php","meta":{"_acf_changed":false,"_relevanssi_hide_post":"","_relevanssi_hide_content":"","_relevanssi_pin_for_all":"","_relevanssi_pin_keywords":"","_relevanssi_unpin_keywords":"","_relevanssi_related_keywords":"","_relevanssi_related_include_ids":"","_relevanssi_related_exclude_ids":"","_relevanssi_related_no_append":"","_relevanssi_related_not_related":"","_relevanssi_related_posts":"","_relevanssi_noindex_reason":"","_improvement_type_select":"improve_an_existing","_thumb_yes_seoaic":false,"_frame_yes_seoaic":false,"seoaic_generate_description":"","seoaic_improve_instructions_prompt":"","seoaic_rollback_content_improvement":"","seoaic_idea_thumbnail_generator":"","thumbnail_generated":false,"thumbnail_generate_prompt":"","seoaic_article_description":"","footnotes":""},"class_list":["post-87745","page","type-page","status-publish","has-post-thumbnail","hentry"],"acf":[],"yoast_head":"<!-- This site is optimized with the Yoast SEO plugin v26.9 - https:\/\/yoast.com\/product\/yoast-seo-wordpress\/ -->\n<title>\u00c5rsber\u00e4ttelse 2017 - Kyrkans Utlandshj\u00e4lp<\/title>\n<meta name=\"robots\" content=\"index, follow, max-snippet:-1, max-image-preview:large, max-video-preview:-1\" \/>\n<link rel=\"canonical\" href=\"https:\/\/www.kirkonulkomaanapu.fi\/sv\/om-oss\/arsberattelse-2017\/\" \/>\n<meta property=\"og:locale\" content=\"sv_SE\" \/>\n<meta property=\"og:type\" content=\"article\" \/>\n<meta property=\"og:title\" content=\"\u00c5rsber\u00e4ttelse 2017 - Kyrkans Utlandshj\u00e4lp\" \/>\n<meta property=\"og:description\" content=\"H\u00f6gklassigt arbete m\u00f6ter behov \u00c5r 2017 var ett bra \u00e5r f\u00f6r Kyrkans Utlandshj\u00e4lp (KUH). V\u00e5ra bist\u00e5ndsprogram v\u00e4xte med \u00f6ver sju miljoner euro. \u00c4ven om s\u00e4kerhetsl\u00e4get f\u00f6rsv\u00e5rade arbetet i flera av programl\u00e4nderna gav v\u00e5rt arbete resultat. Hundratusentals m\u00e4nniskor fick hj\u00e4lp via oss. Resultaten \u00e4r goda tack vare att vi st\u00e4ndigt utvecklar v\u00e5rt arbete s\u00e5 att det [&hellip;]\" \/>\n<meta property=\"og:url\" content=\"https:\/\/www.kirkonulkomaanapu.fi\/sv\/om-oss\/arsberattelse-2017\/\" \/>\n<meta property=\"og:site_name\" content=\"Kyrkans Utlandshj\u00e4lp\" \/>\n<meta property=\"article:publisher\" content=\"https:\/\/www.facebook.com\/Ulkomaanapu\/\" \/>\n<meta property=\"article:modified_time\" content=\"2021-05-10T13:25:23+00:00\" \/>\n<meta property=\"og:image\" content=\"https:\/\/www.kirkonulkomaanapu.fi\/wp-content\/uploads\/2018\/07\/AratiTsandari-1773_1024x554.jpg\" \/>\n\t<meta property=\"og:image:width\" content=\"1024\" \/>\n\t<meta property=\"og:image:height\" content=\"554\" \/>\n\t<meta property=\"og:image:type\" content=\"image\/jpeg\" \/>\n<meta name=\"twitter:label1\" content=\"Ber\u00e4knad l\u00e4stid\" \/>\n\t<meta name=\"twitter:data1\" content=\"2 minuter\" \/>\n<script type=\"application\/ld+json\" class=\"yoast-schema-graph\">{\"@context\":\"https:\/\/schema.org\",\"@graph\":[{\"@type\":\"WebPage\",\"@id\":\"https:\/\/www.kirkonulkomaanapu.fi\/sv\/om-oss\/arsberattelse-2017\/\",\"url\":\"https:\/\/www.kirkonulkomaanapu.fi\/sv\/om-oss\/arsberattelse-2017\/\",\"name\":\"\u00c5rsber\u00e4ttelse 2017 - Kyrkans Utlandshj\u00e4lp\",\"isPartOf\":{\"@id\":\"https:\/\/www.kirkonulkomaanapu.fi\/#website\"},\"primaryImageOfPage\":{\"@id\":\"https:\/\/www.kirkonulkomaanapu.fi\/sv\/om-oss\/arsberattelse-2017\/#primaryimage\"},\"image\":{\"@id\":\"https:\/\/www.kirkonulkomaanapu.fi\/sv\/om-oss\/arsberattelse-2017\/#primaryimage\"},\"thumbnailUrl\":\"https:\/\/www.kirkonulkomaanapu.fi\/wp-content\/uploads\/2018\/07\/AratiTsandari-1773_1024x554.jpg\",\"datePublished\":\"2018-07-05T08:17:39+00:00\",\"dateModified\":\"2021-05-10T13:25:23+00:00\",\"breadcrumb\":{\"@id\":\"https:\/\/www.kirkonulkomaanapu.fi\/sv\/om-oss\/arsberattelse-2017\/#breadcrumb\"},\"inLanguage\":\"sv-SE\",\"potentialAction\":[{\"@type\":\"ReadAction\",\"target\":[\"https:\/\/www.kirkonulkomaanapu.fi\/sv\/om-oss\/arsberattelse-2017\/\"]}]},{\"@type\":\"ImageObject\",\"inLanguage\":\"sv-SE\",\"@id\":\"https:\/\/www.kirkonulkomaanapu.fi\/sv\/om-oss\/arsberattelse-2017\/#primaryimage\",\"url\":\"https:\/\/www.kirkonulkomaanapu.fi\/wp-content\/uploads\/2018\/07\/AratiTsandari-1773_1024x554.jpg\",\"contentUrl\":\"https:\/\/www.kirkonulkomaanapu.fi\/wp-content\/uploads\/2018\/07\/AratiTsandari-1773_1024x554.jpg\",\"width\":1024,\"height\":554,\"caption\":\"Nuori tytt\u00f6, jolla on nen\u00e4koru ja kaukoru, hymyilee lempe\u00e4sti.\"},{\"@type\":\"BreadcrumbList\",\"@id\":\"https:\/\/www.kirkonulkomaanapu.fi\/sv\/om-oss\/arsberattelse-2017\/#breadcrumb\",\"itemListElement\":[{\"@type\":\"ListItem\",\"position\":1,\"name\":\"Home\",\"item\":\"https:\/\/www.kirkonulkomaanapu.fi\/sv\/\"},{\"@type\":\"ListItem\",\"position\":2,\"name\":\"Om oss\",\"item\":\"https:\/\/www.kirkonulkomaanapu.fi\/sv\/om-oss\/\"},{\"@type\":\"ListItem\",\"position\":3,\"name\":\"\u00c5rsber\u00e4ttelse 2017\"}]},{\"@type\":\"WebSite\",\"@id\":\"https:\/\/www.kirkonulkomaanapu.fi\/#website\",\"url\":\"https:\/\/www.kirkonulkomaanapu.fi\/\",\"name\":\"Kirkon Ulkomaanapu\",\"description\":\"Suomen suurin kehitysyhteisty\u00f6j\u00e4rjest\u00f6\",\"publisher\":{\"@id\":\"https:\/\/www.kirkonulkomaanapu.fi\/#organization\"},\"alternateName\":\"KUA\",\"potentialAction\":[{\"@type\":\"SearchAction\",\"target\":{\"@type\":\"EntryPoint\",\"urlTemplate\":\"https:\/\/www.kirkonulkomaanapu.fi\/?s={search_term_string}\"},\"query-input\":{\"@type\":\"PropertyValueSpecification\",\"valueRequired\":true,\"valueName\":\"search_term_string\"}}],\"inLanguage\":\"sv-SE\"},{\"@type\":\"Organization\",\"@id\":\"https:\/\/www.kirkonulkomaanapu.fi\/#organization\",\"name\":\"Kirkon Ulkomaanapu\",\"alternateName\":\"KUA\",\"url\":\"https:\/\/www.kirkonulkomaanapu.fi\/\",\"logo\":{\"@type\":\"ImageObject\",\"inLanguage\":\"sv-SE\",\"@id\":\"https:\/\/www.kirkonulkomaanapu.fi\/#\/schema\/logo\/image\/\",\"url\":\"https:\/\/www.kirkonulkomaanapu.fi\/wp-content\/uploads\/2026\/02\/Kirkon-ulkomaanapu-logo-1.png\",\"contentUrl\":\"https:\/\/www.kirkonulkomaanapu.fi\/wp-content\/uploads\/2026\/02\/Kirkon-ulkomaanapu-logo-1.png\",\"width\":225,\"height\":225,\"caption\":\"Kirkon Ulkomaanapu\"},\"image\":{\"@id\":\"https:\/\/www.kirkonulkomaanapu.fi\/#\/schema\/logo\/image\/\"},\"sameAs\":[\"https:\/\/www.facebook.com\/Ulkomaanapu\/\",\"https:\/\/www.youtube.com\/user\/kirkonulkomaanapu\",\"https:\/\/instagram.com\/kirkon_ulkomaanapu\/\",\"https:\/\/www.linkedin.com\/company\/finn-church-aid\/\"]}]}<\/script>\n<!-- \/ Yoast SEO plugin. -->","yoast_head_json":{"title":"\u00c5rsber\u00e4ttelse 2017 - Kyrkans Utlandshj\u00e4lp","robots":{"index":"index","follow":"follow","max-snippet":"max-snippet:-1","max-image-preview":"max-image-preview:large","max-video-preview":"max-video-preview:-1"},"canonical":"https:\/\/www.kirkonulkomaanapu.fi\/sv\/om-oss\/arsberattelse-2017\/","og_locale":"sv_SE","og_type":"article","og_title":"\u00c5rsber\u00e4ttelse 2017 - Kyrkans Utlandshj\u00e4lp","og_description":"H\u00f6gklassigt arbete m\u00f6ter behov \u00c5r 2017 var ett bra \u00e5r f\u00f6r Kyrkans Utlandshj\u00e4lp (KUH). V\u00e5ra bist\u00e5ndsprogram v\u00e4xte med \u00f6ver sju miljoner euro. \u00c4ven om s\u00e4kerhetsl\u00e4get f\u00f6rsv\u00e5rade arbetet i flera av programl\u00e4nderna gav v\u00e5rt arbete resultat. Hundratusentals m\u00e4nniskor fick hj\u00e4lp via oss. Resultaten \u00e4r goda tack vare att vi st\u00e4ndigt utvecklar v\u00e5rt arbete s\u00e5 att det [&hellip;]","og_url":"https:\/\/www.kirkonulkomaanapu.fi\/sv\/om-oss\/arsberattelse-2017\/","og_site_name":"Kyrkans Utlandshj\u00e4lp","article_publisher":"https:\/\/www.facebook.com\/Ulkomaanapu\/","article_modified_time":"2021-05-10T13:25:23+00:00","og_image":[{"width":1024,"height":554,"url":"https:\/\/www.kirkonulkomaanapu.fi\/wp-content\/uploads\/2018\/07\/AratiTsandari-1773_1024x554.jpg","type":"image\/jpeg"}],"twitter_misc":{"Ber\u00e4knad l\u00e4stid":"2 minuter"},"schema":{"@context":"https:\/\/schema.org","@graph":[{"@type":"WebPage","@id":"https:\/\/www.kirkonulkomaanapu.fi\/sv\/om-oss\/arsberattelse-2017\/","url":"https:\/\/www.kirkonulkomaanapu.fi\/sv\/om-oss\/arsberattelse-2017\/","name":"\u00c5rsber\u00e4ttelse 2017 - Kyrkans Utlandshj\u00e4lp","isPartOf":{"@id":"https:\/\/www.kirkonulkomaanapu.fi\/#website"},"primaryImageOfPage":{"@id":"https:\/\/www.kirkonulkomaanapu.fi\/sv\/om-oss\/arsberattelse-2017\/#primaryimage"},"image":{"@id":"https:\/\/www.kirkonulkomaanapu.fi\/sv\/om-oss\/arsberattelse-2017\/#primaryimage"},"thumbnailUrl":"https:\/\/www.kirkonulkomaanapu.fi\/wp-content\/uploads\/2018\/07\/AratiTsandari-1773_1024x554.jpg","datePublished":"2018-07-05T08:17:39+00:00","dateModified":"2021-05-10T13:25:23+00:00","breadcrumb":{"@id":"https:\/\/www.kirkonulkomaanapu.fi\/sv\/om-oss\/arsberattelse-2017\/#breadcrumb"},"inLanguage":"sv-SE","potentialAction":[{"@type":"ReadAction","target":["https:\/\/www.kirkonulkomaanapu.fi\/sv\/om-oss\/arsberattelse-2017\/"]}]},{"@type":"ImageObject","inLanguage":"sv-SE","@id":"https:\/\/www.kirkonulkomaanapu.fi\/sv\/om-oss\/arsberattelse-2017\/#primaryimage","url":"https:\/\/www.kirkonulkomaanapu.fi\/wp-content\/uploads\/2018\/07\/AratiTsandari-1773_1024x554.jpg","contentUrl":"https:\/\/www.kirkonulkomaanapu.fi\/wp-content\/uploads\/2018\/07\/AratiTsandari-1773_1024x554.jpg","width":1024,"height":554,"caption":"Nuori tytt\u00f6, jolla on nen\u00e4koru ja kaukoru, hymyilee lempe\u00e4sti."},{"@type":"BreadcrumbList","@id":"https:\/\/www.kirkonulkomaanapu.fi\/sv\/om-oss\/arsberattelse-2017\/#breadcrumb","itemListElement":[{"@type":"ListItem","position":1,"name":"Home","item":"https:\/\/www.kirkonulkomaanapu.fi\/sv\/"},{"@type":"ListItem","position":2,"name":"Om oss","item":"https:\/\/www.kirkonulkomaanapu.fi\/sv\/om-oss\/"},{"@type":"ListItem","position":3,"name":"\u00c5rsber\u00e4ttelse 2017"}]},{"@type":"WebSite","@id":"https:\/\/www.kirkonulkomaanapu.fi\/#website","url":"https:\/\/www.kirkonulkomaanapu.fi\/","name":"Kirkon Ulkomaanapu","description":"Suomen suurin kehitysyhteisty\u00f6j\u00e4rjest\u00f6","publisher":{"@id":"https:\/\/www.kirkonulkomaanapu.fi\/#organization"},"alternateName":"KUA","potentialAction":[{"@type":"SearchAction","target":{"@type":"EntryPoint","urlTemplate":"https:\/\/www.kirkonulkomaanapu.fi\/?s={search_term_string}"},"query-input":{"@type":"PropertyValueSpecification","valueRequired":true,"valueName":"search_term_string"}}],"inLanguage":"sv-SE"},{"@type":"Organization","@id":"https:\/\/www.kirkonulkomaanapu.fi\/#organization","name":"Kirkon Ulkomaanapu","alternateName":"KUA","url":"https:\/\/www.kirkonulkomaanapu.fi\/","logo":{"@type":"ImageObject","inLanguage":"sv-SE","@id":"https:\/\/www.kirkonulkomaanapu.fi\/#\/schema\/logo\/image\/","url":"https:\/\/www.kirkonulkomaanapu.fi\/wp-content\/uploads\/2026\/02\/Kirkon-ulkomaanapu-logo-1.png","contentUrl":"https:\/\/www.kirkonulkomaanapu.fi\/wp-content\/uploads\/2026\/02\/Kirkon-ulkomaanapu-logo-1.png","width":225,"height":225,"caption":"Kirkon Ulkomaanapu"},"image":{"@id":"https:\/\/www.kirkonulkomaanapu.fi\/#\/schema\/logo\/image\/"},"sameAs":["https:\/\/www.facebook.com\/Ulkomaanapu\/","https:\/\/www.youtube.com\/user\/kirkonulkomaanapu","https:\/\/instagram.com\/kirkon_ulkomaanapu\/","https:\/\/www.linkedin.com\/company\/finn-church-aid\/"]}]}},"_links":{"self":[{"href":"https:\/\/www.kirkonulkomaanapu.fi\/sv\/wp-json\/wp\/v2\/pages\/87745","targetHints":{"allow":["GET"]}}],"collection":[{"href":"https:\/\/www.kirkonulkomaanapu.fi\/sv\/wp-json\/wp\/v2\/pages"}],"about":[{"href":"https:\/\/www.kirkonulkomaanapu.fi\/sv\/wp-json\/wp\/v2\/types\/page"}],"author":[{"embeddable":true,"href":"https:\/\/www.kirkonulkomaanapu.fi\/sv\/wp-json\/wp\/v2\/users\/101"}],"replies":[{"embeddable":true,"href":"https:\/\/www.kirkonulkomaanapu.fi\/sv\/wp-json\/wp\/v2\/comments?post=87745"}],"version-history":[{"count":3,"href":"https:\/\/www.kirkonulkomaanapu.fi\/sv\/wp-json\/wp\/v2\/pages\/87745\/revisions"}],"predecessor-version":[{"id":93788,"href":"https:\/\/www.kirkonulkomaanapu.fi\/sv\/wp-json\/wp\/v2\/pages\/87745\/revisions\/93788"}],"up":[{"embeddable":true,"href":"https:\/\/www.kirkonulkomaanapu.fi\/sv\/wp-json\/wp\/v2\/pages\/116383"}],"wp:featuredmedia":[{"embeddable":true,"href":"https:\/\/www.kirkonulkomaanapu.fi\/sv\/wp-json\/wp\/v2\/media\/87633"}],"wp:attachment":[{"href":"https:\/\/www.kirkonulkomaanapu.fi\/sv\/wp-json\/wp\/v2\/media?parent=87745"}],"curies":[{"name":"wp","href":"https:\/\/api.w.org\/{rel}","templated":true}]}}