{"id":85062,"date":"2018-01-08T15:50:14","date_gmt":"2018-01-08T13:50:14","guid":{"rendered":"https:\/\/www.kirkonulkomaanapu.fi\/till-forsamlingarna\/yhteisvastuukerays-2018-torjuu-nalkaa-ja-koyhyytta-maailman-katastrofialueilla\/"},"modified":"2020-04-16T12:20:13","modified_gmt":"2020-04-16T09:20:13","slug":"gemensamt-ansvar-2018-bekampar-hunger","status":"publish","type":"page","link":"https:\/\/www.kirkonulkomaanapu.fi\/sv\/kontakt\/till-forsamlingarna\/kollekter-och-budgetunderstod\/gemensamt-ansvar-2018-bekampar-hunger\/","title":{"rendered":"Gemensamt Ansvar 2018 bek\u00e4mpar hunger och fattigdom i katastrofomr\u00e5den"},"content":{"rendered":"<p class=\"lead\">Sammanlagt 60 procent av insamlingsmedlen fr\u00e5n Gemensamt Ansvar g\u00e5r till Kyrkans Utlandshj\u00e4lps (KUH) katastroffond. Int\u00e4kterna anv\u00e4nds till att st\u00f6da de v\u00e4rsta drabbade m\u00e4nniskorna i n\u00f6dsituationer som orsakats av katastrofer och konflikter.<\/p>\n<p>\u00c5r 2018 bek\u00e4mpar insamlingen Gemensamt Ansvar hunger och fattigdom. I Afrika riskerar 20 miljoner m\u00e4nniskor att drabbas av sv\u00e4lt p\u00e5 grund av utdragna konflikter och extrema v\u00e4derfenomen.<\/p>\n<p>Till exempel i Sydsudan har fyra miljoner m\u00e4nniskor flytt inb\u00f6rdeskriget som blossade upp under sommaren 2016. Flyktingarna befinner sig s\u00e5 v\u00e4l inom landet som i grannl\u00e4nderna och det \u00e4r fr\u00e5gan om Afrikas st\u00f6rsta flyktingkris sedan folkmordet i Rwanda.<\/p>\n<p>Kriget i Sydsudan har lett till en akut brist p\u00e5 mat som inte visar tecken p\u00e5 att avta. \u00d6ver en miljon sydsudaneser har tagit sig till Uganda d\u00e4r den v\u00e4ldiga m\u00e4ngden flyktingar g\u00f6r det sv\u00e5rt att uppfylla de mest grundl\u00e4ggande humanit\u00e4ra behoven. Matportionerna har halverats tv\u00e5 g\u00e5nger sedan krisen b\u00f6rjade.<\/p>\n<p>I Uganda st\u00f6der Kyrkans Utlandshj\u00e4lp utbildning och utkomstm\u00f6jligheter f\u00f6r sydsudaneser i Bidibidis flyktingbos\u00e4ttningen som vuxit till en av v\u00e4rldens st\u00f6rsta.<\/p>\n<p>I Bidibidi \u00e4r m\u00e5let att barn och unga f\u00e5r forts\u00e4tta g\u00e5 i skolan s\u00e5 fort som m\u00f6jligt efter sin ankomst. D\u00e4rf\u00f6r bygger KUH nya skolutrymmen och utbildar l\u00e4rare f\u00f6r att garantera en h\u00f6gklassig utbildning. Vuxna f\u00e5r utbildning i att bruka jorden och KUH f\u00f6rser familjerna med fr\u00f6n och redskap som beh\u00f6vs vid odlingarna. Sk\u00f6rden bidrar till en m\u00e5ngsidigare kost och f\u00f6rb\u00e4ttrade utkomstm\u00f6jligheter.<\/p>\n<p>Katastroffonden som st\u00f6ds av Gemensamt Ansvar hj\u00e4lper de v\u00e4rst drabbade m\u00e4nniskorna i n\u00f6dsituationer som orsakats av katastrofer och konflikter. Insamlingens int\u00e4kter hj\u00e4lper att trygga grundbehov som tillr\u00e4cklig kost och rent vatten samt m\u00f6jligheter till h\u00e4lsov\u00e5rd och tak \u00f6ver huvudet.<\/p>\n<p>I Finland st\u00f6der Gemensamt Ansvar, i samarbete med Kyrkans diakonifond och lokalf\u00f6rsamlingarna, m\u00e4nniskor som lider av en sv\u00e5r ekonomisk situation. Republikens president \u00e4r insamlingens beskyddare.<\/p>\n<p>Gemensamt Ansvar k\u00f6r i g\u00e5ng p\u00e5 s\u00f6ndag 4.2.2018<\/p>\n<p>Ge en g\u00e5va:\u00a0<a class=\"external_link\" href=\"https:\/\/www.yhteisvastuu.fi\/sv\/ge-en-gava\/\">https:\/\/www.yhteisvastuu.fi\/sv\/ge-en-gava\/<\/a><\/p>\n<p>Information om insamlingen \u00e5r 2017 hittar du genom att <a href=\"https:\/\/www.kirkonulkomaanapu.fi\/sv\/till-forsamlingarna\/gemensamt-ansvar-2017-bekampar-manniskohandel-och-stoder-unga-syriska-flyktingars-utbildning\/\">klicka h\u00e4r<\/a>.<\/p>\n","protected":false},"excerpt":{"rendered":"<p>Sammanlagt 60 procent av insamlingsmedlen fr\u00e5n Gemensamt Ansvar g\u00e5r till Kyrkans Utlandshj\u00e4lps (KUH) katastroffond. Int\u00e4kterna anv\u00e4nds till att st\u00f6da de v\u00e4rsta drabbade m\u00e4nniskorna i n\u00f6dsituationer som orsakats av katastrofer och konflikter. \u00c5r 2018 bek\u00e4mpar insamlingen Gemensamt Ansvar hunger och fattigdom. I Afrika riskerar 20 miljoner m\u00e4nniskor att drabbas av sv\u00e4lt p\u00e5 grund av utdragna konflikter [&hellip;]<\/p>\n","protected":false},"author":77,"featured_media":85060,"parent":3731,"menu_order":5,"comment_status":"closed","ping_status":"closed","template":"page-templates\/yhteystiedot.php","meta":{"_acf_changed":false,"_relevanssi_hide_post":"","_relevanssi_hide_content":"","_relevanssi_pin_for_all":"","_relevanssi_pin_keywords":"","_relevanssi_unpin_keywords":"","_relevanssi_related_keywords":"","_relevanssi_related_include_ids":"","_relevanssi_related_exclude_ids":"","_relevanssi_related_no_append":"","_relevanssi_related_not_related":"","_relevanssi_related_posts":"","_relevanssi_noindex_reason":"","_improvement_type_select":"improve_an_existing","_thumb_yes_seoaic":false,"_frame_yes_seoaic":false,"seoaic_generate_description":"","seoaic_improve_instructions_prompt":"","seoaic_rollback_content_improvement":"","seoaic_idea_thumbnail_generator":"","thumbnail_generated":false,"thumbnail_generate_prompt":"","seoaic_article_description":"","footnotes":""},"class_list":["post-85062","page","type-page","status-publish","has-post-thumbnail","hentry"],"acf":[],"yoast_head":"<!-- This site is optimized with the Yoast SEO plugin v27.5 - https:\/\/yoast.com\/product\/yoast-seo-wordpress\/ -->\n<title>Gemensamt Ansvar 2018 bek\u00e4mpar hunger och fattigdom i katastrofomr\u00e5den - Kyrkans Utlandshj\u00e4lp<\/title>\n<meta name=\"description\" content=\"Sammanlagt 60 procent av insamlingsmedlen fr\u00e5n Gemensamt Ansvar g\u00e5r till Kyrkans Utlandshj\u00e4lps (KUH) katastroffond.\" \/>\n<meta name=\"robots\" content=\"index, follow, max-snippet:-1, max-image-preview:large, max-video-preview:-1\" \/>\n<link rel=\"canonical\" href=\"https:\/\/www.kirkonulkomaanapu.fi\/sv\/kontakt\/till-forsamlingarna\/kollekter-och-budgetunderstod\/gemensamt-ansvar-2018-bekampar-hunger\/\" \/>\n<meta property=\"og:locale\" content=\"sv_SE\" \/>\n<meta property=\"og:type\" content=\"article\" \/>\n<meta property=\"og:title\" content=\"Gemensamt Ansvar 2018 bek\u00e4mpar hunger och fattigdom i katastrofomr\u00e5den - Kyrkans Utlandshj\u00e4lp\" \/>\n<meta property=\"og:description\" content=\"Sammanlagt 60 procent av insamlingsmedlen fr\u00e5n Gemensamt Ansvar g\u00e5r till Kyrkans Utlandshj\u00e4lps (KUH) katastroffond.\" \/>\n<meta property=\"og:url\" content=\"https:\/\/www.kirkonulkomaanapu.fi\/sv\/kontakt\/till-forsamlingarna\/kollekter-och-budgetunderstod\/gemensamt-ansvar-2018-bekampar-hunger\/\" \/>\n<meta property=\"og:site_name\" content=\"Kyrkans Utlandshj\u00e4lp\" \/>\n<meta property=\"article:publisher\" content=\"https:\/\/www.facebook.com\/Ulkomaanapu\/\" \/>\n<meta property=\"article:modified_time\" content=\"2020-04-16T09:20:13+00:00\" \/>\n<meta property=\"og:image\" content=\"https:\/\/www.kirkonulkomaanapu.fi\/wp-content\/uploads\/2018\/01\/saapujia_ppt_2.jpg\" \/>\n\t<meta property=\"og:image:width\" content=\"765\" \/>\n\t<meta property=\"og:image:height\" content=\"416\" \/>\n\t<meta property=\"og:image:type\" content=\"image\/jpeg\" \/>\n<meta name=\"twitter:label1\" content=\"Ber\u00e4knad l\u00e4stid\" \/>\n\t<meta name=\"twitter:data1\" content=\"2 minuter\" \/>\n<script type=\"application\/ld+json\" class=\"yoast-schema-graph\">{\"@context\":\"https:\\\/\\\/schema.org\",\"@graph\":[{\"@type\":\"WebPage\",\"@id\":\"https:\\\/\\\/www.kirkonulkomaanapu.fi\\\/sv\\\/kontakt\\\/till-forsamlingarna\\\/kollekter-och-budgetunderstod\\\/gemensamt-ansvar-2018-bekampar-hunger\\\/\",\"url\":\"https:\\\/\\\/www.kirkonulkomaanapu.fi\\\/sv\\\/kontakt\\\/till-forsamlingarna\\\/kollekter-och-budgetunderstod\\\/gemensamt-ansvar-2018-bekampar-hunger\\\/\",\"name\":\"Gemensamt Ansvar 2018 bek\u00e4mpar hunger och fattigdom i katastrofomr\u00e5den - Kyrkans Utlandshj\u00e4lp\",\"isPartOf\":{\"@id\":\"https:\\\/\\\/www.kirkonulkomaanapu.fi\\\/#website\"},\"primaryImageOfPage\":{\"@id\":\"https:\\\/\\\/www.kirkonulkomaanapu.fi\\\/sv\\\/kontakt\\\/till-forsamlingarna\\\/kollekter-och-budgetunderstod\\\/gemensamt-ansvar-2018-bekampar-hunger\\\/#primaryimage\"},\"image\":{\"@id\":\"https:\\\/\\\/www.kirkonulkomaanapu.fi\\\/sv\\\/kontakt\\\/till-forsamlingarna\\\/kollekter-och-budgetunderstod\\\/gemensamt-ansvar-2018-bekampar-hunger\\\/#primaryimage\"},\"thumbnailUrl\":\"https:\\\/\\\/www.kirkonulkomaanapu.fi\\\/wp-content\\\/uploads\\\/2018\\\/01\\\/saapujia_ppt_2.jpg\",\"datePublished\":\"2018-01-08T13:50:14+00:00\",\"dateModified\":\"2020-04-16T09:20:13+00:00\",\"description\":\"Sammanlagt 60 procent av insamlingsmedlen fr\u00e5n Gemensamt Ansvar g\u00e5r till Kyrkans Utlandshj\u00e4lps (KUH) katastroffond.\",\"breadcrumb\":{\"@id\":\"https:\\\/\\\/www.kirkonulkomaanapu.fi\\\/sv\\\/kontakt\\\/till-forsamlingarna\\\/kollekter-och-budgetunderstod\\\/gemensamt-ansvar-2018-bekampar-hunger\\\/#breadcrumb\"},\"inLanguage\":\"sv-SE\",\"potentialAction\":[{\"@type\":\"ReadAction\",\"target\":[\"https:\\\/\\\/www.kirkonulkomaanapu.fi\\\/sv\\\/kontakt\\\/till-forsamlingarna\\\/kollekter-och-budgetunderstod\\\/gemensamt-ansvar-2018-bekampar-hunger\\\/\"]}]},{\"@type\":\"ImageObject\",\"inLanguage\":\"sv-SE\",\"@id\":\"https:\\\/\\\/www.kirkonulkomaanapu.fi\\\/sv\\\/kontakt\\\/till-forsamlingarna\\\/kollekter-och-budgetunderstod\\\/gemensamt-ansvar-2018-bekampar-hunger\\\/#primaryimage\",\"url\":\"https:\\\/\\\/www.kirkonulkomaanapu.fi\\\/wp-content\\\/uploads\\\/2018\\\/01\\\/saapujia_ppt_2.jpg\",\"contentUrl\":\"https:\\\/\\\/www.kirkonulkomaanapu.fi\\\/wp-content\\\/uploads\\\/2018\\\/01\\\/saapujia_ppt_2.jpg\",\"width\":765,\"height\":416,\"caption\":\"Flyktingar fr\u00e5n Sydsudan k\u00f6ar vid flyktingmottagningen i Norra Uganda. Bild: Tatu Blomqvist\"},{\"@type\":\"BreadcrumbList\",\"@id\":\"https:\\\/\\\/www.kirkonulkomaanapu.fi\\\/sv\\\/kontakt\\\/till-forsamlingarna\\\/kollekter-och-budgetunderstod\\\/gemensamt-ansvar-2018-bekampar-hunger\\\/#breadcrumb\",\"itemListElement\":[{\"@type\":\"ListItem\",\"position\":1,\"name\":\"Home\",\"item\":\"https:\\\/\\\/www.kirkonulkomaanapu.fi\\\/sv\\\/\"},{\"@type\":\"ListItem\",\"position\":2,\"name\":\"Kontakt\",\"item\":\"https:\\\/\\\/www.kirkonulkomaanapu.fi\\\/sv\\\/kontakt\\\/\"},{\"@type\":\"ListItem\",\"position\":3,\"name\":\"Till f\u00f6rsamlingarna\",\"item\":\"https:\\\/\\\/www.kirkonulkomaanapu.fi\\\/sv\\\/kontakt\\\/till-forsamlingarna\\\/\"},{\"@type\":\"ListItem\",\"position\":4,\"name\":\"Kollekter och budgetunderst\u00f6d\",\"item\":\"https:\\\/\\\/www.kirkonulkomaanapu.fi\\\/sv\\\/kontakt\\\/till-forsamlingarna\\\/kollekter-och-budgetunderstod\\\/\"},{\"@type\":\"ListItem\",\"position\":5,\"name\":\"Gemensamt Ansvar 2018 bek\u00e4mpar hunger och fattigdom i katastrofomr\u00e5den\"}]},{\"@type\":\"WebSite\",\"@id\":\"https:\\\/\\\/www.kirkonulkomaanapu.fi\\\/#website\",\"url\":\"https:\\\/\\\/www.kirkonulkomaanapu.fi\\\/\",\"name\":\"Kirkon Ulkomaanapu\",\"description\":\"Suomen suurin kehitysyhteisty\u00f6j\u00e4rjest\u00f6\",\"publisher\":{\"@id\":\"https:\\\/\\\/www.kirkonulkomaanapu.fi\\\/#organization\"},\"alternateName\":\"KUA\",\"potentialAction\":[{\"@type\":\"SearchAction\",\"target\":{\"@type\":\"EntryPoint\",\"urlTemplate\":\"https:\\\/\\\/www.kirkonulkomaanapu.fi\\\/?s={search_term_string}\"},\"query-input\":{\"@type\":\"PropertyValueSpecification\",\"valueRequired\":true,\"valueName\":\"search_term_string\"}}],\"inLanguage\":\"sv-SE\"},{\"@type\":\"Organization\",\"@id\":\"https:\\\/\\\/www.kirkonulkomaanapu.fi\\\/#organization\",\"name\":\"Kirkon Ulkomaanapu\",\"alternateName\":\"KUA\",\"url\":\"https:\\\/\\\/www.kirkonulkomaanapu.fi\\\/\",\"logo\":{\"@type\":\"ImageObject\",\"inLanguage\":\"sv-SE\",\"@id\":\"https:\\\/\\\/www.kirkonulkomaanapu.fi\\\/#\\\/schema\\\/logo\\\/image\\\/\",\"url\":\"https:\\\/\\\/www.kirkonulkomaanapu.fi\\\/wp-content\\\/uploads\\\/2026\\\/02\\\/Kirkon-ulkomaanapu-logo-1.png\",\"contentUrl\":\"https:\\\/\\\/www.kirkonulkomaanapu.fi\\\/wp-content\\\/uploads\\\/2026\\\/02\\\/Kirkon-ulkomaanapu-logo-1.png\",\"width\":225,\"height\":225,\"caption\":\"Kirkon Ulkomaanapu\"},\"image\":{\"@id\":\"https:\\\/\\\/www.kirkonulkomaanapu.fi\\\/#\\\/schema\\\/logo\\\/image\\\/\"},\"sameAs\":[\"https:\\\/\\\/www.facebook.com\\\/Ulkomaanapu\\\/\",\"https:\\\/\\\/www.youtube.com\\\/user\\\/kirkonulkomaanapu\",\"https:\\\/\\\/instagram.com\\\/kirkon_ulkomaanapu\\\/\",\"https:\\\/\\\/www.linkedin.com\\\/company\\\/finn-church-aid\\\/\"]}]}<\/script>\n<!-- \/ Yoast SEO plugin. -->","yoast_head_json":{"title":"Gemensamt Ansvar 2018 bek\u00e4mpar hunger och fattigdom i katastrofomr\u00e5den - Kyrkans Utlandshj\u00e4lp","description":"Sammanlagt 60 procent av insamlingsmedlen fr\u00e5n Gemensamt Ansvar g\u00e5r till Kyrkans Utlandshj\u00e4lps (KUH) katastroffond.","robots":{"index":"index","follow":"follow","max-snippet":"max-snippet:-1","max-image-preview":"max-image-preview:large","max-video-preview":"max-video-preview:-1"},"canonical":"https:\/\/www.kirkonulkomaanapu.fi\/sv\/kontakt\/till-forsamlingarna\/kollekter-och-budgetunderstod\/gemensamt-ansvar-2018-bekampar-hunger\/","og_locale":"sv_SE","og_type":"article","og_title":"Gemensamt Ansvar 2018 bek\u00e4mpar hunger och fattigdom i katastrofomr\u00e5den - Kyrkans Utlandshj\u00e4lp","og_description":"Sammanlagt 60 procent av insamlingsmedlen fr\u00e5n Gemensamt Ansvar g\u00e5r till Kyrkans Utlandshj\u00e4lps (KUH) katastroffond.","og_url":"https:\/\/www.kirkonulkomaanapu.fi\/sv\/kontakt\/till-forsamlingarna\/kollekter-och-budgetunderstod\/gemensamt-ansvar-2018-bekampar-hunger\/","og_site_name":"Kyrkans Utlandshj\u00e4lp","article_publisher":"https:\/\/www.facebook.com\/Ulkomaanapu\/","article_modified_time":"2020-04-16T09:20:13+00:00","og_image":[{"width":765,"height":416,"url":"https:\/\/www.kirkonulkomaanapu.fi\/wp-content\/uploads\/2018\/01\/saapujia_ppt_2.jpg","type":"image\/jpeg"}],"twitter_misc":{"Ber\u00e4knad l\u00e4stid":"2 minuter"},"schema":{"@context":"https:\/\/schema.org","@graph":[{"@type":"WebPage","@id":"https:\/\/www.kirkonulkomaanapu.fi\/sv\/kontakt\/till-forsamlingarna\/kollekter-och-budgetunderstod\/gemensamt-ansvar-2018-bekampar-hunger\/","url":"https:\/\/www.kirkonulkomaanapu.fi\/sv\/kontakt\/till-forsamlingarna\/kollekter-och-budgetunderstod\/gemensamt-ansvar-2018-bekampar-hunger\/","name":"Gemensamt Ansvar 2018 bek\u00e4mpar hunger och fattigdom i katastrofomr\u00e5den - Kyrkans Utlandshj\u00e4lp","isPartOf":{"@id":"https:\/\/www.kirkonulkomaanapu.fi\/#website"},"primaryImageOfPage":{"@id":"https:\/\/www.kirkonulkomaanapu.fi\/sv\/kontakt\/till-forsamlingarna\/kollekter-och-budgetunderstod\/gemensamt-ansvar-2018-bekampar-hunger\/#primaryimage"},"image":{"@id":"https:\/\/www.kirkonulkomaanapu.fi\/sv\/kontakt\/till-forsamlingarna\/kollekter-och-budgetunderstod\/gemensamt-ansvar-2018-bekampar-hunger\/#primaryimage"},"thumbnailUrl":"https:\/\/www.kirkonulkomaanapu.fi\/wp-content\/uploads\/2018\/01\/saapujia_ppt_2.jpg","datePublished":"2018-01-08T13:50:14+00:00","dateModified":"2020-04-16T09:20:13+00:00","description":"Sammanlagt 60 procent av insamlingsmedlen fr\u00e5n Gemensamt Ansvar g\u00e5r till Kyrkans Utlandshj\u00e4lps (KUH) katastroffond.","breadcrumb":{"@id":"https:\/\/www.kirkonulkomaanapu.fi\/sv\/kontakt\/till-forsamlingarna\/kollekter-och-budgetunderstod\/gemensamt-ansvar-2018-bekampar-hunger\/#breadcrumb"},"inLanguage":"sv-SE","potentialAction":[{"@type":"ReadAction","target":["https:\/\/www.kirkonulkomaanapu.fi\/sv\/kontakt\/till-forsamlingarna\/kollekter-och-budgetunderstod\/gemensamt-ansvar-2018-bekampar-hunger\/"]}]},{"@type":"ImageObject","inLanguage":"sv-SE","@id":"https:\/\/www.kirkonulkomaanapu.fi\/sv\/kontakt\/till-forsamlingarna\/kollekter-och-budgetunderstod\/gemensamt-ansvar-2018-bekampar-hunger\/#primaryimage","url":"https:\/\/www.kirkonulkomaanapu.fi\/wp-content\/uploads\/2018\/01\/saapujia_ppt_2.jpg","contentUrl":"https:\/\/www.kirkonulkomaanapu.fi\/wp-content\/uploads\/2018\/01\/saapujia_ppt_2.jpg","width":765,"height":416,"caption":"Flyktingar fr\u00e5n Sydsudan k\u00f6ar vid flyktingmottagningen i Norra Uganda. Bild: Tatu Blomqvist"},{"@type":"BreadcrumbList","@id":"https:\/\/www.kirkonulkomaanapu.fi\/sv\/kontakt\/till-forsamlingarna\/kollekter-och-budgetunderstod\/gemensamt-ansvar-2018-bekampar-hunger\/#breadcrumb","itemListElement":[{"@type":"ListItem","position":1,"name":"Home","item":"https:\/\/www.kirkonulkomaanapu.fi\/sv\/"},{"@type":"ListItem","position":2,"name":"Kontakt","item":"https:\/\/www.kirkonulkomaanapu.fi\/sv\/kontakt\/"},{"@type":"ListItem","position":3,"name":"Till f\u00f6rsamlingarna","item":"https:\/\/www.kirkonulkomaanapu.fi\/sv\/kontakt\/till-forsamlingarna\/"},{"@type":"ListItem","position":4,"name":"Kollekter och budgetunderst\u00f6d","item":"https:\/\/www.kirkonulkomaanapu.fi\/sv\/kontakt\/till-forsamlingarna\/kollekter-och-budgetunderstod\/"},{"@type":"ListItem","position":5,"name":"Gemensamt Ansvar 2018 bek\u00e4mpar hunger och fattigdom i katastrofomr\u00e5den"}]},{"@type":"WebSite","@id":"https:\/\/www.kirkonulkomaanapu.fi\/#website","url":"https:\/\/www.kirkonulkomaanapu.fi\/","name":"Kirkon Ulkomaanapu","description":"Suomen suurin kehitysyhteisty\u00f6j\u00e4rjest\u00f6","publisher":{"@id":"https:\/\/www.kirkonulkomaanapu.fi\/#organization"},"alternateName":"KUA","potentialAction":[{"@type":"SearchAction","target":{"@type":"EntryPoint","urlTemplate":"https:\/\/www.kirkonulkomaanapu.fi\/?s={search_term_string}"},"query-input":{"@type":"PropertyValueSpecification","valueRequired":true,"valueName":"search_term_string"}}],"inLanguage":"sv-SE"},{"@type":"Organization","@id":"https:\/\/www.kirkonulkomaanapu.fi\/#organization","name":"Kirkon Ulkomaanapu","alternateName":"KUA","url":"https:\/\/www.kirkonulkomaanapu.fi\/","logo":{"@type":"ImageObject","inLanguage":"sv-SE","@id":"https:\/\/www.kirkonulkomaanapu.fi\/#\/schema\/logo\/image\/","url":"https:\/\/www.kirkonulkomaanapu.fi\/wp-content\/uploads\/2026\/02\/Kirkon-ulkomaanapu-logo-1.png","contentUrl":"https:\/\/www.kirkonulkomaanapu.fi\/wp-content\/uploads\/2026\/02\/Kirkon-ulkomaanapu-logo-1.png","width":225,"height":225,"caption":"Kirkon Ulkomaanapu"},"image":{"@id":"https:\/\/www.kirkonulkomaanapu.fi\/#\/schema\/logo\/image\/"},"sameAs":["https:\/\/www.facebook.com\/Ulkomaanapu\/","https:\/\/www.youtube.com\/user\/kirkonulkomaanapu","https:\/\/instagram.com\/kirkon_ulkomaanapu\/","https:\/\/www.linkedin.com\/company\/finn-church-aid\/"]}]}},"_links":{"self":[{"href":"https:\/\/www.kirkonulkomaanapu.fi\/sv\/wp-json\/wp\/v2\/pages\/85062","targetHints":{"allow":["GET"]}}],"collection":[{"href":"https:\/\/www.kirkonulkomaanapu.fi\/sv\/wp-json\/wp\/v2\/pages"}],"about":[{"href":"https:\/\/www.kirkonulkomaanapu.fi\/sv\/wp-json\/wp\/v2\/types\/page"}],"author":[{"embeddable":true,"href":"https:\/\/www.kirkonulkomaanapu.fi\/sv\/wp-json\/wp\/v2\/users\/77"}],"replies":[{"embeddable":true,"href":"https:\/\/www.kirkonulkomaanapu.fi\/sv\/wp-json\/wp\/v2\/comments?post=85062"}],"version-history":[{"count":4,"href":"https:\/\/www.kirkonulkomaanapu.fi\/sv\/wp-json\/wp\/v2\/pages\/85062\/revisions"}],"predecessor-version":[{"id":108758,"href":"https:\/\/www.kirkonulkomaanapu.fi\/sv\/wp-json\/wp\/v2\/pages\/85062\/revisions\/108758"}],"up":[{"embeddable":true,"href":"https:\/\/www.kirkonulkomaanapu.fi\/sv\/wp-json\/wp\/v2\/pages\/3731"}],"wp:featuredmedia":[{"embeddable":true,"href":"https:\/\/www.kirkonulkomaanapu.fi\/sv\/wp-json\/wp\/v2\/media\/85060"}],"wp:attachment":[{"href":"https:\/\/www.kirkonulkomaanapu.fi\/sv\/wp-json\/wp\/v2\/media?parent=85062"}],"curies":[{"name":"wp","href":"https:\/\/api.w.org\/{rel}","templated":true}]}}