{"id":84739,"date":"2017-12-05T13:49:14","date_gmt":"2017-12-05T11:49:14","guid":{"rendered":"https:\/\/www.kirkonulkomaanapu.fi\/?page_id=84739"},"modified":"2025-01-29T20:57:03","modified_gmt":"2025-01-29T18:57:03","slug":"materialbank","status":"publish","type":"page","link":"https:\/\/www.kirkonulkomaanapu.fi\/sv\/kontakt\/till-forsamlingarna\/materialbanken\/materialbank\/","title":{"rendered":"Logon och material till webbsidorna"},"content":{"rendered":"\n\n\n<div class=\"block-hero full-width id-block\" style=\"background-image: url('https:\/\/www.kirkonulkomaanapu.fi\/wp-content\/uploads\/2017\/12\/janet.png');\">\n\n\t<div class=\"bg-mobile\" style=\"background-image: url('https:\/\/www.kirkonulkomaanapu.fi\/wp-content\/uploads\/2017\/12\/janet.png');\"><\/div>\n\n\t\n\t<div class=\"curtain\"><\/div>\n\n\t<div class=\"container\">\n\t\t<div class=\"row\">\n\t\t\t<div class=\"col\">\n\t\t\t\t<div class=\"inner-blocks entry-content\">\n\t\t\t\t\t\t\t\t\t\t\t\n<h1 class=\"is-style-brush\" ><span class=\"bg\">\n<span class=\"is-highlighted\">Logon och<\/span> material till webbsidorna\n<\/span><\/h1><h1 class=\"is-style-brush mobile\" ><span class=\"is-highlighted\"><span class=\"bg\">Logon<\/span><span class=\"bg\">och<\/span><\/span><span class=\"bg\">material<\/span><span class=\"bg\">till<\/span><span class=\"bg\">webbsidorna<\/span><\/h1>\n\n\n<p><\/p>\n\n\n\t\t\t\t\t\t\t\t\t<\/div>\n\t\t\t<\/div>\n\t\t<\/div>\n\t<\/div>\n<\/div>\n\n\n<div class=\"subpage-navigation id-block full-width\">\n    <div class=\"container-lg\">\n        <div class=\"row\">\n            <div class=\"col\">\n                <ul class=\"pages\">\n                                        <li class=\"page ancestor\">\n                        <a href=\"https:\/\/www.kirkonulkomaanapu.fi\/sv\/kontakt\/\">Kontakt<\/a>\n                    <\/li>\n                                        <li class=\"page ancestor\">\n                        <a href=\"https:\/\/www.kirkonulkomaanapu.fi\/sv\/kontakt\/till-forsamlingarna\/\">Till f\u00f6rsamlingarna<\/a>\n                    <\/li>\n                                        <li class=\"page ancestor\">\n                        <a href=\"https:\/\/www.kirkonulkomaanapu.fi\/sv\/kontakt\/till-forsamlingarna\/materialbanken\/\">Materialbanken<\/a>\n                    <\/li>\n                    \n                                        <li class=\"page\">\n                        <a href=\"https:\/\/www.kirkonulkomaanapu.fi\/sv\/kontakt\/till-forsamlingarna\/materialbanken\/andaktsmaterial\/\">Andaktsmaterial<\/a>\n                    <\/li>\n                                        <li class=\"page current\">\n                        <a href=\"https:\/\/www.kirkonulkomaanapu.fi\/sv\/kontakt\/till-forsamlingarna\/materialbanken\/materialbank\/\">Logon och material till webbsidorna<\/a>\n                    <\/li>\n                                        <li class=\"page\">\n                        <a href=\"https:\/\/www.kirkonulkomaanapu.fi\/sv\/kontakt\/till-forsamlingarna\/materialbanken\/material-for-utbildning-om-globala-fragor\/\">Material f\u00f6r utbildning om globala fr\u00e5gor<\/a>\n                    <\/li>\n                                    <\/ul>\n            <\/div>\n        <\/div>\n    <\/div>\n<\/div>\n\n\n\n\n\n\n<p><a href=\"https:\/\/kirkonulkomaanapu.materialbank.net\/NiboWEB\/p\/scpc\/12233607\/693354\/fi\">Bilder till f\u00f6rsamlingarnas f\u00f6rfogande<\/a>.&nbsp;Det \u00e4r bilder fr\u00e5n v\u00e5ra arbetsf\u00e4lt och de passar utm\u00e4rkt till webbsidor och sociala medier.<\/p>\n\n\n\n<div class=\"wp-block-buttons is-layout-flex wp-block-buttons-is-layout-flex\">\n<div class=\"wp-block-button\"><a class=\"wp-block-button__link wp-element-button\" href=\"https:\/\/www.kirkonulkomaanapu.fi\/medialle\/logot-ja-bannerit\/\">Logotyper<\/a><\/div>\n<\/div>\n\n\n\n<p>Nedan finns \u00e4ven en modelltext om Kyrkans Utlandshj\u00e4lp att anv\u00e4ndas d\u00e5 ni vill ber\u00e4tta om den internationella diakonin p\u00e5 era webbsidor<\/p>\n\n\n\n<h2 class=\"wp-block-heading\">Modeltext f\u00f6r f\u00f6rsamlingarnas webbsidor<\/h2>\n\n\n\n<p>Kyrkans Utlandshj\u00e4lp utf\u00f6r internationell diakoni p\u00e5 uppdrag av kyrkan genom utvecklingssamarbete, humanit\u00e4rt bist\u00e5ndsarbete och p\u00e5verkansarbete. Den kristliga k\u00e4rleken till n\u00e4stan och uppfattningen om r\u00e4ttvisa styr Kyrkans Utlandshj\u00e4lps arbete bland de allra fattigaste och arbetet f\u00f6r att fr\u00e4mja fred och m\u00e4nskliga r\u00e4ttigheter. Villkorsl\u00f6s k\u00e4rlek till n\u00e4stan, orubbligt hopp, mod och respekt \u00e4r Kyrkans Utlandshj\u00e4lps v\u00e4rderingar.<\/p>\n\n\n\n<p>Tillsammans med Kyrkans Utlandshj\u00e4lp str\u00e4cker v\u00e5r f\u00f6rsamling ut kyrkans diakoni s\u00e5 att den n\u00e5r och hj\u00e4lper ocks\u00e5 dem som finns l\u00e5ngt borta. Kyrkans Utlandshj\u00e4lp f\u00f6ljer diakonins princip; att hj\u00e4lpa d\u00e4r n\u00f6den \u00e4r st\u00f6rst och d\u00e4r ingen annan hj\u00e4lp finns att f\u00e5. Kyrkans Utlandshj\u00e4lp har f\u00f6rbundit sig att arbeta ekumeniskt och i n\u00e4ra samarbete med sina trosbaserade partnerorganisationer. I bist\u00e5nds- och p\u00e5verkansarbetet vill Kyrkans Utlandshj\u00e4lp fr\u00e4mja samarbetet mellan olika religionssamfund.<\/p>\n\n\n\n<p>Mer information om Kyrkans Utlandshj\u00e4lp f\u00e5r du av f\u00f6rsamlingens diakoniarbetare och \u00f6vriga anst\u00e4llda.<\/p>\n\n\n\n<figure class=\"wp-block-embed is-type-video is-provider-youtube wp-block-embed-youtube\"><div class=\"wp-block-embed__wrapper\">\n<div class=\"youtube-embed\">        <div class=\"video-wrapper\">              <div class=\"consent-placeholder\"              data-category=\"cookie_cat_marketing\"              onClick=\"CookieConsent.renew()\">                 <div class=\"consent-placeholder-wrapper\">                      <div class=\"text-button-wrapper\">                        <p>Et ole hyv\u00e4ksynyt markkinoinnin ev\u00e4steit\u00e4 n\u00e4hd\u00e4ksesi videon.<\/p>                        <div>                            <button class=\"button red slim\" href=\"javascript:CookieConsent.renew()\">Muuta ev\u00e4steasetuksia<\/button>                        <\/div>                    <\/div>                <\/div>            <\/div>            <\/div>        <div class=\"video-image-oembed\" tabindex=\"0\" style=\"background-image:url('https:\/\/i.ytimg.com\/vi\/jzZmuD8nskM\/hqdefault.jpg')\"><i class=\"fas fa-play\"><\/i><\/div><div class=\"video-container oembed oembed-youtube\" data-video=\"&lt;iframe title=&quot;We are Finn Church Aid&quot; width=&quot;500&quot; height=&quot;281&quot; src=&quot;https:\/\/www.youtube.com\/embed\/jzZmuD8nskM?feature=oembed&amp;rel=0&amp;rel=0&quot; frameborder=&quot;0&quot; allow=&quot;accelerometer; autoplay; clipboard-write; encrypted-media; gyroscope; picture-in-picture; web-share&quot; referrerpolicy=&quot;strict-origin-when-cross-origin&quot; allowfullscreen&gt;&lt;\/iframe&gt;\"><\/div><\/div>\n<\/div><\/figure>\n\n\n\n<h2 class=\"wp-block-heading\">Annorlunda G\u00e5va material<\/h2>\n\n\n\n<p>Med hj\u00e4lp av detta material kan du ta upp fr\u00e5gor om m\u00e4nniskov\u00e4rdet och hur man kan hj\u00e4lpa sin n\u00e4sta. Materialet fungerar \u00e4ven som en introduktion till vad Annorlunda g\u00e5va \u00e4r och det kan anv\u00e4ndas till exempel i olika grupper i f\u00f6rsamlingen och i skolan.<\/p>\n\n\n\n<div class=\"wp-block-buttons is-layout-flex wp-block-buttons-is-layout-flex\">\n<div class=\"wp-block-button\"><a class=\"wp-block-button__link wp-element-button\" href=\"https:\/\/www.kirkonulkomaanapu.fi\/wp-content\/uploads\/2018\/06\/TL-oppituntimateriaali-SVE.pdf\" target=\"_blank\" rel=\"noreferrer noopener\">Ladda PDF ner<\/a><\/div>\n<\/div>\n","protected":false},"excerpt":{"rendered":"<p>Bilder till f\u00f6rsamlingarnas f\u00f6rfogande.&nbsp;Det \u00e4r bilder fr\u00e5n v\u00e5ra arbetsf\u00e4lt och de passar utm\u00e4rkt till webbsidor och sociala medier. Nedan finns \u00e4ven en modelltext om Kyrkans Utlandshj\u00e4lp att anv\u00e4ndas d\u00e5 ni vill ber\u00e4tta om den internationella diakonin p\u00e5 era webbsidor Modeltext f\u00f6r f\u00f6rsamlingarnas webbsidor Kyrkans Utlandshj\u00e4lp utf\u00f6r internationell diakoni p\u00e5 uppdrag av kyrkan genom utvecklingssamarbete, humanit\u00e4rt [&hellip;]<\/p>\n","protected":false},"author":84,"featured_media":84927,"parent":152505,"menu_order":0,"comment_status":"closed","ping_status":"closed","template":"","meta":{"_acf_changed":false,"_relevanssi_hide_post":"","_relevanssi_hide_content":"","_relevanssi_pin_for_all":"","_relevanssi_pin_keywords":"","_relevanssi_unpin_keywords":"","_relevanssi_related_keywords":"","_relevanssi_related_include_ids":"","_relevanssi_related_exclude_ids":"","_relevanssi_related_no_append":"","_relevanssi_related_not_related":"","_relevanssi_related_posts":"108131,89500,63644","_relevanssi_noindex_reason":"","_improvement_type_select":"improve_an_existing","_thumb_yes_seoaic":false,"_frame_yes_seoaic":false,"seoaic_generate_description":"","seoaic_improve_instructions_prompt":"","seoaic_rollback_content_improvement":"","seoaic_idea_thumbnail_generator":"","thumbnail_generated":false,"thumbnail_generate_prompt":"","seoaic_article_description":"","footnotes":""},"class_list":["post-84739","page","type-page","status-publish","has-post-thumbnail","hentry"],"acf":[],"yoast_head":"<!-- This site is optimized with the Yoast SEO plugin v26.9 - https:\/\/yoast.com\/product\/yoast-seo-wordpress\/ -->\n<title>Logon och material till webbsidorna - Kyrkans Utlandshj\u00e4lp<\/title>\n<meta name=\"robots\" content=\"index, follow, max-snippet:-1, max-image-preview:large, max-video-preview:-1\" \/>\n<link rel=\"canonical\" href=\"https:\/\/www.kirkonulkomaanapu.fi\/sv\/kontakt\/till-forsamlingarna\/materialbanken\/materialbank\/\" \/>\n<meta property=\"og:locale\" content=\"sv_SE\" \/>\n<meta property=\"og:type\" content=\"article\" \/>\n<meta property=\"og:title\" content=\"Logon och material till webbsidorna - Kyrkans Utlandshj\u00e4lp\" \/>\n<meta property=\"og:description\" content=\"Bilder till f\u00f6rsamlingarnas f\u00f6rfogande.&nbsp;Det \u00e4r bilder fr\u00e5n v\u00e5ra arbetsf\u00e4lt och de passar utm\u00e4rkt till webbsidor och sociala medier. Nedan finns \u00e4ven en modelltext om Kyrkans Utlandshj\u00e4lp att anv\u00e4ndas d\u00e5 ni vill ber\u00e4tta om den internationella diakonin p\u00e5 era webbsidor Modeltext f\u00f6r f\u00f6rsamlingarnas webbsidor Kyrkans Utlandshj\u00e4lp utf\u00f6r internationell diakoni p\u00e5 uppdrag av kyrkan genom utvecklingssamarbete, humanit\u00e4rt [&hellip;]\" \/>\n<meta property=\"og:url\" content=\"https:\/\/www.kirkonulkomaanapu.fi\/sv\/kontakt\/till-forsamlingarna\/materialbanken\/materialbank\/\" \/>\n<meta property=\"og:site_name\" content=\"Kyrkans Utlandshj\u00e4lp\" \/>\n<meta property=\"article:publisher\" content=\"https:\/\/www.facebook.com\/Ulkomaanapu\/\" \/>\n<meta property=\"article:modified_time\" content=\"2025-01-29T18:57:03+00:00\" \/>\n<meta property=\"og:image\" content=\"https:\/\/www.kirkonulkomaanapu.fi\/wp-content\/uploads\/2017\/12\/janet.png\" \/>\n\t<meta property=\"og:image:width\" content=\"765\" \/>\n\t<meta property=\"og:image:height\" content=\"416\" \/>\n\t<meta property=\"og:image:type\" content=\"image\/png\" \/>\n<meta name=\"twitter:label1\" content=\"Ber\u00e4knad l\u00e4stid\" \/>\n\t<meta name=\"twitter:data1\" content=\"2 minuter\" \/>\n<script type=\"application\/ld+json\" class=\"yoast-schema-graph\">{\"@context\":\"https:\/\/schema.org\",\"@graph\":[{\"@type\":\"WebPage\",\"@id\":\"https:\/\/www.kirkonulkomaanapu.fi\/sv\/kontakt\/till-forsamlingarna\/materialbanken\/materialbank\/\",\"url\":\"https:\/\/www.kirkonulkomaanapu.fi\/sv\/kontakt\/till-forsamlingarna\/materialbanken\/materialbank\/\",\"name\":\"Logon och material till webbsidorna - Kyrkans Utlandshj\u00e4lp\",\"isPartOf\":{\"@id\":\"https:\/\/www.kirkonulkomaanapu.fi\/#website\"},\"primaryImageOfPage\":{\"@id\":\"https:\/\/www.kirkonulkomaanapu.fi\/sv\/kontakt\/till-forsamlingarna\/materialbanken\/materialbank\/#primaryimage\"},\"image\":{\"@id\":\"https:\/\/www.kirkonulkomaanapu.fi\/sv\/kontakt\/till-forsamlingarna\/materialbanken\/materialbank\/#primaryimage\"},\"thumbnailUrl\":\"https:\/\/www.kirkonulkomaanapu.fi\/wp-content\/uploads\/2017\/12\/janet.png\",\"datePublished\":\"2017-12-05T11:49:14+00:00\",\"dateModified\":\"2025-01-29T18:57:03+00:00\",\"breadcrumb\":{\"@id\":\"https:\/\/www.kirkonulkomaanapu.fi\/sv\/kontakt\/till-forsamlingarna\/materialbanken\/materialbank\/#breadcrumb\"},\"inLanguage\":\"sv-SE\",\"potentialAction\":[{\"@type\":\"ReadAction\",\"target\":[\"https:\/\/www.kirkonulkomaanapu.fi\/sv\/kontakt\/till-forsamlingarna\/materialbanken\/materialbank\/\"]}]},{\"@type\":\"ImageObject\",\"inLanguage\":\"sv-SE\",\"@id\":\"https:\/\/www.kirkonulkomaanapu.fi\/sv\/kontakt\/till-forsamlingarna\/materialbanken\/materialbank\/#primaryimage\",\"url\":\"https:\/\/www.kirkonulkomaanapu.fi\/wp-content\/uploads\/2017\/12\/janet.png\",\"contentUrl\":\"https:\/\/www.kirkonulkomaanapu.fi\/wp-content\/uploads\/2017\/12\/janet.png\",\"width\":765,\"height\":416},{\"@type\":\"BreadcrumbList\",\"@id\":\"https:\/\/www.kirkonulkomaanapu.fi\/sv\/kontakt\/till-forsamlingarna\/materialbanken\/materialbank\/#breadcrumb\",\"itemListElement\":[{\"@type\":\"ListItem\",\"position\":1,\"name\":\"Home\",\"item\":\"https:\/\/www.kirkonulkomaanapu.fi\/sv\/\"},{\"@type\":\"ListItem\",\"position\":2,\"name\":\"Kontakt\",\"item\":\"https:\/\/www.kirkonulkomaanapu.fi\/sv\/kontakt\/\"},{\"@type\":\"ListItem\",\"position\":3,\"name\":\"Till f\u00f6rsamlingarna\",\"item\":\"https:\/\/www.kirkonulkomaanapu.fi\/sv\/kontakt\/till-forsamlingarna\/\"},{\"@type\":\"ListItem\",\"position\":4,\"name\":\"Materialbanken\",\"item\":\"https:\/\/www.kirkonulkomaanapu.fi\/sv\/kontakt\/till-forsamlingarna\/materialbanken\/\"},{\"@type\":\"ListItem\",\"position\":5,\"name\":\"Logon och material till webbsidorna\"}]},{\"@type\":\"WebSite\",\"@id\":\"https:\/\/www.kirkonulkomaanapu.fi\/#website\",\"url\":\"https:\/\/www.kirkonulkomaanapu.fi\/\",\"name\":\"Kirkon Ulkomaanapu\",\"description\":\"Suomen suurin kehitysyhteisty\u00f6j\u00e4rjest\u00f6\",\"publisher\":{\"@id\":\"https:\/\/www.kirkonulkomaanapu.fi\/#organization\"},\"alternateName\":\"KUA\",\"potentialAction\":[{\"@type\":\"SearchAction\",\"target\":{\"@type\":\"EntryPoint\",\"urlTemplate\":\"https:\/\/www.kirkonulkomaanapu.fi\/?s={search_term_string}\"},\"query-input\":{\"@type\":\"PropertyValueSpecification\",\"valueRequired\":true,\"valueName\":\"search_term_string\"}}],\"inLanguage\":\"sv-SE\"},{\"@type\":\"Organization\",\"@id\":\"https:\/\/www.kirkonulkomaanapu.fi\/#organization\",\"name\":\"Kirkon Ulkomaanapu\",\"alternateName\":\"KUA\",\"url\":\"https:\/\/www.kirkonulkomaanapu.fi\/\",\"logo\":{\"@type\":\"ImageObject\",\"inLanguage\":\"sv-SE\",\"@id\":\"https:\/\/www.kirkonulkomaanapu.fi\/#\/schema\/logo\/image\/\",\"url\":\"https:\/\/www.kirkonulkomaanapu.fi\/wp-content\/uploads\/2026\/02\/Kirkon-ulkomaanapu-logo-1.png\",\"contentUrl\":\"https:\/\/www.kirkonulkomaanapu.fi\/wp-content\/uploads\/2026\/02\/Kirkon-ulkomaanapu-logo-1.png\",\"width\":225,\"height\":225,\"caption\":\"Kirkon Ulkomaanapu\"},\"image\":{\"@id\":\"https:\/\/www.kirkonulkomaanapu.fi\/#\/schema\/logo\/image\/\"},\"sameAs\":[\"https:\/\/www.facebook.com\/Ulkomaanapu\/\",\"https:\/\/www.youtube.com\/user\/kirkonulkomaanapu\",\"https:\/\/instagram.com\/kirkon_ulkomaanapu\/\",\"https:\/\/www.linkedin.com\/company\/finn-church-aid\/\"]}]}<\/script>\n<!-- \/ Yoast SEO plugin. -->","yoast_head_json":{"title":"Logon och material till webbsidorna - Kyrkans Utlandshj\u00e4lp","robots":{"index":"index","follow":"follow","max-snippet":"max-snippet:-1","max-image-preview":"max-image-preview:large","max-video-preview":"max-video-preview:-1"},"canonical":"https:\/\/www.kirkonulkomaanapu.fi\/sv\/kontakt\/till-forsamlingarna\/materialbanken\/materialbank\/","og_locale":"sv_SE","og_type":"article","og_title":"Logon och material till webbsidorna - Kyrkans Utlandshj\u00e4lp","og_description":"Bilder till f\u00f6rsamlingarnas f\u00f6rfogande.&nbsp;Det \u00e4r bilder fr\u00e5n v\u00e5ra arbetsf\u00e4lt och de passar utm\u00e4rkt till webbsidor och sociala medier. Nedan finns \u00e4ven en modelltext om Kyrkans Utlandshj\u00e4lp att anv\u00e4ndas d\u00e5 ni vill ber\u00e4tta om den internationella diakonin p\u00e5 era webbsidor Modeltext f\u00f6r f\u00f6rsamlingarnas webbsidor Kyrkans Utlandshj\u00e4lp utf\u00f6r internationell diakoni p\u00e5 uppdrag av kyrkan genom utvecklingssamarbete, humanit\u00e4rt [&hellip;]","og_url":"https:\/\/www.kirkonulkomaanapu.fi\/sv\/kontakt\/till-forsamlingarna\/materialbanken\/materialbank\/","og_site_name":"Kyrkans Utlandshj\u00e4lp","article_publisher":"https:\/\/www.facebook.com\/Ulkomaanapu\/","article_modified_time":"2025-01-29T18:57:03+00:00","og_image":[{"width":765,"height":416,"url":"https:\/\/www.kirkonulkomaanapu.fi\/wp-content\/uploads\/2017\/12\/janet.png","type":"image\/png"}],"twitter_misc":{"Ber\u00e4knad l\u00e4stid":"2 minuter"},"schema":{"@context":"https:\/\/schema.org","@graph":[{"@type":"WebPage","@id":"https:\/\/www.kirkonulkomaanapu.fi\/sv\/kontakt\/till-forsamlingarna\/materialbanken\/materialbank\/","url":"https:\/\/www.kirkonulkomaanapu.fi\/sv\/kontakt\/till-forsamlingarna\/materialbanken\/materialbank\/","name":"Logon och material till webbsidorna - Kyrkans Utlandshj\u00e4lp","isPartOf":{"@id":"https:\/\/www.kirkonulkomaanapu.fi\/#website"},"primaryImageOfPage":{"@id":"https:\/\/www.kirkonulkomaanapu.fi\/sv\/kontakt\/till-forsamlingarna\/materialbanken\/materialbank\/#primaryimage"},"image":{"@id":"https:\/\/www.kirkonulkomaanapu.fi\/sv\/kontakt\/till-forsamlingarna\/materialbanken\/materialbank\/#primaryimage"},"thumbnailUrl":"https:\/\/www.kirkonulkomaanapu.fi\/wp-content\/uploads\/2017\/12\/janet.png","datePublished":"2017-12-05T11:49:14+00:00","dateModified":"2025-01-29T18:57:03+00:00","breadcrumb":{"@id":"https:\/\/www.kirkonulkomaanapu.fi\/sv\/kontakt\/till-forsamlingarna\/materialbanken\/materialbank\/#breadcrumb"},"inLanguage":"sv-SE","potentialAction":[{"@type":"ReadAction","target":["https:\/\/www.kirkonulkomaanapu.fi\/sv\/kontakt\/till-forsamlingarna\/materialbanken\/materialbank\/"]}]},{"@type":"ImageObject","inLanguage":"sv-SE","@id":"https:\/\/www.kirkonulkomaanapu.fi\/sv\/kontakt\/till-forsamlingarna\/materialbanken\/materialbank\/#primaryimage","url":"https:\/\/www.kirkonulkomaanapu.fi\/wp-content\/uploads\/2017\/12\/janet.png","contentUrl":"https:\/\/www.kirkonulkomaanapu.fi\/wp-content\/uploads\/2017\/12\/janet.png","width":765,"height":416},{"@type":"BreadcrumbList","@id":"https:\/\/www.kirkonulkomaanapu.fi\/sv\/kontakt\/till-forsamlingarna\/materialbanken\/materialbank\/#breadcrumb","itemListElement":[{"@type":"ListItem","position":1,"name":"Home","item":"https:\/\/www.kirkonulkomaanapu.fi\/sv\/"},{"@type":"ListItem","position":2,"name":"Kontakt","item":"https:\/\/www.kirkonulkomaanapu.fi\/sv\/kontakt\/"},{"@type":"ListItem","position":3,"name":"Till f\u00f6rsamlingarna","item":"https:\/\/www.kirkonulkomaanapu.fi\/sv\/kontakt\/till-forsamlingarna\/"},{"@type":"ListItem","position":4,"name":"Materialbanken","item":"https:\/\/www.kirkonulkomaanapu.fi\/sv\/kontakt\/till-forsamlingarna\/materialbanken\/"},{"@type":"ListItem","position":5,"name":"Logon och material till webbsidorna"}]},{"@type":"WebSite","@id":"https:\/\/www.kirkonulkomaanapu.fi\/#website","url":"https:\/\/www.kirkonulkomaanapu.fi\/","name":"Kirkon Ulkomaanapu","description":"Suomen suurin kehitysyhteisty\u00f6j\u00e4rjest\u00f6","publisher":{"@id":"https:\/\/www.kirkonulkomaanapu.fi\/#organization"},"alternateName":"KUA","potentialAction":[{"@type":"SearchAction","target":{"@type":"EntryPoint","urlTemplate":"https:\/\/www.kirkonulkomaanapu.fi\/?s={search_term_string}"},"query-input":{"@type":"PropertyValueSpecification","valueRequired":true,"valueName":"search_term_string"}}],"inLanguage":"sv-SE"},{"@type":"Organization","@id":"https:\/\/www.kirkonulkomaanapu.fi\/#organization","name":"Kirkon Ulkomaanapu","alternateName":"KUA","url":"https:\/\/www.kirkonulkomaanapu.fi\/","logo":{"@type":"ImageObject","inLanguage":"sv-SE","@id":"https:\/\/www.kirkonulkomaanapu.fi\/#\/schema\/logo\/image\/","url":"https:\/\/www.kirkonulkomaanapu.fi\/wp-content\/uploads\/2026\/02\/Kirkon-ulkomaanapu-logo-1.png","contentUrl":"https:\/\/www.kirkonulkomaanapu.fi\/wp-content\/uploads\/2026\/02\/Kirkon-ulkomaanapu-logo-1.png","width":225,"height":225,"caption":"Kirkon Ulkomaanapu"},"image":{"@id":"https:\/\/www.kirkonulkomaanapu.fi\/#\/schema\/logo\/image\/"},"sameAs":["https:\/\/www.facebook.com\/Ulkomaanapu\/","https:\/\/www.youtube.com\/user\/kirkonulkomaanapu","https:\/\/instagram.com\/kirkon_ulkomaanapu\/","https:\/\/www.linkedin.com\/company\/finn-church-aid\/"]}]}},"_links":{"self":[{"href":"https:\/\/www.kirkonulkomaanapu.fi\/sv\/wp-json\/wp\/v2\/pages\/84739","targetHints":{"allow":["GET"]}}],"collection":[{"href":"https:\/\/www.kirkonulkomaanapu.fi\/sv\/wp-json\/wp\/v2\/pages"}],"about":[{"href":"https:\/\/www.kirkonulkomaanapu.fi\/sv\/wp-json\/wp\/v2\/types\/page"}],"author":[{"embeddable":true,"href":"https:\/\/www.kirkonulkomaanapu.fi\/sv\/wp-json\/wp\/v2\/users\/84"}],"replies":[{"embeddable":true,"href":"https:\/\/www.kirkonulkomaanapu.fi\/sv\/wp-json\/wp\/v2\/comments?post=84739"}],"version-history":[{"count":2,"href":"https:\/\/www.kirkonulkomaanapu.fi\/sv\/wp-json\/wp\/v2\/pages\/84739\/revisions"}],"predecessor-version":[{"id":149338,"href":"https:\/\/www.kirkonulkomaanapu.fi\/sv\/wp-json\/wp\/v2\/pages\/84739\/revisions\/149338"}],"up":[{"embeddable":true,"href":"https:\/\/www.kirkonulkomaanapu.fi\/sv\/wp-json\/wp\/v2\/pages\/152505"}],"wp:featuredmedia":[{"embeddable":true,"href":"https:\/\/www.kirkonulkomaanapu.fi\/sv\/wp-json\/wp\/v2\/media\/84927"}],"wp:attachment":[{"href":"https:\/\/www.kirkonulkomaanapu.fi\/sv\/wp-json\/wp\/v2\/media?parent=84739"}],"curies":[{"name":"wp","href":"https:\/\/api.w.org\/{rel}","templated":true}]}}