{"id":81606,"date":"2017-06-21T14:58:05","date_gmt":"2017-06-21T11:58:05","guid":{"rendered":"https:\/\/www.kirkonulkomaanapu.fi\/sv\/om-oss\/arsberattelse-2016\/eappi-ohjelma-nosti-esiiin-kiihtyvan-asutusten-tuhoamisen\/"},"modified":"2017-06-27T11:24:48","modified_gmt":"2017-06-27T08:24:48","slug":"eappi-programmet-riktade-blicken-mot-rivningarna-av-palestinska-hem","status":"publish","type":"page","link":"https:\/\/www.kirkonulkomaanapu.fi\/sv\/om-oss\/historia\/arsberattelse-2016\/eappi-programmet-riktade-blicken-mot-rivningarna-av-palestinska-hem\/","title":{"rendered":"EAPPI-programmet riktade blicken mot rivningarna av palestinska hem"},"content":{"rendered":"<p class=\"lead\"><a href=\"https:\/\/www.eappi.fi\/\">EAPPI<\/a> (Ecumenical Accompaniment Programme in Palestine and Israel) \u00e4r ett ekumeniskt f\u00f6jeslagarprogram som st\u00f6der lokala och internationella str\u00e4vanden att avsluta Israels ockupation av de palestinska omr\u00e5dena samt leda Israel och Palestina till ett fredligt slut p\u00e5 konflikten, i enlighet med internationell r\u00e4tt och FN:s resolutioner.<\/p>\n<p>De frivilliga EAPPI-observat\u00f6rerna utg\u00f6r med sin n\u00e4rvaro ett skydd f\u00f6r de s\u00e5rbara lokalsamfunden. De f\u00f6ljer med hur den humanit\u00e4ra r\u00e4tten och de m\u00e4nskliga r\u00e4ttigheterna f\u00f6rverkligas. I fjol skickade Finland nio observat\u00f6rer till omr\u00e5det.<\/p>\n<p>Det stigande antalet rivningar av palestinska hem p\u00e5 V\u00e4stbanken hade en framtr\u00e4dande roll i volont\u00e4rernas arbete 2016. Arbetet fokuserade p\u00e5 att bes\u00f6ka samh\u00e4llen som f\u00e5tt sin rivningsdom och att rapportera om rivningsarbetet. Volont\u00e4rerna samarbetade med diplomatiska g\u00e4ster och medborgarorganisationer f\u00f6r att sprida information om l\u00e4get.<\/p>\n<p>Efter sina perioder p\u00e5 f\u00e4ltet g\u00f6r EAPPI-observat\u00f6rerna p\u00e5verkansarbete fr\u00e4mst i Finland. I fjol satsade man p\u00e5 att \u00f6ka n\u00e4rvaron i sociala medier, framf\u00f6rallt p\u00e5 Facebook och Instagram. Resultaten var goda, och man n\u00e5dde tusentals nya m\u00e4nniskor den v\u00e4gen.<\/p>\n<p>P\u00e5 v\u00e5ren och sommaren startade en p\u00e5verkanskampanj med m\u00e5let att \u00f6ka allm\u00e4nhetens medvetenhet om det \u00f6kande antalet rivningar av palestinska hem p\u00e5 V\u00e4stbanken. I kampanjen ingick ocks\u00e5 en v\u00e4djan om att de finl\u00e4ndska beslutsfattarna ska agera f\u00f6r att f\u00f6rhindra rivningarna. Kampanjen var v\u00e4ldigt synlig i sociala medier och p\u00e5 festivalen V\u00e4rlden i byn som ordnades i Helsingfors i maj. Kampanjen uppm\u00e4rksammades ocks\u00e5 av utrikesministern som skickade ett svarsbrev till EAPPI.<\/p>\n","protected":false},"excerpt":{"rendered":"<p>EAPPI (Ecumenical Accompaniment Programme in Palestine and Israel) \u00e4r ett ekumeniskt f\u00f6jeslagarprogram som st\u00f6der lokala och internationella str\u00e4vanden att avsluta Israels ockupation av de palestinska omr\u00e5dena samt leda Israel och Palestina till ett fredligt slut p\u00e5 konflikten, i enlighet med internationell r\u00e4tt och FN:s resolutioner. De frivilliga EAPPI-observat\u00f6rerna utg\u00f6r med sin n\u00e4rvaro ett skydd f\u00f6r [&hellip;]<\/p>\n","protected":false},"author":8,"featured_media":81497,"parent":81564,"menu_order":4,"comment_status":"closed","ping_status":"closed","template":"page-templates\/vuosikertomus.php","meta":{"_acf_changed":false,"_relevanssi_hide_post":"","_relevanssi_hide_content":"","_relevanssi_pin_for_all":"","_relevanssi_pin_keywords":"","_relevanssi_unpin_keywords":"","_relevanssi_related_keywords":"","_relevanssi_related_include_ids":"","_relevanssi_related_exclude_ids":"","_relevanssi_related_no_append":"","_relevanssi_related_not_related":"","_relevanssi_related_posts":"","_relevanssi_noindex_reason":"","_improvement_type_select":"improve_an_existing","_thumb_yes_seoaic":false,"_frame_yes_seoaic":false,"seoaic_generate_description":"","seoaic_improve_instructions_prompt":"","seoaic_rollback_content_improvement":"","seoaic_idea_thumbnail_generator":"","thumbnail_generated":false,"thumbnail_generate_prompt":"","seoaic_article_description":"","footnotes":""},"class_list":["post-81606","page","type-page","status-publish","has-post-thumbnail","hentry"],"acf":[],"yoast_head":"<!-- This site is optimized with the Yoast SEO plugin v26.9 - https:\/\/yoast.com\/product\/yoast-seo-wordpress\/ -->\n<title>EAPPI-programmet riktade blicken mot rivningarna av palestinska hem - Kyrkans Utlandshj\u00e4lp<\/title>\n<meta name=\"robots\" content=\"index, follow, max-snippet:-1, max-image-preview:large, max-video-preview:-1\" \/>\n<link rel=\"canonical\" href=\"https:\/\/www.kirkonulkomaanapu.fi\/sv\/om-oss\/historia\/arsberattelse-2016\/eappi-programmet-riktade-blicken-mot-rivningarna-av-palestinska-hem\/\" \/>\n<meta property=\"og:locale\" content=\"sv_SE\" \/>\n<meta property=\"og:type\" content=\"article\" \/>\n<meta property=\"og:title\" content=\"EAPPI-programmet riktade blicken mot rivningarna av palestinska hem - Kyrkans Utlandshj\u00e4lp\" \/>\n<meta property=\"og:description\" content=\"EAPPI (Ecumenical Accompaniment Programme in Palestine and Israel) \u00e4r ett ekumeniskt f\u00f6jeslagarprogram som st\u00f6der lokala och internationella str\u00e4vanden att avsluta Israels ockupation av de palestinska omr\u00e5dena samt leda Israel och Palestina till ett fredligt slut p\u00e5 konflikten, i enlighet med internationell r\u00e4tt och FN:s resolutioner. De frivilliga EAPPI-observat\u00f6rerna utg\u00f6r med sin n\u00e4rvaro ett skydd f\u00f6r [&hellip;]\" \/>\n<meta property=\"og:url\" content=\"https:\/\/www.kirkonulkomaanapu.fi\/sv\/om-oss\/historia\/arsberattelse-2016\/eappi-programmet-riktade-blicken-mot-rivningarna-av-palestinska-hem\/\" \/>\n<meta property=\"og:site_name\" content=\"Kyrkans Utlandshj\u00e4lp\" \/>\n<meta property=\"article:publisher\" content=\"https:\/\/www.facebook.com\/Ulkomaanapu\/\" \/>\n<meta property=\"article:modified_time\" content=\"2017-06-27T08:24:48+00:00\" \/>\n<meta property=\"og:image\" content=\"https:\/\/www.kirkonulkomaanapu.fi\/wp-content\/uploads\/2017\/06\/EAPPI.jpg\" \/>\n\t<meta property=\"og:image:width\" content=\"1024\" \/>\n\t<meta property=\"og:image:height\" content=\"553\" \/>\n\t<meta property=\"og:image:type\" content=\"image\/jpeg\" \/>\n<meta name=\"twitter:label1\" content=\"Ber\u00e4knad l\u00e4stid\" \/>\n\t<meta name=\"twitter:data1\" content=\"1 minut\" \/>\n<script type=\"application\/ld+json\" class=\"yoast-schema-graph\">{\"@context\":\"https:\/\/schema.org\",\"@graph\":[{\"@type\":\"WebPage\",\"@id\":\"https:\/\/www.kirkonulkomaanapu.fi\/sv\/om-oss\/historia\/arsberattelse-2016\/eappi-programmet-riktade-blicken-mot-rivningarna-av-palestinska-hem\/\",\"url\":\"https:\/\/www.kirkonulkomaanapu.fi\/sv\/om-oss\/historia\/arsberattelse-2016\/eappi-programmet-riktade-blicken-mot-rivningarna-av-palestinska-hem\/\",\"name\":\"EAPPI-programmet riktade blicken mot rivningarna av palestinska hem - Kyrkans Utlandshj\u00e4lp\",\"isPartOf\":{\"@id\":\"https:\/\/www.kirkonulkomaanapu.fi\/#website\"},\"primaryImageOfPage\":{\"@id\":\"https:\/\/www.kirkonulkomaanapu.fi\/sv\/om-oss\/historia\/arsberattelse-2016\/eappi-programmet-riktade-blicken-mot-rivningarna-av-palestinska-hem\/#primaryimage\"},\"image\":{\"@id\":\"https:\/\/www.kirkonulkomaanapu.fi\/sv\/om-oss\/historia\/arsberattelse-2016\/eappi-programmet-riktade-blicken-mot-rivningarna-av-palestinska-hem\/#primaryimage\"},\"thumbnailUrl\":\"https:\/\/www.kirkonulkomaanapu.fi\/wp-content\/uploads\/2017\/06\/EAPPI.jpg\",\"datePublished\":\"2017-06-21T11:58:05+00:00\",\"dateModified\":\"2017-06-27T08:24:48+00:00\",\"breadcrumb\":{\"@id\":\"https:\/\/www.kirkonulkomaanapu.fi\/sv\/om-oss\/historia\/arsberattelse-2016\/eappi-programmet-riktade-blicken-mot-rivningarna-av-palestinska-hem\/#breadcrumb\"},\"inLanguage\":\"sv-SE\",\"potentialAction\":[{\"@type\":\"ReadAction\",\"target\":[\"https:\/\/www.kirkonulkomaanapu.fi\/sv\/om-oss\/historia\/arsberattelse-2016\/eappi-programmet-riktade-blicken-mot-rivningarna-av-palestinska-hem\/\"]}]},{\"@type\":\"ImageObject\",\"inLanguage\":\"sv-SE\",\"@id\":\"https:\/\/www.kirkonulkomaanapu.fi\/sv\/om-oss\/historia\/arsberattelse-2016\/eappi-programmet-riktade-blicken-mot-rivningarna-av-palestinska-hem\/#primaryimage\",\"url\":\"https:\/\/www.kirkonulkomaanapu.fi\/wp-content\/uploads\/2017\/06\/EAPPI.jpg\",\"contentUrl\":\"https:\/\/www.kirkonulkomaanapu.fi\/wp-content\/uploads\/2017\/06\/EAPPI.jpg\",\"width\":1024,\"height\":553},{\"@type\":\"BreadcrumbList\",\"@id\":\"https:\/\/www.kirkonulkomaanapu.fi\/sv\/om-oss\/historia\/arsberattelse-2016\/eappi-programmet-riktade-blicken-mot-rivningarna-av-palestinska-hem\/#breadcrumb\",\"itemListElement\":[{\"@type\":\"ListItem\",\"position\":1,\"name\":\"Home\",\"item\":\"https:\/\/www.kirkonulkomaanapu.fi\/sv\/\"},{\"@type\":\"ListItem\",\"position\":2,\"name\":\"Om oss\",\"item\":\"https:\/\/www.kirkonulkomaanapu.fi\/sv\/om-oss\/\"},{\"@type\":\"ListItem\",\"position\":3,\"name\":\"Historia\",\"item\":\"https:\/\/www.kirkonulkomaanapu.fi\/sv\/om-oss\/historia\/\"},{\"@type\":\"ListItem\",\"position\":4,\"name\":\"\u00c5rsber\u00e4ttelse 2016\",\"item\":\"https:\/\/www.kirkonulkomaanapu.fi\/sv\/om-oss\/historia\/arsberattelse-2016\/\"},{\"@type\":\"ListItem\",\"position\":5,\"name\":\"EAPPI-programmet riktade blicken mot rivningarna av palestinska hem\"}]},{\"@type\":\"WebSite\",\"@id\":\"https:\/\/www.kirkonulkomaanapu.fi\/#website\",\"url\":\"https:\/\/www.kirkonulkomaanapu.fi\/\",\"name\":\"Kirkon Ulkomaanapu\",\"description\":\"Suomen suurin kehitysyhteisty\u00f6j\u00e4rjest\u00f6\",\"publisher\":{\"@id\":\"https:\/\/www.kirkonulkomaanapu.fi\/#organization\"},\"alternateName\":\"KUA\",\"potentialAction\":[{\"@type\":\"SearchAction\",\"target\":{\"@type\":\"EntryPoint\",\"urlTemplate\":\"https:\/\/www.kirkonulkomaanapu.fi\/?s={search_term_string}\"},\"query-input\":{\"@type\":\"PropertyValueSpecification\",\"valueRequired\":true,\"valueName\":\"search_term_string\"}}],\"inLanguage\":\"sv-SE\"},{\"@type\":\"Organization\",\"@id\":\"https:\/\/www.kirkonulkomaanapu.fi\/#organization\",\"name\":\"Kirkon Ulkomaanapu\",\"alternateName\":\"KUA\",\"url\":\"https:\/\/www.kirkonulkomaanapu.fi\/\",\"logo\":{\"@type\":\"ImageObject\",\"inLanguage\":\"sv-SE\",\"@id\":\"https:\/\/www.kirkonulkomaanapu.fi\/#\/schema\/logo\/image\/\",\"url\":\"https:\/\/www.kirkonulkomaanapu.fi\/wp-content\/uploads\/2026\/02\/Kirkon-ulkomaanapu-logo-1.png\",\"contentUrl\":\"https:\/\/www.kirkonulkomaanapu.fi\/wp-content\/uploads\/2026\/02\/Kirkon-ulkomaanapu-logo-1.png\",\"width\":225,\"height\":225,\"caption\":\"Kirkon Ulkomaanapu\"},\"image\":{\"@id\":\"https:\/\/www.kirkonulkomaanapu.fi\/#\/schema\/logo\/image\/\"},\"sameAs\":[\"https:\/\/www.facebook.com\/Ulkomaanapu\/\",\"https:\/\/www.youtube.com\/user\/kirkonulkomaanapu\",\"https:\/\/instagram.com\/kirkon_ulkomaanapu\/\",\"https:\/\/www.linkedin.com\/company\/finn-church-aid\/\"]}]}<\/script>\n<!-- \/ Yoast SEO plugin. -->","yoast_head_json":{"title":"EAPPI-programmet riktade blicken mot rivningarna av palestinska hem - Kyrkans Utlandshj\u00e4lp","robots":{"index":"index","follow":"follow","max-snippet":"max-snippet:-1","max-image-preview":"max-image-preview:large","max-video-preview":"max-video-preview:-1"},"canonical":"https:\/\/www.kirkonulkomaanapu.fi\/sv\/om-oss\/historia\/arsberattelse-2016\/eappi-programmet-riktade-blicken-mot-rivningarna-av-palestinska-hem\/","og_locale":"sv_SE","og_type":"article","og_title":"EAPPI-programmet riktade blicken mot rivningarna av palestinska hem - Kyrkans Utlandshj\u00e4lp","og_description":"EAPPI (Ecumenical Accompaniment Programme in Palestine and Israel) \u00e4r ett ekumeniskt f\u00f6jeslagarprogram som st\u00f6der lokala och internationella str\u00e4vanden att avsluta Israels ockupation av de palestinska omr\u00e5dena samt leda Israel och Palestina till ett fredligt slut p\u00e5 konflikten, i enlighet med internationell r\u00e4tt och FN:s resolutioner. De frivilliga EAPPI-observat\u00f6rerna utg\u00f6r med sin n\u00e4rvaro ett skydd f\u00f6r [&hellip;]","og_url":"https:\/\/www.kirkonulkomaanapu.fi\/sv\/om-oss\/historia\/arsberattelse-2016\/eappi-programmet-riktade-blicken-mot-rivningarna-av-palestinska-hem\/","og_site_name":"Kyrkans Utlandshj\u00e4lp","article_publisher":"https:\/\/www.facebook.com\/Ulkomaanapu\/","article_modified_time":"2017-06-27T08:24:48+00:00","og_image":[{"width":1024,"height":553,"url":"https:\/\/www.kirkonulkomaanapu.fi\/wp-content\/uploads\/2017\/06\/EAPPI.jpg","type":"image\/jpeg"}],"twitter_misc":{"Ber\u00e4knad l\u00e4stid":"1 minut"},"schema":{"@context":"https:\/\/schema.org","@graph":[{"@type":"WebPage","@id":"https:\/\/www.kirkonulkomaanapu.fi\/sv\/om-oss\/historia\/arsberattelse-2016\/eappi-programmet-riktade-blicken-mot-rivningarna-av-palestinska-hem\/","url":"https:\/\/www.kirkonulkomaanapu.fi\/sv\/om-oss\/historia\/arsberattelse-2016\/eappi-programmet-riktade-blicken-mot-rivningarna-av-palestinska-hem\/","name":"EAPPI-programmet riktade blicken mot rivningarna av palestinska hem - Kyrkans Utlandshj\u00e4lp","isPartOf":{"@id":"https:\/\/www.kirkonulkomaanapu.fi\/#website"},"primaryImageOfPage":{"@id":"https:\/\/www.kirkonulkomaanapu.fi\/sv\/om-oss\/historia\/arsberattelse-2016\/eappi-programmet-riktade-blicken-mot-rivningarna-av-palestinska-hem\/#primaryimage"},"image":{"@id":"https:\/\/www.kirkonulkomaanapu.fi\/sv\/om-oss\/historia\/arsberattelse-2016\/eappi-programmet-riktade-blicken-mot-rivningarna-av-palestinska-hem\/#primaryimage"},"thumbnailUrl":"https:\/\/www.kirkonulkomaanapu.fi\/wp-content\/uploads\/2017\/06\/EAPPI.jpg","datePublished":"2017-06-21T11:58:05+00:00","dateModified":"2017-06-27T08:24:48+00:00","breadcrumb":{"@id":"https:\/\/www.kirkonulkomaanapu.fi\/sv\/om-oss\/historia\/arsberattelse-2016\/eappi-programmet-riktade-blicken-mot-rivningarna-av-palestinska-hem\/#breadcrumb"},"inLanguage":"sv-SE","potentialAction":[{"@type":"ReadAction","target":["https:\/\/www.kirkonulkomaanapu.fi\/sv\/om-oss\/historia\/arsberattelse-2016\/eappi-programmet-riktade-blicken-mot-rivningarna-av-palestinska-hem\/"]}]},{"@type":"ImageObject","inLanguage":"sv-SE","@id":"https:\/\/www.kirkonulkomaanapu.fi\/sv\/om-oss\/historia\/arsberattelse-2016\/eappi-programmet-riktade-blicken-mot-rivningarna-av-palestinska-hem\/#primaryimage","url":"https:\/\/www.kirkonulkomaanapu.fi\/wp-content\/uploads\/2017\/06\/EAPPI.jpg","contentUrl":"https:\/\/www.kirkonulkomaanapu.fi\/wp-content\/uploads\/2017\/06\/EAPPI.jpg","width":1024,"height":553},{"@type":"BreadcrumbList","@id":"https:\/\/www.kirkonulkomaanapu.fi\/sv\/om-oss\/historia\/arsberattelse-2016\/eappi-programmet-riktade-blicken-mot-rivningarna-av-palestinska-hem\/#breadcrumb","itemListElement":[{"@type":"ListItem","position":1,"name":"Home","item":"https:\/\/www.kirkonulkomaanapu.fi\/sv\/"},{"@type":"ListItem","position":2,"name":"Om oss","item":"https:\/\/www.kirkonulkomaanapu.fi\/sv\/om-oss\/"},{"@type":"ListItem","position":3,"name":"Historia","item":"https:\/\/www.kirkonulkomaanapu.fi\/sv\/om-oss\/historia\/"},{"@type":"ListItem","position":4,"name":"\u00c5rsber\u00e4ttelse 2016","item":"https:\/\/www.kirkonulkomaanapu.fi\/sv\/om-oss\/historia\/arsberattelse-2016\/"},{"@type":"ListItem","position":5,"name":"EAPPI-programmet riktade blicken mot rivningarna av palestinska hem"}]},{"@type":"WebSite","@id":"https:\/\/www.kirkonulkomaanapu.fi\/#website","url":"https:\/\/www.kirkonulkomaanapu.fi\/","name":"Kirkon Ulkomaanapu","description":"Suomen suurin kehitysyhteisty\u00f6j\u00e4rjest\u00f6","publisher":{"@id":"https:\/\/www.kirkonulkomaanapu.fi\/#organization"},"alternateName":"KUA","potentialAction":[{"@type":"SearchAction","target":{"@type":"EntryPoint","urlTemplate":"https:\/\/www.kirkonulkomaanapu.fi\/?s={search_term_string}"},"query-input":{"@type":"PropertyValueSpecification","valueRequired":true,"valueName":"search_term_string"}}],"inLanguage":"sv-SE"},{"@type":"Organization","@id":"https:\/\/www.kirkonulkomaanapu.fi\/#organization","name":"Kirkon Ulkomaanapu","alternateName":"KUA","url":"https:\/\/www.kirkonulkomaanapu.fi\/","logo":{"@type":"ImageObject","inLanguage":"sv-SE","@id":"https:\/\/www.kirkonulkomaanapu.fi\/#\/schema\/logo\/image\/","url":"https:\/\/www.kirkonulkomaanapu.fi\/wp-content\/uploads\/2026\/02\/Kirkon-ulkomaanapu-logo-1.png","contentUrl":"https:\/\/www.kirkonulkomaanapu.fi\/wp-content\/uploads\/2026\/02\/Kirkon-ulkomaanapu-logo-1.png","width":225,"height":225,"caption":"Kirkon Ulkomaanapu"},"image":{"@id":"https:\/\/www.kirkonulkomaanapu.fi\/#\/schema\/logo\/image\/"},"sameAs":["https:\/\/www.facebook.com\/Ulkomaanapu\/","https:\/\/www.youtube.com\/user\/kirkonulkomaanapu","https:\/\/instagram.com\/kirkon_ulkomaanapu\/","https:\/\/www.linkedin.com\/company\/finn-church-aid\/"]}]}},"_links":{"self":[{"href":"https:\/\/www.kirkonulkomaanapu.fi\/sv\/wp-json\/wp\/v2\/pages\/81606","targetHints":{"allow":["GET"]}}],"collection":[{"href":"https:\/\/www.kirkonulkomaanapu.fi\/sv\/wp-json\/wp\/v2\/pages"}],"about":[{"href":"https:\/\/www.kirkonulkomaanapu.fi\/sv\/wp-json\/wp\/v2\/types\/page"}],"author":[{"embeddable":true,"href":"https:\/\/www.kirkonulkomaanapu.fi\/sv\/wp-json\/wp\/v2\/users\/8"}],"replies":[{"embeddable":true,"href":"https:\/\/www.kirkonulkomaanapu.fi\/sv\/wp-json\/wp\/v2\/comments?post=81606"}],"version-history":[{"count":2,"href":"https:\/\/www.kirkonulkomaanapu.fi\/sv\/wp-json\/wp\/v2\/pages\/81606\/revisions"}],"predecessor-version":[{"id":81608,"href":"https:\/\/www.kirkonulkomaanapu.fi\/sv\/wp-json\/wp\/v2\/pages\/81606\/revisions\/81608"}],"up":[{"embeddable":true,"href":"https:\/\/www.kirkonulkomaanapu.fi\/sv\/wp-json\/wp\/v2\/pages\/81564"}],"wp:featuredmedia":[{"embeddable":true,"href":"https:\/\/www.kirkonulkomaanapu.fi\/sv\/wp-json\/wp\/v2\/media\/81497"}],"wp:attachment":[{"href":"https:\/\/www.kirkonulkomaanapu.fi\/sv\/wp-json\/wp\/v2\/media?parent=81606"}],"curies":[{"name":"wp","href":"https:\/\/api.w.org\/{rel}","templated":true}]}}