{"id":81603,"date":"2017-06-21T15:03:45","date_gmt":"2017-06-21T12:03:45","guid":{"rendered":"https:\/\/www.kirkonulkomaanapu.fi\/sv\/om-oss\/arsberattelse-2016\/opetusta-haavoittuvassa-asemassa-oleville-toimintamaissa-ja-suomessa\/"},"modified":"2017-06-27T11:18:11","modified_gmt":"2017-06-27T08:18:11","slug":"larare-utan-granser-borjade-ge-finskundervisning-i-finland","status":"publish","type":"page","link":"https:\/\/www.kirkonulkomaanapu.fi\/sv\/om-oss\/historia\/arsberattelse-2016\/larare-utan-granser-borjade-ge-finskundervisning-i-finland\/","title":{"rendered":"L\u00e4rare utan gr\u00e4nser b\u00f6rjade ge finskundervisning i Finland"},"content":{"rendered":"<p class=\"lead\">N\u00e4tverket <a href=\"https:\/\/www.opettajatilmanrajoja.fi\/\">L\u00e4rare utan gr\u00e4nser<\/a> st\u00f6der global fostran i Finland.\u00a0Man deltar ocks\u00e5 i l\u00e4rarutbildningen och i utvecklandet av\u00a0utbildningens kvalitet genom att s\u00e4nda experter p\u00e5 utbildning\u00a0som volont\u00e4rer till utvecklingsl\u00e4nderna.<\/p>\n<p>Huvudm\u00e5ls\u00e4ttningarna 2016 var att \u00f6ka medlemsantalet samt h\u00f6ja kvaliteten p\u00e5 frivilligarbetet n\u00e4r det g\u00e4ller allt fr\u00e5n rekrytering, utbildning och placering i projekten. N\u00e4tverket har aktivt \u00f6kat finl\u00e4ndarnas medvetenhet om global fostran. Man har ocks\u00e5 utvecklat den globala fostran i Finland inom ramen f\u00f6r Servicecentralen f\u00f6r utvecklingssamarbete Kepas program Koulu maailmaa muuttamassa (Skolan f\u00f6r\u00e4ndrar v\u00e4rlden) samt genom det \u00e5rliga seminariet p\u00e5 internationella l\u00e4rardagen.<\/p>\n<p>L\u00e4rare utan gr\u00e4nser s\u00e4nde ut 24 frivilliga p\u00e5 l\u00e4ngre volont\u00e4ruppdrag samt 21 stycken f\u00f6r kortare perioder. Av de som \u00e5kte p\u00e5 l\u00e4ngre uppdrag arbetade 20 i Utlandshj\u00e4lpens utbildningsprojekt i Eritrea, Haiti, Kambodja, Liberia, Myanmar, Nepal, Sierra Leone, Grekland och Uganda. Fyra skickades till projekt som sk\u00f6ts av andra finl\u00e4ndska frivilligorganisationer. Av de 21 som arbetade kortare perioder i utlandet fungerade fyra som st\u00f6d f\u00f6r Utlandshj\u00e4lpen i Kambodja. \u00d6vriga 17 deltog i v\u00e5r holl\u00e4ndska samarbetspartner Edukans program World Teacher i Kenya.<\/p>\n<p>Tillsammans med f\u00f6rsamlingar, bibliotek och l\u00e4roanstalter arrangerade L\u00e4rare utan gr\u00e4nser utbildningar i Toisto-metoden som utvecklats vid Helsingfors Universitet h\u00f6sten 2015. Den \u00e4r planerad f\u00f6r att anv\u00e4ndas i krissituationer och som st\u00f6d f\u00f6r frivilliga som undervisar flyktingar och asyls\u00f6kande i finska vid flyktingf\u00f6rl\u00e4ggningar. Projektet utbildade 460 nya spr\u00e5kguider p\u00e5 12 orter.<\/p>\n<p>EU:s asyl-, migrations- och integrationsfond beviljade finansiering f\u00f6r tv\u00e5 \u00e5r till n\u00e4tverkets spr\u00e5kguideprojekt Suomen kieli sanoo tervetuloa. Tack vare pengarna kunde man anst\u00e4lla en koordinator. Projektet utbildar frivilliga spr\u00e5kguider och koordinerar spr\u00e5kundervisningen vid flyktingf\u00f6rl\u00e4ggningarna. Dessutom tar projektet fram nytt undervisningsmaterial f\u00f6r spr\u00e5kundervisning och st\u00f6der gruppernas psykiska v\u00e4lm\u00e5ende samt de studerandes motivation.<\/p>\n","protected":false},"excerpt":{"rendered":"<p>N\u00e4tverket L\u00e4rare utan gr\u00e4nser st\u00f6der global fostran i Finland.\u00a0Man deltar ocks\u00e5 i l\u00e4rarutbildningen och i utvecklandet av\u00a0utbildningens kvalitet genom att s\u00e4nda experter p\u00e5 utbildning\u00a0som volont\u00e4rer till utvecklingsl\u00e4nderna. Huvudm\u00e5ls\u00e4ttningarna 2016 var att \u00f6ka medlemsantalet samt h\u00f6ja kvaliteten p\u00e5 frivilligarbetet n\u00e4r det g\u00e4ller allt fr\u00e5n rekrytering, utbildning och placering i projekten. N\u00e4tverket har aktivt \u00f6kat finl\u00e4ndarnas medvetenhet [&hellip;]<\/p>\n","protected":false},"author":8,"featured_media":81492,"parent":81564,"menu_order":3,"comment_status":"closed","ping_status":"closed","template":"page-templates\/vuosikertomus.php","meta":{"_acf_changed":false,"_relevanssi_hide_post":"","_relevanssi_hide_content":"","_relevanssi_pin_for_all":"","_relevanssi_pin_keywords":"","_relevanssi_unpin_keywords":"","_relevanssi_related_keywords":"","_relevanssi_related_include_ids":"","_relevanssi_related_exclude_ids":"","_relevanssi_related_no_append":"","_relevanssi_related_not_related":"","_relevanssi_related_posts":"","_relevanssi_noindex_reason":"","_improvement_type_select":"improve_an_existing","_thumb_yes_seoaic":false,"_frame_yes_seoaic":false,"seoaic_generate_description":"","seoaic_improve_instructions_prompt":"","seoaic_rollback_content_improvement":"","seoaic_idea_thumbnail_generator":"","thumbnail_generated":false,"thumbnail_generate_prompt":"","seoaic_article_description":"","footnotes":""},"class_list":["post-81603","page","type-page","status-publish","has-post-thumbnail","hentry"],"acf":[],"yoast_head":"<!-- This site is optimized with the Yoast SEO plugin v26.9 - https:\/\/yoast.com\/product\/yoast-seo-wordpress\/ -->\n<title>L\u00e4rare utan gr\u00e4nser b\u00f6rjade ge finskundervisning i Finland - Kyrkans Utlandshj\u00e4lp<\/title>\n<meta name=\"robots\" content=\"index, follow, max-snippet:-1, max-image-preview:large, max-video-preview:-1\" \/>\n<link rel=\"canonical\" href=\"https:\/\/www.kirkonulkomaanapu.fi\/sv\/om-oss\/historia\/arsberattelse-2016\/larare-utan-granser-borjade-ge-finskundervisning-i-finland\/\" \/>\n<meta property=\"og:locale\" content=\"sv_SE\" \/>\n<meta property=\"og:type\" content=\"article\" \/>\n<meta property=\"og:title\" content=\"L\u00e4rare utan gr\u00e4nser b\u00f6rjade ge finskundervisning i Finland - Kyrkans Utlandshj\u00e4lp\" \/>\n<meta property=\"og:description\" content=\"N\u00e4tverket L\u00e4rare utan gr\u00e4nser st\u00f6der global fostran i Finland.\u00a0Man deltar ocks\u00e5 i l\u00e4rarutbildningen och i utvecklandet av\u00a0utbildningens kvalitet genom att s\u00e4nda experter p\u00e5 utbildning\u00a0som volont\u00e4rer till utvecklingsl\u00e4nderna. Huvudm\u00e5ls\u00e4ttningarna 2016 var att \u00f6ka medlemsantalet samt h\u00f6ja kvaliteten p\u00e5 frivilligarbetet n\u00e4r det g\u00e4ller allt fr\u00e5n rekrytering, utbildning och placering i projekten. N\u00e4tverket har aktivt \u00f6kat finl\u00e4ndarnas medvetenhet [&hellip;]\" \/>\n<meta property=\"og:url\" content=\"https:\/\/www.kirkonulkomaanapu.fi\/sv\/om-oss\/historia\/arsberattelse-2016\/larare-utan-granser-borjade-ge-finskundervisning-i-finland\/\" \/>\n<meta property=\"og:site_name\" content=\"Kyrkans Utlandshj\u00e4lp\" \/>\n<meta property=\"article:publisher\" content=\"https:\/\/www.facebook.com\/Ulkomaanapu\/\" \/>\n<meta property=\"article:modified_time\" content=\"2017-06-27T08:18:11+00:00\" \/>\n<meta property=\"og:image\" content=\"https:\/\/www.kirkonulkomaanapu.fi\/wp-content\/uploads\/2017\/06\/OIR-vapaaehtoinen-Jemina-Viitala-Zup-Awngin-leirin-koulussa-Pohjois-Shanissa-kuva-Johanna-Kurki.jpg\" \/>\n\t<meta property=\"og:image:width\" content=\"1023\" \/>\n\t<meta property=\"og:image:height\" content=\"556\" \/>\n\t<meta property=\"og:image:type\" content=\"image\/jpeg\" \/>\n<meta name=\"twitter:label1\" content=\"Ber\u00e4knad l\u00e4stid\" \/>\n\t<meta name=\"twitter:data1\" content=\"2 minuter\" \/>\n<script type=\"application\/ld+json\" class=\"yoast-schema-graph\">{\"@context\":\"https:\/\/schema.org\",\"@graph\":[{\"@type\":\"WebPage\",\"@id\":\"https:\/\/www.kirkonulkomaanapu.fi\/sv\/om-oss\/historia\/arsberattelse-2016\/larare-utan-granser-borjade-ge-finskundervisning-i-finland\/\",\"url\":\"https:\/\/www.kirkonulkomaanapu.fi\/sv\/om-oss\/historia\/arsberattelse-2016\/larare-utan-granser-borjade-ge-finskundervisning-i-finland\/\",\"name\":\"L\u00e4rare utan gr\u00e4nser b\u00f6rjade ge finskundervisning i Finland - Kyrkans Utlandshj\u00e4lp\",\"isPartOf\":{\"@id\":\"https:\/\/www.kirkonulkomaanapu.fi\/#website\"},\"primaryImageOfPage\":{\"@id\":\"https:\/\/www.kirkonulkomaanapu.fi\/sv\/om-oss\/historia\/arsberattelse-2016\/larare-utan-granser-borjade-ge-finskundervisning-i-finland\/#primaryimage\"},\"image\":{\"@id\":\"https:\/\/www.kirkonulkomaanapu.fi\/sv\/om-oss\/historia\/arsberattelse-2016\/larare-utan-granser-borjade-ge-finskundervisning-i-finland\/#primaryimage\"},\"thumbnailUrl\":\"https:\/\/www.kirkonulkomaanapu.fi\/wp-content\/uploads\/2017\/06\/OIR-vapaaehtoinen-Jemina-Viitala-Zup-Awngin-leirin-koulussa-Pohjois-Shanissa-kuva-Johanna-Kurki.jpg\",\"datePublished\":\"2017-06-21T12:03:45+00:00\",\"dateModified\":\"2017-06-27T08:18:11+00:00\",\"breadcrumb\":{\"@id\":\"https:\/\/www.kirkonulkomaanapu.fi\/sv\/om-oss\/historia\/arsberattelse-2016\/larare-utan-granser-borjade-ge-finskundervisning-i-finland\/#breadcrumb\"},\"inLanguage\":\"sv-SE\",\"potentialAction\":[{\"@type\":\"ReadAction\",\"target\":[\"https:\/\/www.kirkonulkomaanapu.fi\/sv\/om-oss\/historia\/arsberattelse-2016\/larare-utan-granser-borjade-ge-finskundervisning-i-finland\/\"]}]},{\"@type\":\"ImageObject\",\"inLanguage\":\"sv-SE\",\"@id\":\"https:\/\/www.kirkonulkomaanapu.fi\/sv\/om-oss\/historia\/arsberattelse-2016\/larare-utan-granser-borjade-ge-finskundervisning-i-finland\/#primaryimage\",\"url\":\"https:\/\/www.kirkonulkomaanapu.fi\/wp-content\/uploads\/2017\/06\/OIR-vapaaehtoinen-Jemina-Viitala-Zup-Awngin-leirin-koulussa-Pohjois-Shanissa-kuva-Johanna-Kurki.jpg\",\"contentUrl\":\"https:\/\/www.kirkonulkomaanapu.fi\/wp-content\/uploads\/2017\/06\/OIR-vapaaehtoinen-Jemina-Viitala-Zup-Awngin-leirin-koulussa-Pohjois-Shanissa-kuva-Johanna-Kurki.jpg\",\"width\":1023,\"height\":556},{\"@type\":\"BreadcrumbList\",\"@id\":\"https:\/\/www.kirkonulkomaanapu.fi\/sv\/om-oss\/historia\/arsberattelse-2016\/larare-utan-granser-borjade-ge-finskundervisning-i-finland\/#breadcrumb\",\"itemListElement\":[{\"@type\":\"ListItem\",\"position\":1,\"name\":\"Home\",\"item\":\"https:\/\/www.kirkonulkomaanapu.fi\/sv\/\"},{\"@type\":\"ListItem\",\"position\":2,\"name\":\"Om oss\",\"item\":\"https:\/\/www.kirkonulkomaanapu.fi\/sv\/om-oss\/\"},{\"@type\":\"ListItem\",\"position\":3,\"name\":\"Historia\",\"item\":\"https:\/\/www.kirkonulkomaanapu.fi\/sv\/om-oss\/historia\/\"},{\"@type\":\"ListItem\",\"position\":4,\"name\":\"\u00c5rsber\u00e4ttelse 2016\",\"item\":\"https:\/\/www.kirkonulkomaanapu.fi\/sv\/om-oss\/historia\/arsberattelse-2016\/\"},{\"@type\":\"ListItem\",\"position\":5,\"name\":\"L\u00e4rare utan gr\u00e4nser b\u00f6rjade ge finskundervisning i Finland\"}]},{\"@type\":\"WebSite\",\"@id\":\"https:\/\/www.kirkonulkomaanapu.fi\/#website\",\"url\":\"https:\/\/www.kirkonulkomaanapu.fi\/\",\"name\":\"Kirkon Ulkomaanapu\",\"description\":\"Suomen suurin kehitysyhteisty\u00f6j\u00e4rjest\u00f6\",\"publisher\":{\"@id\":\"https:\/\/www.kirkonulkomaanapu.fi\/#organization\"},\"alternateName\":\"KUA\",\"potentialAction\":[{\"@type\":\"SearchAction\",\"target\":{\"@type\":\"EntryPoint\",\"urlTemplate\":\"https:\/\/www.kirkonulkomaanapu.fi\/?s={search_term_string}\"},\"query-input\":{\"@type\":\"PropertyValueSpecification\",\"valueRequired\":true,\"valueName\":\"search_term_string\"}}],\"inLanguage\":\"sv-SE\"},{\"@type\":\"Organization\",\"@id\":\"https:\/\/www.kirkonulkomaanapu.fi\/#organization\",\"name\":\"Kirkon Ulkomaanapu\",\"alternateName\":\"KUA\",\"url\":\"https:\/\/www.kirkonulkomaanapu.fi\/\",\"logo\":{\"@type\":\"ImageObject\",\"inLanguage\":\"sv-SE\",\"@id\":\"https:\/\/www.kirkonulkomaanapu.fi\/#\/schema\/logo\/image\/\",\"url\":\"https:\/\/www.kirkonulkomaanapu.fi\/wp-content\/uploads\/2026\/02\/Kirkon-ulkomaanapu-logo-1.png\",\"contentUrl\":\"https:\/\/www.kirkonulkomaanapu.fi\/wp-content\/uploads\/2026\/02\/Kirkon-ulkomaanapu-logo-1.png\",\"width\":225,\"height\":225,\"caption\":\"Kirkon Ulkomaanapu\"},\"image\":{\"@id\":\"https:\/\/www.kirkonulkomaanapu.fi\/#\/schema\/logo\/image\/\"},\"sameAs\":[\"https:\/\/www.facebook.com\/Ulkomaanapu\/\",\"https:\/\/www.youtube.com\/user\/kirkonulkomaanapu\",\"https:\/\/instagram.com\/kirkon_ulkomaanapu\/\",\"https:\/\/www.linkedin.com\/company\/finn-church-aid\/\"]}]}<\/script>\n<!-- \/ Yoast SEO plugin. -->","yoast_head_json":{"title":"L\u00e4rare utan gr\u00e4nser b\u00f6rjade ge finskundervisning i Finland - Kyrkans Utlandshj\u00e4lp","robots":{"index":"index","follow":"follow","max-snippet":"max-snippet:-1","max-image-preview":"max-image-preview:large","max-video-preview":"max-video-preview:-1"},"canonical":"https:\/\/www.kirkonulkomaanapu.fi\/sv\/om-oss\/historia\/arsberattelse-2016\/larare-utan-granser-borjade-ge-finskundervisning-i-finland\/","og_locale":"sv_SE","og_type":"article","og_title":"L\u00e4rare utan gr\u00e4nser b\u00f6rjade ge finskundervisning i Finland - Kyrkans Utlandshj\u00e4lp","og_description":"N\u00e4tverket L\u00e4rare utan gr\u00e4nser st\u00f6der global fostran i Finland.\u00a0Man deltar ocks\u00e5 i l\u00e4rarutbildningen och i utvecklandet av\u00a0utbildningens kvalitet genom att s\u00e4nda experter p\u00e5 utbildning\u00a0som volont\u00e4rer till utvecklingsl\u00e4nderna. Huvudm\u00e5ls\u00e4ttningarna 2016 var att \u00f6ka medlemsantalet samt h\u00f6ja kvaliteten p\u00e5 frivilligarbetet n\u00e4r det g\u00e4ller allt fr\u00e5n rekrytering, utbildning och placering i projekten. N\u00e4tverket har aktivt \u00f6kat finl\u00e4ndarnas medvetenhet [&hellip;]","og_url":"https:\/\/www.kirkonulkomaanapu.fi\/sv\/om-oss\/historia\/arsberattelse-2016\/larare-utan-granser-borjade-ge-finskundervisning-i-finland\/","og_site_name":"Kyrkans Utlandshj\u00e4lp","article_publisher":"https:\/\/www.facebook.com\/Ulkomaanapu\/","article_modified_time":"2017-06-27T08:18:11+00:00","og_image":[{"width":1023,"height":556,"url":"https:\/\/www.kirkonulkomaanapu.fi\/wp-content\/uploads\/2017\/06\/OIR-vapaaehtoinen-Jemina-Viitala-Zup-Awngin-leirin-koulussa-Pohjois-Shanissa-kuva-Johanna-Kurki.jpg","type":"image\/jpeg"}],"twitter_misc":{"Ber\u00e4knad l\u00e4stid":"2 minuter"},"schema":{"@context":"https:\/\/schema.org","@graph":[{"@type":"WebPage","@id":"https:\/\/www.kirkonulkomaanapu.fi\/sv\/om-oss\/historia\/arsberattelse-2016\/larare-utan-granser-borjade-ge-finskundervisning-i-finland\/","url":"https:\/\/www.kirkonulkomaanapu.fi\/sv\/om-oss\/historia\/arsberattelse-2016\/larare-utan-granser-borjade-ge-finskundervisning-i-finland\/","name":"L\u00e4rare utan gr\u00e4nser b\u00f6rjade ge finskundervisning i Finland - Kyrkans Utlandshj\u00e4lp","isPartOf":{"@id":"https:\/\/www.kirkonulkomaanapu.fi\/#website"},"primaryImageOfPage":{"@id":"https:\/\/www.kirkonulkomaanapu.fi\/sv\/om-oss\/historia\/arsberattelse-2016\/larare-utan-granser-borjade-ge-finskundervisning-i-finland\/#primaryimage"},"image":{"@id":"https:\/\/www.kirkonulkomaanapu.fi\/sv\/om-oss\/historia\/arsberattelse-2016\/larare-utan-granser-borjade-ge-finskundervisning-i-finland\/#primaryimage"},"thumbnailUrl":"https:\/\/www.kirkonulkomaanapu.fi\/wp-content\/uploads\/2017\/06\/OIR-vapaaehtoinen-Jemina-Viitala-Zup-Awngin-leirin-koulussa-Pohjois-Shanissa-kuva-Johanna-Kurki.jpg","datePublished":"2017-06-21T12:03:45+00:00","dateModified":"2017-06-27T08:18:11+00:00","breadcrumb":{"@id":"https:\/\/www.kirkonulkomaanapu.fi\/sv\/om-oss\/historia\/arsberattelse-2016\/larare-utan-granser-borjade-ge-finskundervisning-i-finland\/#breadcrumb"},"inLanguage":"sv-SE","potentialAction":[{"@type":"ReadAction","target":["https:\/\/www.kirkonulkomaanapu.fi\/sv\/om-oss\/historia\/arsberattelse-2016\/larare-utan-granser-borjade-ge-finskundervisning-i-finland\/"]}]},{"@type":"ImageObject","inLanguage":"sv-SE","@id":"https:\/\/www.kirkonulkomaanapu.fi\/sv\/om-oss\/historia\/arsberattelse-2016\/larare-utan-granser-borjade-ge-finskundervisning-i-finland\/#primaryimage","url":"https:\/\/www.kirkonulkomaanapu.fi\/wp-content\/uploads\/2017\/06\/OIR-vapaaehtoinen-Jemina-Viitala-Zup-Awngin-leirin-koulussa-Pohjois-Shanissa-kuva-Johanna-Kurki.jpg","contentUrl":"https:\/\/www.kirkonulkomaanapu.fi\/wp-content\/uploads\/2017\/06\/OIR-vapaaehtoinen-Jemina-Viitala-Zup-Awngin-leirin-koulussa-Pohjois-Shanissa-kuva-Johanna-Kurki.jpg","width":1023,"height":556},{"@type":"BreadcrumbList","@id":"https:\/\/www.kirkonulkomaanapu.fi\/sv\/om-oss\/historia\/arsberattelse-2016\/larare-utan-granser-borjade-ge-finskundervisning-i-finland\/#breadcrumb","itemListElement":[{"@type":"ListItem","position":1,"name":"Home","item":"https:\/\/www.kirkonulkomaanapu.fi\/sv\/"},{"@type":"ListItem","position":2,"name":"Om oss","item":"https:\/\/www.kirkonulkomaanapu.fi\/sv\/om-oss\/"},{"@type":"ListItem","position":3,"name":"Historia","item":"https:\/\/www.kirkonulkomaanapu.fi\/sv\/om-oss\/historia\/"},{"@type":"ListItem","position":4,"name":"\u00c5rsber\u00e4ttelse 2016","item":"https:\/\/www.kirkonulkomaanapu.fi\/sv\/om-oss\/historia\/arsberattelse-2016\/"},{"@type":"ListItem","position":5,"name":"L\u00e4rare utan gr\u00e4nser b\u00f6rjade ge finskundervisning i Finland"}]},{"@type":"WebSite","@id":"https:\/\/www.kirkonulkomaanapu.fi\/#website","url":"https:\/\/www.kirkonulkomaanapu.fi\/","name":"Kirkon Ulkomaanapu","description":"Suomen suurin kehitysyhteisty\u00f6j\u00e4rjest\u00f6","publisher":{"@id":"https:\/\/www.kirkonulkomaanapu.fi\/#organization"},"alternateName":"KUA","potentialAction":[{"@type":"SearchAction","target":{"@type":"EntryPoint","urlTemplate":"https:\/\/www.kirkonulkomaanapu.fi\/?s={search_term_string}"},"query-input":{"@type":"PropertyValueSpecification","valueRequired":true,"valueName":"search_term_string"}}],"inLanguage":"sv-SE"},{"@type":"Organization","@id":"https:\/\/www.kirkonulkomaanapu.fi\/#organization","name":"Kirkon Ulkomaanapu","alternateName":"KUA","url":"https:\/\/www.kirkonulkomaanapu.fi\/","logo":{"@type":"ImageObject","inLanguage":"sv-SE","@id":"https:\/\/www.kirkonulkomaanapu.fi\/#\/schema\/logo\/image\/","url":"https:\/\/www.kirkonulkomaanapu.fi\/wp-content\/uploads\/2026\/02\/Kirkon-ulkomaanapu-logo-1.png","contentUrl":"https:\/\/www.kirkonulkomaanapu.fi\/wp-content\/uploads\/2026\/02\/Kirkon-ulkomaanapu-logo-1.png","width":225,"height":225,"caption":"Kirkon Ulkomaanapu"},"image":{"@id":"https:\/\/www.kirkonulkomaanapu.fi\/#\/schema\/logo\/image\/"},"sameAs":["https:\/\/www.facebook.com\/Ulkomaanapu\/","https:\/\/www.youtube.com\/user\/kirkonulkomaanapu","https:\/\/instagram.com\/kirkon_ulkomaanapu\/","https:\/\/www.linkedin.com\/company\/finn-church-aid\/"]}]}},"_links":{"self":[{"href":"https:\/\/www.kirkonulkomaanapu.fi\/sv\/wp-json\/wp\/v2\/pages\/81603","targetHints":{"allow":["GET"]}}],"collection":[{"href":"https:\/\/www.kirkonulkomaanapu.fi\/sv\/wp-json\/wp\/v2\/pages"}],"about":[{"href":"https:\/\/www.kirkonulkomaanapu.fi\/sv\/wp-json\/wp\/v2\/types\/page"}],"author":[{"embeddable":true,"href":"https:\/\/www.kirkonulkomaanapu.fi\/sv\/wp-json\/wp\/v2\/users\/8"}],"replies":[{"embeddable":true,"href":"https:\/\/www.kirkonulkomaanapu.fi\/sv\/wp-json\/wp\/v2\/comments?post=81603"}],"version-history":[{"count":2,"href":"https:\/\/www.kirkonulkomaanapu.fi\/sv\/wp-json\/wp\/v2\/pages\/81603\/revisions"}],"predecessor-version":[{"id":81605,"href":"https:\/\/www.kirkonulkomaanapu.fi\/sv\/wp-json\/wp\/v2\/pages\/81603\/revisions\/81605"}],"up":[{"embeddable":true,"href":"https:\/\/www.kirkonulkomaanapu.fi\/sv\/wp-json\/wp\/v2\/pages\/81564"}],"wp:featuredmedia":[{"embeddable":true,"href":"https:\/\/www.kirkonulkomaanapu.fi\/sv\/wp-json\/wp\/v2\/media\/81492"}],"wp:attachment":[{"href":"https:\/\/www.kirkonulkomaanapu.fi\/sv\/wp-json\/wp\/v2\/media?parent=81603"}],"curies":[{"name":"wp","href":"https:\/\/api.w.org\/{rel}","templated":true}]}}