{"id":81592,"date":"2017-06-21T14:59:47","date_gmt":"2017-06-21T11:59:47","guid":{"rendered":"https:\/\/www.kirkonulkomaanapu.fi\/sv\/om-oss\/arsberattelse-2016\/naisten-pankki-kerannyt-10-miljoonaa\/"},"modified":"2017-06-27T11:08:47","modified_gmt":"2017-06-27T08:08:47","slug":"kvinnobanken-har-samlat-in-10-miljoner","status":"publish","type":"page","link":"https:\/\/www.kirkonulkomaanapu.fi\/sv\/om-oss\/historia\/arsberattelse-2016\/kvinnobanken-har-samlat-in-10-miljoner\/","title":{"rendered":"Kvinnobanken har samlat in 10 miljoner euro"},"content":{"rendered":"<p class=\"lead\">En av h\u00f6jdpunkterna f\u00f6r <a href=\"https:\/\/www.naistenpankki.fi\/sv\/\">Kvinnobanken<\/a> \u00e5r 2016 var n\u00e4r man i augusti passerade 10 miljoner insamlade euro.<\/p>\n<p>3 000 flitiga frivilliga i 40 lokalgrupper ordnade \u00f6ver 500 evenemang till f\u00f6rm\u00e5n f\u00f6r Kvinnobanken. Nya grupper grundades i Imatra, Pudasj\u00e4rvi och Sastamala.<\/p>\n<p>G\u00e5 ett yrke till en kvinna-evenemanget arrangerades f\u00f6r sjunde g\u00e5ngen och slog tidigare rekord. Yrken gicks f\u00f6r 90 000 euro. Evenemanget ordnades p\u00e5 60 orter, 24 av dem utomlands.<\/p>\n<p>L\u00e4s ett Yrke till en Kvinna-turn\u00e9n bes\u00f6kte sex orter tillsammans med Finlandia-nominerade f\u00f6rfattaren Sirpa K\u00e4hk\u00f6nen. Golfa ett Yrke till en Kvinna-turneringen arrangerades f\u00f6r femte g\u00e5ngen. Den samlade in 24 600 euro vid 22 golfklubbar.<\/p>\n<p>Julbanken lyckades n\u00e5 m\u00e5nga sm\u00e5 och medelstora f\u00f6retag samt den stora publiken, och samlade in 11 200 euro. Kvinnobanken blev ocks\u00e5 ett av m\u00e5len f\u00f6r Neste Oils julg\u00e5vor, och fick efter en omr\u00f6stning f\u00f6r allm\u00e4nheten ett bidrag p\u00e5 14 800 euro.<\/p>\n<p>Kvinnobanken finansierade projekt i sju l\u00e4nder. 16 000 m\u00e4nniskor kunde dra nytta av dem. I slutet av \u00e5ret hade Kvinnobanken samlat in 10,8 miljoner euro. Under \u00e5ret samlades 1,55 miljoner euro in, vilket \u00e4r rekord.<\/p>\n","protected":false},"excerpt":{"rendered":"<p>En av h\u00f6jdpunkterna f\u00f6r Kvinnobanken \u00e5r 2016 var n\u00e4r man i augusti passerade 10 miljoner insamlade euro. 3 000 flitiga frivilliga i 40 lokalgrupper ordnade \u00f6ver 500 evenemang till f\u00f6rm\u00e5n f\u00f6r Kvinnobanken. Nya grupper grundades i Imatra, Pudasj\u00e4rvi och Sastamala. G\u00e5 ett yrke till en kvinna-evenemanget arrangerades f\u00f6r sjunde g\u00e5ngen och slog tidigare rekord. Yrken [&hellip;]<\/p>\n","protected":false},"author":8,"featured_media":81479,"parent":81564,"menu_order":1,"comment_status":"closed","ping_status":"closed","template":"page-templates\/vuosikertomus.php","meta":{"_acf_changed":false,"_relevanssi_hide_post":"","_relevanssi_hide_content":"","_relevanssi_pin_for_all":"","_relevanssi_pin_keywords":"","_relevanssi_unpin_keywords":"","_relevanssi_related_keywords":"","_relevanssi_related_include_ids":"","_relevanssi_related_exclude_ids":"","_relevanssi_related_no_append":"","_relevanssi_related_not_related":"","_relevanssi_related_posts":"","_relevanssi_noindex_reason":"","_improvement_type_select":"improve_an_existing","_thumb_yes_seoaic":false,"_frame_yes_seoaic":false,"seoaic_generate_description":"","seoaic_improve_instructions_prompt":"","seoaic_rollback_content_improvement":"","seoaic_idea_thumbnail_generator":"","thumbnail_generated":false,"thumbnail_generate_prompt":"","seoaic_article_description":"","footnotes":""},"class_list":["post-81592","page","type-page","status-publish","has-post-thumbnail","hentry"],"acf":[],"yoast_head":"<!-- This site is optimized with the Yoast SEO plugin v26.9 - https:\/\/yoast.com\/product\/yoast-seo-wordpress\/ -->\n<title>Kvinnobanken har samlat in 10 miljoner euro - Kyrkans Utlandshj\u00e4lp<\/title>\n<meta name=\"robots\" content=\"index, follow, max-snippet:-1, max-image-preview:large, max-video-preview:-1\" \/>\n<link rel=\"canonical\" href=\"https:\/\/www.kirkonulkomaanapu.fi\/sv\/om-oss\/historia\/arsberattelse-2016\/kvinnobanken-har-samlat-in-10-miljoner\/\" \/>\n<meta property=\"og:locale\" content=\"sv_SE\" \/>\n<meta property=\"og:type\" content=\"article\" \/>\n<meta property=\"og:title\" content=\"Kvinnobanken har samlat in 10 miljoner euro - Kyrkans Utlandshj\u00e4lp\" \/>\n<meta property=\"og:description\" content=\"En av h\u00f6jdpunkterna f\u00f6r Kvinnobanken \u00e5r 2016 var n\u00e4r man i augusti passerade 10 miljoner insamlade euro. 3 000 flitiga frivilliga i 40 lokalgrupper ordnade \u00f6ver 500 evenemang till f\u00f6rm\u00e5n f\u00f6r Kvinnobanken. Nya grupper grundades i Imatra, Pudasj\u00e4rvi och Sastamala. G\u00e5 ett yrke till en kvinna-evenemanget arrangerades f\u00f6r sjunde g\u00e5ngen och slog tidigare rekord. Yrken [&hellip;]\" \/>\n<meta property=\"og:url\" content=\"https:\/\/www.kirkonulkomaanapu.fi\/sv\/om-oss\/historia\/arsberattelse-2016\/kvinnobanken-har-samlat-in-10-miljoner\/\" \/>\n<meta property=\"og:site_name\" content=\"Kyrkans Utlandshj\u00e4lp\" \/>\n<meta property=\"article:publisher\" content=\"https:\/\/www.facebook.com\/Ulkomaanapu\/\" \/>\n<meta property=\"article:modified_time\" content=\"2017-06-27T08:08:47+00:00\" \/>\n<meta property=\"og:image\" content=\"https:\/\/www.kirkonulkomaanapu.fi\/wp-content\/uploads\/2017\/06\/Naisten-Pankki_kuva-Naisten-Pankki.jpg\" \/>\n\t<meta property=\"og:image:width\" content=\"1025\" \/>\n\t<meta property=\"og:image:height\" content=\"554\" \/>\n\t<meta property=\"og:image:type\" content=\"image\/jpeg\" \/>\n<meta name=\"twitter:label1\" content=\"Ber\u00e4knad l\u00e4stid\" \/>\n\t<meta name=\"twitter:data1\" content=\"1 minut\" \/>\n<script type=\"application\/ld+json\" class=\"yoast-schema-graph\">{\"@context\":\"https:\/\/schema.org\",\"@graph\":[{\"@type\":\"WebPage\",\"@id\":\"https:\/\/www.kirkonulkomaanapu.fi\/sv\/om-oss\/historia\/arsberattelse-2016\/kvinnobanken-har-samlat-in-10-miljoner\/\",\"url\":\"https:\/\/www.kirkonulkomaanapu.fi\/sv\/om-oss\/historia\/arsberattelse-2016\/kvinnobanken-har-samlat-in-10-miljoner\/\",\"name\":\"Kvinnobanken har samlat in 10 miljoner euro - Kyrkans Utlandshj\u00e4lp\",\"isPartOf\":{\"@id\":\"https:\/\/www.kirkonulkomaanapu.fi\/#website\"},\"primaryImageOfPage\":{\"@id\":\"https:\/\/www.kirkonulkomaanapu.fi\/sv\/om-oss\/historia\/arsberattelse-2016\/kvinnobanken-har-samlat-in-10-miljoner\/#primaryimage\"},\"image\":{\"@id\":\"https:\/\/www.kirkonulkomaanapu.fi\/sv\/om-oss\/historia\/arsberattelse-2016\/kvinnobanken-har-samlat-in-10-miljoner\/#primaryimage\"},\"thumbnailUrl\":\"https:\/\/www.kirkonulkomaanapu.fi\/wp-content\/uploads\/2017\/06\/Naisten-Pankki_kuva-Naisten-Pankki.jpg\",\"datePublished\":\"2017-06-21T11:59:47+00:00\",\"dateModified\":\"2017-06-27T08:08:47+00:00\",\"breadcrumb\":{\"@id\":\"https:\/\/www.kirkonulkomaanapu.fi\/sv\/om-oss\/historia\/arsberattelse-2016\/kvinnobanken-har-samlat-in-10-miljoner\/#breadcrumb\"},\"inLanguage\":\"sv-SE\",\"potentialAction\":[{\"@type\":\"ReadAction\",\"target\":[\"https:\/\/www.kirkonulkomaanapu.fi\/sv\/om-oss\/historia\/arsberattelse-2016\/kvinnobanken-har-samlat-in-10-miljoner\/\"]}]},{\"@type\":\"ImageObject\",\"inLanguage\":\"sv-SE\",\"@id\":\"https:\/\/www.kirkonulkomaanapu.fi\/sv\/om-oss\/historia\/arsberattelse-2016\/kvinnobanken-har-samlat-in-10-miljoner\/#primaryimage\",\"url\":\"https:\/\/www.kirkonulkomaanapu.fi\/wp-content\/uploads\/2017\/06\/Naisten-Pankki_kuva-Naisten-Pankki.jpg\",\"contentUrl\":\"https:\/\/www.kirkonulkomaanapu.fi\/wp-content\/uploads\/2017\/06\/Naisten-Pankki_kuva-Naisten-Pankki.jpg\",\"width\":1025,\"height\":554},{\"@type\":\"BreadcrumbList\",\"@id\":\"https:\/\/www.kirkonulkomaanapu.fi\/sv\/om-oss\/historia\/arsberattelse-2016\/kvinnobanken-har-samlat-in-10-miljoner\/#breadcrumb\",\"itemListElement\":[{\"@type\":\"ListItem\",\"position\":1,\"name\":\"Home\",\"item\":\"https:\/\/www.kirkonulkomaanapu.fi\/sv\/\"},{\"@type\":\"ListItem\",\"position\":2,\"name\":\"Om oss\",\"item\":\"https:\/\/www.kirkonulkomaanapu.fi\/sv\/om-oss\/\"},{\"@type\":\"ListItem\",\"position\":3,\"name\":\"Historia\",\"item\":\"https:\/\/www.kirkonulkomaanapu.fi\/sv\/om-oss\/historia\/\"},{\"@type\":\"ListItem\",\"position\":4,\"name\":\"\u00c5rsber\u00e4ttelse 2016\",\"item\":\"https:\/\/www.kirkonulkomaanapu.fi\/sv\/om-oss\/historia\/arsberattelse-2016\/\"},{\"@type\":\"ListItem\",\"position\":5,\"name\":\"Kvinnobanken har samlat in 10 miljoner euro\"}]},{\"@type\":\"WebSite\",\"@id\":\"https:\/\/www.kirkonulkomaanapu.fi\/#website\",\"url\":\"https:\/\/www.kirkonulkomaanapu.fi\/\",\"name\":\"Kirkon Ulkomaanapu\",\"description\":\"Suomen suurin kehitysyhteisty\u00f6j\u00e4rjest\u00f6\",\"publisher\":{\"@id\":\"https:\/\/www.kirkonulkomaanapu.fi\/#organization\"},\"alternateName\":\"KUA\",\"potentialAction\":[{\"@type\":\"SearchAction\",\"target\":{\"@type\":\"EntryPoint\",\"urlTemplate\":\"https:\/\/www.kirkonulkomaanapu.fi\/?s={search_term_string}\"},\"query-input\":{\"@type\":\"PropertyValueSpecification\",\"valueRequired\":true,\"valueName\":\"search_term_string\"}}],\"inLanguage\":\"sv-SE\"},{\"@type\":\"Organization\",\"@id\":\"https:\/\/www.kirkonulkomaanapu.fi\/#organization\",\"name\":\"Kirkon Ulkomaanapu\",\"alternateName\":\"KUA\",\"url\":\"https:\/\/www.kirkonulkomaanapu.fi\/\",\"logo\":{\"@type\":\"ImageObject\",\"inLanguage\":\"sv-SE\",\"@id\":\"https:\/\/www.kirkonulkomaanapu.fi\/#\/schema\/logo\/image\/\",\"url\":\"https:\/\/www.kirkonulkomaanapu.fi\/wp-content\/uploads\/2026\/02\/Kirkon-ulkomaanapu-logo-1.png\",\"contentUrl\":\"https:\/\/www.kirkonulkomaanapu.fi\/wp-content\/uploads\/2026\/02\/Kirkon-ulkomaanapu-logo-1.png\",\"width\":225,\"height\":225,\"caption\":\"Kirkon Ulkomaanapu\"},\"image\":{\"@id\":\"https:\/\/www.kirkonulkomaanapu.fi\/#\/schema\/logo\/image\/\"},\"sameAs\":[\"https:\/\/www.facebook.com\/Ulkomaanapu\/\",\"https:\/\/www.youtube.com\/user\/kirkonulkomaanapu\",\"https:\/\/instagram.com\/kirkon_ulkomaanapu\/\",\"https:\/\/www.linkedin.com\/company\/finn-church-aid\/\"]}]}<\/script>\n<!-- \/ Yoast SEO plugin. -->","yoast_head_json":{"title":"Kvinnobanken har samlat in 10 miljoner euro - Kyrkans Utlandshj\u00e4lp","robots":{"index":"index","follow":"follow","max-snippet":"max-snippet:-1","max-image-preview":"max-image-preview:large","max-video-preview":"max-video-preview:-1"},"canonical":"https:\/\/www.kirkonulkomaanapu.fi\/sv\/om-oss\/historia\/arsberattelse-2016\/kvinnobanken-har-samlat-in-10-miljoner\/","og_locale":"sv_SE","og_type":"article","og_title":"Kvinnobanken har samlat in 10 miljoner euro - Kyrkans Utlandshj\u00e4lp","og_description":"En av h\u00f6jdpunkterna f\u00f6r Kvinnobanken \u00e5r 2016 var n\u00e4r man i augusti passerade 10 miljoner insamlade euro. 3 000 flitiga frivilliga i 40 lokalgrupper ordnade \u00f6ver 500 evenemang till f\u00f6rm\u00e5n f\u00f6r Kvinnobanken. Nya grupper grundades i Imatra, Pudasj\u00e4rvi och Sastamala. G\u00e5 ett yrke till en kvinna-evenemanget arrangerades f\u00f6r sjunde g\u00e5ngen och slog tidigare rekord. Yrken [&hellip;]","og_url":"https:\/\/www.kirkonulkomaanapu.fi\/sv\/om-oss\/historia\/arsberattelse-2016\/kvinnobanken-har-samlat-in-10-miljoner\/","og_site_name":"Kyrkans Utlandshj\u00e4lp","article_publisher":"https:\/\/www.facebook.com\/Ulkomaanapu\/","article_modified_time":"2017-06-27T08:08:47+00:00","og_image":[{"width":1025,"height":554,"url":"https:\/\/www.kirkonulkomaanapu.fi\/wp-content\/uploads\/2017\/06\/Naisten-Pankki_kuva-Naisten-Pankki.jpg","type":"image\/jpeg"}],"twitter_misc":{"Ber\u00e4knad l\u00e4stid":"1 minut"},"schema":{"@context":"https:\/\/schema.org","@graph":[{"@type":"WebPage","@id":"https:\/\/www.kirkonulkomaanapu.fi\/sv\/om-oss\/historia\/arsberattelse-2016\/kvinnobanken-har-samlat-in-10-miljoner\/","url":"https:\/\/www.kirkonulkomaanapu.fi\/sv\/om-oss\/historia\/arsberattelse-2016\/kvinnobanken-har-samlat-in-10-miljoner\/","name":"Kvinnobanken har samlat in 10 miljoner euro - Kyrkans Utlandshj\u00e4lp","isPartOf":{"@id":"https:\/\/www.kirkonulkomaanapu.fi\/#website"},"primaryImageOfPage":{"@id":"https:\/\/www.kirkonulkomaanapu.fi\/sv\/om-oss\/historia\/arsberattelse-2016\/kvinnobanken-har-samlat-in-10-miljoner\/#primaryimage"},"image":{"@id":"https:\/\/www.kirkonulkomaanapu.fi\/sv\/om-oss\/historia\/arsberattelse-2016\/kvinnobanken-har-samlat-in-10-miljoner\/#primaryimage"},"thumbnailUrl":"https:\/\/www.kirkonulkomaanapu.fi\/wp-content\/uploads\/2017\/06\/Naisten-Pankki_kuva-Naisten-Pankki.jpg","datePublished":"2017-06-21T11:59:47+00:00","dateModified":"2017-06-27T08:08:47+00:00","breadcrumb":{"@id":"https:\/\/www.kirkonulkomaanapu.fi\/sv\/om-oss\/historia\/arsberattelse-2016\/kvinnobanken-har-samlat-in-10-miljoner\/#breadcrumb"},"inLanguage":"sv-SE","potentialAction":[{"@type":"ReadAction","target":["https:\/\/www.kirkonulkomaanapu.fi\/sv\/om-oss\/historia\/arsberattelse-2016\/kvinnobanken-har-samlat-in-10-miljoner\/"]}]},{"@type":"ImageObject","inLanguage":"sv-SE","@id":"https:\/\/www.kirkonulkomaanapu.fi\/sv\/om-oss\/historia\/arsberattelse-2016\/kvinnobanken-har-samlat-in-10-miljoner\/#primaryimage","url":"https:\/\/www.kirkonulkomaanapu.fi\/wp-content\/uploads\/2017\/06\/Naisten-Pankki_kuva-Naisten-Pankki.jpg","contentUrl":"https:\/\/www.kirkonulkomaanapu.fi\/wp-content\/uploads\/2017\/06\/Naisten-Pankki_kuva-Naisten-Pankki.jpg","width":1025,"height":554},{"@type":"BreadcrumbList","@id":"https:\/\/www.kirkonulkomaanapu.fi\/sv\/om-oss\/historia\/arsberattelse-2016\/kvinnobanken-har-samlat-in-10-miljoner\/#breadcrumb","itemListElement":[{"@type":"ListItem","position":1,"name":"Home","item":"https:\/\/www.kirkonulkomaanapu.fi\/sv\/"},{"@type":"ListItem","position":2,"name":"Om oss","item":"https:\/\/www.kirkonulkomaanapu.fi\/sv\/om-oss\/"},{"@type":"ListItem","position":3,"name":"Historia","item":"https:\/\/www.kirkonulkomaanapu.fi\/sv\/om-oss\/historia\/"},{"@type":"ListItem","position":4,"name":"\u00c5rsber\u00e4ttelse 2016","item":"https:\/\/www.kirkonulkomaanapu.fi\/sv\/om-oss\/historia\/arsberattelse-2016\/"},{"@type":"ListItem","position":5,"name":"Kvinnobanken har samlat in 10 miljoner euro"}]},{"@type":"WebSite","@id":"https:\/\/www.kirkonulkomaanapu.fi\/#website","url":"https:\/\/www.kirkonulkomaanapu.fi\/","name":"Kirkon Ulkomaanapu","description":"Suomen suurin kehitysyhteisty\u00f6j\u00e4rjest\u00f6","publisher":{"@id":"https:\/\/www.kirkonulkomaanapu.fi\/#organization"},"alternateName":"KUA","potentialAction":[{"@type":"SearchAction","target":{"@type":"EntryPoint","urlTemplate":"https:\/\/www.kirkonulkomaanapu.fi\/?s={search_term_string}"},"query-input":{"@type":"PropertyValueSpecification","valueRequired":true,"valueName":"search_term_string"}}],"inLanguage":"sv-SE"},{"@type":"Organization","@id":"https:\/\/www.kirkonulkomaanapu.fi\/#organization","name":"Kirkon Ulkomaanapu","alternateName":"KUA","url":"https:\/\/www.kirkonulkomaanapu.fi\/","logo":{"@type":"ImageObject","inLanguage":"sv-SE","@id":"https:\/\/www.kirkonulkomaanapu.fi\/#\/schema\/logo\/image\/","url":"https:\/\/www.kirkonulkomaanapu.fi\/wp-content\/uploads\/2026\/02\/Kirkon-ulkomaanapu-logo-1.png","contentUrl":"https:\/\/www.kirkonulkomaanapu.fi\/wp-content\/uploads\/2026\/02\/Kirkon-ulkomaanapu-logo-1.png","width":225,"height":225,"caption":"Kirkon Ulkomaanapu"},"image":{"@id":"https:\/\/www.kirkonulkomaanapu.fi\/#\/schema\/logo\/image\/"},"sameAs":["https:\/\/www.facebook.com\/Ulkomaanapu\/","https:\/\/www.youtube.com\/user\/kirkonulkomaanapu","https:\/\/instagram.com\/kirkon_ulkomaanapu\/","https:\/\/www.linkedin.com\/company\/finn-church-aid\/"]}]}},"_links":{"self":[{"href":"https:\/\/www.kirkonulkomaanapu.fi\/sv\/wp-json\/wp\/v2\/pages\/81592","targetHints":{"allow":["GET"]}}],"collection":[{"href":"https:\/\/www.kirkonulkomaanapu.fi\/sv\/wp-json\/wp\/v2\/pages"}],"about":[{"href":"https:\/\/www.kirkonulkomaanapu.fi\/sv\/wp-json\/wp\/v2\/types\/page"}],"author":[{"embeddable":true,"href":"https:\/\/www.kirkonulkomaanapu.fi\/sv\/wp-json\/wp\/v2\/users\/8"}],"replies":[{"embeddable":true,"href":"https:\/\/www.kirkonulkomaanapu.fi\/sv\/wp-json\/wp\/v2\/comments?post=81592"}],"version-history":[{"count":3,"href":"https:\/\/www.kirkonulkomaanapu.fi\/sv\/wp-json\/wp\/v2\/pages\/81592\/revisions"}],"predecessor-version":[{"id":81595,"href":"https:\/\/www.kirkonulkomaanapu.fi\/sv\/wp-json\/wp\/v2\/pages\/81592\/revisions\/81595"}],"up":[{"embeddable":true,"href":"https:\/\/www.kirkonulkomaanapu.fi\/sv\/wp-json\/wp\/v2\/pages\/81564"}],"wp:featuredmedia":[{"embeddable":true,"href":"https:\/\/www.kirkonulkomaanapu.fi\/sv\/wp-json\/wp\/v2\/media\/81479"}],"wp:attachment":[{"href":"https:\/\/www.kirkonulkomaanapu.fi\/sv\/wp-json\/wp\/v2\/media?parent=81592"}],"curies":[{"name":"wp","href":"https:\/\/api.w.org\/{rel}","templated":true}]}}