{"id":81588,"date":"2017-06-21T14:29:29","date_gmt":"2017-06-21T11:29:29","guid":{"rendered":"https:\/\/www.kirkonulkomaanapu.fi\/sv\/om-oss\/arsberattelse-2016\/vaikuttamistoiminta\/"},"modified":"2017-06-27T10:55:06","modified_gmt":"2017-06-27T07:55:06","slug":"paverkansarbete","status":"publish","type":"page","link":"https:\/\/www.kirkonulkomaanapu.fi\/sv\/om-oss\/historia\/arsberattelse-2016\/paverkansarbete\/","title":{"rendered":"P\u00e5verkansarbete"},"content":{"rendered":"<p class=\"lead\">\u00c5r 2016 var ett utmanande \u00e5r f\u00f6r p\u00e5verkansarbetet. Antalet flyktingar och internflyktingar i v\u00e4rlden var rekordh\u00f6gt, samtidigt som den humanit\u00e4ra hj\u00e4lpen\u00a0var klart underfinansierad.<\/p>\n<p>I flera av\u00a0Utlandshj\u00e4lpens verksamhetsl\u00e4nder var de m\u00e4nskliga r\u00e4ttigheterna hotade och\u00a0civilsamh\u00e4llet tr\u00e4ngt. Utlandshj\u00e4lpens p\u00e5verkansarbete lyckades \u00e4nd\u00e5, under dessa sv\u00e5ra omst\u00e4ndigheter, \u00e5stadkomma\u00a0positiva resultat, i synnerhet i verksamhetsl\u00e4nderna.<\/p>\n<p>I l\u00e4nderna f\u00f6rverkligades \u00f6ver 60 projekt inom p\u00e5verkansarbetet \u00e5r 2016. Det \u00e4r 53 procent fler \u00e4n \u00e5ret innan. De\u00a0lokala och nationella beslutsfattarna fick bland annat insikter i h\u00f6gklassig utbildning,\u00a0utbildning som leder till arbete, fred och m\u00e4nskliga r\u00e4ttigheter. M\u00e5nga\u00a0f\u00f6r\u00e4ndringar gjordes som ett resultat av arbetet.<\/p>\n<p>Till exempel i Liberia fick 45 kvinnor utbildning i p\u00e5verkansarbete och juridiska r\u00e4ttigheter, och kunde b\u00f6rja\u00a0kr\u00e4va r\u00e4tten till \u00e4rvd mark samt f\u00f6ra en\u00a0kampanj mot v\u00e5ld i parf\u00f6rh\u00e5llanden. I\u00a0Kambodja var de inl\u00e4mnade k\u00e4rom\u00e5len i tvister om \u00e4gander\u00e4tten till mark sju\u00a0g\u00e5nger fler \u00e4n \u00e5ret innan \u2013 972 j\u00e4mf\u00f6rt med 135.<\/p>\n<p>Vid toppm\u00f6tet World Humanitarian Summit, om humanit\u00e4r hj\u00e4lp, ordnade Utlandshj\u00e4lpen och FN en session om religi\u00f6sa akt\u00f6rer och humanit\u00e4r hj\u00e4lp.\u00a0Utlandshj\u00e4lpen \u00f6kade ocks\u00e5 medvetenheten om utbildningens betydelse vid krissituationer, och talade f\u00f6r att\u00a0inkludera religi\u00f6sa och traditionella\u00a0ledare, kvinnor och unga i fredsarbetet. Kyrkans Utlandshj\u00e4lp arbetade ocks\u00e5 f\u00f6r att \u00f6ka de lokala akt\u00f6rernas ansvar i den\u00a0humanit\u00e4ra hj\u00e4lpen.<\/p>\n<p>I samband med FN:s generalf\u00f6rsamling arrangerade Utlandshj\u00e4lpen ett sidoevenemang om kunniga unga\u00a0yrkesarbetandes roll i ungdoms- och fredsarbetet. Tack vare evenemanget fick fredsdialogprojektet med eritreanska och finl\u00e4ndska ungdomar publicitet. F\u00f6r f\u00f6rsta g\u00e5ngen i samband med generalf\u00f6rsamlingen f\u00f6rde en stor m\u00e4ngd medborgarorganisationer och unga en kampanj f\u00f6r att betona utbildningens vikt i krissituationer. Utlandshj\u00e4lpen hj\u00e4lpte dem att formulera och n\u00e5 fram med budskapet.<\/p>\n<p>Resultatet var att FN, vid ett m\u00f6te p\u00e5 h\u00f6g niv\u00e5, konstaterade att det \u00e4r viktigt att barnen kan \u00e5terv\u00e4nda till skolan under de m\u00e5nader som f\u00f6ljer p\u00e5 en katastrof. Dessutom betonades vikten av utbildning efter grundskolan. Det h\u00e4r var betydande framg\u00e5ngar f\u00f6r Utlandshj\u00e4lpens p\u00e5verkansarbete.<\/p>\n<p>I Europa kampanjade Utlandshj\u00e4lpen tillsammans med ACT Alliance EU mot planerna att knyta utvecklingsbist\u00e5ndet till hur v\u00e4l mottagarl\u00e4nderna f\u00f6ljer avtalen om att ta emot \u00e5terv\u00e4ndande flyktingar och hur effektivt de lyckas reglera flyktingstr\u00f6mmen.<\/p>\n<p>Utlandshj\u00e4lpen gav sex utl\u00e5tanden ang\u00e5ende Finlands statsbudget f\u00f6r 2017, statsr\u00e5dets redog\u00f6relse om Finlands utvecklingspolitik samt regeringens utrikes- och s\u00e4kerhetspolitiska redog\u00f6relse. Utl\u00e5tandena gavs till riksdagens utrikesutskott, milj\u00f6utskott, arbetslivs- och j\u00e4mst\u00e4lldhetsutskott samt ekonomiutskott. Utlandshj\u00e4lpen kallades till fem utskottssessioner f\u00f6r att ge sakkunnigutl\u00e5tanden.<\/p>\n<p>Kyrkans Utlandshj\u00e4lp f\u00f6rde, tillsammans med andra finl\u00e4ndska medborgarorganisationer, en aktiv kampanj f\u00f6r de asyls\u00f6kandes r\u00e4ttigheter. Utlandshj\u00e4lpens f\u00f6retr\u00e4dare tr\u00e4ffade tj\u00e4nstem\u00e4n vid Justitieministeriet och Inrikesministeriet, och publicerade flera st\u00e4llningstaganden, artiklar och kommunik\u00e9er \u2013 en del av dem tillsammans med andra organisationer. Trots de stora anstr\u00e4ngningarna sk\u00e4rpte Finlands regering politiken r\u00f6rande familje\u00e5terf\u00f6rening och \u00e4ndrade lagarna som r\u00f6r de asyls\u00f6kandes internationella skydd och r\u00e4ttshj\u00e4lp.<\/p>\n<p>Utlandshj\u00e4lpen var v\u00e4rd f\u00f6r tv\u00e5 bes\u00f6k p\u00e5 ministerniv\u00e5 i Finland. Eritreas och Centralafrikanska republikens undervisningsministrar bes\u00f6kte b\u00e5da Finland f\u00f6r att tr\u00e4ffa viktiga akt\u00f6rer inom den finl\u00e4ndska utbildningssektorn.<\/p>\n<p>Utlandshj\u00e4lpen ordnade ocks\u00e5 bes\u00f6k i Jordanien f\u00f6r finl\u00e4ndska politiker, tj\u00e4nstem\u00e4n och f\u00f6retr\u00e4dare f\u00f6r f\u00f6rsamlingar. De bekantade sig med v\u00e5ra projekt d\u00e4r och fick kunskap om de syriska flyktingarnas situation.<\/p>\n","protected":false},"excerpt":{"rendered":"<p>\u00c5r 2016 var ett utmanande \u00e5r f\u00f6r p\u00e5verkansarbetet. Antalet flyktingar och internflyktingar i v\u00e4rlden var rekordh\u00f6gt, samtidigt som den humanit\u00e4ra hj\u00e4lpen\u00a0var klart underfinansierad. I flera av\u00a0Utlandshj\u00e4lpens verksamhetsl\u00e4nder var de m\u00e4nskliga r\u00e4ttigheterna hotade och\u00a0civilsamh\u00e4llet tr\u00e4ngt. Utlandshj\u00e4lpens p\u00e5verkansarbete lyckades \u00e4nd\u00e5, under dessa sv\u00e5ra omst\u00e4ndigheter, \u00e5stadkomma\u00a0positiva resultat, i synnerhet i verksamhetsl\u00e4nderna. I l\u00e4nderna f\u00f6rverkligades \u00f6ver 60 projekt inom [&hellip;]<\/p>\n","protected":false},"author":8,"featured_media":81512,"parent":81564,"menu_order":6,"comment_status":"closed","ping_status":"closed","template":"page-templates\/vuosikertomus.php","meta":{"_acf_changed":false,"_relevanssi_hide_post":"","_relevanssi_hide_content":"","_relevanssi_pin_for_all":"","_relevanssi_pin_keywords":"","_relevanssi_unpin_keywords":"","_relevanssi_related_keywords":"","_relevanssi_related_include_ids":"","_relevanssi_related_exclude_ids":"","_relevanssi_related_no_append":"","_relevanssi_related_not_related":"","_relevanssi_related_posts":"","_relevanssi_noindex_reason":"","_improvement_type_select":"improve_an_existing","_thumb_yes_seoaic":false,"_frame_yes_seoaic":false,"seoaic_generate_description":"","seoaic_improve_instructions_prompt":"","seoaic_rollback_content_improvement":"","seoaic_idea_thumbnail_generator":"","thumbnail_generated":false,"thumbnail_generate_prompt":"","seoaic_article_description":"","footnotes":""},"class_list":["post-81588","page","type-page","status-publish","has-post-thumbnail","hentry"],"acf":[],"yoast_head":"<!-- This site is optimized with the Yoast SEO plugin v26.9 - https:\/\/yoast.com\/product\/yoast-seo-wordpress\/ -->\n<title>P\u00e5verkansarbete - Kyrkans Utlandshj\u00e4lp<\/title>\n<meta name=\"robots\" content=\"index, follow, max-snippet:-1, max-image-preview:large, max-video-preview:-1\" \/>\n<link rel=\"canonical\" href=\"https:\/\/www.kirkonulkomaanapu.fi\/sv\/om-oss\/historia\/arsberattelse-2016\/paverkansarbete\/\" \/>\n<meta property=\"og:locale\" content=\"sv_SE\" \/>\n<meta property=\"og:type\" content=\"article\" \/>\n<meta property=\"og:title\" content=\"P\u00e5verkansarbete - Kyrkans Utlandshj\u00e4lp\" \/>\n<meta property=\"og:description\" content=\"\u00c5r 2016 var ett utmanande \u00e5r f\u00f6r p\u00e5verkansarbetet. Antalet flyktingar och internflyktingar i v\u00e4rlden var rekordh\u00f6gt, samtidigt som den humanit\u00e4ra hj\u00e4lpen\u00a0var klart underfinansierad. I flera av\u00a0Utlandshj\u00e4lpens verksamhetsl\u00e4nder var de m\u00e4nskliga r\u00e4ttigheterna hotade och\u00a0civilsamh\u00e4llet tr\u00e4ngt. Utlandshj\u00e4lpens p\u00e5verkansarbete lyckades \u00e4nd\u00e5, under dessa sv\u00e5ra omst\u00e4ndigheter, \u00e5stadkomma\u00a0positiva resultat, i synnerhet i verksamhetsl\u00e4nderna. I l\u00e4nderna f\u00f6rverkligades \u00f6ver 60 projekt inom [&hellip;]\" \/>\n<meta property=\"og:url\" content=\"https:\/\/www.kirkonulkomaanapu.fi\/sv\/om-oss\/historia\/arsberattelse-2016\/paverkansarbete\/\" \/>\n<meta property=\"og:site_name\" content=\"Kyrkans Utlandshj\u00e4lp\" \/>\n<meta property=\"article:publisher\" content=\"https:\/\/www.facebook.com\/Ulkomaanapu\/\" \/>\n<meta property=\"article:modified_time\" content=\"2017-06-27T07:55:06+00:00\" \/>\n<meta property=\"og:image\" content=\"https:\/\/www.kirkonulkomaanapu.fi\/wp-content\/uploads\/2017\/06\/CAR_Ombella_Mpoko_education_001.jpg\" \/>\n\t<meta property=\"og:image:width\" content=\"1024\" \/>\n\t<meta property=\"og:image:height\" content=\"554\" \/>\n\t<meta property=\"og:image:type\" content=\"image\/jpeg\" \/>\n<meta name=\"twitter:label1\" content=\"Ber\u00e4knad l\u00e4stid\" \/>\n\t<meta name=\"twitter:data1\" content=\"3 minuter\" \/>\n<script type=\"application\/ld+json\" class=\"yoast-schema-graph\">{\"@context\":\"https:\/\/schema.org\",\"@graph\":[{\"@type\":\"WebPage\",\"@id\":\"https:\/\/www.kirkonulkomaanapu.fi\/sv\/om-oss\/historia\/arsberattelse-2016\/paverkansarbete\/\",\"url\":\"https:\/\/www.kirkonulkomaanapu.fi\/sv\/om-oss\/historia\/arsberattelse-2016\/paverkansarbete\/\",\"name\":\"P\u00e5verkansarbete - Kyrkans Utlandshj\u00e4lp\",\"isPartOf\":{\"@id\":\"https:\/\/www.kirkonulkomaanapu.fi\/#website\"},\"primaryImageOfPage\":{\"@id\":\"https:\/\/www.kirkonulkomaanapu.fi\/sv\/om-oss\/historia\/arsberattelse-2016\/paverkansarbete\/#primaryimage\"},\"image\":{\"@id\":\"https:\/\/www.kirkonulkomaanapu.fi\/sv\/om-oss\/historia\/arsberattelse-2016\/paverkansarbete\/#primaryimage\"},\"thumbnailUrl\":\"https:\/\/www.kirkonulkomaanapu.fi\/wp-content\/uploads\/2017\/06\/CAR_Ombella_Mpoko_education_001.jpg\",\"datePublished\":\"2017-06-21T11:29:29+00:00\",\"dateModified\":\"2017-06-27T07:55:06+00:00\",\"breadcrumb\":{\"@id\":\"https:\/\/www.kirkonulkomaanapu.fi\/sv\/om-oss\/historia\/arsberattelse-2016\/paverkansarbete\/#breadcrumb\"},\"inLanguage\":\"sv-SE\",\"potentialAction\":[{\"@type\":\"ReadAction\",\"target\":[\"https:\/\/www.kirkonulkomaanapu.fi\/sv\/om-oss\/historia\/arsberattelse-2016\/paverkansarbete\/\"]}]},{\"@type\":\"ImageObject\",\"inLanguage\":\"sv-SE\",\"@id\":\"https:\/\/www.kirkonulkomaanapu.fi\/sv\/om-oss\/historia\/arsberattelse-2016\/paverkansarbete\/#primaryimage\",\"url\":\"https:\/\/www.kirkonulkomaanapu.fi\/wp-content\/uploads\/2017\/06\/CAR_Ombella_Mpoko_education_001.jpg\",\"contentUrl\":\"https:\/\/www.kirkonulkomaanapu.fi\/wp-content\/uploads\/2017\/06\/CAR_Ombella_Mpoko_education_001.jpg\",\"width\":1024,\"height\":554,\"caption\":\"Ombella Mpoko province, Central African Republic, May 9, 2017. A teacher teaching French language class in a school supported by Finn Church Aid in Ombella Mpoko province, CAR, where war has destroyed many school buildings and made teachers flee the country. Photo: Tatu Blomqvist \/ Finn Church Aid\"},{\"@type\":\"BreadcrumbList\",\"@id\":\"https:\/\/www.kirkonulkomaanapu.fi\/sv\/om-oss\/historia\/arsberattelse-2016\/paverkansarbete\/#breadcrumb\",\"itemListElement\":[{\"@type\":\"ListItem\",\"position\":1,\"name\":\"Home\",\"item\":\"https:\/\/www.kirkonulkomaanapu.fi\/sv\/\"},{\"@type\":\"ListItem\",\"position\":2,\"name\":\"Om oss\",\"item\":\"https:\/\/www.kirkonulkomaanapu.fi\/sv\/om-oss\/\"},{\"@type\":\"ListItem\",\"position\":3,\"name\":\"Historia\",\"item\":\"https:\/\/www.kirkonulkomaanapu.fi\/sv\/om-oss\/historia\/\"},{\"@type\":\"ListItem\",\"position\":4,\"name\":\"\u00c5rsber\u00e4ttelse 2016\",\"item\":\"https:\/\/www.kirkonulkomaanapu.fi\/sv\/om-oss\/historia\/arsberattelse-2016\/\"},{\"@type\":\"ListItem\",\"position\":5,\"name\":\"P\u00e5verkansarbete\"}]},{\"@type\":\"WebSite\",\"@id\":\"https:\/\/www.kirkonulkomaanapu.fi\/#website\",\"url\":\"https:\/\/www.kirkonulkomaanapu.fi\/\",\"name\":\"Kirkon Ulkomaanapu\",\"description\":\"Suomen suurin kehitysyhteisty\u00f6j\u00e4rjest\u00f6\",\"publisher\":{\"@id\":\"https:\/\/www.kirkonulkomaanapu.fi\/#organization\"},\"alternateName\":\"KUA\",\"potentialAction\":[{\"@type\":\"SearchAction\",\"target\":{\"@type\":\"EntryPoint\",\"urlTemplate\":\"https:\/\/www.kirkonulkomaanapu.fi\/?s={search_term_string}\"},\"query-input\":{\"@type\":\"PropertyValueSpecification\",\"valueRequired\":true,\"valueName\":\"search_term_string\"}}],\"inLanguage\":\"sv-SE\"},{\"@type\":\"Organization\",\"@id\":\"https:\/\/www.kirkonulkomaanapu.fi\/#organization\",\"name\":\"Kirkon Ulkomaanapu\",\"alternateName\":\"KUA\",\"url\":\"https:\/\/www.kirkonulkomaanapu.fi\/\",\"logo\":{\"@type\":\"ImageObject\",\"inLanguage\":\"sv-SE\",\"@id\":\"https:\/\/www.kirkonulkomaanapu.fi\/#\/schema\/logo\/image\/\",\"url\":\"https:\/\/www.kirkonulkomaanapu.fi\/wp-content\/uploads\/2026\/02\/Kirkon-ulkomaanapu-logo-1.png\",\"contentUrl\":\"https:\/\/www.kirkonulkomaanapu.fi\/wp-content\/uploads\/2026\/02\/Kirkon-ulkomaanapu-logo-1.png\",\"width\":225,\"height\":225,\"caption\":\"Kirkon Ulkomaanapu\"},\"image\":{\"@id\":\"https:\/\/www.kirkonulkomaanapu.fi\/#\/schema\/logo\/image\/\"},\"sameAs\":[\"https:\/\/www.facebook.com\/Ulkomaanapu\/\",\"https:\/\/www.youtube.com\/user\/kirkonulkomaanapu\",\"https:\/\/instagram.com\/kirkon_ulkomaanapu\/\",\"https:\/\/www.linkedin.com\/company\/finn-church-aid\/\"]}]}<\/script>\n<!-- \/ Yoast SEO plugin. -->","yoast_head_json":{"title":"P\u00e5verkansarbete - Kyrkans Utlandshj\u00e4lp","robots":{"index":"index","follow":"follow","max-snippet":"max-snippet:-1","max-image-preview":"max-image-preview:large","max-video-preview":"max-video-preview:-1"},"canonical":"https:\/\/www.kirkonulkomaanapu.fi\/sv\/om-oss\/historia\/arsberattelse-2016\/paverkansarbete\/","og_locale":"sv_SE","og_type":"article","og_title":"P\u00e5verkansarbete - Kyrkans Utlandshj\u00e4lp","og_description":"\u00c5r 2016 var ett utmanande \u00e5r f\u00f6r p\u00e5verkansarbetet. Antalet flyktingar och internflyktingar i v\u00e4rlden var rekordh\u00f6gt, samtidigt som den humanit\u00e4ra hj\u00e4lpen\u00a0var klart underfinansierad. I flera av\u00a0Utlandshj\u00e4lpens verksamhetsl\u00e4nder var de m\u00e4nskliga r\u00e4ttigheterna hotade och\u00a0civilsamh\u00e4llet tr\u00e4ngt. Utlandshj\u00e4lpens p\u00e5verkansarbete lyckades \u00e4nd\u00e5, under dessa sv\u00e5ra omst\u00e4ndigheter, \u00e5stadkomma\u00a0positiva resultat, i synnerhet i verksamhetsl\u00e4nderna. I l\u00e4nderna f\u00f6rverkligades \u00f6ver 60 projekt inom [&hellip;]","og_url":"https:\/\/www.kirkonulkomaanapu.fi\/sv\/om-oss\/historia\/arsberattelse-2016\/paverkansarbete\/","og_site_name":"Kyrkans Utlandshj\u00e4lp","article_publisher":"https:\/\/www.facebook.com\/Ulkomaanapu\/","article_modified_time":"2017-06-27T07:55:06+00:00","og_image":[{"width":1024,"height":554,"url":"https:\/\/www.kirkonulkomaanapu.fi\/wp-content\/uploads\/2017\/06\/CAR_Ombella_Mpoko_education_001.jpg","type":"image\/jpeg"}],"twitter_misc":{"Ber\u00e4knad l\u00e4stid":"3 minuter"},"schema":{"@context":"https:\/\/schema.org","@graph":[{"@type":"WebPage","@id":"https:\/\/www.kirkonulkomaanapu.fi\/sv\/om-oss\/historia\/arsberattelse-2016\/paverkansarbete\/","url":"https:\/\/www.kirkonulkomaanapu.fi\/sv\/om-oss\/historia\/arsberattelse-2016\/paverkansarbete\/","name":"P\u00e5verkansarbete - Kyrkans Utlandshj\u00e4lp","isPartOf":{"@id":"https:\/\/www.kirkonulkomaanapu.fi\/#website"},"primaryImageOfPage":{"@id":"https:\/\/www.kirkonulkomaanapu.fi\/sv\/om-oss\/historia\/arsberattelse-2016\/paverkansarbete\/#primaryimage"},"image":{"@id":"https:\/\/www.kirkonulkomaanapu.fi\/sv\/om-oss\/historia\/arsberattelse-2016\/paverkansarbete\/#primaryimage"},"thumbnailUrl":"https:\/\/www.kirkonulkomaanapu.fi\/wp-content\/uploads\/2017\/06\/CAR_Ombella_Mpoko_education_001.jpg","datePublished":"2017-06-21T11:29:29+00:00","dateModified":"2017-06-27T07:55:06+00:00","breadcrumb":{"@id":"https:\/\/www.kirkonulkomaanapu.fi\/sv\/om-oss\/historia\/arsberattelse-2016\/paverkansarbete\/#breadcrumb"},"inLanguage":"sv-SE","potentialAction":[{"@type":"ReadAction","target":["https:\/\/www.kirkonulkomaanapu.fi\/sv\/om-oss\/historia\/arsberattelse-2016\/paverkansarbete\/"]}]},{"@type":"ImageObject","inLanguage":"sv-SE","@id":"https:\/\/www.kirkonulkomaanapu.fi\/sv\/om-oss\/historia\/arsberattelse-2016\/paverkansarbete\/#primaryimage","url":"https:\/\/www.kirkonulkomaanapu.fi\/wp-content\/uploads\/2017\/06\/CAR_Ombella_Mpoko_education_001.jpg","contentUrl":"https:\/\/www.kirkonulkomaanapu.fi\/wp-content\/uploads\/2017\/06\/CAR_Ombella_Mpoko_education_001.jpg","width":1024,"height":554,"caption":"Ombella Mpoko province, Central African Republic, May 9, 2017. A teacher teaching French language class in a school supported by Finn Church Aid in Ombella Mpoko province, CAR, where war has destroyed many school buildings and made teachers flee the country. Photo: Tatu Blomqvist \/ Finn Church Aid"},{"@type":"BreadcrumbList","@id":"https:\/\/www.kirkonulkomaanapu.fi\/sv\/om-oss\/historia\/arsberattelse-2016\/paverkansarbete\/#breadcrumb","itemListElement":[{"@type":"ListItem","position":1,"name":"Home","item":"https:\/\/www.kirkonulkomaanapu.fi\/sv\/"},{"@type":"ListItem","position":2,"name":"Om oss","item":"https:\/\/www.kirkonulkomaanapu.fi\/sv\/om-oss\/"},{"@type":"ListItem","position":3,"name":"Historia","item":"https:\/\/www.kirkonulkomaanapu.fi\/sv\/om-oss\/historia\/"},{"@type":"ListItem","position":4,"name":"\u00c5rsber\u00e4ttelse 2016","item":"https:\/\/www.kirkonulkomaanapu.fi\/sv\/om-oss\/historia\/arsberattelse-2016\/"},{"@type":"ListItem","position":5,"name":"P\u00e5verkansarbete"}]},{"@type":"WebSite","@id":"https:\/\/www.kirkonulkomaanapu.fi\/#website","url":"https:\/\/www.kirkonulkomaanapu.fi\/","name":"Kirkon Ulkomaanapu","description":"Suomen suurin kehitysyhteisty\u00f6j\u00e4rjest\u00f6","publisher":{"@id":"https:\/\/www.kirkonulkomaanapu.fi\/#organization"},"alternateName":"KUA","potentialAction":[{"@type":"SearchAction","target":{"@type":"EntryPoint","urlTemplate":"https:\/\/www.kirkonulkomaanapu.fi\/?s={search_term_string}"},"query-input":{"@type":"PropertyValueSpecification","valueRequired":true,"valueName":"search_term_string"}}],"inLanguage":"sv-SE"},{"@type":"Organization","@id":"https:\/\/www.kirkonulkomaanapu.fi\/#organization","name":"Kirkon Ulkomaanapu","alternateName":"KUA","url":"https:\/\/www.kirkonulkomaanapu.fi\/","logo":{"@type":"ImageObject","inLanguage":"sv-SE","@id":"https:\/\/www.kirkonulkomaanapu.fi\/#\/schema\/logo\/image\/","url":"https:\/\/www.kirkonulkomaanapu.fi\/wp-content\/uploads\/2026\/02\/Kirkon-ulkomaanapu-logo-1.png","contentUrl":"https:\/\/www.kirkonulkomaanapu.fi\/wp-content\/uploads\/2026\/02\/Kirkon-ulkomaanapu-logo-1.png","width":225,"height":225,"caption":"Kirkon Ulkomaanapu"},"image":{"@id":"https:\/\/www.kirkonulkomaanapu.fi\/#\/schema\/logo\/image\/"},"sameAs":["https:\/\/www.facebook.com\/Ulkomaanapu\/","https:\/\/www.youtube.com\/user\/kirkonulkomaanapu","https:\/\/instagram.com\/kirkon_ulkomaanapu\/","https:\/\/www.linkedin.com\/company\/finn-church-aid\/"]}]}},"_links":{"self":[{"href":"https:\/\/www.kirkonulkomaanapu.fi\/sv\/wp-json\/wp\/v2\/pages\/81588","targetHints":{"allow":["GET"]}}],"collection":[{"href":"https:\/\/www.kirkonulkomaanapu.fi\/sv\/wp-json\/wp\/v2\/pages"}],"about":[{"href":"https:\/\/www.kirkonulkomaanapu.fi\/sv\/wp-json\/wp\/v2\/types\/page"}],"author":[{"embeddable":true,"href":"https:\/\/www.kirkonulkomaanapu.fi\/sv\/wp-json\/wp\/v2\/users\/8"}],"replies":[{"embeddable":true,"href":"https:\/\/www.kirkonulkomaanapu.fi\/sv\/wp-json\/wp\/v2\/comments?post=81588"}],"version-history":[{"count":2,"href":"https:\/\/www.kirkonulkomaanapu.fi\/sv\/wp-json\/wp\/v2\/pages\/81588\/revisions"}],"predecessor-version":[{"id":81590,"href":"https:\/\/www.kirkonulkomaanapu.fi\/sv\/wp-json\/wp\/v2\/pages\/81588\/revisions\/81590"}],"up":[{"embeddable":true,"href":"https:\/\/www.kirkonulkomaanapu.fi\/sv\/wp-json\/wp\/v2\/pages\/81564"}],"wp:featuredmedia":[{"embeddable":true,"href":"https:\/\/www.kirkonulkomaanapu.fi\/sv\/wp-json\/wp\/v2\/media\/81512"}],"wp:attachment":[{"href":"https:\/\/www.kirkonulkomaanapu.fi\/sv\/wp-json\/wp\/v2\/media?parent=81588"}],"curies":[{"name":"wp","href":"https:\/\/api.w.org\/{rel}","templated":true}]}}