{"id":81564,"date":"2017-06-21T13:53:57","date_gmt":"2017-06-21T10:53:57","guid":{"rendered":"https:\/\/www.kirkonulkomaanapu.fi\/sv\/om-oss\/vuosikertomus-2016\/"},"modified":"2018-07-26T10:09:49","modified_gmt":"2018-07-26T07:09:49","slug":"arsberattelse-2016","status":"publish","type":"page","link":"https:\/\/www.kirkonulkomaanapu.fi\/sv\/om-oss\/historia\/arsberattelse-2016\/","title":{"rendered":"\u00c5rsber\u00e4ttelse 2016"},"content":{"rendered":"<h2>Framg\u00e5ngar i en v\u00e4rld av f\u00f6r\u00e4ndring<\/h2>\n<p>F\u00f6r\u00e4ndringarna omkring oss \u00e4r snabba. Det k\u00e4nns som varje ny dag f\u00f6r med sig \u00f6verraskningar \u2013 b\u00e5de negativa och\u00a0positiva.<\/p>\n<p>Kyrkans Utlandshj\u00e4lp beh\u00f6vs mer \u00e4n n\u00e5gonsin. I en v\u00e4rld d\u00e4r antalet konflikter och katastrofer \u00f6kar, \u00f6kar ocks\u00e5 behovet\u00a0av hj\u00e4lp. Nya politiska vindar och minskade resurser hos stora\u00a0akt\u00f6rer som FN skapar ett behov av medborgarorganisationer\u00a0som Utlandshj\u00e4lpen, som kan erbjuda professionellt utvecklingssamarbete\u00a0och humanit\u00e4r hj\u00e4lp.<\/p>\n<p>Organisationer som v\u00e5r m\u00e5ste ocks\u00e5 kunna f\u00f6rnya sig och hitta nya s\u00e4tt att f\u00f6rverkliga sina m\u00e5l. I Utlandshj\u00e4lpens nya\u00a0strategi, som lanserades p\u00e5 h\u00f6sten, ligger fokus p\u00e5 m\u00e4nniskors\u00a0v\u00e4lm\u00e5ende, f\u00f6rm\u00e5ga att klara sig genom katastrofer\u00a0samt f\u00f6rverkligandet av individernas r\u00e4ttigheter. Fr\u00e5gorna \u00e4r h\u00f6gaktuella n\u00e4r den globala flyttr\u00f6relsen v\u00e4xer.<\/p>\n<p>Utlandshj\u00e4lpens verksamhet fokuserade \u00e5r 2016 fortfarande p\u00e5 v\u00e4rldens mest sk\u00f6ra och utmanande regioner. L\u00e4get efter konflikten i Centralafrikanska republiken, den nya konflikten i Sydsudan samt torkan i \u00d6stafrika f\u00f6rsv\u00e5rade och\u00a0saktade ner arbetet med v\u00e5ra l\u00e5ngsiktiga program. Men resultaten uppmuntrar \u00e4nd\u00e5 till hopp. \u00c4ven under sv\u00e5ra omst\u00e4ndigheter fick Utlandshj\u00e4lpen till st\u00e5nd tiotals lokala fredsavtal och\u00a0tryggade skolg\u00e5ngen f\u00f6r tiotusentals barn och unga. N\u00f6dhj\u00e4lp levererades till de allra mest utsatta i Sydsudan, Somalia, Haiti\u00a0och Syrien.<\/p>\n<p>Flyktingsituationen i Europa p\u00e5verkade forts\u00e4ttningsvis Utlandshj\u00e4lpens verksamhet. Det humanit\u00e4ra hj\u00e4lparbetet\u00a0i Europa fortsatte. Utlandshj\u00e4lpen startade ett humanit\u00e4rt utbildningsprogram i Grekland. Verksamheten f\u00f6r och med\u00a0invandrare i Finland utvecklades ytterligare. V\u00e5rt arbete\u00a0fokuserade p\u00e5 l\u00e4ttillg\u00e4nglig hj\u00e4lp samt f\u00f6rebyggande av\u00a0v\u00e5ldsam extremism. Samarbetet med inrikesministeriet\u00a0ger goda f\u00f6ruts\u00e4ttningar f\u00f6r h\u00e5llbara resultat.<\/p>\n<p>I Finland fortsatte de stora f\u00f6r\u00e4ndringarna som b\u00f6rjat \u00e5ret innan. Nedsk\u00e4rningarna i budgeten f\u00f6r utvecklingssamarbete som\u00a0slogs fast 2015 tr\u00e4dde nu i kraft. De p\u00e5verkade\u00a0ocks\u00e5 Utlandshj\u00e4lpens verksamhet;\u00a0vi var tvungna att avsluta verksamheten i fem l\u00e4nder och dra ner p\u00e5 verksamheten<br \/>\ni flera andra. Bidragen fr\u00e5n privatpersoner\u00a0fortsatte dock att \u00f6ka, liksom internationella\u00a0finansi\u00e4rers intresse f\u00f6r Utlandshj\u00e4lpens\u00a0verksamhet.<\/p>\n<p><img loading=\"lazy\" decoding=\"async\" class=\"size-full wp-image-81230 alignright\" src=\"https:\/\/www.kirkonulkomaanapu.fi\/wp-content\/uploads\/2017\/06\/jounihemberg_03web.jpg\" alt=\"\" width=\"282\" height=\"349\" srcset=\"https:\/\/www.kirkonulkomaanapu.fi\/wp-content\/uploads\/2017\/06\/jounihemberg_03web.jpg 282w, https:\/\/www.kirkonulkomaanapu.fi\/wp-content\/uploads\/2017\/06\/jounihemberg_03web-144x178.jpg 144w\" sizes=\"auto, (max-width: 282px) 100vw, 282px\" \/>Trots utmaningarna lyckas v\u00e5r verksamhet v\u00e4xa och utvecklas. Vi gl\u00e4ds \u00f6ver stora framg\u00e5ngar,\u00a0s\u00e5som studiehandledningen som startat\u00a0i Kambodja som ett resultat av Utlandshj\u00e4lpens l\u00e5ngsiktiga\u00a0arbete, de hundratals skolbyggnader som rests i Nepal efter\u00a0jordb\u00e4vningen samt de \u00f6ver 50 000 barn som nu kan g\u00e5 i\u00a0skola i Centralafrika.<\/p>\n<p>Ett h\u00f6gklassigt arbete skapas genom effektivitet och professionalitet \u2013 och genom att vi anv\u00e4nder v\u00e5ra n\u00e4tverk med\u00a0aktiva frivilliga. Kvinnobanken, EAPPI, L\u00e4rare utan gr\u00e4nser och\u00a0Changemaker-n\u00e4tverkens frivilliga \u00e4r en viktig resurs. Sist och\u00a0slutligen m\u00f6jligg\u00f6rs allt av v\u00e5ra bidragsgivare och samarbetspartner.\u00a0Ett stort tack till alla som underst\u00f6tt v\u00e5r verksamhet<br \/>\n\u00e5r 2016.<\/p>\n<p><strong>Jouni Hemberg<\/strong><br \/>\nVerksamhetsledare f\u00f6r Kyrkans Utlandshj\u00e4lp<\/p>\n<p>&nbsp;<\/p>\n","protected":false},"excerpt":{"rendered":"<p>Framg\u00e5ngar i en v\u00e4rld av f\u00f6r\u00e4ndring F\u00f6r\u00e4ndringarna omkring oss \u00e4r snabba. Det k\u00e4nns som varje ny dag f\u00f6r med sig \u00f6verraskningar \u2013 b\u00e5de negativa och\u00a0positiva. Kyrkans Utlandshj\u00e4lp beh\u00f6vs mer \u00e4n n\u00e5gonsin. I en v\u00e4rld d\u00e4r antalet konflikter och katastrofer \u00f6kar, \u00f6kar ocks\u00e5 behovet\u00a0av hj\u00e4lp. Nya politiska vindar och minskade resurser hos stora\u00a0akt\u00f6rer som FN skapar [&hellip;]<\/p>\n","protected":false},"author":8,"featured_media":81501,"parent":3277,"menu_order":1,"comment_status":"closed","ping_status":"closed","template":"page-templates\/vuosikertomus.php","meta":{"_acf_changed":false,"_relevanssi_hide_post":"","_relevanssi_hide_content":"","_relevanssi_pin_for_all":"","_relevanssi_pin_keywords":"","_relevanssi_unpin_keywords":"","_relevanssi_related_keywords":"","_relevanssi_related_include_ids":"","_relevanssi_related_exclude_ids":"","_relevanssi_related_no_append":"","_relevanssi_related_not_related":"","_relevanssi_related_posts":"","_relevanssi_noindex_reason":"","_improvement_type_select":"improve_an_existing","_thumb_yes_seoaic":false,"_frame_yes_seoaic":false,"seoaic_generate_description":"","seoaic_improve_instructions_prompt":"","seoaic_rollback_content_improvement":"","seoaic_idea_thumbnail_generator":"","thumbnail_generated":false,"thumbnail_generate_prompt":"","seoaic_article_description":"","footnotes":""},"class_list":["post-81564","page","type-page","status-publish","has-post-thumbnail","hentry"],"acf":[],"yoast_head":"<!-- This site is optimized with the Yoast SEO plugin v26.9 - https:\/\/yoast.com\/product\/yoast-seo-wordpress\/ -->\n<title>\u00c5rsber\u00e4ttelse 2016 - Kyrkans Utlandshj\u00e4lp<\/title>\n<meta name=\"robots\" content=\"index, follow, max-snippet:-1, max-image-preview:large, max-video-preview:-1\" \/>\n<link rel=\"canonical\" href=\"https:\/\/www.kirkonulkomaanapu.fi\/sv\/om-oss\/historia\/arsberattelse-2016\/\" \/>\n<meta property=\"og:locale\" content=\"sv_SE\" \/>\n<meta property=\"og:type\" content=\"article\" \/>\n<meta property=\"og:title\" content=\"\u00c5rsber\u00e4ttelse 2016 - Kyrkans Utlandshj\u00e4lp\" \/>\n<meta property=\"og:description\" content=\"Framg\u00e5ngar i en v\u00e4rld av f\u00f6r\u00e4ndring F\u00f6r\u00e4ndringarna omkring oss \u00e4r snabba. Det k\u00e4nns som varje ny dag f\u00f6r med sig \u00f6verraskningar \u2013 b\u00e5de negativa och\u00a0positiva. Kyrkans Utlandshj\u00e4lp beh\u00f6vs mer \u00e4n n\u00e5gonsin. I en v\u00e4rld d\u00e4r antalet konflikter och katastrofer \u00f6kar, \u00f6kar ocks\u00e5 behovet\u00a0av hj\u00e4lp. Nya politiska vindar och minskade resurser hos stora\u00a0akt\u00f6rer som FN skapar [&hellip;]\" \/>\n<meta property=\"og:url\" content=\"https:\/\/www.kirkonulkomaanapu.fi\/sv\/om-oss\/historia\/arsberattelse-2016\/\" \/>\n<meta property=\"og:site_name\" content=\"Kyrkans Utlandshj\u00e4lp\" \/>\n<meta property=\"article:publisher\" content=\"https:\/\/www.facebook.com\/Ulkomaanapu\/\" \/>\n<meta property=\"article:modified_time\" content=\"2018-07-26T07:09:49+00:00\" \/>\n<meta property=\"og:image\" content=\"https:\/\/www.kirkonulkomaanapu.fi\/wp-content\/uploads\/2017\/06\/FCA_2017_vuosikertomus_kansi_1024x554.jpg\" \/>\n\t<meta property=\"og:image:width\" content=\"1024\" \/>\n\t<meta property=\"og:image:height\" content=\"554\" \/>\n\t<meta property=\"og:image:type\" content=\"image\/jpeg\" \/>\n<meta name=\"twitter:label1\" content=\"Ber\u00e4knad l\u00e4stid\" \/>\n\t<meta name=\"twitter:data1\" content=\"3 minuter\" \/>\n<script type=\"application\/ld+json\" class=\"yoast-schema-graph\">{\"@context\":\"https:\/\/schema.org\",\"@graph\":[{\"@type\":\"WebPage\",\"@id\":\"https:\/\/www.kirkonulkomaanapu.fi\/sv\/om-oss\/historia\/arsberattelse-2016\/\",\"url\":\"https:\/\/www.kirkonulkomaanapu.fi\/sv\/om-oss\/historia\/arsberattelse-2016\/\",\"name\":\"\u00c5rsber\u00e4ttelse 2016 - Kyrkans Utlandshj\u00e4lp\",\"isPartOf\":{\"@id\":\"https:\/\/www.kirkonulkomaanapu.fi\/#website\"},\"primaryImageOfPage\":{\"@id\":\"https:\/\/www.kirkonulkomaanapu.fi\/sv\/om-oss\/historia\/arsberattelse-2016\/#primaryimage\"},\"image\":{\"@id\":\"https:\/\/www.kirkonulkomaanapu.fi\/sv\/om-oss\/historia\/arsberattelse-2016\/#primaryimage\"},\"thumbnailUrl\":\"https:\/\/www.kirkonulkomaanapu.fi\/wp-content\/uploads\/2017\/06\/FCA_2017_vuosikertomus_kansi_1024x554.jpg\",\"datePublished\":\"2017-06-21T10:53:57+00:00\",\"dateModified\":\"2018-07-26T07:09:49+00:00\",\"breadcrumb\":{\"@id\":\"https:\/\/www.kirkonulkomaanapu.fi\/sv\/om-oss\/historia\/arsberattelse-2016\/#breadcrumb\"},\"inLanguage\":\"sv-SE\",\"potentialAction\":[{\"@type\":\"ReadAction\",\"target\":[\"https:\/\/www.kirkonulkomaanapu.fi\/sv\/om-oss\/historia\/arsberattelse-2016\/\"]}]},{\"@type\":\"ImageObject\",\"inLanguage\":\"sv-SE\",\"@id\":\"https:\/\/www.kirkonulkomaanapu.fi\/sv\/om-oss\/historia\/arsberattelse-2016\/#primaryimage\",\"url\":\"https:\/\/www.kirkonulkomaanapu.fi\/wp-content\/uploads\/2017\/06\/FCA_2017_vuosikertomus_kansi_1024x554.jpg\",\"contentUrl\":\"https:\/\/www.kirkonulkomaanapu.fi\/wp-content\/uploads\/2017\/06\/FCA_2017_vuosikertomus_kansi_1024x554.jpg\",\"width\":1024,\"height\":554,\"caption\":\"Martha Ajol (18 \u00e5r)\"},{\"@type\":\"BreadcrumbList\",\"@id\":\"https:\/\/www.kirkonulkomaanapu.fi\/sv\/om-oss\/historia\/arsberattelse-2016\/#breadcrumb\",\"itemListElement\":[{\"@type\":\"ListItem\",\"position\":1,\"name\":\"Home\",\"item\":\"https:\/\/www.kirkonulkomaanapu.fi\/sv\/\"},{\"@type\":\"ListItem\",\"position\":2,\"name\":\"Om oss\",\"item\":\"https:\/\/www.kirkonulkomaanapu.fi\/sv\/om-oss\/\"},{\"@type\":\"ListItem\",\"position\":3,\"name\":\"Historia\",\"item\":\"https:\/\/www.kirkonulkomaanapu.fi\/sv\/om-oss\/historia\/\"},{\"@type\":\"ListItem\",\"position\":4,\"name\":\"\u00c5rsber\u00e4ttelse 2016\"}]},{\"@type\":\"WebSite\",\"@id\":\"https:\/\/www.kirkonulkomaanapu.fi\/#website\",\"url\":\"https:\/\/www.kirkonulkomaanapu.fi\/\",\"name\":\"Kirkon Ulkomaanapu\",\"description\":\"Suomen suurin kehitysyhteisty\u00f6j\u00e4rjest\u00f6\",\"publisher\":{\"@id\":\"https:\/\/www.kirkonulkomaanapu.fi\/#organization\"},\"alternateName\":\"KUA\",\"potentialAction\":[{\"@type\":\"SearchAction\",\"target\":{\"@type\":\"EntryPoint\",\"urlTemplate\":\"https:\/\/www.kirkonulkomaanapu.fi\/?s={search_term_string}\"},\"query-input\":{\"@type\":\"PropertyValueSpecification\",\"valueRequired\":true,\"valueName\":\"search_term_string\"}}],\"inLanguage\":\"sv-SE\"},{\"@type\":\"Organization\",\"@id\":\"https:\/\/www.kirkonulkomaanapu.fi\/#organization\",\"name\":\"Kirkon Ulkomaanapu\",\"alternateName\":\"KUA\",\"url\":\"https:\/\/www.kirkonulkomaanapu.fi\/\",\"logo\":{\"@type\":\"ImageObject\",\"inLanguage\":\"sv-SE\",\"@id\":\"https:\/\/www.kirkonulkomaanapu.fi\/#\/schema\/logo\/image\/\",\"url\":\"https:\/\/www.kirkonulkomaanapu.fi\/wp-content\/uploads\/2026\/02\/Kirkon-ulkomaanapu-logo-1.png\",\"contentUrl\":\"https:\/\/www.kirkonulkomaanapu.fi\/wp-content\/uploads\/2026\/02\/Kirkon-ulkomaanapu-logo-1.png\",\"width\":225,\"height\":225,\"caption\":\"Kirkon Ulkomaanapu\"},\"image\":{\"@id\":\"https:\/\/www.kirkonulkomaanapu.fi\/#\/schema\/logo\/image\/\"},\"sameAs\":[\"https:\/\/www.facebook.com\/Ulkomaanapu\/\",\"https:\/\/www.youtube.com\/user\/kirkonulkomaanapu\",\"https:\/\/instagram.com\/kirkon_ulkomaanapu\/\",\"https:\/\/www.linkedin.com\/company\/finn-church-aid\/\"]}]}<\/script>\n<!-- \/ Yoast SEO plugin. -->","yoast_head_json":{"title":"\u00c5rsber\u00e4ttelse 2016 - Kyrkans Utlandshj\u00e4lp","robots":{"index":"index","follow":"follow","max-snippet":"max-snippet:-1","max-image-preview":"max-image-preview:large","max-video-preview":"max-video-preview:-1"},"canonical":"https:\/\/www.kirkonulkomaanapu.fi\/sv\/om-oss\/historia\/arsberattelse-2016\/","og_locale":"sv_SE","og_type":"article","og_title":"\u00c5rsber\u00e4ttelse 2016 - Kyrkans Utlandshj\u00e4lp","og_description":"Framg\u00e5ngar i en v\u00e4rld av f\u00f6r\u00e4ndring F\u00f6r\u00e4ndringarna omkring oss \u00e4r snabba. Det k\u00e4nns som varje ny dag f\u00f6r med sig \u00f6verraskningar \u2013 b\u00e5de negativa och\u00a0positiva. Kyrkans Utlandshj\u00e4lp beh\u00f6vs mer \u00e4n n\u00e5gonsin. I en v\u00e4rld d\u00e4r antalet konflikter och katastrofer \u00f6kar, \u00f6kar ocks\u00e5 behovet\u00a0av hj\u00e4lp. Nya politiska vindar och minskade resurser hos stora\u00a0akt\u00f6rer som FN skapar [&hellip;]","og_url":"https:\/\/www.kirkonulkomaanapu.fi\/sv\/om-oss\/historia\/arsberattelse-2016\/","og_site_name":"Kyrkans Utlandshj\u00e4lp","article_publisher":"https:\/\/www.facebook.com\/Ulkomaanapu\/","article_modified_time":"2018-07-26T07:09:49+00:00","og_image":[{"width":1024,"height":554,"url":"https:\/\/www.kirkonulkomaanapu.fi\/wp-content\/uploads\/2017\/06\/FCA_2017_vuosikertomus_kansi_1024x554.jpg","type":"image\/jpeg"}],"twitter_misc":{"Ber\u00e4knad l\u00e4stid":"3 minuter"},"schema":{"@context":"https:\/\/schema.org","@graph":[{"@type":"WebPage","@id":"https:\/\/www.kirkonulkomaanapu.fi\/sv\/om-oss\/historia\/arsberattelse-2016\/","url":"https:\/\/www.kirkonulkomaanapu.fi\/sv\/om-oss\/historia\/arsberattelse-2016\/","name":"\u00c5rsber\u00e4ttelse 2016 - Kyrkans Utlandshj\u00e4lp","isPartOf":{"@id":"https:\/\/www.kirkonulkomaanapu.fi\/#website"},"primaryImageOfPage":{"@id":"https:\/\/www.kirkonulkomaanapu.fi\/sv\/om-oss\/historia\/arsberattelse-2016\/#primaryimage"},"image":{"@id":"https:\/\/www.kirkonulkomaanapu.fi\/sv\/om-oss\/historia\/arsberattelse-2016\/#primaryimage"},"thumbnailUrl":"https:\/\/www.kirkonulkomaanapu.fi\/wp-content\/uploads\/2017\/06\/FCA_2017_vuosikertomus_kansi_1024x554.jpg","datePublished":"2017-06-21T10:53:57+00:00","dateModified":"2018-07-26T07:09:49+00:00","breadcrumb":{"@id":"https:\/\/www.kirkonulkomaanapu.fi\/sv\/om-oss\/historia\/arsberattelse-2016\/#breadcrumb"},"inLanguage":"sv-SE","potentialAction":[{"@type":"ReadAction","target":["https:\/\/www.kirkonulkomaanapu.fi\/sv\/om-oss\/historia\/arsberattelse-2016\/"]}]},{"@type":"ImageObject","inLanguage":"sv-SE","@id":"https:\/\/www.kirkonulkomaanapu.fi\/sv\/om-oss\/historia\/arsberattelse-2016\/#primaryimage","url":"https:\/\/www.kirkonulkomaanapu.fi\/wp-content\/uploads\/2017\/06\/FCA_2017_vuosikertomus_kansi_1024x554.jpg","contentUrl":"https:\/\/www.kirkonulkomaanapu.fi\/wp-content\/uploads\/2017\/06\/FCA_2017_vuosikertomus_kansi_1024x554.jpg","width":1024,"height":554,"caption":"Martha Ajol (18 \u00e5r)"},{"@type":"BreadcrumbList","@id":"https:\/\/www.kirkonulkomaanapu.fi\/sv\/om-oss\/historia\/arsberattelse-2016\/#breadcrumb","itemListElement":[{"@type":"ListItem","position":1,"name":"Home","item":"https:\/\/www.kirkonulkomaanapu.fi\/sv\/"},{"@type":"ListItem","position":2,"name":"Om oss","item":"https:\/\/www.kirkonulkomaanapu.fi\/sv\/om-oss\/"},{"@type":"ListItem","position":3,"name":"Historia","item":"https:\/\/www.kirkonulkomaanapu.fi\/sv\/om-oss\/historia\/"},{"@type":"ListItem","position":4,"name":"\u00c5rsber\u00e4ttelse 2016"}]},{"@type":"WebSite","@id":"https:\/\/www.kirkonulkomaanapu.fi\/#website","url":"https:\/\/www.kirkonulkomaanapu.fi\/","name":"Kirkon Ulkomaanapu","description":"Suomen suurin kehitysyhteisty\u00f6j\u00e4rjest\u00f6","publisher":{"@id":"https:\/\/www.kirkonulkomaanapu.fi\/#organization"},"alternateName":"KUA","potentialAction":[{"@type":"SearchAction","target":{"@type":"EntryPoint","urlTemplate":"https:\/\/www.kirkonulkomaanapu.fi\/?s={search_term_string}"},"query-input":{"@type":"PropertyValueSpecification","valueRequired":true,"valueName":"search_term_string"}}],"inLanguage":"sv-SE"},{"@type":"Organization","@id":"https:\/\/www.kirkonulkomaanapu.fi\/#organization","name":"Kirkon Ulkomaanapu","alternateName":"KUA","url":"https:\/\/www.kirkonulkomaanapu.fi\/","logo":{"@type":"ImageObject","inLanguage":"sv-SE","@id":"https:\/\/www.kirkonulkomaanapu.fi\/#\/schema\/logo\/image\/","url":"https:\/\/www.kirkonulkomaanapu.fi\/wp-content\/uploads\/2026\/02\/Kirkon-ulkomaanapu-logo-1.png","contentUrl":"https:\/\/www.kirkonulkomaanapu.fi\/wp-content\/uploads\/2026\/02\/Kirkon-ulkomaanapu-logo-1.png","width":225,"height":225,"caption":"Kirkon Ulkomaanapu"},"image":{"@id":"https:\/\/www.kirkonulkomaanapu.fi\/#\/schema\/logo\/image\/"},"sameAs":["https:\/\/www.facebook.com\/Ulkomaanapu\/","https:\/\/www.youtube.com\/user\/kirkonulkomaanapu","https:\/\/instagram.com\/kirkon_ulkomaanapu\/","https:\/\/www.linkedin.com\/company\/finn-church-aid\/"]}]}},"_links":{"self":[{"href":"https:\/\/www.kirkonulkomaanapu.fi\/sv\/wp-json\/wp\/v2\/pages\/81564","targetHints":{"allow":["GET"]}}],"collection":[{"href":"https:\/\/www.kirkonulkomaanapu.fi\/sv\/wp-json\/wp\/v2\/pages"}],"about":[{"href":"https:\/\/www.kirkonulkomaanapu.fi\/sv\/wp-json\/wp\/v2\/types\/page"}],"author":[{"embeddable":true,"href":"https:\/\/www.kirkonulkomaanapu.fi\/sv\/wp-json\/wp\/v2\/users\/8"}],"replies":[{"embeddable":true,"href":"https:\/\/www.kirkonulkomaanapu.fi\/sv\/wp-json\/wp\/v2\/comments?post=81564"}],"version-history":[{"count":4,"href":"https:\/\/www.kirkonulkomaanapu.fi\/sv\/wp-json\/wp\/v2\/pages\/81564\/revisions"}],"predecessor-version":[{"id":81722,"href":"https:\/\/www.kirkonulkomaanapu.fi\/sv\/wp-json\/wp\/v2\/pages\/81564\/revisions\/81722"}],"up":[{"embeddable":true,"href":"https:\/\/www.kirkonulkomaanapu.fi\/sv\/wp-json\/wp\/v2\/pages\/3277"}],"wp:featuredmedia":[{"embeddable":true,"href":"https:\/\/www.kirkonulkomaanapu.fi\/sv\/wp-json\/wp\/v2\/media\/81501"}],"wp:attachment":[{"href":"https:\/\/www.kirkonulkomaanapu.fi\/sv\/wp-json\/wp\/v2\/media?parent=81564"}],"curies":[{"name":"wp","href":"https:\/\/api.w.org\/{rel}","templated":true}]}}