{"id":76639,"date":"2016-09-19T12:31:13","date_gmt":"2016-09-19T09:31:13","guid":{"rendered":"https:\/\/www.kirkonulkomaanapu.fi\/sv\/?page_id=76639"},"modified":"2018-01-08T16:52:38","modified_gmt":"2018-01-08T14:52:38","slug":"gemensamt-ansvar-2017-bekampar-manniskohandel-och-stoder-unga-syriska-flyktingars-utbildning","status":"publish","type":"page","link":"https:\/\/www.kirkonulkomaanapu.fi\/sv\/gemensamt-ansvar-2017-bekampar-manniskohandel-och-stoder-unga-syriska-flyktingars-utbildning\/","title":{"rendered":"Gemensamt Ansvar 2017 bek\u00e4mpar m\u00e4nniskohandel och st\u00f6der unga syriska flyktingars utbildning"},"content":{"rendered":"<p class=\"lead\">Insamlingsm\u00e5let f\u00f6r Gemensamt Ansvar \u00e5r 2017 \u00e4r Mellan\u00f6stern, speciellt Jordanien, d\u00e4r Utlandshj\u00e4lpen arbetar med utbildning och psykosocialt st\u00f6d f\u00f6r unga syriska flyktingar.<\/p>\n<p>Kring 60 procent av Gemensamt Ansvar-insamlingens int\u00e4kter g\u00e5r via Kyrkans Utlandshj\u00e4lp till utvecklingssamarbete och katastrofhj\u00e4lp.<\/p>\n<p>Det internationella insamlingsm\u00e5let \u00e5r 2017 \u00e4r Mellan\u00f6stern. I det internationella arbetet, som st\u00f6ds med insamlingsmedlen, ligger fokus framf\u00f6r allt p\u00e5 att hj\u00e4lpa unga som \u00e4r bosatta i konfliktomr\u00e5den f\u00f6r att de ska kunna bygga upp ett bra liv, och inte falla offer f\u00f6r m\u00e4nniskosmugglare och m\u00e4nniskohandel.<\/p>\n<p>Jordanien har tagit emot tredje mest flyktingar av alla v\u00e4rldens l\u00e4nder, sammanlagt \u00f6ver 650\u00a0000 m\u00e4nniskor. Flyktingarna bor i s\u00e5v\u00e4l st\u00e4der som p\u00e5 flyktingl\u00e4ger.<\/p>\n<p>Flyktingsituationen \u00e4r en utmaning f\u00f6r Jordanien, som lider av en brist p\u00e5 naturresurser. I landet bor 6,6 miljoner inv\u00e5nare och utrymmet i skolorna tar slut. I fjol var en tredjedel av flyktingarna utanf\u00f6r utbildningssystemet, och Utlandshj\u00e4lpen arbetar speciellt med att f\u00f6rb\u00e4ttra ungdomarnas m\u00f6jligheter till utbildning och utkomst.<\/p>\n<p>Kyrkans Utlandshj\u00e4lp erbjuder flyktingarna bland annat undervisning i engelska, yrkesutbildning samt psykosocialt st\u00f6d. Utlandshj\u00e4lpen organiserar fritidsaktiviteter som till exempel fotboll och cirkusskola.<\/p>\n<p>Insamlingen st\u00f6der ocks\u00e5 det l\u00e5ngvariga utvecklingssamarbetet i Centralafrikanska republiken, Uganda och Myanmar.<\/p>\n<p>I Finland anv\u00e4nds insamlingsmedlen i samarbete med Pro-tukipiste r.f., Brottsofferjouren, Flyktingr\u00e5dgivningen r.f. och Monika-Naiset liitto r.f. till att hj\u00e4lpa m\u00e4nniskor som fallit offer f\u00f6r m\u00e4nniskohandel.<\/p>\n<p>Gemensamt Ansvar 2017 k\u00f6r i g\u00e5ng p\u00e5 s\u00f6ndagen den 5 februari 2017.<\/p>\n<p>Ge en g\u00e5va: <a href=\"https:\/\/www.yhteisvastuu.fi\/sv\/ge-en-gava\/\">https:\/\/www.yhteisvastuu.fi\/sv\/ge-en-gava\/<\/a><\/p>\n","protected":false},"excerpt":{"rendered":"<p>Insamlingsm\u00e5let f\u00f6r Gemensamt Ansvar \u00e5r 2017 \u00e4r Mellan\u00f6stern, speciellt Jordanien, d\u00e4r Utlandshj\u00e4lpen arbetar med utbildning och psykosocialt st\u00f6d f\u00f6r unga syriska flyktingar. Kring 60 procent av Gemensamt Ansvar-insamlingens int\u00e4kter g\u00e5r via Kyrkans Utlandshj\u00e4lp till utvecklingssamarbete och katastrofhj\u00e4lp. Det internationella insamlingsm\u00e5let \u00e5r 2017 \u00e4r Mellan\u00f6stern. I det internationella arbetet, som st\u00f6ds med insamlingsmedlen, ligger fokus framf\u00f6r [&hellip;]<\/p>\n","protected":false},"author":77,"featured_media":76641,"parent":0,"menu_order":0,"comment_status":"closed","ping_status":"closed","template":"","meta":{"_acf_changed":false,"_relevanssi_hide_post":"","_relevanssi_hide_content":"","_relevanssi_pin_for_all":"","_relevanssi_pin_keywords":"","_relevanssi_unpin_keywords":"","_relevanssi_related_keywords":"","_relevanssi_related_include_ids":"","_relevanssi_related_exclude_ids":"","_relevanssi_related_no_append":"","_relevanssi_related_not_related":"","_relevanssi_related_posts":"","_relevanssi_noindex_reason":"","_improvement_type_select":"improve_an_existing","_thumb_yes_seoaic":false,"_frame_yes_seoaic":false,"seoaic_generate_description":"","seoaic_improve_instructions_prompt":"","seoaic_rollback_content_improvement":"","seoaic_idea_thumbnail_generator":"","thumbnail_generated":false,"thumbnail_generate_prompt":"","seoaic_article_description":"","footnotes":""},"class_list":["post-76639","page","type-page","status-publish","has-post-thumbnail","hentry"],"acf":[],"yoast_head":"<!-- This site is optimized with the Yoast SEO plugin v26.9 - https:\/\/yoast.com\/product\/yoast-seo-wordpress\/ -->\n<title>Gemensamt Ansvar 2017 bek\u00e4mpar m\u00e4nniskohandel och st\u00f6der unga syriska flyktingars utbildning - Kyrkans Utlandshj\u00e4lp<\/title>\n<meta name=\"robots\" content=\"index, follow, max-snippet:-1, max-image-preview:large, max-video-preview:-1\" \/>\n<link rel=\"canonical\" href=\"https:\/\/www.kirkonulkomaanapu.fi\/sv\/gemensamt-ansvar-2017-bekampar-manniskohandel-och-stoder-unga-syriska-flyktingars-utbildning\/\" \/>\n<meta property=\"og:locale\" content=\"sv_SE\" \/>\n<meta property=\"og:type\" content=\"article\" \/>\n<meta property=\"og:title\" content=\"Gemensamt Ansvar 2017 bek\u00e4mpar m\u00e4nniskohandel och st\u00f6der unga syriska flyktingars utbildning - Kyrkans Utlandshj\u00e4lp\" \/>\n<meta property=\"og:description\" content=\"Insamlingsm\u00e5let f\u00f6r Gemensamt Ansvar \u00e5r 2017 \u00e4r Mellan\u00f6stern, speciellt Jordanien, d\u00e4r Utlandshj\u00e4lpen arbetar med utbildning och psykosocialt st\u00f6d f\u00f6r unga syriska flyktingar. Kring 60 procent av Gemensamt Ansvar-insamlingens int\u00e4kter g\u00e5r via Kyrkans Utlandshj\u00e4lp till utvecklingssamarbete och katastrofhj\u00e4lp. Det internationella insamlingsm\u00e5let \u00e5r 2017 \u00e4r Mellan\u00f6stern. I det internationella arbetet, som st\u00f6ds med insamlingsmedlen, ligger fokus framf\u00f6r [&hellip;]\" \/>\n<meta property=\"og:url\" content=\"https:\/\/www.kirkonulkomaanapu.fi\/sv\/gemensamt-ansvar-2017-bekampar-manniskohandel-och-stoder-unga-syriska-flyktingars-utbildning\/\" \/>\n<meta property=\"og:site_name\" content=\"Kyrkans Utlandshj\u00e4lp\" \/>\n<meta property=\"article:publisher\" content=\"https:\/\/www.facebook.com\/Ulkomaanapu\/\" \/>\n<meta property=\"article:modified_time\" content=\"2018-01-08T14:52:38+00:00\" \/>\n<meta property=\"og:image\" content=\"https:\/\/www.kirkonulkomaanapu.fi\/wp-content\/uploads\/2016\/09\/Mohammed-1.jpg\" \/>\n\t<meta property=\"og:image:width\" content=\"765\" \/>\n\t<meta property=\"og:image:height\" content=\"416\" \/>\n\t<meta property=\"og:image:type\" content=\"image\/jpeg\" \/>\n<meta name=\"twitter:label1\" content=\"Ber\u00e4knad l\u00e4stid\" \/>\n\t<meta name=\"twitter:data1\" content=\"1 minut\" \/>\n<script type=\"application\/ld+json\" class=\"yoast-schema-graph\">{\"@context\":\"https:\/\/schema.org\",\"@graph\":[{\"@type\":\"WebPage\",\"@id\":\"https:\/\/www.kirkonulkomaanapu.fi\/sv\/gemensamt-ansvar-2017-bekampar-manniskohandel-och-stoder-unga-syriska-flyktingars-utbildning\/\",\"url\":\"https:\/\/www.kirkonulkomaanapu.fi\/sv\/gemensamt-ansvar-2017-bekampar-manniskohandel-och-stoder-unga-syriska-flyktingars-utbildning\/\",\"name\":\"Gemensamt Ansvar 2017 bek\u00e4mpar m\u00e4nniskohandel och st\u00f6der unga syriska flyktingars utbildning - Kyrkans Utlandshj\u00e4lp\",\"isPartOf\":{\"@id\":\"https:\/\/www.kirkonulkomaanapu.fi\/#website\"},\"primaryImageOfPage\":{\"@id\":\"https:\/\/www.kirkonulkomaanapu.fi\/sv\/gemensamt-ansvar-2017-bekampar-manniskohandel-och-stoder-unga-syriska-flyktingars-utbildning\/#primaryimage\"},\"image\":{\"@id\":\"https:\/\/www.kirkonulkomaanapu.fi\/sv\/gemensamt-ansvar-2017-bekampar-manniskohandel-och-stoder-unga-syriska-flyktingars-utbildning\/#primaryimage\"},\"thumbnailUrl\":\"https:\/\/www.kirkonulkomaanapu.fi\/wp-content\/uploads\/2016\/09\/Mohammed-1.jpg\",\"datePublished\":\"2016-09-19T09:31:13+00:00\",\"dateModified\":\"2018-01-08T14:52:38+00:00\",\"breadcrumb\":{\"@id\":\"https:\/\/www.kirkonulkomaanapu.fi\/sv\/gemensamt-ansvar-2017-bekampar-manniskohandel-och-stoder-unga-syriska-flyktingars-utbildning\/#breadcrumb\"},\"inLanguage\":\"sv-SE\",\"potentialAction\":[{\"@type\":\"ReadAction\",\"target\":[\"https:\/\/www.kirkonulkomaanapu.fi\/sv\/gemensamt-ansvar-2017-bekampar-manniskohandel-och-stoder-unga-syriska-flyktingars-utbildning\/\"]}]},{\"@type\":\"ImageObject\",\"inLanguage\":\"sv-SE\",\"@id\":\"https:\/\/www.kirkonulkomaanapu.fi\/sv\/gemensamt-ansvar-2017-bekampar-manniskohandel-och-stoder-unga-syriska-flyktingars-utbildning\/#primaryimage\",\"url\":\"https:\/\/www.kirkonulkomaanapu.fi\/wp-content\/uploads\/2016\/09\/Mohammed-1.jpg\",\"contentUrl\":\"https:\/\/www.kirkonulkomaanapu.fi\/wp-content\/uploads\/2016\/09\/Mohammed-1.jpg\",\"width\":765,\"height\":416,\"caption\":\"Mohammed, 14, \u00e4lskar skolan och dr\u00f6mmer om att bli journalist. Han flydde v\u00e5ldsamheterna i Homs i Syrien p\u00e5 v\u00e5ren 2013 och deltar i Kyrkans Utlandshj\u00e4lps engelskaundervisning i Amman.\"},{\"@type\":\"BreadcrumbList\",\"@id\":\"https:\/\/www.kirkonulkomaanapu.fi\/sv\/gemensamt-ansvar-2017-bekampar-manniskohandel-och-stoder-unga-syriska-flyktingars-utbildning\/#breadcrumb\",\"itemListElement\":[{\"@type\":\"ListItem\",\"position\":1,\"name\":\"Home\",\"item\":\"https:\/\/www.kirkonulkomaanapu.fi\/sv\/\"},{\"@type\":\"ListItem\",\"position\":2,\"name\":\"Gemensamt Ansvar 2017 bek\u00e4mpar m\u00e4nniskohandel och st\u00f6der unga syriska flyktingars utbildning\"}]},{\"@type\":\"WebSite\",\"@id\":\"https:\/\/www.kirkonulkomaanapu.fi\/#website\",\"url\":\"https:\/\/www.kirkonulkomaanapu.fi\/\",\"name\":\"Kirkon Ulkomaanapu\",\"description\":\"Suomen suurin kehitysyhteisty\u00f6j\u00e4rjest\u00f6\",\"publisher\":{\"@id\":\"https:\/\/www.kirkonulkomaanapu.fi\/#organization\"},\"alternateName\":\"KUA\",\"potentialAction\":[{\"@type\":\"SearchAction\",\"target\":{\"@type\":\"EntryPoint\",\"urlTemplate\":\"https:\/\/www.kirkonulkomaanapu.fi\/?s={search_term_string}\"},\"query-input\":{\"@type\":\"PropertyValueSpecification\",\"valueRequired\":true,\"valueName\":\"search_term_string\"}}],\"inLanguage\":\"sv-SE\"},{\"@type\":\"Organization\",\"@id\":\"https:\/\/www.kirkonulkomaanapu.fi\/#organization\",\"name\":\"Kirkon Ulkomaanapu\",\"alternateName\":\"KUA\",\"url\":\"https:\/\/www.kirkonulkomaanapu.fi\/\",\"logo\":{\"@type\":\"ImageObject\",\"inLanguage\":\"sv-SE\",\"@id\":\"https:\/\/www.kirkonulkomaanapu.fi\/#\/schema\/logo\/image\/\",\"url\":\"https:\/\/www.kirkonulkomaanapu.fi\/wp-content\/uploads\/2026\/02\/Kirkon-ulkomaanapu-logo-1.png\",\"contentUrl\":\"https:\/\/www.kirkonulkomaanapu.fi\/wp-content\/uploads\/2026\/02\/Kirkon-ulkomaanapu-logo-1.png\",\"width\":225,\"height\":225,\"caption\":\"Kirkon Ulkomaanapu\"},\"image\":{\"@id\":\"https:\/\/www.kirkonulkomaanapu.fi\/#\/schema\/logo\/image\/\"},\"sameAs\":[\"https:\/\/www.facebook.com\/Ulkomaanapu\/\",\"https:\/\/www.youtube.com\/user\/kirkonulkomaanapu\",\"https:\/\/instagram.com\/kirkon_ulkomaanapu\/\",\"https:\/\/www.linkedin.com\/company\/finn-church-aid\/\"]}]}<\/script>\n<!-- \/ Yoast SEO plugin. -->","yoast_head_json":{"title":"Gemensamt Ansvar 2017 bek\u00e4mpar m\u00e4nniskohandel och st\u00f6der unga syriska flyktingars utbildning - Kyrkans Utlandshj\u00e4lp","robots":{"index":"index","follow":"follow","max-snippet":"max-snippet:-1","max-image-preview":"max-image-preview:large","max-video-preview":"max-video-preview:-1"},"canonical":"https:\/\/www.kirkonulkomaanapu.fi\/sv\/gemensamt-ansvar-2017-bekampar-manniskohandel-och-stoder-unga-syriska-flyktingars-utbildning\/","og_locale":"sv_SE","og_type":"article","og_title":"Gemensamt Ansvar 2017 bek\u00e4mpar m\u00e4nniskohandel och st\u00f6der unga syriska flyktingars utbildning - Kyrkans Utlandshj\u00e4lp","og_description":"Insamlingsm\u00e5let f\u00f6r Gemensamt Ansvar \u00e5r 2017 \u00e4r Mellan\u00f6stern, speciellt Jordanien, d\u00e4r Utlandshj\u00e4lpen arbetar med utbildning och psykosocialt st\u00f6d f\u00f6r unga syriska flyktingar. Kring 60 procent av Gemensamt Ansvar-insamlingens int\u00e4kter g\u00e5r via Kyrkans Utlandshj\u00e4lp till utvecklingssamarbete och katastrofhj\u00e4lp. Det internationella insamlingsm\u00e5let \u00e5r 2017 \u00e4r Mellan\u00f6stern. I det internationella arbetet, som st\u00f6ds med insamlingsmedlen, ligger fokus framf\u00f6r [&hellip;]","og_url":"https:\/\/www.kirkonulkomaanapu.fi\/sv\/gemensamt-ansvar-2017-bekampar-manniskohandel-och-stoder-unga-syriska-flyktingars-utbildning\/","og_site_name":"Kyrkans Utlandshj\u00e4lp","article_publisher":"https:\/\/www.facebook.com\/Ulkomaanapu\/","article_modified_time":"2018-01-08T14:52:38+00:00","og_image":[{"width":765,"height":416,"url":"https:\/\/www.kirkonulkomaanapu.fi\/wp-content\/uploads\/2016\/09\/Mohammed-1.jpg","type":"image\/jpeg"}],"twitter_misc":{"Ber\u00e4knad l\u00e4stid":"1 minut"},"schema":{"@context":"https:\/\/schema.org","@graph":[{"@type":"WebPage","@id":"https:\/\/www.kirkonulkomaanapu.fi\/sv\/gemensamt-ansvar-2017-bekampar-manniskohandel-och-stoder-unga-syriska-flyktingars-utbildning\/","url":"https:\/\/www.kirkonulkomaanapu.fi\/sv\/gemensamt-ansvar-2017-bekampar-manniskohandel-och-stoder-unga-syriska-flyktingars-utbildning\/","name":"Gemensamt Ansvar 2017 bek\u00e4mpar m\u00e4nniskohandel och st\u00f6der unga syriska flyktingars utbildning - Kyrkans Utlandshj\u00e4lp","isPartOf":{"@id":"https:\/\/www.kirkonulkomaanapu.fi\/#website"},"primaryImageOfPage":{"@id":"https:\/\/www.kirkonulkomaanapu.fi\/sv\/gemensamt-ansvar-2017-bekampar-manniskohandel-och-stoder-unga-syriska-flyktingars-utbildning\/#primaryimage"},"image":{"@id":"https:\/\/www.kirkonulkomaanapu.fi\/sv\/gemensamt-ansvar-2017-bekampar-manniskohandel-och-stoder-unga-syriska-flyktingars-utbildning\/#primaryimage"},"thumbnailUrl":"https:\/\/www.kirkonulkomaanapu.fi\/wp-content\/uploads\/2016\/09\/Mohammed-1.jpg","datePublished":"2016-09-19T09:31:13+00:00","dateModified":"2018-01-08T14:52:38+00:00","breadcrumb":{"@id":"https:\/\/www.kirkonulkomaanapu.fi\/sv\/gemensamt-ansvar-2017-bekampar-manniskohandel-och-stoder-unga-syriska-flyktingars-utbildning\/#breadcrumb"},"inLanguage":"sv-SE","potentialAction":[{"@type":"ReadAction","target":["https:\/\/www.kirkonulkomaanapu.fi\/sv\/gemensamt-ansvar-2017-bekampar-manniskohandel-och-stoder-unga-syriska-flyktingars-utbildning\/"]}]},{"@type":"ImageObject","inLanguage":"sv-SE","@id":"https:\/\/www.kirkonulkomaanapu.fi\/sv\/gemensamt-ansvar-2017-bekampar-manniskohandel-och-stoder-unga-syriska-flyktingars-utbildning\/#primaryimage","url":"https:\/\/www.kirkonulkomaanapu.fi\/wp-content\/uploads\/2016\/09\/Mohammed-1.jpg","contentUrl":"https:\/\/www.kirkonulkomaanapu.fi\/wp-content\/uploads\/2016\/09\/Mohammed-1.jpg","width":765,"height":416,"caption":"Mohammed, 14, \u00e4lskar skolan och dr\u00f6mmer om att bli journalist. Han flydde v\u00e5ldsamheterna i Homs i Syrien p\u00e5 v\u00e5ren 2013 och deltar i Kyrkans Utlandshj\u00e4lps engelskaundervisning i Amman."},{"@type":"BreadcrumbList","@id":"https:\/\/www.kirkonulkomaanapu.fi\/sv\/gemensamt-ansvar-2017-bekampar-manniskohandel-och-stoder-unga-syriska-flyktingars-utbildning\/#breadcrumb","itemListElement":[{"@type":"ListItem","position":1,"name":"Home","item":"https:\/\/www.kirkonulkomaanapu.fi\/sv\/"},{"@type":"ListItem","position":2,"name":"Gemensamt Ansvar 2017 bek\u00e4mpar m\u00e4nniskohandel och st\u00f6der unga syriska flyktingars utbildning"}]},{"@type":"WebSite","@id":"https:\/\/www.kirkonulkomaanapu.fi\/#website","url":"https:\/\/www.kirkonulkomaanapu.fi\/","name":"Kirkon Ulkomaanapu","description":"Suomen suurin kehitysyhteisty\u00f6j\u00e4rjest\u00f6","publisher":{"@id":"https:\/\/www.kirkonulkomaanapu.fi\/#organization"},"alternateName":"KUA","potentialAction":[{"@type":"SearchAction","target":{"@type":"EntryPoint","urlTemplate":"https:\/\/www.kirkonulkomaanapu.fi\/?s={search_term_string}"},"query-input":{"@type":"PropertyValueSpecification","valueRequired":true,"valueName":"search_term_string"}}],"inLanguage":"sv-SE"},{"@type":"Organization","@id":"https:\/\/www.kirkonulkomaanapu.fi\/#organization","name":"Kirkon Ulkomaanapu","alternateName":"KUA","url":"https:\/\/www.kirkonulkomaanapu.fi\/","logo":{"@type":"ImageObject","inLanguage":"sv-SE","@id":"https:\/\/www.kirkonulkomaanapu.fi\/#\/schema\/logo\/image\/","url":"https:\/\/www.kirkonulkomaanapu.fi\/wp-content\/uploads\/2026\/02\/Kirkon-ulkomaanapu-logo-1.png","contentUrl":"https:\/\/www.kirkonulkomaanapu.fi\/wp-content\/uploads\/2026\/02\/Kirkon-ulkomaanapu-logo-1.png","width":225,"height":225,"caption":"Kirkon Ulkomaanapu"},"image":{"@id":"https:\/\/www.kirkonulkomaanapu.fi\/#\/schema\/logo\/image\/"},"sameAs":["https:\/\/www.facebook.com\/Ulkomaanapu\/","https:\/\/www.youtube.com\/user\/kirkonulkomaanapu","https:\/\/instagram.com\/kirkon_ulkomaanapu\/","https:\/\/www.linkedin.com\/company\/finn-church-aid\/"]}]}},"_links":{"self":[{"href":"https:\/\/www.kirkonulkomaanapu.fi\/sv\/wp-json\/wp\/v2\/pages\/76639","targetHints":{"allow":["GET"]}}],"collection":[{"href":"https:\/\/www.kirkonulkomaanapu.fi\/sv\/wp-json\/wp\/v2\/pages"}],"about":[{"href":"https:\/\/www.kirkonulkomaanapu.fi\/sv\/wp-json\/wp\/v2\/types\/page"}],"author":[{"embeddable":true,"href":"https:\/\/www.kirkonulkomaanapu.fi\/sv\/wp-json\/wp\/v2\/users\/77"}],"replies":[{"embeddable":true,"href":"https:\/\/www.kirkonulkomaanapu.fi\/sv\/wp-json\/wp\/v2\/comments?post=76639"}],"version-history":[{"count":1,"href":"https:\/\/www.kirkonulkomaanapu.fi\/sv\/wp-json\/wp\/v2\/pages\/76639\/revisions"}],"predecessor-version":[{"id":76640,"href":"https:\/\/www.kirkonulkomaanapu.fi\/sv\/wp-json\/wp\/v2\/pages\/76639\/revisions\/76640"}],"wp:featuredmedia":[{"embeddable":true,"href":"https:\/\/www.kirkonulkomaanapu.fi\/sv\/wp-json\/wp\/v2\/media\/76641"}],"wp:attachment":[{"href":"https:\/\/www.kirkonulkomaanapu.fi\/sv\/wp-json\/wp\/v2\/media?parent=76639"}],"curies":[{"name":"wp","href":"https:\/\/api.w.org\/{rel}","templated":true}]}}