{"id":76104,"date":"2016-07-27T13:43:39","date_gmt":"2016-07-27T10:43:39","guid":{"rendered":"https:\/\/www.kirkonulkomaanapu.fi\/sv\/?page_id=76104"},"modified":"2016-07-27T13:43:39","modified_gmt":"2016-07-27T10:43:39","slug":"forvaltning","status":"publish","type":"page","link":"https:\/\/www.kirkonulkomaanapu.fi\/sv\/om-oss\/historia\/annual-report-2015\/forvaltning\/","title":{"rendered":"F\u00f6rvaltning"},"content":{"rendered":"<p>Stiftelsen Kyrkans Utlandshj\u00e4lp leds av en styrelse med elva medlemmar. Styrelsen \u00e4r tillsatt av kyrkans utrikesr\u00e5d. Styrelsen bitr\u00e4ds av ett arbetsutskott med fyra medlemmar. \u00c5r 2015 hade styrelsen fem sammantr\u00e4den. Dessutom h\u00f6ll arbetsutskottet sex e-postm\u00f6ten och ett m\u00f6te med granskningsutskottet.<\/p>\n<p><strong>Kyrkans Utlandshj\u00e4lps styrelse 2015<\/strong><\/p>\n<p>Ordf\u00f6rande: sakkunnig i internationella \u00e4renden Tarja Kantola<br \/>\nVice ordf\u00f6rande: biskop Tapio Luoma<\/p>\n<p><strong>medlemmar<\/strong><br \/>\ndirektor Sixten Ekstrand<br \/>\nriksdagsledamot Pekka Haavisto<br \/>\ngeneralsekreterare Katri Korolainen<br \/>\necklesiastikr\u00e5det Kimmo K\u00e4\u00e4ri\u00e4inen<br \/>\nbiskop Tapio Luoma<br \/>\nredakt\u00f6r Reetta Meril\u00e4inen<br \/>\nekonomie magister Ritva Ohmeroluoma<br \/>\nkyrkoherde Olli-Pekka Silfverhuth<br \/>\nstiftssekreterare Helena Tuominen och<br \/>\nhandelsr\u00e5det Kent Wilska.<\/p>\n<p><strong>ers\u00e4ttare<\/strong><br \/>\nadvokat Tuomas Aho<br \/>\ndirekt\u00f6r Ilkka Mattila och<br \/>\nmagister i samh\u00e4llsvetenskaper Milla Perukangas<\/p>\n<p>sekreterare verksamhetsledare Jouni Hemberg<\/p>\n<p><strong>Arbetsutskottet<\/strong><br \/>\nOrdf\u00f6rande: Tarja Kantola<br \/>\nPersonlig ers\u00e4ttare: Tapio Luoma<\/p>\n<p><strong>medlemmar<\/strong><br \/>\nHelena Tuominen, personlig ers\u00e4ttare Sixten Ekstrand<br \/>\nKent Wilska, personlig ers\u00e4ttare Tuomas Aho<br \/>\noch Tapio Luoma (ingen personlig ers\u00e4ttare)<\/p>\n<p>sekreterare Jouni Hemberg<\/p>\n<p><strong>Av styrelsen kallade sakkunniga medlemmar<\/strong><br \/>\ngeneralsekreterare Heikki Huttunen, Ekumeniska r\u00e5det i Finland<br \/>\ndirektor Risto Jukko, Kyrkans missionscentral<br \/>\ndirektor Kalle Kuusim\u00e4ki, Diakoni och sj\u00e4lav\u00e5rd \u2013 Kyrkans centralf\u00f6rvaltning<br \/>\nverksamhetsledare Riina Nguyen, Ortodoxa kyrkans utlandshj\u00e4lp<\/p>\n<p><strong>Granskningsutskottet 2015<\/strong><br \/>\nOrdf\u00f6rande: Ritva Ohmeroluoma,<br \/>\nMedlemmar: Tuomas Aho och Katri Korolainen.<\/p>\n<p>Antti Pentik\u00e4inen arbetade som Utlandshj\u00e4lpens verksamhetsledare till 30.4.2015, d\u00e5 han p\u00e5b\u00f6rjade en tre \u00e5r l\u00e5ng tj\u00e4nstledighet. Under den tiden \u00e4r han chef f\u00f6r sekretariatet f\u00f6r Fredsm\u00e4klingsn\u00e4tverket f\u00f6r religi\u00f6sa och traditionella ledare. Sedan 1.5.2015 sk\u00f6ter Jouni Hedberg tj\u00e4nsten som verksamhetsledare f\u00f6r Kyrkans Utlandshj\u00e4lp.<\/p>\n<p>Verksamhetsledare Jouni Hedberg representerade Kyrkans Utlandshj\u00e4lp i olika samarbetsn\u00e4tverk enligt f\u00f6ljande: Medlem i ledningsgruppen f\u00f6r Kyrkans utrikesavdelning, sakkunnig i Kommitt\u00e9n f\u00f6r kyrkans missionsarbete, medlem i Stiftelsen N\u00e4sdagens styrelse, sakkunnigmedlem i styrelsen f\u00f6r den finl\u00e4ndska Ortodoxa kyrkans utlandshj\u00e4lp (Filantropia), medlem i insamlingskommitt\u00e9n f\u00f6r Gemensamt Ansvar, suppleant i Statsr\u00e5dets kommission f\u00f6r h\u00e5llbar utveckling samt medlem i den av Inrikesministeriet tillsatta ledningsgruppen f\u00f6r f\u00f6rebyggande av v\u00e5ldsfr\u00e4mjande radikalisering och extremism.<\/p>\n","protected":false},"excerpt":{"rendered":"<p>Stiftelsen Kyrkans Utlandshj\u00e4lp leds av en styrelse med elva medlemmar. Styrelsen \u00e4r tillsatt av kyrkans utrikesr\u00e5d. Styrelsen bitr\u00e4ds av ett arbetsutskott med fyra medlemmar. \u00c5r 2015 hade styrelsen fem sammantr\u00e4den. Dessutom h\u00f6ll arbetsutskottet sex e-postm\u00f6ten och ett m\u00f6te med granskningsutskottet. Kyrkans Utlandshj\u00e4lps styrelse 2015 Ordf\u00f6rande: sakkunnig i internationella \u00e4renden Tarja Kantola Vice ordf\u00f6rande: biskop Tapio [&hellip;]<\/p>\n","protected":false},"author":61,"featured_media":76025,"parent":75672,"menu_order":0,"comment_status":"closed","ping_status":"closed","template":"page-templates\/vuosikertomus.php","meta":{"_acf_changed":false,"_relevanssi_hide_post":"","_relevanssi_hide_content":"","_relevanssi_pin_for_all":"","_relevanssi_pin_keywords":"","_relevanssi_unpin_keywords":"","_relevanssi_related_keywords":"","_relevanssi_related_include_ids":"","_relevanssi_related_exclude_ids":"","_relevanssi_related_no_append":"","_relevanssi_related_not_related":"","_relevanssi_related_posts":"","_relevanssi_noindex_reason":"","_improvement_type_select":"improve_an_existing","_thumb_yes_seoaic":false,"_frame_yes_seoaic":false,"seoaic_generate_description":"","seoaic_improve_instructions_prompt":"","seoaic_rollback_content_improvement":"","seoaic_idea_thumbnail_generator":"","thumbnail_generated":false,"thumbnail_generate_prompt":"","seoaic_article_description":"","footnotes":""},"class_list":["post-76104","page","type-page","status-publish","has-post-thumbnail","hentry"],"acf":[],"yoast_head":"<!-- This site is optimized with the Yoast SEO plugin v26.9 - https:\/\/yoast.com\/product\/yoast-seo-wordpress\/ -->\n<title>F\u00f6rvaltning - Kyrkans Utlandshj\u00e4lp<\/title>\n<meta name=\"robots\" content=\"index, follow, max-snippet:-1, max-image-preview:large, max-video-preview:-1\" \/>\n<link rel=\"canonical\" href=\"https:\/\/www.kirkonulkomaanapu.fi\/sv\/om-oss\/historia\/annual-report-2015\/forvaltning\/\" \/>\n<meta property=\"og:locale\" content=\"sv_SE\" \/>\n<meta property=\"og:type\" content=\"article\" \/>\n<meta property=\"og:title\" content=\"F\u00f6rvaltning - Kyrkans Utlandshj\u00e4lp\" \/>\n<meta property=\"og:description\" content=\"Stiftelsen Kyrkans Utlandshj\u00e4lp leds av en styrelse med elva medlemmar. Styrelsen \u00e4r tillsatt av kyrkans utrikesr\u00e5d. Styrelsen bitr\u00e4ds av ett arbetsutskott med fyra medlemmar. \u00c5r 2015 hade styrelsen fem sammantr\u00e4den. Dessutom h\u00f6ll arbetsutskottet sex e-postm\u00f6ten och ett m\u00f6te med granskningsutskottet. Kyrkans Utlandshj\u00e4lps styrelse 2015 Ordf\u00f6rande: sakkunnig i internationella \u00e4renden Tarja Kantola Vice ordf\u00f6rande: biskop Tapio [&hellip;]\" \/>\n<meta property=\"og:url\" content=\"https:\/\/www.kirkonulkomaanapu.fi\/sv\/om-oss\/historia\/annual-report-2015\/forvaltning\/\" \/>\n<meta property=\"og:site_name\" content=\"Kyrkans Utlandshj\u00e4lp\" \/>\n<meta property=\"article:publisher\" content=\"https:\/\/www.facebook.com\/Ulkomaanapu\/\" \/>\n<meta property=\"og:image\" content=\"https:\/\/www.kirkonulkomaanapu.fi\/wp-content\/uploads\/2016\/07\/hallitus-kuva-AR9A8252.jpg\" \/>\n\t<meta property=\"og:image:width\" content=\"1200\" \/>\n\t<meta property=\"og:image:height\" content=\"827\" \/>\n\t<meta property=\"og:image:type\" content=\"image\/jpeg\" \/>\n<meta name=\"twitter:label1\" content=\"Ber\u00e4knad l\u00e4stid\" \/>\n\t<meta name=\"twitter:data1\" content=\"2 minuter\" \/>\n<script type=\"application\/ld+json\" class=\"yoast-schema-graph\">{\"@context\":\"https:\/\/schema.org\",\"@graph\":[{\"@type\":\"WebPage\",\"@id\":\"https:\/\/www.kirkonulkomaanapu.fi\/sv\/om-oss\/historia\/annual-report-2015\/forvaltning\/\",\"url\":\"https:\/\/www.kirkonulkomaanapu.fi\/sv\/om-oss\/historia\/annual-report-2015\/forvaltning\/\",\"name\":\"F\u00f6rvaltning - Kyrkans Utlandshj\u00e4lp\",\"isPartOf\":{\"@id\":\"https:\/\/www.kirkonulkomaanapu.fi\/#website\"},\"primaryImageOfPage\":{\"@id\":\"https:\/\/www.kirkonulkomaanapu.fi\/sv\/om-oss\/historia\/annual-report-2015\/forvaltning\/#primaryimage\"},\"image\":{\"@id\":\"https:\/\/www.kirkonulkomaanapu.fi\/sv\/om-oss\/historia\/annual-report-2015\/forvaltning\/#primaryimage\"},\"thumbnailUrl\":\"https:\/\/www.kirkonulkomaanapu.fi\/wp-content\/uploads\/2016\/07\/hallitus-kuva-AR9A8252.jpg\",\"datePublished\":\"2016-07-27T10:43:39+00:00\",\"breadcrumb\":{\"@id\":\"https:\/\/www.kirkonulkomaanapu.fi\/sv\/om-oss\/historia\/annual-report-2015\/forvaltning\/#breadcrumb\"},\"inLanguage\":\"sv-SE\",\"potentialAction\":[{\"@type\":\"ReadAction\",\"target\":[\"https:\/\/www.kirkonulkomaanapu.fi\/sv\/om-oss\/historia\/annual-report-2015\/forvaltning\/\"]}]},{\"@type\":\"ImageObject\",\"inLanguage\":\"sv-SE\",\"@id\":\"https:\/\/www.kirkonulkomaanapu.fi\/sv\/om-oss\/historia\/annual-report-2015\/forvaltning\/#primaryimage\",\"url\":\"https:\/\/www.kirkonulkomaanapu.fi\/wp-content\/uploads\/2016\/07\/hallitus-kuva-AR9A8252.jpg\",\"contentUrl\":\"https:\/\/www.kirkonulkomaanapu.fi\/wp-content\/uploads\/2016\/07\/hallitus-kuva-AR9A8252.jpg\",\"width\":1200,\"height\":827},{\"@type\":\"BreadcrumbList\",\"@id\":\"https:\/\/www.kirkonulkomaanapu.fi\/sv\/om-oss\/historia\/annual-report-2015\/forvaltning\/#breadcrumb\",\"itemListElement\":[{\"@type\":\"ListItem\",\"position\":1,\"name\":\"Home\",\"item\":\"https:\/\/www.kirkonulkomaanapu.fi\/sv\/\"},{\"@type\":\"ListItem\",\"position\":2,\"name\":\"Om oss\",\"item\":\"https:\/\/www.kirkonulkomaanapu.fi\/sv\/om-oss\/\"},{\"@type\":\"ListItem\",\"position\":3,\"name\":\"Historia\",\"item\":\"https:\/\/www.kirkonulkomaanapu.fi\/sv\/om-oss\/historia\/\"},{\"@type\":\"ListItem\",\"position\":4,\"name\":\"\u00c5rs\u00f6versikt 2015\",\"item\":\"https:\/\/www.kirkonulkomaanapu.fi\/sv\/om-oss\/historia\/annual-report-2015\/\"},{\"@type\":\"ListItem\",\"position\":5,\"name\":\"F\u00f6rvaltning\"}]},{\"@type\":\"WebSite\",\"@id\":\"https:\/\/www.kirkonulkomaanapu.fi\/#website\",\"url\":\"https:\/\/www.kirkonulkomaanapu.fi\/\",\"name\":\"Kirkon Ulkomaanapu\",\"description\":\"Suomen suurin kehitysyhteisty\u00f6j\u00e4rjest\u00f6\",\"publisher\":{\"@id\":\"https:\/\/www.kirkonulkomaanapu.fi\/#organization\"},\"alternateName\":\"KUA\",\"potentialAction\":[{\"@type\":\"SearchAction\",\"target\":{\"@type\":\"EntryPoint\",\"urlTemplate\":\"https:\/\/www.kirkonulkomaanapu.fi\/?s={search_term_string}\"},\"query-input\":{\"@type\":\"PropertyValueSpecification\",\"valueRequired\":true,\"valueName\":\"search_term_string\"}}],\"inLanguage\":\"sv-SE\"},{\"@type\":\"Organization\",\"@id\":\"https:\/\/www.kirkonulkomaanapu.fi\/#organization\",\"name\":\"Kirkon Ulkomaanapu\",\"alternateName\":\"KUA\",\"url\":\"https:\/\/www.kirkonulkomaanapu.fi\/\",\"logo\":{\"@type\":\"ImageObject\",\"inLanguage\":\"sv-SE\",\"@id\":\"https:\/\/www.kirkonulkomaanapu.fi\/#\/schema\/logo\/image\/\",\"url\":\"https:\/\/www.kirkonulkomaanapu.fi\/wp-content\/uploads\/2026\/02\/Kirkon-ulkomaanapu-logo-1.png\",\"contentUrl\":\"https:\/\/www.kirkonulkomaanapu.fi\/wp-content\/uploads\/2026\/02\/Kirkon-ulkomaanapu-logo-1.png\",\"width\":225,\"height\":225,\"caption\":\"Kirkon Ulkomaanapu\"},\"image\":{\"@id\":\"https:\/\/www.kirkonulkomaanapu.fi\/#\/schema\/logo\/image\/\"},\"sameAs\":[\"https:\/\/www.facebook.com\/Ulkomaanapu\/\",\"https:\/\/www.youtube.com\/user\/kirkonulkomaanapu\",\"https:\/\/instagram.com\/kirkon_ulkomaanapu\/\",\"https:\/\/www.linkedin.com\/company\/finn-church-aid\/\"]}]}<\/script>\n<!-- \/ Yoast SEO plugin. -->","yoast_head_json":{"title":"F\u00f6rvaltning - Kyrkans Utlandshj\u00e4lp","robots":{"index":"index","follow":"follow","max-snippet":"max-snippet:-1","max-image-preview":"max-image-preview:large","max-video-preview":"max-video-preview:-1"},"canonical":"https:\/\/www.kirkonulkomaanapu.fi\/sv\/om-oss\/historia\/annual-report-2015\/forvaltning\/","og_locale":"sv_SE","og_type":"article","og_title":"F\u00f6rvaltning - Kyrkans Utlandshj\u00e4lp","og_description":"Stiftelsen Kyrkans Utlandshj\u00e4lp leds av en styrelse med elva medlemmar. Styrelsen \u00e4r tillsatt av kyrkans utrikesr\u00e5d. Styrelsen bitr\u00e4ds av ett arbetsutskott med fyra medlemmar. \u00c5r 2015 hade styrelsen fem sammantr\u00e4den. Dessutom h\u00f6ll arbetsutskottet sex e-postm\u00f6ten och ett m\u00f6te med granskningsutskottet. Kyrkans Utlandshj\u00e4lps styrelse 2015 Ordf\u00f6rande: sakkunnig i internationella \u00e4renden Tarja Kantola Vice ordf\u00f6rande: biskop Tapio [&hellip;]","og_url":"https:\/\/www.kirkonulkomaanapu.fi\/sv\/om-oss\/historia\/annual-report-2015\/forvaltning\/","og_site_name":"Kyrkans Utlandshj\u00e4lp","article_publisher":"https:\/\/www.facebook.com\/Ulkomaanapu\/","og_image":[{"width":1200,"height":827,"url":"https:\/\/www.kirkonulkomaanapu.fi\/wp-content\/uploads\/2016\/07\/hallitus-kuva-AR9A8252.jpg","type":"image\/jpeg"}],"twitter_misc":{"Ber\u00e4knad l\u00e4stid":"2 minuter"},"schema":{"@context":"https:\/\/schema.org","@graph":[{"@type":"WebPage","@id":"https:\/\/www.kirkonulkomaanapu.fi\/sv\/om-oss\/historia\/annual-report-2015\/forvaltning\/","url":"https:\/\/www.kirkonulkomaanapu.fi\/sv\/om-oss\/historia\/annual-report-2015\/forvaltning\/","name":"F\u00f6rvaltning - Kyrkans Utlandshj\u00e4lp","isPartOf":{"@id":"https:\/\/www.kirkonulkomaanapu.fi\/#website"},"primaryImageOfPage":{"@id":"https:\/\/www.kirkonulkomaanapu.fi\/sv\/om-oss\/historia\/annual-report-2015\/forvaltning\/#primaryimage"},"image":{"@id":"https:\/\/www.kirkonulkomaanapu.fi\/sv\/om-oss\/historia\/annual-report-2015\/forvaltning\/#primaryimage"},"thumbnailUrl":"https:\/\/www.kirkonulkomaanapu.fi\/wp-content\/uploads\/2016\/07\/hallitus-kuva-AR9A8252.jpg","datePublished":"2016-07-27T10:43:39+00:00","breadcrumb":{"@id":"https:\/\/www.kirkonulkomaanapu.fi\/sv\/om-oss\/historia\/annual-report-2015\/forvaltning\/#breadcrumb"},"inLanguage":"sv-SE","potentialAction":[{"@type":"ReadAction","target":["https:\/\/www.kirkonulkomaanapu.fi\/sv\/om-oss\/historia\/annual-report-2015\/forvaltning\/"]}]},{"@type":"ImageObject","inLanguage":"sv-SE","@id":"https:\/\/www.kirkonulkomaanapu.fi\/sv\/om-oss\/historia\/annual-report-2015\/forvaltning\/#primaryimage","url":"https:\/\/www.kirkonulkomaanapu.fi\/wp-content\/uploads\/2016\/07\/hallitus-kuva-AR9A8252.jpg","contentUrl":"https:\/\/www.kirkonulkomaanapu.fi\/wp-content\/uploads\/2016\/07\/hallitus-kuva-AR9A8252.jpg","width":1200,"height":827},{"@type":"BreadcrumbList","@id":"https:\/\/www.kirkonulkomaanapu.fi\/sv\/om-oss\/historia\/annual-report-2015\/forvaltning\/#breadcrumb","itemListElement":[{"@type":"ListItem","position":1,"name":"Home","item":"https:\/\/www.kirkonulkomaanapu.fi\/sv\/"},{"@type":"ListItem","position":2,"name":"Om oss","item":"https:\/\/www.kirkonulkomaanapu.fi\/sv\/om-oss\/"},{"@type":"ListItem","position":3,"name":"Historia","item":"https:\/\/www.kirkonulkomaanapu.fi\/sv\/om-oss\/historia\/"},{"@type":"ListItem","position":4,"name":"\u00c5rs\u00f6versikt 2015","item":"https:\/\/www.kirkonulkomaanapu.fi\/sv\/om-oss\/historia\/annual-report-2015\/"},{"@type":"ListItem","position":5,"name":"F\u00f6rvaltning"}]},{"@type":"WebSite","@id":"https:\/\/www.kirkonulkomaanapu.fi\/#website","url":"https:\/\/www.kirkonulkomaanapu.fi\/","name":"Kirkon Ulkomaanapu","description":"Suomen suurin kehitysyhteisty\u00f6j\u00e4rjest\u00f6","publisher":{"@id":"https:\/\/www.kirkonulkomaanapu.fi\/#organization"},"alternateName":"KUA","potentialAction":[{"@type":"SearchAction","target":{"@type":"EntryPoint","urlTemplate":"https:\/\/www.kirkonulkomaanapu.fi\/?s={search_term_string}"},"query-input":{"@type":"PropertyValueSpecification","valueRequired":true,"valueName":"search_term_string"}}],"inLanguage":"sv-SE"},{"@type":"Organization","@id":"https:\/\/www.kirkonulkomaanapu.fi\/#organization","name":"Kirkon Ulkomaanapu","alternateName":"KUA","url":"https:\/\/www.kirkonulkomaanapu.fi\/","logo":{"@type":"ImageObject","inLanguage":"sv-SE","@id":"https:\/\/www.kirkonulkomaanapu.fi\/#\/schema\/logo\/image\/","url":"https:\/\/www.kirkonulkomaanapu.fi\/wp-content\/uploads\/2026\/02\/Kirkon-ulkomaanapu-logo-1.png","contentUrl":"https:\/\/www.kirkonulkomaanapu.fi\/wp-content\/uploads\/2026\/02\/Kirkon-ulkomaanapu-logo-1.png","width":225,"height":225,"caption":"Kirkon Ulkomaanapu"},"image":{"@id":"https:\/\/www.kirkonulkomaanapu.fi\/#\/schema\/logo\/image\/"},"sameAs":["https:\/\/www.facebook.com\/Ulkomaanapu\/","https:\/\/www.youtube.com\/user\/kirkonulkomaanapu","https:\/\/instagram.com\/kirkon_ulkomaanapu\/","https:\/\/www.linkedin.com\/company\/finn-church-aid\/"]}]}},"_links":{"self":[{"href":"https:\/\/www.kirkonulkomaanapu.fi\/sv\/wp-json\/wp\/v2\/pages\/76104","targetHints":{"allow":["GET"]}}],"collection":[{"href":"https:\/\/www.kirkonulkomaanapu.fi\/sv\/wp-json\/wp\/v2\/pages"}],"about":[{"href":"https:\/\/www.kirkonulkomaanapu.fi\/sv\/wp-json\/wp\/v2\/types\/page"}],"author":[{"embeddable":true,"href":"https:\/\/www.kirkonulkomaanapu.fi\/sv\/wp-json\/wp\/v2\/users\/61"}],"replies":[{"embeddable":true,"href":"https:\/\/www.kirkonulkomaanapu.fi\/sv\/wp-json\/wp\/v2\/comments?post=76104"}],"version-history":[{"count":1,"href":"https:\/\/www.kirkonulkomaanapu.fi\/sv\/wp-json\/wp\/v2\/pages\/76104\/revisions"}],"predecessor-version":[{"id":76105,"href":"https:\/\/www.kirkonulkomaanapu.fi\/sv\/wp-json\/wp\/v2\/pages\/76104\/revisions\/76105"}],"up":[{"embeddable":true,"href":"https:\/\/www.kirkonulkomaanapu.fi\/sv\/wp-json\/wp\/v2\/pages\/75672"}],"wp:featuredmedia":[{"embeddable":true,"href":"https:\/\/www.kirkonulkomaanapu.fi\/sv\/wp-json\/wp\/v2\/media\/76025"}],"wp:attachment":[{"href":"https:\/\/www.kirkonulkomaanapu.fi\/sv\/wp-json\/wp\/v2\/media?parent=76104"}],"curies":[{"name":"wp","href":"https:\/\/api.w.org\/{rel}","templated":true}]}}