{"id":76101,"date":"2016-07-27T13:45:23","date_gmt":"2016-07-27T10:45:23","guid":{"rendered":"https:\/\/www.kirkonulkomaanapu.fi\/sv\/?page_id=76101"},"modified":"2016-07-27T13:45:23","modified_gmt":"2016-07-27T10:45:23","slug":"partner-och-samarbetsnatverk","status":"publish","type":"page","link":"https:\/\/www.kirkonulkomaanapu.fi\/sv\/om-oss\/historia\/annual-report-2015\/partner-och-samarbetsnatverk\/","title":{"rendered":"Partner och samarbetsn\u00e4tverk"},"content":{"rendered":"<p class=\"lead\">Kyrkans Utlandshj\u00e4lp f\u00f6rverkligar kyrkans diakonala grunduppgift i samarbete med internationella organisationer och n\u00e4tverk, lokala akt\u00f6rer i civilsamh\u00e4llena samt inhemska samarbetspartner.<\/p>\n<h2>Utl\u00e4ndska partner och n\u00e4tverk<\/h2>\n<p>Kyrkans Utlandshj\u00e4lp \u00e4r stiftande medlem i ACT-alliansen. ACT \u00e4r en sammanslutning av akt\u00f6rer inom kyrkligt utvecklingssamarbete, humanit\u00e4rt bist\u00e5nd och p\u00e5verkansarbete. Alliansen \u00e4r ocks\u00e5 en av v\u00e4rldens st\u00f6rsta bist\u00e5ndsorganisationer. Den best\u00e5r av drygt 140 akt\u00f6rer i \u00f6ver 100 l\u00e4nder, och anv\u00e4nder \u00e5rligen 1,5 miljarder euro till utvecklingssamarbete, humanit\u00e4rt bist\u00e5nd och p\u00e5verkan. ACT har en central roll i samordnandet av medlemsorganisationernas humanit\u00e4ra bist\u00e5nd.<\/p>\n<p>Kyrkans Utlandshj\u00e4lp \u00e4r dessutom medlem i ACT Alliance EU. ACT Alliance EU \u00e4r de europeiska kyrkliga bist\u00e5ndsorganisationernas n\u00e4tverk. Dess huvudm\u00e5ls\u00e4ttning \u00e4r att p\u00e5verka EU-institutionernas beslutandeprocesser betr\u00e4ffande utvecklingsl\u00e4nderna, genom vilka man kan fr\u00e4mja r\u00e4ttvisa och fred samt arbeta f\u00f6r att avl\u00e4gsna fattigdomen.<\/p>\n<p>Av v\u00e5ra samarbetspartner som f\u00f6rverkligar program \u00e4r Lutherska v\u00e4rldsf\u00f6rbundet (LWF) den st\u00f6rsta. I fjol st\u00f6dde vi LWF:s l\u00e5ngsiktiga utvecklingsprogram i \u00e5tta l\u00e4nder. LWF \u00e4r dessutom en viktig partner f\u00f6r Kyrkans Utlandshj\u00e4lp i det humanit\u00e4ra bist\u00e5ndet. Tillsammans med LWF g\u00f6r vi inom FN p\u00e5verkansarbete f\u00f6r m\u00e4nskliga r\u00e4ttigheter och dialog mellan religioner. Vi st\u00f6der \u00e4ven LWF:s medlemskyrkors katastrofberedskap och administrativa kapacitet i utvecklingsl\u00e4nderna.<\/p>\n<p>Vi \u00e4r en av Kyrkornas V\u00e4rldsr\u00e5ds specialiserade samarbetsorganisationer. Tillsammans st\u00f6der vi arbetet f\u00f6r fred, dialog mellan religioner samt m\u00e4nskliga r\u00e4ttigheter.<\/p>\n<p>Vi samarbetar med flera FN-organ, s\u00e4rskilt inom utbildning och fredsarbete. S\u00e5dana organ \u00e4r bland annat barnfonden UNICEF, utvecklingsprogrammet UNDP, F\u00f6renta nationernas flyktingkommissariat UNHCR samt st\u00f6denheten f\u00f6r fredsm\u00e4klingen, MSU, inom FN:s politiska avdelning. Kyrkans Utlandshj\u00e4lp \u00e4r ocks\u00e5 medlem i FN:s Global Education Cluster.<\/p>\n<p>Kyrkans Utlandshj\u00e4lp verkar som sekretariat f\u00f6r Fredsm\u00e4klingsn\u00e4tverket f\u00f6r religi\u00f6sa och traditionella ledare.<\/p>\n<p>Utlandshj\u00e4lpen har ett samarbetsavtal med Europeiska kommissionens kontor f\u00f6r humanit\u00e4rt bist\u00e5nd, ECHO. Vi \u00e4r ocks\u00e5 medlem i n\u00e4tverket f\u00f6r EU:s humanit\u00e4ra organisationer, VOICE.<\/p>\n<p>Kyrkans Utlandshj\u00e4lp har dessutom ett v\u00e4xande antal lokala bilaterala partner som f\u00f6rverkligar projekt vi st\u00f6der, antingen sj\u00e4lvst\u00e4ndigt eller tillsammans med oss. De \u00e4r kyrkor, kyrkliga eller andra religi\u00f6sa organisationer och det civila samh\u00e4llets akt\u00f6rer. De \u00e4r sakkunniga p\u00e5 sitt omr\u00e5de och bidrar starkt till att h\u00e5llbara resultat uppn\u00e5s.<\/p>\n<p>Vi har \u00e5tagit oss att arbeta f\u00f6r att de internationella Core Humanitarian Standards-principerna (CHS) till\u00e4mpas i v\u00e5r verksamhet. Standarden bygger p\u00e5 ett tillv\u00e4gag\u00e5ngss\u00e4tt som baseras p\u00e5 m\u00e4nskliga r\u00e4ttigheter, och den st\u00f6der kvalitet, ansvarsskyldighet samt att man st\u00e4rker och utvecklar effektiva arbetss\u00e4tt. Vi \u00e4r medlem i CHS Alliance.<\/p>\n<h2>Partner och n\u00e4tverk i Finland<\/h2>\n<p>Vi verkar i n\u00e4ra samarbete med stiften och f\u00f6rsamlingarna i Kyrkan samt insamlingen Gemensamt Ansvar. Utlandshj\u00e4lpen \u00e4r medlem i Ekumeniska R\u00e5det i Finland.<\/p>\n<p>Kyrkans Utlandshj\u00e4lp \u00e4r Utrikesministeriets partnerskapsorganisation.<\/p>\n<p>Vi \u00e4r medlem i Servicecentralen f\u00f6r utvecklingssamarbete Kepa, EU-plattformen f\u00f6r finl\u00e4ndska bist\u00e5ndsorganisationer Kehys, Utvecklingspolitiska kommissionen (KPT), Delegationen f\u00f6r internationella m\u00e4nniskor\u00e4tts\u00e4renden (IONK), Medborgarorganisationernas m\u00e4nniskor\u00e4ttsstiftelse (KIOS), N\u00e4tverket f\u00f6r bred s\u00e4kerhet (WISE), FinnWatch, Somalin\u00e4tverket I Finland samt F\u00f6reningen f\u00f6r fr\u00e4mjandet av r\u00e4ttvis handel.<\/p>\n<p>Vi \u00e4r ocks\u00e5 medlem i Fredagsgruppen som best\u00e5r av riksdagsledam\u00f6ter, f\u00f6retr\u00e4dare f\u00f6r medborgarorganisationer samt tj\u00e4nstem\u00e4n vid olika ministerier. Den verkar f\u00f6r att sociala och humanit\u00e4ra aspekter samt h\u00e4lsofr\u00e5gor ska f\u00e5 st\u00f6rre tyngd I nationell och europeisk utvecklingspolitik och i hur den implementeras.<\/p>\n<p>Utlandshj\u00e4lpen \u00e4r ocks\u00e5 en av N\u00e4sdagsinsamlingens partner.<\/p>\n<p>&nbsp;<\/p>\n","protected":false},"excerpt":{"rendered":"<p>Kyrkans Utlandshj\u00e4lp f\u00f6rverkligar kyrkans diakonala grunduppgift i samarbete med internationella organisationer och n\u00e4tverk, lokala akt\u00f6rer i civilsamh\u00e4llena samt inhemska samarbetspartner. Utl\u00e4ndska partner och n\u00e4tverk Kyrkans Utlandshj\u00e4lp \u00e4r stiftande medlem i ACT-alliansen. ACT \u00e4r en sammanslutning av akt\u00f6rer inom kyrkligt utvecklingssamarbete, humanit\u00e4rt bist\u00e5nd och p\u00e5verkansarbete. Alliansen \u00e4r ocks\u00e5 en av v\u00e4rldens st\u00f6rsta bist\u00e5ndsorganisationer. Den best\u00e5r av [&hellip;]<\/p>\n","protected":false},"author":61,"featured_media":76020,"parent":75672,"menu_order":0,"comment_status":"closed","ping_status":"closed","template":"page-templates\/vuosikertomus.php","meta":{"_acf_changed":false,"_relevanssi_hide_post":"","_relevanssi_hide_content":"","_relevanssi_pin_for_all":"","_relevanssi_pin_keywords":"","_relevanssi_unpin_keywords":"","_relevanssi_related_keywords":"","_relevanssi_related_include_ids":"","_relevanssi_related_exclude_ids":"","_relevanssi_related_no_append":"","_relevanssi_related_not_related":"","_relevanssi_related_posts":"","_relevanssi_noindex_reason":"","_improvement_type_select":"improve_an_existing","_thumb_yes_seoaic":false,"_frame_yes_seoaic":false,"seoaic_generate_description":"","seoaic_improve_instructions_prompt":"","seoaic_rollback_content_improvement":"","seoaic_idea_thumbnail_generator":"","thumbnail_generated":false,"thumbnail_generate_prompt":"","seoaic_article_description":"","footnotes":""},"class_list":["post-76101","page","type-page","status-publish","has-post-thumbnail","hentry"],"acf":[],"yoast_head":"<!-- This site is optimized with the Yoast SEO plugin v26.9 - https:\/\/yoast.com\/product\/yoast-seo-wordpress\/ -->\n<title>Partner och samarbetsn\u00e4tverk - Kyrkans Utlandshj\u00e4lp<\/title>\n<meta name=\"robots\" content=\"index, follow, max-snippet:-1, max-image-preview:large, max-video-preview:-1\" \/>\n<link rel=\"canonical\" href=\"https:\/\/www.kirkonulkomaanapu.fi\/sv\/om-oss\/historia\/annual-report-2015\/partner-och-samarbetsnatverk\/\" \/>\n<meta property=\"og:locale\" content=\"sv_SE\" \/>\n<meta property=\"og:type\" content=\"article\" \/>\n<meta property=\"og:title\" content=\"Partner och samarbetsn\u00e4tverk - Kyrkans Utlandshj\u00e4lp\" \/>\n<meta property=\"og:description\" content=\"Kyrkans Utlandshj\u00e4lp f\u00f6rverkligar kyrkans diakonala grunduppgift i samarbete med internationella organisationer och n\u00e4tverk, lokala akt\u00f6rer i civilsamh\u00e4llena samt inhemska samarbetspartner. Utl\u00e4ndska partner och n\u00e4tverk Kyrkans Utlandshj\u00e4lp \u00e4r stiftande medlem i ACT-alliansen. ACT \u00e4r en sammanslutning av akt\u00f6rer inom kyrkligt utvecklingssamarbete, humanit\u00e4rt bist\u00e5nd och p\u00e5verkansarbete. Alliansen \u00e4r ocks\u00e5 en av v\u00e4rldens st\u00f6rsta bist\u00e5ndsorganisationer. Den best\u00e5r av [&hellip;]\" \/>\n<meta property=\"og:url\" content=\"https:\/\/www.kirkonulkomaanapu.fi\/sv\/om-oss\/historia\/annual-report-2015\/partner-och-samarbetsnatverk\/\" \/>\n<meta property=\"og:site_name\" content=\"Kyrkans Utlandshj\u00e4lp\" \/>\n<meta property=\"article:publisher\" content=\"https:\/\/www.facebook.com\/Ulkomaanapu\/\" \/>\n<meta property=\"og:image\" content=\"https:\/\/www.kirkonulkomaanapu.fi\/wp-content\/uploads\/2016\/07\/Kumppanit-kuva_UCEP-hitsaaja-oppilaat_8795.jpg\" \/>\n\t<meta property=\"og:image:width\" content=\"1200\" \/>\n\t<meta property=\"og:image:height\" content=\"800\" \/>\n\t<meta property=\"og:image:type\" content=\"image\/jpeg\" \/>\n<meta name=\"twitter:label1\" content=\"Ber\u00e4knad l\u00e4stid\" \/>\n\t<meta name=\"twitter:data1\" content=\"3 minuter\" \/>\n<script type=\"application\/ld+json\" class=\"yoast-schema-graph\">{\"@context\":\"https:\/\/schema.org\",\"@graph\":[{\"@type\":\"WebPage\",\"@id\":\"https:\/\/www.kirkonulkomaanapu.fi\/sv\/om-oss\/historia\/annual-report-2015\/partner-och-samarbetsnatverk\/\",\"url\":\"https:\/\/www.kirkonulkomaanapu.fi\/sv\/om-oss\/historia\/annual-report-2015\/partner-och-samarbetsnatverk\/\",\"name\":\"Partner och samarbetsn\u00e4tverk - Kyrkans Utlandshj\u00e4lp\",\"isPartOf\":{\"@id\":\"https:\/\/www.kirkonulkomaanapu.fi\/#website\"},\"primaryImageOfPage\":{\"@id\":\"https:\/\/www.kirkonulkomaanapu.fi\/sv\/om-oss\/historia\/annual-report-2015\/partner-och-samarbetsnatverk\/#primaryimage\"},\"image\":{\"@id\":\"https:\/\/www.kirkonulkomaanapu.fi\/sv\/om-oss\/historia\/annual-report-2015\/partner-och-samarbetsnatverk\/#primaryimage\"},\"thumbnailUrl\":\"https:\/\/www.kirkonulkomaanapu.fi\/wp-content\/uploads\/2016\/07\/Kumppanit-kuva_UCEP-hitsaaja-oppilaat_8795.jpg\",\"datePublished\":\"2016-07-27T10:45:23+00:00\",\"breadcrumb\":{\"@id\":\"https:\/\/www.kirkonulkomaanapu.fi\/sv\/om-oss\/historia\/annual-report-2015\/partner-och-samarbetsnatverk\/#breadcrumb\"},\"inLanguage\":\"sv-SE\",\"potentialAction\":[{\"@type\":\"ReadAction\",\"target\":[\"https:\/\/www.kirkonulkomaanapu.fi\/sv\/om-oss\/historia\/annual-report-2015\/partner-och-samarbetsnatverk\/\"]}]},{\"@type\":\"ImageObject\",\"inLanguage\":\"sv-SE\",\"@id\":\"https:\/\/www.kirkonulkomaanapu.fi\/sv\/om-oss\/historia\/annual-report-2015\/partner-och-samarbetsnatverk\/#primaryimage\",\"url\":\"https:\/\/www.kirkonulkomaanapu.fi\/wp-content\/uploads\/2016\/07\/Kumppanit-kuva_UCEP-hitsaaja-oppilaat_8795.jpg\",\"contentUrl\":\"https:\/\/www.kirkonulkomaanapu.fi\/wp-content\/uploads\/2016\/07\/Kumppanit-kuva_UCEP-hitsaaja-oppilaat_8795.jpg\",\"width\":1200,\"height\":800,\"caption\":\"Nepalilaista naisenergiaa! Pabitra Rai, Rita Balampaki ja Rubina Sunuwar ovat valmistuneet metallity\u009antekij\u009aiksi Ulkomaanavun tukemasta ammattikoulusta.\"},{\"@type\":\"BreadcrumbList\",\"@id\":\"https:\/\/www.kirkonulkomaanapu.fi\/sv\/om-oss\/historia\/annual-report-2015\/partner-och-samarbetsnatverk\/#breadcrumb\",\"itemListElement\":[{\"@type\":\"ListItem\",\"position\":1,\"name\":\"Home\",\"item\":\"https:\/\/www.kirkonulkomaanapu.fi\/sv\/\"},{\"@type\":\"ListItem\",\"position\":2,\"name\":\"Om oss\",\"item\":\"https:\/\/www.kirkonulkomaanapu.fi\/sv\/om-oss\/\"},{\"@type\":\"ListItem\",\"position\":3,\"name\":\"Historia\",\"item\":\"https:\/\/www.kirkonulkomaanapu.fi\/sv\/om-oss\/historia\/\"},{\"@type\":\"ListItem\",\"position\":4,\"name\":\"\u00c5rs\u00f6versikt 2015\",\"item\":\"https:\/\/www.kirkonulkomaanapu.fi\/sv\/om-oss\/historia\/annual-report-2015\/\"},{\"@type\":\"ListItem\",\"position\":5,\"name\":\"Partner och samarbetsn\u00e4tverk\"}]},{\"@type\":\"WebSite\",\"@id\":\"https:\/\/www.kirkonulkomaanapu.fi\/#website\",\"url\":\"https:\/\/www.kirkonulkomaanapu.fi\/\",\"name\":\"Kirkon Ulkomaanapu\",\"description\":\"Suomen suurin kehitysyhteisty\u00f6j\u00e4rjest\u00f6\",\"publisher\":{\"@id\":\"https:\/\/www.kirkonulkomaanapu.fi\/#organization\"},\"alternateName\":\"KUA\",\"potentialAction\":[{\"@type\":\"SearchAction\",\"target\":{\"@type\":\"EntryPoint\",\"urlTemplate\":\"https:\/\/www.kirkonulkomaanapu.fi\/?s={search_term_string}\"},\"query-input\":{\"@type\":\"PropertyValueSpecification\",\"valueRequired\":true,\"valueName\":\"search_term_string\"}}],\"inLanguage\":\"sv-SE\"},{\"@type\":\"Organization\",\"@id\":\"https:\/\/www.kirkonulkomaanapu.fi\/#organization\",\"name\":\"Kirkon Ulkomaanapu\",\"alternateName\":\"KUA\",\"url\":\"https:\/\/www.kirkonulkomaanapu.fi\/\",\"logo\":{\"@type\":\"ImageObject\",\"inLanguage\":\"sv-SE\",\"@id\":\"https:\/\/www.kirkonulkomaanapu.fi\/#\/schema\/logo\/image\/\",\"url\":\"https:\/\/www.kirkonulkomaanapu.fi\/wp-content\/uploads\/2026\/02\/Kirkon-ulkomaanapu-logo-1.png\",\"contentUrl\":\"https:\/\/www.kirkonulkomaanapu.fi\/wp-content\/uploads\/2026\/02\/Kirkon-ulkomaanapu-logo-1.png\",\"width\":225,\"height\":225,\"caption\":\"Kirkon Ulkomaanapu\"},\"image\":{\"@id\":\"https:\/\/www.kirkonulkomaanapu.fi\/#\/schema\/logo\/image\/\"},\"sameAs\":[\"https:\/\/www.facebook.com\/Ulkomaanapu\/\",\"https:\/\/www.youtube.com\/user\/kirkonulkomaanapu\",\"https:\/\/instagram.com\/kirkon_ulkomaanapu\/\",\"https:\/\/www.linkedin.com\/company\/finn-church-aid\/\"]}]}<\/script>\n<!-- \/ Yoast SEO plugin. -->","yoast_head_json":{"title":"Partner och samarbetsn\u00e4tverk - Kyrkans Utlandshj\u00e4lp","robots":{"index":"index","follow":"follow","max-snippet":"max-snippet:-1","max-image-preview":"max-image-preview:large","max-video-preview":"max-video-preview:-1"},"canonical":"https:\/\/www.kirkonulkomaanapu.fi\/sv\/om-oss\/historia\/annual-report-2015\/partner-och-samarbetsnatverk\/","og_locale":"sv_SE","og_type":"article","og_title":"Partner och samarbetsn\u00e4tverk - Kyrkans Utlandshj\u00e4lp","og_description":"Kyrkans Utlandshj\u00e4lp f\u00f6rverkligar kyrkans diakonala grunduppgift i samarbete med internationella organisationer och n\u00e4tverk, lokala akt\u00f6rer i civilsamh\u00e4llena samt inhemska samarbetspartner. Utl\u00e4ndska partner och n\u00e4tverk Kyrkans Utlandshj\u00e4lp \u00e4r stiftande medlem i ACT-alliansen. ACT \u00e4r en sammanslutning av akt\u00f6rer inom kyrkligt utvecklingssamarbete, humanit\u00e4rt bist\u00e5nd och p\u00e5verkansarbete. Alliansen \u00e4r ocks\u00e5 en av v\u00e4rldens st\u00f6rsta bist\u00e5ndsorganisationer. Den best\u00e5r av [&hellip;]","og_url":"https:\/\/www.kirkonulkomaanapu.fi\/sv\/om-oss\/historia\/annual-report-2015\/partner-och-samarbetsnatverk\/","og_site_name":"Kyrkans Utlandshj\u00e4lp","article_publisher":"https:\/\/www.facebook.com\/Ulkomaanapu\/","og_image":[{"width":1200,"height":800,"url":"https:\/\/www.kirkonulkomaanapu.fi\/wp-content\/uploads\/2016\/07\/Kumppanit-kuva_UCEP-hitsaaja-oppilaat_8795.jpg","type":"image\/jpeg"}],"twitter_misc":{"Ber\u00e4knad l\u00e4stid":"3 minuter"},"schema":{"@context":"https:\/\/schema.org","@graph":[{"@type":"WebPage","@id":"https:\/\/www.kirkonulkomaanapu.fi\/sv\/om-oss\/historia\/annual-report-2015\/partner-och-samarbetsnatverk\/","url":"https:\/\/www.kirkonulkomaanapu.fi\/sv\/om-oss\/historia\/annual-report-2015\/partner-och-samarbetsnatverk\/","name":"Partner och samarbetsn\u00e4tverk - Kyrkans Utlandshj\u00e4lp","isPartOf":{"@id":"https:\/\/www.kirkonulkomaanapu.fi\/#website"},"primaryImageOfPage":{"@id":"https:\/\/www.kirkonulkomaanapu.fi\/sv\/om-oss\/historia\/annual-report-2015\/partner-och-samarbetsnatverk\/#primaryimage"},"image":{"@id":"https:\/\/www.kirkonulkomaanapu.fi\/sv\/om-oss\/historia\/annual-report-2015\/partner-och-samarbetsnatverk\/#primaryimage"},"thumbnailUrl":"https:\/\/www.kirkonulkomaanapu.fi\/wp-content\/uploads\/2016\/07\/Kumppanit-kuva_UCEP-hitsaaja-oppilaat_8795.jpg","datePublished":"2016-07-27T10:45:23+00:00","breadcrumb":{"@id":"https:\/\/www.kirkonulkomaanapu.fi\/sv\/om-oss\/historia\/annual-report-2015\/partner-och-samarbetsnatverk\/#breadcrumb"},"inLanguage":"sv-SE","potentialAction":[{"@type":"ReadAction","target":["https:\/\/www.kirkonulkomaanapu.fi\/sv\/om-oss\/historia\/annual-report-2015\/partner-och-samarbetsnatverk\/"]}]},{"@type":"ImageObject","inLanguage":"sv-SE","@id":"https:\/\/www.kirkonulkomaanapu.fi\/sv\/om-oss\/historia\/annual-report-2015\/partner-och-samarbetsnatverk\/#primaryimage","url":"https:\/\/www.kirkonulkomaanapu.fi\/wp-content\/uploads\/2016\/07\/Kumppanit-kuva_UCEP-hitsaaja-oppilaat_8795.jpg","contentUrl":"https:\/\/www.kirkonulkomaanapu.fi\/wp-content\/uploads\/2016\/07\/Kumppanit-kuva_UCEP-hitsaaja-oppilaat_8795.jpg","width":1200,"height":800,"caption":"Nepalilaista naisenergiaa! Pabitra Rai, Rita Balampaki ja Rubina Sunuwar ovat valmistuneet metallity\u009antekij\u009aiksi Ulkomaanavun tukemasta ammattikoulusta."},{"@type":"BreadcrumbList","@id":"https:\/\/www.kirkonulkomaanapu.fi\/sv\/om-oss\/historia\/annual-report-2015\/partner-och-samarbetsnatverk\/#breadcrumb","itemListElement":[{"@type":"ListItem","position":1,"name":"Home","item":"https:\/\/www.kirkonulkomaanapu.fi\/sv\/"},{"@type":"ListItem","position":2,"name":"Om oss","item":"https:\/\/www.kirkonulkomaanapu.fi\/sv\/om-oss\/"},{"@type":"ListItem","position":3,"name":"Historia","item":"https:\/\/www.kirkonulkomaanapu.fi\/sv\/om-oss\/historia\/"},{"@type":"ListItem","position":4,"name":"\u00c5rs\u00f6versikt 2015","item":"https:\/\/www.kirkonulkomaanapu.fi\/sv\/om-oss\/historia\/annual-report-2015\/"},{"@type":"ListItem","position":5,"name":"Partner och samarbetsn\u00e4tverk"}]},{"@type":"WebSite","@id":"https:\/\/www.kirkonulkomaanapu.fi\/#website","url":"https:\/\/www.kirkonulkomaanapu.fi\/","name":"Kirkon Ulkomaanapu","description":"Suomen suurin kehitysyhteisty\u00f6j\u00e4rjest\u00f6","publisher":{"@id":"https:\/\/www.kirkonulkomaanapu.fi\/#organization"},"alternateName":"KUA","potentialAction":[{"@type":"SearchAction","target":{"@type":"EntryPoint","urlTemplate":"https:\/\/www.kirkonulkomaanapu.fi\/?s={search_term_string}"},"query-input":{"@type":"PropertyValueSpecification","valueRequired":true,"valueName":"search_term_string"}}],"inLanguage":"sv-SE"},{"@type":"Organization","@id":"https:\/\/www.kirkonulkomaanapu.fi\/#organization","name":"Kirkon Ulkomaanapu","alternateName":"KUA","url":"https:\/\/www.kirkonulkomaanapu.fi\/","logo":{"@type":"ImageObject","inLanguage":"sv-SE","@id":"https:\/\/www.kirkonulkomaanapu.fi\/#\/schema\/logo\/image\/","url":"https:\/\/www.kirkonulkomaanapu.fi\/wp-content\/uploads\/2026\/02\/Kirkon-ulkomaanapu-logo-1.png","contentUrl":"https:\/\/www.kirkonulkomaanapu.fi\/wp-content\/uploads\/2026\/02\/Kirkon-ulkomaanapu-logo-1.png","width":225,"height":225,"caption":"Kirkon Ulkomaanapu"},"image":{"@id":"https:\/\/www.kirkonulkomaanapu.fi\/#\/schema\/logo\/image\/"},"sameAs":["https:\/\/www.facebook.com\/Ulkomaanapu\/","https:\/\/www.youtube.com\/user\/kirkonulkomaanapu","https:\/\/instagram.com\/kirkon_ulkomaanapu\/","https:\/\/www.linkedin.com\/company\/finn-church-aid\/"]}]}},"_links":{"self":[{"href":"https:\/\/www.kirkonulkomaanapu.fi\/sv\/wp-json\/wp\/v2\/pages\/76101","targetHints":{"allow":["GET"]}}],"collection":[{"href":"https:\/\/www.kirkonulkomaanapu.fi\/sv\/wp-json\/wp\/v2\/pages"}],"about":[{"href":"https:\/\/www.kirkonulkomaanapu.fi\/sv\/wp-json\/wp\/v2\/types\/page"}],"author":[{"embeddable":true,"href":"https:\/\/www.kirkonulkomaanapu.fi\/sv\/wp-json\/wp\/v2\/users\/61"}],"replies":[{"embeddable":true,"href":"https:\/\/www.kirkonulkomaanapu.fi\/sv\/wp-json\/wp\/v2\/comments?post=76101"}],"version-history":[{"count":2,"href":"https:\/\/www.kirkonulkomaanapu.fi\/sv\/wp-json\/wp\/v2\/pages\/76101\/revisions"}],"predecessor-version":[{"id":76103,"href":"https:\/\/www.kirkonulkomaanapu.fi\/sv\/wp-json\/wp\/v2\/pages\/76101\/revisions\/76103"}],"up":[{"embeddable":true,"href":"https:\/\/www.kirkonulkomaanapu.fi\/sv\/wp-json\/wp\/v2\/pages\/75672"}],"wp:featuredmedia":[{"embeddable":true,"href":"https:\/\/www.kirkonulkomaanapu.fi\/sv\/wp-json\/wp\/v2\/media\/76020"}],"wp:attachment":[{"href":"https:\/\/www.kirkonulkomaanapu.fi\/sv\/wp-json\/wp\/v2\/media?parent=76101"}],"curies":[{"name":"wp","href":"https:\/\/api.w.org\/{rel}","templated":true}]}}