{"id":76094,"date":"2016-07-27T13:46:49","date_gmt":"2016-07-27T10:46:49","guid":{"rendered":"https:\/\/www.kirkonulkomaanapu.fi\/sv\/?page_id=76094"},"modified":"2016-07-27T13:46:49","modified_gmt":"2016-07-27T10:46:49","slug":"eappi-erbjod-skyddande-narvaro","status":"publish","type":"page","link":"https:\/\/www.kirkonulkomaanapu.fi\/sv\/om-oss\/historia\/annual-report-2015\/eappi-erbjod-skyddande-narvaro\/","title":{"rendered":"EAPPI erbj\u00f6d skyddande n\u00e4rvaro"},"content":{"rendered":"<p>EAPPI (Ecumenical Accompaniment Programme in Palestine and Israel) \u00e4r ett internationellt program som i Finland koordineras av Kyrkans Utlandshj\u00e4lp och internationellt av Kyrkornas v\u00e4rldsr\u00e5d. \u00c5r 2015 fyllde EAPPI tio \u00e5r och s\u00e4nde 13 frivilliga observat\u00f6rer till V\u00e4stbanken f\u00f6r att f\u00f6lja m\u00e4nniskor\u00e4ttsl\u00e4get.<\/p>\n<p>Observat\u00f6rerna utg\u00f6r med sin n\u00e4rvaro ett skydd f\u00f6r lokalbefolkningen. De f\u00f6ljer med m\u00e4nniskor\u00e4ttsl\u00e4get p\u00e5 omr\u00e5det och rapporterar in eventuella kr\u00e4nkningar mot de m\u00e4nskliga r\u00e4ttigheterna. Dessutom g\u00f6r de p\u00e5verkansarbete f\u00f6r att f\u00e5 till st\u00e5nd en r\u00e4ttvis l\u00f6sning som grundar sig p\u00e5 folkr\u00e4tten \u2013 b\u00e5de f\u00f6r palestinierna och israelerna. I fjol f\u00f6ljde de 3 800 barn och 300 l\u00e4rare i p\u00e5 deras v\u00e4g till 26 skolor p\u00e5 olika h\u00e5ll p\u00e5 V\u00e4stbanken.<\/p>\n<p>I Finland ber\u00e4ttade EAPPI-volont\u00e4rerna om sina upplevelser och arrangerade fotoutst\u00e4llningar, filmf\u00f6revisningar och andra evenemang med totalt flera tusen deltagare.<\/p>\n","protected":false},"excerpt":{"rendered":"<p>EAPPI (Ecumenical Accompaniment Programme in Palestine and Israel) \u00e4r ett internationellt program som i Finland koordineras av Kyrkans Utlandshj\u00e4lp och internationellt av Kyrkornas v\u00e4rldsr\u00e5d. \u00c5r 2015 fyllde EAPPI tio \u00e5r och s\u00e4nde 13 frivilliga observat\u00f6rer till V\u00e4stbanken f\u00f6r att f\u00f6lja m\u00e4nniskor\u00e4ttsl\u00e4get. Observat\u00f6rerna utg\u00f6r med sin n\u00e4rvaro ett skydd f\u00f6r lokalbefolkningen. De f\u00f6ljer med m\u00e4nniskor\u00e4ttsl\u00e4get p\u00e5 [&hellip;]<\/p>\n","protected":false},"author":61,"featured_media":76002,"parent":75672,"menu_order":0,"comment_status":"closed","ping_status":"closed","template":"page-templates\/vuosikertomus.php","meta":{"_acf_changed":false,"_relevanssi_hide_post":"","_relevanssi_hide_content":"","_relevanssi_pin_for_all":"","_relevanssi_pin_keywords":"","_relevanssi_unpin_keywords":"","_relevanssi_related_keywords":"","_relevanssi_related_include_ids":"","_relevanssi_related_exclude_ids":"","_relevanssi_related_no_append":"","_relevanssi_related_not_related":"","_relevanssi_related_posts":"","_relevanssi_noindex_reason":"","_improvement_type_select":"improve_an_existing","_thumb_yes_seoaic":false,"_frame_yes_seoaic":false,"seoaic_generate_description":"","seoaic_improve_instructions_prompt":"","seoaic_rollback_content_improvement":"","seoaic_idea_thumbnail_generator":"","thumbnail_generated":false,"thumbnail_generate_prompt":"","seoaic_article_description":"","footnotes":""},"class_list":["post-76094","page","type-page","status-publish","has-post-thumbnail","hentry"],"acf":[],"yoast_head":"<!-- This site is optimized with the Yoast SEO plugin v26.9 - https:\/\/yoast.com\/product\/yoast-seo-wordpress\/ -->\n<title>EAPPI erbj\u00f6d skyddande n\u00e4rvaro - Kyrkans Utlandshj\u00e4lp<\/title>\n<meta name=\"robots\" content=\"index, follow, max-snippet:-1, max-image-preview:large, max-video-preview:-1\" \/>\n<link rel=\"canonical\" href=\"https:\/\/www.kirkonulkomaanapu.fi\/sv\/om-oss\/historia\/annual-report-2015\/eappi-erbjod-skyddande-narvaro\/\" \/>\n<meta property=\"og:locale\" content=\"sv_SE\" \/>\n<meta property=\"og:type\" content=\"article\" \/>\n<meta property=\"og:title\" content=\"EAPPI erbj\u00f6d skyddande n\u00e4rvaro - Kyrkans Utlandshj\u00e4lp\" \/>\n<meta property=\"og:description\" content=\"EAPPI (Ecumenical Accompaniment Programme in Palestine and Israel) \u00e4r ett internationellt program som i Finland koordineras av Kyrkans Utlandshj\u00e4lp och internationellt av Kyrkornas v\u00e4rldsr\u00e5d. \u00c5r 2015 fyllde EAPPI tio \u00e5r och s\u00e4nde 13 frivilliga observat\u00f6rer till V\u00e4stbanken f\u00f6r att f\u00f6lja m\u00e4nniskor\u00e4ttsl\u00e4get. Observat\u00f6rerna utg\u00f6r med sin n\u00e4rvaro ett skydd f\u00f6r lokalbefolkningen. De f\u00f6ljer med m\u00e4nniskor\u00e4ttsl\u00e4get p\u00e5 [&hellip;]\" \/>\n<meta property=\"og:url\" content=\"https:\/\/www.kirkonulkomaanapu.fi\/sv\/om-oss\/historia\/annual-report-2015\/eappi-erbjod-skyddande-narvaro\/\" \/>\n<meta property=\"og:site_name\" content=\"Kyrkans Utlandshj\u00e4lp\" \/>\n<meta property=\"article:publisher\" content=\"https:\/\/www.facebook.com\/Ulkomaanapu\/\" \/>\n<meta property=\"og:image\" content=\"https:\/\/www.kirkonulkomaanapu.fi\/wp-content\/uploads\/2016\/07\/EAPPI_WEB_Suvi-koululla_kuva-Kaisa-Honkala.jpg\" \/>\n\t<meta property=\"og:image:width\" content=\"1200\" \/>\n\t<meta property=\"og:image:height\" content=\"1149\" \/>\n\t<meta property=\"og:image:type\" content=\"image\/jpeg\" \/>\n<meta name=\"twitter:label1\" content=\"Ber\u00e4knad l\u00e4stid\" \/>\n\t<meta name=\"twitter:data1\" content=\"1 minut\" \/>\n<script type=\"application\/ld+json\" class=\"yoast-schema-graph\">{\"@context\":\"https:\/\/schema.org\",\"@graph\":[{\"@type\":\"WebPage\",\"@id\":\"https:\/\/www.kirkonulkomaanapu.fi\/sv\/om-oss\/historia\/annual-report-2015\/eappi-erbjod-skyddande-narvaro\/\",\"url\":\"https:\/\/www.kirkonulkomaanapu.fi\/sv\/om-oss\/historia\/annual-report-2015\/eappi-erbjod-skyddande-narvaro\/\",\"name\":\"EAPPI erbj\u00f6d skyddande n\u00e4rvaro - Kyrkans Utlandshj\u00e4lp\",\"isPartOf\":{\"@id\":\"https:\/\/www.kirkonulkomaanapu.fi\/#website\"},\"primaryImageOfPage\":{\"@id\":\"https:\/\/www.kirkonulkomaanapu.fi\/sv\/om-oss\/historia\/annual-report-2015\/eappi-erbjod-skyddande-narvaro\/#primaryimage\"},\"image\":{\"@id\":\"https:\/\/www.kirkonulkomaanapu.fi\/sv\/om-oss\/historia\/annual-report-2015\/eappi-erbjod-skyddande-narvaro\/#primaryimage\"},\"thumbnailUrl\":\"https:\/\/www.kirkonulkomaanapu.fi\/wp-content\/uploads\/2016\/07\/EAPPI_WEB_Suvi-koululla_kuva-Kaisa-Honkala.jpg\",\"datePublished\":\"2016-07-27T10:46:49+00:00\",\"breadcrumb\":{\"@id\":\"https:\/\/www.kirkonulkomaanapu.fi\/sv\/om-oss\/historia\/annual-report-2015\/eappi-erbjod-skyddande-narvaro\/#breadcrumb\"},\"inLanguage\":\"sv-SE\",\"potentialAction\":[{\"@type\":\"ReadAction\",\"target\":[\"https:\/\/www.kirkonulkomaanapu.fi\/sv\/om-oss\/historia\/annual-report-2015\/eappi-erbjod-skyddande-narvaro\/\"]}]},{\"@type\":\"ImageObject\",\"inLanguage\":\"sv-SE\",\"@id\":\"https:\/\/www.kirkonulkomaanapu.fi\/sv\/om-oss\/historia\/annual-report-2015\/eappi-erbjod-skyddande-narvaro\/#primaryimage\",\"url\":\"https:\/\/www.kirkonulkomaanapu.fi\/wp-content\/uploads\/2016\/07\/EAPPI_WEB_Suvi-koululla_kuva-Kaisa-Honkala.jpg\",\"contentUrl\":\"https:\/\/www.kirkonulkomaanapu.fi\/wp-content\/uploads\/2016\/07\/EAPPI_WEB_Suvi-koululla_kuva-Kaisa-Honkala.jpg\",\"width\":1200,\"height\":1149},{\"@type\":\"BreadcrumbList\",\"@id\":\"https:\/\/www.kirkonulkomaanapu.fi\/sv\/om-oss\/historia\/annual-report-2015\/eappi-erbjod-skyddande-narvaro\/#breadcrumb\",\"itemListElement\":[{\"@type\":\"ListItem\",\"position\":1,\"name\":\"Home\",\"item\":\"https:\/\/www.kirkonulkomaanapu.fi\/sv\/\"},{\"@type\":\"ListItem\",\"position\":2,\"name\":\"Om oss\",\"item\":\"https:\/\/www.kirkonulkomaanapu.fi\/sv\/om-oss\/\"},{\"@type\":\"ListItem\",\"position\":3,\"name\":\"Historia\",\"item\":\"https:\/\/www.kirkonulkomaanapu.fi\/sv\/om-oss\/historia\/\"},{\"@type\":\"ListItem\",\"position\":4,\"name\":\"\u00c5rs\u00f6versikt 2015\",\"item\":\"https:\/\/www.kirkonulkomaanapu.fi\/sv\/om-oss\/historia\/annual-report-2015\/\"},{\"@type\":\"ListItem\",\"position\":5,\"name\":\"EAPPI erbj\u00f6d skyddande n\u00e4rvaro\"}]},{\"@type\":\"WebSite\",\"@id\":\"https:\/\/www.kirkonulkomaanapu.fi\/#website\",\"url\":\"https:\/\/www.kirkonulkomaanapu.fi\/\",\"name\":\"Kirkon Ulkomaanapu\",\"description\":\"Suomen suurin kehitysyhteisty\u00f6j\u00e4rjest\u00f6\",\"publisher\":{\"@id\":\"https:\/\/www.kirkonulkomaanapu.fi\/#organization\"},\"alternateName\":\"KUA\",\"potentialAction\":[{\"@type\":\"SearchAction\",\"target\":{\"@type\":\"EntryPoint\",\"urlTemplate\":\"https:\/\/www.kirkonulkomaanapu.fi\/?s={search_term_string}\"},\"query-input\":{\"@type\":\"PropertyValueSpecification\",\"valueRequired\":true,\"valueName\":\"search_term_string\"}}],\"inLanguage\":\"sv-SE\"},{\"@type\":\"Organization\",\"@id\":\"https:\/\/www.kirkonulkomaanapu.fi\/#organization\",\"name\":\"Kirkon Ulkomaanapu\",\"alternateName\":\"KUA\",\"url\":\"https:\/\/www.kirkonulkomaanapu.fi\/\",\"logo\":{\"@type\":\"ImageObject\",\"inLanguage\":\"sv-SE\",\"@id\":\"https:\/\/www.kirkonulkomaanapu.fi\/#\/schema\/logo\/image\/\",\"url\":\"https:\/\/www.kirkonulkomaanapu.fi\/wp-content\/uploads\/2026\/02\/Kirkon-ulkomaanapu-logo-1.png\",\"contentUrl\":\"https:\/\/www.kirkonulkomaanapu.fi\/wp-content\/uploads\/2026\/02\/Kirkon-ulkomaanapu-logo-1.png\",\"width\":225,\"height\":225,\"caption\":\"Kirkon Ulkomaanapu\"},\"image\":{\"@id\":\"https:\/\/www.kirkonulkomaanapu.fi\/#\/schema\/logo\/image\/\"},\"sameAs\":[\"https:\/\/www.facebook.com\/Ulkomaanapu\/\",\"https:\/\/www.youtube.com\/user\/kirkonulkomaanapu\",\"https:\/\/instagram.com\/kirkon_ulkomaanapu\/\",\"https:\/\/www.linkedin.com\/company\/finn-church-aid\/\"]}]}<\/script>\n<!-- \/ Yoast SEO plugin. -->","yoast_head_json":{"title":"EAPPI erbj\u00f6d skyddande n\u00e4rvaro - Kyrkans Utlandshj\u00e4lp","robots":{"index":"index","follow":"follow","max-snippet":"max-snippet:-1","max-image-preview":"max-image-preview:large","max-video-preview":"max-video-preview:-1"},"canonical":"https:\/\/www.kirkonulkomaanapu.fi\/sv\/om-oss\/historia\/annual-report-2015\/eappi-erbjod-skyddande-narvaro\/","og_locale":"sv_SE","og_type":"article","og_title":"EAPPI erbj\u00f6d skyddande n\u00e4rvaro - Kyrkans Utlandshj\u00e4lp","og_description":"EAPPI (Ecumenical Accompaniment Programme in Palestine and Israel) \u00e4r ett internationellt program som i Finland koordineras av Kyrkans Utlandshj\u00e4lp och internationellt av Kyrkornas v\u00e4rldsr\u00e5d. \u00c5r 2015 fyllde EAPPI tio \u00e5r och s\u00e4nde 13 frivilliga observat\u00f6rer till V\u00e4stbanken f\u00f6r att f\u00f6lja m\u00e4nniskor\u00e4ttsl\u00e4get. Observat\u00f6rerna utg\u00f6r med sin n\u00e4rvaro ett skydd f\u00f6r lokalbefolkningen. De f\u00f6ljer med m\u00e4nniskor\u00e4ttsl\u00e4get p\u00e5 [&hellip;]","og_url":"https:\/\/www.kirkonulkomaanapu.fi\/sv\/om-oss\/historia\/annual-report-2015\/eappi-erbjod-skyddande-narvaro\/","og_site_name":"Kyrkans Utlandshj\u00e4lp","article_publisher":"https:\/\/www.facebook.com\/Ulkomaanapu\/","og_image":[{"width":1200,"height":1149,"url":"https:\/\/www.kirkonulkomaanapu.fi\/wp-content\/uploads\/2016\/07\/EAPPI_WEB_Suvi-koululla_kuva-Kaisa-Honkala.jpg","type":"image\/jpeg"}],"twitter_misc":{"Ber\u00e4knad l\u00e4stid":"1 minut"},"schema":{"@context":"https:\/\/schema.org","@graph":[{"@type":"WebPage","@id":"https:\/\/www.kirkonulkomaanapu.fi\/sv\/om-oss\/historia\/annual-report-2015\/eappi-erbjod-skyddande-narvaro\/","url":"https:\/\/www.kirkonulkomaanapu.fi\/sv\/om-oss\/historia\/annual-report-2015\/eappi-erbjod-skyddande-narvaro\/","name":"EAPPI erbj\u00f6d skyddande n\u00e4rvaro - Kyrkans Utlandshj\u00e4lp","isPartOf":{"@id":"https:\/\/www.kirkonulkomaanapu.fi\/#website"},"primaryImageOfPage":{"@id":"https:\/\/www.kirkonulkomaanapu.fi\/sv\/om-oss\/historia\/annual-report-2015\/eappi-erbjod-skyddande-narvaro\/#primaryimage"},"image":{"@id":"https:\/\/www.kirkonulkomaanapu.fi\/sv\/om-oss\/historia\/annual-report-2015\/eappi-erbjod-skyddande-narvaro\/#primaryimage"},"thumbnailUrl":"https:\/\/www.kirkonulkomaanapu.fi\/wp-content\/uploads\/2016\/07\/EAPPI_WEB_Suvi-koululla_kuva-Kaisa-Honkala.jpg","datePublished":"2016-07-27T10:46:49+00:00","breadcrumb":{"@id":"https:\/\/www.kirkonulkomaanapu.fi\/sv\/om-oss\/historia\/annual-report-2015\/eappi-erbjod-skyddande-narvaro\/#breadcrumb"},"inLanguage":"sv-SE","potentialAction":[{"@type":"ReadAction","target":["https:\/\/www.kirkonulkomaanapu.fi\/sv\/om-oss\/historia\/annual-report-2015\/eappi-erbjod-skyddande-narvaro\/"]}]},{"@type":"ImageObject","inLanguage":"sv-SE","@id":"https:\/\/www.kirkonulkomaanapu.fi\/sv\/om-oss\/historia\/annual-report-2015\/eappi-erbjod-skyddande-narvaro\/#primaryimage","url":"https:\/\/www.kirkonulkomaanapu.fi\/wp-content\/uploads\/2016\/07\/EAPPI_WEB_Suvi-koululla_kuva-Kaisa-Honkala.jpg","contentUrl":"https:\/\/www.kirkonulkomaanapu.fi\/wp-content\/uploads\/2016\/07\/EAPPI_WEB_Suvi-koululla_kuva-Kaisa-Honkala.jpg","width":1200,"height":1149},{"@type":"BreadcrumbList","@id":"https:\/\/www.kirkonulkomaanapu.fi\/sv\/om-oss\/historia\/annual-report-2015\/eappi-erbjod-skyddande-narvaro\/#breadcrumb","itemListElement":[{"@type":"ListItem","position":1,"name":"Home","item":"https:\/\/www.kirkonulkomaanapu.fi\/sv\/"},{"@type":"ListItem","position":2,"name":"Om oss","item":"https:\/\/www.kirkonulkomaanapu.fi\/sv\/om-oss\/"},{"@type":"ListItem","position":3,"name":"Historia","item":"https:\/\/www.kirkonulkomaanapu.fi\/sv\/om-oss\/historia\/"},{"@type":"ListItem","position":4,"name":"\u00c5rs\u00f6versikt 2015","item":"https:\/\/www.kirkonulkomaanapu.fi\/sv\/om-oss\/historia\/annual-report-2015\/"},{"@type":"ListItem","position":5,"name":"EAPPI erbj\u00f6d skyddande n\u00e4rvaro"}]},{"@type":"WebSite","@id":"https:\/\/www.kirkonulkomaanapu.fi\/#website","url":"https:\/\/www.kirkonulkomaanapu.fi\/","name":"Kirkon Ulkomaanapu","description":"Suomen suurin kehitysyhteisty\u00f6j\u00e4rjest\u00f6","publisher":{"@id":"https:\/\/www.kirkonulkomaanapu.fi\/#organization"},"alternateName":"KUA","potentialAction":[{"@type":"SearchAction","target":{"@type":"EntryPoint","urlTemplate":"https:\/\/www.kirkonulkomaanapu.fi\/?s={search_term_string}"},"query-input":{"@type":"PropertyValueSpecification","valueRequired":true,"valueName":"search_term_string"}}],"inLanguage":"sv-SE"},{"@type":"Organization","@id":"https:\/\/www.kirkonulkomaanapu.fi\/#organization","name":"Kirkon Ulkomaanapu","alternateName":"KUA","url":"https:\/\/www.kirkonulkomaanapu.fi\/","logo":{"@type":"ImageObject","inLanguage":"sv-SE","@id":"https:\/\/www.kirkonulkomaanapu.fi\/#\/schema\/logo\/image\/","url":"https:\/\/www.kirkonulkomaanapu.fi\/wp-content\/uploads\/2026\/02\/Kirkon-ulkomaanapu-logo-1.png","contentUrl":"https:\/\/www.kirkonulkomaanapu.fi\/wp-content\/uploads\/2026\/02\/Kirkon-ulkomaanapu-logo-1.png","width":225,"height":225,"caption":"Kirkon Ulkomaanapu"},"image":{"@id":"https:\/\/www.kirkonulkomaanapu.fi\/#\/schema\/logo\/image\/"},"sameAs":["https:\/\/www.facebook.com\/Ulkomaanapu\/","https:\/\/www.youtube.com\/user\/kirkonulkomaanapu","https:\/\/instagram.com\/kirkon_ulkomaanapu\/","https:\/\/www.linkedin.com\/company\/finn-church-aid\/"]}]}},"_links":{"self":[{"href":"https:\/\/www.kirkonulkomaanapu.fi\/sv\/wp-json\/wp\/v2\/pages\/76094","targetHints":{"allow":["GET"]}}],"collection":[{"href":"https:\/\/www.kirkonulkomaanapu.fi\/sv\/wp-json\/wp\/v2\/pages"}],"about":[{"href":"https:\/\/www.kirkonulkomaanapu.fi\/sv\/wp-json\/wp\/v2\/types\/page"}],"author":[{"embeddable":true,"href":"https:\/\/www.kirkonulkomaanapu.fi\/sv\/wp-json\/wp\/v2\/users\/61"}],"replies":[{"embeddable":true,"href":"https:\/\/www.kirkonulkomaanapu.fi\/sv\/wp-json\/wp\/v2\/comments?post=76094"}],"version-history":[{"count":1,"href":"https:\/\/www.kirkonulkomaanapu.fi\/sv\/wp-json\/wp\/v2\/pages\/76094\/revisions"}],"predecessor-version":[{"id":76096,"href":"https:\/\/www.kirkonulkomaanapu.fi\/sv\/wp-json\/wp\/v2\/pages\/76094\/revisions\/76096"}],"up":[{"embeddable":true,"href":"https:\/\/www.kirkonulkomaanapu.fi\/sv\/wp-json\/wp\/v2\/pages\/75672"}],"wp:featuredmedia":[{"embeddable":true,"href":"https:\/\/www.kirkonulkomaanapu.fi\/sv\/wp-json\/wp\/v2\/media\/76002"}],"wp:attachment":[{"href":"https:\/\/www.kirkonulkomaanapu.fi\/sv\/wp-json\/wp\/v2\/media?parent=76094"}],"curies":[{"name":"wp","href":"https:\/\/api.w.org\/{rel}","templated":true}]}}