{"id":76092,"date":"2016-07-27T13:47:32","date_gmt":"2016-07-27T10:47:32","guid":{"rendered":"https:\/\/www.kirkonulkomaanapu.fi\/sv\/?page_id=76092"},"modified":"2016-07-27T13:47:32","modified_gmt":"2016-07-27T10:47:32","slug":"changemaker-skapade-en-fredskedja","status":"publish","type":"page","link":"https:\/\/www.kirkonulkomaanapu.fi\/sv\/om-oss\/historia\/annual-report-2015\/changemaker-skapade-en-fredskedja\/","title":{"rendered":"Changemaker skapade en fredskedja"},"content":{"rendered":"<p>Ungdomsn\u00e4tverket Changemaker hade \u00e5r 2015 f\u00f6rebyggande av v\u00e5ldsfr\u00e4mjande radikalisering som tema f\u00f6r sitt p\u00e5verkansarbete. N\u00e4tverkets kampanj Fredens radikaler fanns p\u00e5 plats vid tio evenemang under sommaren och arrangerade tre \u00f6ppna diskussioner. Kampanjen samlade in 2 235 tankar om fred till en fredskedja.<\/p>\n<p>Tidningen Globalisti, som g\u00f6rs av n\u00e4tverkets frivilliga, gav ut tv\u00e5 nummer. V\u00e5rnumret fokuserade p\u00e5 kampanjtemat radikalisering medan h\u00f6stnumret handlade om den h\u00f6gaktuella migrationen.<\/p>\n<p>Till n\u00e4tverkets viktigaste utbildningar h\u00f6rde Changemaker-veckosluten i april och november som samlade ett rekordantal nya medlemmar. Medlemsrekryteringen skedde fr\u00e4mst vid evenemang f\u00f6r unga kristna, s\u00e5som Oulugospel och festivalen Maata n\u00e4kyviss\u00e4 (Land i sikte). Changemaker fick 267 nya medlemmar under \u00e5ret.<\/p>\n<p>F\u00f6r att st\u00f6da lokalgruppsveksamheten skapade man verksamhetsmodeller som \u00e4r enkla att kopiera, och genom att dela erfarenheter vid lokalgruppsdagarna i januari och augusti. Under \u00e5ret lanserades ocks\u00e5 ett nytt material f\u00f6r n\u00e4tverkets frivilliga: Changemaker \u2013 Opas toimimaan.<\/p>\n","protected":false},"excerpt":{"rendered":"<p>Ungdomsn\u00e4tverket Changemaker hade \u00e5r 2015 f\u00f6rebyggande av v\u00e5ldsfr\u00e4mjande radikalisering som tema f\u00f6r sitt p\u00e5verkansarbete. N\u00e4tverkets kampanj Fredens radikaler fanns p\u00e5 plats vid tio evenemang under sommaren och arrangerade tre \u00f6ppna diskussioner. Kampanjen samlade in 2 235 tankar om fred till en fredskedja. Tidningen Globalisti, som g\u00f6rs av n\u00e4tverkets frivilliga, gav ut tv\u00e5 nummer. V\u00e5rnumret fokuserade [&hellip;]<\/p>\n","protected":false},"author":61,"featured_media":75995,"parent":75672,"menu_order":0,"comment_status":"closed","ping_status":"closed","template":"page-templates\/vuosikertomus.php","meta":{"_acf_changed":false,"_relevanssi_hide_post":"","_relevanssi_hide_content":"","_relevanssi_pin_for_all":"","_relevanssi_pin_keywords":"","_relevanssi_unpin_keywords":"","_relevanssi_related_keywords":"","_relevanssi_related_include_ids":"","_relevanssi_related_exclude_ids":"","_relevanssi_related_no_append":"","_relevanssi_related_not_related":"","_relevanssi_related_posts":"","_relevanssi_noindex_reason":"","_improvement_type_select":"improve_an_existing","_thumb_yes_seoaic":false,"_frame_yes_seoaic":false,"seoaic_generate_description":"","seoaic_improve_instructions_prompt":"","seoaic_rollback_content_improvement":"","seoaic_idea_thumbnail_generator":"","thumbnail_generated":false,"thumbnail_generate_prompt":"","seoaic_article_description":"","footnotes":""},"class_list":["post-76092","page","type-page","status-publish","has-post-thumbnail","hentry"],"acf":[],"yoast_head":"<!-- This site is optimized with the Yoast SEO plugin v26.9 - https:\/\/yoast.com\/product\/yoast-seo-wordpress\/ -->\n<title>Changemaker skapade en fredskedja - Kyrkans Utlandshj\u00e4lp<\/title>\n<meta name=\"robots\" content=\"index, follow, max-snippet:-1, max-image-preview:large, max-video-preview:-1\" \/>\n<link rel=\"canonical\" href=\"https:\/\/www.kirkonulkomaanapu.fi\/sv\/om-oss\/historia\/annual-report-2015\/changemaker-skapade-en-fredskedja\/\" \/>\n<meta property=\"og:locale\" content=\"sv_SE\" \/>\n<meta property=\"og:type\" content=\"article\" \/>\n<meta property=\"og:title\" content=\"Changemaker skapade en fredskedja - Kyrkans Utlandshj\u00e4lp\" \/>\n<meta property=\"og:description\" content=\"Ungdomsn\u00e4tverket Changemaker hade \u00e5r 2015 f\u00f6rebyggande av v\u00e5ldsfr\u00e4mjande radikalisering som tema f\u00f6r sitt p\u00e5verkansarbete. N\u00e4tverkets kampanj Fredens radikaler fanns p\u00e5 plats vid tio evenemang under sommaren och arrangerade tre \u00f6ppna diskussioner. Kampanjen samlade in 2 235 tankar om fred till en fredskedja. Tidningen Globalisti, som g\u00f6rs av n\u00e4tverkets frivilliga, gav ut tv\u00e5 nummer. V\u00e5rnumret fokuserade [&hellip;]\" \/>\n<meta property=\"og:url\" content=\"https:\/\/www.kirkonulkomaanapu.fi\/sv\/om-oss\/historia\/annual-report-2015\/changemaker-skapade-en-fredskedja\/\" \/>\n<meta property=\"og:site_name\" content=\"Kyrkans Utlandshj\u00e4lp\" \/>\n<meta property=\"article:publisher\" content=\"https:\/\/www.facebook.com\/Ulkomaanapu\/\" \/>\n<meta property=\"og:image\" content=\"https:\/\/www.kirkonulkomaanapu.fi\/wp-content\/uploads\/2016\/07\/Changemaker_rauhankulkue_Sini-Tyvi-1.jpg\" \/>\n\t<meta property=\"og:image:width\" content=\"1200\" \/>\n\t<meta property=\"og:image:height\" content=\"900\" \/>\n\t<meta property=\"og:image:type\" content=\"image\/jpeg\" \/>\n<meta name=\"twitter:label1\" content=\"Ber\u00e4knad l\u00e4stid\" \/>\n\t<meta name=\"twitter:data1\" content=\"1 minut\" \/>\n<script type=\"application\/ld+json\" class=\"yoast-schema-graph\">{\"@context\":\"https:\/\/schema.org\",\"@graph\":[{\"@type\":\"WebPage\",\"@id\":\"https:\/\/www.kirkonulkomaanapu.fi\/sv\/om-oss\/historia\/annual-report-2015\/changemaker-skapade-en-fredskedja\/\",\"url\":\"https:\/\/www.kirkonulkomaanapu.fi\/sv\/om-oss\/historia\/annual-report-2015\/changemaker-skapade-en-fredskedja\/\",\"name\":\"Changemaker skapade en fredskedja - Kyrkans Utlandshj\u00e4lp\",\"isPartOf\":{\"@id\":\"https:\/\/www.kirkonulkomaanapu.fi\/#website\"},\"primaryImageOfPage\":{\"@id\":\"https:\/\/www.kirkonulkomaanapu.fi\/sv\/om-oss\/historia\/annual-report-2015\/changemaker-skapade-en-fredskedja\/#primaryimage\"},\"image\":{\"@id\":\"https:\/\/www.kirkonulkomaanapu.fi\/sv\/om-oss\/historia\/annual-report-2015\/changemaker-skapade-en-fredskedja\/#primaryimage\"},\"thumbnailUrl\":\"https:\/\/www.kirkonulkomaanapu.fi\/wp-content\/uploads\/2016\/07\/Changemaker_rauhankulkue_Sini-Tyvi-1.jpg\",\"datePublished\":\"2016-07-27T10:47:32+00:00\",\"breadcrumb\":{\"@id\":\"https:\/\/www.kirkonulkomaanapu.fi\/sv\/om-oss\/historia\/annual-report-2015\/changemaker-skapade-en-fredskedja\/#breadcrumb\"},\"inLanguage\":\"sv-SE\",\"potentialAction\":[{\"@type\":\"ReadAction\",\"target\":[\"https:\/\/www.kirkonulkomaanapu.fi\/sv\/om-oss\/historia\/annual-report-2015\/changemaker-skapade-en-fredskedja\/\"]}]},{\"@type\":\"ImageObject\",\"inLanguage\":\"sv-SE\",\"@id\":\"https:\/\/www.kirkonulkomaanapu.fi\/sv\/om-oss\/historia\/annual-report-2015\/changemaker-skapade-en-fredskedja\/#primaryimage\",\"url\":\"https:\/\/www.kirkonulkomaanapu.fi\/wp-content\/uploads\/2016\/07\/Changemaker_rauhankulkue_Sini-Tyvi-1.jpg\",\"contentUrl\":\"https:\/\/www.kirkonulkomaanapu.fi\/wp-content\/uploads\/2016\/07\/Changemaker_rauhankulkue_Sini-Tyvi-1.jpg\",\"width\":1200,\"height\":900},{\"@type\":\"BreadcrumbList\",\"@id\":\"https:\/\/www.kirkonulkomaanapu.fi\/sv\/om-oss\/historia\/annual-report-2015\/changemaker-skapade-en-fredskedja\/#breadcrumb\",\"itemListElement\":[{\"@type\":\"ListItem\",\"position\":1,\"name\":\"Home\",\"item\":\"https:\/\/www.kirkonulkomaanapu.fi\/sv\/\"},{\"@type\":\"ListItem\",\"position\":2,\"name\":\"Om oss\",\"item\":\"https:\/\/www.kirkonulkomaanapu.fi\/sv\/om-oss\/\"},{\"@type\":\"ListItem\",\"position\":3,\"name\":\"Historia\",\"item\":\"https:\/\/www.kirkonulkomaanapu.fi\/sv\/om-oss\/historia\/\"},{\"@type\":\"ListItem\",\"position\":4,\"name\":\"\u00c5rs\u00f6versikt 2015\",\"item\":\"https:\/\/www.kirkonulkomaanapu.fi\/sv\/om-oss\/historia\/annual-report-2015\/\"},{\"@type\":\"ListItem\",\"position\":5,\"name\":\"Changemaker skapade en fredskedja\"}]},{\"@type\":\"WebSite\",\"@id\":\"https:\/\/www.kirkonulkomaanapu.fi\/#website\",\"url\":\"https:\/\/www.kirkonulkomaanapu.fi\/\",\"name\":\"Kirkon Ulkomaanapu\",\"description\":\"Suomen suurin kehitysyhteisty\u00f6j\u00e4rjest\u00f6\",\"publisher\":{\"@id\":\"https:\/\/www.kirkonulkomaanapu.fi\/#organization\"},\"alternateName\":\"KUA\",\"potentialAction\":[{\"@type\":\"SearchAction\",\"target\":{\"@type\":\"EntryPoint\",\"urlTemplate\":\"https:\/\/www.kirkonulkomaanapu.fi\/?s={search_term_string}\"},\"query-input\":{\"@type\":\"PropertyValueSpecification\",\"valueRequired\":true,\"valueName\":\"search_term_string\"}}],\"inLanguage\":\"sv-SE\"},{\"@type\":\"Organization\",\"@id\":\"https:\/\/www.kirkonulkomaanapu.fi\/#organization\",\"name\":\"Kirkon Ulkomaanapu\",\"alternateName\":\"KUA\",\"url\":\"https:\/\/www.kirkonulkomaanapu.fi\/\",\"logo\":{\"@type\":\"ImageObject\",\"inLanguage\":\"sv-SE\",\"@id\":\"https:\/\/www.kirkonulkomaanapu.fi\/#\/schema\/logo\/image\/\",\"url\":\"https:\/\/www.kirkonulkomaanapu.fi\/wp-content\/uploads\/2026\/02\/Kirkon-ulkomaanapu-logo-1.png\",\"contentUrl\":\"https:\/\/www.kirkonulkomaanapu.fi\/wp-content\/uploads\/2026\/02\/Kirkon-ulkomaanapu-logo-1.png\",\"width\":225,\"height\":225,\"caption\":\"Kirkon Ulkomaanapu\"},\"image\":{\"@id\":\"https:\/\/www.kirkonulkomaanapu.fi\/#\/schema\/logo\/image\/\"},\"sameAs\":[\"https:\/\/www.facebook.com\/Ulkomaanapu\/\",\"https:\/\/www.youtube.com\/user\/kirkonulkomaanapu\",\"https:\/\/instagram.com\/kirkon_ulkomaanapu\/\",\"https:\/\/www.linkedin.com\/company\/finn-church-aid\/\"]}]}<\/script>\n<!-- \/ Yoast SEO plugin. -->","yoast_head_json":{"title":"Changemaker skapade en fredskedja - Kyrkans Utlandshj\u00e4lp","robots":{"index":"index","follow":"follow","max-snippet":"max-snippet:-1","max-image-preview":"max-image-preview:large","max-video-preview":"max-video-preview:-1"},"canonical":"https:\/\/www.kirkonulkomaanapu.fi\/sv\/om-oss\/historia\/annual-report-2015\/changemaker-skapade-en-fredskedja\/","og_locale":"sv_SE","og_type":"article","og_title":"Changemaker skapade en fredskedja - Kyrkans Utlandshj\u00e4lp","og_description":"Ungdomsn\u00e4tverket Changemaker hade \u00e5r 2015 f\u00f6rebyggande av v\u00e5ldsfr\u00e4mjande radikalisering som tema f\u00f6r sitt p\u00e5verkansarbete. N\u00e4tverkets kampanj Fredens radikaler fanns p\u00e5 plats vid tio evenemang under sommaren och arrangerade tre \u00f6ppna diskussioner. Kampanjen samlade in 2 235 tankar om fred till en fredskedja. Tidningen Globalisti, som g\u00f6rs av n\u00e4tverkets frivilliga, gav ut tv\u00e5 nummer. V\u00e5rnumret fokuserade [&hellip;]","og_url":"https:\/\/www.kirkonulkomaanapu.fi\/sv\/om-oss\/historia\/annual-report-2015\/changemaker-skapade-en-fredskedja\/","og_site_name":"Kyrkans Utlandshj\u00e4lp","article_publisher":"https:\/\/www.facebook.com\/Ulkomaanapu\/","og_image":[{"width":1200,"height":900,"url":"https:\/\/www.kirkonulkomaanapu.fi\/wp-content\/uploads\/2016\/07\/Changemaker_rauhankulkue_Sini-Tyvi-1.jpg","type":"image\/jpeg"}],"twitter_misc":{"Ber\u00e4knad l\u00e4stid":"1 minut"},"schema":{"@context":"https:\/\/schema.org","@graph":[{"@type":"WebPage","@id":"https:\/\/www.kirkonulkomaanapu.fi\/sv\/om-oss\/historia\/annual-report-2015\/changemaker-skapade-en-fredskedja\/","url":"https:\/\/www.kirkonulkomaanapu.fi\/sv\/om-oss\/historia\/annual-report-2015\/changemaker-skapade-en-fredskedja\/","name":"Changemaker skapade en fredskedja - Kyrkans Utlandshj\u00e4lp","isPartOf":{"@id":"https:\/\/www.kirkonulkomaanapu.fi\/#website"},"primaryImageOfPage":{"@id":"https:\/\/www.kirkonulkomaanapu.fi\/sv\/om-oss\/historia\/annual-report-2015\/changemaker-skapade-en-fredskedja\/#primaryimage"},"image":{"@id":"https:\/\/www.kirkonulkomaanapu.fi\/sv\/om-oss\/historia\/annual-report-2015\/changemaker-skapade-en-fredskedja\/#primaryimage"},"thumbnailUrl":"https:\/\/www.kirkonulkomaanapu.fi\/wp-content\/uploads\/2016\/07\/Changemaker_rauhankulkue_Sini-Tyvi-1.jpg","datePublished":"2016-07-27T10:47:32+00:00","breadcrumb":{"@id":"https:\/\/www.kirkonulkomaanapu.fi\/sv\/om-oss\/historia\/annual-report-2015\/changemaker-skapade-en-fredskedja\/#breadcrumb"},"inLanguage":"sv-SE","potentialAction":[{"@type":"ReadAction","target":["https:\/\/www.kirkonulkomaanapu.fi\/sv\/om-oss\/historia\/annual-report-2015\/changemaker-skapade-en-fredskedja\/"]}]},{"@type":"ImageObject","inLanguage":"sv-SE","@id":"https:\/\/www.kirkonulkomaanapu.fi\/sv\/om-oss\/historia\/annual-report-2015\/changemaker-skapade-en-fredskedja\/#primaryimage","url":"https:\/\/www.kirkonulkomaanapu.fi\/wp-content\/uploads\/2016\/07\/Changemaker_rauhankulkue_Sini-Tyvi-1.jpg","contentUrl":"https:\/\/www.kirkonulkomaanapu.fi\/wp-content\/uploads\/2016\/07\/Changemaker_rauhankulkue_Sini-Tyvi-1.jpg","width":1200,"height":900},{"@type":"BreadcrumbList","@id":"https:\/\/www.kirkonulkomaanapu.fi\/sv\/om-oss\/historia\/annual-report-2015\/changemaker-skapade-en-fredskedja\/#breadcrumb","itemListElement":[{"@type":"ListItem","position":1,"name":"Home","item":"https:\/\/www.kirkonulkomaanapu.fi\/sv\/"},{"@type":"ListItem","position":2,"name":"Om oss","item":"https:\/\/www.kirkonulkomaanapu.fi\/sv\/om-oss\/"},{"@type":"ListItem","position":3,"name":"Historia","item":"https:\/\/www.kirkonulkomaanapu.fi\/sv\/om-oss\/historia\/"},{"@type":"ListItem","position":4,"name":"\u00c5rs\u00f6versikt 2015","item":"https:\/\/www.kirkonulkomaanapu.fi\/sv\/om-oss\/historia\/annual-report-2015\/"},{"@type":"ListItem","position":5,"name":"Changemaker skapade en fredskedja"}]},{"@type":"WebSite","@id":"https:\/\/www.kirkonulkomaanapu.fi\/#website","url":"https:\/\/www.kirkonulkomaanapu.fi\/","name":"Kirkon Ulkomaanapu","description":"Suomen suurin kehitysyhteisty\u00f6j\u00e4rjest\u00f6","publisher":{"@id":"https:\/\/www.kirkonulkomaanapu.fi\/#organization"},"alternateName":"KUA","potentialAction":[{"@type":"SearchAction","target":{"@type":"EntryPoint","urlTemplate":"https:\/\/www.kirkonulkomaanapu.fi\/?s={search_term_string}"},"query-input":{"@type":"PropertyValueSpecification","valueRequired":true,"valueName":"search_term_string"}}],"inLanguage":"sv-SE"},{"@type":"Organization","@id":"https:\/\/www.kirkonulkomaanapu.fi\/#organization","name":"Kirkon Ulkomaanapu","alternateName":"KUA","url":"https:\/\/www.kirkonulkomaanapu.fi\/","logo":{"@type":"ImageObject","inLanguage":"sv-SE","@id":"https:\/\/www.kirkonulkomaanapu.fi\/#\/schema\/logo\/image\/","url":"https:\/\/www.kirkonulkomaanapu.fi\/wp-content\/uploads\/2026\/02\/Kirkon-ulkomaanapu-logo-1.png","contentUrl":"https:\/\/www.kirkonulkomaanapu.fi\/wp-content\/uploads\/2026\/02\/Kirkon-ulkomaanapu-logo-1.png","width":225,"height":225,"caption":"Kirkon Ulkomaanapu"},"image":{"@id":"https:\/\/www.kirkonulkomaanapu.fi\/#\/schema\/logo\/image\/"},"sameAs":["https:\/\/www.facebook.com\/Ulkomaanapu\/","https:\/\/www.youtube.com\/user\/kirkonulkomaanapu","https:\/\/instagram.com\/kirkon_ulkomaanapu\/","https:\/\/www.linkedin.com\/company\/finn-church-aid\/"]}]}},"_links":{"self":[{"href":"https:\/\/www.kirkonulkomaanapu.fi\/sv\/wp-json\/wp\/v2\/pages\/76092","targetHints":{"allow":["GET"]}}],"collection":[{"href":"https:\/\/www.kirkonulkomaanapu.fi\/sv\/wp-json\/wp\/v2\/pages"}],"about":[{"href":"https:\/\/www.kirkonulkomaanapu.fi\/sv\/wp-json\/wp\/v2\/types\/page"}],"author":[{"embeddable":true,"href":"https:\/\/www.kirkonulkomaanapu.fi\/sv\/wp-json\/wp\/v2\/users\/61"}],"replies":[{"embeddable":true,"href":"https:\/\/www.kirkonulkomaanapu.fi\/sv\/wp-json\/wp\/v2\/comments?post=76092"}],"version-history":[{"count":1,"href":"https:\/\/www.kirkonulkomaanapu.fi\/sv\/wp-json\/wp\/v2\/pages\/76092\/revisions"}],"predecessor-version":[{"id":76093,"href":"https:\/\/www.kirkonulkomaanapu.fi\/sv\/wp-json\/wp\/v2\/pages\/76092\/revisions\/76093"}],"up":[{"embeddable":true,"href":"https:\/\/www.kirkonulkomaanapu.fi\/sv\/wp-json\/wp\/v2\/pages\/75672"}],"wp:featuredmedia":[{"embeddable":true,"href":"https:\/\/www.kirkonulkomaanapu.fi\/sv\/wp-json\/wp\/v2\/media\/75995"}],"wp:attachment":[{"href":"https:\/\/www.kirkonulkomaanapu.fi\/sv\/wp-json\/wp\/v2\/media?parent=76092"}],"curies":[{"name":"wp","href":"https:\/\/api.w.org\/{rel}","templated":true}]}}