{"id":76090,"date":"2016-07-27T13:48:15","date_gmt":"2016-07-27T10:48:15","guid":{"rendered":"https:\/\/www.kirkonulkomaanapu.fi\/sv\/?page_id=76090"},"modified":"2016-07-27T13:48:15","modified_gmt":"2016-07-27T10:48:15","slug":"larare-utan-granser-utvecklade-skolsektorn","status":"publish","type":"page","link":"https:\/\/www.kirkonulkomaanapu.fi\/sv\/om-oss\/historia\/annual-report-2015\/larare-utan-granser-utvecklade-skolsektorn\/","title":{"rendered":"L\u00e4rare utan gr\u00e4nser utvecklade skolsektorn"},"content":{"rendered":"<p>I fjol arbetade tolv volont\u00e4rer fr\u00e5n n\u00e4tverket L\u00e4rare utan gr\u00e4nser i olika projekt f\u00f6r utbildningssektorerna i Uganda, Eritrea, Liberia, Sydsudan samt i Kambodja, d\u00e4r den st\u00f6rsta gruppen arbetade.<\/p>\n<p>Tillsammans med holl\u00e4ndska organisationen Edukans ordnade L\u00e4rare utan gr\u00e4nser f\u00f6r andra g\u00e5ngen programmet World Teacher i Kenya. I programmet deltog nio l\u00e4rare fr\u00e5n Finland. De arbetade tv\u00e5 veckor i lokala grundskolor d\u00e4r de fokuserade p\u00e5 att vara mentorer f\u00f6r l\u00e4rare och rektorer n\u00e4r det g\u00e4ller elevcentrerade undervisningsmetoder och vikten av att eleverna f\u00e5r l\u00e4ra sig genom handling. Programmen st\u00f6der ocks\u00e5 n\u00e4tverkande mellan de lokala skolorna.<\/p>\n<p>Skolorna p\u00e5 Drums\u00f6 i Helsingfors skickade sina l\u00e4rare p\u00e5 korta volont\u00e4ruppdrag i Kambodja, d\u00e4r de arbetade med sina lokala samarbetsskolor. P\u00e5 h\u00f6sten kom en rektor fr\u00e5n Kambodja p\u00e5 svarsvisit till Finland. Motivationen \u00e4r h\u00f6g i det h\u00e4r samarbetet d\u00e4r alla parter l\u00e4r sig nya saker.<\/p>\n<p>\u00c5rets pris f\u00f6r global fostran gick till skolan Raunistulan yhten\u00e4iskoulu i \u00c5bo. L\u00e4rarserien vanns av laget fr\u00e5n gymnasiet i Sein\u00e4joki. Priserna delades ut av undervisningsminister Sanni Grahn-Laasonen vid n\u00e4tverkets \u00e5rliga evenemang p\u00e5 V\u00e4rldsl\u00e4rardagen.<\/p>\n","protected":false},"excerpt":{"rendered":"<p>I fjol arbetade tolv volont\u00e4rer fr\u00e5n n\u00e4tverket L\u00e4rare utan gr\u00e4nser i olika projekt f\u00f6r utbildningssektorerna i Uganda, Eritrea, Liberia, Sydsudan samt i Kambodja, d\u00e4r den st\u00f6rsta gruppen arbetade. Tillsammans med holl\u00e4ndska organisationen Edukans ordnade L\u00e4rare utan gr\u00e4nser f\u00f6r andra g\u00e5ngen programmet World Teacher i Kenya. I programmet deltog nio l\u00e4rare fr\u00e5n Finland. De arbetade tv\u00e5 [&hellip;]<\/p>\n","protected":false},"author":61,"featured_media":75989,"parent":75672,"menu_order":0,"comment_status":"closed","ping_status":"closed","template":"page-templates\/vuosikertomus.php","meta":{"_acf_changed":false,"_relevanssi_hide_post":"","_relevanssi_hide_content":"","_relevanssi_pin_for_all":"","_relevanssi_pin_keywords":"","_relevanssi_unpin_keywords":"","_relevanssi_related_keywords":"","_relevanssi_related_include_ids":"","_relevanssi_related_exclude_ids":"","_relevanssi_related_no_append":"","_relevanssi_related_not_related":"","_relevanssi_related_posts":"","_relevanssi_noindex_reason":"","_improvement_type_select":"improve_an_existing","_thumb_yes_seoaic":false,"_frame_yes_seoaic":false,"seoaic_generate_description":"","seoaic_improve_instructions_prompt":"","seoaic_rollback_content_improvement":"","seoaic_idea_thumbnail_generator":"","thumbnail_generated":false,"thumbnail_generate_prompt":"","seoaic_article_description":"","footnotes":""},"class_list":["post-76090","page","type-page","status-publish","has-post-thumbnail","hentry"],"acf":[],"yoast_head":"<!-- This site is optimized with the Yoast SEO plugin v26.9 - https:\/\/yoast.com\/product\/yoast-seo-wordpress\/ -->\n<title>L\u00e4rare utan gr\u00e4nser utvecklade skolsektorn - Kyrkans Utlandshj\u00e4lp<\/title>\n<meta name=\"robots\" content=\"index, follow, max-snippet:-1, max-image-preview:large, max-video-preview:-1\" \/>\n<link rel=\"canonical\" href=\"https:\/\/www.kirkonulkomaanapu.fi\/sv\/om-oss\/historia\/annual-report-2015\/larare-utan-granser-utvecklade-skolsektorn\/\" \/>\n<meta property=\"og:locale\" content=\"sv_SE\" \/>\n<meta property=\"og:type\" content=\"article\" \/>\n<meta property=\"og:title\" content=\"L\u00e4rare utan gr\u00e4nser utvecklade skolsektorn - Kyrkans Utlandshj\u00e4lp\" \/>\n<meta property=\"og:description\" content=\"I fjol arbetade tolv volont\u00e4rer fr\u00e5n n\u00e4tverket L\u00e4rare utan gr\u00e4nser i olika projekt f\u00f6r utbildningssektorerna i Uganda, Eritrea, Liberia, Sydsudan samt i Kambodja, d\u00e4r den st\u00f6rsta gruppen arbetade. Tillsammans med holl\u00e4ndska organisationen Edukans ordnade L\u00e4rare utan gr\u00e4nser f\u00f6r andra g\u00e5ngen programmet World Teacher i Kenya. I programmet deltog nio l\u00e4rare fr\u00e5n Finland. De arbetade tv\u00e5 [&hellip;]\" \/>\n<meta property=\"og:url\" content=\"https:\/\/www.kirkonulkomaanapu.fi\/sv\/om-oss\/historia\/annual-report-2015\/larare-utan-granser-utvecklade-skolsektorn\/\" \/>\n<meta property=\"og:site_name\" content=\"Kyrkans Utlandshj\u00e4lp\" \/>\n<meta property=\"article:publisher\" content=\"https:\/\/www.facebook.com\/Ulkomaanapu\/\" \/>\n<meta property=\"og:image\" content=\"https:\/\/www.kirkonulkomaanapu.fi\/wp-content\/uploads\/2016\/07\/Opet-ilman-rajojaWEB_Inka-Hopsu.jpg\" \/>\n\t<meta property=\"og:image:width\" content=\"1200\" \/>\n\t<meta property=\"og:image:height\" content=\"800\" \/>\n\t<meta property=\"og:image:type\" content=\"image\/jpeg\" \/>\n<meta name=\"twitter:label1\" content=\"Ber\u00e4knad l\u00e4stid\" \/>\n\t<meta name=\"twitter:data1\" content=\"1 minut\" \/>\n<script type=\"application\/ld+json\" class=\"yoast-schema-graph\">{\"@context\":\"https:\/\/schema.org\",\"@graph\":[{\"@type\":\"WebPage\",\"@id\":\"https:\/\/www.kirkonulkomaanapu.fi\/sv\/om-oss\/historia\/annual-report-2015\/larare-utan-granser-utvecklade-skolsektorn\/\",\"url\":\"https:\/\/www.kirkonulkomaanapu.fi\/sv\/om-oss\/historia\/annual-report-2015\/larare-utan-granser-utvecklade-skolsektorn\/\",\"name\":\"L\u00e4rare utan gr\u00e4nser utvecklade skolsektorn - Kyrkans Utlandshj\u00e4lp\",\"isPartOf\":{\"@id\":\"https:\/\/www.kirkonulkomaanapu.fi\/#website\"},\"primaryImageOfPage\":{\"@id\":\"https:\/\/www.kirkonulkomaanapu.fi\/sv\/om-oss\/historia\/annual-report-2015\/larare-utan-granser-utvecklade-skolsektorn\/#primaryimage\"},\"image\":{\"@id\":\"https:\/\/www.kirkonulkomaanapu.fi\/sv\/om-oss\/historia\/annual-report-2015\/larare-utan-granser-utvecklade-skolsektorn\/#primaryimage\"},\"thumbnailUrl\":\"https:\/\/www.kirkonulkomaanapu.fi\/wp-content\/uploads\/2016\/07\/Opet-ilman-rajojaWEB_Inka-Hopsu.jpg\",\"datePublished\":\"2016-07-27T10:48:15+00:00\",\"breadcrumb\":{\"@id\":\"https:\/\/www.kirkonulkomaanapu.fi\/sv\/om-oss\/historia\/annual-report-2015\/larare-utan-granser-utvecklade-skolsektorn\/#breadcrumb\"},\"inLanguage\":\"sv-SE\",\"potentialAction\":[{\"@type\":\"ReadAction\",\"target\":[\"https:\/\/www.kirkonulkomaanapu.fi\/sv\/om-oss\/historia\/annual-report-2015\/larare-utan-granser-utvecklade-skolsektorn\/\"]}]},{\"@type\":\"ImageObject\",\"inLanguage\":\"sv-SE\",\"@id\":\"https:\/\/www.kirkonulkomaanapu.fi\/sv\/om-oss\/historia\/annual-report-2015\/larare-utan-granser-utvecklade-skolsektorn\/#primaryimage\",\"url\":\"https:\/\/www.kirkonulkomaanapu.fi\/wp-content\/uploads\/2016\/07\/Opet-ilman-rajojaWEB_Inka-Hopsu.jpg\",\"contentUrl\":\"https:\/\/www.kirkonulkomaanapu.fi\/wp-content\/uploads\/2016\/07\/Opet-ilman-rajojaWEB_Inka-Hopsu.jpg\",\"width\":1200,\"height\":800},{\"@type\":\"BreadcrumbList\",\"@id\":\"https:\/\/www.kirkonulkomaanapu.fi\/sv\/om-oss\/historia\/annual-report-2015\/larare-utan-granser-utvecklade-skolsektorn\/#breadcrumb\",\"itemListElement\":[{\"@type\":\"ListItem\",\"position\":1,\"name\":\"Home\",\"item\":\"https:\/\/www.kirkonulkomaanapu.fi\/sv\/\"},{\"@type\":\"ListItem\",\"position\":2,\"name\":\"Om oss\",\"item\":\"https:\/\/www.kirkonulkomaanapu.fi\/sv\/om-oss\/\"},{\"@type\":\"ListItem\",\"position\":3,\"name\":\"Historia\",\"item\":\"https:\/\/www.kirkonulkomaanapu.fi\/sv\/om-oss\/historia\/\"},{\"@type\":\"ListItem\",\"position\":4,\"name\":\"\u00c5rs\u00f6versikt 2015\",\"item\":\"https:\/\/www.kirkonulkomaanapu.fi\/sv\/om-oss\/historia\/annual-report-2015\/\"},{\"@type\":\"ListItem\",\"position\":5,\"name\":\"L\u00e4rare utan gr\u00e4nser utvecklade skolsektorn\"}]},{\"@type\":\"WebSite\",\"@id\":\"https:\/\/www.kirkonulkomaanapu.fi\/#website\",\"url\":\"https:\/\/www.kirkonulkomaanapu.fi\/\",\"name\":\"Kirkon Ulkomaanapu\",\"description\":\"Suomen suurin kehitysyhteisty\u00f6j\u00e4rjest\u00f6\",\"publisher\":{\"@id\":\"https:\/\/www.kirkonulkomaanapu.fi\/#organization\"},\"alternateName\":\"KUA\",\"potentialAction\":[{\"@type\":\"SearchAction\",\"target\":{\"@type\":\"EntryPoint\",\"urlTemplate\":\"https:\/\/www.kirkonulkomaanapu.fi\/?s={search_term_string}\"},\"query-input\":{\"@type\":\"PropertyValueSpecification\",\"valueRequired\":true,\"valueName\":\"search_term_string\"}}],\"inLanguage\":\"sv-SE\"},{\"@type\":\"Organization\",\"@id\":\"https:\/\/www.kirkonulkomaanapu.fi\/#organization\",\"name\":\"Kirkon Ulkomaanapu\",\"alternateName\":\"KUA\",\"url\":\"https:\/\/www.kirkonulkomaanapu.fi\/\",\"logo\":{\"@type\":\"ImageObject\",\"inLanguage\":\"sv-SE\",\"@id\":\"https:\/\/www.kirkonulkomaanapu.fi\/#\/schema\/logo\/image\/\",\"url\":\"https:\/\/www.kirkonulkomaanapu.fi\/wp-content\/uploads\/2026\/02\/Kirkon-ulkomaanapu-logo-1.png\",\"contentUrl\":\"https:\/\/www.kirkonulkomaanapu.fi\/wp-content\/uploads\/2026\/02\/Kirkon-ulkomaanapu-logo-1.png\",\"width\":225,\"height\":225,\"caption\":\"Kirkon Ulkomaanapu\"},\"image\":{\"@id\":\"https:\/\/www.kirkonulkomaanapu.fi\/#\/schema\/logo\/image\/\"},\"sameAs\":[\"https:\/\/www.facebook.com\/Ulkomaanapu\/\",\"https:\/\/www.youtube.com\/user\/kirkonulkomaanapu\",\"https:\/\/instagram.com\/kirkon_ulkomaanapu\/\",\"https:\/\/www.linkedin.com\/company\/finn-church-aid\/\"]}]}<\/script>\n<!-- \/ Yoast SEO plugin. -->","yoast_head_json":{"title":"L\u00e4rare utan gr\u00e4nser utvecklade skolsektorn - Kyrkans Utlandshj\u00e4lp","robots":{"index":"index","follow":"follow","max-snippet":"max-snippet:-1","max-image-preview":"max-image-preview:large","max-video-preview":"max-video-preview:-1"},"canonical":"https:\/\/www.kirkonulkomaanapu.fi\/sv\/om-oss\/historia\/annual-report-2015\/larare-utan-granser-utvecklade-skolsektorn\/","og_locale":"sv_SE","og_type":"article","og_title":"L\u00e4rare utan gr\u00e4nser utvecklade skolsektorn - Kyrkans Utlandshj\u00e4lp","og_description":"I fjol arbetade tolv volont\u00e4rer fr\u00e5n n\u00e4tverket L\u00e4rare utan gr\u00e4nser i olika projekt f\u00f6r utbildningssektorerna i Uganda, Eritrea, Liberia, Sydsudan samt i Kambodja, d\u00e4r den st\u00f6rsta gruppen arbetade. Tillsammans med holl\u00e4ndska organisationen Edukans ordnade L\u00e4rare utan gr\u00e4nser f\u00f6r andra g\u00e5ngen programmet World Teacher i Kenya. I programmet deltog nio l\u00e4rare fr\u00e5n Finland. De arbetade tv\u00e5 [&hellip;]","og_url":"https:\/\/www.kirkonulkomaanapu.fi\/sv\/om-oss\/historia\/annual-report-2015\/larare-utan-granser-utvecklade-skolsektorn\/","og_site_name":"Kyrkans Utlandshj\u00e4lp","article_publisher":"https:\/\/www.facebook.com\/Ulkomaanapu\/","og_image":[{"width":1200,"height":800,"url":"https:\/\/www.kirkonulkomaanapu.fi\/wp-content\/uploads\/2016\/07\/Opet-ilman-rajojaWEB_Inka-Hopsu.jpg","type":"image\/jpeg"}],"twitter_misc":{"Ber\u00e4knad l\u00e4stid":"1 minut"},"schema":{"@context":"https:\/\/schema.org","@graph":[{"@type":"WebPage","@id":"https:\/\/www.kirkonulkomaanapu.fi\/sv\/om-oss\/historia\/annual-report-2015\/larare-utan-granser-utvecklade-skolsektorn\/","url":"https:\/\/www.kirkonulkomaanapu.fi\/sv\/om-oss\/historia\/annual-report-2015\/larare-utan-granser-utvecklade-skolsektorn\/","name":"L\u00e4rare utan gr\u00e4nser utvecklade skolsektorn - Kyrkans Utlandshj\u00e4lp","isPartOf":{"@id":"https:\/\/www.kirkonulkomaanapu.fi\/#website"},"primaryImageOfPage":{"@id":"https:\/\/www.kirkonulkomaanapu.fi\/sv\/om-oss\/historia\/annual-report-2015\/larare-utan-granser-utvecklade-skolsektorn\/#primaryimage"},"image":{"@id":"https:\/\/www.kirkonulkomaanapu.fi\/sv\/om-oss\/historia\/annual-report-2015\/larare-utan-granser-utvecklade-skolsektorn\/#primaryimage"},"thumbnailUrl":"https:\/\/www.kirkonulkomaanapu.fi\/wp-content\/uploads\/2016\/07\/Opet-ilman-rajojaWEB_Inka-Hopsu.jpg","datePublished":"2016-07-27T10:48:15+00:00","breadcrumb":{"@id":"https:\/\/www.kirkonulkomaanapu.fi\/sv\/om-oss\/historia\/annual-report-2015\/larare-utan-granser-utvecklade-skolsektorn\/#breadcrumb"},"inLanguage":"sv-SE","potentialAction":[{"@type":"ReadAction","target":["https:\/\/www.kirkonulkomaanapu.fi\/sv\/om-oss\/historia\/annual-report-2015\/larare-utan-granser-utvecklade-skolsektorn\/"]}]},{"@type":"ImageObject","inLanguage":"sv-SE","@id":"https:\/\/www.kirkonulkomaanapu.fi\/sv\/om-oss\/historia\/annual-report-2015\/larare-utan-granser-utvecklade-skolsektorn\/#primaryimage","url":"https:\/\/www.kirkonulkomaanapu.fi\/wp-content\/uploads\/2016\/07\/Opet-ilman-rajojaWEB_Inka-Hopsu.jpg","contentUrl":"https:\/\/www.kirkonulkomaanapu.fi\/wp-content\/uploads\/2016\/07\/Opet-ilman-rajojaWEB_Inka-Hopsu.jpg","width":1200,"height":800},{"@type":"BreadcrumbList","@id":"https:\/\/www.kirkonulkomaanapu.fi\/sv\/om-oss\/historia\/annual-report-2015\/larare-utan-granser-utvecklade-skolsektorn\/#breadcrumb","itemListElement":[{"@type":"ListItem","position":1,"name":"Home","item":"https:\/\/www.kirkonulkomaanapu.fi\/sv\/"},{"@type":"ListItem","position":2,"name":"Om oss","item":"https:\/\/www.kirkonulkomaanapu.fi\/sv\/om-oss\/"},{"@type":"ListItem","position":3,"name":"Historia","item":"https:\/\/www.kirkonulkomaanapu.fi\/sv\/om-oss\/historia\/"},{"@type":"ListItem","position":4,"name":"\u00c5rs\u00f6versikt 2015","item":"https:\/\/www.kirkonulkomaanapu.fi\/sv\/om-oss\/historia\/annual-report-2015\/"},{"@type":"ListItem","position":5,"name":"L\u00e4rare utan gr\u00e4nser utvecklade skolsektorn"}]},{"@type":"WebSite","@id":"https:\/\/www.kirkonulkomaanapu.fi\/#website","url":"https:\/\/www.kirkonulkomaanapu.fi\/","name":"Kirkon Ulkomaanapu","description":"Suomen suurin kehitysyhteisty\u00f6j\u00e4rjest\u00f6","publisher":{"@id":"https:\/\/www.kirkonulkomaanapu.fi\/#organization"},"alternateName":"KUA","potentialAction":[{"@type":"SearchAction","target":{"@type":"EntryPoint","urlTemplate":"https:\/\/www.kirkonulkomaanapu.fi\/?s={search_term_string}"},"query-input":{"@type":"PropertyValueSpecification","valueRequired":true,"valueName":"search_term_string"}}],"inLanguage":"sv-SE"},{"@type":"Organization","@id":"https:\/\/www.kirkonulkomaanapu.fi\/#organization","name":"Kirkon Ulkomaanapu","alternateName":"KUA","url":"https:\/\/www.kirkonulkomaanapu.fi\/","logo":{"@type":"ImageObject","inLanguage":"sv-SE","@id":"https:\/\/www.kirkonulkomaanapu.fi\/#\/schema\/logo\/image\/","url":"https:\/\/www.kirkonulkomaanapu.fi\/wp-content\/uploads\/2026\/02\/Kirkon-ulkomaanapu-logo-1.png","contentUrl":"https:\/\/www.kirkonulkomaanapu.fi\/wp-content\/uploads\/2026\/02\/Kirkon-ulkomaanapu-logo-1.png","width":225,"height":225,"caption":"Kirkon Ulkomaanapu"},"image":{"@id":"https:\/\/www.kirkonulkomaanapu.fi\/#\/schema\/logo\/image\/"},"sameAs":["https:\/\/www.facebook.com\/Ulkomaanapu\/","https:\/\/www.youtube.com\/user\/kirkonulkomaanapu","https:\/\/instagram.com\/kirkon_ulkomaanapu\/","https:\/\/www.linkedin.com\/company\/finn-church-aid\/"]}]}},"_links":{"self":[{"href":"https:\/\/www.kirkonulkomaanapu.fi\/sv\/wp-json\/wp\/v2\/pages\/76090","targetHints":{"allow":["GET"]}}],"collection":[{"href":"https:\/\/www.kirkonulkomaanapu.fi\/sv\/wp-json\/wp\/v2\/pages"}],"about":[{"href":"https:\/\/www.kirkonulkomaanapu.fi\/sv\/wp-json\/wp\/v2\/types\/page"}],"author":[{"embeddable":true,"href":"https:\/\/www.kirkonulkomaanapu.fi\/sv\/wp-json\/wp\/v2\/users\/61"}],"replies":[{"embeddable":true,"href":"https:\/\/www.kirkonulkomaanapu.fi\/sv\/wp-json\/wp\/v2\/comments?post=76090"}],"version-history":[{"count":1,"href":"https:\/\/www.kirkonulkomaanapu.fi\/sv\/wp-json\/wp\/v2\/pages\/76090\/revisions"}],"predecessor-version":[{"id":76091,"href":"https:\/\/www.kirkonulkomaanapu.fi\/sv\/wp-json\/wp\/v2\/pages\/76090\/revisions\/76091"}],"up":[{"embeddable":true,"href":"https:\/\/www.kirkonulkomaanapu.fi\/sv\/wp-json\/wp\/v2\/pages\/75672"}],"wp:featuredmedia":[{"embeddable":true,"href":"https:\/\/www.kirkonulkomaanapu.fi\/sv\/wp-json\/wp\/v2\/media\/75989"}],"wp:attachment":[{"href":"https:\/\/www.kirkonulkomaanapu.fi\/sv\/wp-json\/wp\/v2\/media?parent=76090"}],"curies":[{"name":"wp","href":"https:\/\/api.w.org\/{rel}","templated":true}]}}