{"id":76088,"date":"2016-07-27T13:48:58","date_gmt":"2016-07-27T10:48:58","guid":{"rendered":"https:\/\/www.kirkonulkomaanapu.fi\/sv\/?page_id=76088"},"modified":"2016-07-27T13:48:58","modified_gmt":"2016-07-27T10:48:58","slug":"rekordar-for-kvinnobanken","status":"publish","type":"page","link":"https:\/\/www.kirkonulkomaanapu.fi\/sv\/om-oss\/historia\/annual-report-2015\/rekordar-for-kvinnobanken\/","title":{"rendered":"Rekord\u00e5r f\u00f6r Kvinnobanken"},"content":{"rendered":"<p>\u00c5r 2015 var ett rekord\u00e5r f\u00f6r Kvinnobanken. Medelanskaffningen inbringade 1,44 miljoner euro. D\u00e4r spelade de privata bidragsgivarna, m\u00e5nadsgivarna, aktion\u00e4rerna och de lokala grupperna en mycket stor roll.<\/p>\n<p>\u00c4ven de nationella evenemangen krossade gr\u00e4nser. G\u00e5 ett yrke till en kvinna ordnades f\u00f6r sj\u00e4tte g\u00e5ngen och genererade otroliga 70 000 euro. Evenemanget ordnades f\u00f6r f\u00f6rsta g\u00e5ngen ocks\u00e5 utanf\u00f6r Finlands gr\u00e4nser, p\u00e5 elva platser s\u00e5som Paris, London och Rhodos. Det nya landsomfattande evenemanget L\u00e4s ett yrke till en kvinna genomf\u00f6rdes som en f\u00f6rfattarturn\u00e9 med Sofi Oksanen, f\u00f6rlaget Like och bokhandeln Suomalainen Kirjakauppa. V\u00e4lg\u00f6renhetsturneringen Golfa ett yrke till en kvinna ordnades f\u00f6r fj\u00e4rde g\u00e5ngen, nu som ett nationellt evenemang.<\/p>\n<p>Kvinnobanken fick ocks\u00e5 sin f\u00f6rsta lokala grupp utomlands, i Fuengirola i Spanien. Kvinnobankens 35 lokala grupper arrangerade 500 evenemang och jippon. Kvinnobanken deltog f\u00f6r f\u00f6rsta g\u00e5ngen i Finlands st\u00f6rsta f\u00f6retagarevent Slush d\u00e4r man visade upp sin verksamhet f\u00f6r startupf\u00f6retagen.<\/p>\n<p>Sedan den grundades i maj 2007 har Kvinnobanken samlat in \u00f6ver 9 miljoner euro f\u00f6r att st\u00f6da kvinnorna i utvecklingsl\u00e4nder. Projekt har funnits i 14 l\u00e4nder och 28 000 kvinnor har f\u00e5tt sj\u00e4lvst\u00e4ndiga utkomstm\u00f6jligheter. Indirekt har 140 000 m\u00e4nniskor i utvecklingsl\u00e4nderna dragit nytta av Kvinnobankens arbete.<\/p>\n","protected":false},"excerpt":{"rendered":"<p>\u00c5r 2015 var ett rekord\u00e5r f\u00f6r Kvinnobanken. Medelanskaffningen inbringade 1,44 miljoner euro. D\u00e4r spelade de privata bidragsgivarna, m\u00e5nadsgivarna, aktion\u00e4rerna och de lokala grupperna en mycket stor roll. \u00c4ven de nationella evenemangen krossade gr\u00e4nser. G\u00e5 ett yrke till en kvinna ordnades f\u00f6r sj\u00e4tte g\u00e5ngen och genererade otroliga 70 000 euro. Evenemanget ordnades f\u00f6r f\u00f6rsta g\u00e5ngen ocks\u00e5 [&hellip;]<\/p>\n","protected":false},"author":61,"featured_media":75975,"parent":75672,"menu_order":0,"comment_status":"closed","ping_status":"closed","template":"page-templates\/vuosikertomus.php","meta":{"_acf_changed":false,"_relevanssi_hide_post":"","_relevanssi_hide_content":"","_relevanssi_pin_for_all":"","_relevanssi_pin_keywords":"","_relevanssi_unpin_keywords":"","_relevanssi_related_keywords":"","_relevanssi_related_include_ids":"","_relevanssi_related_exclude_ids":"","_relevanssi_related_no_append":"","_relevanssi_related_not_related":"","_relevanssi_related_posts":"","_relevanssi_noindex_reason":"","_improvement_type_select":"improve_an_existing","_thumb_yes_seoaic":false,"_frame_yes_seoaic":false,"seoaic_generate_description":"","seoaic_improve_instructions_prompt":"","seoaic_rollback_content_improvement":"","seoaic_idea_thumbnail_generator":"","thumbnail_generated":false,"thumbnail_generate_prompt":"","seoaic_article_description":"","footnotes":""},"class_list":["post-76088","page","type-page","status-publish","has-post-thumbnail","hentry"],"acf":[],"yoast_head":"<!-- This site is optimized with the Yoast SEO plugin v26.9 - https:\/\/yoast.com\/product\/yoast-seo-wordpress\/ -->\n<title>Rekord\u00e5r f\u00f6r Kvinnobanken - Kyrkans Utlandshj\u00e4lp<\/title>\n<meta name=\"robots\" content=\"index, follow, max-snippet:-1, max-image-preview:large, max-video-preview:-1\" \/>\n<link rel=\"canonical\" href=\"https:\/\/www.kirkonulkomaanapu.fi\/sv\/om-oss\/historia\/annual-report-2015\/rekordar-for-kvinnobanken\/\" \/>\n<meta property=\"og:locale\" content=\"sv_SE\" \/>\n<meta property=\"og:type\" content=\"article\" \/>\n<meta property=\"og:title\" content=\"Rekord\u00e5r f\u00f6r Kvinnobanken - Kyrkans Utlandshj\u00e4lp\" \/>\n<meta property=\"og:description\" content=\"\u00c5r 2015 var ett rekord\u00e5r f\u00f6r Kvinnobanken. Medelanskaffningen inbringade 1,44 miljoner euro. D\u00e4r spelade de privata bidragsgivarna, m\u00e5nadsgivarna, aktion\u00e4rerna och de lokala grupperna en mycket stor roll. \u00c4ven de nationella evenemangen krossade gr\u00e4nser. G\u00e5 ett yrke till en kvinna ordnades f\u00f6r sj\u00e4tte g\u00e5ngen och genererade otroliga 70 000 euro. Evenemanget ordnades f\u00f6r f\u00f6rsta g\u00e5ngen ocks\u00e5 [&hellip;]\" \/>\n<meta property=\"og:url\" content=\"https:\/\/www.kirkonulkomaanapu.fi\/sv\/om-oss\/historia\/annual-report-2015\/rekordar-for-kvinnobanken\/\" \/>\n<meta property=\"og:site_name\" content=\"Kyrkans Utlandshj\u00e4lp\" \/>\n<meta property=\"article:publisher\" content=\"https:\/\/www.facebook.com\/Ulkomaanapu\/\" \/>\n<meta property=\"og:image\" content=\"https:\/\/www.kirkonulkomaanapu.fi\/wp-content\/uploads\/2016\/07\/Naisten-Pankki_Sofi-Oksanen_Toni-H\u00e4rk\u00f6nen-1.jpg\" \/>\n\t<meta property=\"og:image:width\" content=\"2657\" \/>\n\t<meta property=\"og:image:height\" content=\"1772\" \/>\n\t<meta property=\"og:image:type\" content=\"image\/jpeg\" \/>\n<meta name=\"twitter:label1\" content=\"Ber\u00e4knad l\u00e4stid\" \/>\n\t<meta name=\"twitter:data1\" content=\"1 minut\" \/>\n<script type=\"application\/ld+json\" class=\"yoast-schema-graph\">{\"@context\":\"https:\/\/schema.org\",\"@graph\":[{\"@type\":\"WebPage\",\"@id\":\"https:\/\/www.kirkonulkomaanapu.fi\/sv\/om-oss\/historia\/annual-report-2015\/rekordar-for-kvinnobanken\/\",\"url\":\"https:\/\/www.kirkonulkomaanapu.fi\/sv\/om-oss\/historia\/annual-report-2015\/rekordar-for-kvinnobanken\/\",\"name\":\"Rekord\u00e5r f\u00f6r Kvinnobanken - Kyrkans Utlandshj\u00e4lp\",\"isPartOf\":{\"@id\":\"https:\/\/www.kirkonulkomaanapu.fi\/#website\"},\"primaryImageOfPage\":{\"@id\":\"https:\/\/www.kirkonulkomaanapu.fi\/sv\/om-oss\/historia\/annual-report-2015\/rekordar-for-kvinnobanken\/#primaryimage\"},\"image\":{\"@id\":\"https:\/\/www.kirkonulkomaanapu.fi\/sv\/om-oss\/historia\/annual-report-2015\/rekordar-for-kvinnobanken\/#primaryimage\"},\"thumbnailUrl\":\"https:\/\/www.kirkonulkomaanapu.fi\/wp-content\/uploads\/2016\/07\/Naisten-Pankki_Sofi-Oksanen_Toni-H\u00e4rk\u00f6nen-1.jpg\",\"datePublished\":\"2016-07-27T10:48:58+00:00\",\"breadcrumb\":{\"@id\":\"https:\/\/www.kirkonulkomaanapu.fi\/sv\/om-oss\/historia\/annual-report-2015\/rekordar-for-kvinnobanken\/#breadcrumb\"},\"inLanguage\":\"sv-SE\",\"potentialAction\":[{\"@type\":\"ReadAction\",\"target\":[\"https:\/\/www.kirkonulkomaanapu.fi\/sv\/om-oss\/historia\/annual-report-2015\/rekordar-for-kvinnobanken\/\"]}]},{\"@type\":\"ImageObject\",\"inLanguage\":\"sv-SE\",\"@id\":\"https:\/\/www.kirkonulkomaanapu.fi\/sv\/om-oss\/historia\/annual-report-2015\/rekordar-for-kvinnobanken\/#primaryimage\",\"url\":\"https:\/\/www.kirkonulkomaanapu.fi\/wp-content\/uploads\/2016\/07\/Naisten-Pankki_Sofi-Oksanen_Toni-H\u00e4rk\u00f6nen-1.jpg\",\"contentUrl\":\"https:\/\/www.kirkonulkomaanapu.fi\/wp-content\/uploads\/2016\/07\/Naisten-Pankki_Sofi-Oksanen_Toni-H\u00e4rk\u00f6nen-1.jpg\",\"width\":2657,\"height\":1772},{\"@type\":\"BreadcrumbList\",\"@id\":\"https:\/\/www.kirkonulkomaanapu.fi\/sv\/om-oss\/historia\/annual-report-2015\/rekordar-for-kvinnobanken\/#breadcrumb\",\"itemListElement\":[{\"@type\":\"ListItem\",\"position\":1,\"name\":\"Home\",\"item\":\"https:\/\/www.kirkonulkomaanapu.fi\/sv\/\"},{\"@type\":\"ListItem\",\"position\":2,\"name\":\"Om oss\",\"item\":\"https:\/\/www.kirkonulkomaanapu.fi\/sv\/om-oss\/\"},{\"@type\":\"ListItem\",\"position\":3,\"name\":\"Historia\",\"item\":\"https:\/\/www.kirkonulkomaanapu.fi\/sv\/om-oss\/historia\/\"},{\"@type\":\"ListItem\",\"position\":4,\"name\":\"\u00c5rs\u00f6versikt 2015\",\"item\":\"https:\/\/www.kirkonulkomaanapu.fi\/sv\/om-oss\/historia\/annual-report-2015\/\"},{\"@type\":\"ListItem\",\"position\":5,\"name\":\"Rekord\u00e5r f\u00f6r Kvinnobanken\"}]},{\"@type\":\"WebSite\",\"@id\":\"https:\/\/www.kirkonulkomaanapu.fi\/#website\",\"url\":\"https:\/\/www.kirkonulkomaanapu.fi\/\",\"name\":\"Kirkon Ulkomaanapu\",\"description\":\"Suomen suurin kehitysyhteisty\u00f6j\u00e4rjest\u00f6\",\"publisher\":{\"@id\":\"https:\/\/www.kirkonulkomaanapu.fi\/#organization\"},\"alternateName\":\"KUA\",\"potentialAction\":[{\"@type\":\"SearchAction\",\"target\":{\"@type\":\"EntryPoint\",\"urlTemplate\":\"https:\/\/www.kirkonulkomaanapu.fi\/?s={search_term_string}\"},\"query-input\":{\"@type\":\"PropertyValueSpecification\",\"valueRequired\":true,\"valueName\":\"search_term_string\"}}],\"inLanguage\":\"sv-SE\"},{\"@type\":\"Organization\",\"@id\":\"https:\/\/www.kirkonulkomaanapu.fi\/#organization\",\"name\":\"Kirkon Ulkomaanapu\",\"alternateName\":\"KUA\",\"url\":\"https:\/\/www.kirkonulkomaanapu.fi\/\",\"logo\":{\"@type\":\"ImageObject\",\"inLanguage\":\"sv-SE\",\"@id\":\"https:\/\/www.kirkonulkomaanapu.fi\/#\/schema\/logo\/image\/\",\"url\":\"https:\/\/www.kirkonulkomaanapu.fi\/wp-content\/uploads\/2026\/02\/Kirkon-ulkomaanapu-logo-1.png\",\"contentUrl\":\"https:\/\/www.kirkonulkomaanapu.fi\/wp-content\/uploads\/2026\/02\/Kirkon-ulkomaanapu-logo-1.png\",\"width\":225,\"height\":225,\"caption\":\"Kirkon Ulkomaanapu\"},\"image\":{\"@id\":\"https:\/\/www.kirkonulkomaanapu.fi\/#\/schema\/logo\/image\/\"},\"sameAs\":[\"https:\/\/www.facebook.com\/Ulkomaanapu\/\",\"https:\/\/www.youtube.com\/user\/kirkonulkomaanapu\",\"https:\/\/instagram.com\/kirkon_ulkomaanapu\/\",\"https:\/\/www.linkedin.com\/company\/finn-church-aid\/\"]}]}<\/script>\n<!-- \/ Yoast SEO plugin. -->","yoast_head_json":{"title":"Rekord\u00e5r f\u00f6r Kvinnobanken - Kyrkans Utlandshj\u00e4lp","robots":{"index":"index","follow":"follow","max-snippet":"max-snippet:-1","max-image-preview":"max-image-preview:large","max-video-preview":"max-video-preview:-1"},"canonical":"https:\/\/www.kirkonulkomaanapu.fi\/sv\/om-oss\/historia\/annual-report-2015\/rekordar-for-kvinnobanken\/","og_locale":"sv_SE","og_type":"article","og_title":"Rekord\u00e5r f\u00f6r Kvinnobanken - Kyrkans Utlandshj\u00e4lp","og_description":"\u00c5r 2015 var ett rekord\u00e5r f\u00f6r Kvinnobanken. Medelanskaffningen inbringade 1,44 miljoner euro. D\u00e4r spelade de privata bidragsgivarna, m\u00e5nadsgivarna, aktion\u00e4rerna och de lokala grupperna en mycket stor roll. \u00c4ven de nationella evenemangen krossade gr\u00e4nser. G\u00e5 ett yrke till en kvinna ordnades f\u00f6r sj\u00e4tte g\u00e5ngen och genererade otroliga 70 000 euro. Evenemanget ordnades f\u00f6r f\u00f6rsta g\u00e5ngen ocks\u00e5 [&hellip;]","og_url":"https:\/\/www.kirkonulkomaanapu.fi\/sv\/om-oss\/historia\/annual-report-2015\/rekordar-for-kvinnobanken\/","og_site_name":"Kyrkans Utlandshj\u00e4lp","article_publisher":"https:\/\/www.facebook.com\/Ulkomaanapu\/","og_image":[{"width":2657,"height":1772,"url":"https:\/\/www.kirkonulkomaanapu.fi\/wp-content\/uploads\/2016\/07\/Naisten-Pankki_Sofi-Oksanen_Toni-H\u00e4rk\u00f6nen-1.jpg","type":"image\/jpeg"}],"twitter_misc":{"Ber\u00e4knad l\u00e4stid":"1 minut"},"schema":{"@context":"https:\/\/schema.org","@graph":[{"@type":"WebPage","@id":"https:\/\/www.kirkonulkomaanapu.fi\/sv\/om-oss\/historia\/annual-report-2015\/rekordar-for-kvinnobanken\/","url":"https:\/\/www.kirkonulkomaanapu.fi\/sv\/om-oss\/historia\/annual-report-2015\/rekordar-for-kvinnobanken\/","name":"Rekord\u00e5r f\u00f6r Kvinnobanken - Kyrkans Utlandshj\u00e4lp","isPartOf":{"@id":"https:\/\/www.kirkonulkomaanapu.fi\/#website"},"primaryImageOfPage":{"@id":"https:\/\/www.kirkonulkomaanapu.fi\/sv\/om-oss\/historia\/annual-report-2015\/rekordar-for-kvinnobanken\/#primaryimage"},"image":{"@id":"https:\/\/www.kirkonulkomaanapu.fi\/sv\/om-oss\/historia\/annual-report-2015\/rekordar-for-kvinnobanken\/#primaryimage"},"thumbnailUrl":"https:\/\/www.kirkonulkomaanapu.fi\/wp-content\/uploads\/2016\/07\/Naisten-Pankki_Sofi-Oksanen_Toni-H\u00e4rk\u00f6nen-1.jpg","datePublished":"2016-07-27T10:48:58+00:00","breadcrumb":{"@id":"https:\/\/www.kirkonulkomaanapu.fi\/sv\/om-oss\/historia\/annual-report-2015\/rekordar-for-kvinnobanken\/#breadcrumb"},"inLanguage":"sv-SE","potentialAction":[{"@type":"ReadAction","target":["https:\/\/www.kirkonulkomaanapu.fi\/sv\/om-oss\/historia\/annual-report-2015\/rekordar-for-kvinnobanken\/"]}]},{"@type":"ImageObject","inLanguage":"sv-SE","@id":"https:\/\/www.kirkonulkomaanapu.fi\/sv\/om-oss\/historia\/annual-report-2015\/rekordar-for-kvinnobanken\/#primaryimage","url":"https:\/\/www.kirkonulkomaanapu.fi\/wp-content\/uploads\/2016\/07\/Naisten-Pankki_Sofi-Oksanen_Toni-H\u00e4rk\u00f6nen-1.jpg","contentUrl":"https:\/\/www.kirkonulkomaanapu.fi\/wp-content\/uploads\/2016\/07\/Naisten-Pankki_Sofi-Oksanen_Toni-H\u00e4rk\u00f6nen-1.jpg","width":2657,"height":1772},{"@type":"BreadcrumbList","@id":"https:\/\/www.kirkonulkomaanapu.fi\/sv\/om-oss\/historia\/annual-report-2015\/rekordar-for-kvinnobanken\/#breadcrumb","itemListElement":[{"@type":"ListItem","position":1,"name":"Home","item":"https:\/\/www.kirkonulkomaanapu.fi\/sv\/"},{"@type":"ListItem","position":2,"name":"Om oss","item":"https:\/\/www.kirkonulkomaanapu.fi\/sv\/om-oss\/"},{"@type":"ListItem","position":3,"name":"Historia","item":"https:\/\/www.kirkonulkomaanapu.fi\/sv\/om-oss\/historia\/"},{"@type":"ListItem","position":4,"name":"\u00c5rs\u00f6versikt 2015","item":"https:\/\/www.kirkonulkomaanapu.fi\/sv\/om-oss\/historia\/annual-report-2015\/"},{"@type":"ListItem","position":5,"name":"Rekord\u00e5r f\u00f6r Kvinnobanken"}]},{"@type":"WebSite","@id":"https:\/\/www.kirkonulkomaanapu.fi\/#website","url":"https:\/\/www.kirkonulkomaanapu.fi\/","name":"Kirkon Ulkomaanapu","description":"Suomen suurin kehitysyhteisty\u00f6j\u00e4rjest\u00f6","publisher":{"@id":"https:\/\/www.kirkonulkomaanapu.fi\/#organization"},"alternateName":"KUA","potentialAction":[{"@type":"SearchAction","target":{"@type":"EntryPoint","urlTemplate":"https:\/\/www.kirkonulkomaanapu.fi\/?s={search_term_string}"},"query-input":{"@type":"PropertyValueSpecification","valueRequired":true,"valueName":"search_term_string"}}],"inLanguage":"sv-SE"},{"@type":"Organization","@id":"https:\/\/www.kirkonulkomaanapu.fi\/#organization","name":"Kirkon Ulkomaanapu","alternateName":"KUA","url":"https:\/\/www.kirkonulkomaanapu.fi\/","logo":{"@type":"ImageObject","inLanguage":"sv-SE","@id":"https:\/\/www.kirkonulkomaanapu.fi\/#\/schema\/logo\/image\/","url":"https:\/\/www.kirkonulkomaanapu.fi\/wp-content\/uploads\/2026\/02\/Kirkon-ulkomaanapu-logo-1.png","contentUrl":"https:\/\/www.kirkonulkomaanapu.fi\/wp-content\/uploads\/2026\/02\/Kirkon-ulkomaanapu-logo-1.png","width":225,"height":225,"caption":"Kirkon Ulkomaanapu"},"image":{"@id":"https:\/\/www.kirkonulkomaanapu.fi\/#\/schema\/logo\/image\/"},"sameAs":["https:\/\/www.facebook.com\/Ulkomaanapu\/","https:\/\/www.youtube.com\/user\/kirkonulkomaanapu","https:\/\/instagram.com\/kirkon_ulkomaanapu\/","https:\/\/www.linkedin.com\/company\/finn-church-aid\/"]}]}},"_links":{"self":[{"href":"https:\/\/www.kirkonulkomaanapu.fi\/sv\/wp-json\/wp\/v2\/pages\/76088","targetHints":{"allow":["GET"]}}],"collection":[{"href":"https:\/\/www.kirkonulkomaanapu.fi\/sv\/wp-json\/wp\/v2\/pages"}],"about":[{"href":"https:\/\/www.kirkonulkomaanapu.fi\/sv\/wp-json\/wp\/v2\/types\/page"}],"author":[{"embeddable":true,"href":"https:\/\/www.kirkonulkomaanapu.fi\/sv\/wp-json\/wp\/v2\/users\/61"}],"replies":[{"embeddable":true,"href":"https:\/\/www.kirkonulkomaanapu.fi\/sv\/wp-json\/wp\/v2\/comments?post=76088"}],"version-history":[{"count":2,"href":"https:\/\/www.kirkonulkomaanapu.fi\/sv\/wp-json\/wp\/v2\/pages\/76088\/revisions"}],"predecessor-version":[{"id":76107,"href":"https:\/\/www.kirkonulkomaanapu.fi\/sv\/wp-json\/wp\/v2\/pages\/76088\/revisions\/76107"}],"up":[{"embeddable":true,"href":"https:\/\/www.kirkonulkomaanapu.fi\/sv\/wp-json\/wp\/v2\/pages\/75672"}],"wp:featuredmedia":[{"embeddable":true,"href":"https:\/\/www.kirkonulkomaanapu.fi\/sv\/wp-json\/wp\/v2\/media\/75975"}],"wp:attachment":[{"href":"https:\/\/www.kirkonulkomaanapu.fi\/sv\/wp-json\/wp\/v2\/media?parent=76088"}],"curies":[{"name":"wp","href":"https:\/\/api.w.org\/{rel}","templated":true}]}}