{"id":7603,"date":"2014-04-08T15:27:18","date_gmt":"2014-04-08T12:27:18","guid":{"rendered":"https:\/\/www.kirkonulkomaanapu.fi\/?page_id=7603"},"modified":"2014-05-11T22:30:34","modified_gmt":"2014-05-11T19:30:34","slug":"tekoja-lehden-toimitus","status":"publish","type":"page","link":"https:\/\/www.kirkonulkomaanapu.fi\/sv\/aktuellt\/tekoja-handling-tidningarna\/tekoja-lehden-toimitus\/","title":{"rendered":"Redaktion"},"content":{"rendered":"<p>CHEFREDAKT\u00d6R <strong>Antti Pentik\u00e4inen<\/strong><\/p>\n<p>REDAKTIONSCHEF <strong>Katja Hedberg<\/strong><\/p>\n<p>REDAKTIONSSEKRETERARE <strong>Minna Elo<\/strong><\/p>\n<h2>Adress\u00e4ndringar:<\/h2>\n<p>Kundtj\u00e4nst tfn 020 787 1201,<br \/>\nkundtjanst (at) kyrkansutlandshjalp.fi<\/p>\n<p>Tekoja\/Handling utkommer fyra g\u00e5nger per \u00e5r och har en upplaga p\u00e5 drygt 30 000.<\/p>\n","protected":false},"excerpt":{"rendered":"<p>CHEFREDAKT\u00d6R Antti Pentik\u00e4inen REDAKTIONSCHEF Katja Hedberg REDAKTIONSSEKRETERARE Minna Elo Adress\u00e4ndringar: Kundtj\u00e4nst tfn 020 787 1201, kundtjanst (at) kyrkansutlandshjalp.fi Tekoja\/Handling utkommer fyra g\u00e5nger per \u00e5r och har en upplaga p\u00e5 drygt 30 000.<\/p>\n","protected":false},"author":7,"featured_media":0,"parent":3262,"menu_order":2,"comment_status":"closed","ping_status":"closed","template":"","meta":{"_acf_changed":false,"_relevanssi_hide_post":"","_relevanssi_hide_content":"","_relevanssi_pin_for_all":"","_relevanssi_pin_keywords":"","_relevanssi_unpin_keywords":"","_relevanssi_related_keywords":"","_relevanssi_related_include_ids":"","_relevanssi_related_exclude_ids":"","_relevanssi_related_no_append":"","_relevanssi_related_not_related":"","_relevanssi_related_posts":"","_relevanssi_noindex_reason":"","_improvement_type_select":"improve_an_existing","_thumb_yes_seoaic":false,"_frame_yes_seoaic":false,"seoaic_generate_description":"","seoaic_improve_instructions_prompt":"","seoaic_rollback_content_improvement":"","seoaic_idea_thumbnail_generator":"","thumbnail_generated":false,"thumbnail_generate_prompt":"","seoaic_article_description":"","footnotes":""},"class_list":["post-7603","page","type-page","status-publish","hentry"],"acf":[],"yoast_head":"<!-- This site is optimized with the Yoast SEO plugin v26.9 - https:\/\/yoast.com\/product\/yoast-seo-wordpress\/ -->\n<title>Redaktion - Kyrkans Utlandshj\u00e4lp<\/title>\n<meta name=\"description\" content=\"CHEFREDAKT\u00d6R Antti Pentik\u00e4inen REDAKTIONSCHEF Katja Hedberg REDAKTIONSSEKRETERARE Minna Elo Adress\u00e4ndringar: Kundtj\u00e4nst tfn 020 787 1201.\" \/>\n<meta name=\"robots\" content=\"index, follow, max-snippet:-1, max-image-preview:large, max-video-preview:-1\" \/>\n<link rel=\"canonical\" href=\"https:\/\/www.kirkonulkomaanapu.fi\/sv\/aktuellt\/tekoja-handling-tidningarna\/tekoja-lehden-toimitus\/\" \/>\n<meta property=\"og:locale\" content=\"sv_SE\" \/>\n<meta property=\"og:type\" content=\"article\" \/>\n<meta property=\"og:title\" content=\"Redaktion - Kyrkans Utlandshj\u00e4lp\" \/>\n<meta property=\"og:description\" content=\"CHEFREDAKT\u00d6R Antti Pentik\u00e4inen REDAKTIONSCHEF Katja Hedberg REDAKTIONSSEKRETERARE Minna Elo Adress\u00e4ndringar: Kundtj\u00e4nst tfn 020 787 1201.\" \/>\n<meta property=\"og:url\" content=\"https:\/\/www.kirkonulkomaanapu.fi\/sv\/aktuellt\/tekoja-handling-tidningarna\/tekoja-lehden-toimitus\/\" \/>\n<meta property=\"og:site_name\" content=\"Kyrkans Utlandshj\u00e4lp\" \/>\n<meta property=\"article:publisher\" content=\"https:\/\/www.facebook.com\/Ulkomaanapu\/\" \/>\n<meta property=\"article:modified_time\" content=\"2014-05-11T19:30:34+00:00\" \/>\n<meta property=\"og:image\" content=\"https:\/\/www.kirkonulkomaanapu.fi\/wp-content\/uploads\/2026\/02\/Kirkon-ulkomaanapu-logo.png\" \/>\n\t<meta property=\"og:image:width\" content=\"225\" \/>\n\t<meta property=\"og:image:height\" content=\"225\" \/>\n\t<meta property=\"og:image:type\" content=\"image\/png\" \/>\n<script type=\"application\/ld+json\" class=\"yoast-schema-graph\">{\"@context\":\"https:\/\/schema.org\",\"@graph\":[{\"@type\":\"WebPage\",\"@id\":\"https:\/\/www.kirkonulkomaanapu.fi\/sv\/aktuellt\/tekoja-handling-tidningarna\/tekoja-lehden-toimitus\/\",\"url\":\"https:\/\/www.kirkonulkomaanapu.fi\/sv\/aktuellt\/tekoja-handling-tidningarna\/tekoja-lehden-toimitus\/\",\"name\":\"Redaktion - Kyrkans Utlandshj\u00e4lp\",\"isPartOf\":{\"@id\":\"https:\/\/www.kirkonulkomaanapu.fi\/#website\"},\"datePublished\":\"2014-04-08T12:27:18+00:00\",\"dateModified\":\"2014-05-11T19:30:34+00:00\",\"description\":\"CHEFREDAKT\u00d6R Antti Pentik\u00e4inen REDAKTIONSCHEF Katja Hedberg REDAKTIONSSEKRETERARE Minna Elo Adress\u00e4ndringar: Kundtj\u00e4nst tfn 020 787 1201.\",\"breadcrumb\":{\"@id\":\"https:\/\/www.kirkonulkomaanapu.fi\/sv\/aktuellt\/tekoja-handling-tidningarna\/tekoja-lehden-toimitus\/#breadcrumb\"},\"inLanguage\":\"sv-SE\",\"potentialAction\":[{\"@type\":\"ReadAction\",\"target\":[\"https:\/\/www.kirkonulkomaanapu.fi\/sv\/aktuellt\/tekoja-handling-tidningarna\/tekoja-lehden-toimitus\/\"]}]},{\"@type\":\"BreadcrumbList\",\"@id\":\"https:\/\/www.kirkonulkomaanapu.fi\/sv\/aktuellt\/tekoja-handling-tidningarna\/tekoja-lehden-toimitus\/#breadcrumb\",\"itemListElement\":[{\"@type\":\"ListItem\",\"position\":1,\"name\":\"Home\",\"item\":\"https:\/\/www.kirkonulkomaanapu.fi\/sv\/\"},{\"@type\":\"ListItem\",\"position\":2,\"name\":\"Aktuellt\",\"item\":\"https:\/\/www.kirkonulkomaanapu.fi\/sv\/aktuellt\/\"},{\"@type\":\"ListItem\",\"position\":3,\"name\":\"Tekoja-Handling-tidningarna\",\"item\":\"https:\/\/www.kirkonulkomaanapu.fi\/sv\/aktuellt\/tekoja-handling-tidningarna\/\"},{\"@type\":\"ListItem\",\"position\":4,\"name\":\"Redaktion\"}]},{\"@type\":\"WebSite\",\"@id\":\"https:\/\/www.kirkonulkomaanapu.fi\/#website\",\"url\":\"https:\/\/www.kirkonulkomaanapu.fi\/\",\"name\":\"Kirkon Ulkomaanapu\",\"description\":\"Suomen suurin kehitysyhteisty\u00f6j\u00e4rjest\u00f6\",\"publisher\":{\"@id\":\"https:\/\/www.kirkonulkomaanapu.fi\/#organization\"},\"alternateName\":\"KUA\",\"potentialAction\":[{\"@type\":\"SearchAction\",\"target\":{\"@type\":\"EntryPoint\",\"urlTemplate\":\"https:\/\/www.kirkonulkomaanapu.fi\/?s={search_term_string}\"},\"query-input\":{\"@type\":\"PropertyValueSpecification\",\"valueRequired\":true,\"valueName\":\"search_term_string\"}}],\"inLanguage\":\"sv-SE\"},{\"@type\":\"Organization\",\"@id\":\"https:\/\/www.kirkonulkomaanapu.fi\/#organization\",\"name\":\"Kirkon Ulkomaanapu\",\"alternateName\":\"KUA\",\"url\":\"https:\/\/www.kirkonulkomaanapu.fi\/\",\"logo\":{\"@type\":\"ImageObject\",\"inLanguage\":\"sv-SE\",\"@id\":\"https:\/\/www.kirkonulkomaanapu.fi\/#\/schema\/logo\/image\/\",\"url\":\"https:\/\/www.kirkonulkomaanapu.fi\/wp-content\/uploads\/2026\/02\/Kirkon-ulkomaanapu-logo-1.png\",\"contentUrl\":\"https:\/\/www.kirkonulkomaanapu.fi\/wp-content\/uploads\/2026\/02\/Kirkon-ulkomaanapu-logo-1.png\",\"width\":225,\"height\":225,\"caption\":\"Kirkon Ulkomaanapu\"},\"image\":{\"@id\":\"https:\/\/www.kirkonulkomaanapu.fi\/#\/schema\/logo\/image\/\"},\"sameAs\":[\"https:\/\/www.facebook.com\/Ulkomaanapu\/\",\"https:\/\/www.youtube.com\/user\/kirkonulkomaanapu\",\"https:\/\/instagram.com\/kirkon_ulkomaanapu\/\",\"https:\/\/www.linkedin.com\/company\/finn-church-aid\/\"]}]}<\/script>\n<!-- \/ Yoast SEO plugin. -->","yoast_head_json":{"title":"Redaktion - Kyrkans Utlandshj\u00e4lp","description":"CHEFREDAKT\u00d6R Antti Pentik\u00e4inen REDAKTIONSCHEF Katja Hedberg REDAKTIONSSEKRETERARE Minna Elo Adress\u00e4ndringar: Kundtj\u00e4nst tfn 020 787 1201.","robots":{"index":"index","follow":"follow","max-snippet":"max-snippet:-1","max-image-preview":"max-image-preview:large","max-video-preview":"max-video-preview:-1"},"canonical":"https:\/\/www.kirkonulkomaanapu.fi\/sv\/aktuellt\/tekoja-handling-tidningarna\/tekoja-lehden-toimitus\/","og_locale":"sv_SE","og_type":"article","og_title":"Redaktion - Kyrkans Utlandshj\u00e4lp","og_description":"CHEFREDAKT\u00d6R Antti Pentik\u00e4inen REDAKTIONSCHEF Katja Hedberg REDAKTIONSSEKRETERARE Minna Elo Adress\u00e4ndringar: Kundtj\u00e4nst tfn 020 787 1201.","og_url":"https:\/\/www.kirkonulkomaanapu.fi\/sv\/aktuellt\/tekoja-handling-tidningarna\/tekoja-lehden-toimitus\/","og_site_name":"Kyrkans Utlandshj\u00e4lp","article_publisher":"https:\/\/www.facebook.com\/Ulkomaanapu\/","article_modified_time":"2014-05-11T19:30:34+00:00","og_image":[{"width":225,"height":225,"url":"https:\/\/www.kirkonulkomaanapu.fi\/wp-content\/uploads\/2026\/02\/Kirkon-ulkomaanapu-logo.png","type":"image\/png"}],"schema":{"@context":"https:\/\/schema.org","@graph":[{"@type":"WebPage","@id":"https:\/\/www.kirkonulkomaanapu.fi\/sv\/aktuellt\/tekoja-handling-tidningarna\/tekoja-lehden-toimitus\/","url":"https:\/\/www.kirkonulkomaanapu.fi\/sv\/aktuellt\/tekoja-handling-tidningarna\/tekoja-lehden-toimitus\/","name":"Redaktion - Kyrkans Utlandshj\u00e4lp","isPartOf":{"@id":"https:\/\/www.kirkonulkomaanapu.fi\/#website"},"datePublished":"2014-04-08T12:27:18+00:00","dateModified":"2014-05-11T19:30:34+00:00","description":"CHEFREDAKT\u00d6R Antti Pentik\u00e4inen REDAKTIONSCHEF Katja Hedberg REDAKTIONSSEKRETERARE Minna Elo Adress\u00e4ndringar: Kundtj\u00e4nst tfn 020 787 1201.","breadcrumb":{"@id":"https:\/\/www.kirkonulkomaanapu.fi\/sv\/aktuellt\/tekoja-handling-tidningarna\/tekoja-lehden-toimitus\/#breadcrumb"},"inLanguage":"sv-SE","potentialAction":[{"@type":"ReadAction","target":["https:\/\/www.kirkonulkomaanapu.fi\/sv\/aktuellt\/tekoja-handling-tidningarna\/tekoja-lehden-toimitus\/"]}]},{"@type":"BreadcrumbList","@id":"https:\/\/www.kirkonulkomaanapu.fi\/sv\/aktuellt\/tekoja-handling-tidningarna\/tekoja-lehden-toimitus\/#breadcrumb","itemListElement":[{"@type":"ListItem","position":1,"name":"Home","item":"https:\/\/www.kirkonulkomaanapu.fi\/sv\/"},{"@type":"ListItem","position":2,"name":"Aktuellt","item":"https:\/\/www.kirkonulkomaanapu.fi\/sv\/aktuellt\/"},{"@type":"ListItem","position":3,"name":"Tekoja-Handling-tidningarna","item":"https:\/\/www.kirkonulkomaanapu.fi\/sv\/aktuellt\/tekoja-handling-tidningarna\/"},{"@type":"ListItem","position":4,"name":"Redaktion"}]},{"@type":"WebSite","@id":"https:\/\/www.kirkonulkomaanapu.fi\/#website","url":"https:\/\/www.kirkonulkomaanapu.fi\/","name":"Kirkon Ulkomaanapu","description":"Suomen suurin kehitysyhteisty\u00f6j\u00e4rjest\u00f6","publisher":{"@id":"https:\/\/www.kirkonulkomaanapu.fi\/#organization"},"alternateName":"KUA","potentialAction":[{"@type":"SearchAction","target":{"@type":"EntryPoint","urlTemplate":"https:\/\/www.kirkonulkomaanapu.fi\/?s={search_term_string}"},"query-input":{"@type":"PropertyValueSpecification","valueRequired":true,"valueName":"search_term_string"}}],"inLanguage":"sv-SE"},{"@type":"Organization","@id":"https:\/\/www.kirkonulkomaanapu.fi\/#organization","name":"Kirkon Ulkomaanapu","alternateName":"KUA","url":"https:\/\/www.kirkonulkomaanapu.fi\/","logo":{"@type":"ImageObject","inLanguage":"sv-SE","@id":"https:\/\/www.kirkonulkomaanapu.fi\/#\/schema\/logo\/image\/","url":"https:\/\/www.kirkonulkomaanapu.fi\/wp-content\/uploads\/2026\/02\/Kirkon-ulkomaanapu-logo-1.png","contentUrl":"https:\/\/www.kirkonulkomaanapu.fi\/wp-content\/uploads\/2026\/02\/Kirkon-ulkomaanapu-logo-1.png","width":225,"height":225,"caption":"Kirkon Ulkomaanapu"},"image":{"@id":"https:\/\/www.kirkonulkomaanapu.fi\/#\/schema\/logo\/image\/"},"sameAs":["https:\/\/www.facebook.com\/Ulkomaanapu\/","https:\/\/www.youtube.com\/user\/kirkonulkomaanapu","https:\/\/instagram.com\/kirkon_ulkomaanapu\/","https:\/\/www.linkedin.com\/company\/finn-church-aid\/"]}]}},"_links":{"self":[{"href":"https:\/\/www.kirkonulkomaanapu.fi\/sv\/wp-json\/wp\/v2\/pages\/7603","targetHints":{"allow":["GET"]}}],"collection":[{"href":"https:\/\/www.kirkonulkomaanapu.fi\/sv\/wp-json\/wp\/v2\/pages"}],"about":[{"href":"https:\/\/www.kirkonulkomaanapu.fi\/sv\/wp-json\/wp\/v2\/types\/page"}],"author":[{"embeddable":true,"href":"https:\/\/www.kirkonulkomaanapu.fi\/sv\/wp-json\/wp\/v2\/users\/7"}],"replies":[{"embeddable":true,"href":"https:\/\/www.kirkonulkomaanapu.fi\/sv\/wp-json\/wp\/v2\/comments?post=7603"}],"version-history":[{"count":1,"href":"https:\/\/www.kirkonulkomaanapu.fi\/sv\/wp-json\/wp\/v2\/pages\/7603\/revisions"}],"predecessor-version":[{"id":7604,"href":"https:\/\/www.kirkonulkomaanapu.fi\/sv\/wp-json\/wp\/v2\/pages\/7603\/revisions\/7604"}],"up":[{"embeddable":true,"href":"https:\/\/www.kirkonulkomaanapu.fi\/sv\/wp-json\/wp\/v2\/pages\/3262"}],"wp:attachment":[{"href":"https:\/\/www.kirkonulkomaanapu.fi\/sv\/wp-json\/wp\/v2\/media?parent=7603"}],"curies":[{"name":"wp","href":"https:\/\/api.w.org\/{rel}","templated":true}]}}