{"id":75672,"date":"2016-07-27T13:42:41","date_gmt":"2016-07-27T10:42:41","guid":{"rendered":"https:\/\/www.kirkonulkomaanapu.fi\/sv\/?page_id=75672"},"modified":"2017-06-28T08:57:07","modified_gmt":"2017-06-28T05:57:07","slug":"annual-report-2015","status":"publish","type":"page","link":"https:\/\/www.kirkonulkomaanapu.fi\/sv\/om-oss\/historia\/annual-report-2015\/","title":{"rendered":"\u00c5rs\u00f6versikt 2015"},"content":{"rendered":"<h2>Bist\u00e5ndsarbetets &#8221;galna \u00e5r&#8221;<\/h2>\n<p>\u00c5r 2015 blev utvecklingssamarbetet och den humanit\u00e4ra hj\u00e4lpen f\u00f6rem\u00e5l f\u00f6r mer uppm\u00e4rksamhet \u00e4n n\u00e5gonsin tidigare.<\/p>\n<p>P\u00e5 v\u00e5ren sk\u00e4lvde jorden i Nepal med katastrofala f\u00f6ljder. N\u00e4r sommaren stod f\u00f6r d\u00f6rren meddelade Finlands regering att den med h\u00e5rd hand sk\u00e4r ner anslagen f\u00f6r utvecklingssamarbete. Med h\u00f6sten kom nyheterna om n\u00f6den hos dem som flyr till Europa och om hur antalet flyktingar snabbt \u00f6kade.<\/p>\n<p>Kyrkans Utlandshj\u00e4lps svar var att ta en aktiv roll i diskussionen om f\u00f6ljderna av de s\u00e4nkta anslagen och om asyls\u00f6kandenas r\u00e4ttigheter.<\/p>\n<p>De s\u00e4nkta anslagen ledde till att utvecklingsprogram avslutades, ett f\u00e4ltkontor st\u00e4ngdes och till att personal sades upp. I fem l\u00e4nder tvingades vi avsluta v\u00e5rt arbete helt.<\/p>\n<p>Hj\u00e4lpbehovet \u00e4r st\u00f6rre \u00e4n n\u00e5gonsin. Man borde satsa mer \u00e4n tidigare p\u00e5 att utveckla flyktingarnas heml\u00e4nder och g\u00f6ra dem stabile.<\/p>\n<p>Men inget ont som inte f\u00f6r n\u00e5got gott med sig. Regeringens beslut att investera i att fr\u00e4mja utvecklingsl\u00e4ndernas privata sector gav \u00e4ven medborgarorganisationerna nya m\u00f6jligheter att utveckla nya finansierings- och verksamhetsformer. Utlandshj\u00e4lpen antog utmaningen och b\u00f6rjade skapa en ny sorts investeringsfond f\u00f6r att st\u00f6da utvecklingsl\u00e4ndernas sm\u00e5 och medelstora f\u00f6retag.<\/p>\n<p>De asyls\u00f6kande \u00f6verraskade Finland och hela Europa. De cirka 35 000 asyls\u00f6kandenas ankomst v\u00e4ckte i finl\u00e4ndarna en lust att hj\u00e4lpa, men framkallade tyv\u00e4rr ocks\u00e5 hatprat och motst\u00e5nd. Kyrkans Utlandshj\u00e4lp startade \u00e5ter upp sitt arbete i Europa och Finland.<\/p>\n<p>I programl\u00e4nderna fick Utlandshj\u00e4lpens verksamhet \u00e5ter en g\u00e5ng stort erk\u00e4nnande av hj\u00e4lpens mottagare, mottagarl\u00e4ndernas myndigheter och finansi\u00e4rerna. Den snabbhet med vilken Utlandshj\u00e4lpen byggde provisoriska skolor f\u00f6r 17 000 barn i Nepal fick mycket uppm\u00e4rksamhet. I Somalia deltog vi i 36 regional fredprocesser och hade en viktig roll i grundandet av en federal administration i mellersta Somalia. I Uganda startade vi ett projekt f\u00f6r specialundervisning av handikappade flyktingbarn och \u00f6ppnade en yrkesskola f\u00f6r unga flyktingar.<\/p>\n<p><img loading=\"lazy\" decoding=\"async\" class=\"wp-image-75401 alignleft\" src=\"https:\/\/www.kirkonulkomaanapu.fi\/wp-content\/uploads\/2016\/07\/medium_Hemberg_Jouni_MG_8212_copy_1.jpg\" alt=\"medium_Hemberg_Jouni_MG_8212_copy_1\" width=\"151\" height=\"151\" srcset=\"https:\/\/www.kirkonulkomaanapu.fi\/wp-content\/uploads\/2016\/07\/medium_Hemberg_Jouni_MG_8212_copy_1.jpg 409w, https:\/\/www.kirkonulkomaanapu.fi\/wp-content\/uploads\/2016\/07\/medium_Hemberg_Jouni_MG_8212_copy_1-150x150.jpg 150w, https:\/\/www.kirkonulkomaanapu.fi\/wp-content\/uploads\/2016\/07\/medium_Hemberg_Jouni_MG_8212_copy_1-178x178.jpg 178w\" sizes=\"auto, (max-width: 151px) 100vw, 151px\" \/><\/p>\n<p>I enlighet med v\u00e5r strategi \u00e4r v\u00e5ra verksamhetsl\u00e4nder br\u00e4ckliga och utmanande. Ofta arbetar vi i lander d\u00e4r andra akt\u00f6rer och organisationer knappt syns till. Vi tackar v\u00e5ra anst\u00e4llda f\u00f6r v\u00e5ra framg\u00e5ngar. Vi vill ocks\u00e5 varmt tacka alla bidragsgivare och alla frivilliga i v\u00e5ra n\u00e4tverk.<\/p>\n<p><strong>Jouni Hemberg<br \/>\n<\/strong>Verksamhetsledare<\/p>\n<p>&nbsp;<\/p>\n","protected":false},"excerpt":{"rendered":"<p>Bist\u00e5ndsarbetets &#8221;galna \u00e5r&#8221; \u00c5r 2015 blev utvecklingssamarbetet och den humanit\u00e4ra hj\u00e4lpen f\u00f6rem\u00e5l f\u00f6r mer uppm\u00e4rksamhet \u00e4n n\u00e5gonsin tidigare. P\u00e5 v\u00e5ren sk\u00e4lvde jorden i Nepal med katastrofala f\u00f6ljder. N\u00e4r sommaren stod f\u00f6r d\u00f6rren meddelade Finlands regering att den med h\u00e5rd hand sk\u00e4r ner anslagen f\u00f6r utvecklingssamarbete. Med h\u00f6sten kom nyheterna om n\u00f6den hos dem som flyr [&hellip;]<\/p>\n","protected":false},"author":8,"featured_media":75453,"parent":3277,"menu_order":0,"comment_status":"closed","ping_status":"closed","template":"page-templates\/vuosikertomus.php","meta":{"_acf_changed":false,"_relevanssi_hide_post":"","_relevanssi_hide_content":"","_relevanssi_pin_for_all":"","_relevanssi_pin_keywords":"","_relevanssi_unpin_keywords":"","_relevanssi_related_keywords":"","_relevanssi_related_include_ids":"","_relevanssi_related_exclude_ids":"","_relevanssi_related_no_append":"","_relevanssi_related_not_related":"","_relevanssi_related_posts":"","_relevanssi_noindex_reason":"","_improvement_type_select":"improve_an_existing","_thumb_yes_seoaic":false,"_frame_yes_seoaic":false,"seoaic_generate_description":"","seoaic_improve_instructions_prompt":"","seoaic_rollback_content_improvement":"","seoaic_idea_thumbnail_generator":"","thumbnail_generated":false,"thumbnail_generate_prompt":"","seoaic_article_description":"","footnotes":""},"class_list":["post-75672","page","type-page","status-publish","has-post-thumbnail","hentry"],"acf":[],"yoast_head":"<!-- This site is optimized with the Yoast SEO plugin v26.9 - https:\/\/yoast.com\/product\/yoast-seo-wordpress\/ -->\n<title>\u00c5rs\u00f6versikt 2015 - Kyrkans Utlandshj\u00e4lp<\/title>\n<meta name=\"robots\" content=\"index, follow, max-snippet:-1, max-image-preview:large, max-video-preview:-1\" \/>\n<link rel=\"canonical\" href=\"https:\/\/www.kirkonulkomaanapu.fi\/sv\/om-oss\/historia\/annual-report-2015\/\" \/>\n<meta property=\"og:locale\" content=\"sv_SE\" \/>\n<meta property=\"og:type\" content=\"article\" \/>\n<meta property=\"og:title\" content=\"\u00c5rs\u00f6versikt 2015 - Kyrkans Utlandshj\u00e4lp\" \/>\n<meta property=\"og:description\" content=\"Bist\u00e5ndsarbetets &#8221;galna \u00e5r&#8221; \u00c5r 2015 blev utvecklingssamarbetet och den humanit\u00e4ra hj\u00e4lpen f\u00f6rem\u00e5l f\u00f6r mer uppm\u00e4rksamhet \u00e4n n\u00e5gonsin tidigare. P\u00e5 v\u00e5ren sk\u00e4lvde jorden i Nepal med katastrofala f\u00f6ljder. N\u00e4r sommaren stod f\u00f6r d\u00f6rren meddelade Finlands regering att den med h\u00e5rd hand sk\u00e4r ner anslagen f\u00f6r utvecklingssamarbete. Med h\u00f6sten kom nyheterna om n\u00f6den hos dem som flyr [&hellip;]\" \/>\n<meta property=\"og:url\" content=\"https:\/\/www.kirkonulkomaanapu.fi\/sv\/om-oss\/historia\/annual-report-2015\/\" \/>\n<meta property=\"og:site_name\" content=\"Kyrkans Utlandshj\u00e4lp\" \/>\n<meta property=\"article:publisher\" content=\"https:\/\/www.facebook.com\/Ulkomaanapu\/\" \/>\n<meta property=\"article:modified_time\" content=\"2017-06-28T05:57:07+00:00\" \/>\n<meta property=\"og:image\" content=\"https:\/\/www.kirkonulkomaanapu.fi\/wp-content\/uploads\/2016\/07\/webkansi_Liberia_FCA_016-2.jpg\" \/>\n\t<meta property=\"og:image:width\" content=\"1024\" \/>\n\t<meta property=\"og:image:height\" content=\"554\" \/>\n\t<meta property=\"og:image:type\" content=\"image\/jpeg\" \/>\n<meta name=\"twitter:label1\" content=\"Ber\u00e4knad l\u00e4stid\" \/>\n\t<meta name=\"twitter:data1\" content=\"2 minuter\" \/>\n<script type=\"application\/ld+json\" class=\"yoast-schema-graph\">{\"@context\":\"https:\/\/schema.org\",\"@graph\":[{\"@type\":\"WebPage\",\"@id\":\"https:\/\/www.kirkonulkomaanapu.fi\/sv\/om-oss\/historia\/annual-report-2015\/\",\"url\":\"https:\/\/www.kirkonulkomaanapu.fi\/sv\/om-oss\/historia\/annual-report-2015\/\",\"name\":\"\u00c5rs\u00f6versikt 2015 - Kyrkans Utlandshj\u00e4lp\",\"isPartOf\":{\"@id\":\"https:\/\/www.kirkonulkomaanapu.fi\/#website\"},\"primaryImageOfPage\":{\"@id\":\"https:\/\/www.kirkonulkomaanapu.fi\/sv\/om-oss\/historia\/annual-report-2015\/#primaryimage\"},\"image\":{\"@id\":\"https:\/\/www.kirkonulkomaanapu.fi\/sv\/om-oss\/historia\/annual-report-2015\/#primaryimage\"},\"thumbnailUrl\":\"https:\/\/www.kirkonulkomaanapu.fi\/wp-content\/uploads\/2016\/07\/webkansi_Liberia_FCA_016-2.jpg\",\"datePublished\":\"2016-07-27T10:42:41+00:00\",\"dateModified\":\"2017-06-28T05:57:07+00:00\",\"breadcrumb\":{\"@id\":\"https:\/\/www.kirkonulkomaanapu.fi\/sv\/om-oss\/historia\/annual-report-2015\/#breadcrumb\"},\"inLanguage\":\"sv-SE\",\"potentialAction\":[{\"@type\":\"ReadAction\",\"target\":[\"https:\/\/www.kirkonulkomaanapu.fi\/sv\/om-oss\/historia\/annual-report-2015\/\"]}]},{\"@type\":\"ImageObject\",\"inLanguage\":\"sv-SE\",\"@id\":\"https:\/\/www.kirkonulkomaanapu.fi\/sv\/om-oss\/historia\/annual-report-2015\/#primaryimage\",\"url\":\"https:\/\/www.kirkonulkomaanapu.fi\/wp-content\/uploads\/2016\/07\/webkansi_Liberia_FCA_016-2.jpg\",\"contentUrl\":\"https:\/\/www.kirkonulkomaanapu.fi\/wp-content\/uploads\/2016\/07\/webkansi_Liberia_FCA_016-2.jpg\",\"width\":1024,\"height\":554,\"caption\":\"Mercy Gardea\"},{\"@type\":\"BreadcrumbList\",\"@id\":\"https:\/\/www.kirkonulkomaanapu.fi\/sv\/om-oss\/historia\/annual-report-2015\/#breadcrumb\",\"itemListElement\":[{\"@type\":\"ListItem\",\"position\":1,\"name\":\"Home\",\"item\":\"https:\/\/www.kirkonulkomaanapu.fi\/sv\/\"},{\"@type\":\"ListItem\",\"position\":2,\"name\":\"Om oss\",\"item\":\"https:\/\/www.kirkonulkomaanapu.fi\/sv\/om-oss\/\"},{\"@type\":\"ListItem\",\"position\":3,\"name\":\"Historia\",\"item\":\"https:\/\/www.kirkonulkomaanapu.fi\/sv\/om-oss\/historia\/\"},{\"@type\":\"ListItem\",\"position\":4,\"name\":\"\u00c5rs\u00f6versikt 2015\"}]},{\"@type\":\"WebSite\",\"@id\":\"https:\/\/www.kirkonulkomaanapu.fi\/#website\",\"url\":\"https:\/\/www.kirkonulkomaanapu.fi\/\",\"name\":\"Kirkon Ulkomaanapu\",\"description\":\"Suomen suurin kehitysyhteisty\u00f6j\u00e4rjest\u00f6\",\"publisher\":{\"@id\":\"https:\/\/www.kirkonulkomaanapu.fi\/#organization\"},\"alternateName\":\"KUA\",\"potentialAction\":[{\"@type\":\"SearchAction\",\"target\":{\"@type\":\"EntryPoint\",\"urlTemplate\":\"https:\/\/www.kirkonulkomaanapu.fi\/?s={search_term_string}\"},\"query-input\":{\"@type\":\"PropertyValueSpecification\",\"valueRequired\":true,\"valueName\":\"search_term_string\"}}],\"inLanguage\":\"sv-SE\"},{\"@type\":\"Organization\",\"@id\":\"https:\/\/www.kirkonulkomaanapu.fi\/#organization\",\"name\":\"Kirkon Ulkomaanapu\",\"alternateName\":\"KUA\",\"url\":\"https:\/\/www.kirkonulkomaanapu.fi\/\",\"logo\":{\"@type\":\"ImageObject\",\"inLanguage\":\"sv-SE\",\"@id\":\"https:\/\/www.kirkonulkomaanapu.fi\/#\/schema\/logo\/image\/\",\"url\":\"https:\/\/www.kirkonulkomaanapu.fi\/wp-content\/uploads\/2026\/02\/Kirkon-ulkomaanapu-logo-1.png\",\"contentUrl\":\"https:\/\/www.kirkonulkomaanapu.fi\/wp-content\/uploads\/2026\/02\/Kirkon-ulkomaanapu-logo-1.png\",\"width\":225,\"height\":225,\"caption\":\"Kirkon Ulkomaanapu\"},\"image\":{\"@id\":\"https:\/\/www.kirkonulkomaanapu.fi\/#\/schema\/logo\/image\/\"},\"sameAs\":[\"https:\/\/www.facebook.com\/Ulkomaanapu\/\",\"https:\/\/www.youtube.com\/user\/kirkonulkomaanapu\",\"https:\/\/instagram.com\/kirkon_ulkomaanapu\/\",\"https:\/\/www.linkedin.com\/company\/finn-church-aid\/\"]}]}<\/script>\n<!-- \/ Yoast SEO plugin. -->","yoast_head_json":{"title":"\u00c5rs\u00f6versikt 2015 - Kyrkans Utlandshj\u00e4lp","robots":{"index":"index","follow":"follow","max-snippet":"max-snippet:-1","max-image-preview":"max-image-preview:large","max-video-preview":"max-video-preview:-1"},"canonical":"https:\/\/www.kirkonulkomaanapu.fi\/sv\/om-oss\/historia\/annual-report-2015\/","og_locale":"sv_SE","og_type":"article","og_title":"\u00c5rs\u00f6versikt 2015 - Kyrkans Utlandshj\u00e4lp","og_description":"Bist\u00e5ndsarbetets &#8221;galna \u00e5r&#8221; \u00c5r 2015 blev utvecklingssamarbetet och den humanit\u00e4ra hj\u00e4lpen f\u00f6rem\u00e5l f\u00f6r mer uppm\u00e4rksamhet \u00e4n n\u00e5gonsin tidigare. P\u00e5 v\u00e5ren sk\u00e4lvde jorden i Nepal med katastrofala f\u00f6ljder. N\u00e4r sommaren stod f\u00f6r d\u00f6rren meddelade Finlands regering att den med h\u00e5rd hand sk\u00e4r ner anslagen f\u00f6r utvecklingssamarbete. Med h\u00f6sten kom nyheterna om n\u00f6den hos dem som flyr [&hellip;]","og_url":"https:\/\/www.kirkonulkomaanapu.fi\/sv\/om-oss\/historia\/annual-report-2015\/","og_site_name":"Kyrkans Utlandshj\u00e4lp","article_publisher":"https:\/\/www.facebook.com\/Ulkomaanapu\/","article_modified_time":"2017-06-28T05:57:07+00:00","og_image":[{"width":1024,"height":554,"url":"https:\/\/www.kirkonulkomaanapu.fi\/wp-content\/uploads\/2016\/07\/webkansi_Liberia_FCA_016-2.jpg","type":"image\/jpeg"}],"twitter_misc":{"Ber\u00e4knad l\u00e4stid":"2 minuter"},"schema":{"@context":"https:\/\/schema.org","@graph":[{"@type":"WebPage","@id":"https:\/\/www.kirkonulkomaanapu.fi\/sv\/om-oss\/historia\/annual-report-2015\/","url":"https:\/\/www.kirkonulkomaanapu.fi\/sv\/om-oss\/historia\/annual-report-2015\/","name":"\u00c5rs\u00f6versikt 2015 - Kyrkans Utlandshj\u00e4lp","isPartOf":{"@id":"https:\/\/www.kirkonulkomaanapu.fi\/#website"},"primaryImageOfPage":{"@id":"https:\/\/www.kirkonulkomaanapu.fi\/sv\/om-oss\/historia\/annual-report-2015\/#primaryimage"},"image":{"@id":"https:\/\/www.kirkonulkomaanapu.fi\/sv\/om-oss\/historia\/annual-report-2015\/#primaryimage"},"thumbnailUrl":"https:\/\/www.kirkonulkomaanapu.fi\/wp-content\/uploads\/2016\/07\/webkansi_Liberia_FCA_016-2.jpg","datePublished":"2016-07-27T10:42:41+00:00","dateModified":"2017-06-28T05:57:07+00:00","breadcrumb":{"@id":"https:\/\/www.kirkonulkomaanapu.fi\/sv\/om-oss\/historia\/annual-report-2015\/#breadcrumb"},"inLanguage":"sv-SE","potentialAction":[{"@type":"ReadAction","target":["https:\/\/www.kirkonulkomaanapu.fi\/sv\/om-oss\/historia\/annual-report-2015\/"]}]},{"@type":"ImageObject","inLanguage":"sv-SE","@id":"https:\/\/www.kirkonulkomaanapu.fi\/sv\/om-oss\/historia\/annual-report-2015\/#primaryimage","url":"https:\/\/www.kirkonulkomaanapu.fi\/wp-content\/uploads\/2016\/07\/webkansi_Liberia_FCA_016-2.jpg","contentUrl":"https:\/\/www.kirkonulkomaanapu.fi\/wp-content\/uploads\/2016\/07\/webkansi_Liberia_FCA_016-2.jpg","width":1024,"height":554,"caption":"Mercy Gardea"},{"@type":"BreadcrumbList","@id":"https:\/\/www.kirkonulkomaanapu.fi\/sv\/om-oss\/historia\/annual-report-2015\/#breadcrumb","itemListElement":[{"@type":"ListItem","position":1,"name":"Home","item":"https:\/\/www.kirkonulkomaanapu.fi\/sv\/"},{"@type":"ListItem","position":2,"name":"Om oss","item":"https:\/\/www.kirkonulkomaanapu.fi\/sv\/om-oss\/"},{"@type":"ListItem","position":3,"name":"Historia","item":"https:\/\/www.kirkonulkomaanapu.fi\/sv\/om-oss\/historia\/"},{"@type":"ListItem","position":4,"name":"\u00c5rs\u00f6versikt 2015"}]},{"@type":"WebSite","@id":"https:\/\/www.kirkonulkomaanapu.fi\/#website","url":"https:\/\/www.kirkonulkomaanapu.fi\/","name":"Kirkon Ulkomaanapu","description":"Suomen suurin kehitysyhteisty\u00f6j\u00e4rjest\u00f6","publisher":{"@id":"https:\/\/www.kirkonulkomaanapu.fi\/#organization"},"alternateName":"KUA","potentialAction":[{"@type":"SearchAction","target":{"@type":"EntryPoint","urlTemplate":"https:\/\/www.kirkonulkomaanapu.fi\/?s={search_term_string}"},"query-input":{"@type":"PropertyValueSpecification","valueRequired":true,"valueName":"search_term_string"}}],"inLanguage":"sv-SE"},{"@type":"Organization","@id":"https:\/\/www.kirkonulkomaanapu.fi\/#organization","name":"Kirkon Ulkomaanapu","alternateName":"KUA","url":"https:\/\/www.kirkonulkomaanapu.fi\/","logo":{"@type":"ImageObject","inLanguage":"sv-SE","@id":"https:\/\/www.kirkonulkomaanapu.fi\/#\/schema\/logo\/image\/","url":"https:\/\/www.kirkonulkomaanapu.fi\/wp-content\/uploads\/2026\/02\/Kirkon-ulkomaanapu-logo-1.png","contentUrl":"https:\/\/www.kirkonulkomaanapu.fi\/wp-content\/uploads\/2026\/02\/Kirkon-ulkomaanapu-logo-1.png","width":225,"height":225,"caption":"Kirkon Ulkomaanapu"},"image":{"@id":"https:\/\/www.kirkonulkomaanapu.fi\/#\/schema\/logo\/image\/"},"sameAs":["https:\/\/www.facebook.com\/Ulkomaanapu\/","https:\/\/www.youtube.com\/user\/kirkonulkomaanapu","https:\/\/instagram.com\/kirkon_ulkomaanapu\/","https:\/\/www.linkedin.com\/company\/finn-church-aid\/"]}]}},"_links":{"self":[{"href":"https:\/\/www.kirkonulkomaanapu.fi\/sv\/wp-json\/wp\/v2\/pages\/75672","targetHints":{"allow":["GET"]}}],"collection":[{"href":"https:\/\/www.kirkonulkomaanapu.fi\/sv\/wp-json\/wp\/v2\/pages"}],"about":[{"href":"https:\/\/www.kirkonulkomaanapu.fi\/sv\/wp-json\/wp\/v2\/types\/page"}],"author":[{"embeddable":true,"href":"https:\/\/www.kirkonulkomaanapu.fi\/sv\/wp-json\/wp\/v2\/users\/8"}],"replies":[{"embeddable":true,"href":"https:\/\/www.kirkonulkomaanapu.fi\/sv\/wp-json\/wp\/v2\/comments?post=75672"}],"version-history":[{"count":3,"href":"https:\/\/www.kirkonulkomaanapu.fi\/sv\/wp-json\/wp\/v2\/pages\/75672\/revisions"}],"predecessor-version":[{"id":81645,"href":"https:\/\/www.kirkonulkomaanapu.fi\/sv\/wp-json\/wp\/v2\/pages\/75672\/revisions\/81645"}],"up":[{"embeddable":true,"href":"https:\/\/www.kirkonulkomaanapu.fi\/sv\/wp-json\/wp\/v2\/pages\/3277"}],"wp:featuredmedia":[{"embeddable":true,"href":"https:\/\/www.kirkonulkomaanapu.fi\/sv\/wp-json\/wp\/v2\/media\/75453"}],"wp:attachment":[{"href":"https:\/\/www.kirkonulkomaanapu.fi\/sv\/wp-json\/wp\/v2\/media?parent=75672"}],"curies":[{"name":"wp","href":"https:\/\/api.w.org\/{rel}","templated":true}]}}