{"id":68659,"date":"2015-06-22T14:11:58","date_gmt":"2015-06-22T11:11:58","guid":{"rendered":"https:\/\/www.kirkonulkomaanapu.fi\/ge-en-gava\/ohjeet-e-laskun-kaynnistamiseen\/"},"modified":"2024-11-12T14:10:16","modified_gmt":"2024-11-12T12:10:16","slug":"ohjeet-e-laskun-kaynnistamiseen","status":"publish","type":"page","link":"https:\/\/www.kirkonulkomaanapu.fi\/sv\/kontakt\/understod-och-gavor\/ohjeet-e-laskun-kaynnistamiseen\/","title":{"rendered":"Instruktioner f\u00f6r automatisk debitering"},"content":{"rendered":"<p>H\u00e4r nedan hittar du instruktionerna f\u00f6r olika banker som hj\u00e4lper dig att f\u00e5 din m\u00e5nadsg\u00e5va ig\u00e5ng. Du \u00e4r n\u00e4stan klar!<\/p>\n<ul>\n<li><a href=\"https:\/\/www.kirkonulkomaanapu.fi\/sv\/ge-en-gava\/ohjeet-e-laskun-kaynnistamiseen\/#nordea\"><strong>Nordea<\/strong><\/a><\/li>\n<li><a href=\"https:\/\/www.kirkonulkomaanapu.fi\/sv\/ge-en-gava\/ohjeet-e-laskun-kaynnistamiseen\/#danskebank\"><strong>Danske Bank<\/strong><\/a><\/li>\n<li><strong><a href=\"https:\/\/www.kirkonulkomaanapu.fi\/sv\/ge-en-gava\/ohjeet-e-laskun-kaynnistamiseen\/#aktia\">Aktia<\/a><\/strong><\/li>\n<li><strong><a href=\"https:\/\/www.kirkonulkomaanapu.fi\/sv\/ge-en-gava\/ohjeet-e-laskun-kaynnistamiseen\/#alandsbanken\">\u00c5landsbanken<\/a><\/strong><\/li>\n<li><a href=\"https:\/\/www.kirkonulkomaanapu.fi\/sv\/ge-en-gava\/ohjeet-e-laskun-kaynnistamiseen\/#op\"><strong>Andelsbanken<\/strong><\/a><\/li>\n<li><strong><a href=\"https:\/\/www.kirkonulkomaanapu.fi\/sv\/ge-en-gava\/ohjeet-e-laskun-kaynnistamiseen\/#saastopankki\">Sparbanken<\/a><\/strong><\/li>\n<li><a href=\"https:\/\/www.kirkonulkomaanapu.fi\/sv\/ge-en-gava\/ohjeet-e-laskun-kaynnistamiseen\/#spankki\"><strong>S-Banken<\/strong><\/a><\/li>\n<li><strong><a href=\"https:\/\/www.kirkonulkomaanapu.fi\/sv\/ge-en-gava\/ohjeet-e-laskun-kaynnistamiseen\/#poppankki\">POP Banken<\/a><\/strong><\/li>\n<\/ul>\n<p><a name=\"nordea\"><\/a><br \/>\n<strong>NORDEA<\/strong><\/p>\n<p>Logga in p\u00e5<a href=\"https:\/\/solo1.nordea.fi\/nsp\/login?language=sv&amp;country=FI\"> n\u00e4tbanken.<\/a><\/p>\n<p>1. Klicka p\u00e5 <strong>Daglig ekonomi.<\/strong><br \/>\n2. V\u00e4lj <strong>E-fakturor<\/strong> i menyn till v\u00e4nster <strong>Ny fakturautst\u00e4llare.<\/strong><br \/>\n3. Skriv Kyrkans Utlandshj\u00e4lp i f\u00e4ltet f\u00f6r fakturerarens namn och klicka p\u00e5 s\u00f6k.<br \/>\n4. Klicka p\u00e5 <strong>Best\u00e4ll e-faktura.<\/strong><br \/>\n5. Fyll i referensnumret du f\u00e5tt och \u00f6vriga uppgifter som efterfr\u00e5gas.<br \/>\n6. L\u00e4gg g\u00e4rna fakturan i automatisk debitering. D\u00e5 beh\u00f6ver du inte bekr\u00e4fta den varje m\u00e5nad.<br \/>\n7. Granska alla uppgifter och godk\u00e4nn best\u00e4llningen.<\/p>\n<p>Nu \u00e4r du Kyrkans Utlandshj\u00e4lps m\u00e5nadsgivare. <strong>Tack f\u00f6r ditt viktiga beslut!<\/strong><\/p>\n<p><a name=\"danskebank\"><\/a><br \/>\n<strong>DANSKE BANK<\/strong><\/p>\n<p>Logga in p\u00e5\u00a0<a href=\"https:\/\/danskebank.fi\/se\/for-dig\/kundservice?n-login=pbebank-sv\">n\u00e4tbanken.<\/a><\/p>\n<p>1. V\u00e4lj i menyn till v\u00e4nster <strong>Betalningar<\/strong> \u2013&gt; <strong>Betalningsavtal<\/strong> \u2013&gt; <strong>E-faktura<\/strong> \u2013&gt; <strong>F\u00f6rteckning p\u00e5 fakturerare.<\/strong><br \/>\n2. V\u00e4lj Kyrkans Utlandshj\u00e4lp och klicka p\u00e5 <strong>G\u00f6r en e-faktura<\/strong>.<br \/>\n3. Fyll i blanketten de uppgifter som efterfr\u00e5gas och referensnumret du f\u00e5tt per post.<br \/>\n4. L\u00e4gg g\u00e4rna fakturan i automatisk debitering. D\u00e5 beh\u00f6ver du inte bekr\u00e4fta den varje m\u00e5nad.<br \/>\n5. Granska och godk\u00e4nn uppgifterna du uppgett.<\/p>\n<p>Nu \u00e4r du Kyrkans Utlandshj\u00e4lps m\u00e5nadsgivare. <strong>Tack f\u00f6r ditt viktiga beslut!<\/strong><\/p>\n<p><a name=\"aktia\"><\/a><br \/>\n<strong>AKTIA<\/strong><\/p>\n<p>Logga in p\u00e5\u00a0<a href=\"https:\/\/auth.aktia.fi\/netbank?locale=sv&amp;goto=\">n\u00e4tbanken. <\/a><\/p>\n<p>1. Under <strong>Konton och betalningar<\/strong> v\u00e4lj <strong>E-faktura<\/strong> &#8211;&gt;<strong> G\u00f6r nya e-fakturaavtal.<\/strong><br \/>\n2. S\u00f6k upp Kyrkans Utlandshj\u00e4lp.<br \/>\n3. Fyll i de uppgifter som efterfr\u00e5gas i blanketten samt referensnumret du f\u00e5tt per post eller e-post.<br \/>\n4. Mata in referensnumret du f\u00e5tt per post i fakturans f\u00e4lt f\u00f6r referensnummer.<br \/>\n5. V\u00e4lj betalningsregel och bekr\u00e4fta betalningen. V\u00e4lj g\u00e4rna automatisk debitering s\u00e5 beh\u00f6ver du inte bekr\u00e4fta betalningen varje m\u00e5nad.<\/p>\n<p>Nu \u00e4r du Kyrkans Utlandshj\u00e4lps m\u00e5nadsgivare. <strong>Tack f\u00f6r ditt viktiga beslut!<\/strong><\/p>\n<p>Aktias egen instruktionsvideo hittas <a href=\"https:\/\/www.youtube.com\/watch?v=2OQiGidhO-4\">h\u00e4r.<\/a><\/p>\n<p><a name=\"handelsbanken\"><\/a><br \/>\n<strong>HANDELSBANKEN<\/strong><\/p>\n<p>Logga in p\u00e5\u00a0<a href=\"https:\/\/www4.handelsbanken.fi\/pankki\/kirjautuminen?0\">n\u00e4tbanken. <\/a><\/p>\n<p>1. V\u00e4lj p\u00e5 f\u00f6rsta sidan fliken <strong>Betalningar<\/strong>.<br \/>\n2. V\u00e4lj till v\u00e4nster <strong>Best\u00e4ll e-faktura<\/strong>.<br \/>\n3. S\u00f6k upp faktureraren Kyrkans Utlandshj\u00e4lp. Betalningsgrund \u00e4r m\u00e5nadsg\u00e5va.<br \/>\n4. Fyll i de uppgifter som efterfr\u00e5gas i blanketten samt referensnumret du f\u00e5tt per post.<br \/>\n5. L\u00e4gg g\u00e4rna fakturan i automatisk debitering. D\u00e5 beh\u00f6ver du inte bekr\u00e4fta den varje m\u00e5nad.<br \/>\n6. Bekr\u00e4fta avtalet.<\/p>\n<p>Nu \u00e4r du Kyrkans Utlandshj\u00e4lps m\u00e5nadsgivare. <strong>Tack f\u00f6r ditt viktiga beslut!<\/strong><\/p>\n<p><a name=\"alandsbanken\"><\/a><br \/>\n<strong>\u00c5LANDSBANKEN<\/strong><\/p>\n<p>Logga in p\u00e5 <a href=\"https:\/\/online.alandsbanken.fi\/ebank\/auth\/initLogin.do?language=2\" target=\"_blank\" rel=\"noopener noreferrer\">n\u00e4tbanken.<\/a><\/p>\n<p>1. Klicka p\u00e5 <strong>Betala<\/strong> &#8211;&gt; <strong>E-faktura<\/strong><br \/>\n2. N\u00e4r du kommer till sidan e-faktura beh\u00f6ver du f\u00f6rst ing\u00e5 ett avtal om e-faktura f\u00f6r att kunna ta emot e-fakturor till ditt Internetkontor.<br \/>\n3. Klicka p\u00e5 <strong>S\u00f6k f\u00f6retag<\/strong>. Skriv Kyrkans Utlandshj\u00e4lp i s\u00f6kf\u00e4ltet.<br \/>\n4. Fyll i de uppgifter som efterfr\u00e5gas i blanketten samt referensnumret du f\u00e5tt per post eller e-post.<br \/>\n5. L\u00e4gg g\u00e4rna fakturan i automatisk debitering. D\u00e5 beh\u00f6ver du inte bekr\u00e4fta den varje m\u00e5nad.<br \/>\n6. Bekr\u00e4fta avtalet.<\/p>\n<p>Nu \u00e4r du Kyrkans Utlandshj\u00e4lps m\u00e5nadsgivare. <strong>Tack f\u00f6r ditt viktiga beslut!<\/strong><\/p>\n<p>\u00c5landsbankens egna instruktioner hittas <a href=\"https:\/\/www.alandsbanken.fi\/uploads\/pdf\/common\/E-faktura_instr_sv.pdf\">h\u00e4r.<\/a><\/p>\n<p><a name=\"op\"><\/a><br \/>\n<strong>ANDELSBANKEN<\/strong><\/p>\n<p>Logga in p\u00e5\u00a0\u00a0<a href=\"https:\/\/www.op.fi\/\">n\u00e4tbanken.<\/a><\/p>\n<p>1. Under <strong>Dagliga penningaff\u00e4rer<\/strong> v\u00e4lja <strong>Visa mer.<\/strong><br \/>\n2. Under <strong>E-fakturor<\/strong> v\u00e4lja <strong>Best\u00e4ll e-fakturor<\/strong>.<br \/>\n3. Skriv Kyrkans Utlandshj\u00e4lp i s\u00f6kf\u00e4ltet och klicka p\u00e5 S\u00f6k.<br \/>\n4. Klicka p\u00e5 s\u00f6kresultat och fyll i de uppgifter som efterfr\u00e5gas i blanketten samt referensnumret du f\u00e5tt per post.<br \/>\n5. L\u00e4gg g\u00e4rna fakturan i automatisk debitering. D\u00e5 beh\u00f6ver du inte bekr\u00e4fta den varje m\u00e5nad.<br \/>\n6. Klicka p\u00e5 <strong>Best\u00e4ll e-faktura<\/strong>.<br \/>\n7. Granska uppgifterna du gett och klicka p\u00e5 Godk\u00e4nn.<\/p>\n<p>Nu \u00e4r du Kyrkans Utlandshj\u00e4lps m\u00e5nadsgivare. <strong>Tack f\u00f6r ditt viktiga beslut!<\/strong><\/p>\n<p><a name=\"saastopankki\"><\/a><br \/>\n<strong>SPARBANKEN<\/strong><\/p>\n<p>Logga in p\u00e5 <a href=\"https:\/\/www4.saastopankki.fi\/pankki\/kirjautuminen?0\" target=\"_blank\" rel=\"noopener noreferrer\">n\u00e4tbanken.<\/a><\/p>\n<p>1. Klicka p\u00e5 <strong>Betalningar<\/strong> &#8211;&gt; <strong>G\u00f6r nytt e-fakturaavtal.<\/strong><br \/>\n2. S\u00f6k upp faktureraren Kyrkans Utlandshj\u00e4lp<br \/>\n3. Klicka p\u00e5 M\u00e5nadsg\u00e5va.<br \/>\n4. Fyll i de uppgifter som efterfr\u00e5gas i blanketten samt referensnumret du f\u00e5tt per post eller e-post.<br \/>\n5. L\u00e4gg g\u00e4rna fakturan i automatisk debitering. D\u00e5 beh\u00f6ver du inte bekr\u00e4fta den varje m\u00e5nad.<br \/>\n6. Godk\u00e4nn betalningen.<\/p>\n<p>Nu \u00e4r du Kyrkans Utlandshj\u00e4lps m\u00e5nadsgivare. <strong>Tack f\u00f6r ditt viktiga beslut!<\/strong><\/p>\n<p><a name=\"spankki\"><\/a><br \/>\n<strong>S-BANKEN<\/strong><\/p>\n<p>Logga in p\u00e5\u00a0<a href=\"https:\/\/online.s-pankki.fi\/ebank\/auth\/initLogin.do?language=2\">n\u00e4tbanken.<\/a><\/p>\n<p>1. V\u00e4lj <strong>Betalningar<\/strong> &#8211;&gt; <strong>E-fakturabest\u00e4llningar<\/strong> &#8211;&gt; <strong>Best\u00e4ll ny e-faktura.<\/strong><br \/>\n2. Ange Kyrkans Utlandshj\u00e4lp i s\u00f6kf\u00e4ltet och klicka p\u00e5 S\u00f6k.<br \/>\n3. P\u00e5 den lista som \u00f6ppnas ska du v\u00e4lja M\u00e5nadsg\u00e5va som faktureringsgrund och klicka p\u00e5 Forts\u00e4tt.<br \/>\n4. I f\u00e4ltet Referensnummer ska du ange det referensnummer som du fick via post eller e-post.<br \/>\n5. V\u00e4lj betalkonto och klicka p\u00e5\u00a0Godk\u00e4nn.<br \/>\n6. L\u00e4gg g\u00e4rna fakturan i automatisk debitering. D\u00e5 beh\u00f6ver du inte bekr\u00e4fta den varje m\u00e5nad.<\/p>\n<p>Nu \u00e4r du Kyrkans Utlandshj\u00e4lps m\u00e5nadsgivare. <strong>Tack f\u00f6r ditt viktiga beslut!<\/strong><\/p>\n<p><a name=\"poppankki\"><\/a><br \/>\n<strong>POP BANKEN<\/strong><\/p>\n<p>Logga in p\u00e5\u00a0<a href=\"https:\/\/www4.poppankki.fi\/pankki\/kirjautuminen?0\" target=\"_blank\" rel=\"noopener noreferrer\">n\u00e4tbanken.<\/a><\/p>\n<p>1. Om du har inte \u00e4n gjort avtal om e-faktura, kan du g\u00f6ra det under <strong>Betalningar<\/strong> &#8211;&gt; <strong>E-Fakturor<\/strong>.<br \/>\n2. V\u00e4lj Betalningar &#8211;&gt; E-Fakturor &#8211;&gt; <strong>Best\u00e4ll E-faktura.<\/strong><br \/>\n3. Ange Kyrkans Utlandshj\u00e4lp i s\u00f6kf\u00e4ltet <strong><span lang=\"SV\">E-fakturerarens namn <\/span><\/strong>och klicka p\u00e5 <strong>S\u00f6k fakturera<\/strong>.<br \/>\n4. V\u00e4lj Kyrkans Utlandshj\u00e4lp.<br \/>\n5. Fyll i de uppgifter som efterfr\u00e5gas i blanketten samt referensnumret du f\u00e5tt per post eller e-post.<br \/>\n6. L\u00e4gg g\u00e4rna fakturan i automatisk debitering. D\u00e5 beh\u00f6ver du inte bekr\u00e4fta den varje m\u00e5nad.<br \/>\n7. Bekr\u00e4fta avtalet.<\/p>\n<p>Nu \u00e4r du Kyrkans Utlandshj\u00e4lps m\u00e5nadsgivare. <strong>Tack f\u00f6r ditt viktiga beslut!<\/strong><\/p>\n","protected":false},"excerpt":{"rendered":"<p>H\u00e4r nedan hittar du instruktionerna f\u00f6r olika banker som hj\u00e4lper dig att f\u00e5 din m\u00e5nadsg\u00e5va ig\u00e5ng. Du \u00e4r n\u00e4stan klar! Nordea Danske Bank Aktia \u00c5landsbanken Andelsbanken Sparbanken S-Banken POP Banken NORDEA Logga in p\u00e5 n\u00e4tbanken. 1. Klicka p\u00e5 Daglig ekonomi. 2. V\u00e4lj E-fakturor i menyn till v\u00e4nster Ny fakturautst\u00e4llare. 3. Skriv Kyrkans Utlandshj\u00e4lp i f\u00e4ltet [&hellip;]<\/p>\n","protected":false},"author":78,"featured_media":0,"parent":3473,"menu_order":0,"comment_status":"closed","ping_status":"open","template":"","meta":{"_acf_changed":false,"_relevanssi_hide_post":"","_relevanssi_hide_content":"","_relevanssi_pin_for_all":"","_relevanssi_pin_keywords":"","_relevanssi_unpin_keywords":"","_relevanssi_related_keywords":"","_relevanssi_related_include_ids":"","_relevanssi_related_exclude_ids":"","_relevanssi_related_no_append":"","_relevanssi_related_not_related":"","_relevanssi_related_posts":"","_relevanssi_noindex_reason":"","_improvement_type_select":"improve_an_existing","_thumb_yes_seoaic":false,"_frame_yes_seoaic":false,"seoaic_generate_description":"","seoaic_improve_instructions_prompt":"","seoaic_rollback_content_improvement":"","seoaic_idea_thumbnail_generator":"","thumbnail_generated":false,"thumbnail_generate_prompt":"","seoaic_article_description":"","footnotes":""},"class_list":["post-68659","page","type-page","status-publish","hentry"],"acf":[],"yoast_head":"<!-- This site is optimized with the Yoast SEO plugin v26.9 - https:\/\/yoast.com\/product\/yoast-seo-wordpress\/ -->\n<title>Instruktioner f\u00f6r automatisk debitering - Kyrkans Utlandshj\u00e4lp<\/title>\n<meta name=\"description\" content=\"Ohjeet e-laskun k\u00e4ynnist\u00e4miseen verkkopankissa\" \/>\n<meta name=\"robots\" content=\"index, follow, max-snippet:-1, max-image-preview:large, max-video-preview:-1\" \/>\n<link rel=\"canonical\" href=\"https:\/\/www.kirkonulkomaanapu.fi\/sv\/kontakt\/understod-och-gavor\/ohjeet-e-laskun-kaynnistamiseen\/\" \/>\n<meta property=\"og:locale\" content=\"sv_SE\" \/>\n<meta property=\"og:type\" content=\"article\" \/>\n<meta property=\"og:title\" content=\"Instruktioner f\u00f6r automatisk debitering - Kyrkans Utlandshj\u00e4lp\" \/>\n<meta property=\"og:description\" content=\"Ohjeet e-laskun k\u00e4ynnist\u00e4miseen verkkopankissa\" \/>\n<meta property=\"og:url\" content=\"https:\/\/www.kirkonulkomaanapu.fi\/sv\/kontakt\/understod-och-gavor\/ohjeet-e-laskun-kaynnistamiseen\/\" \/>\n<meta property=\"og:site_name\" content=\"Kyrkans Utlandshj\u00e4lp\" \/>\n<meta property=\"article:publisher\" content=\"https:\/\/www.facebook.com\/Ulkomaanapu\/\" \/>\n<meta property=\"article:modified_time\" content=\"2024-11-12T12:10:16+00:00\" \/>\n<meta property=\"og:image\" content=\"https:\/\/www.kirkonulkomaanapu.fi\/wp-content\/uploads\/2026\/02\/Kirkon-ulkomaanapu-logo.png\" \/>\n\t<meta property=\"og:image:width\" content=\"225\" \/>\n\t<meta property=\"og:image:height\" content=\"225\" \/>\n\t<meta property=\"og:image:type\" content=\"image\/png\" \/>\n<meta name=\"twitter:label1\" content=\"Ber\u00e4knad l\u00e4stid\" \/>\n\t<meta name=\"twitter:data1\" content=\"5 minuter\" \/>\n<script type=\"application\/ld+json\" class=\"yoast-schema-graph\">{\"@context\":\"https:\/\/schema.org\",\"@graph\":[{\"@type\":\"WebPage\",\"@id\":\"https:\/\/www.kirkonulkomaanapu.fi\/sv\/kontakt\/understod-och-gavor\/ohjeet-e-laskun-kaynnistamiseen\/\",\"url\":\"https:\/\/www.kirkonulkomaanapu.fi\/sv\/kontakt\/understod-och-gavor\/ohjeet-e-laskun-kaynnistamiseen\/\",\"name\":\"Instruktioner f\u00f6r automatisk debitering - Kyrkans Utlandshj\u00e4lp\",\"isPartOf\":{\"@id\":\"https:\/\/www.kirkonulkomaanapu.fi\/#website\"},\"datePublished\":\"2015-06-22T11:11:58+00:00\",\"dateModified\":\"2024-11-12T12:10:16+00:00\",\"description\":\"Ohjeet e-laskun k\u00e4ynnist\u00e4miseen verkkopankissa\",\"breadcrumb\":{\"@id\":\"https:\/\/www.kirkonulkomaanapu.fi\/sv\/kontakt\/understod-och-gavor\/ohjeet-e-laskun-kaynnistamiseen\/#breadcrumb\"},\"inLanguage\":\"sv-SE\",\"potentialAction\":[{\"@type\":\"ReadAction\",\"target\":[\"https:\/\/www.kirkonulkomaanapu.fi\/sv\/kontakt\/understod-och-gavor\/ohjeet-e-laskun-kaynnistamiseen\/\"]}]},{\"@type\":\"BreadcrumbList\",\"@id\":\"https:\/\/www.kirkonulkomaanapu.fi\/sv\/kontakt\/understod-och-gavor\/ohjeet-e-laskun-kaynnistamiseen\/#breadcrumb\",\"itemListElement\":[{\"@type\":\"ListItem\",\"position\":1,\"name\":\"Home\",\"item\":\"https:\/\/www.kirkonulkomaanapu.fi\/sv\/\"},{\"@type\":\"ListItem\",\"position\":2,\"name\":\"Kontakt\",\"item\":\"https:\/\/www.kirkonulkomaanapu.fi\/sv\/kontakt\/\"},{\"@type\":\"ListItem\",\"position\":3,\"name\":\"Underst\u00f6d och donationer\",\"item\":\"https:\/\/www.kirkonulkomaanapu.fi\/sv\/kontakt\/understod-och-gavor\/\"},{\"@type\":\"ListItem\",\"position\":4,\"name\":\"Instruktioner f\u00f6r automatisk debitering\"}]},{\"@type\":\"WebSite\",\"@id\":\"https:\/\/www.kirkonulkomaanapu.fi\/#website\",\"url\":\"https:\/\/www.kirkonulkomaanapu.fi\/\",\"name\":\"Kirkon Ulkomaanapu\",\"description\":\"Suomen suurin kehitysyhteisty\u00f6j\u00e4rjest\u00f6\",\"publisher\":{\"@id\":\"https:\/\/www.kirkonulkomaanapu.fi\/#organization\"},\"alternateName\":\"KUA\",\"potentialAction\":[{\"@type\":\"SearchAction\",\"target\":{\"@type\":\"EntryPoint\",\"urlTemplate\":\"https:\/\/www.kirkonulkomaanapu.fi\/?s={search_term_string}\"},\"query-input\":{\"@type\":\"PropertyValueSpecification\",\"valueRequired\":true,\"valueName\":\"search_term_string\"}}],\"inLanguage\":\"sv-SE\"},{\"@type\":\"Organization\",\"@id\":\"https:\/\/www.kirkonulkomaanapu.fi\/#organization\",\"name\":\"Kirkon Ulkomaanapu\",\"alternateName\":\"KUA\",\"url\":\"https:\/\/www.kirkonulkomaanapu.fi\/\",\"logo\":{\"@type\":\"ImageObject\",\"inLanguage\":\"sv-SE\",\"@id\":\"https:\/\/www.kirkonulkomaanapu.fi\/#\/schema\/logo\/image\/\",\"url\":\"https:\/\/www.kirkonulkomaanapu.fi\/wp-content\/uploads\/2026\/02\/Kirkon-ulkomaanapu-logo-1.png\",\"contentUrl\":\"https:\/\/www.kirkonulkomaanapu.fi\/wp-content\/uploads\/2026\/02\/Kirkon-ulkomaanapu-logo-1.png\",\"width\":225,\"height\":225,\"caption\":\"Kirkon Ulkomaanapu\"},\"image\":{\"@id\":\"https:\/\/www.kirkonulkomaanapu.fi\/#\/schema\/logo\/image\/\"},\"sameAs\":[\"https:\/\/www.facebook.com\/Ulkomaanapu\/\",\"https:\/\/www.youtube.com\/user\/kirkonulkomaanapu\",\"https:\/\/instagram.com\/kirkon_ulkomaanapu\/\",\"https:\/\/www.linkedin.com\/company\/finn-church-aid\/\"]}]}<\/script>\n<!-- \/ Yoast SEO plugin. -->","yoast_head_json":{"title":"Instruktioner f\u00f6r automatisk debitering - Kyrkans Utlandshj\u00e4lp","description":"Ohjeet e-laskun k\u00e4ynnist\u00e4miseen verkkopankissa","robots":{"index":"index","follow":"follow","max-snippet":"max-snippet:-1","max-image-preview":"max-image-preview:large","max-video-preview":"max-video-preview:-1"},"canonical":"https:\/\/www.kirkonulkomaanapu.fi\/sv\/kontakt\/understod-och-gavor\/ohjeet-e-laskun-kaynnistamiseen\/","og_locale":"sv_SE","og_type":"article","og_title":"Instruktioner f\u00f6r automatisk debitering - Kyrkans Utlandshj\u00e4lp","og_description":"Ohjeet e-laskun k\u00e4ynnist\u00e4miseen verkkopankissa","og_url":"https:\/\/www.kirkonulkomaanapu.fi\/sv\/kontakt\/understod-och-gavor\/ohjeet-e-laskun-kaynnistamiseen\/","og_site_name":"Kyrkans Utlandshj\u00e4lp","article_publisher":"https:\/\/www.facebook.com\/Ulkomaanapu\/","article_modified_time":"2024-11-12T12:10:16+00:00","og_image":[{"width":225,"height":225,"url":"https:\/\/www.kirkonulkomaanapu.fi\/wp-content\/uploads\/2026\/02\/Kirkon-ulkomaanapu-logo.png","type":"image\/png"}],"twitter_misc":{"Ber\u00e4knad l\u00e4stid":"5 minuter"},"schema":{"@context":"https:\/\/schema.org","@graph":[{"@type":"WebPage","@id":"https:\/\/www.kirkonulkomaanapu.fi\/sv\/kontakt\/understod-och-gavor\/ohjeet-e-laskun-kaynnistamiseen\/","url":"https:\/\/www.kirkonulkomaanapu.fi\/sv\/kontakt\/understod-och-gavor\/ohjeet-e-laskun-kaynnistamiseen\/","name":"Instruktioner f\u00f6r automatisk debitering - Kyrkans Utlandshj\u00e4lp","isPartOf":{"@id":"https:\/\/www.kirkonulkomaanapu.fi\/#website"},"datePublished":"2015-06-22T11:11:58+00:00","dateModified":"2024-11-12T12:10:16+00:00","description":"Ohjeet e-laskun k\u00e4ynnist\u00e4miseen verkkopankissa","breadcrumb":{"@id":"https:\/\/www.kirkonulkomaanapu.fi\/sv\/kontakt\/understod-och-gavor\/ohjeet-e-laskun-kaynnistamiseen\/#breadcrumb"},"inLanguage":"sv-SE","potentialAction":[{"@type":"ReadAction","target":["https:\/\/www.kirkonulkomaanapu.fi\/sv\/kontakt\/understod-och-gavor\/ohjeet-e-laskun-kaynnistamiseen\/"]}]},{"@type":"BreadcrumbList","@id":"https:\/\/www.kirkonulkomaanapu.fi\/sv\/kontakt\/understod-och-gavor\/ohjeet-e-laskun-kaynnistamiseen\/#breadcrumb","itemListElement":[{"@type":"ListItem","position":1,"name":"Home","item":"https:\/\/www.kirkonulkomaanapu.fi\/sv\/"},{"@type":"ListItem","position":2,"name":"Kontakt","item":"https:\/\/www.kirkonulkomaanapu.fi\/sv\/kontakt\/"},{"@type":"ListItem","position":3,"name":"Underst\u00f6d och donationer","item":"https:\/\/www.kirkonulkomaanapu.fi\/sv\/kontakt\/understod-och-gavor\/"},{"@type":"ListItem","position":4,"name":"Instruktioner f\u00f6r automatisk debitering"}]},{"@type":"WebSite","@id":"https:\/\/www.kirkonulkomaanapu.fi\/#website","url":"https:\/\/www.kirkonulkomaanapu.fi\/","name":"Kirkon Ulkomaanapu","description":"Suomen suurin kehitysyhteisty\u00f6j\u00e4rjest\u00f6","publisher":{"@id":"https:\/\/www.kirkonulkomaanapu.fi\/#organization"},"alternateName":"KUA","potentialAction":[{"@type":"SearchAction","target":{"@type":"EntryPoint","urlTemplate":"https:\/\/www.kirkonulkomaanapu.fi\/?s={search_term_string}"},"query-input":{"@type":"PropertyValueSpecification","valueRequired":true,"valueName":"search_term_string"}}],"inLanguage":"sv-SE"},{"@type":"Organization","@id":"https:\/\/www.kirkonulkomaanapu.fi\/#organization","name":"Kirkon Ulkomaanapu","alternateName":"KUA","url":"https:\/\/www.kirkonulkomaanapu.fi\/","logo":{"@type":"ImageObject","inLanguage":"sv-SE","@id":"https:\/\/www.kirkonulkomaanapu.fi\/#\/schema\/logo\/image\/","url":"https:\/\/www.kirkonulkomaanapu.fi\/wp-content\/uploads\/2026\/02\/Kirkon-ulkomaanapu-logo-1.png","contentUrl":"https:\/\/www.kirkonulkomaanapu.fi\/wp-content\/uploads\/2026\/02\/Kirkon-ulkomaanapu-logo-1.png","width":225,"height":225,"caption":"Kirkon Ulkomaanapu"},"image":{"@id":"https:\/\/www.kirkonulkomaanapu.fi\/#\/schema\/logo\/image\/"},"sameAs":["https:\/\/www.facebook.com\/Ulkomaanapu\/","https:\/\/www.youtube.com\/user\/kirkonulkomaanapu","https:\/\/instagram.com\/kirkon_ulkomaanapu\/","https:\/\/www.linkedin.com\/company\/finn-church-aid\/"]}]}},"_links":{"self":[{"href":"https:\/\/www.kirkonulkomaanapu.fi\/sv\/wp-json\/wp\/v2\/pages\/68659","targetHints":{"allow":["GET"]}}],"collection":[{"href":"https:\/\/www.kirkonulkomaanapu.fi\/sv\/wp-json\/wp\/v2\/pages"}],"about":[{"href":"https:\/\/www.kirkonulkomaanapu.fi\/sv\/wp-json\/wp\/v2\/types\/page"}],"author":[{"embeddable":true,"href":"https:\/\/www.kirkonulkomaanapu.fi\/sv\/wp-json\/wp\/v2\/users\/78"}],"replies":[{"embeddable":true,"href":"https:\/\/www.kirkonulkomaanapu.fi\/sv\/wp-json\/wp\/v2\/comments?post=68659"}],"version-history":[{"count":5,"href":"https:\/\/www.kirkonulkomaanapu.fi\/sv\/wp-json\/wp\/v2\/pages\/68659\/revisions"}],"predecessor-version":[{"id":97623,"href":"https:\/\/www.kirkonulkomaanapu.fi\/sv\/wp-json\/wp\/v2\/pages\/68659\/revisions\/97623"}],"up":[{"embeddable":true,"href":"https:\/\/www.kirkonulkomaanapu.fi\/sv\/wp-json\/wp\/v2\/pages\/3473"}],"wp:attachment":[{"href":"https:\/\/www.kirkonulkomaanapu.fi\/sv\/wp-json\/wp\/v2\/media?parent=68659"}],"curies":[{"name":"wp","href":"https:\/\/api.w.org\/{rel}","templated":true}]}}