{"id":68290,"date":"2015-07-14T16:24:56","date_gmt":"2015-07-14T13:24:56","guid":{"rendered":"https:\/\/www.kirkonulkomaanapu.fi\/om-oss\/arsoversikt-2014\/ita-ja-etelainen-afrikka\/"},"modified":"2015-08-24T11:15:31","modified_gmt":"2015-08-24T08:15:31","slug":"ostra-och-sodra-afrika","status":"publish","type":"page","link":"https:\/\/www.kirkonulkomaanapu.fi\/sv\/om-oss\/historia\/arsoversikt-2014\/ostra-och-sodra-afrika\/","title":{"rendered":"\u00d6stra och S\u00f6dra Afrika"},"content":{"rendered":"<p>Regionkontoret f\u00f6r s\u00f6dra Afrika och \u00d6stafrika \u00e4r det st\u00f6rsta av Utlandshj\u00e4lpens regionkontor. Till kontorets verkningsomr\u00e5de h\u00f6r sammanlagt \u00e5tta l\u00e4nder av vilka Uganda, Kenya, Sydsudan och Somalien har egna landskontor. De tematiska tyngdpunkterna ligger vid fredsarbete och f\u00f6rb\u00e4ttrad utkomst. I Zimbabwe och Angola avslutades arbetet \u00e5r 2014. Planeringen av ett nytt samarbetsprojekt kring utbildning inleddes i Eritrea. Projektet har kommit ig\u00e5ng i b\u00f6rjan av \u00e5r 2015.<\/p>\n<p>I\u00a0s\u00f6dra Afrika och \u00d6stafrika\u00a0har Utlandshj\u00e4lpen<\/p>\n","protected":false},"excerpt":{"rendered":"<p>Regionkontoret f\u00f6r s\u00f6dra Afrika och \u00d6stafrika \u00e4r det st\u00f6rsta av Utlandshj\u00e4lpens regionkontor. Till kontorets verkningsomr\u00e5de h\u00f6r sammanlagt \u00e5tta l\u00e4nder av vilka Uganda, Kenya, Sydsudan och Somalien har egna landskontor. De tematiska tyngdpunkterna ligger vid fredsarbete och f\u00f6rb\u00e4ttrad utkomst. I Zimbabwe och Angola avslutades arbetet \u00e5r 2014. Planeringen av ett nytt samarbetsprojekt kring utbildning inleddes i [&hellip;]<\/p>\n","protected":false},"author":7,"featured_media":68028,"parent":68252,"menu_order":1,"comment_status":"closed","ping_status":"open","template":"page-templates\/vuosikertomus.php","meta":{"_acf_changed":false,"_relevanssi_hide_post":"","_relevanssi_hide_content":"","_relevanssi_pin_for_all":"","_relevanssi_pin_keywords":"","_relevanssi_unpin_keywords":"","_relevanssi_related_keywords":"","_relevanssi_related_include_ids":"","_relevanssi_related_exclude_ids":"","_relevanssi_related_no_append":"","_relevanssi_related_not_related":"","_relevanssi_related_posts":"","_relevanssi_noindex_reason":"","_improvement_type_select":"improve_an_existing","_thumb_yes_seoaic":false,"_frame_yes_seoaic":false,"seoaic_generate_description":"","seoaic_improve_instructions_prompt":"","seoaic_rollback_content_improvement":"","seoaic_idea_thumbnail_generator":"","thumbnail_generated":false,"thumbnail_generate_prompt":"","seoaic_article_description":"","footnotes":""},"class_list":["post-68290","page","type-page","status-publish","has-post-thumbnail","hentry"],"acf":[],"yoast_head":"<!-- This site is optimized with the Yoast SEO plugin v26.9 - https:\/\/yoast.com\/product\/yoast-seo-wordpress\/ -->\n<title>\u00d6stra och S\u00f6dra Afrika - Kyrkans Utlandshj\u00e4lp<\/title>\n<meta name=\"robots\" content=\"index, follow, max-snippet:-1, max-image-preview:large, max-video-preview:-1\" \/>\n<link rel=\"canonical\" href=\"https:\/\/www.kirkonulkomaanapu.fi\/sv\/om-oss\/historia\/arsoversikt-2014\/ostra-och-sodra-afrika\/\" \/>\n<meta property=\"og:locale\" content=\"sv_SE\" \/>\n<meta property=\"og:type\" content=\"article\" \/>\n<meta property=\"og:title\" content=\"\u00d6stra och S\u00f6dra Afrika - Kyrkans Utlandshj\u00e4lp\" \/>\n<meta property=\"og:description\" content=\"Regionkontoret f\u00f6r s\u00f6dra Afrika och \u00d6stafrika \u00e4r det st\u00f6rsta av Utlandshj\u00e4lpens regionkontor. Till kontorets verkningsomr\u00e5de h\u00f6r sammanlagt \u00e5tta l\u00e4nder av vilka Uganda, Kenya, Sydsudan och Somalien har egna landskontor. De tematiska tyngdpunkterna ligger vid fredsarbete och f\u00f6rb\u00e4ttrad utkomst. I Zimbabwe och Angola avslutades arbetet \u00e5r 2014. Planeringen av ett nytt samarbetsprojekt kring utbildning inleddes i [&hellip;]\" \/>\n<meta property=\"og:url\" content=\"https:\/\/www.kirkonulkomaanapu.fi\/sv\/om-oss\/historia\/arsoversikt-2014\/ostra-och-sodra-afrika\/\" \/>\n<meta property=\"og:site_name\" content=\"Kyrkans Utlandshj\u00e4lp\" \/>\n<meta property=\"article:publisher\" content=\"https:\/\/www.facebook.com\/Ulkomaanapu\/\" \/>\n<meta property=\"article:modified_time\" content=\"2015-08-24T08:15:31+00:00\" \/>\n<meta property=\"og:image\" content=\"https:\/\/www.kirkonulkomaanapu.fi\/wp-content\/uploads\/2015\/07\/ita-ja-etelainen-afrikka1024.jpg\" \/>\n\t<meta property=\"og:image:width\" content=\"1024\" \/>\n\t<meta property=\"og:image:height\" content=\"585\" \/>\n\t<meta property=\"og:image:type\" content=\"image\/jpeg\" \/>\n<script type=\"application\/ld+json\" class=\"yoast-schema-graph\">{\"@context\":\"https:\/\/schema.org\",\"@graph\":[{\"@type\":\"WebPage\",\"@id\":\"https:\/\/www.kirkonulkomaanapu.fi\/sv\/om-oss\/historia\/arsoversikt-2014\/ostra-och-sodra-afrika\/\",\"url\":\"https:\/\/www.kirkonulkomaanapu.fi\/sv\/om-oss\/historia\/arsoversikt-2014\/ostra-och-sodra-afrika\/\",\"name\":\"\u00d6stra och S\u00f6dra Afrika - Kyrkans Utlandshj\u00e4lp\",\"isPartOf\":{\"@id\":\"https:\/\/www.kirkonulkomaanapu.fi\/#website\"},\"primaryImageOfPage\":{\"@id\":\"https:\/\/www.kirkonulkomaanapu.fi\/sv\/om-oss\/historia\/arsoversikt-2014\/ostra-och-sodra-afrika\/#primaryimage\"},\"image\":{\"@id\":\"https:\/\/www.kirkonulkomaanapu.fi\/sv\/om-oss\/historia\/arsoversikt-2014\/ostra-och-sodra-afrika\/#primaryimage\"},\"thumbnailUrl\":\"https:\/\/www.kirkonulkomaanapu.fi\/wp-content\/uploads\/2015\/07\/ita-ja-etelainen-afrikka1024.jpg\",\"datePublished\":\"2015-07-14T13:24:56+00:00\",\"dateModified\":\"2015-08-24T08:15:31+00:00\",\"breadcrumb\":{\"@id\":\"https:\/\/www.kirkonulkomaanapu.fi\/sv\/om-oss\/historia\/arsoversikt-2014\/ostra-och-sodra-afrika\/#breadcrumb\"},\"inLanguage\":\"sv-SE\",\"potentialAction\":[{\"@type\":\"ReadAction\",\"target\":[\"https:\/\/www.kirkonulkomaanapu.fi\/sv\/om-oss\/historia\/arsoversikt-2014\/ostra-och-sodra-afrika\/\"]}]},{\"@type\":\"ImageObject\",\"inLanguage\":\"sv-SE\",\"@id\":\"https:\/\/www.kirkonulkomaanapu.fi\/sv\/om-oss\/historia\/arsoversikt-2014\/ostra-och-sodra-afrika\/#primaryimage\",\"url\":\"https:\/\/www.kirkonulkomaanapu.fi\/wp-content\/uploads\/2015\/07\/ita-ja-etelainen-afrikka1024.jpg\",\"contentUrl\":\"https:\/\/www.kirkonulkomaanapu.fi\/wp-content\/uploads\/2015\/07\/ita-ja-etelainen-afrikka1024.jpg\",\"width\":1024,\"height\":585},{\"@type\":\"BreadcrumbList\",\"@id\":\"https:\/\/www.kirkonulkomaanapu.fi\/sv\/om-oss\/historia\/arsoversikt-2014\/ostra-och-sodra-afrika\/#breadcrumb\",\"itemListElement\":[{\"@type\":\"ListItem\",\"position\":1,\"name\":\"Home\",\"item\":\"https:\/\/www.kirkonulkomaanapu.fi\/sv\/\"},{\"@type\":\"ListItem\",\"position\":2,\"name\":\"Om oss\",\"item\":\"https:\/\/www.kirkonulkomaanapu.fi\/sv\/om-oss\/\"},{\"@type\":\"ListItem\",\"position\":3,\"name\":\"Historia\",\"item\":\"https:\/\/www.kirkonulkomaanapu.fi\/sv\/om-oss\/historia\/\"},{\"@type\":\"ListItem\",\"position\":4,\"name\":\"\u00c5rs\u00f6versikt 2014\",\"item\":\"https:\/\/www.kirkonulkomaanapu.fi\/sv\/om-oss\/historia\/arsoversikt-2014\/\"},{\"@type\":\"ListItem\",\"position\":5,\"name\":\"\u00d6stra och S\u00f6dra Afrika\"}]},{\"@type\":\"WebSite\",\"@id\":\"https:\/\/www.kirkonulkomaanapu.fi\/#website\",\"url\":\"https:\/\/www.kirkonulkomaanapu.fi\/\",\"name\":\"Kirkon Ulkomaanapu\",\"description\":\"Suomen suurin kehitysyhteisty\u00f6j\u00e4rjest\u00f6\",\"publisher\":{\"@id\":\"https:\/\/www.kirkonulkomaanapu.fi\/#organization\"},\"alternateName\":\"KUA\",\"potentialAction\":[{\"@type\":\"SearchAction\",\"target\":{\"@type\":\"EntryPoint\",\"urlTemplate\":\"https:\/\/www.kirkonulkomaanapu.fi\/?s={search_term_string}\"},\"query-input\":{\"@type\":\"PropertyValueSpecification\",\"valueRequired\":true,\"valueName\":\"search_term_string\"}}],\"inLanguage\":\"sv-SE\"},{\"@type\":\"Organization\",\"@id\":\"https:\/\/www.kirkonulkomaanapu.fi\/#organization\",\"name\":\"Kirkon Ulkomaanapu\",\"alternateName\":\"KUA\",\"url\":\"https:\/\/www.kirkonulkomaanapu.fi\/\",\"logo\":{\"@type\":\"ImageObject\",\"inLanguage\":\"sv-SE\",\"@id\":\"https:\/\/www.kirkonulkomaanapu.fi\/#\/schema\/logo\/image\/\",\"url\":\"https:\/\/www.kirkonulkomaanapu.fi\/wp-content\/uploads\/2026\/02\/Kirkon-ulkomaanapu-logo-1.png\",\"contentUrl\":\"https:\/\/www.kirkonulkomaanapu.fi\/wp-content\/uploads\/2026\/02\/Kirkon-ulkomaanapu-logo-1.png\",\"width\":225,\"height\":225,\"caption\":\"Kirkon Ulkomaanapu\"},\"image\":{\"@id\":\"https:\/\/www.kirkonulkomaanapu.fi\/#\/schema\/logo\/image\/\"},\"sameAs\":[\"https:\/\/www.facebook.com\/Ulkomaanapu\/\",\"https:\/\/www.youtube.com\/user\/kirkonulkomaanapu\",\"https:\/\/instagram.com\/kirkon_ulkomaanapu\/\",\"https:\/\/www.linkedin.com\/company\/finn-church-aid\/\"]}]}<\/script>\n<!-- \/ Yoast SEO plugin. -->","yoast_head_json":{"title":"\u00d6stra och S\u00f6dra Afrika - Kyrkans Utlandshj\u00e4lp","robots":{"index":"index","follow":"follow","max-snippet":"max-snippet:-1","max-image-preview":"max-image-preview:large","max-video-preview":"max-video-preview:-1"},"canonical":"https:\/\/www.kirkonulkomaanapu.fi\/sv\/om-oss\/historia\/arsoversikt-2014\/ostra-och-sodra-afrika\/","og_locale":"sv_SE","og_type":"article","og_title":"\u00d6stra och S\u00f6dra Afrika - Kyrkans Utlandshj\u00e4lp","og_description":"Regionkontoret f\u00f6r s\u00f6dra Afrika och \u00d6stafrika \u00e4r det st\u00f6rsta av Utlandshj\u00e4lpens regionkontor. Till kontorets verkningsomr\u00e5de h\u00f6r sammanlagt \u00e5tta l\u00e4nder av vilka Uganda, Kenya, Sydsudan och Somalien har egna landskontor. De tematiska tyngdpunkterna ligger vid fredsarbete och f\u00f6rb\u00e4ttrad utkomst. I Zimbabwe och Angola avslutades arbetet \u00e5r 2014. Planeringen av ett nytt samarbetsprojekt kring utbildning inleddes i [&hellip;]","og_url":"https:\/\/www.kirkonulkomaanapu.fi\/sv\/om-oss\/historia\/arsoversikt-2014\/ostra-och-sodra-afrika\/","og_site_name":"Kyrkans Utlandshj\u00e4lp","article_publisher":"https:\/\/www.facebook.com\/Ulkomaanapu\/","article_modified_time":"2015-08-24T08:15:31+00:00","og_image":[{"width":1024,"height":585,"url":"https:\/\/www.kirkonulkomaanapu.fi\/wp-content\/uploads\/2015\/07\/ita-ja-etelainen-afrikka1024.jpg","type":"image\/jpeg"}],"schema":{"@context":"https:\/\/schema.org","@graph":[{"@type":"WebPage","@id":"https:\/\/www.kirkonulkomaanapu.fi\/sv\/om-oss\/historia\/arsoversikt-2014\/ostra-och-sodra-afrika\/","url":"https:\/\/www.kirkonulkomaanapu.fi\/sv\/om-oss\/historia\/arsoversikt-2014\/ostra-och-sodra-afrika\/","name":"\u00d6stra och S\u00f6dra Afrika - Kyrkans Utlandshj\u00e4lp","isPartOf":{"@id":"https:\/\/www.kirkonulkomaanapu.fi\/#website"},"primaryImageOfPage":{"@id":"https:\/\/www.kirkonulkomaanapu.fi\/sv\/om-oss\/historia\/arsoversikt-2014\/ostra-och-sodra-afrika\/#primaryimage"},"image":{"@id":"https:\/\/www.kirkonulkomaanapu.fi\/sv\/om-oss\/historia\/arsoversikt-2014\/ostra-och-sodra-afrika\/#primaryimage"},"thumbnailUrl":"https:\/\/www.kirkonulkomaanapu.fi\/wp-content\/uploads\/2015\/07\/ita-ja-etelainen-afrikka1024.jpg","datePublished":"2015-07-14T13:24:56+00:00","dateModified":"2015-08-24T08:15:31+00:00","breadcrumb":{"@id":"https:\/\/www.kirkonulkomaanapu.fi\/sv\/om-oss\/historia\/arsoversikt-2014\/ostra-och-sodra-afrika\/#breadcrumb"},"inLanguage":"sv-SE","potentialAction":[{"@type":"ReadAction","target":["https:\/\/www.kirkonulkomaanapu.fi\/sv\/om-oss\/historia\/arsoversikt-2014\/ostra-och-sodra-afrika\/"]}]},{"@type":"ImageObject","inLanguage":"sv-SE","@id":"https:\/\/www.kirkonulkomaanapu.fi\/sv\/om-oss\/historia\/arsoversikt-2014\/ostra-och-sodra-afrika\/#primaryimage","url":"https:\/\/www.kirkonulkomaanapu.fi\/wp-content\/uploads\/2015\/07\/ita-ja-etelainen-afrikka1024.jpg","contentUrl":"https:\/\/www.kirkonulkomaanapu.fi\/wp-content\/uploads\/2015\/07\/ita-ja-etelainen-afrikka1024.jpg","width":1024,"height":585},{"@type":"BreadcrumbList","@id":"https:\/\/www.kirkonulkomaanapu.fi\/sv\/om-oss\/historia\/arsoversikt-2014\/ostra-och-sodra-afrika\/#breadcrumb","itemListElement":[{"@type":"ListItem","position":1,"name":"Home","item":"https:\/\/www.kirkonulkomaanapu.fi\/sv\/"},{"@type":"ListItem","position":2,"name":"Om oss","item":"https:\/\/www.kirkonulkomaanapu.fi\/sv\/om-oss\/"},{"@type":"ListItem","position":3,"name":"Historia","item":"https:\/\/www.kirkonulkomaanapu.fi\/sv\/om-oss\/historia\/"},{"@type":"ListItem","position":4,"name":"\u00c5rs\u00f6versikt 2014","item":"https:\/\/www.kirkonulkomaanapu.fi\/sv\/om-oss\/historia\/arsoversikt-2014\/"},{"@type":"ListItem","position":5,"name":"\u00d6stra och S\u00f6dra Afrika"}]},{"@type":"WebSite","@id":"https:\/\/www.kirkonulkomaanapu.fi\/#website","url":"https:\/\/www.kirkonulkomaanapu.fi\/","name":"Kirkon Ulkomaanapu","description":"Suomen suurin kehitysyhteisty\u00f6j\u00e4rjest\u00f6","publisher":{"@id":"https:\/\/www.kirkonulkomaanapu.fi\/#organization"},"alternateName":"KUA","potentialAction":[{"@type":"SearchAction","target":{"@type":"EntryPoint","urlTemplate":"https:\/\/www.kirkonulkomaanapu.fi\/?s={search_term_string}"},"query-input":{"@type":"PropertyValueSpecification","valueRequired":true,"valueName":"search_term_string"}}],"inLanguage":"sv-SE"},{"@type":"Organization","@id":"https:\/\/www.kirkonulkomaanapu.fi\/#organization","name":"Kirkon Ulkomaanapu","alternateName":"KUA","url":"https:\/\/www.kirkonulkomaanapu.fi\/","logo":{"@type":"ImageObject","inLanguage":"sv-SE","@id":"https:\/\/www.kirkonulkomaanapu.fi\/#\/schema\/logo\/image\/","url":"https:\/\/www.kirkonulkomaanapu.fi\/wp-content\/uploads\/2026\/02\/Kirkon-ulkomaanapu-logo-1.png","contentUrl":"https:\/\/www.kirkonulkomaanapu.fi\/wp-content\/uploads\/2026\/02\/Kirkon-ulkomaanapu-logo-1.png","width":225,"height":225,"caption":"Kirkon Ulkomaanapu"},"image":{"@id":"https:\/\/www.kirkonulkomaanapu.fi\/#\/schema\/logo\/image\/"},"sameAs":["https:\/\/www.facebook.com\/Ulkomaanapu\/","https:\/\/www.youtube.com\/user\/kirkonulkomaanapu","https:\/\/instagram.com\/kirkon_ulkomaanapu\/","https:\/\/www.linkedin.com\/company\/finn-church-aid\/"]}]}},"_links":{"self":[{"href":"https:\/\/www.kirkonulkomaanapu.fi\/sv\/wp-json\/wp\/v2\/pages\/68290","targetHints":{"allow":["GET"]}}],"collection":[{"href":"https:\/\/www.kirkonulkomaanapu.fi\/sv\/wp-json\/wp\/v2\/pages"}],"about":[{"href":"https:\/\/www.kirkonulkomaanapu.fi\/sv\/wp-json\/wp\/v2\/types\/page"}],"author":[{"embeddable":true,"href":"https:\/\/www.kirkonulkomaanapu.fi\/sv\/wp-json\/wp\/v2\/users\/7"}],"replies":[{"embeddable":true,"href":"https:\/\/www.kirkonulkomaanapu.fi\/sv\/wp-json\/wp\/v2\/comments?post=68290"}],"version-history":[{"count":4,"href":"https:\/\/www.kirkonulkomaanapu.fi\/sv\/wp-json\/wp\/v2\/pages\/68290\/revisions"}],"predecessor-version":[{"id":68886,"href":"https:\/\/www.kirkonulkomaanapu.fi\/sv\/wp-json\/wp\/v2\/pages\/68290\/revisions\/68886"}],"up":[{"embeddable":true,"href":"https:\/\/www.kirkonulkomaanapu.fi\/sv\/wp-json\/wp\/v2\/pages\/68252"}],"wp:featuredmedia":[{"embeddable":true,"href":"https:\/\/www.kirkonulkomaanapu.fi\/sv\/wp-json\/wp\/v2\/media\/68028"}],"wp:attachment":[{"href":"https:\/\/www.kirkonulkomaanapu.fi\/sv\/wp-json\/wp\/v2\/media?parent=68290"}],"curies":[{"name":"wp","href":"https:\/\/api.w.org\/{rel}","templated":true}]}}