{"id":6045,"date":"2014-03-04T13:17:45","date_gmt":"2014-03-04T11:17:45","guid":{"rendered":"https:\/\/www.kirkonulkomaanapu.fi\/?page_id=6045"},"modified":"2024-08-12T12:47:56","modified_gmt":"2024-08-12T09:47:56","slug":"stordonation","status":"publish","type":"page","link":"https:\/\/www.kirkonulkomaanapu.fi\/sv\/stordonation\/","title":{"rendered":"Stordonation"},"content":{"rendered":"\n\n\n<div class=\"block-hero full-width id-block\" style=\"background-image: url('https:\/\/www.kirkonulkomaanapu.fi\/wp-content\/uploads\/2022\/07\/suurlahjoitus_1920_880-scaled.jpg');\">\n\n\t<div class=\"bg-mobile\" style=\"background-image: url('https:\/\/www.kirkonulkomaanapu.fi\/wp-content\/uploads\/2022\/07\/suurlahjoitus_1080_1080-1024x1024.jpg');\"><\/div>\n\n\t\n\t<div class=\"curtain\"><\/div>\n\n\t<div class=\"container\">\n\t\t<div class=\"row\">\n\t\t\t<div class=\"col\">\n\t\t\t\t<div class=\"inner-blocks entry-content\">\n\t\t\t\t\t\t\t\t\t\t\t\n<h1 class=\"is-style-brush\" ><span class=\"bg\">\n<span class=\"is-highlighted\">STORDONATION<\/span>\n<\/span><\/h1><h1 class=\"is-style-brush mobile\" ><span class=\"is-highlighted\"><span class=\"bg\">STORDONATION<\/span><\/span><\/h1>\n\n\t\t\t\t\t\t\t\t\t<\/div>\n\t\t\t<\/div>\n\t\t<\/div>\n\t<\/div>\n<\/div>\n\n\n<div class=\"subpage-navigation id-block full-width\">\n    <div class=\"container-lg\">\n        <div class=\"row\">\n            <div class=\"col\">\n                <ul class=\"pages\">\n                                        <li class=\"page ancestor current\">\n                        <a href=\"https:\/\/www.kirkonulkomaanapu.fi\/sv\/stordonation\/\">Stordonation<\/a>\n                    <\/li>\n                    \n                                        <li class=\"page\">\n                        <a href=\"https:\/\/www.kirkonulkomaanapu.fi\/sv\/stordonation\/aktiedonation\/\">Aktiedonation<\/a>\n                    <\/li>\n                                        <li class=\"page\">\n                        <a href=\"https:\/\/www.kirkonulkomaanapu.fi\/sv\/stordonation\/landscheferna-berattar\/\">Landscheferna ber\u00e4ttar<\/a>\n                    <\/li>\n                                        <li class=\"page\">\n                        <a href=\"https:\/\/www.kirkonulkomaanapu.fi\/sv\/stordonation\/resultat-av-vart-arbete\/\">Resultat av v\u00e5rt arbete<\/a>\n                    <\/li>\n                                        <li class=\"page\">\n                        <a href=\"https:\/\/www.kirkonulkomaanapu.fi\/sv\/stordonation\/stordonatorerna-berattar\/\">Stordonatorerna ber\u00e4ttar<\/a>\n                    <\/li>\n                                        <li class=\"page\">\n                        <a href=\"https:\/\/www.kirkonulkomaanapu.fi\/sv\/stordonation\/ta-kontakt\/\">Ta kontakt<\/a>\n                    <\/li>\n                                    <\/ul>\n            <\/div>\n        <\/div>\n    <\/div>\n<\/div>\n\n\n\n\n\n\n<h2 class=\"wp-block-heading\">Med stordonationer \u00e5stadkommer man betydande f\u00f6r\u00e4ndringar<\/h2>\n\n\n\n<p class=\"is-style-ingress\">Stordonationer \u00e4r betydande donationer av eng\u00e5ngskarakt\u00e4r eller flera donationer till f\u00f6rm\u00e5n f\u00f6r m\u00e4nniskor i utvecklingsl\u00e4nderna. Med den som donerar \u00f6ver 10 000 euro per \u00e5r, utser vi tillsammans bist\u00e5ndsm\u00e5l som kan vara allt fr\u00e5n skolbyggen till kvinnors sm\u00e5f\u00f6retag och jordbruksprojekt.<\/p>\n\n\n\n\n<div class=\"block-image-beside-content full-width id-block image-on-right has-bg\">\n    <div class=\"container-lg\">\n        <div class=\"row\">\n            <div class=\"col col-12 col-lg-6 order-lg-2\">\n                <div class=\"align-image\">\n                                        <img decoding=\"async\" class=\"image\" alt=\"\" src=\"https:\/\/www.kirkonulkomaanapu.fi\/wp-content\/uploads\/2022\/07\/suurlahjoitus_suurlahjoittajat-kertovat_1920_1080-1024x576.jpg\" loading=\"lazy\" srcset=\"https:\/\/www.kirkonulkomaanapu.fi\/wp-content\/uploads\/2022\/07\/suurlahjoitus_suurlahjoittajat-kertovat_1920_1080-480x270.jpg 320w, https:\/\/www.kirkonulkomaanapu.fi\/wp-content\/uploads\/2022\/07\/suurlahjoitus_suurlahjoittajat-kertovat_1920_1080-1024x576.jpg 991w\" sizes=\"auto, (max-width: 991px) 150px\" width=\"1024\" height=\"576\">\n                                    <\/div>\n            <\/div>\n            <div class=\"col col-12 col-lg-6\">\n                <div class=\"align-content\">\n                    <div class=\"inner-blocks entry-content\">\n                        \n\n<h3 class=\"wp-block-heading\">Stordonatorerna ber\u00e4ttar<\/h3>\n\n\n\n<p>Stordonatorerna \u00e4r v\u00e5ra l\u00e5ngvariga underst\u00f6dare \u2013 m\u00e4nniskor som g\u00e5r vid v\u00e5r sida en l\u00e4ngre tid i samband med ett best\u00e4mt projekt. De \u00e4r donatorer som funnit det viktigt att bist\u00e5 ett s\u00e5dant m\u00e5l som ligger n\u00e4ra deras hj\u00e4rta.<\/p>\n\n\n\n<div class=\"wp-block-buttons is-layout-flex wp-block-buttons-is-layout-flex\">\n<div class=\"wp-block-button\"><a class=\"wp-block-button__link wp-element-button\" href=\"https:\/\/www.kirkonulkomaanapu.fi\/sv\/ge-en-gava-2\/stordonation\/stordonatorerna-berattar\/\">L\u00c4S MERA<\/a><\/div>\n<\/div>\n\n\n                    <\/div>\n                <\/div>\n            <\/div>\n        <\/div>\n    <\/div>\n<\/div>\n\n\n\n\n<div class=\"block-image-beside-content full-width id-block image-on-right\">\n    <div class=\"container-lg\">\n        <div class=\"row\">\n            <div class=\"col col-12 col-lg-6 order-lg-2\">\n                <div class=\"align-image\">\n                                        <img decoding=\"async\" class=\"image\" alt=\"\" src=\"https:\/\/www.kirkonulkomaanapu.fi\/wp-content\/uploads\/2022\/07\/suurlahjoitus_tyomme-tulokset_1920_1080-1024x576.jpg\" loading=\"lazy\" srcset=\"https:\/\/www.kirkonulkomaanapu.fi\/wp-content\/uploads\/2022\/07\/suurlahjoitus_tyomme-tulokset_1920_1080-480x270.jpg 320w, https:\/\/www.kirkonulkomaanapu.fi\/wp-content\/uploads\/2022\/07\/suurlahjoitus_tyomme-tulokset_1920_1080-1024x576.jpg 991w\" sizes=\"auto, (max-width: 991px) 150px\" width=\"1024\" height=\"576\">\n                                    <\/div>\n            <\/div>\n            <div class=\"col col-12 col-lg-6\">\n                <div class=\"align-content\">\n                    <div class=\"inner-blocks entry-content\">\n                        \n\n<h3 class=\"wp-block-heading\">Resultat av v\u00e5rt arbete<\/h3>\n\n\n\n<p>\u00c5r 2021 st\u00f6dde v\u00e5ra stordonatorer till exempel barnens utbildning i flyktingl\u00e4ger i Kenya, unga flyktingars yrkesutbildning i Uganda och familjers utkomst i Sydsudan.<\/p>\n\n\n\n<div class=\"wp-block-buttons is-layout-flex wp-block-buttons-is-layout-flex\">\n<div class=\"wp-block-button\"><a class=\"wp-block-button__link wp-element-button\" href=\"https:\/\/www.kirkonulkomaanapu.fi\/sv\/ge-en-gava\/stordonation\/resultat-av-vart-arbete\/\">L\u00c4S MERA<\/a><\/div>\n<\/div>\n\n\n                    <\/div>\n                <\/div>\n            <\/div>\n        <\/div>\n    <\/div>\n<\/div>\n\n\n\n\n<div class=\"block-image-beside-content full-width id-block image-on-right has-bg\">\n    <div class=\"container-lg\">\n        <div class=\"row\">\n            <div class=\"col col-12 col-lg-6 order-lg-2\">\n                <div class=\"align-image\">\n                                        <img decoding=\"async\" class=\"image\" alt=\"\" src=\"https:\/\/www.kirkonulkomaanapu.fi\/wp-content\/uploads\/2021\/08\/suurlahjoitus_maajohtajat-kertovat-1-1024x682.jpg\" loading=\"lazy\" srcset=\"https:\/\/www.kirkonulkomaanapu.fi\/wp-content\/uploads\/2021\/08\/suurlahjoitus_maajohtajat-kertovat-1-480x320.jpg 320w, https:\/\/www.kirkonulkomaanapu.fi\/wp-content\/uploads\/2021\/08\/suurlahjoitus_maajohtajat-kertovat-1-1024x682.jpg 991w\" sizes=\"auto, (max-width: 991px) 150px\" width=\"1024\" height=\"682\">\n                                    <\/div>\n            <\/div>\n            <div class=\"col col-12 col-lg-6\">\n                <div class=\"align-content\">\n                    <div class=\"inner-blocks entry-content\">\n                        \n\n<h3 class=\"wp-block-heading\">Landscheferna ber\u00e4ttar<\/h3>\n\n\n\n<p>Kyrkans Utlandshj\u00e4lps landschefer i Uganda och Nepal ber\u00e4ttar om stordonationernas betydelse och vad man \u00e5stadkommit med dem.<\/p>\n\n\n\n<div class=\"wp-block-buttons is-layout-flex wp-block-buttons-is-layout-flex\">\n<div class=\"wp-block-button\"><a class=\"wp-block-button__link wp-element-button\" href=\"https:\/\/www.kirkonulkomaanapu.fi\/sv\/ge-en-gava\/stordonation\/landscheferna-berattar\/\">TITTA P\u00c5 VIDEOH\u00c4LSNINGARNA<\/a><\/div>\n<\/div>\n\n\n                    <\/div>\n                <\/div>\n            <\/div>\n        <\/div>\n    <\/div>\n<\/div>\n\n\n\n\n<div class=\"block-content-with-infobox full-width id-block\">\n\t<div class=\"container-lg\">\n\t\t<div class=\"row justify-content-center\">\n\t\t\t<div class=\"col\">\n\t\t\t\t<div class=\"flex-inner inner-blocks entry-content\">\n\t\t\t\t\t\n\n<div class=\"block-inner-blocks inner-blocks entry-content lorem\">\n\t\n\n<h3 class=\"wp-block-heading\">\u00c4r du intresserad av att donera stort?<\/h3>\n\n\n\n<p>L\u00e5t oss tillsammans finna ett m\u00e5l som ligger n\u00e4ra ditt hj\u00e4rta.<\/p>\n\n\n<\/div>\n\n\n<div class=\"block-inner-blocks inner-blocks entry-content\">\n\t\n\n<h3 class=\"wp-block-heading\">Ta kontakt<\/h3>\n\n\n\n<p>Laura Yl\u00e4talo<br>Kontaktchef<br><a href=\"mailto:laura.ylatalo@kua.fi\">laura.ylatalo@kua.fi<\/a><br><a href=\"tel:+358406704491\">+358 40 670 4491<\/a><\/p>\n\n\n<\/div>\n\n\t\t\t\t<\/div>\n\t\t\t<\/div>\n\t\t<\/div>\n\t<\/div>\t\n<\/div>\n","protected":false},"excerpt":{"rendered":"<p>Med stordonationer \u00e5stadkommer man betydande f\u00f6r\u00e4ndringar Stordonationer \u00e4r betydande donationer av eng\u00e5ngskarakt\u00e4r eller flera donationer till f\u00f6rm\u00e5n f\u00f6r m\u00e4nniskor i utvecklingsl\u00e4nderna. Med den som donerar \u00f6ver 10 000 euro per \u00e5r, utser vi tillsammans bist\u00e5ndsm\u00e5l som kan vara allt fr\u00e5n skolbyggen till kvinnors sm\u00e5f\u00f6retag och jordbruksprojekt.<\/p>\n","protected":false},"author":123,"featured_media":0,"parent":0,"menu_order":7,"comment_status":"closed","ping_status":"closed","template":"","meta":{"_acf_changed":false,"_relevanssi_hide_post":"","_relevanssi_hide_content":"","_relevanssi_pin_for_all":"","_relevanssi_pin_keywords":"","_relevanssi_unpin_keywords":"","_relevanssi_related_keywords":"","_relevanssi_related_include_ids":"","_relevanssi_related_exclude_ids":"","_relevanssi_related_no_append":"","_relevanssi_related_not_related":"","_relevanssi_related_posts":"121424,108131,121400,121649,121614,63644","_relevanssi_noindex_reason":"","_improvement_type_select":"improve_an_existing","_thumb_yes_seoaic":false,"_frame_yes_seoaic":false,"seoaic_generate_description":"","seoaic_improve_instructions_prompt":"","seoaic_rollback_content_improvement":"","seoaic_idea_thumbnail_generator":"","thumbnail_generated":false,"thumbnail_generate_prompt":"","seoaic_article_description":"","footnotes":""},"class_list":["post-6045","page","type-page","status-publish","hentry"],"acf":[],"yoast_head":"<!-- This site is optimized with the Yoast SEO plugin v26.9 - https:\/\/yoast.com\/product\/yoast-seo-wordpress\/ -->\n<title>Stordonation - Kyrkans Utlandshj\u00e4lp<\/title>\n<meta name=\"description\" content=\"Stordonationerna \u00e4r i regel eng\u00e5ngsdonationer men kan ocks\u00e5 ske etappvis. De ges till f\u00f6rm\u00e5n f\u00f6r m\u00e4nniskor i utvecklingsl\u00e4nderna.\" \/>\n<meta name=\"robots\" content=\"index, follow, max-snippet:-1, max-image-preview:large, max-video-preview:-1\" \/>\n<link rel=\"canonical\" href=\"https:\/\/www.kirkonulkomaanapu.fi\/sv\/stordonation\/\" \/>\n<meta property=\"og:locale\" content=\"sv_SE\" \/>\n<meta property=\"og:type\" content=\"article\" \/>\n<meta property=\"og:title\" content=\"Stordonation - Kyrkans Utlandshj\u00e4lp\" \/>\n<meta property=\"og:description\" content=\"Stordonationerna \u00e4r i regel eng\u00e5ngsdonationer men kan ocks\u00e5 ske etappvis. De ges till f\u00f6rm\u00e5n f\u00f6r m\u00e4nniskor i utvecklingsl\u00e4nderna.\" \/>\n<meta property=\"og:url\" content=\"https:\/\/www.kirkonulkomaanapu.fi\/sv\/stordonation\/\" \/>\n<meta property=\"og:site_name\" content=\"Kyrkans Utlandshj\u00e4lp\" \/>\n<meta property=\"article:publisher\" content=\"https:\/\/www.facebook.com\/Ulkomaanapu\/\" \/>\n<meta property=\"article:modified_time\" content=\"2024-08-12T09:47:56+00:00\" \/>\n<meta property=\"og:image\" content=\"https:\/\/www.kirkonulkomaanapu.fi\/wp-content\/uploads\/2026\/02\/Kirkon-ulkomaanapu-logo.png\" \/>\n\t<meta property=\"og:image:width\" content=\"225\" \/>\n\t<meta property=\"og:image:height\" content=\"225\" \/>\n\t<meta property=\"og:image:type\" content=\"image\/png\" \/>\n<meta name=\"twitter:label1\" content=\"Ber\u00e4knad l\u00e4stid\" \/>\n\t<meta name=\"twitter:data1\" content=\"2 minuter\" \/>\n<script type=\"application\/ld+json\" class=\"yoast-schema-graph\">{\"@context\":\"https:\/\/schema.org\",\"@graph\":[{\"@type\":\"WebPage\",\"@id\":\"https:\/\/www.kirkonulkomaanapu.fi\/sv\/stordonation\/\",\"url\":\"https:\/\/www.kirkonulkomaanapu.fi\/sv\/stordonation\/\",\"name\":\"Stordonation - Kyrkans Utlandshj\u00e4lp\",\"isPartOf\":{\"@id\":\"https:\/\/www.kirkonulkomaanapu.fi\/#website\"},\"datePublished\":\"2014-03-04T11:17:45+00:00\",\"dateModified\":\"2024-08-12T09:47:56+00:00\",\"description\":\"Stordonationerna \u00e4r i regel eng\u00e5ngsdonationer men kan ocks\u00e5 ske etappvis. De ges till f\u00f6rm\u00e5n f\u00f6r m\u00e4nniskor i utvecklingsl\u00e4nderna.\",\"breadcrumb\":{\"@id\":\"https:\/\/www.kirkonulkomaanapu.fi\/sv\/stordonation\/#breadcrumb\"},\"inLanguage\":\"sv-SE\",\"potentialAction\":[{\"@type\":\"ReadAction\",\"target\":[\"https:\/\/www.kirkonulkomaanapu.fi\/sv\/stordonation\/\"]}]},{\"@type\":\"BreadcrumbList\",\"@id\":\"https:\/\/www.kirkonulkomaanapu.fi\/sv\/stordonation\/#breadcrumb\",\"itemListElement\":[{\"@type\":\"ListItem\",\"position\":1,\"name\":\"Home\",\"item\":\"https:\/\/www.kirkonulkomaanapu.fi\/sv\/\"},{\"@type\":\"ListItem\",\"position\":2,\"name\":\"Stordonation\"}]},{\"@type\":\"WebSite\",\"@id\":\"https:\/\/www.kirkonulkomaanapu.fi\/#website\",\"url\":\"https:\/\/www.kirkonulkomaanapu.fi\/\",\"name\":\"Kirkon Ulkomaanapu\",\"description\":\"Suomen suurin kehitysyhteisty\u00f6j\u00e4rjest\u00f6\",\"publisher\":{\"@id\":\"https:\/\/www.kirkonulkomaanapu.fi\/#organization\"},\"alternateName\":\"KUA\",\"potentialAction\":[{\"@type\":\"SearchAction\",\"target\":{\"@type\":\"EntryPoint\",\"urlTemplate\":\"https:\/\/www.kirkonulkomaanapu.fi\/?s={search_term_string}\"},\"query-input\":{\"@type\":\"PropertyValueSpecification\",\"valueRequired\":true,\"valueName\":\"search_term_string\"}}],\"inLanguage\":\"sv-SE\"},{\"@type\":\"Organization\",\"@id\":\"https:\/\/www.kirkonulkomaanapu.fi\/#organization\",\"name\":\"Kirkon Ulkomaanapu\",\"alternateName\":\"KUA\",\"url\":\"https:\/\/www.kirkonulkomaanapu.fi\/\",\"logo\":{\"@type\":\"ImageObject\",\"inLanguage\":\"sv-SE\",\"@id\":\"https:\/\/www.kirkonulkomaanapu.fi\/#\/schema\/logo\/image\/\",\"url\":\"https:\/\/www.kirkonulkomaanapu.fi\/wp-content\/uploads\/2026\/02\/Kirkon-ulkomaanapu-logo-1.png\",\"contentUrl\":\"https:\/\/www.kirkonulkomaanapu.fi\/wp-content\/uploads\/2026\/02\/Kirkon-ulkomaanapu-logo-1.png\",\"width\":225,\"height\":225,\"caption\":\"Kirkon Ulkomaanapu\"},\"image\":{\"@id\":\"https:\/\/www.kirkonulkomaanapu.fi\/#\/schema\/logo\/image\/\"},\"sameAs\":[\"https:\/\/www.facebook.com\/Ulkomaanapu\/\",\"https:\/\/www.youtube.com\/user\/kirkonulkomaanapu\",\"https:\/\/instagram.com\/kirkon_ulkomaanapu\/\",\"https:\/\/www.linkedin.com\/company\/finn-church-aid\/\"]}]}<\/script>\n<!-- \/ Yoast SEO plugin. -->","yoast_head_json":{"title":"Stordonation - Kyrkans Utlandshj\u00e4lp","description":"Stordonationerna \u00e4r i regel eng\u00e5ngsdonationer men kan ocks\u00e5 ske etappvis. De ges till f\u00f6rm\u00e5n f\u00f6r m\u00e4nniskor i utvecklingsl\u00e4nderna.","robots":{"index":"index","follow":"follow","max-snippet":"max-snippet:-1","max-image-preview":"max-image-preview:large","max-video-preview":"max-video-preview:-1"},"canonical":"https:\/\/www.kirkonulkomaanapu.fi\/sv\/stordonation\/","og_locale":"sv_SE","og_type":"article","og_title":"Stordonation - Kyrkans Utlandshj\u00e4lp","og_description":"Stordonationerna \u00e4r i regel eng\u00e5ngsdonationer men kan ocks\u00e5 ske etappvis. De ges till f\u00f6rm\u00e5n f\u00f6r m\u00e4nniskor i utvecklingsl\u00e4nderna.","og_url":"https:\/\/www.kirkonulkomaanapu.fi\/sv\/stordonation\/","og_site_name":"Kyrkans Utlandshj\u00e4lp","article_publisher":"https:\/\/www.facebook.com\/Ulkomaanapu\/","article_modified_time":"2024-08-12T09:47:56+00:00","og_image":[{"width":225,"height":225,"url":"https:\/\/www.kirkonulkomaanapu.fi\/wp-content\/uploads\/2026\/02\/Kirkon-ulkomaanapu-logo.png","type":"image\/png"}],"twitter_misc":{"Ber\u00e4knad l\u00e4stid":"2 minuter"},"schema":{"@context":"https:\/\/schema.org","@graph":[{"@type":"WebPage","@id":"https:\/\/www.kirkonulkomaanapu.fi\/sv\/stordonation\/","url":"https:\/\/www.kirkonulkomaanapu.fi\/sv\/stordonation\/","name":"Stordonation - Kyrkans Utlandshj\u00e4lp","isPartOf":{"@id":"https:\/\/www.kirkonulkomaanapu.fi\/#website"},"datePublished":"2014-03-04T11:17:45+00:00","dateModified":"2024-08-12T09:47:56+00:00","description":"Stordonationerna \u00e4r i regel eng\u00e5ngsdonationer men kan ocks\u00e5 ske etappvis. De ges till f\u00f6rm\u00e5n f\u00f6r m\u00e4nniskor i utvecklingsl\u00e4nderna.","breadcrumb":{"@id":"https:\/\/www.kirkonulkomaanapu.fi\/sv\/stordonation\/#breadcrumb"},"inLanguage":"sv-SE","potentialAction":[{"@type":"ReadAction","target":["https:\/\/www.kirkonulkomaanapu.fi\/sv\/stordonation\/"]}]},{"@type":"BreadcrumbList","@id":"https:\/\/www.kirkonulkomaanapu.fi\/sv\/stordonation\/#breadcrumb","itemListElement":[{"@type":"ListItem","position":1,"name":"Home","item":"https:\/\/www.kirkonulkomaanapu.fi\/sv\/"},{"@type":"ListItem","position":2,"name":"Stordonation"}]},{"@type":"WebSite","@id":"https:\/\/www.kirkonulkomaanapu.fi\/#website","url":"https:\/\/www.kirkonulkomaanapu.fi\/","name":"Kirkon Ulkomaanapu","description":"Suomen suurin kehitysyhteisty\u00f6j\u00e4rjest\u00f6","publisher":{"@id":"https:\/\/www.kirkonulkomaanapu.fi\/#organization"},"alternateName":"KUA","potentialAction":[{"@type":"SearchAction","target":{"@type":"EntryPoint","urlTemplate":"https:\/\/www.kirkonulkomaanapu.fi\/?s={search_term_string}"},"query-input":{"@type":"PropertyValueSpecification","valueRequired":true,"valueName":"search_term_string"}}],"inLanguage":"sv-SE"},{"@type":"Organization","@id":"https:\/\/www.kirkonulkomaanapu.fi\/#organization","name":"Kirkon Ulkomaanapu","alternateName":"KUA","url":"https:\/\/www.kirkonulkomaanapu.fi\/","logo":{"@type":"ImageObject","inLanguage":"sv-SE","@id":"https:\/\/www.kirkonulkomaanapu.fi\/#\/schema\/logo\/image\/","url":"https:\/\/www.kirkonulkomaanapu.fi\/wp-content\/uploads\/2026\/02\/Kirkon-ulkomaanapu-logo-1.png","contentUrl":"https:\/\/www.kirkonulkomaanapu.fi\/wp-content\/uploads\/2026\/02\/Kirkon-ulkomaanapu-logo-1.png","width":225,"height":225,"caption":"Kirkon Ulkomaanapu"},"image":{"@id":"https:\/\/www.kirkonulkomaanapu.fi\/#\/schema\/logo\/image\/"},"sameAs":["https:\/\/www.facebook.com\/Ulkomaanapu\/","https:\/\/www.youtube.com\/user\/kirkonulkomaanapu","https:\/\/instagram.com\/kirkon_ulkomaanapu\/","https:\/\/www.linkedin.com\/company\/finn-church-aid\/"]}]}},"_links":{"self":[{"href":"https:\/\/www.kirkonulkomaanapu.fi\/sv\/wp-json\/wp\/v2\/pages\/6045","targetHints":{"allow":["GET"]}}],"collection":[{"href":"https:\/\/www.kirkonulkomaanapu.fi\/sv\/wp-json\/wp\/v2\/pages"}],"about":[{"href":"https:\/\/www.kirkonulkomaanapu.fi\/sv\/wp-json\/wp\/v2\/types\/page"}],"author":[{"embeddable":true,"href":"https:\/\/www.kirkonulkomaanapu.fi\/sv\/wp-json\/wp\/v2\/users\/123"}],"replies":[{"embeddable":true,"href":"https:\/\/www.kirkonulkomaanapu.fi\/sv\/wp-json\/wp\/v2\/comments?post=6045"}],"version-history":[{"count":3,"href":"https:\/\/www.kirkonulkomaanapu.fi\/sv\/wp-json\/wp\/v2\/pages\/6045\/revisions"}],"predecessor-version":[{"id":149324,"href":"https:\/\/www.kirkonulkomaanapu.fi\/sv\/wp-json\/wp\/v2\/pages\/6045\/revisions\/149324"}],"wp:attachment":[{"href":"https:\/\/www.kirkonulkomaanapu.fi\/sv\/wp-json\/wp\/v2\/media?parent=6045"}],"curies":[{"name":"wp","href":"https:\/\/api.w.org\/{rel}","templated":true}]}}