{"id":5951,"date":"2014-03-22T13:52:40","date_gmt":"2014-03-22T11:52:40","guid":{"rendered":"https:\/\/www.kirkonulkomaanapu.fi\/?page_id=5951"},"modified":"2021-05-10T16:56:32","modified_gmt":"2021-05-10T13:56:32","slug":"vad-gor-ombudet","status":"publish","type":"page","link":"https:\/\/www.kirkonulkomaanapu.fi\/sv\/kontakt\/till-forsamlingarna\/ombudsarbetet\/vad-gor-ombudet\/","title":{"rendered":"Vad g\u00f6r ombudet?"},"content":{"rendered":"<h1 class=\"is-style-brush\" ><span class=\"bg\">\nVad g\u00f6r <span class=\"is-highlighted\">ombudet<\/span>?\n<\/span><\/h1><h1 class=\"is-style-brush mobile\" ><span class=\"bg\">Vad<\/span><span class=\"bg\">g\u00f6r<\/span><span class=\"is-highlighted\"><span class=\"bg\">ombudet<\/span><\/span><span class=\"bg\">?<\/span><\/h1>\n\n\n<ul class=\"wp-block-list\"><li>Ombudet uppm\u00e4rksammar den internationella diakonin och Utlandshj\u00e4lpens arbete genom att informera om aktuella insamlingar s\u00e5som Gemensamt Ansvar, Ansvarsveckan, Ylehj\u00e4lpen och katastrofinsamlingar.<\/li><li>Ombudet f\u00f6rmedlar informationen och materialet i ombudsbrevet till de anst\u00e4llda, \u00f6vriga ansvarspersoner och frivilliga i f\u00f6rsamlingen. Ombudsbrevet kommer ut 4-5 g\u00e5nger om \u00e5ret.<\/li><li>Ombudet genomf\u00f6r Utlandshj\u00e4lpens kampanjer i samarbete med f\u00f6rsamlingens medlemmar och anst\u00e4llda.<\/li><\/ul>\n\n\n\n<p>Det \u00e4r viktigt att tydligt informera f\u00f6rsamlingen om vem som \u00e4r ombud. Man kan presentera den som har valts till uppgiften i t.ex. f\u00f6rsamlingsr\u00e5det\/kyrkor\u00e5det, i medarbetarkonferensen och p\u00e5 f\u00f6rsamlingens webbplats. I de f\u00f6rsamlingar d\u00e4r man har utsett flera ombud \u00e4r det bra att bilda ett ombudsteam och fundera p\u00e5 hur man b\u00e4st kan fr\u00e4mja den internationella diakonin i f\u00f6rsamlingen.<\/p>\n\n\n\n<h2 class=\"wp-block-heading\">Kyrkans Utlandshj\u00e4lp erbjuder ombudet<\/h2>\n\n\n\n<ul class=\"wp-block-list\"><li>personligt st\u00f6d och utbildning i uppgiften som ombud<\/li><li>utbildning i stiftet i samarbete med Missionsskommitt\u00e9n i Borg\u00e5 stift och Kyrkans central f\u00f6r det svenska arbetet.<\/li><li>r\u00e5dpl\u00e4gningsdagar p\u00e5 stifts- och riksniv\u00e5<\/li><li>aktuell information i ombudsbrev 4-5 g\u00e5nger per \u00e5r<\/li><li>material f\u00f6r att uppm\u00e4rksamma den internationella diakonin och genomf\u00f6ra kampanjer<\/li><li>m\u00f6jlighet att ans\u00f6ka om plats p\u00e5 studieresa till utlandet.<\/li><\/ul>\n\n\n\n<p>F\u00f6r det svenska ombudsarbetet ansvarar koordinatorn f\u00f6r f\u00f6rsamlingskontakter Kaj-Mikael Wredlund, tfn. <span class=\"baec5a81-e4d6-4674-97f3-e9220f0136c1\" style=\"white-space: nowrap;\">+358 400 103 282<\/span>.<\/p>\n","protected":false},"excerpt":{"rendered":"<p>Vad g\u00f6r ombudet? Vadg\u00f6rombudet? Ombudet uppm\u00e4rksammar den internationella diakonin och Utlandshj\u00e4lpens arbete genom att informera om aktuella insamlingar s\u00e5som Gemensamt Ansvar, Ansvarsveckan, Ylehj\u00e4lpen och katastrofinsamlingar. Ombudet f\u00f6rmedlar informationen och materialet i ombudsbrevet till de anst\u00e4llda, \u00f6vriga ansvarspersoner och frivilliga i f\u00f6rsamlingen. Ombudsbrevet kommer ut 4-5 g\u00e5nger om \u00e5ret. Ombudet genomf\u00f6r Utlandshj\u00e4lpens kampanjer i samarbete med [&hellip;]<\/p>\n","protected":false},"author":7,"featured_media":0,"parent":3725,"menu_order":0,"comment_status":"closed","ping_status":"open","template":"","meta":{"_acf_changed":false,"_relevanssi_hide_post":"","_relevanssi_hide_content":"","_relevanssi_pin_for_all":"","_relevanssi_pin_keywords":"","_relevanssi_unpin_keywords":"","_relevanssi_related_keywords":"","_relevanssi_related_include_ids":"","_relevanssi_related_exclude_ids":"","_relevanssi_related_no_append":"","_relevanssi_related_not_related":"","_relevanssi_related_posts":"108131,89500,63644","_relevanssi_noindex_reason":"","_improvement_type_select":"improve_an_existing","_thumb_yes_seoaic":false,"_frame_yes_seoaic":false,"seoaic_generate_description":"","seoaic_improve_instructions_prompt":"","seoaic_rollback_content_improvement":"","seoaic_idea_thumbnail_generator":"","thumbnail_generated":false,"thumbnail_generate_prompt":"","seoaic_article_description":"","footnotes":""},"class_list":["post-5951","page","type-page","status-publish","hentry"],"acf":[],"yoast_head":"<!-- This site is optimized with the Yoast SEO plugin v26.9 - https:\/\/yoast.com\/product\/yoast-seo-wordpress\/ -->\n<title>Vad g\u00f6r ombudet? - Kyrkans Utlandshj\u00e4lp<\/title>\n<meta name=\"robots\" content=\"index, follow, max-snippet:-1, max-image-preview:large, max-video-preview:-1\" \/>\n<link rel=\"canonical\" href=\"https:\/\/www.kirkonulkomaanapu.fi\/sv\/kontakt\/till-forsamlingarna\/ombudsarbetet\/vad-gor-ombudet\/\" \/>\n<meta property=\"og:locale\" content=\"sv_SE\" \/>\n<meta property=\"og:type\" content=\"article\" \/>\n<meta property=\"og:title\" content=\"Vad g\u00f6r ombudet? - Kyrkans Utlandshj\u00e4lp\" \/>\n<meta property=\"og:description\" content=\"Vad g\u00f6r ombudet? Vadg\u00f6rombudet? Ombudet uppm\u00e4rksammar den internationella diakonin och Utlandshj\u00e4lpens arbete genom att informera om aktuella insamlingar s\u00e5som Gemensamt Ansvar, Ansvarsveckan, Ylehj\u00e4lpen och katastrofinsamlingar. Ombudet f\u00f6rmedlar informationen och materialet i ombudsbrevet till de anst\u00e4llda, \u00f6vriga ansvarspersoner och frivilliga i f\u00f6rsamlingen. Ombudsbrevet kommer ut 4-5 g\u00e5nger om \u00e5ret. Ombudet genomf\u00f6r Utlandshj\u00e4lpens kampanjer i samarbete med [&hellip;]\" \/>\n<meta property=\"og:url\" content=\"https:\/\/www.kirkonulkomaanapu.fi\/sv\/kontakt\/till-forsamlingarna\/ombudsarbetet\/vad-gor-ombudet\/\" \/>\n<meta property=\"og:site_name\" content=\"Kyrkans Utlandshj\u00e4lp\" \/>\n<meta property=\"article:publisher\" content=\"https:\/\/www.facebook.com\/Ulkomaanapu\/\" \/>\n<meta property=\"article:modified_time\" content=\"2021-05-10T13:56:32+00:00\" \/>\n<meta property=\"og:image\" content=\"https:\/\/www.kirkonulkomaanapu.fi\/wp-content\/uploads\/2026\/02\/Kirkon-ulkomaanapu-logo.png\" \/>\n\t<meta property=\"og:image:width\" content=\"225\" \/>\n\t<meta property=\"og:image:height\" content=\"225\" \/>\n\t<meta property=\"og:image:type\" content=\"image\/png\" \/>\n<meta name=\"twitter:label1\" content=\"Ber\u00e4knad l\u00e4stid\" \/>\n\t<meta name=\"twitter:data1\" content=\"1 minut\" \/>\n<script type=\"application\/ld+json\" class=\"yoast-schema-graph\">{\"@context\":\"https:\/\/schema.org\",\"@graph\":[{\"@type\":\"WebPage\",\"@id\":\"https:\/\/www.kirkonulkomaanapu.fi\/sv\/kontakt\/till-forsamlingarna\/ombudsarbetet\/vad-gor-ombudet\/\",\"url\":\"https:\/\/www.kirkonulkomaanapu.fi\/sv\/kontakt\/till-forsamlingarna\/ombudsarbetet\/vad-gor-ombudet\/\",\"name\":\"Vad g\u00f6r ombudet? - Kyrkans Utlandshj\u00e4lp\",\"isPartOf\":{\"@id\":\"https:\/\/www.kirkonulkomaanapu.fi\/#website\"},\"datePublished\":\"2014-03-22T11:52:40+00:00\",\"dateModified\":\"2021-05-10T13:56:32+00:00\",\"breadcrumb\":{\"@id\":\"https:\/\/www.kirkonulkomaanapu.fi\/sv\/kontakt\/till-forsamlingarna\/ombudsarbetet\/vad-gor-ombudet\/#breadcrumb\"},\"inLanguage\":\"sv-SE\",\"potentialAction\":[{\"@type\":\"ReadAction\",\"target\":[\"https:\/\/www.kirkonulkomaanapu.fi\/sv\/kontakt\/till-forsamlingarna\/ombudsarbetet\/vad-gor-ombudet\/\"]}]},{\"@type\":\"BreadcrumbList\",\"@id\":\"https:\/\/www.kirkonulkomaanapu.fi\/sv\/kontakt\/till-forsamlingarna\/ombudsarbetet\/vad-gor-ombudet\/#breadcrumb\",\"itemListElement\":[{\"@type\":\"ListItem\",\"position\":1,\"name\":\"Home\",\"item\":\"https:\/\/www.kirkonulkomaanapu.fi\/sv\/\"},{\"@type\":\"ListItem\",\"position\":2,\"name\":\"Kontakt\",\"item\":\"https:\/\/www.kirkonulkomaanapu.fi\/sv\/kontakt\/\"},{\"@type\":\"ListItem\",\"position\":3,\"name\":\"Till f\u00f6rsamlingarna\",\"item\":\"https:\/\/www.kirkonulkomaanapu.fi\/sv\/kontakt\/till-forsamlingarna\/\"},{\"@type\":\"ListItem\",\"position\":4,\"name\":\"Ombudsarbetet\",\"item\":\"https:\/\/www.kirkonulkomaanapu.fi\/sv\/kontakt\/till-forsamlingarna\/ombudsarbetet\/\"},{\"@type\":\"ListItem\",\"position\":5,\"name\":\"Vad g\u00f6r ombudet?\"}]},{\"@type\":\"WebSite\",\"@id\":\"https:\/\/www.kirkonulkomaanapu.fi\/#website\",\"url\":\"https:\/\/www.kirkonulkomaanapu.fi\/\",\"name\":\"Kirkon Ulkomaanapu\",\"description\":\"Suomen suurin kehitysyhteisty\u00f6j\u00e4rjest\u00f6\",\"publisher\":{\"@id\":\"https:\/\/www.kirkonulkomaanapu.fi\/#organization\"},\"alternateName\":\"KUA\",\"potentialAction\":[{\"@type\":\"SearchAction\",\"target\":{\"@type\":\"EntryPoint\",\"urlTemplate\":\"https:\/\/www.kirkonulkomaanapu.fi\/?s={search_term_string}\"},\"query-input\":{\"@type\":\"PropertyValueSpecification\",\"valueRequired\":true,\"valueName\":\"search_term_string\"}}],\"inLanguage\":\"sv-SE\"},{\"@type\":\"Organization\",\"@id\":\"https:\/\/www.kirkonulkomaanapu.fi\/#organization\",\"name\":\"Kirkon Ulkomaanapu\",\"alternateName\":\"KUA\",\"url\":\"https:\/\/www.kirkonulkomaanapu.fi\/\",\"logo\":{\"@type\":\"ImageObject\",\"inLanguage\":\"sv-SE\",\"@id\":\"https:\/\/www.kirkonulkomaanapu.fi\/#\/schema\/logo\/image\/\",\"url\":\"https:\/\/www.kirkonulkomaanapu.fi\/wp-content\/uploads\/2026\/02\/Kirkon-ulkomaanapu-logo-1.png\",\"contentUrl\":\"https:\/\/www.kirkonulkomaanapu.fi\/wp-content\/uploads\/2026\/02\/Kirkon-ulkomaanapu-logo-1.png\",\"width\":225,\"height\":225,\"caption\":\"Kirkon Ulkomaanapu\"},\"image\":{\"@id\":\"https:\/\/www.kirkonulkomaanapu.fi\/#\/schema\/logo\/image\/\"},\"sameAs\":[\"https:\/\/www.facebook.com\/Ulkomaanapu\/\",\"https:\/\/www.youtube.com\/user\/kirkonulkomaanapu\",\"https:\/\/instagram.com\/kirkon_ulkomaanapu\/\",\"https:\/\/www.linkedin.com\/company\/finn-church-aid\/\"]}]}<\/script>\n<!-- \/ Yoast SEO plugin. -->","yoast_head_json":{"title":"Vad g\u00f6r ombudet? - Kyrkans Utlandshj\u00e4lp","robots":{"index":"index","follow":"follow","max-snippet":"max-snippet:-1","max-image-preview":"max-image-preview:large","max-video-preview":"max-video-preview:-1"},"canonical":"https:\/\/www.kirkonulkomaanapu.fi\/sv\/kontakt\/till-forsamlingarna\/ombudsarbetet\/vad-gor-ombudet\/","og_locale":"sv_SE","og_type":"article","og_title":"Vad g\u00f6r ombudet? - Kyrkans Utlandshj\u00e4lp","og_description":"Vad g\u00f6r ombudet? Vadg\u00f6rombudet? Ombudet uppm\u00e4rksammar den internationella diakonin och Utlandshj\u00e4lpens arbete genom att informera om aktuella insamlingar s\u00e5som Gemensamt Ansvar, Ansvarsveckan, Ylehj\u00e4lpen och katastrofinsamlingar. Ombudet f\u00f6rmedlar informationen och materialet i ombudsbrevet till de anst\u00e4llda, \u00f6vriga ansvarspersoner och frivilliga i f\u00f6rsamlingen. Ombudsbrevet kommer ut 4-5 g\u00e5nger om \u00e5ret. Ombudet genomf\u00f6r Utlandshj\u00e4lpens kampanjer i samarbete med [&hellip;]","og_url":"https:\/\/www.kirkonulkomaanapu.fi\/sv\/kontakt\/till-forsamlingarna\/ombudsarbetet\/vad-gor-ombudet\/","og_site_name":"Kyrkans Utlandshj\u00e4lp","article_publisher":"https:\/\/www.facebook.com\/Ulkomaanapu\/","article_modified_time":"2021-05-10T13:56:32+00:00","og_image":[{"width":225,"height":225,"url":"https:\/\/www.kirkonulkomaanapu.fi\/wp-content\/uploads\/2026\/02\/Kirkon-ulkomaanapu-logo.png","type":"image\/png"}],"twitter_misc":{"Ber\u00e4knad l\u00e4stid":"1 minut"},"schema":{"@context":"https:\/\/schema.org","@graph":[{"@type":"WebPage","@id":"https:\/\/www.kirkonulkomaanapu.fi\/sv\/kontakt\/till-forsamlingarna\/ombudsarbetet\/vad-gor-ombudet\/","url":"https:\/\/www.kirkonulkomaanapu.fi\/sv\/kontakt\/till-forsamlingarna\/ombudsarbetet\/vad-gor-ombudet\/","name":"Vad g\u00f6r ombudet? - Kyrkans Utlandshj\u00e4lp","isPartOf":{"@id":"https:\/\/www.kirkonulkomaanapu.fi\/#website"},"datePublished":"2014-03-22T11:52:40+00:00","dateModified":"2021-05-10T13:56:32+00:00","breadcrumb":{"@id":"https:\/\/www.kirkonulkomaanapu.fi\/sv\/kontakt\/till-forsamlingarna\/ombudsarbetet\/vad-gor-ombudet\/#breadcrumb"},"inLanguage":"sv-SE","potentialAction":[{"@type":"ReadAction","target":["https:\/\/www.kirkonulkomaanapu.fi\/sv\/kontakt\/till-forsamlingarna\/ombudsarbetet\/vad-gor-ombudet\/"]}]},{"@type":"BreadcrumbList","@id":"https:\/\/www.kirkonulkomaanapu.fi\/sv\/kontakt\/till-forsamlingarna\/ombudsarbetet\/vad-gor-ombudet\/#breadcrumb","itemListElement":[{"@type":"ListItem","position":1,"name":"Home","item":"https:\/\/www.kirkonulkomaanapu.fi\/sv\/"},{"@type":"ListItem","position":2,"name":"Kontakt","item":"https:\/\/www.kirkonulkomaanapu.fi\/sv\/kontakt\/"},{"@type":"ListItem","position":3,"name":"Till f\u00f6rsamlingarna","item":"https:\/\/www.kirkonulkomaanapu.fi\/sv\/kontakt\/till-forsamlingarna\/"},{"@type":"ListItem","position":4,"name":"Ombudsarbetet","item":"https:\/\/www.kirkonulkomaanapu.fi\/sv\/kontakt\/till-forsamlingarna\/ombudsarbetet\/"},{"@type":"ListItem","position":5,"name":"Vad g\u00f6r ombudet?"}]},{"@type":"WebSite","@id":"https:\/\/www.kirkonulkomaanapu.fi\/#website","url":"https:\/\/www.kirkonulkomaanapu.fi\/","name":"Kirkon Ulkomaanapu","description":"Suomen suurin kehitysyhteisty\u00f6j\u00e4rjest\u00f6","publisher":{"@id":"https:\/\/www.kirkonulkomaanapu.fi\/#organization"},"alternateName":"KUA","potentialAction":[{"@type":"SearchAction","target":{"@type":"EntryPoint","urlTemplate":"https:\/\/www.kirkonulkomaanapu.fi\/?s={search_term_string}"},"query-input":{"@type":"PropertyValueSpecification","valueRequired":true,"valueName":"search_term_string"}}],"inLanguage":"sv-SE"},{"@type":"Organization","@id":"https:\/\/www.kirkonulkomaanapu.fi\/#organization","name":"Kirkon Ulkomaanapu","alternateName":"KUA","url":"https:\/\/www.kirkonulkomaanapu.fi\/","logo":{"@type":"ImageObject","inLanguage":"sv-SE","@id":"https:\/\/www.kirkonulkomaanapu.fi\/#\/schema\/logo\/image\/","url":"https:\/\/www.kirkonulkomaanapu.fi\/wp-content\/uploads\/2026\/02\/Kirkon-ulkomaanapu-logo-1.png","contentUrl":"https:\/\/www.kirkonulkomaanapu.fi\/wp-content\/uploads\/2026\/02\/Kirkon-ulkomaanapu-logo-1.png","width":225,"height":225,"caption":"Kirkon Ulkomaanapu"},"image":{"@id":"https:\/\/www.kirkonulkomaanapu.fi\/#\/schema\/logo\/image\/"},"sameAs":["https:\/\/www.facebook.com\/Ulkomaanapu\/","https:\/\/www.youtube.com\/user\/kirkonulkomaanapu","https:\/\/instagram.com\/kirkon_ulkomaanapu\/","https:\/\/www.linkedin.com\/company\/finn-church-aid\/"]}]}},"_links":{"self":[{"href":"https:\/\/www.kirkonulkomaanapu.fi\/sv\/wp-json\/wp\/v2\/pages\/5951","targetHints":{"allow":["GET"]}}],"collection":[{"href":"https:\/\/www.kirkonulkomaanapu.fi\/sv\/wp-json\/wp\/v2\/pages"}],"about":[{"href":"https:\/\/www.kirkonulkomaanapu.fi\/sv\/wp-json\/wp\/v2\/types\/page"}],"author":[{"embeddable":true,"href":"https:\/\/www.kirkonulkomaanapu.fi\/sv\/wp-json\/wp\/v2\/users\/7"}],"replies":[{"embeddable":true,"href":"https:\/\/www.kirkonulkomaanapu.fi\/sv\/wp-json\/wp\/v2\/comments?post=5951"}],"version-history":[{"count":3,"href":"https:\/\/www.kirkonulkomaanapu.fi\/sv\/wp-json\/wp\/v2\/pages\/5951\/revisions"}],"predecessor-version":[{"id":117678,"href":"https:\/\/www.kirkonulkomaanapu.fi\/sv\/wp-json\/wp\/v2\/pages\/5951\/revisions\/117678"}],"up":[{"embeddable":true,"href":"https:\/\/www.kirkonulkomaanapu.fi\/sv\/wp-json\/wp\/v2\/pages\/3725"}],"wp:attachment":[{"href":"https:\/\/www.kirkonulkomaanapu.fi\/sv\/wp-json\/wp\/v2\/media?parent=5951"}],"curies":[{"name":"wp","href":"https:\/\/api.w.org\/{rel}","templated":true}]}}