{"id":57094,"date":"2014-04-29T12:47:52","date_gmt":"2014-04-29T09:47:52","guid":{"rendered":"https:\/\/www.kirkonulkomaanapu.fi\/vart-arbete\/latinamerika\/centralamerika\/albertina-chup-ba-puolustaa-kylan-nuoria\/"},"modified":"2015-10-13T10:27:31","modified_gmt":"2015-10-13T07:27:31","slug":"albertina-chup-ba-forsvarar-byns-unga","status":"publish","type":"page","link":"https:\/\/www.kirkonulkomaanapu.fi\/sv\/albertina-chup-ba-forsvarar-byns-unga\/","title":{"rendered":"Albertina Chup Ba f\u00f6rsvarar byns unga"},"content":{"rendered":"<p>Tidigare brydde sig inte Albertina Chup Ba om att vara tillsammans med andra unga. \u201dJag var f\u00f6r blyg f\u00f6r att v\u00e5ga s\u00e4ga n\u00e5gonting\u201d. Jag t\u00e4nkte att de andra bara g\u00f6r narr av mig\u201d, ber\u00e4ttar den unga mayakvinnan.<\/p>\n<p>\u201dNu har jag l\u00e4rt mig att uttrycka mig sj\u00e4lv offentligt, nu bryr jag mig inte l\u00e4ngre om andras prat\u201d, forts\u00e4tter hon. Chup Ba deltog f\u00f6r n\u00e5gra \u00e5r sedan i medborgarutbildningen i Alta Verapaz i Guatemala. Utbildningen f\u00e5r st\u00f6d av Kyrkans Utlandshj\u00e4lp. Utbildningen ger grundkunskaper i medborgerliga r\u00e4ttigheter och i samh\u00e4lleliga p\u00e5verkningsm\u00f6jligheter.<\/p>\n<p>Chup Ba har \u00e4ven f\u00e5tt ta emot misstro f\u00f6r att hon \u00e4r ung och kvinna. Hon h\u00e5ller en ungdomsgrupp f\u00f6r 10\u201318-\u00e5ringar d\u00e4r hon ber\u00e4ttar om de ungas r\u00e4ttigheter.<\/p>\n<p>\u201dOfta har f\u00f6r\u00e4ldrarna sagt att jag misslyckas, att jag inte kan undervisa s\u00e5 som m\u00e4n g\u00f6r\u201d, ber\u00e4ttar Chup Ba. \u201dMen jag s\u00e4ger till dem att en kvinna kan undervisa lika bra som en man. Man m\u00e5ste \u00f6ppna m\u00e4nniskornas sinnen\u201d, forts\u00e4tter hon.<\/p>\n<p>I \u00e5r st\u00f6der insamlingen Gemensamt Ansvar arbetet bland ursprungsbefolkningen i Guatemala.<\/p>\n","protected":false},"excerpt":{"rendered":"<p>Tidigare brydde sig inte Albertina Chup Ba om att vara tillsammans med andra unga. \u201dJag var f\u00f6r blyg f\u00f6r att v\u00e5ga s\u00e4ga n\u00e5gonting\u201d. Jag t\u00e4nkte att de andra bara g\u00f6r narr av mig\u201d, ber\u00e4ttar den unga mayakvinnan. \u201dNu har jag l\u00e4rt mig att uttrycka mig sj\u00e4lv offentligt, nu bryr jag mig inte l\u00e4ngre om andras [&hellip;]<\/p>\n","protected":false},"author":7,"featured_media":6116,"parent":0,"menu_order":0,"comment_status":"closed","ping_status":"open","template":"page-templates\/story.php","meta":{"_acf_changed":false,"_relevanssi_hide_post":"","_relevanssi_hide_content":"","_relevanssi_pin_for_all":"","_relevanssi_pin_keywords":"","_relevanssi_unpin_keywords":"","_relevanssi_related_keywords":"","_relevanssi_related_include_ids":"","_relevanssi_related_exclude_ids":"","_relevanssi_related_no_append":"","_relevanssi_related_not_related":"","_relevanssi_related_posts":"","_relevanssi_noindex_reason":"","_improvement_type_select":"improve_an_existing","_thumb_yes_seoaic":false,"_frame_yes_seoaic":false,"seoaic_generate_description":"","seoaic_improve_instructions_prompt":"","seoaic_rollback_content_improvement":"","seoaic_idea_thumbnail_generator":"","thumbnail_generated":false,"thumbnail_generate_prompt":"","seoaic_article_description":"","footnotes":""},"class_list":["post-57094","page","type-page","status-publish","has-post-thumbnail","hentry"],"acf":[],"yoast_head":"<!-- This site is optimized with the Yoast SEO plugin v26.9 - https:\/\/yoast.com\/product\/yoast-seo-wordpress\/ -->\n<title>Albertina Chup Ba f\u00f6rsvarar byns unga - Kyrkans Utlandshj\u00e4lp<\/title>\n<meta name=\"description\" content=\"Albertina Chup Ba f\u00f6rsvarar byns unga\" \/>\n<meta name=\"robots\" content=\"index, follow, max-snippet:-1, max-image-preview:large, max-video-preview:-1\" \/>\n<link rel=\"canonical\" href=\"https:\/\/www.kirkonulkomaanapu.fi\/sv\/albertina-chup-ba-forsvarar-byns-unga\/\" \/>\n<meta property=\"og:locale\" content=\"sv_SE\" \/>\n<meta property=\"og:type\" content=\"article\" \/>\n<meta property=\"og:title\" content=\"Albertina Chup Ba f\u00f6rsvarar byns unga - Kyrkans Utlandshj\u00e4lp\" \/>\n<meta property=\"og:description\" content=\"Albertina Chup Ba f\u00f6rsvarar byns unga\" \/>\n<meta property=\"og:url\" content=\"https:\/\/www.kirkonulkomaanapu.fi\/sv\/albertina-chup-ba-forsvarar-byns-unga\/\" \/>\n<meta property=\"og:site_name\" content=\"Kyrkans Utlandshj\u00e4lp\" \/>\n<meta property=\"article:publisher\" content=\"https:\/\/www.facebook.com\/Ulkomaanapu\/\" \/>\n<meta property=\"article:modified_time\" content=\"2015-10-13T07:27:31+00:00\" \/>\n<meta property=\"og:image\" content=\"https:\/\/www.kirkonulkomaanapu.fi\/wp-content\/uploads\/2014\/04\/Albertina-Chup-Ba.jpg\" \/>\n\t<meta property=\"og:image:width\" content=\"765\" \/>\n\t<meta property=\"og:image:height\" content=\"416\" \/>\n\t<meta property=\"og:image:type\" content=\"image\/jpeg\" \/>\n<meta name=\"twitter:label1\" content=\"Ber\u00e4knad l\u00e4stid\" \/>\n\t<meta name=\"twitter:data1\" content=\"1 minut\" \/>\n<script type=\"application\/ld+json\" class=\"yoast-schema-graph\">{\"@context\":\"https:\/\/schema.org\",\"@graph\":[{\"@type\":\"WebPage\",\"@id\":\"https:\/\/www.kirkonulkomaanapu.fi\/sv\/albertina-chup-ba-forsvarar-byns-unga\/\",\"url\":\"https:\/\/www.kirkonulkomaanapu.fi\/sv\/albertina-chup-ba-forsvarar-byns-unga\/\",\"name\":\"Albertina Chup Ba f\u00f6rsvarar byns unga - Kyrkans Utlandshj\u00e4lp\",\"isPartOf\":{\"@id\":\"https:\/\/www.kirkonulkomaanapu.fi\/#website\"},\"primaryImageOfPage\":{\"@id\":\"https:\/\/www.kirkonulkomaanapu.fi\/sv\/albertina-chup-ba-forsvarar-byns-unga\/#primaryimage\"},\"image\":{\"@id\":\"https:\/\/www.kirkonulkomaanapu.fi\/sv\/albertina-chup-ba-forsvarar-byns-unga\/#primaryimage\"},\"thumbnailUrl\":\"https:\/\/www.kirkonulkomaanapu.fi\/wp-content\/uploads\/2014\/04\/Albertina-Chup-Ba.jpg\",\"datePublished\":\"2014-04-29T09:47:52+00:00\",\"dateModified\":\"2015-10-13T07:27:31+00:00\",\"description\":\"Albertina Chup Ba f\u00f6rsvarar byns unga\",\"breadcrumb\":{\"@id\":\"https:\/\/www.kirkonulkomaanapu.fi\/sv\/albertina-chup-ba-forsvarar-byns-unga\/#breadcrumb\"},\"inLanguage\":\"sv-SE\",\"potentialAction\":[{\"@type\":\"ReadAction\",\"target\":[\"https:\/\/www.kirkonulkomaanapu.fi\/sv\/albertina-chup-ba-forsvarar-byns-unga\/\"]}]},{\"@type\":\"ImageObject\",\"inLanguage\":\"sv-SE\",\"@id\":\"https:\/\/www.kirkonulkomaanapu.fi\/sv\/albertina-chup-ba-forsvarar-byns-unga\/#primaryimage\",\"url\":\"https:\/\/www.kirkonulkomaanapu.fi\/wp-content\/uploads\/2014\/04\/Albertina-Chup-Ba.jpg\",\"contentUrl\":\"https:\/\/www.kirkonulkomaanapu.fi\/wp-content\/uploads\/2014\/04\/Albertina-Chup-Ba.jpg\",\"width\":765,\"height\":416},{\"@type\":\"BreadcrumbList\",\"@id\":\"https:\/\/www.kirkonulkomaanapu.fi\/sv\/albertina-chup-ba-forsvarar-byns-unga\/#breadcrumb\",\"itemListElement\":[{\"@type\":\"ListItem\",\"position\":1,\"name\":\"Home\",\"item\":\"https:\/\/www.kirkonulkomaanapu.fi\/sv\/\"},{\"@type\":\"ListItem\",\"position\":2,\"name\":\"Albertina Chup Ba f\u00f6rsvarar byns unga\"}]},{\"@type\":\"WebSite\",\"@id\":\"https:\/\/www.kirkonulkomaanapu.fi\/#website\",\"url\":\"https:\/\/www.kirkonulkomaanapu.fi\/\",\"name\":\"Kirkon Ulkomaanapu\",\"description\":\"Suomen suurin kehitysyhteisty\u00f6j\u00e4rjest\u00f6\",\"publisher\":{\"@id\":\"https:\/\/www.kirkonulkomaanapu.fi\/#organization\"},\"alternateName\":\"KUA\",\"potentialAction\":[{\"@type\":\"SearchAction\",\"target\":{\"@type\":\"EntryPoint\",\"urlTemplate\":\"https:\/\/www.kirkonulkomaanapu.fi\/?s={search_term_string}\"},\"query-input\":{\"@type\":\"PropertyValueSpecification\",\"valueRequired\":true,\"valueName\":\"search_term_string\"}}],\"inLanguage\":\"sv-SE\"},{\"@type\":\"Organization\",\"@id\":\"https:\/\/www.kirkonulkomaanapu.fi\/#organization\",\"name\":\"Kirkon Ulkomaanapu\",\"alternateName\":\"KUA\",\"url\":\"https:\/\/www.kirkonulkomaanapu.fi\/\",\"logo\":{\"@type\":\"ImageObject\",\"inLanguage\":\"sv-SE\",\"@id\":\"https:\/\/www.kirkonulkomaanapu.fi\/#\/schema\/logo\/image\/\",\"url\":\"https:\/\/www.kirkonulkomaanapu.fi\/wp-content\/uploads\/2026\/02\/Kirkon-ulkomaanapu-logo-1.png\",\"contentUrl\":\"https:\/\/www.kirkonulkomaanapu.fi\/wp-content\/uploads\/2026\/02\/Kirkon-ulkomaanapu-logo-1.png\",\"width\":225,\"height\":225,\"caption\":\"Kirkon Ulkomaanapu\"},\"image\":{\"@id\":\"https:\/\/www.kirkonulkomaanapu.fi\/#\/schema\/logo\/image\/\"},\"sameAs\":[\"https:\/\/www.facebook.com\/Ulkomaanapu\/\",\"https:\/\/www.youtube.com\/user\/kirkonulkomaanapu\",\"https:\/\/instagram.com\/kirkon_ulkomaanapu\/\",\"https:\/\/www.linkedin.com\/company\/finn-church-aid\/\"]}]}<\/script>\n<!-- \/ Yoast SEO plugin. -->","yoast_head_json":{"title":"Albertina Chup Ba f\u00f6rsvarar byns unga - Kyrkans Utlandshj\u00e4lp","description":"Albertina Chup Ba f\u00f6rsvarar byns unga","robots":{"index":"index","follow":"follow","max-snippet":"max-snippet:-1","max-image-preview":"max-image-preview:large","max-video-preview":"max-video-preview:-1"},"canonical":"https:\/\/www.kirkonulkomaanapu.fi\/sv\/albertina-chup-ba-forsvarar-byns-unga\/","og_locale":"sv_SE","og_type":"article","og_title":"Albertina Chup Ba f\u00f6rsvarar byns unga - Kyrkans Utlandshj\u00e4lp","og_description":"Albertina Chup Ba f\u00f6rsvarar byns unga","og_url":"https:\/\/www.kirkonulkomaanapu.fi\/sv\/albertina-chup-ba-forsvarar-byns-unga\/","og_site_name":"Kyrkans Utlandshj\u00e4lp","article_publisher":"https:\/\/www.facebook.com\/Ulkomaanapu\/","article_modified_time":"2015-10-13T07:27:31+00:00","og_image":[{"width":765,"height":416,"url":"https:\/\/www.kirkonulkomaanapu.fi\/wp-content\/uploads\/2014\/04\/Albertina-Chup-Ba.jpg","type":"image\/jpeg"}],"twitter_misc":{"Ber\u00e4knad l\u00e4stid":"1 minut"},"schema":{"@context":"https:\/\/schema.org","@graph":[{"@type":"WebPage","@id":"https:\/\/www.kirkonulkomaanapu.fi\/sv\/albertina-chup-ba-forsvarar-byns-unga\/","url":"https:\/\/www.kirkonulkomaanapu.fi\/sv\/albertina-chup-ba-forsvarar-byns-unga\/","name":"Albertina Chup Ba f\u00f6rsvarar byns unga - Kyrkans Utlandshj\u00e4lp","isPartOf":{"@id":"https:\/\/www.kirkonulkomaanapu.fi\/#website"},"primaryImageOfPage":{"@id":"https:\/\/www.kirkonulkomaanapu.fi\/sv\/albertina-chup-ba-forsvarar-byns-unga\/#primaryimage"},"image":{"@id":"https:\/\/www.kirkonulkomaanapu.fi\/sv\/albertina-chup-ba-forsvarar-byns-unga\/#primaryimage"},"thumbnailUrl":"https:\/\/www.kirkonulkomaanapu.fi\/wp-content\/uploads\/2014\/04\/Albertina-Chup-Ba.jpg","datePublished":"2014-04-29T09:47:52+00:00","dateModified":"2015-10-13T07:27:31+00:00","description":"Albertina Chup Ba f\u00f6rsvarar byns unga","breadcrumb":{"@id":"https:\/\/www.kirkonulkomaanapu.fi\/sv\/albertina-chup-ba-forsvarar-byns-unga\/#breadcrumb"},"inLanguage":"sv-SE","potentialAction":[{"@type":"ReadAction","target":["https:\/\/www.kirkonulkomaanapu.fi\/sv\/albertina-chup-ba-forsvarar-byns-unga\/"]}]},{"@type":"ImageObject","inLanguage":"sv-SE","@id":"https:\/\/www.kirkonulkomaanapu.fi\/sv\/albertina-chup-ba-forsvarar-byns-unga\/#primaryimage","url":"https:\/\/www.kirkonulkomaanapu.fi\/wp-content\/uploads\/2014\/04\/Albertina-Chup-Ba.jpg","contentUrl":"https:\/\/www.kirkonulkomaanapu.fi\/wp-content\/uploads\/2014\/04\/Albertina-Chup-Ba.jpg","width":765,"height":416},{"@type":"BreadcrumbList","@id":"https:\/\/www.kirkonulkomaanapu.fi\/sv\/albertina-chup-ba-forsvarar-byns-unga\/#breadcrumb","itemListElement":[{"@type":"ListItem","position":1,"name":"Home","item":"https:\/\/www.kirkonulkomaanapu.fi\/sv\/"},{"@type":"ListItem","position":2,"name":"Albertina Chup Ba f\u00f6rsvarar byns unga"}]},{"@type":"WebSite","@id":"https:\/\/www.kirkonulkomaanapu.fi\/#website","url":"https:\/\/www.kirkonulkomaanapu.fi\/","name":"Kirkon Ulkomaanapu","description":"Suomen suurin kehitysyhteisty\u00f6j\u00e4rjest\u00f6","publisher":{"@id":"https:\/\/www.kirkonulkomaanapu.fi\/#organization"},"alternateName":"KUA","potentialAction":[{"@type":"SearchAction","target":{"@type":"EntryPoint","urlTemplate":"https:\/\/www.kirkonulkomaanapu.fi\/?s={search_term_string}"},"query-input":{"@type":"PropertyValueSpecification","valueRequired":true,"valueName":"search_term_string"}}],"inLanguage":"sv-SE"},{"@type":"Organization","@id":"https:\/\/www.kirkonulkomaanapu.fi\/#organization","name":"Kirkon Ulkomaanapu","alternateName":"KUA","url":"https:\/\/www.kirkonulkomaanapu.fi\/","logo":{"@type":"ImageObject","inLanguage":"sv-SE","@id":"https:\/\/www.kirkonulkomaanapu.fi\/#\/schema\/logo\/image\/","url":"https:\/\/www.kirkonulkomaanapu.fi\/wp-content\/uploads\/2026\/02\/Kirkon-ulkomaanapu-logo-1.png","contentUrl":"https:\/\/www.kirkonulkomaanapu.fi\/wp-content\/uploads\/2026\/02\/Kirkon-ulkomaanapu-logo-1.png","width":225,"height":225,"caption":"Kirkon Ulkomaanapu"},"image":{"@id":"https:\/\/www.kirkonulkomaanapu.fi\/#\/schema\/logo\/image\/"},"sameAs":["https:\/\/www.facebook.com\/Ulkomaanapu\/","https:\/\/www.youtube.com\/user\/kirkonulkomaanapu","https:\/\/instagram.com\/kirkon_ulkomaanapu\/","https:\/\/www.linkedin.com\/company\/finn-church-aid\/"]}]}},"_links":{"self":[{"href":"https:\/\/www.kirkonulkomaanapu.fi\/sv\/wp-json\/wp\/v2\/pages\/57094","targetHints":{"allow":["GET"]}}],"collection":[{"href":"https:\/\/www.kirkonulkomaanapu.fi\/sv\/wp-json\/wp\/v2\/pages"}],"about":[{"href":"https:\/\/www.kirkonulkomaanapu.fi\/sv\/wp-json\/wp\/v2\/types\/page"}],"author":[{"embeddable":true,"href":"https:\/\/www.kirkonulkomaanapu.fi\/sv\/wp-json\/wp\/v2\/users\/7"}],"replies":[{"embeddable":true,"href":"https:\/\/www.kirkonulkomaanapu.fi\/sv\/wp-json\/wp\/v2\/comments?post=57094"}],"version-history":[{"count":4,"href":"https:\/\/www.kirkonulkomaanapu.fi\/sv\/wp-json\/wp\/v2\/pages\/57094\/revisions"}],"predecessor-version":[{"id":70676,"href":"https:\/\/www.kirkonulkomaanapu.fi\/sv\/wp-json\/wp\/v2\/pages\/57094\/revisions\/70676"}],"wp:featuredmedia":[{"embeddable":true,"href":"https:\/\/www.kirkonulkomaanapu.fi\/sv\/wp-json\/wp\/v2\/media\/6116"}],"wp:attachment":[{"href":"https:\/\/www.kirkonulkomaanapu.fi\/sv\/wp-json\/wp\/v2\/media?parent=57094"}],"curies":[{"name":"wp","href":"https:\/\/api.w.org\/{rel}","templated":true}]}}