{"id":4366,"date":"2014-04-11T14:44:31","date_gmt":"2014-04-11T11:44:31","guid":{"rendered":"https:\/\/www.kirkonulkomaanapu.fi\/?page_id=4366"},"modified":"2014-06-04T12:38:00","modified_gmt":"2014-06-04T09:38:00","slug":"filmer","status":"publish","type":"page","link":"https:\/\/www.kirkonulkomaanapu.fi\/sv\/material\/filmer\/","title":{"rendered":"Filmer"},"content":{"rendered":"<h2>Kortfilmer fr\u00e5n Guatemala<\/h2>\n<p>I R\u00e4dda v\u00e4rlden-materialets Guatemala-korfilmer, bekantar sig de finl\u00e4ndska ungdomarna Janne Koivisto och Johanna Maliniemi med ursprungsbefolkningens liv i Guatemala och m\u00e4nniskor\u00e4ttssituationen i landet. Filmerna \u00e4r en del av Utlandshj\u00e4lpens globalitetsfostran-projekt  R\u00e4dda v\u00e4rlden (2007-2009).<\/p>\n<p><strong>Program 1:<\/strong><\/p>\n<p><a href=\"https:\/\/www.dropbox.com\/s\/tkf1jljybtwru4e\/Att%20Bli%20helad%20efter%20krigserfarenheter.wmv?m=\" target=\"_blank\">At bli helad efter krigserfarenheter<\/a><\/p>\n<p>Janne och Johanna \u00e4r p\u00e5 studieresa f\u00f6r att bekanta sig med livet i Guatemala. De f\u00e5r h\u00f6ra om Tomasa Chubs helandeprocess efter inb\u00f6rdeskriget och om utvecklingssamarbetet som Kyrkans Utlandshj\u00e4lp deltar i. Man arbetar ocks\u00e5 f\u00f6r att st\u00f6da dem som utsatts f\u00f6r diskriminering  och f\u00f6r f\u00f6rverkligandet av ursprungsbefolkningens r\u00e4ttigheter i Guatemala.<\/p>\n<p><strong>Program 2:<\/strong><\/p>\n<p><a href=\"https:\/\/www.dropbox.com\/s\/v97qs3an5wf9elz\/B%C3%A4ttre%20utkomst%20med%20jordbruksutbildning.wmv?m=\" target=\"_blank\">B\u00e4ttre utkomst med jordbruksutbildning<\/a><\/p>\n<p>Janne och Johanna bekantar sig med hur Amalias familj \u00f6kat sin utkomst. Kyrkans Utlandshj\u00e4lp arbetar f\u00f6r att ursprungsbefolkningen skall ha tryggad tillg\u00e5ng till mat och utkomst. Arbetet utf\u00f6rs i samarbete med Lutherska v\u00e4rldsf\u00f6rbundet samt de lokala organisationerna Sank och Adici.<\/p>\n<p><strong>Program 3:<\/strong><\/p>\n<p><a href=\"https:\/\/www.dropbox.com\/s\/p115hg20sq3erjx\/Byarbetare.wmv?m=\" target=\"_blank\">Byarbetare<\/a><\/p>\n<p>I programmet f\u00f6ljer Janne och Johanna med  Marceela Caal Hub och hennes arbete i  byarna i omrd\u00e5et Altavera Paz i Guatemala. Marcela \u00e4r anst\u00e4lld hos Utlandshj\u00e4lpens samarbetsorganisation Adici och arbetar f\u00f6r ursprungsbefolkningens r\u00e4ttigheter.<\/p>\n<p><strong>Program 4:<\/strong><\/p>\n<p><a href=\"https:\/\/www.dropbox.com\/s\/93i0r7ixshmub2m\/R%C3%A4tt%20till%20majsf%C3%A4lt.wmv?m=\" target=\"_blank\">R\u00e4tt till majsf\u00e4lt<\/a><\/p>\n<p>P\u00e5 sin studieresa f\u00f6ljer Janne och Johanna med byn Sac&#8217;hals kamp f\u00f6r r\u00e4tten till jord och f\u00f6r byinv\u00e5narnas r\u00e4ttigheter. Kyrkans Utlandshj\u00e4lp arbetar f\u00f6r ursprungsbefolkningens r\u00e4ttigheter i Guatemala.<\/p>\n<p>&nbsp;<\/p>\n<p>&nbsp;<\/p>\n<p>&nbsp;<\/p>\n<p>&nbsp;<\/p>\n<p>&nbsp;<\/p>\n<p>&nbsp;<\/p>\n","protected":false},"excerpt":{"rendered":"<p>Kortfilmer fr\u00e5n Guatemala I R\u00e4dda v\u00e4rlden-materialets Guatemala-korfilmer, bekantar sig de finl\u00e4ndska ungdomarna Janne Koivisto och Johanna Maliniemi med ursprungsbefolkningens liv i Guatemala och m\u00e4nniskor\u00e4ttssituationen i landet. Filmerna \u00e4r en del av Utlandshj\u00e4lpens globalitetsfostran-projekt R\u00e4dda v\u00e4rlden (2007-2009). Program 1: At bli helad efter krigserfarenheter Janne och Johanna \u00e4r p\u00e5 studieresa f\u00f6r att bekanta sig med livet [&hellip;]<\/p>\n","protected":false},"author":137,"featured_media":0,"parent":2991,"menu_order":0,"comment_status":"closed","ping_status":"open","template":"page-templates\/yhteystiedot.php","meta":{"_acf_changed":false,"_relevanssi_hide_post":"","_relevanssi_hide_content":"","_relevanssi_pin_for_all":"","_relevanssi_pin_keywords":"","_relevanssi_unpin_keywords":"","_relevanssi_related_keywords":"","_relevanssi_related_include_ids":"","_relevanssi_related_exclude_ids":"","_relevanssi_related_no_append":"","_relevanssi_related_not_related":"","_relevanssi_related_posts":"","_relevanssi_noindex_reason":"","_improvement_type_select":"improve_an_existing","_thumb_yes_seoaic":false,"_frame_yes_seoaic":false,"seoaic_generate_description":"","seoaic_improve_instructions_prompt":"","seoaic_rollback_content_improvement":"","seoaic_idea_thumbnail_generator":"","thumbnail_generated":false,"thumbnail_generate_prompt":"","seoaic_article_description":"","footnotes":""},"class_list":["post-4366","page","type-page","status-publish","hentry"],"acf":[],"yoast_head":"<!-- This site is optimized with the Yoast SEO plugin v26.9 - https:\/\/yoast.com\/product\/yoast-seo-wordpress\/ -->\n<title>Filmer - Kyrkans Utlandshj\u00e4lp<\/title>\n<meta name=\"robots\" content=\"index, follow, max-snippet:-1, max-image-preview:large, max-video-preview:-1\" \/>\n<link rel=\"canonical\" href=\"https:\/\/www.kirkonulkomaanapu.fi\/sv\/material\/filmer\/\" \/>\n<meta property=\"og:locale\" content=\"sv_SE\" \/>\n<meta property=\"og:type\" content=\"article\" \/>\n<meta property=\"og:title\" content=\"Filmer - Kyrkans Utlandshj\u00e4lp\" \/>\n<meta property=\"og:description\" content=\"Kortfilmer fr\u00e5n Guatemala I R\u00e4dda v\u00e4rlden-materialets Guatemala-korfilmer, bekantar sig de finl\u00e4ndska ungdomarna Janne Koivisto och Johanna Maliniemi med ursprungsbefolkningens liv i Guatemala och m\u00e4nniskor\u00e4ttssituationen i landet. Filmerna \u00e4r en del av Utlandshj\u00e4lpens globalitetsfostran-projekt R\u00e4dda v\u00e4rlden (2007-2009). Program 1: At bli helad efter krigserfarenheter Janne och Johanna \u00e4r p\u00e5 studieresa f\u00f6r att bekanta sig med livet [&hellip;]\" \/>\n<meta property=\"og:url\" content=\"https:\/\/www.kirkonulkomaanapu.fi\/sv\/material\/filmer\/\" \/>\n<meta property=\"og:site_name\" content=\"Kyrkans Utlandshj\u00e4lp\" \/>\n<meta property=\"article:publisher\" content=\"https:\/\/www.facebook.com\/Ulkomaanapu\/\" \/>\n<meta property=\"article:modified_time\" content=\"2014-06-04T09:38:00+00:00\" \/>\n<meta property=\"og:image\" content=\"https:\/\/www.kirkonulkomaanapu.fi\/wp-content\/uploads\/2026\/02\/Kirkon-ulkomaanapu-logo.png\" \/>\n\t<meta property=\"og:image:width\" content=\"225\" \/>\n\t<meta property=\"og:image:height\" content=\"225\" \/>\n\t<meta property=\"og:image:type\" content=\"image\/png\" \/>\n<meta name=\"twitter:label1\" content=\"Ber\u00e4knad l\u00e4stid\" \/>\n\t<meta name=\"twitter:data1\" content=\"1 minut\" \/>\n<script type=\"application\/ld+json\" class=\"yoast-schema-graph\">{\"@context\":\"https:\/\/schema.org\",\"@graph\":[{\"@type\":\"WebPage\",\"@id\":\"https:\/\/www.kirkonulkomaanapu.fi\/sv\/material\/filmer\/\",\"url\":\"https:\/\/www.kirkonulkomaanapu.fi\/sv\/material\/filmer\/\",\"name\":\"Filmer - Kyrkans Utlandshj\u00e4lp\",\"isPartOf\":{\"@id\":\"https:\/\/www.kirkonulkomaanapu.fi\/#website\"},\"datePublished\":\"2014-04-11T11:44:31+00:00\",\"dateModified\":\"2014-06-04T09:38:00+00:00\",\"breadcrumb\":{\"@id\":\"https:\/\/www.kirkonulkomaanapu.fi\/sv\/material\/filmer\/#breadcrumb\"},\"inLanguage\":\"sv-SE\",\"potentialAction\":[{\"@type\":\"ReadAction\",\"target\":[\"https:\/\/www.kirkonulkomaanapu.fi\/sv\/material\/filmer\/\"]}]},{\"@type\":\"BreadcrumbList\",\"@id\":\"https:\/\/www.kirkonulkomaanapu.fi\/sv\/material\/filmer\/#breadcrumb\",\"itemListElement\":[{\"@type\":\"ListItem\",\"position\":1,\"name\":\"Home\",\"item\":\"https:\/\/www.kirkonulkomaanapu.fi\/sv\/\"},{\"@type\":\"ListItem\",\"position\":2,\"name\":\"Material\",\"item\":\"https:\/\/www.kirkonulkomaanapu.fi\/sv\/material\/\"},{\"@type\":\"ListItem\",\"position\":3,\"name\":\"Filmer\"}]},{\"@type\":\"WebSite\",\"@id\":\"https:\/\/www.kirkonulkomaanapu.fi\/#website\",\"url\":\"https:\/\/www.kirkonulkomaanapu.fi\/\",\"name\":\"Kirkon Ulkomaanapu\",\"description\":\"Suomen suurin kehitysyhteisty\u00f6j\u00e4rjest\u00f6\",\"publisher\":{\"@id\":\"https:\/\/www.kirkonulkomaanapu.fi\/#organization\"},\"alternateName\":\"KUA\",\"potentialAction\":[{\"@type\":\"SearchAction\",\"target\":{\"@type\":\"EntryPoint\",\"urlTemplate\":\"https:\/\/www.kirkonulkomaanapu.fi\/?s={search_term_string}\"},\"query-input\":{\"@type\":\"PropertyValueSpecification\",\"valueRequired\":true,\"valueName\":\"search_term_string\"}}],\"inLanguage\":\"sv-SE\"},{\"@type\":\"Organization\",\"@id\":\"https:\/\/www.kirkonulkomaanapu.fi\/#organization\",\"name\":\"Kirkon Ulkomaanapu\",\"alternateName\":\"KUA\",\"url\":\"https:\/\/www.kirkonulkomaanapu.fi\/\",\"logo\":{\"@type\":\"ImageObject\",\"inLanguage\":\"sv-SE\",\"@id\":\"https:\/\/www.kirkonulkomaanapu.fi\/#\/schema\/logo\/image\/\",\"url\":\"https:\/\/www.kirkonulkomaanapu.fi\/wp-content\/uploads\/2026\/02\/Kirkon-ulkomaanapu-logo-1.png\",\"contentUrl\":\"https:\/\/www.kirkonulkomaanapu.fi\/wp-content\/uploads\/2026\/02\/Kirkon-ulkomaanapu-logo-1.png\",\"width\":225,\"height\":225,\"caption\":\"Kirkon Ulkomaanapu\"},\"image\":{\"@id\":\"https:\/\/www.kirkonulkomaanapu.fi\/#\/schema\/logo\/image\/\"},\"sameAs\":[\"https:\/\/www.facebook.com\/Ulkomaanapu\/\",\"https:\/\/www.youtube.com\/user\/kirkonulkomaanapu\",\"https:\/\/instagram.com\/kirkon_ulkomaanapu\/\",\"https:\/\/www.linkedin.com\/company\/finn-church-aid\/\"]}]}<\/script>\n<!-- \/ Yoast SEO plugin. -->","yoast_head_json":{"title":"Filmer - Kyrkans Utlandshj\u00e4lp","robots":{"index":"index","follow":"follow","max-snippet":"max-snippet:-1","max-image-preview":"max-image-preview:large","max-video-preview":"max-video-preview:-1"},"canonical":"https:\/\/www.kirkonulkomaanapu.fi\/sv\/material\/filmer\/","og_locale":"sv_SE","og_type":"article","og_title":"Filmer - Kyrkans Utlandshj\u00e4lp","og_description":"Kortfilmer fr\u00e5n Guatemala I R\u00e4dda v\u00e4rlden-materialets Guatemala-korfilmer, bekantar sig de finl\u00e4ndska ungdomarna Janne Koivisto och Johanna Maliniemi med ursprungsbefolkningens liv i Guatemala och m\u00e4nniskor\u00e4ttssituationen i landet. Filmerna \u00e4r en del av Utlandshj\u00e4lpens globalitetsfostran-projekt R\u00e4dda v\u00e4rlden (2007-2009). Program 1: At bli helad efter krigserfarenheter Janne och Johanna \u00e4r p\u00e5 studieresa f\u00f6r att bekanta sig med livet [&hellip;]","og_url":"https:\/\/www.kirkonulkomaanapu.fi\/sv\/material\/filmer\/","og_site_name":"Kyrkans Utlandshj\u00e4lp","article_publisher":"https:\/\/www.facebook.com\/Ulkomaanapu\/","article_modified_time":"2014-06-04T09:38:00+00:00","og_image":[{"width":225,"height":225,"url":"https:\/\/www.kirkonulkomaanapu.fi\/wp-content\/uploads\/2026\/02\/Kirkon-ulkomaanapu-logo.png","type":"image\/png"}],"twitter_misc":{"Ber\u00e4knad l\u00e4stid":"1 minut"},"schema":{"@context":"https:\/\/schema.org","@graph":[{"@type":"WebPage","@id":"https:\/\/www.kirkonulkomaanapu.fi\/sv\/material\/filmer\/","url":"https:\/\/www.kirkonulkomaanapu.fi\/sv\/material\/filmer\/","name":"Filmer - Kyrkans Utlandshj\u00e4lp","isPartOf":{"@id":"https:\/\/www.kirkonulkomaanapu.fi\/#website"},"datePublished":"2014-04-11T11:44:31+00:00","dateModified":"2014-06-04T09:38:00+00:00","breadcrumb":{"@id":"https:\/\/www.kirkonulkomaanapu.fi\/sv\/material\/filmer\/#breadcrumb"},"inLanguage":"sv-SE","potentialAction":[{"@type":"ReadAction","target":["https:\/\/www.kirkonulkomaanapu.fi\/sv\/material\/filmer\/"]}]},{"@type":"BreadcrumbList","@id":"https:\/\/www.kirkonulkomaanapu.fi\/sv\/material\/filmer\/#breadcrumb","itemListElement":[{"@type":"ListItem","position":1,"name":"Home","item":"https:\/\/www.kirkonulkomaanapu.fi\/sv\/"},{"@type":"ListItem","position":2,"name":"Material","item":"https:\/\/www.kirkonulkomaanapu.fi\/sv\/material\/"},{"@type":"ListItem","position":3,"name":"Filmer"}]},{"@type":"WebSite","@id":"https:\/\/www.kirkonulkomaanapu.fi\/#website","url":"https:\/\/www.kirkonulkomaanapu.fi\/","name":"Kirkon Ulkomaanapu","description":"Suomen suurin kehitysyhteisty\u00f6j\u00e4rjest\u00f6","publisher":{"@id":"https:\/\/www.kirkonulkomaanapu.fi\/#organization"},"alternateName":"KUA","potentialAction":[{"@type":"SearchAction","target":{"@type":"EntryPoint","urlTemplate":"https:\/\/www.kirkonulkomaanapu.fi\/?s={search_term_string}"},"query-input":{"@type":"PropertyValueSpecification","valueRequired":true,"valueName":"search_term_string"}}],"inLanguage":"sv-SE"},{"@type":"Organization","@id":"https:\/\/www.kirkonulkomaanapu.fi\/#organization","name":"Kirkon Ulkomaanapu","alternateName":"KUA","url":"https:\/\/www.kirkonulkomaanapu.fi\/","logo":{"@type":"ImageObject","inLanguage":"sv-SE","@id":"https:\/\/www.kirkonulkomaanapu.fi\/#\/schema\/logo\/image\/","url":"https:\/\/www.kirkonulkomaanapu.fi\/wp-content\/uploads\/2026\/02\/Kirkon-ulkomaanapu-logo-1.png","contentUrl":"https:\/\/www.kirkonulkomaanapu.fi\/wp-content\/uploads\/2026\/02\/Kirkon-ulkomaanapu-logo-1.png","width":225,"height":225,"caption":"Kirkon Ulkomaanapu"},"image":{"@id":"https:\/\/www.kirkonulkomaanapu.fi\/#\/schema\/logo\/image\/"},"sameAs":["https:\/\/www.facebook.com\/Ulkomaanapu\/","https:\/\/www.youtube.com\/user\/kirkonulkomaanapu","https:\/\/instagram.com\/kirkon_ulkomaanapu\/","https:\/\/www.linkedin.com\/company\/finn-church-aid\/"]}]}},"_links":{"self":[{"href":"https:\/\/www.kirkonulkomaanapu.fi\/sv\/wp-json\/wp\/v2\/pages\/4366","targetHints":{"allow":["GET"]}}],"collection":[{"href":"https:\/\/www.kirkonulkomaanapu.fi\/sv\/wp-json\/wp\/v2\/pages"}],"about":[{"href":"https:\/\/www.kirkonulkomaanapu.fi\/sv\/wp-json\/wp\/v2\/types\/page"}],"author":[{"embeddable":true,"href":"https:\/\/www.kirkonulkomaanapu.fi\/sv\/wp-json\/wp\/v2\/users\/137"}],"replies":[{"embeddable":true,"href":"https:\/\/www.kirkonulkomaanapu.fi\/sv\/wp-json\/wp\/v2\/comments?post=4366"}],"version-history":[{"count":12,"href":"https:\/\/www.kirkonulkomaanapu.fi\/sv\/wp-json\/wp\/v2\/pages\/4366\/revisions"}],"predecessor-version":[{"id":57540,"href":"https:\/\/www.kirkonulkomaanapu.fi\/sv\/wp-json\/wp\/v2\/pages\/4366\/revisions\/57540"}],"up":[{"embeddable":true,"href":"https:\/\/www.kirkonulkomaanapu.fi\/sv\/wp-json\/wp\/v2\/pages\/2991"}],"wp:attachment":[{"href":"https:\/\/www.kirkonulkomaanapu.fi\/sv\/wp-json\/wp\/v2\/media?parent=4366"}],"curies":[{"name":"wp","href":"https:\/\/api.w.org\/{rel}","templated":true}]}}