{"id":4065,"date":"2014-04-10T12:35:59","date_gmt":"2014-04-10T09:35:59","guid":{"rendered":"https:\/\/www.kirkonulkomaanapu.fi\/?page_id=4065"},"modified":"2024-08-12T13:51:27","modified_gmt":"2024-08-12T10:51:27","slug":"ateruppbyggnadsarbetet","status":"publish","type":"page","link":"https:\/\/www.kirkonulkomaanapu.fi\/sv\/vart-arbete\/humanitart-bistand\/ateruppbyggnadsarbetet\/","title":{"rendered":"\u00c5teruppbyggnadsarbetet"},"content":{"rendered":"\n\n\n<div class=\"block-hero full-width id-block\" style=\"background-image: url('https:\/\/www.kirkonulkomaanapu.fi\/wp-content\/uploads\/2021\/05\/Kehitysyhteistyo-scaled.jpg');\">\n\n\t<div class=\"bg-mobile\" style=\"background-image: url('https:\/\/www.kirkonulkomaanapu.fi\/wp-content\/uploads\/2021\/05\/Kehitysyhteistyo-1024x683.jpg');\"><\/div>\n\n\t\n\t<div class=\"curtain\"><\/div>\n\n\t<div class=\"container\">\n\t\t<div class=\"row\">\n\t\t\t<div class=\"col\">\n\t\t\t\t<div class=\"inner-blocks entry-content\">\n\t\t\t\t\t\t\t\t\t\t\t\n<h1 class=\"is-style-brush\" ><span class=\"bg\">\n\u00c5terupp<span class=\"is-highlighted\">byggnads<\/span>arbetet\n<\/span><\/h1><h1 class=\"is-style-brush mobile\" ><span class=\"bg\">\u00c5terupp<span class=\"is-highlighted\">byggnads<\/span><\/span><span class=\"bg\">arbetet<\/span><\/h1>\n\n\t\t\t\t\t\t\t\t\t<\/div>\n\t\t\t<\/div>\n\t\t<\/div>\n\t<\/div>\n<\/div>\n\n\n<div class=\"subpage-navigation id-block full-width\">\n    <div class=\"container-lg\">\n        <div class=\"row\">\n            <div class=\"col\">\n                <ul class=\"pages\">\n                                        <li class=\"page ancestor\">\n                        <a href=\"https:\/\/www.kirkonulkomaanapu.fi\/sv\/vart-arbete\/\">V\u00e5rt arbete<\/a>\n                    <\/li>\n                                        <li class=\"page ancestor\">\n                        <a href=\"https:\/\/www.kirkonulkomaanapu.fi\/sv\/vart-arbete\/humanitart-bistand\/\">Humanit\u00e4rt bist\u00e5nd<\/a>\n                    <\/li>\n                    \n                                        <li class=\"page current\">\n                        <a href=\"https:\/\/www.kirkonulkomaanapu.fi\/sv\/vart-arbete\/humanitart-bistand\/ateruppbyggnadsarbetet\/\">\u00c5teruppbyggnadsarbetet<\/a>\n                    <\/li>\n                                    <\/ul>\n            <\/div>\n        <\/div>\n    <\/div>\n<\/div>\n\n\n\n\n\n\n<p class=\"lead\">Efter krisen b\u00f6rjar \u00e5teruppbyggnaden av vardagen. De som klarat sig vill leva ett s\u00e5 normalt liv som m\u00f6jligt.<\/p>\n\n\n\n<p>\u00c5terh\u00e4mtningen och \u00e5teruppbyggnaden vidtar genast n\u00e4r det \u00e4r m\u00f6jligt. Att \u00e5terst\u00e4lla hemmilj\u00f6n och \u00e5terg\u00e5 till vardagsrutinerna, underl\u00e4ttar ocks\u00e5 den psykiska \u00e5terh\u00e4mtningen.<\/p>\n\n\n\n<p><strong>Tillbaka till skolan s\u00e5 snart som m\u00f6jligt<\/strong><\/p>\n\n\n\n<p>Kyrkans Utlandshj\u00e4lp st\u00f6djer \u00e5teruppbyggnaden av hemmen, h\u00e4lsostationerna och i synnerhet skolorna. Skolg\u00e5ngen och andra vardagliga rutiner hj\u00e4lper barnen att \u00e5terh\u00e4mta sig efter katastrofen. Vi ser till att skolg\u00e5ngen kan forts\u00e4tta i t\u00e4lt eller i tillf\u00e4lliga skolbyggnader av l\u00e4tt konstruktion. I ett senare skede reparerar vi de befintliga skolbyggnaderna eller bygger nya permanenta skolor.<\/p>\n\n\n\n<p>Byggnadsarbetet genomf\u00f6r vi i samarbete med lokala organisationer eller s\u00e5 l\u00e5ter vi sj\u00e4lva utf\u00f6ra byggnadsarbetet. I varje fall spelar den lokala befolkningen en viktig roll i planeringen och genomf\u00f6randet.<\/p>\n\n\n\n<p><strong>\u00c5teruppbyggnaden st\u00f6der lokala n\u00e4ringar<\/strong><\/p>\n\n\n\n<p>Byggnadsarbetena bidrar till att ocks\u00e5 de lokala n\u00e4ringarna \u00e5terh\u00e4mtar sig. Vi anlitar lokala byggnadsf\u00f6retag och yrkeskunniga och skaffar byggnadsmaterialen p\u00e5 platsen och avl\u00f6nar arbetare enligt Cash for Work-principen.<\/p>\n\n\n\n<p>Tillsammans med \u00f6vriga akt\u00f6rer utvecklar vi byggnadsmetoder och konstruktioner som kan utf\u00f6ras l\u00e4tt och snabbt och till vilka man kan anv\u00e4nda lokalt byggnadsmaterial p\u00e5 ett m\u00e5ngsidigt s\u00e4tt.<\/p>\n\n\n\n<p><strong>H\u00e5llbart byggande<\/strong><\/p>\n\n\n\n<p>De l\u00f6sningar som till\u00e4mpas i byggnadsarbetet grundar sig p\u00e5 humanit\u00e4ra internationella standarder och instruktioner och p\u00e5 lokal praxis. Det betyder att vi beaktar:<\/p>\n\n\n\n<p>\u2022anv\u00e4ndarnas v\u00e4lm\u00e5ende<br>\u2022tillg\u00e4ngligheten f\u00f6r alla, dvs j\u00e4mlikheten<br>\u2022riskhanteringen<br>\u2022ekologin och h\u00e5llbarheten p\u00e5 l\u00e5ng sikt.<\/p>\n\n\n\n<p><strong>I samarbete med andra organisationer <\/strong><\/p>\n\n\n\n<p>V\u00e5rt arbetet koordineras inom den internationella ACT-alliansen och i olika globala n\u00e4tverk. Det \u00e4r viktigt att \u00e5teruppbyggnadsarbetet koordineras n\u00e4r flera olika organisationer deltar i det. Vi delar g\u00e4rna med oss av v\u00e5ra erfarenheter och tar del av andras.<\/p>\n","protected":false},"excerpt":{"rendered":"<p>Efter krisen b\u00f6rjar \u00e5teruppbyggnaden av vardagen. De som klarat sig vill leva ett s\u00e5 normalt liv som m\u00f6jligt. \u00c5terh\u00e4mtningen och \u00e5teruppbyggnaden vidtar genast n\u00e4r det \u00e4r m\u00f6jligt. Att \u00e5terst\u00e4lla hemmilj\u00f6n och \u00e5terg\u00e5 till vardagsrutinerna, underl\u00e4ttar ocks\u00e5 den psykiska \u00e5terh\u00e4mtningen. Tillbaka till skolan s\u00e5 snart som m\u00f6jligt Kyrkans Utlandshj\u00e4lp st\u00f6djer \u00e5teruppbyggnaden av hemmen, h\u00e4lsostationerna och i [&hellip;]<\/p>\n","protected":false},"author":137,"featured_media":91011,"parent":3300,"menu_order":0,"comment_status":"closed","ping_status":"closed","template":"","meta":{"_acf_changed":false,"_relevanssi_hide_post":"","_relevanssi_hide_content":"","_relevanssi_pin_for_all":"","_relevanssi_pin_keywords":"","_relevanssi_unpin_keywords":"","_relevanssi_related_keywords":"","_relevanssi_related_include_ids":"","_relevanssi_related_exclude_ids":"","_relevanssi_related_no_append":"","_relevanssi_related_not_related":"","_relevanssi_related_posts":"89500,63644,108131","_relevanssi_noindex_reason":"","_improvement_type_select":"improve_an_existing","_thumb_yes_seoaic":false,"_frame_yes_seoaic":false,"seoaic_generate_description":"","seoaic_improve_instructions_prompt":"","seoaic_rollback_content_improvement":"","seoaic_idea_thumbnail_generator":"","thumbnail_generated":false,"thumbnail_generate_prompt":"","seoaic_article_description":"","footnotes":""},"class_list":["post-4065","page","type-page","status-publish","has-post-thumbnail","hentry"],"acf":[],"yoast_head":"<!-- This site is optimized with the Yoast SEO plugin v26.9 - https:\/\/yoast.com\/product\/yoast-seo-wordpress\/ -->\n<title>\u00c5teruppbyggnadsarbetet - Kyrkans Utlandshj\u00e4lp<\/title>\n<meta name=\"robots\" content=\"index, follow, max-snippet:-1, max-image-preview:large, max-video-preview:-1\" \/>\n<link rel=\"canonical\" href=\"https:\/\/www.kirkonulkomaanapu.fi\/sv\/vart-arbete\/humanitart-bistand\/ateruppbyggnadsarbetet\/\" \/>\n<meta property=\"og:locale\" content=\"sv_SE\" \/>\n<meta property=\"og:type\" content=\"article\" \/>\n<meta property=\"og:title\" content=\"\u00c5teruppbyggnadsarbetet - Kyrkans Utlandshj\u00e4lp\" \/>\n<meta property=\"og:description\" content=\"Efter krisen b\u00f6rjar \u00e5teruppbyggnaden av vardagen. De som klarat sig vill leva ett s\u00e5 normalt liv som m\u00f6jligt. \u00c5terh\u00e4mtningen och \u00e5teruppbyggnaden vidtar genast n\u00e4r det \u00e4r m\u00f6jligt. Att \u00e5terst\u00e4lla hemmilj\u00f6n och \u00e5terg\u00e5 till vardagsrutinerna, underl\u00e4ttar ocks\u00e5 den psykiska \u00e5terh\u00e4mtningen. Tillbaka till skolan s\u00e5 snart som m\u00f6jligt Kyrkans Utlandshj\u00e4lp st\u00f6djer \u00e5teruppbyggnaden av hemmen, h\u00e4lsostationerna och i [&hellip;]\" \/>\n<meta property=\"og:url\" content=\"https:\/\/www.kirkonulkomaanapu.fi\/sv\/vart-arbete\/humanitart-bistand\/ateruppbyggnadsarbetet\/\" \/>\n<meta property=\"og:site_name\" content=\"Kyrkans Utlandshj\u00e4lp\" \/>\n<meta property=\"article:publisher\" content=\"https:\/\/www.facebook.com\/Ulkomaanapu\/\" \/>\n<meta property=\"article:modified_time\" content=\"2024-08-12T10:51:27+00:00\" \/>\n<meta property=\"og:image\" content=\"https:\/\/www.kirkonulkomaanapu.fi\/wp-content\/uploads\/2018\/11\/Mita_teemme_Humanitaarinen-apu_Jalleenrakennus-1.jpg\" \/>\n\t<meta property=\"og:image:width\" content=\"1920\" \/>\n\t<meta property=\"og:image:height\" content=\"539\" \/>\n\t<meta property=\"og:image:type\" content=\"image\/jpeg\" \/>\n<meta name=\"twitter:label1\" content=\"Ber\u00e4knad l\u00e4stid\" \/>\n\t<meta name=\"twitter:data1\" content=\"2 minuter\" \/>\n<script type=\"application\/ld+json\" class=\"yoast-schema-graph\">{\"@context\":\"https:\/\/schema.org\",\"@graph\":[{\"@type\":\"WebPage\",\"@id\":\"https:\/\/www.kirkonulkomaanapu.fi\/sv\/vart-arbete\/humanitart-bistand\/ateruppbyggnadsarbetet\/\",\"url\":\"https:\/\/www.kirkonulkomaanapu.fi\/sv\/vart-arbete\/humanitart-bistand\/ateruppbyggnadsarbetet\/\",\"name\":\"\u00c5teruppbyggnadsarbetet - Kyrkans Utlandshj\u00e4lp\",\"isPartOf\":{\"@id\":\"https:\/\/www.kirkonulkomaanapu.fi\/#website\"},\"primaryImageOfPage\":{\"@id\":\"https:\/\/www.kirkonulkomaanapu.fi\/sv\/vart-arbete\/humanitart-bistand\/ateruppbyggnadsarbetet\/#primaryimage\"},\"image\":{\"@id\":\"https:\/\/www.kirkonulkomaanapu.fi\/sv\/vart-arbete\/humanitart-bistand\/ateruppbyggnadsarbetet\/#primaryimage\"},\"thumbnailUrl\":\"https:\/\/www.kirkonulkomaanapu.fi\/wp-content\/uploads\/2018\/11\/Mita_teemme_Humanitaarinen-apu_Jalleenrakennus-1.jpg\",\"datePublished\":\"2014-04-10T09:35:59+00:00\",\"dateModified\":\"2024-08-12T10:51:27+00:00\",\"breadcrumb\":{\"@id\":\"https:\/\/www.kirkonulkomaanapu.fi\/sv\/vart-arbete\/humanitart-bistand\/ateruppbyggnadsarbetet\/#breadcrumb\"},\"inLanguage\":\"sv-SE\",\"potentialAction\":[{\"@type\":\"ReadAction\",\"target\":[\"https:\/\/www.kirkonulkomaanapu.fi\/sv\/vart-arbete\/humanitart-bistand\/ateruppbyggnadsarbetet\/\"]}]},{\"@type\":\"ImageObject\",\"inLanguage\":\"sv-SE\",\"@id\":\"https:\/\/www.kirkonulkomaanapu.fi\/sv\/vart-arbete\/humanitart-bistand\/ateruppbyggnadsarbetet\/#primaryimage\",\"url\":\"https:\/\/www.kirkonulkomaanapu.fi\/wp-content\/uploads\/2018\/11\/Mita_teemme_Humanitaarinen-apu_Jalleenrakennus-1.jpg\",\"contentUrl\":\"https:\/\/www.kirkonulkomaanapu.fi\/wp-content\/uploads\/2018\/11\/Mita_teemme_Humanitaarinen-apu_Jalleenrakennus-1.jpg\",\"width\":1920,\"height\":539,\"caption\":\"Tiili\u00e4.\"},{\"@type\":\"BreadcrumbList\",\"@id\":\"https:\/\/www.kirkonulkomaanapu.fi\/sv\/vart-arbete\/humanitart-bistand\/ateruppbyggnadsarbetet\/#breadcrumb\",\"itemListElement\":[{\"@type\":\"ListItem\",\"position\":1,\"name\":\"Home\",\"item\":\"https:\/\/www.kirkonulkomaanapu.fi\/sv\/\"},{\"@type\":\"ListItem\",\"position\":2,\"name\":\"V\u00e5rt arbete\",\"item\":\"https:\/\/www.kirkonulkomaanapu.fi\/sv\/vart-arbete\/\"},{\"@type\":\"ListItem\",\"position\":3,\"name\":\"Humanit\u00e4rt bist\u00e5nd\",\"item\":\"https:\/\/www.kirkonulkomaanapu.fi\/sv\/vart-arbete\/humanitart-bistand\/\"},{\"@type\":\"ListItem\",\"position\":4,\"name\":\"\u00c5teruppbyggnadsarbetet\"}]},{\"@type\":\"WebSite\",\"@id\":\"https:\/\/www.kirkonulkomaanapu.fi\/#website\",\"url\":\"https:\/\/www.kirkonulkomaanapu.fi\/\",\"name\":\"Kirkon Ulkomaanapu\",\"description\":\"Suomen suurin kehitysyhteisty\u00f6j\u00e4rjest\u00f6\",\"publisher\":{\"@id\":\"https:\/\/www.kirkonulkomaanapu.fi\/#organization\"},\"alternateName\":\"KUA\",\"potentialAction\":[{\"@type\":\"SearchAction\",\"target\":{\"@type\":\"EntryPoint\",\"urlTemplate\":\"https:\/\/www.kirkonulkomaanapu.fi\/?s={search_term_string}\"},\"query-input\":{\"@type\":\"PropertyValueSpecification\",\"valueRequired\":true,\"valueName\":\"search_term_string\"}}],\"inLanguage\":\"sv-SE\"},{\"@type\":\"Organization\",\"@id\":\"https:\/\/www.kirkonulkomaanapu.fi\/#organization\",\"name\":\"Kirkon Ulkomaanapu\",\"alternateName\":\"KUA\",\"url\":\"https:\/\/www.kirkonulkomaanapu.fi\/\",\"logo\":{\"@type\":\"ImageObject\",\"inLanguage\":\"sv-SE\",\"@id\":\"https:\/\/www.kirkonulkomaanapu.fi\/#\/schema\/logo\/image\/\",\"url\":\"https:\/\/www.kirkonulkomaanapu.fi\/wp-content\/uploads\/2026\/02\/Kirkon-ulkomaanapu-logo-1.png\",\"contentUrl\":\"https:\/\/www.kirkonulkomaanapu.fi\/wp-content\/uploads\/2026\/02\/Kirkon-ulkomaanapu-logo-1.png\",\"width\":225,\"height\":225,\"caption\":\"Kirkon Ulkomaanapu\"},\"image\":{\"@id\":\"https:\/\/www.kirkonulkomaanapu.fi\/#\/schema\/logo\/image\/\"},\"sameAs\":[\"https:\/\/www.facebook.com\/Ulkomaanapu\/\",\"https:\/\/www.youtube.com\/user\/kirkonulkomaanapu\",\"https:\/\/instagram.com\/kirkon_ulkomaanapu\/\",\"https:\/\/www.linkedin.com\/company\/finn-church-aid\/\"]}]}<\/script>\n<!-- \/ Yoast SEO plugin. -->","yoast_head_json":{"title":"\u00c5teruppbyggnadsarbetet - Kyrkans Utlandshj\u00e4lp","robots":{"index":"index","follow":"follow","max-snippet":"max-snippet:-1","max-image-preview":"max-image-preview:large","max-video-preview":"max-video-preview:-1"},"canonical":"https:\/\/www.kirkonulkomaanapu.fi\/sv\/vart-arbete\/humanitart-bistand\/ateruppbyggnadsarbetet\/","og_locale":"sv_SE","og_type":"article","og_title":"\u00c5teruppbyggnadsarbetet - Kyrkans Utlandshj\u00e4lp","og_description":"Efter krisen b\u00f6rjar \u00e5teruppbyggnaden av vardagen. De som klarat sig vill leva ett s\u00e5 normalt liv som m\u00f6jligt. \u00c5terh\u00e4mtningen och \u00e5teruppbyggnaden vidtar genast n\u00e4r det \u00e4r m\u00f6jligt. Att \u00e5terst\u00e4lla hemmilj\u00f6n och \u00e5terg\u00e5 till vardagsrutinerna, underl\u00e4ttar ocks\u00e5 den psykiska \u00e5terh\u00e4mtningen. Tillbaka till skolan s\u00e5 snart som m\u00f6jligt Kyrkans Utlandshj\u00e4lp st\u00f6djer \u00e5teruppbyggnaden av hemmen, h\u00e4lsostationerna och i [&hellip;]","og_url":"https:\/\/www.kirkonulkomaanapu.fi\/sv\/vart-arbete\/humanitart-bistand\/ateruppbyggnadsarbetet\/","og_site_name":"Kyrkans Utlandshj\u00e4lp","article_publisher":"https:\/\/www.facebook.com\/Ulkomaanapu\/","article_modified_time":"2024-08-12T10:51:27+00:00","og_image":[{"width":1920,"height":539,"url":"https:\/\/www.kirkonulkomaanapu.fi\/wp-content\/uploads\/2018\/11\/Mita_teemme_Humanitaarinen-apu_Jalleenrakennus-1.jpg","type":"image\/jpeg"}],"twitter_misc":{"Ber\u00e4knad l\u00e4stid":"2 minuter"},"schema":{"@context":"https:\/\/schema.org","@graph":[{"@type":"WebPage","@id":"https:\/\/www.kirkonulkomaanapu.fi\/sv\/vart-arbete\/humanitart-bistand\/ateruppbyggnadsarbetet\/","url":"https:\/\/www.kirkonulkomaanapu.fi\/sv\/vart-arbete\/humanitart-bistand\/ateruppbyggnadsarbetet\/","name":"\u00c5teruppbyggnadsarbetet - Kyrkans Utlandshj\u00e4lp","isPartOf":{"@id":"https:\/\/www.kirkonulkomaanapu.fi\/#website"},"primaryImageOfPage":{"@id":"https:\/\/www.kirkonulkomaanapu.fi\/sv\/vart-arbete\/humanitart-bistand\/ateruppbyggnadsarbetet\/#primaryimage"},"image":{"@id":"https:\/\/www.kirkonulkomaanapu.fi\/sv\/vart-arbete\/humanitart-bistand\/ateruppbyggnadsarbetet\/#primaryimage"},"thumbnailUrl":"https:\/\/www.kirkonulkomaanapu.fi\/wp-content\/uploads\/2018\/11\/Mita_teemme_Humanitaarinen-apu_Jalleenrakennus-1.jpg","datePublished":"2014-04-10T09:35:59+00:00","dateModified":"2024-08-12T10:51:27+00:00","breadcrumb":{"@id":"https:\/\/www.kirkonulkomaanapu.fi\/sv\/vart-arbete\/humanitart-bistand\/ateruppbyggnadsarbetet\/#breadcrumb"},"inLanguage":"sv-SE","potentialAction":[{"@type":"ReadAction","target":["https:\/\/www.kirkonulkomaanapu.fi\/sv\/vart-arbete\/humanitart-bistand\/ateruppbyggnadsarbetet\/"]}]},{"@type":"ImageObject","inLanguage":"sv-SE","@id":"https:\/\/www.kirkonulkomaanapu.fi\/sv\/vart-arbete\/humanitart-bistand\/ateruppbyggnadsarbetet\/#primaryimage","url":"https:\/\/www.kirkonulkomaanapu.fi\/wp-content\/uploads\/2018\/11\/Mita_teemme_Humanitaarinen-apu_Jalleenrakennus-1.jpg","contentUrl":"https:\/\/www.kirkonulkomaanapu.fi\/wp-content\/uploads\/2018\/11\/Mita_teemme_Humanitaarinen-apu_Jalleenrakennus-1.jpg","width":1920,"height":539,"caption":"Tiili\u00e4."},{"@type":"BreadcrumbList","@id":"https:\/\/www.kirkonulkomaanapu.fi\/sv\/vart-arbete\/humanitart-bistand\/ateruppbyggnadsarbetet\/#breadcrumb","itemListElement":[{"@type":"ListItem","position":1,"name":"Home","item":"https:\/\/www.kirkonulkomaanapu.fi\/sv\/"},{"@type":"ListItem","position":2,"name":"V\u00e5rt arbete","item":"https:\/\/www.kirkonulkomaanapu.fi\/sv\/vart-arbete\/"},{"@type":"ListItem","position":3,"name":"Humanit\u00e4rt bist\u00e5nd","item":"https:\/\/www.kirkonulkomaanapu.fi\/sv\/vart-arbete\/humanitart-bistand\/"},{"@type":"ListItem","position":4,"name":"\u00c5teruppbyggnadsarbetet"}]},{"@type":"WebSite","@id":"https:\/\/www.kirkonulkomaanapu.fi\/#website","url":"https:\/\/www.kirkonulkomaanapu.fi\/","name":"Kirkon Ulkomaanapu","description":"Suomen suurin kehitysyhteisty\u00f6j\u00e4rjest\u00f6","publisher":{"@id":"https:\/\/www.kirkonulkomaanapu.fi\/#organization"},"alternateName":"KUA","potentialAction":[{"@type":"SearchAction","target":{"@type":"EntryPoint","urlTemplate":"https:\/\/www.kirkonulkomaanapu.fi\/?s={search_term_string}"},"query-input":{"@type":"PropertyValueSpecification","valueRequired":true,"valueName":"search_term_string"}}],"inLanguage":"sv-SE"},{"@type":"Organization","@id":"https:\/\/www.kirkonulkomaanapu.fi\/#organization","name":"Kirkon Ulkomaanapu","alternateName":"KUA","url":"https:\/\/www.kirkonulkomaanapu.fi\/","logo":{"@type":"ImageObject","inLanguage":"sv-SE","@id":"https:\/\/www.kirkonulkomaanapu.fi\/#\/schema\/logo\/image\/","url":"https:\/\/www.kirkonulkomaanapu.fi\/wp-content\/uploads\/2026\/02\/Kirkon-ulkomaanapu-logo-1.png","contentUrl":"https:\/\/www.kirkonulkomaanapu.fi\/wp-content\/uploads\/2026\/02\/Kirkon-ulkomaanapu-logo-1.png","width":225,"height":225,"caption":"Kirkon Ulkomaanapu"},"image":{"@id":"https:\/\/www.kirkonulkomaanapu.fi\/#\/schema\/logo\/image\/"},"sameAs":["https:\/\/www.facebook.com\/Ulkomaanapu\/","https:\/\/www.youtube.com\/user\/kirkonulkomaanapu","https:\/\/instagram.com\/kirkon_ulkomaanapu\/","https:\/\/www.linkedin.com\/company\/finn-church-aid\/"]}]}},"_links":{"self":[{"href":"https:\/\/www.kirkonulkomaanapu.fi\/sv\/wp-json\/wp\/v2\/pages\/4065","targetHints":{"allow":["GET"]}}],"collection":[{"href":"https:\/\/www.kirkonulkomaanapu.fi\/sv\/wp-json\/wp\/v2\/pages"}],"about":[{"href":"https:\/\/www.kirkonulkomaanapu.fi\/sv\/wp-json\/wp\/v2\/types\/page"}],"author":[{"embeddable":true,"href":"https:\/\/www.kirkonulkomaanapu.fi\/sv\/wp-json\/wp\/v2\/users\/137"}],"replies":[{"embeddable":true,"href":"https:\/\/www.kirkonulkomaanapu.fi\/sv\/wp-json\/wp\/v2\/comments?post=4065"}],"version-history":[{"count":2,"href":"https:\/\/www.kirkonulkomaanapu.fi\/sv\/wp-json\/wp\/v2\/pages\/4065\/revisions"}],"predecessor-version":[{"id":149346,"href":"https:\/\/www.kirkonulkomaanapu.fi\/sv\/wp-json\/wp\/v2\/pages\/4065\/revisions\/149346"}],"up":[{"embeddable":true,"href":"https:\/\/www.kirkonulkomaanapu.fi\/sv\/wp-json\/wp\/v2\/pages\/3300"}],"wp:featuredmedia":[{"embeddable":true,"href":"https:\/\/www.kirkonulkomaanapu.fi\/sv\/wp-json\/wp\/v2\/media\/91011"}],"wp:attachment":[{"href":"https:\/\/www.kirkonulkomaanapu.fi\/sv\/wp-json\/wp\/v2\/media?parent=4065"}],"curies":[{"name":"wp","href":"https:\/\/api.w.org\/{rel}","templated":true}]}}