{"id":3969,"date":"2014-04-10T09:44:51","date_gmt":"2014-04-10T06:44:51","guid":{"rendered":"https:\/\/www.kirkonulkomaanapu.fi\/?page_id=3969"},"modified":"2021-05-11T09:58:35","modified_gmt":"2021-05-11T06:58:35","slug":"kollektbrev","status":"publish","type":"page","link":"https:\/\/www.kirkonulkomaanapu.fi\/sv\/kontakt\/till-forsamlingarna\/kollekter-och-budgetunderstod\/kollektbrev\/","title":{"rendered":"Kollektbrev"},"content":{"rendered":"<h1 class=\"is-style-brush\" ><span class=\"bg\">\nKollekt<span class=\"is-highlighted\">brev<\/span>\n<\/span><\/h1><h1 class=\"is-style-brush mobile\" ><span class=\"bg\">Kollekt<span class=\"is-highlighted\">brev<\/span><\/span><\/h1>\n\n\n<p>Inf\u00f6r\u00a0de helger\u00a0n\u00e4r kollekten tillfaller Kyrkans Utlandshj\u00e4lp, s\u00e4nder vi ett kollektbrev till f\u00f6rsamlingarna. Det s\u00e4nds elektroniskt till f\u00f6rsamlingens kansli f\u00f6r att d\u00e4rifr\u00e5n vidarebefordras till kyrkoherden och de pr\u00e4ster som ansvarar f\u00f6r gudstj\u00e4nster under helgen.\u00a0Som k\u00e4lla f\u00f6r e-postadressregistret anv\u00e4nds\u00a0\u00a0\u00c5rsbok f\u00f6r Borg\u00e5 stift.<\/p>\n\n\n\n<p>Ifall f\u00f6rsamlingen av n\u00e5gon anledning inte f\u00e5tt brevet, v\u00e4nligen kontakta koordinator Kaj-Mikael Wredlund, <a href=\"mailto:kaj-mikael.wredlund@kyrkansutlandshjalp.fi\">kaj-mikael.wredlund@kyrkansutlandshjalp.fi<\/a>, 0400 103 282.<\/p>\n\n\n\n<p>Kollektbrevet inneh\u00e5ller en kort beskrivning av kollektens \u00e4ndam\u00e5l och anvisningar f\u00f6r redovisningen f\u00f6r kollekten.<\/p>\n","protected":false},"excerpt":{"rendered":"<p>Kollektbrev Kollektbrev Inf\u00f6r\u00a0de helger\u00a0n\u00e4r kollekten tillfaller Kyrkans Utlandshj\u00e4lp, s\u00e4nder vi ett kollektbrev till f\u00f6rsamlingarna. Det s\u00e4nds elektroniskt till f\u00f6rsamlingens kansli f\u00f6r att d\u00e4rifr\u00e5n vidarebefordras till kyrkoherden och de pr\u00e4ster som ansvarar f\u00f6r gudstj\u00e4nster under helgen.\u00a0Som k\u00e4lla f\u00f6r e-postadressregistret anv\u00e4nds\u00a0\u00a0\u00c5rsbok f\u00f6r Borg\u00e5 stift. Ifall f\u00f6rsamlingen av n\u00e5gon anledning inte f\u00e5tt brevet, v\u00e4nligen kontakta koordinator Kaj-Mikael Wredlund, [&hellip;]<\/p>\n","protected":false},"author":137,"featured_media":0,"parent":3731,"menu_order":0,"comment_status":"closed","ping_status":"open","template":"page-templates\/yhteystiedot.php","meta":{"_acf_changed":false,"_relevanssi_hide_post":"","_relevanssi_hide_content":"","_relevanssi_pin_for_all":"","_relevanssi_pin_keywords":"","_relevanssi_unpin_keywords":"","_relevanssi_related_keywords":"","_relevanssi_related_include_ids":"","_relevanssi_related_exclude_ids":"","_relevanssi_related_no_append":"","_relevanssi_related_not_related":"","_relevanssi_related_posts":"89500,63644,108131","_relevanssi_noindex_reason":"","_improvement_type_select":"improve_an_existing","_thumb_yes_seoaic":false,"_frame_yes_seoaic":false,"seoaic_generate_description":"","seoaic_improve_instructions_prompt":"","seoaic_rollback_content_improvement":"","seoaic_idea_thumbnail_generator":"","thumbnail_generated":false,"thumbnail_generate_prompt":"","seoaic_article_description":"","footnotes":""},"class_list":["post-3969","page","type-page","status-publish","hentry"],"acf":[],"yoast_head":"<!-- This site is optimized with the Yoast SEO plugin v26.9 - https:\/\/yoast.com\/product\/yoast-seo-wordpress\/ -->\n<title>Kollektbrev - Kyrkans Utlandshj\u00e4lp<\/title>\n<meta name=\"robots\" content=\"index, follow, max-snippet:-1, max-image-preview:large, max-video-preview:-1\" \/>\n<link rel=\"canonical\" href=\"https:\/\/www.kirkonulkomaanapu.fi\/sv\/kontakt\/till-forsamlingarna\/kollekter-och-budgetunderstod\/kollektbrev\/\" \/>\n<meta property=\"og:locale\" content=\"sv_SE\" \/>\n<meta property=\"og:type\" content=\"article\" \/>\n<meta property=\"og:title\" content=\"Kollektbrev - Kyrkans Utlandshj\u00e4lp\" \/>\n<meta property=\"og:description\" content=\"Kollektbrev Kollektbrev Inf\u00f6r\u00a0de helger\u00a0n\u00e4r kollekten tillfaller Kyrkans Utlandshj\u00e4lp, s\u00e4nder vi ett kollektbrev till f\u00f6rsamlingarna. Det s\u00e4nds elektroniskt till f\u00f6rsamlingens kansli f\u00f6r att d\u00e4rifr\u00e5n vidarebefordras till kyrkoherden och de pr\u00e4ster som ansvarar f\u00f6r gudstj\u00e4nster under helgen.\u00a0Som k\u00e4lla f\u00f6r e-postadressregistret anv\u00e4nds\u00a0\u00a0\u00c5rsbok f\u00f6r Borg\u00e5 stift. Ifall f\u00f6rsamlingen av n\u00e5gon anledning inte f\u00e5tt brevet, v\u00e4nligen kontakta koordinator Kaj-Mikael Wredlund, [&hellip;]\" \/>\n<meta property=\"og:url\" content=\"https:\/\/www.kirkonulkomaanapu.fi\/sv\/kontakt\/till-forsamlingarna\/kollekter-och-budgetunderstod\/kollektbrev\/\" \/>\n<meta property=\"og:site_name\" content=\"Kyrkans Utlandshj\u00e4lp\" \/>\n<meta property=\"article:publisher\" content=\"https:\/\/www.facebook.com\/Ulkomaanapu\/\" \/>\n<meta property=\"article:modified_time\" content=\"2021-05-11T06:58:35+00:00\" \/>\n<meta property=\"og:image\" content=\"https:\/\/www.kirkonulkomaanapu.fi\/wp-content\/uploads\/2026\/02\/Kirkon-ulkomaanapu-logo.png\" \/>\n\t<meta property=\"og:image:width\" content=\"225\" \/>\n\t<meta property=\"og:image:height\" content=\"225\" \/>\n\t<meta property=\"og:image:type\" content=\"image\/png\" \/>\n<meta name=\"twitter:label1\" content=\"Ber\u00e4knad l\u00e4stid\" \/>\n\t<meta name=\"twitter:data1\" content=\"1 minut\" \/>\n<script type=\"application\/ld+json\" class=\"yoast-schema-graph\">{\"@context\":\"https:\/\/schema.org\",\"@graph\":[{\"@type\":\"WebPage\",\"@id\":\"https:\/\/www.kirkonulkomaanapu.fi\/sv\/kontakt\/till-forsamlingarna\/kollekter-och-budgetunderstod\/kollektbrev\/\",\"url\":\"https:\/\/www.kirkonulkomaanapu.fi\/sv\/kontakt\/till-forsamlingarna\/kollekter-och-budgetunderstod\/kollektbrev\/\",\"name\":\"Kollektbrev - Kyrkans Utlandshj\u00e4lp\",\"isPartOf\":{\"@id\":\"https:\/\/www.kirkonulkomaanapu.fi\/#website\"},\"datePublished\":\"2014-04-10T06:44:51+00:00\",\"dateModified\":\"2021-05-11T06:58:35+00:00\",\"breadcrumb\":{\"@id\":\"https:\/\/www.kirkonulkomaanapu.fi\/sv\/kontakt\/till-forsamlingarna\/kollekter-och-budgetunderstod\/kollektbrev\/#breadcrumb\"},\"inLanguage\":\"sv-SE\",\"potentialAction\":[{\"@type\":\"ReadAction\",\"target\":[\"https:\/\/www.kirkonulkomaanapu.fi\/sv\/kontakt\/till-forsamlingarna\/kollekter-och-budgetunderstod\/kollektbrev\/\"]}]},{\"@type\":\"BreadcrumbList\",\"@id\":\"https:\/\/www.kirkonulkomaanapu.fi\/sv\/kontakt\/till-forsamlingarna\/kollekter-och-budgetunderstod\/kollektbrev\/#breadcrumb\",\"itemListElement\":[{\"@type\":\"ListItem\",\"position\":1,\"name\":\"Home\",\"item\":\"https:\/\/www.kirkonulkomaanapu.fi\/sv\/\"},{\"@type\":\"ListItem\",\"position\":2,\"name\":\"Kontakt\",\"item\":\"https:\/\/www.kirkonulkomaanapu.fi\/sv\/kontakt\/\"},{\"@type\":\"ListItem\",\"position\":3,\"name\":\"Till f\u00f6rsamlingarna\",\"item\":\"https:\/\/www.kirkonulkomaanapu.fi\/sv\/kontakt\/till-forsamlingarna\/\"},{\"@type\":\"ListItem\",\"position\":4,\"name\":\"Kollekter och budgetunderst\u00f6d\",\"item\":\"https:\/\/www.kirkonulkomaanapu.fi\/sv\/kontakt\/till-forsamlingarna\/kollekter-och-budgetunderstod\/\"},{\"@type\":\"ListItem\",\"position\":5,\"name\":\"Kollektbrev\"}]},{\"@type\":\"WebSite\",\"@id\":\"https:\/\/www.kirkonulkomaanapu.fi\/#website\",\"url\":\"https:\/\/www.kirkonulkomaanapu.fi\/\",\"name\":\"Kirkon Ulkomaanapu\",\"description\":\"Suomen suurin kehitysyhteisty\u00f6j\u00e4rjest\u00f6\",\"publisher\":{\"@id\":\"https:\/\/www.kirkonulkomaanapu.fi\/#organization\"},\"alternateName\":\"KUA\",\"potentialAction\":[{\"@type\":\"SearchAction\",\"target\":{\"@type\":\"EntryPoint\",\"urlTemplate\":\"https:\/\/www.kirkonulkomaanapu.fi\/?s={search_term_string}\"},\"query-input\":{\"@type\":\"PropertyValueSpecification\",\"valueRequired\":true,\"valueName\":\"search_term_string\"}}],\"inLanguage\":\"sv-SE\"},{\"@type\":\"Organization\",\"@id\":\"https:\/\/www.kirkonulkomaanapu.fi\/#organization\",\"name\":\"Kirkon Ulkomaanapu\",\"alternateName\":\"KUA\",\"url\":\"https:\/\/www.kirkonulkomaanapu.fi\/\",\"logo\":{\"@type\":\"ImageObject\",\"inLanguage\":\"sv-SE\",\"@id\":\"https:\/\/www.kirkonulkomaanapu.fi\/#\/schema\/logo\/image\/\",\"url\":\"https:\/\/www.kirkonulkomaanapu.fi\/wp-content\/uploads\/2026\/02\/Kirkon-ulkomaanapu-logo-1.png\",\"contentUrl\":\"https:\/\/www.kirkonulkomaanapu.fi\/wp-content\/uploads\/2026\/02\/Kirkon-ulkomaanapu-logo-1.png\",\"width\":225,\"height\":225,\"caption\":\"Kirkon Ulkomaanapu\"},\"image\":{\"@id\":\"https:\/\/www.kirkonulkomaanapu.fi\/#\/schema\/logo\/image\/\"},\"sameAs\":[\"https:\/\/www.facebook.com\/Ulkomaanapu\/\",\"https:\/\/www.youtube.com\/user\/kirkonulkomaanapu\",\"https:\/\/instagram.com\/kirkon_ulkomaanapu\/\",\"https:\/\/www.linkedin.com\/company\/finn-church-aid\/\"]}]}<\/script>\n<!-- \/ Yoast SEO plugin. -->","yoast_head_json":{"title":"Kollektbrev - Kyrkans Utlandshj\u00e4lp","robots":{"index":"index","follow":"follow","max-snippet":"max-snippet:-1","max-image-preview":"max-image-preview:large","max-video-preview":"max-video-preview:-1"},"canonical":"https:\/\/www.kirkonulkomaanapu.fi\/sv\/kontakt\/till-forsamlingarna\/kollekter-och-budgetunderstod\/kollektbrev\/","og_locale":"sv_SE","og_type":"article","og_title":"Kollektbrev - Kyrkans Utlandshj\u00e4lp","og_description":"Kollektbrev Kollektbrev Inf\u00f6r\u00a0de helger\u00a0n\u00e4r kollekten tillfaller Kyrkans Utlandshj\u00e4lp, s\u00e4nder vi ett kollektbrev till f\u00f6rsamlingarna. Det s\u00e4nds elektroniskt till f\u00f6rsamlingens kansli f\u00f6r att d\u00e4rifr\u00e5n vidarebefordras till kyrkoherden och de pr\u00e4ster som ansvarar f\u00f6r gudstj\u00e4nster under helgen.\u00a0Som k\u00e4lla f\u00f6r e-postadressregistret anv\u00e4nds\u00a0\u00a0\u00c5rsbok f\u00f6r Borg\u00e5 stift. Ifall f\u00f6rsamlingen av n\u00e5gon anledning inte f\u00e5tt brevet, v\u00e4nligen kontakta koordinator Kaj-Mikael Wredlund, [&hellip;]","og_url":"https:\/\/www.kirkonulkomaanapu.fi\/sv\/kontakt\/till-forsamlingarna\/kollekter-och-budgetunderstod\/kollektbrev\/","og_site_name":"Kyrkans Utlandshj\u00e4lp","article_publisher":"https:\/\/www.facebook.com\/Ulkomaanapu\/","article_modified_time":"2021-05-11T06:58:35+00:00","og_image":[{"width":225,"height":225,"url":"https:\/\/www.kirkonulkomaanapu.fi\/wp-content\/uploads\/2026\/02\/Kirkon-ulkomaanapu-logo.png","type":"image\/png"}],"twitter_misc":{"Ber\u00e4knad l\u00e4stid":"1 minut"},"schema":{"@context":"https:\/\/schema.org","@graph":[{"@type":"WebPage","@id":"https:\/\/www.kirkonulkomaanapu.fi\/sv\/kontakt\/till-forsamlingarna\/kollekter-och-budgetunderstod\/kollektbrev\/","url":"https:\/\/www.kirkonulkomaanapu.fi\/sv\/kontakt\/till-forsamlingarna\/kollekter-och-budgetunderstod\/kollektbrev\/","name":"Kollektbrev - Kyrkans Utlandshj\u00e4lp","isPartOf":{"@id":"https:\/\/www.kirkonulkomaanapu.fi\/#website"},"datePublished":"2014-04-10T06:44:51+00:00","dateModified":"2021-05-11T06:58:35+00:00","breadcrumb":{"@id":"https:\/\/www.kirkonulkomaanapu.fi\/sv\/kontakt\/till-forsamlingarna\/kollekter-och-budgetunderstod\/kollektbrev\/#breadcrumb"},"inLanguage":"sv-SE","potentialAction":[{"@type":"ReadAction","target":["https:\/\/www.kirkonulkomaanapu.fi\/sv\/kontakt\/till-forsamlingarna\/kollekter-och-budgetunderstod\/kollektbrev\/"]}]},{"@type":"BreadcrumbList","@id":"https:\/\/www.kirkonulkomaanapu.fi\/sv\/kontakt\/till-forsamlingarna\/kollekter-och-budgetunderstod\/kollektbrev\/#breadcrumb","itemListElement":[{"@type":"ListItem","position":1,"name":"Home","item":"https:\/\/www.kirkonulkomaanapu.fi\/sv\/"},{"@type":"ListItem","position":2,"name":"Kontakt","item":"https:\/\/www.kirkonulkomaanapu.fi\/sv\/kontakt\/"},{"@type":"ListItem","position":3,"name":"Till f\u00f6rsamlingarna","item":"https:\/\/www.kirkonulkomaanapu.fi\/sv\/kontakt\/till-forsamlingarna\/"},{"@type":"ListItem","position":4,"name":"Kollekter och budgetunderst\u00f6d","item":"https:\/\/www.kirkonulkomaanapu.fi\/sv\/kontakt\/till-forsamlingarna\/kollekter-och-budgetunderstod\/"},{"@type":"ListItem","position":5,"name":"Kollektbrev"}]},{"@type":"WebSite","@id":"https:\/\/www.kirkonulkomaanapu.fi\/#website","url":"https:\/\/www.kirkonulkomaanapu.fi\/","name":"Kirkon Ulkomaanapu","description":"Suomen suurin kehitysyhteisty\u00f6j\u00e4rjest\u00f6","publisher":{"@id":"https:\/\/www.kirkonulkomaanapu.fi\/#organization"},"alternateName":"KUA","potentialAction":[{"@type":"SearchAction","target":{"@type":"EntryPoint","urlTemplate":"https:\/\/www.kirkonulkomaanapu.fi\/?s={search_term_string}"},"query-input":{"@type":"PropertyValueSpecification","valueRequired":true,"valueName":"search_term_string"}}],"inLanguage":"sv-SE"},{"@type":"Organization","@id":"https:\/\/www.kirkonulkomaanapu.fi\/#organization","name":"Kirkon Ulkomaanapu","alternateName":"KUA","url":"https:\/\/www.kirkonulkomaanapu.fi\/","logo":{"@type":"ImageObject","inLanguage":"sv-SE","@id":"https:\/\/www.kirkonulkomaanapu.fi\/#\/schema\/logo\/image\/","url":"https:\/\/www.kirkonulkomaanapu.fi\/wp-content\/uploads\/2026\/02\/Kirkon-ulkomaanapu-logo-1.png","contentUrl":"https:\/\/www.kirkonulkomaanapu.fi\/wp-content\/uploads\/2026\/02\/Kirkon-ulkomaanapu-logo-1.png","width":225,"height":225,"caption":"Kirkon Ulkomaanapu"},"image":{"@id":"https:\/\/www.kirkonulkomaanapu.fi\/#\/schema\/logo\/image\/"},"sameAs":["https:\/\/www.facebook.com\/Ulkomaanapu\/","https:\/\/www.youtube.com\/user\/kirkonulkomaanapu","https:\/\/instagram.com\/kirkon_ulkomaanapu\/","https:\/\/www.linkedin.com\/company\/finn-church-aid\/"]}]}},"_links":{"self":[{"href":"https:\/\/www.kirkonulkomaanapu.fi\/sv\/wp-json\/wp\/v2\/pages\/3969","targetHints":{"allow":["GET"]}}],"collection":[{"href":"https:\/\/www.kirkonulkomaanapu.fi\/sv\/wp-json\/wp\/v2\/pages"}],"about":[{"href":"https:\/\/www.kirkonulkomaanapu.fi\/sv\/wp-json\/wp\/v2\/types\/page"}],"author":[{"embeddable":true,"href":"https:\/\/www.kirkonulkomaanapu.fi\/sv\/wp-json\/wp\/v2\/users\/137"}],"replies":[{"embeddable":true,"href":"https:\/\/www.kirkonulkomaanapu.fi\/sv\/wp-json\/wp\/v2\/comments?post=3969"}],"version-history":[{"count":4,"href":"https:\/\/www.kirkonulkomaanapu.fi\/sv\/wp-json\/wp\/v2\/pages\/3969\/revisions"}],"predecessor-version":[{"id":132624,"href":"https:\/\/www.kirkonulkomaanapu.fi\/sv\/wp-json\/wp\/v2\/pages\/3969\/revisions\/132624"}],"up":[{"embeddable":true,"href":"https:\/\/www.kirkonulkomaanapu.fi\/sv\/wp-json\/wp\/v2\/pages\/3731"}],"wp:attachment":[{"href":"https:\/\/www.kirkonulkomaanapu.fi\/sv\/wp-json\/wp\/v2\/media?parent=3969"}],"curies":[{"name":"wp","href":"https:\/\/api.w.org\/{rel}","templated":true}]}}