{"id":3842,"date":"2014-04-09T14:22:35","date_gmt":"2014-04-09T11:22:35","guid":{"rendered":"https:\/\/www.kirkonulkomaanapu.fi\/?page_id=3842"},"modified":"2021-09-03T07:58:55","modified_gmt":"2021-09-03T04:58:55","slug":"katastrofinsamlingsbossorna","status":"publish","type":"page","link":"https:\/\/www.kirkonulkomaanapu.fi\/sv\/kontakt\/till-forsamlingarna\/kampanjer-och-insamlingar\/katastrofinsamlingsbossorna\/","title":{"rendered":"Katastrofinsamlingsb\u00f6ssorna"},"content":{"rendered":"<h1 class=\"is-style-brush\" ><span class=\"bg\">\nKatastrof<span class=\"is-highlighted\">insamlings<\/span>b\u00f6ssorna\n<\/span><\/h1><h1 class=\"is-style-brush mobile\" ><span class=\"bg\">Katastrof<span class=\"is-highlighted\">insamlings<\/span><\/span><span class=\"bg\">b\u00f6ssorna<\/span><\/h1>\n\n\n<p>En oanad katastrof sveper bort hemmet och de n\u00e4ra och k\u00e4ra. Telefonen fungerar inte. Ingen h\u00f6r. R\u00e4dslan griper tag i m\u00e4nniskorna och hj\u00e4lpl\u00f6sheten infinner sig.<\/p>\n\n\n\n<p>Du kan hj\u00e4lpa! Insamlingsb\u00f6ssorna \u00e4r ett s\u00e4tt att delta i hj\u00e4lpen.<\/p>\n\n\n\n<p>N\u00e4r en katastrof intr\u00e4ffat m\u00e5ste man handla snabbt. Grabba tag i en insamlingsb\u00f6ssa, samla ihop dina v\u00e4nner och organisera en insamling p\u00e5 d\u00e4r du bor. Med de pengar ni samlar in skaffar vi rent vatten, skydd mot v\u00e4der och vind, mediciner och mat till katastrofomr\u00e5det.<\/p>\n\n\n\n<p>Se till att din f\u00f6rsamling \u00e4r beredd p\u00e5 en katastrof! Bilda din egen snabbinsatstrupp och best\u00e4ll genast insamlingsb\u00f6ssor och v\u00e4star. Det finns redan snabbinsatstrupper i \u00f6ver hundra f\u00f6rsamlingar. Kontakta din f\u00f6rsamling och kom med i detta viktiga arbete.<\/p>\n\n\n\n<p>Insamlingar kan genomf\u00f6ras \u00e5ret runt.Det finns ocks\u00e5 tysta, utdragna katastrofer i v\u00e4rlden som inte kommer \u00f6ver nyhetstr\u00f6skeln. Vi \u00e4r med och hj\u00e4lper ocks\u00e5 d\u00e4r.<\/p>\n\n\n\n<p>F\u00f6r mera information och best\u00e4llningar v\u00e4nligen kontakta seurakunnat@kua.fi, tel.\u00a0020 787 1200.<\/p>\n\n\n\n<div class=\"wp-block-buttons is-layout-flex wp-block-buttons-is-layout-flex\">\n<div class=\"wp-block-button\"><a class=\"wp-block-button__link\" href=\"https:\/\/www.kirkonulkomaanapu.fi\/wp-content\/uploads\/2021\/09\/Anvisningar-for-katastrofinsamlingar-i-forsamlingen-2021.pdf\">Anvisningar f\u00f6r katastrofinsamlingar i f\u00f6rsamlingen<\/a><\/div>\n<\/div>\n","protected":false},"excerpt":{"rendered":"<p>Katastrofinsamlingsb\u00f6ssorna Katastrofinsamlingsb\u00f6ssorna En oanad katastrof sveper bort hemmet och de n\u00e4ra och k\u00e4ra. Telefonen fungerar inte. Ingen h\u00f6r. R\u00e4dslan griper tag i m\u00e4nniskorna och hj\u00e4lpl\u00f6sheten infinner sig. Du kan hj\u00e4lpa! Insamlingsb\u00f6ssorna \u00e4r ett s\u00e4tt att delta i hj\u00e4lpen. N\u00e4r en katastrof intr\u00e4ffat m\u00e5ste man handla snabbt. Grabba tag i en insamlingsb\u00f6ssa, samla ihop dina v\u00e4nner [&hellip;]<\/p>\n","protected":false},"author":137,"featured_media":0,"parent":3734,"menu_order":1,"comment_status":"closed","ping_status":"open","template":"page-templates\/yhteystiedot.php","meta":{"_acf_changed":false,"_relevanssi_hide_post":"","_relevanssi_hide_content":"","_relevanssi_pin_for_all":"","_relevanssi_pin_keywords":"","_relevanssi_unpin_keywords":"","_relevanssi_related_keywords":"","_relevanssi_related_include_ids":"","_relevanssi_related_exclude_ids":"","_relevanssi_related_no_append":"","_relevanssi_related_not_related":"","_relevanssi_related_posts":"89500,63644,108131","_relevanssi_noindex_reason":"","_improvement_type_select":"improve_an_existing","_thumb_yes_seoaic":false,"_frame_yes_seoaic":false,"seoaic_generate_description":"","seoaic_improve_instructions_prompt":"","seoaic_rollback_content_improvement":"","seoaic_idea_thumbnail_generator":"","thumbnail_generated":false,"thumbnail_generate_prompt":"","seoaic_article_description":"","footnotes":""},"class_list":["post-3842","page","type-page","status-publish","hentry"],"acf":[],"yoast_head":"<!-- This site is optimized with the Yoast SEO plugin v26.9 - https:\/\/yoast.com\/product\/yoast-seo-wordpress\/ -->\n<title>Katastrofinsamlingsb\u00f6ssorna - Kyrkans Utlandshj\u00e4lp<\/title>\n<meta name=\"robots\" content=\"index, follow, max-snippet:-1, max-image-preview:large, max-video-preview:-1\" \/>\n<link rel=\"canonical\" href=\"https:\/\/www.kirkonulkomaanapu.fi\/sv\/kontakt\/till-forsamlingarna\/kampanjer-och-insamlingar\/katastrofinsamlingsbossorna\/\" \/>\n<meta property=\"og:locale\" content=\"sv_SE\" \/>\n<meta property=\"og:type\" content=\"article\" \/>\n<meta property=\"og:title\" content=\"Katastrofinsamlingsb\u00f6ssorna - Kyrkans Utlandshj\u00e4lp\" \/>\n<meta property=\"og:description\" content=\"Katastrofinsamlingsb\u00f6ssorna Katastrofinsamlingsb\u00f6ssorna En oanad katastrof sveper bort hemmet och de n\u00e4ra och k\u00e4ra. Telefonen fungerar inte. Ingen h\u00f6r. R\u00e4dslan griper tag i m\u00e4nniskorna och hj\u00e4lpl\u00f6sheten infinner sig. Du kan hj\u00e4lpa! Insamlingsb\u00f6ssorna \u00e4r ett s\u00e4tt att delta i hj\u00e4lpen. N\u00e4r en katastrof intr\u00e4ffat m\u00e5ste man handla snabbt. Grabba tag i en insamlingsb\u00f6ssa, samla ihop dina v\u00e4nner [&hellip;]\" \/>\n<meta property=\"og:url\" content=\"https:\/\/www.kirkonulkomaanapu.fi\/sv\/kontakt\/till-forsamlingarna\/kampanjer-och-insamlingar\/katastrofinsamlingsbossorna\/\" \/>\n<meta property=\"og:site_name\" content=\"Kyrkans Utlandshj\u00e4lp\" \/>\n<meta property=\"article:publisher\" content=\"https:\/\/www.facebook.com\/Ulkomaanapu\/\" \/>\n<meta property=\"article:modified_time\" content=\"2021-09-03T04:58:55+00:00\" \/>\n<meta property=\"og:image\" content=\"https:\/\/www.kirkonulkomaanapu.fi\/wp-content\/uploads\/2026\/02\/Kirkon-ulkomaanapu-logo.png\" \/>\n\t<meta property=\"og:image:width\" content=\"225\" \/>\n\t<meta property=\"og:image:height\" content=\"225\" \/>\n\t<meta property=\"og:image:type\" content=\"image\/png\" \/>\n<meta name=\"twitter:label1\" content=\"Ber\u00e4knad l\u00e4stid\" \/>\n\t<meta name=\"twitter:data1\" content=\"1 minut\" \/>\n<script type=\"application\/ld+json\" class=\"yoast-schema-graph\">{\"@context\":\"https:\/\/schema.org\",\"@graph\":[{\"@type\":\"WebPage\",\"@id\":\"https:\/\/www.kirkonulkomaanapu.fi\/sv\/kontakt\/till-forsamlingarna\/kampanjer-och-insamlingar\/katastrofinsamlingsbossorna\/\",\"url\":\"https:\/\/www.kirkonulkomaanapu.fi\/sv\/kontakt\/till-forsamlingarna\/kampanjer-och-insamlingar\/katastrofinsamlingsbossorna\/\",\"name\":\"Katastrofinsamlingsb\u00f6ssorna - Kyrkans Utlandshj\u00e4lp\",\"isPartOf\":{\"@id\":\"https:\/\/www.kirkonulkomaanapu.fi\/#website\"},\"datePublished\":\"2014-04-09T11:22:35+00:00\",\"dateModified\":\"2021-09-03T04:58:55+00:00\",\"breadcrumb\":{\"@id\":\"https:\/\/www.kirkonulkomaanapu.fi\/sv\/kontakt\/till-forsamlingarna\/kampanjer-och-insamlingar\/katastrofinsamlingsbossorna\/#breadcrumb\"},\"inLanguage\":\"sv-SE\",\"potentialAction\":[{\"@type\":\"ReadAction\",\"target\":[\"https:\/\/www.kirkonulkomaanapu.fi\/sv\/kontakt\/till-forsamlingarna\/kampanjer-och-insamlingar\/katastrofinsamlingsbossorna\/\"]}]},{\"@type\":\"BreadcrumbList\",\"@id\":\"https:\/\/www.kirkonulkomaanapu.fi\/sv\/kontakt\/till-forsamlingarna\/kampanjer-och-insamlingar\/katastrofinsamlingsbossorna\/#breadcrumb\",\"itemListElement\":[{\"@type\":\"ListItem\",\"position\":1,\"name\":\"Home\",\"item\":\"https:\/\/www.kirkonulkomaanapu.fi\/sv\/\"},{\"@type\":\"ListItem\",\"position\":2,\"name\":\"Kontakt\",\"item\":\"https:\/\/www.kirkonulkomaanapu.fi\/sv\/kontakt\/\"},{\"@type\":\"ListItem\",\"position\":3,\"name\":\"Till f\u00f6rsamlingarna\",\"item\":\"https:\/\/www.kirkonulkomaanapu.fi\/sv\/kontakt\/till-forsamlingarna\/\"},{\"@type\":\"ListItem\",\"position\":4,\"name\":\"Kampanjer och insamlingar\",\"item\":\"https:\/\/www.kirkonulkomaanapu.fi\/sv\/kontakt\/till-forsamlingarna\/kampanjer-och-insamlingar\/\"},{\"@type\":\"ListItem\",\"position\":5,\"name\":\"Katastrofinsamlingsb\u00f6ssorna\"}]},{\"@type\":\"WebSite\",\"@id\":\"https:\/\/www.kirkonulkomaanapu.fi\/#website\",\"url\":\"https:\/\/www.kirkonulkomaanapu.fi\/\",\"name\":\"Kirkon Ulkomaanapu\",\"description\":\"Suomen suurin kehitysyhteisty\u00f6j\u00e4rjest\u00f6\",\"publisher\":{\"@id\":\"https:\/\/www.kirkonulkomaanapu.fi\/#organization\"},\"alternateName\":\"KUA\",\"potentialAction\":[{\"@type\":\"SearchAction\",\"target\":{\"@type\":\"EntryPoint\",\"urlTemplate\":\"https:\/\/www.kirkonulkomaanapu.fi\/?s={search_term_string}\"},\"query-input\":{\"@type\":\"PropertyValueSpecification\",\"valueRequired\":true,\"valueName\":\"search_term_string\"}}],\"inLanguage\":\"sv-SE\"},{\"@type\":\"Organization\",\"@id\":\"https:\/\/www.kirkonulkomaanapu.fi\/#organization\",\"name\":\"Kirkon Ulkomaanapu\",\"alternateName\":\"KUA\",\"url\":\"https:\/\/www.kirkonulkomaanapu.fi\/\",\"logo\":{\"@type\":\"ImageObject\",\"inLanguage\":\"sv-SE\",\"@id\":\"https:\/\/www.kirkonulkomaanapu.fi\/#\/schema\/logo\/image\/\",\"url\":\"https:\/\/www.kirkonulkomaanapu.fi\/wp-content\/uploads\/2026\/02\/Kirkon-ulkomaanapu-logo-1.png\",\"contentUrl\":\"https:\/\/www.kirkonulkomaanapu.fi\/wp-content\/uploads\/2026\/02\/Kirkon-ulkomaanapu-logo-1.png\",\"width\":225,\"height\":225,\"caption\":\"Kirkon Ulkomaanapu\"},\"image\":{\"@id\":\"https:\/\/www.kirkonulkomaanapu.fi\/#\/schema\/logo\/image\/\"},\"sameAs\":[\"https:\/\/www.facebook.com\/Ulkomaanapu\/\",\"https:\/\/www.youtube.com\/user\/kirkonulkomaanapu\",\"https:\/\/instagram.com\/kirkon_ulkomaanapu\/\",\"https:\/\/www.linkedin.com\/company\/finn-church-aid\/\"]}]}<\/script>\n<!-- \/ Yoast SEO plugin. -->","yoast_head_json":{"title":"Katastrofinsamlingsb\u00f6ssorna - Kyrkans Utlandshj\u00e4lp","robots":{"index":"index","follow":"follow","max-snippet":"max-snippet:-1","max-image-preview":"max-image-preview:large","max-video-preview":"max-video-preview:-1"},"canonical":"https:\/\/www.kirkonulkomaanapu.fi\/sv\/kontakt\/till-forsamlingarna\/kampanjer-och-insamlingar\/katastrofinsamlingsbossorna\/","og_locale":"sv_SE","og_type":"article","og_title":"Katastrofinsamlingsb\u00f6ssorna - Kyrkans Utlandshj\u00e4lp","og_description":"Katastrofinsamlingsb\u00f6ssorna Katastrofinsamlingsb\u00f6ssorna En oanad katastrof sveper bort hemmet och de n\u00e4ra och k\u00e4ra. Telefonen fungerar inte. Ingen h\u00f6r. R\u00e4dslan griper tag i m\u00e4nniskorna och hj\u00e4lpl\u00f6sheten infinner sig. Du kan hj\u00e4lpa! Insamlingsb\u00f6ssorna \u00e4r ett s\u00e4tt att delta i hj\u00e4lpen. N\u00e4r en katastrof intr\u00e4ffat m\u00e5ste man handla snabbt. Grabba tag i en insamlingsb\u00f6ssa, samla ihop dina v\u00e4nner [&hellip;]","og_url":"https:\/\/www.kirkonulkomaanapu.fi\/sv\/kontakt\/till-forsamlingarna\/kampanjer-och-insamlingar\/katastrofinsamlingsbossorna\/","og_site_name":"Kyrkans Utlandshj\u00e4lp","article_publisher":"https:\/\/www.facebook.com\/Ulkomaanapu\/","article_modified_time":"2021-09-03T04:58:55+00:00","og_image":[{"width":225,"height":225,"url":"https:\/\/www.kirkonulkomaanapu.fi\/wp-content\/uploads\/2026\/02\/Kirkon-ulkomaanapu-logo.png","type":"image\/png"}],"twitter_misc":{"Ber\u00e4knad l\u00e4stid":"1 minut"},"schema":{"@context":"https:\/\/schema.org","@graph":[{"@type":"WebPage","@id":"https:\/\/www.kirkonulkomaanapu.fi\/sv\/kontakt\/till-forsamlingarna\/kampanjer-och-insamlingar\/katastrofinsamlingsbossorna\/","url":"https:\/\/www.kirkonulkomaanapu.fi\/sv\/kontakt\/till-forsamlingarna\/kampanjer-och-insamlingar\/katastrofinsamlingsbossorna\/","name":"Katastrofinsamlingsb\u00f6ssorna - Kyrkans Utlandshj\u00e4lp","isPartOf":{"@id":"https:\/\/www.kirkonulkomaanapu.fi\/#website"},"datePublished":"2014-04-09T11:22:35+00:00","dateModified":"2021-09-03T04:58:55+00:00","breadcrumb":{"@id":"https:\/\/www.kirkonulkomaanapu.fi\/sv\/kontakt\/till-forsamlingarna\/kampanjer-och-insamlingar\/katastrofinsamlingsbossorna\/#breadcrumb"},"inLanguage":"sv-SE","potentialAction":[{"@type":"ReadAction","target":["https:\/\/www.kirkonulkomaanapu.fi\/sv\/kontakt\/till-forsamlingarna\/kampanjer-och-insamlingar\/katastrofinsamlingsbossorna\/"]}]},{"@type":"BreadcrumbList","@id":"https:\/\/www.kirkonulkomaanapu.fi\/sv\/kontakt\/till-forsamlingarna\/kampanjer-och-insamlingar\/katastrofinsamlingsbossorna\/#breadcrumb","itemListElement":[{"@type":"ListItem","position":1,"name":"Home","item":"https:\/\/www.kirkonulkomaanapu.fi\/sv\/"},{"@type":"ListItem","position":2,"name":"Kontakt","item":"https:\/\/www.kirkonulkomaanapu.fi\/sv\/kontakt\/"},{"@type":"ListItem","position":3,"name":"Till f\u00f6rsamlingarna","item":"https:\/\/www.kirkonulkomaanapu.fi\/sv\/kontakt\/till-forsamlingarna\/"},{"@type":"ListItem","position":4,"name":"Kampanjer och insamlingar","item":"https:\/\/www.kirkonulkomaanapu.fi\/sv\/kontakt\/till-forsamlingarna\/kampanjer-och-insamlingar\/"},{"@type":"ListItem","position":5,"name":"Katastrofinsamlingsb\u00f6ssorna"}]},{"@type":"WebSite","@id":"https:\/\/www.kirkonulkomaanapu.fi\/#website","url":"https:\/\/www.kirkonulkomaanapu.fi\/","name":"Kirkon Ulkomaanapu","description":"Suomen suurin kehitysyhteisty\u00f6j\u00e4rjest\u00f6","publisher":{"@id":"https:\/\/www.kirkonulkomaanapu.fi\/#organization"},"alternateName":"KUA","potentialAction":[{"@type":"SearchAction","target":{"@type":"EntryPoint","urlTemplate":"https:\/\/www.kirkonulkomaanapu.fi\/?s={search_term_string}"},"query-input":{"@type":"PropertyValueSpecification","valueRequired":true,"valueName":"search_term_string"}}],"inLanguage":"sv-SE"},{"@type":"Organization","@id":"https:\/\/www.kirkonulkomaanapu.fi\/#organization","name":"Kirkon Ulkomaanapu","alternateName":"KUA","url":"https:\/\/www.kirkonulkomaanapu.fi\/","logo":{"@type":"ImageObject","inLanguage":"sv-SE","@id":"https:\/\/www.kirkonulkomaanapu.fi\/#\/schema\/logo\/image\/","url":"https:\/\/www.kirkonulkomaanapu.fi\/wp-content\/uploads\/2026\/02\/Kirkon-ulkomaanapu-logo-1.png","contentUrl":"https:\/\/www.kirkonulkomaanapu.fi\/wp-content\/uploads\/2026\/02\/Kirkon-ulkomaanapu-logo-1.png","width":225,"height":225,"caption":"Kirkon Ulkomaanapu"},"image":{"@id":"https:\/\/www.kirkonulkomaanapu.fi\/#\/schema\/logo\/image\/"},"sameAs":["https:\/\/www.facebook.com\/Ulkomaanapu\/","https:\/\/www.youtube.com\/user\/kirkonulkomaanapu","https:\/\/instagram.com\/kirkon_ulkomaanapu\/","https:\/\/www.linkedin.com\/company\/finn-church-aid\/"]}]}},"_links":{"self":[{"href":"https:\/\/www.kirkonulkomaanapu.fi\/sv\/wp-json\/wp\/v2\/pages\/3842","targetHints":{"allow":["GET"]}}],"collection":[{"href":"https:\/\/www.kirkonulkomaanapu.fi\/sv\/wp-json\/wp\/v2\/pages"}],"about":[{"href":"https:\/\/www.kirkonulkomaanapu.fi\/sv\/wp-json\/wp\/v2\/types\/page"}],"author":[{"embeddable":true,"href":"https:\/\/www.kirkonulkomaanapu.fi\/sv\/wp-json\/wp\/v2\/users\/137"}],"replies":[{"embeddable":true,"href":"https:\/\/www.kirkonulkomaanapu.fi\/sv\/wp-json\/wp\/v2\/comments?post=3842"}],"version-history":[{"count":2,"href":"https:\/\/www.kirkonulkomaanapu.fi\/sv\/wp-json\/wp\/v2\/pages\/3842\/revisions"}],"predecessor-version":[{"id":122825,"href":"https:\/\/www.kirkonulkomaanapu.fi\/sv\/wp-json\/wp\/v2\/pages\/3842\/revisions\/122825"}],"up":[{"embeddable":true,"href":"https:\/\/www.kirkonulkomaanapu.fi\/sv\/wp-json\/wp\/v2\/pages\/3734"}],"wp:attachment":[{"href":"https:\/\/www.kirkonulkomaanapu.fi\/sv\/wp-json\/wp\/v2\/media?parent=3842"}],"curies":[{"name":"wp","href":"https:\/\/api.w.org\/{rel}","templated":true}]}}