{"id":3839,"date":"2014-04-09T14:21:01","date_gmt":"2014-04-09T11:21:01","guid":{"rendered":"https:\/\/www.kirkonulkomaanapu.fi\/?page_id=3839"},"modified":"2022-08-03T15:49:19","modified_gmt":"2022-08-03T12:49:19","slug":"insamlingar-som-pagar","status":"publish","type":"page","link":"https:\/\/www.kirkonulkomaanapu.fi\/sv\/kontakt\/till-forsamlingarna\/kampanjer-och-insamlingar\/insamlingar-som-pagar\/","title":{"rendered":"Insamlingar som p\u00e5g\u00e5r"},"content":{"rendered":"<h1 class=\"is-style-brush\" ><span class=\"bg\">\n<span class=\"is-highlighted\">Insamlingar <\/span>som p\u00e5g\u00e5r\n<\/span><\/h1><h1 class=\"is-style-brush mobile\" ><span class=\"is-highlighted\"><span class=\"bg\">Insamlingar<\/span> <\/span><span class=\"bg\">som<\/span><span class=\"bg\">p\u00e5g\u00e5r<\/span><\/h1>\n\n\n<h2 class=\"is-style-default wp-block-heading\">B\u00e4ddat f\u00f6r Katastrof<\/h2>\n\n\n\n<p>I m\u00e5nga l\u00e4nder inleder allt flera barn sin skolg\u00e5ng. Antalet barn som inte g\u00e5tt i skolan sj\u00f6nk till n\u00e4stan h\u00e4lften mellan \u00e5ren 2000 och 2011; fr\u00e5n 102 miljoner till 57 miljoner.<\/p>\n\n\n\n<p>Fast\u00e4n antalet barn som g\u00e5r i skolan har \u00f6kat, har inl\u00e4rningsresultaten inte blivit b\u00e4ttre p\u00e5 motsvarande s\u00e4tt. D\u00e4rf\u00f6r \u00e4r 40 procent av barnen i Afrika s\u00f6der om Sahara fortfarande inte l\u00e4skunniga. Av v\u00e4rldens 650 miljoner barn i grundskol\u00e5ldern, blir 38 procent utan tillr\u00e4ckliga l\u00e4s-, r\u00e4kne- och skrivf\u00e4rdigheter.<\/p>\n\n\n\n<p>Orsakerna till denna utbildningens katastrof, \u00e4r den v\u00e4rldsvida bristen p\u00e5 l\u00e4rare och undervisningens l\u00e5ga kvalitet. F\u00f6r att alla barns r\u00e4tt till utbildning skall f\u00f6rverkligas, beh\u00f6vs upp till 1,6 miljoner nya l\u00e4rare i v\u00e4rlden i den grundl\u00e4ggande utbildningen. En miljon av dessa beh\u00f6vs i Afrika s\u00f6der om Sahara. N\u00e4r man l\u00e4gger till l\u00e4rarbehovet inom andra stadiets utbildning, fattas det sammanlagt 5,2 miljoner l\u00e4rare i v\u00e4rlden.<\/p>\n\n\n\n<p>Utlandshj\u00e4lpens kampanj B\u00e4ddat f\u00f6r katastrof, vill uppm\u00e4rksamma behovet av l\u00e4rare och god undervisning. Vi vill g\u00f6ra det m\u00f6jligt f\u00f6r 10 000 l\u00e4rare att h\u00f6ja sin yrkesskicklighet. Det g\u00f6r vi med hj\u00e4lp av v\u00e5rt L\u00e4rare utan gr\u00e4nser-n\u00e4tverk och genom att utbilda l\u00e4rare.&nbsp; D\u00e4rtill samlar vi namn i ett upprop till f\u00f6rm\u00e5n f\u00f6r de l\u00e4rare som arbetar i br\u00e4ckliga stater.<\/p>\n\n\n\n<p>Ordnar ni i f\u00f6rsamlingen evenemang f\u00f6r ett gott \u00e4ndam\u00e5l? Eller skulle ni vilja samla in pengar f\u00f6r en aktuellt v\u00e4lg\u00f6rande \u00e4ndam\u00e5l?<\/p>\n\n\n\n<p>H\u00e4r finns en l\u00e4nk till v\u00e5r insamling f\u00f6r att hj\u00e4lpa Syriens flyktingar:<\/p>\n\n\n\n<div class=\"wp-block-buttons is-layout-flex wp-block-buttons-is-layout-flex\">\n<div class=\"wp-block-button\"><a class=\"wp-block-button__link\" href=\"https:\/\/www.kirkonulkomaanapu.fi\/lahjoita\/syyrian-kriisi-auta-syyrian-pakolaisia\/\">Insamlingen<\/a><\/div>\n<\/div>\n","protected":false},"excerpt":{"rendered":"<p>Insamlingar som p\u00e5g\u00e5r Insamlingar somp\u00e5g\u00e5r B\u00e4ddat f\u00f6r Katastrof I m\u00e5nga l\u00e4nder inleder allt flera barn sin skolg\u00e5ng. Antalet barn som inte g\u00e5tt i skolan sj\u00f6nk till n\u00e4stan h\u00e4lften mellan \u00e5ren 2000 och 2011; fr\u00e5n 102 miljoner till 57 miljoner. Fast\u00e4n antalet barn som g\u00e5r i skolan har \u00f6kat, har inl\u00e4rningsresultaten inte blivit b\u00e4ttre p\u00e5 motsvarande [&hellip;]<\/p>\n","protected":false},"author":137,"featured_media":0,"parent":3734,"menu_order":0,"comment_status":"closed","ping_status":"open","template":"page-templates\/yhteystiedot.php","meta":{"_acf_changed":false,"_relevanssi_hide_post":"","_relevanssi_hide_content":"","_relevanssi_pin_for_all":"","_relevanssi_pin_keywords":"","_relevanssi_unpin_keywords":"","_relevanssi_related_keywords":"","_relevanssi_related_include_ids":"","_relevanssi_related_exclude_ids":"","_relevanssi_related_no_append":"","_relevanssi_related_not_related":"","_relevanssi_related_posts":"89500,108131,63644","_relevanssi_noindex_reason":"","_improvement_type_select":"improve_an_existing","_thumb_yes_seoaic":false,"_frame_yes_seoaic":false,"seoaic_generate_description":"","seoaic_improve_instructions_prompt":"","seoaic_rollback_content_improvement":"","seoaic_idea_thumbnail_generator":"","thumbnail_generated":false,"thumbnail_generate_prompt":"","seoaic_article_description":"","footnotes":""},"class_list":["post-3839","page","type-page","status-publish","hentry"],"acf":[],"yoast_head":"<!-- This site is optimized with the Yoast SEO plugin v26.9 - https:\/\/yoast.com\/product\/yoast-seo-wordpress\/ -->\n<title>Insamlingar som p\u00e5g\u00e5r - Kyrkans Utlandshj\u00e4lp<\/title>\n<meta name=\"robots\" content=\"index, follow, max-snippet:-1, max-image-preview:large, max-video-preview:-1\" \/>\n<link rel=\"canonical\" href=\"https:\/\/www.kirkonulkomaanapu.fi\/sv\/kontakt\/till-forsamlingarna\/kampanjer-och-insamlingar\/insamlingar-som-pagar\/\" \/>\n<meta property=\"og:locale\" content=\"sv_SE\" \/>\n<meta property=\"og:type\" content=\"article\" \/>\n<meta property=\"og:title\" content=\"Insamlingar som p\u00e5g\u00e5r - Kyrkans Utlandshj\u00e4lp\" \/>\n<meta property=\"og:description\" content=\"Insamlingar som p\u00e5g\u00e5r Insamlingar somp\u00e5g\u00e5r B\u00e4ddat f\u00f6r Katastrof I m\u00e5nga l\u00e4nder inleder allt flera barn sin skolg\u00e5ng. Antalet barn som inte g\u00e5tt i skolan sj\u00f6nk till n\u00e4stan h\u00e4lften mellan \u00e5ren 2000 och 2011; fr\u00e5n 102 miljoner till 57 miljoner. Fast\u00e4n antalet barn som g\u00e5r i skolan har \u00f6kat, har inl\u00e4rningsresultaten inte blivit b\u00e4ttre p\u00e5 motsvarande [&hellip;]\" \/>\n<meta property=\"og:url\" content=\"https:\/\/www.kirkonulkomaanapu.fi\/sv\/kontakt\/till-forsamlingarna\/kampanjer-och-insamlingar\/insamlingar-som-pagar\/\" \/>\n<meta property=\"og:site_name\" content=\"Kyrkans Utlandshj\u00e4lp\" \/>\n<meta property=\"article:publisher\" content=\"https:\/\/www.facebook.com\/Ulkomaanapu\/\" \/>\n<meta property=\"article:modified_time\" content=\"2022-08-03T12:49:19+00:00\" \/>\n<meta property=\"og:image\" content=\"https:\/\/www.kirkonulkomaanapu.fi\/wp-content\/uploads\/2026\/02\/Kirkon-ulkomaanapu-logo.png\" \/>\n\t<meta property=\"og:image:width\" content=\"225\" \/>\n\t<meta property=\"og:image:height\" content=\"225\" \/>\n\t<meta property=\"og:image:type\" content=\"image\/png\" \/>\n<meta name=\"twitter:label1\" content=\"Ber\u00e4knad l\u00e4stid\" \/>\n\t<meta name=\"twitter:data1\" content=\"2 minuter\" \/>\n<script type=\"application\/ld+json\" class=\"yoast-schema-graph\">{\"@context\":\"https:\/\/schema.org\",\"@graph\":[{\"@type\":\"WebPage\",\"@id\":\"https:\/\/www.kirkonulkomaanapu.fi\/sv\/kontakt\/till-forsamlingarna\/kampanjer-och-insamlingar\/insamlingar-som-pagar\/\",\"url\":\"https:\/\/www.kirkonulkomaanapu.fi\/sv\/kontakt\/till-forsamlingarna\/kampanjer-och-insamlingar\/insamlingar-som-pagar\/\",\"name\":\"Insamlingar som p\u00e5g\u00e5r - Kyrkans Utlandshj\u00e4lp\",\"isPartOf\":{\"@id\":\"https:\/\/www.kirkonulkomaanapu.fi\/#website\"},\"datePublished\":\"2014-04-09T11:21:01+00:00\",\"dateModified\":\"2022-08-03T12:49:19+00:00\",\"breadcrumb\":{\"@id\":\"https:\/\/www.kirkonulkomaanapu.fi\/sv\/kontakt\/till-forsamlingarna\/kampanjer-och-insamlingar\/insamlingar-som-pagar\/#breadcrumb\"},\"inLanguage\":\"sv-SE\",\"potentialAction\":[{\"@type\":\"ReadAction\",\"target\":[\"https:\/\/www.kirkonulkomaanapu.fi\/sv\/kontakt\/till-forsamlingarna\/kampanjer-och-insamlingar\/insamlingar-som-pagar\/\"]}]},{\"@type\":\"BreadcrumbList\",\"@id\":\"https:\/\/www.kirkonulkomaanapu.fi\/sv\/kontakt\/till-forsamlingarna\/kampanjer-och-insamlingar\/insamlingar-som-pagar\/#breadcrumb\",\"itemListElement\":[{\"@type\":\"ListItem\",\"position\":1,\"name\":\"Home\",\"item\":\"https:\/\/www.kirkonulkomaanapu.fi\/sv\/\"},{\"@type\":\"ListItem\",\"position\":2,\"name\":\"Kontakt\",\"item\":\"https:\/\/www.kirkonulkomaanapu.fi\/sv\/kontakt\/\"},{\"@type\":\"ListItem\",\"position\":3,\"name\":\"Till f\u00f6rsamlingarna\",\"item\":\"https:\/\/www.kirkonulkomaanapu.fi\/sv\/kontakt\/till-forsamlingarna\/\"},{\"@type\":\"ListItem\",\"position\":4,\"name\":\"Kampanjer och insamlingar\",\"item\":\"https:\/\/www.kirkonulkomaanapu.fi\/sv\/kontakt\/till-forsamlingarna\/kampanjer-och-insamlingar\/\"},{\"@type\":\"ListItem\",\"position\":5,\"name\":\"Insamlingar som p\u00e5g\u00e5r\"}]},{\"@type\":\"WebSite\",\"@id\":\"https:\/\/www.kirkonulkomaanapu.fi\/#website\",\"url\":\"https:\/\/www.kirkonulkomaanapu.fi\/\",\"name\":\"Kirkon Ulkomaanapu\",\"description\":\"Suomen suurin kehitysyhteisty\u00f6j\u00e4rjest\u00f6\",\"publisher\":{\"@id\":\"https:\/\/www.kirkonulkomaanapu.fi\/#organization\"},\"alternateName\":\"KUA\",\"potentialAction\":[{\"@type\":\"SearchAction\",\"target\":{\"@type\":\"EntryPoint\",\"urlTemplate\":\"https:\/\/www.kirkonulkomaanapu.fi\/?s={search_term_string}\"},\"query-input\":{\"@type\":\"PropertyValueSpecification\",\"valueRequired\":true,\"valueName\":\"search_term_string\"}}],\"inLanguage\":\"sv-SE\"},{\"@type\":\"Organization\",\"@id\":\"https:\/\/www.kirkonulkomaanapu.fi\/#organization\",\"name\":\"Kirkon Ulkomaanapu\",\"alternateName\":\"KUA\",\"url\":\"https:\/\/www.kirkonulkomaanapu.fi\/\",\"logo\":{\"@type\":\"ImageObject\",\"inLanguage\":\"sv-SE\",\"@id\":\"https:\/\/www.kirkonulkomaanapu.fi\/#\/schema\/logo\/image\/\",\"url\":\"https:\/\/www.kirkonulkomaanapu.fi\/wp-content\/uploads\/2026\/02\/Kirkon-ulkomaanapu-logo-1.png\",\"contentUrl\":\"https:\/\/www.kirkonulkomaanapu.fi\/wp-content\/uploads\/2026\/02\/Kirkon-ulkomaanapu-logo-1.png\",\"width\":225,\"height\":225,\"caption\":\"Kirkon Ulkomaanapu\"},\"image\":{\"@id\":\"https:\/\/www.kirkonulkomaanapu.fi\/#\/schema\/logo\/image\/\"},\"sameAs\":[\"https:\/\/www.facebook.com\/Ulkomaanapu\/\",\"https:\/\/www.youtube.com\/user\/kirkonulkomaanapu\",\"https:\/\/instagram.com\/kirkon_ulkomaanapu\/\",\"https:\/\/www.linkedin.com\/company\/finn-church-aid\/\"]}]}<\/script>\n<!-- \/ Yoast SEO plugin. -->","yoast_head_json":{"title":"Insamlingar som p\u00e5g\u00e5r - Kyrkans Utlandshj\u00e4lp","robots":{"index":"index","follow":"follow","max-snippet":"max-snippet:-1","max-image-preview":"max-image-preview:large","max-video-preview":"max-video-preview:-1"},"canonical":"https:\/\/www.kirkonulkomaanapu.fi\/sv\/kontakt\/till-forsamlingarna\/kampanjer-och-insamlingar\/insamlingar-som-pagar\/","og_locale":"sv_SE","og_type":"article","og_title":"Insamlingar som p\u00e5g\u00e5r - Kyrkans Utlandshj\u00e4lp","og_description":"Insamlingar som p\u00e5g\u00e5r Insamlingar somp\u00e5g\u00e5r B\u00e4ddat f\u00f6r Katastrof I m\u00e5nga l\u00e4nder inleder allt flera barn sin skolg\u00e5ng. Antalet barn som inte g\u00e5tt i skolan sj\u00f6nk till n\u00e4stan h\u00e4lften mellan \u00e5ren 2000 och 2011; fr\u00e5n 102 miljoner till 57 miljoner. Fast\u00e4n antalet barn som g\u00e5r i skolan har \u00f6kat, har inl\u00e4rningsresultaten inte blivit b\u00e4ttre p\u00e5 motsvarande [&hellip;]","og_url":"https:\/\/www.kirkonulkomaanapu.fi\/sv\/kontakt\/till-forsamlingarna\/kampanjer-och-insamlingar\/insamlingar-som-pagar\/","og_site_name":"Kyrkans Utlandshj\u00e4lp","article_publisher":"https:\/\/www.facebook.com\/Ulkomaanapu\/","article_modified_time":"2022-08-03T12:49:19+00:00","og_image":[{"width":225,"height":225,"url":"https:\/\/www.kirkonulkomaanapu.fi\/wp-content\/uploads\/2026\/02\/Kirkon-ulkomaanapu-logo.png","type":"image\/png"}],"twitter_misc":{"Ber\u00e4knad l\u00e4stid":"2 minuter"},"schema":{"@context":"https:\/\/schema.org","@graph":[{"@type":"WebPage","@id":"https:\/\/www.kirkonulkomaanapu.fi\/sv\/kontakt\/till-forsamlingarna\/kampanjer-och-insamlingar\/insamlingar-som-pagar\/","url":"https:\/\/www.kirkonulkomaanapu.fi\/sv\/kontakt\/till-forsamlingarna\/kampanjer-och-insamlingar\/insamlingar-som-pagar\/","name":"Insamlingar som p\u00e5g\u00e5r - Kyrkans Utlandshj\u00e4lp","isPartOf":{"@id":"https:\/\/www.kirkonulkomaanapu.fi\/#website"},"datePublished":"2014-04-09T11:21:01+00:00","dateModified":"2022-08-03T12:49:19+00:00","breadcrumb":{"@id":"https:\/\/www.kirkonulkomaanapu.fi\/sv\/kontakt\/till-forsamlingarna\/kampanjer-och-insamlingar\/insamlingar-som-pagar\/#breadcrumb"},"inLanguage":"sv-SE","potentialAction":[{"@type":"ReadAction","target":["https:\/\/www.kirkonulkomaanapu.fi\/sv\/kontakt\/till-forsamlingarna\/kampanjer-och-insamlingar\/insamlingar-som-pagar\/"]}]},{"@type":"BreadcrumbList","@id":"https:\/\/www.kirkonulkomaanapu.fi\/sv\/kontakt\/till-forsamlingarna\/kampanjer-och-insamlingar\/insamlingar-som-pagar\/#breadcrumb","itemListElement":[{"@type":"ListItem","position":1,"name":"Home","item":"https:\/\/www.kirkonulkomaanapu.fi\/sv\/"},{"@type":"ListItem","position":2,"name":"Kontakt","item":"https:\/\/www.kirkonulkomaanapu.fi\/sv\/kontakt\/"},{"@type":"ListItem","position":3,"name":"Till f\u00f6rsamlingarna","item":"https:\/\/www.kirkonulkomaanapu.fi\/sv\/kontakt\/till-forsamlingarna\/"},{"@type":"ListItem","position":4,"name":"Kampanjer och insamlingar","item":"https:\/\/www.kirkonulkomaanapu.fi\/sv\/kontakt\/till-forsamlingarna\/kampanjer-och-insamlingar\/"},{"@type":"ListItem","position":5,"name":"Insamlingar som p\u00e5g\u00e5r"}]},{"@type":"WebSite","@id":"https:\/\/www.kirkonulkomaanapu.fi\/#website","url":"https:\/\/www.kirkonulkomaanapu.fi\/","name":"Kirkon Ulkomaanapu","description":"Suomen suurin kehitysyhteisty\u00f6j\u00e4rjest\u00f6","publisher":{"@id":"https:\/\/www.kirkonulkomaanapu.fi\/#organization"},"alternateName":"KUA","potentialAction":[{"@type":"SearchAction","target":{"@type":"EntryPoint","urlTemplate":"https:\/\/www.kirkonulkomaanapu.fi\/?s={search_term_string}"},"query-input":{"@type":"PropertyValueSpecification","valueRequired":true,"valueName":"search_term_string"}}],"inLanguage":"sv-SE"},{"@type":"Organization","@id":"https:\/\/www.kirkonulkomaanapu.fi\/#organization","name":"Kirkon Ulkomaanapu","alternateName":"KUA","url":"https:\/\/www.kirkonulkomaanapu.fi\/","logo":{"@type":"ImageObject","inLanguage":"sv-SE","@id":"https:\/\/www.kirkonulkomaanapu.fi\/#\/schema\/logo\/image\/","url":"https:\/\/www.kirkonulkomaanapu.fi\/wp-content\/uploads\/2026\/02\/Kirkon-ulkomaanapu-logo-1.png","contentUrl":"https:\/\/www.kirkonulkomaanapu.fi\/wp-content\/uploads\/2026\/02\/Kirkon-ulkomaanapu-logo-1.png","width":225,"height":225,"caption":"Kirkon Ulkomaanapu"},"image":{"@id":"https:\/\/www.kirkonulkomaanapu.fi\/#\/schema\/logo\/image\/"},"sameAs":["https:\/\/www.facebook.com\/Ulkomaanapu\/","https:\/\/www.youtube.com\/user\/kirkonulkomaanapu","https:\/\/instagram.com\/kirkon_ulkomaanapu\/","https:\/\/www.linkedin.com\/company\/finn-church-aid\/"]}]}},"_links":{"self":[{"href":"https:\/\/www.kirkonulkomaanapu.fi\/sv\/wp-json\/wp\/v2\/pages\/3839","targetHints":{"allow":["GET"]}}],"collection":[{"href":"https:\/\/www.kirkonulkomaanapu.fi\/sv\/wp-json\/wp\/v2\/pages"}],"about":[{"href":"https:\/\/www.kirkonulkomaanapu.fi\/sv\/wp-json\/wp\/v2\/types\/page"}],"author":[{"embeddable":true,"href":"https:\/\/www.kirkonulkomaanapu.fi\/sv\/wp-json\/wp\/v2\/users\/137"}],"replies":[{"embeddable":true,"href":"https:\/\/www.kirkonulkomaanapu.fi\/sv\/wp-json\/wp\/v2\/comments?post=3839"}],"version-history":[{"count":3,"href":"https:\/\/www.kirkonulkomaanapu.fi\/sv\/wp-json\/wp\/v2\/pages\/3839\/revisions"}],"predecessor-version":[{"id":132008,"href":"https:\/\/www.kirkonulkomaanapu.fi\/sv\/wp-json\/wp\/v2\/pages\/3839\/revisions\/132008"}],"up":[{"embeddable":true,"href":"https:\/\/www.kirkonulkomaanapu.fi\/sv\/wp-json\/wp\/v2\/pages\/3734"}],"wp:attachment":[{"href":"https:\/\/www.kirkonulkomaanapu.fi\/sv\/wp-json\/wp\/v2\/media?parent=3839"}],"curies":[{"name":"wp","href":"https:\/\/api.w.org\/{rel}","templated":true}]}}