{"id":3731,"date":"2014-04-09T10:59:35","date_gmt":"2014-04-09T07:59:35","guid":{"rendered":"https:\/\/www.kirkonulkomaanapu.fi\/?page_id=3731"},"modified":"2025-11-28T14:22:49","modified_gmt":"2025-11-28T12:22:49","slug":"kollekter-och-budgetunderstod","status":"publish","type":"page","link":"https:\/\/www.kirkonulkomaanapu.fi\/sv\/kontakt\/till-forsamlingarna\/kollekter-och-budgetunderstod\/","title":{"rendered":"Kollekter och budgetunderst\u00f6d"},"content":{"rendered":"<h1 class=\"is-style-brush\" ><span class=\"bg\">\nKollekter och <\/span><br><span class=\"bg\"><span class=\"is-highlighted\">budgetunderst\u00f6d<\/span>\n<\/span><\/h1><h1 class=\"is-style-brush mobile\" ><span class=\"bg\">Kollekter<\/span><span class=\"bg\">och<\/span><span class=\"is-highlighted\"><span class=\"bg\">budgetunderst\u00f6d<\/span><\/span><\/h1>\n\n\n<p class=\"lead is-style-ingress\">Kyrkans Utlandshj\u00e4lp f\u00e5r sina int\u00e4kter fr\u00e5n m\u00e5nga k\u00e4llor. Den evangelisk-lutherska kyrkan i Finland stod \u00e5r 2024 f\u00f6r 10,2 procent\u00a0av int\u00e4kterna. De bestod av f\u00f6rsamlingarnas budgetunderst\u00f6d, kollekter, insamlingar (inkl. insamlingen Gemensamt Ansvar) samt Kyrkostyrelsens underst\u00f6d, Int\u00e4kterna fr\u00e5n dessa kyrkliga k\u00e4llor uppgick \u00e5r 2024 till sammanlagt 7,6 M euro.<span style=\"color: #000000;\"> <\/span><\/p>\n\n\n\n<h2 class=\"wp-block-heading\">Kollekten \u00e4r en m\u00f6jlighet<\/h2>\n\n\n\n<p>De kollekter som uppbars \u00e5r 2024 i f\u00f6rsamlingarna till v\u00e5rt arbete, uppgick till 0,9 M euro.<\/p>\n\n\n\n<p>Kollekten ger varje gudstj\u00e4nstdeltagare m\u00f6jlighet att f\u00f6rverkliga k\u00e4rleken till n\u00e4stan och hj\u00e4lpa d\u00e4r n\u00f6den \u00e4r st\u00f6rst!<\/p>\n\n\n\n<p><\/p>\n\n\n\n<h2 class=\"wp-block-heading\">F\u00f6rsamlingarnas budgetunderst\u00f6d <\/h2>\n\n\n\n<p>Ungef\u00e4r h\u00e4lften av Kyrkans Utlandshj\u00e4lps int\u00e4kter fr\u00e5n de kyrkliga k\u00e4llorna bestod \u00e5r 2024 av medel vilka f\u00f6rsamlingarna i sin budget anslog f\u00f6r den internationella diakonin. P\u00e5 h\u00f6sten samma \u00e5r, rekommenderade biskopsm\u00f6tet att f\u00f6rsamlingarna skall ansl\u00e5 3 procent av sina skatteint\u00e4kter f\u00f6r mission och internationell diakoni. V\u00e5r f\u00f6rhoppning \u00e4r givetvis att varje f\u00f6rsamling skall f\u00f6lja denna rekommendation. Utlandshj\u00e4lpens \u00e5rs\u00f6versikt ber\u00e4ttar mera i detalj varifr\u00e5n medlen kommer och hur de anv\u00e4nds.<a href=\"https:\/\/www.kirkonulkomaanapu.fi\/sv\/om-oss\/styrelsen-och-ekonomin\/\">\u00a0<\/a><\/p>\n\n\n\n<p><a href=\"https:\/\/www.kirkonulkomaanapu.fi\/sv\/om-oss\/styrelsen-och-ekonomin\/\">Du kommer till \u00e5rs\u00f6versikten 2024 h\u00e4r.<\/a><\/p>\n\n\n\n<p><\/p>\n\n\n\n<h2 class=\"wp-block-heading\">Referensnummer<\/h2>\n\n\n\n<p>Varje f\u00f6rsamling har f\u00f6rsamlingsspecifika referensnummer som skall anv\u00e4ndas f\u00f6r kollekterna, budgetunderst\u00f6den och \u00f6vriga underst\u00f6d. De finns i kollektlistorna som du kommer till genom l\u00e4nkarna h\u00e4r nedan. Inf\u00f6r varje officiell kollekt f\u00e5r f\u00f6rsamlingen ett kollektbrev d\u00e4r kollekt\u00e4ndam\u00e5let beskrivs n\u00e4rmare. Brevet inneh\u00e5ller \u00e4ven bildmaterial f\u00f6r str\u00f6mmade gudstj\u00e4nster.<br><br> P\u00e5 fr\u00e5gor om kollekterna svarar <strong>Kaj-Mikael Wredlund<\/strong>, kaj-mikael.wredlund(at)kua.fi<br><br><a href=\"https:\/\/www.kirkonulkomaanapu.fi\/wp-content\/uploads\/2024\/12\/Viitenumerot-2025-srk-SV.pdf\">Kollekterna \u00e5r 2025<\/a><br><br><a href=\"https:\/\/www.kirkonulkomaanapu.fi\/wp-content\/uploads\/2025\/11\/Viitenumerot-SV-2026.pdf\">Kollekterna \u00e5r 2026<\/a><br><br><strong><strong>Ett varmt tack f\u00f6r ditt och din f\u00f6rsamlings underst\u00f6d!<\/strong><\/strong><\/p>\n","protected":false},"excerpt":{"rendered":"<p>Kollekter och budgetunderst\u00f6d Kollekterochbudgetunderst\u00f6d Kyrkans Utlandshj\u00e4lp f\u00e5r sina int\u00e4kter fr\u00e5n m\u00e5nga k\u00e4llor. Den evangelisk-lutherska kyrkan i Finland stod \u00e5r 2024 f\u00f6r 10,2 procent\u00a0av int\u00e4kterna. De bestod av f\u00f6rsamlingarnas budgetunderst\u00f6d, kollekter, insamlingar (inkl. insamlingen Gemensamt Ansvar) samt Kyrkostyrelsens underst\u00f6d, Int\u00e4kterna fr\u00e5n dessa kyrkliga k\u00e4llor uppgick \u00e5r 2024 till sammanlagt 7,6 M euro. Kollekten \u00e4r en m\u00f6jlighet [&hellip;]<\/p>\n","protected":false},"author":137,"featured_media":0,"parent":2996,"menu_order":3,"comment_status":"closed","ping_status":"open","template":"","meta":{"_acf_changed":false,"_relevanssi_hide_post":"","_relevanssi_hide_content":"","_relevanssi_pin_for_all":"","_relevanssi_pin_keywords":"","_relevanssi_unpin_keywords":"","_relevanssi_related_keywords":"","_relevanssi_related_include_ids":"","_relevanssi_related_exclude_ids":"","_relevanssi_related_no_append":"","_relevanssi_related_not_related":"","_relevanssi_related_posts":"89500,108131,63644","_relevanssi_noindex_reason":"","_improvement_type_select":"improve_an_existing","_thumb_yes_seoaic":false,"_frame_yes_seoaic":false,"seoaic_generate_description":"","seoaic_improve_instructions_prompt":"","seoaic_rollback_content_improvement":"","seoaic_idea_thumbnail_generator":"","thumbnail_generated":false,"thumbnail_generate_prompt":"","seoaic_article_description":"","footnotes":""},"class_list":["post-3731","page","type-page","status-publish","hentry"],"acf":[],"yoast_head":"<!-- This site is optimized with the Yoast SEO plugin v26.9 - https:\/\/yoast.com\/product\/yoast-seo-wordpress\/ -->\n<title>Kollekter och budgetunderst\u00f6d - Kyrkans Utlandshj\u00e4lp<\/title>\n<meta name=\"description\" content=\"F\u00f6rsamlingarnas budgetanslag \u00e4r ungef\u00e4r 4 miljoner euro \u00e5rligen. Den evangelisk-lutherska kyrkan i Finland st\u00e5r totalt f\u00f6r \u00f6ver en fj\u00e4rdedel av int\u00e4kterna.\" \/>\n<meta name=\"robots\" content=\"index, follow, max-snippet:-1, max-image-preview:large, max-video-preview:-1\" \/>\n<link rel=\"canonical\" href=\"https:\/\/www.kirkonulkomaanapu.fi\/sv\/kontakt\/till-forsamlingarna\/kollekter-och-budgetunderstod\/\" \/>\n<meta property=\"og:locale\" content=\"sv_SE\" \/>\n<meta property=\"og:type\" content=\"article\" \/>\n<meta property=\"og:title\" content=\"Kollekter och budgetunderst\u00f6d - Kyrkans Utlandshj\u00e4lp\" \/>\n<meta property=\"og:description\" content=\"F\u00f6rsamlingarnas budgetanslag \u00e4r ungef\u00e4r 4 miljoner euro \u00e5rligen. Den evangelisk-lutherska kyrkan i Finland st\u00e5r totalt f\u00f6r \u00f6ver en fj\u00e4rdedel av int\u00e4kterna.\" \/>\n<meta property=\"og:url\" content=\"https:\/\/www.kirkonulkomaanapu.fi\/sv\/kontakt\/till-forsamlingarna\/kollekter-och-budgetunderstod\/\" \/>\n<meta property=\"og:site_name\" content=\"Kyrkans Utlandshj\u00e4lp\" \/>\n<meta property=\"article:publisher\" content=\"https:\/\/www.facebook.com\/Ulkomaanapu\/\" \/>\n<meta property=\"article:modified_time\" content=\"2025-11-28T12:22:49+00:00\" \/>\n<meta property=\"og:image\" content=\"https:\/\/www.kirkonulkomaanapu.fi\/wp-content\/uploads\/2026\/02\/Kirkon-ulkomaanapu-logo.png\" \/>\n\t<meta property=\"og:image:width\" content=\"225\" \/>\n\t<meta property=\"og:image:height\" content=\"225\" \/>\n\t<meta property=\"og:image:type\" content=\"image\/png\" \/>\n<meta name=\"twitter:label1\" content=\"Ber\u00e4knad l\u00e4stid\" \/>\n\t<meta name=\"twitter:data1\" content=\"2 minuter\" \/>\n<script type=\"application\/ld+json\" class=\"yoast-schema-graph\">{\"@context\":\"https:\/\/schema.org\",\"@graph\":[{\"@type\":\"WebPage\",\"@id\":\"https:\/\/www.kirkonulkomaanapu.fi\/sv\/kontakt\/till-forsamlingarna\/kollekter-och-budgetunderstod\/\",\"url\":\"https:\/\/www.kirkonulkomaanapu.fi\/sv\/kontakt\/till-forsamlingarna\/kollekter-och-budgetunderstod\/\",\"name\":\"Kollekter och budgetunderst\u00f6d - Kyrkans Utlandshj\u00e4lp\",\"isPartOf\":{\"@id\":\"https:\/\/www.kirkonulkomaanapu.fi\/#website\"},\"datePublished\":\"2014-04-09T07:59:35+00:00\",\"dateModified\":\"2025-11-28T12:22:49+00:00\",\"description\":\"F\u00f6rsamlingarnas budgetanslag \u00e4r ungef\u00e4r 4 miljoner euro \u00e5rligen. Den evangelisk-lutherska kyrkan i Finland st\u00e5r totalt f\u00f6r \u00f6ver en fj\u00e4rdedel av int\u00e4kterna.\",\"breadcrumb\":{\"@id\":\"https:\/\/www.kirkonulkomaanapu.fi\/sv\/kontakt\/till-forsamlingarna\/kollekter-och-budgetunderstod\/#breadcrumb\"},\"inLanguage\":\"sv-SE\",\"potentialAction\":[{\"@type\":\"ReadAction\",\"target\":[\"https:\/\/www.kirkonulkomaanapu.fi\/sv\/kontakt\/till-forsamlingarna\/kollekter-och-budgetunderstod\/\"]}]},{\"@type\":\"BreadcrumbList\",\"@id\":\"https:\/\/www.kirkonulkomaanapu.fi\/sv\/kontakt\/till-forsamlingarna\/kollekter-och-budgetunderstod\/#breadcrumb\",\"itemListElement\":[{\"@type\":\"ListItem\",\"position\":1,\"name\":\"Home\",\"item\":\"https:\/\/www.kirkonulkomaanapu.fi\/sv\/\"},{\"@type\":\"ListItem\",\"position\":2,\"name\":\"Kontakt\",\"item\":\"https:\/\/www.kirkonulkomaanapu.fi\/sv\/kontakt\/\"},{\"@type\":\"ListItem\",\"position\":3,\"name\":\"Till f\u00f6rsamlingarna\",\"item\":\"https:\/\/www.kirkonulkomaanapu.fi\/sv\/kontakt\/till-forsamlingarna\/\"},{\"@type\":\"ListItem\",\"position\":4,\"name\":\"Kollekter och budgetunderst\u00f6d\"}]},{\"@type\":\"WebSite\",\"@id\":\"https:\/\/www.kirkonulkomaanapu.fi\/#website\",\"url\":\"https:\/\/www.kirkonulkomaanapu.fi\/\",\"name\":\"Kirkon Ulkomaanapu\",\"description\":\"Suomen suurin kehitysyhteisty\u00f6j\u00e4rjest\u00f6\",\"publisher\":{\"@id\":\"https:\/\/www.kirkonulkomaanapu.fi\/#organization\"},\"alternateName\":\"KUA\",\"potentialAction\":[{\"@type\":\"SearchAction\",\"target\":{\"@type\":\"EntryPoint\",\"urlTemplate\":\"https:\/\/www.kirkonulkomaanapu.fi\/?s={search_term_string}\"},\"query-input\":{\"@type\":\"PropertyValueSpecification\",\"valueRequired\":true,\"valueName\":\"search_term_string\"}}],\"inLanguage\":\"sv-SE\"},{\"@type\":\"Organization\",\"@id\":\"https:\/\/www.kirkonulkomaanapu.fi\/#organization\",\"name\":\"Kirkon Ulkomaanapu\",\"alternateName\":\"KUA\",\"url\":\"https:\/\/www.kirkonulkomaanapu.fi\/\",\"logo\":{\"@type\":\"ImageObject\",\"inLanguage\":\"sv-SE\",\"@id\":\"https:\/\/www.kirkonulkomaanapu.fi\/#\/schema\/logo\/image\/\",\"url\":\"https:\/\/www.kirkonulkomaanapu.fi\/wp-content\/uploads\/2026\/02\/Kirkon-ulkomaanapu-logo-1.png\",\"contentUrl\":\"https:\/\/www.kirkonulkomaanapu.fi\/wp-content\/uploads\/2026\/02\/Kirkon-ulkomaanapu-logo-1.png\",\"width\":225,\"height\":225,\"caption\":\"Kirkon Ulkomaanapu\"},\"image\":{\"@id\":\"https:\/\/www.kirkonulkomaanapu.fi\/#\/schema\/logo\/image\/\"},\"sameAs\":[\"https:\/\/www.facebook.com\/Ulkomaanapu\/\",\"https:\/\/www.youtube.com\/user\/kirkonulkomaanapu\",\"https:\/\/instagram.com\/kirkon_ulkomaanapu\/\",\"https:\/\/www.linkedin.com\/company\/finn-church-aid\/\"]}]}<\/script>\n<!-- \/ Yoast SEO plugin. -->","yoast_head_json":{"title":"Kollekter och budgetunderst\u00f6d - Kyrkans Utlandshj\u00e4lp","description":"F\u00f6rsamlingarnas budgetanslag \u00e4r ungef\u00e4r 4 miljoner euro \u00e5rligen. Den evangelisk-lutherska kyrkan i Finland st\u00e5r totalt f\u00f6r \u00f6ver en fj\u00e4rdedel av int\u00e4kterna.","robots":{"index":"index","follow":"follow","max-snippet":"max-snippet:-1","max-image-preview":"max-image-preview:large","max-video-preview":"max-video-preview:-1"},"canonical":"https:\/\/www.kirkonulkomaanapu.fi\/sv\/kontakt\/till-forsamlingarna\/kollekter-och-budgetunderstod\/","og_locale":"sv_SE","og_type":"article","og_title":"Kollekter och budgetunderst\u00f6d - Kyrkans Utlandshj\u00e4lp","og_description":"F\u00f6rsamlingarnas budgetanslag \u00e4r ungef\u00e4r 4 miljoner euro \u00e5rligen. Den evangelisk-lutherska kyrkan i Finland st\u00e5r totalt f\u00f6r \u00f6ver en fj\u00e4rdedel av int\u00e4kterna.","og_url":"https:\/\/www.kirkonulkomaanapu.fi\/sv\/kontakt\/till-forsamlingarna\/kollekter-och-budgetunderstod\/","og_site_name":"Kyrkans Utlandshj\u00e4lp","article_publisher":"https:\/\/www.facebook.com\/Ulkomaanapu\/","article_modified_time":"2025-11-28T12:22:49+00:00","og_image":[{"width":225,"height":225,"url":"https:\/\/www.kirkonulkomaanapu.fi\/wp-content\/uploads\/2026\/02\/Kirkon-ulkomaanapu-logo.png","type":"image\/png"}],"twitter_misc":{"Ber\u00e4knad l\u00e4stid":"2 minuter"},"schema":{"@context":"https:\/\/schema.org","@graph":[{"@type":"WebPage","@id":"https:\/\/www.kirkonulkomaanapu.fi\/sv\/kontakt\/till-forsamlingarna\/kollekter-och-budgetunderstod\/","url":"https:\/\/www.kirkonulkomaanapu.fi\/sv\/kontakt\/till-forsamlingarna\/kollekter-och-budgetunderstod\/","name":"Kollekter och budgetunderst\u00f6d - Kyrkans Utlandshj\u00e4lp","isPartOf":{"@id":"https:\/\/www.kirkonulkomaanapu.fi\/#website"},"datePublished":"2014-04-09T07:59:35+00:00","dateModified":"2025-11-28T12:22:49+00:00","description":"F\u00f6rsamlingarnas budgetanslag \u00e4r ungef\u00e4r 4 miljoner euro \u00e5rligen. Den evangelisk-lutherska kyrkan i Finland st\u00e5r totalt f\u00f6r \u00f6ver en fj\u00e4rdedel av int\u00e4kterna.","breadcrumb":{"@id":"https:\/\/www.kirkonulkomaanapu.fi\/sv\/kontakt\/till-forsamlingarna\/kollekter-och-budgetunderstod\/#breadcrumb"},"inLanguage":"sv-SE","potentialAction":[{"@type":"ReadAction","target":["https:\/\/www.kirkonulkomaanapu.fi\/sv\/kontakt\/till-forsamlingarna\/kollekter-och-budgetunderstod\/"]}]},{"@type":"BreadcrumbList","@id":"https:\/\/www.kirkonulkomaanapu.fi\/sv\/kontakt\/till-forsamlingarna\/kollekter-och-budgetunderstod\/#breadcrumb","itemListElement":[{"@type":"ListItem","position":1,"name":"Home","item":"https:\/\/www.kirkonulkomaanapu.fi\/sv\/"},{"@type":"ListItem","position":2,"name":"Kontakt","item":"https:\/\/www.kirkonulkomaanapu.fi\/sv\/kontakt\/"},{"@type":"ListItem","position":3,"name":"Till f\u00f6rsamlingarna","item":"https:\/\/www.kirkonulkomaanapu.fi\/sv\/kontakt\/till-forsamlingarna\/"},{"@type":"ListItem","position":4,"name":"Kollekter och budgetunderst\u00f6d"}]},{"@type":"WebSite","@id":"https:\/\/www.kirkonulkomaanapu.fi\/#website","url":"https:\/\/www.kirkonulkomaanapu.fi\/","name":"Kirkon Ulkomaanapu","description":"Suomen suurin kehitysyhteisty\u00f6j\u00e4rjest\u00f6","publisher":{"@id":"https:\/\/www.kirkonulkomaanapu.fi\/#organization"},"alternateName":"KUA","potentialAction":[{"@type":"SearchAction","target":{"@type":"EntryPoint","urlTemplate":"https:\/\/www.kirkonulkomaanapu.fi\/?s={search_term_string}"},"query-input":{"@type":"PropertyValueSpecification","valueRequired":true,"valueName":"search_term_string"}}],"inLanguage":"sv-SE"},{"@type":"Organization","@id":"https:\/\/www.kirkonulkomaanapu.fi\/#organization","name":"Kirkon Ulkomaanapu","alternateName":"KUA","url":"https:\/\/www.kirkonulkomaanapu.fi\/","logo":{"@type":"ImageObject","inLanguage":"sv-SE","@id":"https:\/\/www.kirkonulkomaanapu.fi\/#\/schema\/logo\/image\/","url":"https:\/\/www.kirkonulkomaanapu.fi\/wp-content\/uploads\/2026\/02\/Kirkon-ulkomaanapu-logo-1.png","contentUrl":"https:\/\/www.kirkonulkomaanapu.fi\/wp-content\/uploads\/2026\/02\/Kirkon-ulkomaanapu-logo-1.png","width":225,"height":225,"caption":"Kirkon Ulkomaanapu"},"image":{"@id":"https:\/\/www.kirkonulkomaanapu.fi\/#\/schema\/logo\/image\/"},"sameAs":["https:\/\/www.facebook.com\/Ulkomaanapu\/","https:\/\/www.youtube.com\/user\/kirkonulkomaanapu","https:\/\/instagram.com\/kirkon_ulkomaanapu\/","https:\/\/www.linkedin.com\/company\/finn-church-aid\/"]}]}},"_links":{"self":[{"href":"https:\/\/www.kirkonulkomaanapu.fi\/sv\/wp-json\/wp\/v2\/pages\/3731","targetHints":{"allow":["GET"]}}],"collection":[{"href":"https:\/\/www.kirkonulkomaanapu.fi\/sv\/wp-json\/wp\/v2\/pages"}],"about":[{"href":"https:\/\/www.kirkonulkomaanapu.fi\/sv\/wp-json\/wp\/v2\/types\/page"}],"author":[{"embeddable":true,"href":"https:\/\/www.kirkonulkomaanapu.fi\/sv\/wp-json\/wp\/v2\/users\/137"}],"replies":[{"embeddable":true,"href":"https:\/\/www.kirkonulkomaanapu.fi\/sv\/wp-json\/wp\/v2\/comments?post=3731"}],"version-history":[{"count":2,"href":"https:\/\/www.kirkonulkomaanapu.fi\/sv\/wp-json\/wp\/v2\/pages\/3731\/revisions"}],"predecessor-version":[{"id":158668,"href":"https:\/\/www.kirkonulkomaanapu.fi\/sv\/wp-json\/wp\/v2\/pages\/3731\/revisions\/158668"}],"up":[{"embeddable":true,"href":"https:\/\/www.kirkonulkomaanapu.fi\/sv\/wp-json\/wp\/v2\/pages\/2996"}],"wp:attachment":[{"href":"https:\/\/www.kirkonulkomaanapu.fi\/sv\/wp-json\/wp\/v2\/media?parent=3731"}],"curies":[{"name":"wp","href":"https:\/\/api.w.org\/{rel}","templated":true}]}}