{"id":3593,"date":"2014-03-06T10:18:13","date_gmt":"2014-03-06T08:18:13","guid":{"rendered":"https:\/\/www.kirkonulkomaanapu.fi\/?page_id=3593"},"modified":"2025-10-02T14:00:56","modified_gmt":"2025-10-02T11:00:56","slug":"annorlunda-gava","status":"publish","type":"page","link":"https:\/\/www.kirkonulkomaanapu.fi\/sv\/annorlunda-gava\/","title":{"rendered":"Annorlunda G\u00e5va"},"content":{"rendered":"\n\n\n<div class=\"block-hero full-width id-block\" style=\"background-image: url('https:\/\/www.kirkonulkomaanapu.fi\/wp-content\/uploads\/2025\/09\/KUA_TL-sivustokuva_1920x880.jpg');\">\n\n\t<div class=\"bg-mobile\" style=\"background-image: url('https:\/\/www.kirkonulkomaanapu.fi\/wp-content\/uploads\/2025\/09\/KUA_TL-sivustokuva_1080x1080-1024x1024.jpg');\"><\/div>\n\n\t\n\t<div class=\"curtain\"><\/div>\n\n\t<div class=\"container\">\n\t\t<div class=\"row\">\n\t\t\t<div class=\"col\">\n\t\t\t\t<div class=\"inner-blocks entry-content\">\n\t\t\t\t\t\t\t\t\t\t\t\n<h1 class=\"is-style-brush\" ><span class=\"bg\">\n<span class=\"is-highlighted\">Annorlunda G\u00e5va\u00ae<\/span><\/span><br><span class=\"bg\">ger gl\u00e4dje \u00e5t m\u00e5nga\n<\/span><\/h1><h1 class=\"is-style-brush mobile\" ><span class=\"is-highlighted\"><span class=\"bg\">Annorlunda<\/span><span class=\"bg\">G\u00e5va\u00ae<\/span><\/span><span class=\"bg\">ger<\/span><span class=\"bg\">gl\u00e4dje<\/span><span class=\"bg\">\u00e5t<\/span><span class=\"bg\">m\u00e5nga<\/span><\/h1>\n\n\t\t\t\t\t\t\t\t\t<\/div>\n\t\t\t<\/div>\n\t\t<\/div>\n\t<\/div>\n<\/div>\n\n\n\n\n\n\n\n\n<h2 class=\"wp-block-heading\" id=\"block-420a0e7d-08ad-4b08-9dcd-7c4249953e9d\">En Annorlunda G\u00e5va \u00e4r en utm\u00e4rkt g\u00e5va till den som redan har allt<\/h2>\n\n\n\n<p class=\"is-style-ingress\">En Annorlunda G\u00e5va \u00e4r en immateriell g\u00e5va med vilken du kan gl\u00e4dja dina n\u00e4rmaste och samtidigt hj\u00e4lpa de allra fattigaste familjerna i utvecklingsl\u00e4nderna. Till varje g\u00e5va h\u00f6r ett traditionellt postkort eller ett elektroniskt kort. Kortet beskriver hur g\u00e5van hj\u00e4lper de fattiga.<\/p>\n\n\n\n<div class=\"wp-block-buttons is-layout-flex wp-block-buttons-is-layout-flex\">\n<div class=\"wp-block-button is-style-solid\"><a class=\"wp-block-button__link wp-element-button\" href=\"https:\/\/www.toisenlainenlahja.fi\/sv\/gavor\/\" target=\"_blank\" rel=\"noreferrer noopener\">Visa alla g\u00e5vor<\/a><\/div>\n<\/div>\n\n\n\n<h3 class=\"wp-block-heading\" id=\"block-37b9c13e-12dd-4dcf-8616-ad3a40261920\">Ge en g\u00e5va som har stor betydelse<\/h3>\n\n\n\n<p>Bland de tiotals g\u00e5vorna \u00e4r det l\u00e4tt att hitta klappar som passar alla n\u00e4ra och k\u00e4ra och som inte fyller sk\u00e5pen. Till v\u00e5ra bist\u00e5ndsm\u00e5l sk\u00e4nkes till exempel getter, skoldr\u00e4kter och tr\u00e4dplantor. Med hj\u00e4lp av donationerna kan m\u00e4nniskorna d\u00e4r sj\u00e4lva f\u00f6rb\u00e4ttra sina levnadsf\u00f6rh\u00e5llanden.<\/p>\n\n\n\n<p>Du kan skaffa en g\u00e5va genom att bes\u00f6ka v\u00e5r hemsida <a href=\"https:\/\/www.toisenlainenlahja.fi\/sv\/\" target=\"_blank\" rel=\"noreferrer noopener\">annorlundagava.fi<\/a>. Papperskort finns tillg\u00e4ngliga fr\u00e5n 30 euro. Elektroniska kort finns tillg\u00e4ngliga f\u00f6r alla g\u00e5vor. Som betalningss\u00e4tt fungerar b\u00e5de betalning via n\u00e4tbanken och betalning med kreditkort. Du f\u00e5r alltid en bekr\u00e4ftelse p\u00e5 din best\u00e4llning till din e-post.<\/p>\n\n\n\n<figure class=\"wp-block-image size-large\" id=\"block-ba920e00-8b54-498a-9c18-7152c2878f33\"><img loading=\"lazy\" decoding=\"async\" width=\"1024\" height=\"576\" src=\"https:\/\/www.kirkonulkomaanapu.fi\/wp-content\/uploads\/2022\/06\/TL-Ka\u0308rkimedia_kuva2-SVE_2560x1440_261120-1024x576.jpg\" alt=\"\" class=\"wp-image-130503\" srcset=\"https:\/\/www.kirkonulkomaanapu.fi\/wp-content\/uploads\/2022\/06\/TL-Ka\u0308rkimedia_kuva2-SVE_2560x1440_261120-1024x576.jpg 1024w, https:\/\/www.kirkonulkomaanapu.fi\/wp-content\/uploads\/2022\/06\/TL-Ka\u0308rkimedia_kuva2-SVE_2560x1440_261120-480x270.jpg 480w, https:\/\/www.kirkonulkomaanapu.fi\/wp-content\/uploads\/2022\/06\/TL-Ka\u0308rkimedia_kuva2-SVE_2560x1440_261120-768x432.jpg 768w, https:\/\/www.kirkonulkomaanapu.fi\/wp-content\/uploads\/2022\/06\/TL-Ka\u0308rkimedia_kuva2-SVE_2560x1440_261120-1536x864.jpg 1536w, https:\/\/www.kirkonulkomaanapu.fi\/wp-content\/uploads\/2022\/06\/TL-Ka\u0308rkimedia_kuva2-SVE_2560x1440_261120-2048x1152.jpg 2048w, https:\/\/www.kirkonulkomaanapu.fi\/wp-content\/uploads\/2022\/06\/TL-Ka\u0308rkimedia_kuva2-SVE_2560x1440_261120-316x178.jpg 316w, https:\/\/www.kirkonulkomaanapu.fi\/wp-content\/uploads\/2022\/06\/TL-Ka\u0308rkimedia_kuva2-SVE_2560x1440_261120-1920x1080.jpg 1920w\" sizes=\"auto, (max-width: 1024px) 100vw, 1024px\" \/><figcaption class=\"wp-element-caption\">Exempel p\u00e5 ett postkort fr\u00e5n En Annorlunda G\u00e5va.<\/figcaption><\/figure>\n\n\n\n<p>Om du v\u00e4ljer ett e-kort vidarebefordras meddelandet direkt till din n\u00e4rst\u00e5endes e-postadress. Du kan v\u00e4lja n\u00e4r de ska f\u00e5 meddelandet. Om du vill kan du ocks\u00e5 dela kortl\u00e4nken p\u00e5 WhatsApp eller Facebook direkt efter donationen, eller s\u00e5 kan du g\u00f6ra det senare. Kortl\u00e4nken hittar du i orderbekr\u00e4ftelsen som skickas till dig via e-post.<\/p>\n\n\n\n<figure class=\"wp-block-image\" id=\"block-7c4f9ad9-9e84-45b6-90dd-5066ddfe63c7\"><img decoding=\"async\" src=\"https:\/\/www.kirkonulkomaanapu.fi\/wp-content\/uploads\/2021\/06\/toisenlainen-lahja_5-1-1024x576.jpg\" alt=\"T\u00e4m\u00e4n kuvan alt-attribuutti on tyhj\u00e4; Tiedoston nimi on toisenlainen-lahja_5-1-1024x576.jpg\"\/><figcaption class=\"wp-element-caption\">Om du v\u00e4ljer det elektroniska kortet kan g\u00e5vomottagaren se g\u00e5van till exempel i sin telefon. Kortet finns b\u00e5de p\u00e5 svenska och p\u00e5 finska.<\/figcaption><\/figure>\n\n\n\n<p>Om du v\u00e4ljer det elektroniska kortet skickas h\u00e4lsningen automatiskt till g\u00e5vomottagarens e-post. Du kan sj\u00e4lv best\u00e4mma den tidpunkt n\u00e4r du \u00f6nskar att g\u00e5vomottagaren ska f\u00e5 h\u00e4lsningen. Du kan ocks\u00e5 dela kortl\u00e4nken i WhatsApp eller p\u00e5 Facebook, antingen genast efter att du gjort din donation eller senare. Kortl\u00e4nken skickas till dig med best\u00e4llningsbekr\u00e4ftelsen som du f\u00e5r till din e-post.<\/p>\n\n\n\n<div class=\"wp-block-buttons is-layout-flex wp-block-buttons-is-layout-flex\">\n<div class=\"wp-block-button is-style-solid\"><a class=\"wp-block-button__link wp-element-button\" href=\"https:\/\/www.toisenlainenlahja.fi\/sv\/tilausohjeet\/\" target=\"_blank\" rel=\"noreferrer noopener\">Mer om att skaffa en g\u00e5va<\/a><\/div>\n<\/div>\n\n\n\n<h3 class=\"wp-block-heading\" id=\"block-883f6119-3b94-45b1-bb08-661d5d93aabb\">Get-g\u00e5van blev den fattiga familjens inkomstk\u00e4lla<\/h3>\n\n\n\n<p>Livet f\u00f6r kenyanska Chepnongors familj blev betydligt l\u00e4ttare n\u00e4r de fick tre getter av Kyrkans Utlandshj\u00e4lp. Ut\u00f6ver att familjen fick getmj\u00f6lk att s\u00e4lja, kunde de s\u00e4lja killingar som getterna f\u00f6tt. P\u00e5 detta s\u00e4tt har familjen f\u00e5tt inkomster som de kunnat anv\u00e4nda bland annat till ink\u00f6p av livsmedel och till barnens skolavgifter. Alla familjens barn g\u00e5r nu i skola, \u00e4ven om det nog \u00e4r en utmaning att f\u00e5 pengarna att r\u00e4cka till skolavgifterna.<\/p>\n\n\n\n<p>&#8221;Jag vill att mina barn ska kunna g\u00e5 i skola. Senare kan de sedan hj\u00e4lpa familjen&#8221;, s\u00e4ger Chepnongor.<\/p>\n\n\n\n<figure class=\"wp-block-image is-resized\"><img decoding=\"async\" src=\"https:\/\/www.kirkonulkomaanapu.fi\/wp-content\/uploads\/2021\/06\/toisenlainen-lahja_2-1-1024x576.jpg\" alt=\"\" style=\"width:778px;height:437px\"\/><figcaption class=\"wp-element-caption\">Chepnongors och Chepkemois familj fick exempelvis tre getter av Kyrkans Utlandshj\u00e4lp f\u00f6r n\u00e5gra \u00e5r sedan.<\/figcaption><\/figure>\n\n\n\n<p>Kyrkans Utlandshj\u00e4lp st\u00f6djer barnens skolg\u00e5ng och fr\u00e4mjar fredsarbetet i de fattigaste omr\u00e5dena i Kenya. Att st\u00e4rka utkomstm\u00f6jligheterna utg\u00f6r en central del av fredsarbetet, eftersom det minskar konflikter och st\u00f6lder, s\u00e5som till exempel boskapsst\u00f6lder. D\u00e4rf\u00f6r f\u00f6rb\u00e4ttrar en get som sk\u00e4nkts till en familj inte endast familjens utkomstm\u00f6jligheter utan st\u00e4rker \u00e4ven granns\u00e4mjan i det lokala samh\u00e4llet.<\/p>\n\n\n\n<figure class=\"wp-block-image size-large\"><img loading=\"lazy\" decoding=\"async\" width=\"1024\" height=\"576\" src=\"https:\/\/www.kirkonulkomaanapu.fi\/wp-content\/uploads\/2021\/06\/toisenlainen-lahja_1-1-1024x576.jpg\" alt=\"A \" class=\"wp-image-120252\" srcset=\"https:\/\/www.kirkonulkomaanapu.fi\/wp-content\/uploads\/2021\/06\/toisenlainen-lahja_1-1-1024x576.jpg 1024w, https:\/\/www.kirkonulkomaanapu.fi\/wp-content\/uploads\/2021\/06\/toisenlainen-lahja_1-1-480x270.jpg 480w, https:\/\/www.kirkonulkomaanapu.fi\/wp-content\/uploads\/2021\/06\/toisenlainen-lahja_1-1-768x432.jpg 768w, https:\/\/www.kirkonulkomaanapu.fi\/wp-content\/uploads\/2021\/06\/toisenlainen-lahja_1-1-1536x865.jpg 1536w, https:\/\/www.kirkonulkomaanapu.fi\/wp-content\/uploads\/2021\/06\/toisenlainen-lahja_1-1-2048x1153.jpg 2048w, https:\/\/www.kirkonulkomaanapu.fi\/wp-content\/uploads\/2021\/06\/toisenlainen-lahja_1-1-316x178.jpg 316w\" sizes=\"auto, (max-width: 1024px) 100vw, 1024px\" \/><figcaption class=\"wp-element-caption\">Kenyanska Chepkemoi med familjens get i famnen.<\/figcaption><\/figure>\n\n\n\n<p>P\u00e5 de orter som hj\u00e4lpen riktas till deltar byborna och de lokala arbetarna i planeringen och genomf\u00f6ringen av projekten. Hj\u00e4lpg\u00e5vorna inf\u00f6rskaffas huvudsakligen p\u00e5 ort och st\u00e4lle, f\u00f6r att minimera fraktkostnaderna och negativ milj\u00f6p\u00e5verkan samt st\u00f6dja den lokala syssels\u00e4ttningen. Erfarna yrkespersoner, s\u00e5som l\u00e4rare, lantbruksr\u00e5dgivare och veterin\u00e4rer, r\u00f6r sig i byarna och ger hj\u00e4lpg\u00e5vomottagarna skolning och instruktion i hur man exempelvis kan f\u00e5 st\u00f6rsta m\u00f6jliga nytta av getterna l\u00e5ngt in i framtiden.<\/p>\n\n\n\n<div class=\"wp-block-buttons is-layout-flex wp-block-buttons-is-layout-flex\">\n<div class=\"wp-block-button is-style-solid\"><a class=\"wp-block-button__link wp-element-button\" href=\"https:\/\/www.toisenlainenlahja.fi\/sv\/nain-lahjasi-auttaa\/\" target=\"_blank\" rel=\"noreferrer noopener\">L\u00e4s mer om hur g\u00e5vorna kan hj\u00e4lpa m\u00e4nniskor<\/a><\/div>\n<\/div>\n","protected":false},"excerpt":{"rendered":"<p>En Annorlunda G\u00e5va \u00e4r en utm\u00e4rkt g\u00e5va till den som redan har allt En Annorlunda G\u00e5va \u00e4r en immateriell g\u00e5va med vilken du kan gl\u00e4dja dina n\u00e4rmaste och samtidigt hj\u00e4lpa de allra fattigaste familjerna i utvecklingsl\u00e4nderna. Till varje g\u00e5va h\u00f6r ett traditionellt postkort eller ett elektroniskt kort. Kortet beskriver hur g\u00e5van hj\u00e4lper de fattiga. Ge [&hellip;]<\/p>\n","protected":false},"author":123,"featured_media":0,"parent":0,"menu_order":7,"comment_status":"closed","ping_status":"open","template":"","meta":{"_acf_changed":false,"_relevanssi_hide_post":"","_relevanssi_hide_content":"","_relevanssi_pin_for_all":"","_relevanssi_pin_keywords":"","_relevanssi_unpin_keywords":"","_relevanssi_related_keywords":"","_relevanssi_related_include_ids":"","_relevanssi_related_exclude_ids":"","_relevanssi_related_no_append":"","_relevanssi_related_not_related":"","_relevanssi_related_posts":"108131,121400,121649,121614,121424,63644","_relevanssi_noindex_reason":"","_improvement_type_select":"improve_an_existing","_thumb_yes_seoaic":false,"_frame_yes_seoaic":false,"seoaic_generate_description":"","seoaic_improve_instructions_prompt":"","seoaic_rollback_content_improvement":"","seoaic_idea_thumbnail_generator":"","thumbnail_generated":false,"thumbnail_generate_prompt":"","seoaic_article_description":"","footnotes":""},"class_list":["post-3593","page","type-page","status-publish","hentry"],"acf":[],"yoast_head":"<!-- This site is optimized with the Yoast SEO plugin v26.9 - https:\/\/yoast.com\/product\/yoast-seo-wordpress\/ -->\n<title>Annorlunda G\u00e5va - Kyrkans Utlandshj\u00e4lp<\/title>\n<meta name=\"description\" content=\"De Annorlunda G\u00e5vorna gl\u00e4der v\u00e5ra v\u00e4nner och k\u00e4raste b\u00e5de n\u00e4ra och fj\u00e4rran vid s\u00e5v\u00e4l vardag som fest.\" \/>\n<meta name=\"robots\" content=\"index, follow, max-snippet:-1, max-image-preview:large, max-video-preview:-1\" \/>\n<link rel=\"canonical\" href=\"https:\/\/www.kirkonulkomaanapu.fi\/sv\/annorlunda-gava\/\" \/>\n<meta property=\"og:locale\" content=\"sv_SE\" \/>\n<meta property=\"og:type\" content=\"article\" \/>\n<meta property=\"og:title\" content=\"Annorlunda G\u00e5va - Kyrkans Utlandshj\u00e4lp\" \/>\n<meta property=\"og:description\" content=\"De Annorlunda G\u00e5vorna gl\u00e4der v\u00e5ra v\u00e4nner och k\u00e4raste b\u00e5de n\u00e4ra och fj\u00e4rran vid s\u00e5v\u00e4l vardag som fest.\" \/>\n<meta property=\"og:url\" content=\"https:\/\/www.kirkonulkomaanapu.fi\/sv\/annorlunda-gava\/\" \/>\n<meta property=\"og:site_name\" content=\"Kyrkans Utlandshj\u00e4lp\" \/>\n<meta property=\"article:publisher\" content=\"https:\/\/www.facebook.com\/Ulkomaanapu\/\" \/>\n<meta property=\"article:modified_time\" content=\"2025-10-02T11:00:56+00:00\" \/>\n<meta property=\"og:image\" content=\"https:\/\/www.kirkonulkomaanapu.fi\/wp-content\/uploads\/2021\/06\/toisenlainen-lahja_5-1-1024x576.jpg\" \/>\n<meta name=\"twitter:label1\" content=\"Ber\u00e4knad l\u00e4stid\" \/>\n\t<meta name=\"twitter:data1\" content=\"5 minuter\" \/>\n<script type=\"application\/ld+json\" class=\"yoast-schema-graph\">{\"@context\":\"https:\/\/schema.org\",\"@graph\":[{\"@type\":\"WebPage\",\"@id\":\"https:\/\/www.kirkonulkomaanapu.fi\/sv\/annorlunda-gava\/\",\"url\":\"https:\/\/www.kirkonulkomaanapu.fi\/sv\/annorlunda-gava\/\",\"name\":\"Annorlunda G\u00e5va - Kyrkans Utlandshj\u00e4lp\",\"isPartOf\":{\"@id\":\"https:\/\/www.kirkonulkomaanapu.fi\/#website\"},\"primaryImageOfPage\":{\"@id\":\"https:\/\/www.kirkonulkomaanapu.fi\/sv\/annorlunda-gava\/#primaryimage\"},\"image\":{\"@id\":\"https:\/\/www.kirkonulkomaanapu.fi\/sv\/annorlunda-gava\/#primaryimage\"},\"thumbnailUrl\":\"https:\/\/www.kirkonulkomaanapu.fi\/wp-content\/uploads\/2021\/06\/toisenlainen-lahja_5-1-1024x576.jpg\",\"datePublished\":\"2014-03-06T08:18:13+00:00\",\"dateModified\":\"2025-10-02T11:00:56+00:00\",\"description\":\"De Annorlunda G\u00e5vorna gl\u00e4der v\u00e5ra v\u00e4nner och k\u00e4raste b\u00e5de n\u00e4ra och fj\u00e4rran vid s\u00e5v\u00e4l vardag som fest.\",\"breadcrumb\":{\"@id\":\"https:\/\/www.kirkonulkomaanapu.fi\/sv\/annorlunda-gava\/#breadcrumb\"},\"inLanguage\":\"sv-SE\",\"potentialAction\":[{\"@type\":\"ReadAction\",\"target\":[\"https:\/\/www.kirkonulkomaanapu.fi\/sv\/annorlunda-gava\/\"]}]},{\"@type\":\"ImageObject\",\"inLanguage\":\"sv-SE\",\"@id\":\"https:\/\/www.kirkonulkomaanapu.fi\/sv\/annorlunda-gava\/#primaryimage\",\"url\":\"https:\/\/www.kirkonulkomaanapu.fi\/wp-content\/uploads\/2021\/06\/toisenlainen-lahja_5-1-1024x576.jpg\",\"contentUrl\":\"https:\/\/www.kirkonulkomaanapu.fi\/wp-content\/uploads\/2021\/06\/toisenlainen-lahja_5-1-1024x576.jpg\"},{\"@type\":\"BreadcrumbList\",\"@id\":\"https:\/\/www.kirkonulkomaanapu.fi\/sv\/annorlunda-gava\/#breadcrumb\",\"itemListElement\":[{\"@type\":\"ListItem\",\"position\":1,\"name\":\"Home\",\"item\":\"https:\/\/www.kirkonulkomaanapu.fi\/sv\/\"},{\"@type\":\"ListItem\",\"position\":2,\"name\":\"Annorlunda G\u00e5va\"}]},{\"@type\":\"WebSite\",\"@id\":\"https:\/\/www.kirkonulkomaanapu.fi\/#website\",\"url\":\"https:\/\/www.kirkonulkomaanapu.fi\/\",\"name\":\"Kirkon Ulkomaanapu\",\"description\":\"Suomen suurin kehitysyhteisty\u00f6j\u00e4rjest\u00f6\",\"publisher\":{\"@id\":\"https:\/\/www.kirkonulkomaanapu.fi\/#organization\"},\"alternateName\":\"KUA\",\"potentialAction\":[{\"@type\":\"SearchAction\",\"target\":{\"@type\":\"EntryPoint\",\"urlTemplate\":\"https:\/\/www.kirkonulkomaanapu.fi\/?s={search_term_string}\"},\"query-input\":{\"@type\":\"PropertyValueSpecification\",\"valueRequired\":true,\"valueName\":\"search_term_string\"}}],\"inLanguage\":\"sv-SE\"},{\"@type\":\"Organization\",\"@id\":\"https:\/\/www.kirkonulkomaanapu.fi\/#organization\",\"name\":\"Kirkon Ulkomaanapu\",\"alternateName\":\"KUA\",\"url\":\"https:\/\/www.kirkonulkomaanapu.fi\/\",\"logo\":{\"@type\":\"ImageObject\",\"inLanguage\":\"sv-SE\",\"@id\":\"https:\/\/www.kirkonulkomaanapu.fi\/#\/schema\/logo\/image\/\",\"url\":\"https:\/\/www.kirkonulkomaanapu.fi\/wp-content\/uploads\/2026\/02\/Kirkon-ulkomaanapu-logo-1.png\",\"contentUrl\":\"https:\/\/www.kirkonulkomaanapu.fi\/wp-content\/uploads\/2026\/02\/Kirkon-ulkomaanapu-logo-1.png\",\"width\":225,\"height\":225,\"caption\":\"Kirkon Ulkomaanapu\"},\"image\":{\"@id\":\"https:\/\/www.kirkonulkomaanapu.fi\/#\/schema\/logo\/image\/\"},\"sameAs\":[\"https:\/\/www.facebook.com\/Ulkomaanapu\/\",\"https:\/\/www.youtube.com\/user\/kirkonulkomaanapu\",\"https:\/\/instagram.com\/kirkon_ulkomaanapu\/\",\"https:\/\/www.linkedin.com\/company\/finn-church-aid\/\"]}]}<\/script>\n<!-- \/ Yoast SEO plugin. -->","yoast_head_json":{"title":"Annorlunda G\u00e5va - Kyrkans Utlandshj\u00e4lp","description":"De Annorlunda G\u00e5vorna gl\u00e4der v\u00e5ra v\u00e4nner och k\u00e4raste b\u00e5de n\u00e4ra och fj\u00e4rran vid s\u00e5v\u00e4l vardag som fest.","robots":{"index":"index","follow":"follow","max-snippet":"max-snippet:-1","max-image-preview":"max-image-preview:large","max-video-preview":"max-video-preview:-1"},"canonical":"https:\/\/www.kirkonulkomaanapu.fi\/sv\/annorlunda-gava\/","og_locale":"sv_SE","og_type":"article","og_title":"Annorlunda G\u00e5va - Kyrkans Utlandshj\u00e4lp","og_description":"De Annorlunda G\u00e5vorna gl\u00e4der v\u00e5ra v\u00e4nner och k\u00e4raste b\u00e5de n\u00e4ra och fj\u00e4rran vid s\u00e5v\u00e4l vardag som fest.","og_url":"https:\/\/www.kirkonulkomaanapu.fi\/sv\/annorlunda-gava\/","og_site_name":"Kyrkans Utlandshj\u00e4lp","article_publisher":"https:\/\/www.facebook.com\/Ulkomaanapu\/","article_modified_time":"2025-10-02T11:00:56+00:00","og_image":[{"url":"https:\/\/www.kirkonulkomaanapu.fi\/wp-content\/uploads\/2021\/06\/toisenlainen-lahja_5-1-1024x576.jpg","type":"","width":"","height":""}],"twitter_misc":{"Ber\u00e4knad l\u00e4stid":"5 minuter"},"schema":{"@context":"https:\/\/schema.org","@graph":[{"@type":"WebPage","@id":"https:\/\/www.kirkonulkomaanapu.fi\/sv\/annorlunda-gava\/","url":"https:\/\/www.kirkonulkomaanapu.fi\/sv\/annorlunda-gava\/","name":"Annorlunda G\u00e5va - Kyrkans Utlandshj\u00e4lp","isPartOf":{"@id":"https:\/\/www.kirkonulkomaanapu.fi\/#website"},"primaryImageOfPage":{"@id":"https:\/\/www.kirkonulkomaanapu.fi\/sv\/annorlunda-gava\/#primaryimage"},"image":{"@id":"https:\/\/www.kirkonulkomaanapu.fi\/sv\/annorlunda-gava\/#primaryimage"},"thumbnailUrl":"https:\/\/www.kirkonulkomaanapu.fi\/wp-content\/uploads\/2021\/06\/toisenlainen-lahja_5-1-1024x576.jpg","datePublished":"2014-03-06T08:18:13+00:00","dateModified":"2025-10-02T11:00:56+00:00","description":"De Annorlunda G\u00e5vorna gl\u00e4der v\u00e5ra v\u00e4nner och k\u00e4raste b\u00e5de n\u00e4ra och fj\u00e4rran vid s\u00e5v\u00e4l vardag som fest.","breadcrumb":{"@id":"https:\/\/www.kirkonulkomaanapu.fi\/sv\/annorlunda-gava\/#breadcrumb"},"inLanguage":"sv-SE","potentialAction":[{"@type":"ReadAction","target":["https:\/\/www.kirkonulkomaanapu.fi\/sv\/annorlunda-gava\/"]}]},{"@type":"ImageObject","inLanguage":"sv-SE","@id":"https:\/\/www.kirkonulkomaanapu.fi\/sv\/annorlunda-gava\/#primaryimage","url":"https:\/\/www.kirkonulkomaanapu.fi\/wp-content\/uploads\/2021\/06\/toisenlainen-lahja_5-1-1024x576.jpg","contentUrl":"https:\/\/www.kirkonulkomaanapu.fi\/wp-content\/uploads\/2021\/06\/toisenlainen-lahja_5-1-1024x576.jpg"},{"@type":"BreadcrumbList","@id":"https:\/\/www.kirkonulkomaanapu.fi\/sv\/annorlunda-gava\/#breadcrumb","itemListElement":[{"@type":"ListItem","position":1,"name":"Home","item":"https:\/\/www.kirkonulkomaanapu.fi\/sv\/"},{"@type":"ListItem","position":2,"name":"Annorlunda G\u00e5va"}]},{"@type":"WebSite","@id":"https:\/\/www.kirkonulkomaanapu.fi\/#website","url":"https:\/\/www.kirkonulkomaanapu.fi\/","name":"Kirkon Ulkomaanapu","description":"Suomen suurin kehitysyhteisty\u00f6j\u00e4rjest\u00f6","publisher":{"@id":"https:\/\/www.kirkonulkomaanapu.fi\/#organization"},"alternateName":"KUA","potentialAction":[{"@type":"SearchAction","target":{"@type":"EntryPoint","urlTemplate":"https:\/\/www.kirkonulkomaanapu.fi\/?s={search_term_string}"},"query-input":{"@type":"PropertyValueSpecification","valueRequired":true,"valueName":"search_term_string"}}],"inLanguage":"sv-SE"},{"@type":"Organization","@id":"https:\/\/www.kirkonulkomaanapu.fi\/#organization","name":"Kirkon Ulkomaanapu","alternateName":"KUA","url":"https:\/\/www.kirkonulkomaanapu.fi\/","logo":{"@type":"ImageObject","inLanguage":"sv-SE","@id":"https:\/\/www.kirkonulkomaanapu.fi\/#\/schema\/logo\/image\/","url":"https:\/\/www.kirkonulkomaanapu.fi\/wp-content\/uploads\/2026\/02\/Kirkon-ulkomaanapu-logo-1.png","contentUrl":"https:\/\/www.kirkonulkomaanapu.fi\/wp-content\/uploads\/2026\/02\/Kirkon-ulkomaanapu-logo-1.png","width":225,"height":225,"caption":"Kirkon Ulkomaanapu"},"image":{"@id":"https:\/\/www.kirkonulkomaanapu.fi\/#\/schema\/logo\/image\/"},"sameAs":["https:\/\/www.facebook.com\/Ulkomaanapu\/","https:\/\/www.youtube.com\/user\/kirkonulkomaanapu","https:\/\/instagram.com\/kirkon_ulkomaanapu\/","https:\/\/www.linkedin.com\/company\/finn-church-aid\/"]}]}},"_links":{"self":[{"href":"https:\/\/www.kirkonulkomaanapu.fi\/sv\/wp-json\/wp\/v2\/pages\/3593","targetHints":{"allow":["GET"]}}],"collection":[{"href":"https:\/\/www.kirkonulkomaanapu.fi\/sv\/wp-json\/wp\/v2\/pages"}],"about":[{"href":"https:\/\/www.kirkonulkomaanapu.fi\/sv\/wp-json\/wp\/v2\/types\/page"}],"author":[{"embeddable":true,"href":"https:\/\/www.kirkonulkomaanapu.fi\/sv\/wp-json\/wp\/v2\/users\/123"}],"replies":[{"embeddable":true,"href":"https:\/\/www.kirkonulkomaanapu.fi\/sv\/wp-json\/wp\/v2\/comments?post=3593"}],"version-history":[{"count":2,"href":"https:\/\/www.kirkonulkomaanapu.fi\/sv\/wp-json\/wp\/v2\/pages\/3593\/revisions"}],"predecessor-version":[{"id":156985,"href":"https:\/\/www.kirkonulkomaanapu.fi\/sv\/wp-json\/wp\/v2\/pages\/3593\/revisions\/156985"}],"wp:attachment":[{"href":"https:\/\/www.kirkonulkomaanapu.fi\/sv\/wp-json\/wp\/v2\/media?parent=3593"}],"curies":[{"name":"wp","href":"https:\/\/api.w.org\/{rel}","templated":true}]}}