{"id":3560,"date":"2014-04-08T13:22:50","date_gmt":"2014-04-08T10:22:50","guid":{"rendered":"https:\/\/www.kirkonulkomaanapu.fi\/?page_id=3560"},"modified":"2023-08-23T11:44:13","modified_gmt":"2023-08-23T08:44:13","slug":"styrelsen","status":"publish","type":"page","link":"https:\/\/www.kirkonulkomaanapu.fi\/sv\/kontakt\/styrelsen\/","title":{"rendered":"Styrelsen"},"content":{"rendered":"<h1 class=\"is-style-brush\" ><span class=\"bg\">\nStyrelsen\n<\/span><\/h1><h1 class=\"is-style-brush mobile\" ><span class=\"bg\">Styrelsen<\/span><\/h1>\n\n\n<p>Kyrkans Utlandshj\u00e4lp leds av en styrelse med 10-13 medlemmar. Den \u00e4r tillsatt av kyrkostyrelsens plenum. Den bitr\u00e4ds av ett arbetsutskott och ett granskningsutskott.<\/p>\n\n\n\n<h2 class=\"wp-block-heading\">Kyrkans Utlandshj\u00e4lps styrelse 2023\u20132026<\/h2>\n\n\n\n<p>Ordf\u00f6rande:&nbsp;Sakunnig i internationella \u00e4renden <strong>Tarja Kantola<\/strong><br>Vice ordf\u00f6rande: Biskop <strong>Kaisamari Hintikka<\/strong><\/p>\n\n\n\n<p>Medlemmar:<\/p>\n\n\n\n<p><strong>Helena Arlander<\/strong> (ny), DI, MBA.<br><strong>Sixten Ekstrand<\/strong>, direktor vid Kyrkans central f\u00f6r det svenska arbetet.<br><strong>Ulla Klemettinen<\/strong> (ny), sakkunnig i missionsarbete och internationellt ansvar i Jyv\u00e4skyl\u00e4n seurakunta.<br><strong>Markku Kulmala<\/strong> (ny), professor vid Helsingfors universitet.<br><strong>Jarno Limnell<\/strong> (ny), riksdagsledamot (saml).<br><strong>Niilo Pesonen<\/strong> (ny), kyrkoherde i Tuiran seurakunta.<br><strong>Ritva Reinikka<\/strong>, arbetslivsprofessor vid Aalto-universitetet.<br><strong>Satu Relander<\/strong> (ny), teamledare och juridisk r\u00e5dgivare vid Fondia.<br><strong>Riikka R\u00e4is\u00e4nen<\/strong> (ny), chefredakt\u00f6r vid Yles finska nyhets- och aktualitetsredaktion.<br><strong>Matti Sar\u00e9n<\/strong> (ny), rektor\/vd vid Kajaanin ammattikorkeakoulu.<br><strong>Olli-Pekka Silfverhuth<\/strong>, kyrkoherde i Pirkkalan seurakunta.<br><strong>Antti Toivanen<\/strong> (ny), sakkunnig vid statsr\u00e5dets kansli.<\/p>\n\n\n\n<p><strong><br><br><\/strong><\/p>\n\n\n\n<p>Sekreterare:<br>Verksamhetsledare <strong>Tomi J\u00e4rvinen<\/strong><\/p>\n\n\n\n<p><\/p>\n","protected":false},"excerpt":{"rendered":"<p>Styrelsen Styrelsen Kyrkans Utlandshj\u00e4lp leds av en styrelse med 10-13 medlemmar. Den \u00e4r tillsatt av kyrkostyrelsens plenum. Den bitr\u00e4ds av ett arbetsutskott och ett granskningsutskott. Kyrkans Utlandshj\u00e4lps styrelse 2023\u20132026 Ordf\u00f6rande:&nbsp;Sakunnig i internationella \u00e4renden Tarja KantolaVice ordf\u00f6rande: Biskop Kaisamari Hintikka Medlemmar: Helena Arlander (ny), DI, MBA.Sixten Ekstrand, direktor vid Kyrkans central f\u00f6r det svenska arbetet.Ulla Klemettinen [&hellip;]<\/p>\n","protected":false},"author":137,"featured_media":0,"parent":115180,"menu_order":0,"comment_status":"closed","ping_status":"open","template":"","meta":{"_acf_changed":false,"_relevanssi_hide_post":"","_relevanssi_hide_content":"","_relevanssi_pin_for_all":"","_relevanssi_pin_keywords":"","_relevanssi_unpin_keywords":"","_relevanssi_related_keywords":"","_relevanssi_related_include_ids":"","_relevanssi_related_exclude_ids":"","_relevanssi_related_no_append":"","_relevanssi_related_not_related":"","_relevanssi_related_posts":"108131,89500,63644","_relevanssi_noindex_reason":"","_improvement_type_select":"improve_an_existing","_thumb_yes_seoaic":false,"_frame_yes_seoaic":false,"seoaic_generate_description":"","seoaic_improve_instructions_prompt":"","seoaic_rollback_content_improvement":"","seoaic_idea_thumbnail_generator":"","thumbnail_generated":false,"thumbnail_generate_prompt":"","seoaic_article_description":"","footnotes":""},"class_list":["post-3560","page","type-page","status-publish","hentry"],"acf":[],"yoast_head":"<!-- This site is optimized with the Yoast SEO plugin v26.9 - https:\/\/yoast.com\/product\/yoast-seo-wordpress\/ -->\n<title>Styrelsen - Kyrkans Utlandshj\u00e4lp<\/title>\n<meta name=\"robots\" content=\"index, follow, max-snippet:-1, max-image-preview:large, max-video-preview:-1\" \/>\n<link rel=\"canonical\" href=\"https:\/\/www.kirkonulkomaanapu.fi\/sv\/kontakt\/styrelsen\/\" \/>\n<meta property=\"og:locale\" content=\"sv_SE\" \/>\n<meta property=\"og:type\" content=\"article\" \/>\n<meta property=\"og:title\" content=\"Styrelsen - Kyrkans Utlandshj\u00e4lp\" \/>\n<meta property=\"og:description\" content=\"Styrelsen Styrelsen Kyrkans Utlandshj\u00e4lp leds av en styrelse med 10-13 medlemmar. Den \u00e4r tillsatt av kyrkostyrelsens plenum. Den bitr\u00e4ds av ett arbetsutskott och ett granskningsutskott. Kyrkans Utlandshj\u00e4lps styrelse 2023\u20132026 Ordf\u00f6rande:&nbsp;Sakunnig i internationella \u00e4renden Tarja KantolaVice ordf\u00f6rande: Biskop Kaisamari Hintikka Medlemmar: Helena Arlander (ny), DI, MBA.Sixten Ekstrand, direktor vid Kyrkans central f\u00f6r det svenska arbetet.Ulla Klemettinen [&hellip;]\" \/>\n<meta property=\"og:url\" content=\"https:\/\/www.kirkonulkomaanapu.fi\/sv\/kontakt\/styrelsen\/\" \/>\n<meta property=\"og:site_name\" content=\"Kyrkans Utlandshj\u00e4lp\" \/>\n<meta property=\"article:publisher\" content=\"https:\/\/www.facebook.com\/Ulkomaanapu\/\" \/>\n<meta property=\"article:modified_time\" content=\"2023-08-23T08:44:13+00:00\" \/>\n<meta property=\"og:image\" content=\"https:\/\/www.kirkonulkomaanapu.fi\/wp-content\/uploads\/2026\/02\/Kirkon-ulkomaanapu-logo.png\" \/>\n\t<meta property=\"og:image:width\" content=\"225\" \/>\n\t<meta property=\"og:image:height\" content=\"225\" \/>\n\t<meta property=\"og:image:type\" content=\"image\/png\" \/>\n<meta name=\"twitter:label1\" content=\"Ber\u00e4knad l\u00e4stid\" \/>\n\t<meta name=\"twitter:data1\" content=\"1 minut\" \/>\n<script type=\"application\/ld+json\" class=\"yoast-schema-graph\">{\"@context\":\"https:\/\/schema.org\",\"@graph\":[{\"@type\":\"WebPage\",\"@id\":\"https:\/\/www.kirkonulkomaanapu.fi\/sv\/kontakt\/styrelsen\/\",\"url\":\"https:\/\/www.kirkonulkomaanapu.fi\/sv\/kontakt\/styrelsen\/\",\"name\":\"Styrelsen - Kyrkans Utlandshj\u00e4lp\",\"isPartOf\":{\"@id\":\"https:\/\/www.kirkonulkomaanapu.fi\/#website\"},\"datePublished\":\"2014-04-08T10:22:50+00:00\",\"dateModified\":\"2023-08-23T08:44:13+00:00\",\"breadcrumb\":{\"@id\":\"https:\/\/www.kirkonulkomaanapu.fi\/sv\/kontakt\/styrelsen\/#breadcrumb\"},\"inLanguage\":\"sv-SE\",\"potentialAction\":[{\"@type\":\"ReadAction\",\"target\":[\"https:\/\/www.kirkonulkomaanapu.fi\/sv\/kontakt\/styrelsen\/\"]}]},{\"@type\":\"BreadcrumbList\",\"@id\":\"https:\/\/www.kirkonulkomaanapu.fi\/sv\/kontakt\/styrelsen\/#breadcrumb\",\"itemListElement\":[{\"@type\":\"ListItem\",\"position\":1,\"name\":\"Home\",\"item\":\"https:\/\/www.kirkonulkomaanapu.fi\/sv\/\"},{\"@type\":\"ListItem\",\"position\":2,\"name\":\"Kontakt\",\"item\":\"https:\/\/www.kirkonulkomaanapu.fi\/sv\/kontakt\/\"},{\"@type\":\"ListItem\",\"position\":3,\"name\":\"Styrelsen\"}]},{\"@type\":\"WebSite\",\"@id\":\"https:\/\/www.kirkonulkomaanapu.fi\/#website\",\"url\":\"https:\/\/www.kirkonulkomaanapu.fi\/\",\"name\":\"Kirkon Ulkomaanapu\",\"description\":\"Suomen suurin kehitysyhteisty\u00f6j\u00e4rjest\u00f6\",\"publisher\":{\"@id\":\"https:\/\/www.kirkonulkomaanapu.fi\/#organization\"},\"alternateName\":\"KUA\",\"potentialAction\":[{\"@type\":\"SearchAction\",\"target\":{\"@type\":\"EntryPoint\",\"urlTemplate\":\"https:\/\/www.kirkonulkomaanapu.fi\/?s={search_term_string}\"},\"query-input\":{\"@type\":\"PropertyValueSpecification\",\"valueRequired\":true,\"valueName\":\"search_term_string\"}}],\"inLanguage\":\"sv-SE\"},{\"@type\":\"Organization\",\"@id\":\"https:\/\/www.kirkonulkomaanapu.fi\/#organization\",\"name\":\"Kirkon Ulkomaanapu\",\"alternateName\":\"KUA\",\"url\":\"https:\/\/www.kirkonulkomaanapu.fi\/\",\"logo\":{\"@type\":\"ImageObject\",\"inLanguage\":\"sv-SE\",\"@id\":\"https:\/\/www.kirkonulkomaanapu.fi\/#\/schema\/logo\/image\/\",\"url\":\"https:\/\/www.kirkonulkomaanapu.fi\/wp-content\/uploads\/2026\/02\/Kirkon-ulkomaanapu-logo-1.png\",\"contentUrl\":\"https:\/\/www.kirkonulkomaanapu.fi\/wp-content\/uploads\/2026\/02\/Kirkon-ulkomaanapu-logo-1.png\",\"width\":225,\"height\":225,\"caption\":\"Kirkon Ulkomaanapu\"},\"image\":{\"@id\":\"https:\/\/www.kirkonulkomaanapu.fi\/#\/schema\/logo\/image\/\"},\"sameAs\":[\"https:\/\/www.facebook.com\/Ulkomaanapu\/\",\"https:\/\/www.youtube.com\/user\/kirkonulkomaanapu\",\"https:\/\/instagram.com\/kirkon_ulkomaanapu\/\",\"https:\/\/www.linkedin.com\/company\/finn-church-aid\/\"]}]}<\/script>\n<!-- \/ Yoast SEO plugin. -->","yoast_head_json":{"title":"Styrelsen - Kyrkans Utlandshj\u00e4lp","robots":{"index":"index","follow":"follow","max-snippet":"max-snippet:-1","max-image-preview":"max-image-preview:large","max-video-preview":"max-video-preview:-1"},"canonical":"https:\/\/www.kirkonulkomaanapu.fi\/sv\/kontakt\/styrelsen\/","og_locale":"sv_SE","og_type":"article","og_title":"Styrelsen - Kyrkans Utlandshj\u00e4lp","og_description":"Styrelsen Styrelsen Kyrkans Utlandshj\u00e4lp leds av en styrelse med 10-13 medlemmar. Den \u00e4r tillsatt av kyrkostyrelsens plenum. Den bitr\u00e4ds av ett arbetsutskott och ett granskningsutskott. Kyrkans Utlandshj\u00e4lps styrelse 2023\u20132026 Ordf\u00f6rande:&nbsp;Sakunnig i internationella \u00e4renden Tarja KantolaVice ordf\u00f6rande: Biskop Kaisamari Hintikka Medlemmar: Helena Arlander (ny), DI, MBA.Sixten Ekstrand, direktor vid Kyrkans central f\u00f6r det svenska arbetet.Ulla Klemettinen [&hellip;]","og_url":"https:\/\/www.kirkonulkomaanapu.fi\/sv\/kontakt\/styrelsen\/","og_site_name":"Kyrkans Utlandshj\u00e4lp","article_publisher":"https:\/\/www.facebook.com\/Ulkomaanapu\/","article_modified_time":"2023-08-23T08:44:13+00:00","og_image":[{"width":225,"height":225,"url":"https:\/\/www.kirkonulkomaanapu.fi\/wp-content\/uploads\/2026\/02\/Kirkon-ulkomaanapu-logo.png","type":"image\/png"}],"twitter_misc":{"Ber\u00e4knad l\u00e4stid":"1 minut"},"schema":{"@context":"https:\/\/schema.org","@graph":[{"@type":"WebPage","@id":"https:\/\/www.kirkonulkomaanapu.fi\/sv\/kontakt\/styrelsen\/","url":"https:\/\/www.kirkonulkomaanapu.fi\/sv\/kontakt\/styrelsen\/","name":"Styrelsen - Kyrkans Utlandshj\u00e4lp","isPartOf":{"@id":"https:\/\/www.kirkonulkomaanapu.fi\/#website"},"datePublished":"2014-04-08T10:22:50+00:00","dateModified":"2023-08-23T08:44:13+00:00","breadcrumb":{"@id":"https:\/\/www.kirkonulkomaanapu.fi\/sv\/kontakt\/styrelsen\/#breadcrumb"},"inLanguage":"sv-SE","potentialAction":[{"@type":"ReadAction","target":["https:\/\/www.kirkonulkomaanapu.fi\/sv\/kontakt\/styrelsen\/"]}]},{"@type":"BreadcrumbList","@id":"https:\/\/www.kirkonulkomaanapu.fi\/sv\/kontakt\/styrelsen\/#breadcrumb","itemListElement":[{"@type":"ListItem","position":1,"name":"Home","item":"https:\/\/www.kirkonulkomaanapu.fi\/sv\/"},{"@type":"ListItem","position":2,"name":"Kontakt","item":"https:\/\/www.kirkonulkomaanapu.fi\/sv\/kontakt\/"},{"@type":"ListItem","position":3,"name":"Styrelsen"}]},{"@type":"WebSite","@id":"https:\/\/www.kirkonulkomaanapu.fi\/#website","url":"https:\/\/www.kirkonulkomaanapu.fi\/","name":"Kirkon Ulkomaanapu","description":"Suomen suurin kehitysyhteisty\u00f6j\u00e4rjest\u00f6","publisher":{"@id":"https:\/\/www.kirkonulkomaanapu.fi\/#organization"},"alternateName":"KUA","potentialAction":[{"@type":"SearchAction","target":{"@type":"EntryPoint","urlTemplate":"https:\/\/www.kirkonulkomaanapu.fi\/?s={search_term_string}"},"query-input":{"@type":"PropertyValueSpecification","valueRequired":true,"valueName":"search_term_string"}}],"inLanguage":"sv-SE"},{"@type":"Organization","@id":"https:\/\/www.kirkonulkomaanapu.fi\/#organization","name":"Kirkon Ulkomaanapu","alternateName":"KUA","url":"https:\/\/www.kirkonulkomaanapu.fi\/","logo":{"@type":"ImageObject","inLanguage":"sv-SE","@id":"https:\/\/www.kirkonulkomaanapu.fi\/#\/schema\/logo\/image\/","url":"https:\/\/www.kirkonulkomaanapu.fi\/wp-content\/uploads\/2026\/02\/Kirkon-ulkomaanapu-logo-1.png","contentUrl":"https:\/\/www.kirkonulkomaanapu.fi\/wp-content\/uploads\/2026\/02\/Kirkon-ulkomaanapu-logo-1.png","width":225,"height":225,"caption":"Kirkon Ulkomaanapu"},"image":{"@id":"https:\/\/www.kirkonulkomaanapu.fi\/#\/schema\/logo\/image\/"},"sameAs":["https:\/\/www.facebook.com\/Ulkomaanapu\/","https:\/\/www.youtube.com\/user\/kirkonulkomaanapu","https:\/\/instagram.com\/kirkon_ulkomaanapu\/","https:\/\/www.linkedin.com\/company\/finn-church-aid\/"]}]}},"_links":{"self":[{"href":"https:\/\/www.kirkonulkomaanapu.fi\/sv\/wp-json\/wp\/v2\/pages\/3560","targetHints":{"allow":["GET"]}}],"collection":[{"href":"https:\/\/www.kirkonulkomaanapu.fi\/sv\/wp-json\/wp\/v2\/pages"}],"about":[{"href":"https:\/\/www.kirkonulkomaanapu.fi\/sv\/wp-json\/wp\/v2\/types\/page"}],"author":[{"embeddable":true,"href":"https:\/\/www.kirkonulkomaanapu.fi\/sv\/wp-json\/wp\/v2\/users\/137"}],"replies":[{"embeddable":true,"href":"https:\/\/www.kirkonulkomaanapu.fi\/sv\/wp-json\/wp\/v2\/comments?post=3560"}],"version-history":[{"count":2,"href":"https:\/\/www.kirkonulkomaanapu.fi\/sv\/wp-json\/wp\/v2\/pages\/3560\/revisions"}],"predecessor-version":[{"id":142904,"href":"https:\/\/www.kirkonulkomaanapu.fi\/sv\/wp-json\/wp\/v2\/pages\/3560\/revisions\/142904"}],"up":[{"embeddable":true,"href":"https:\/\/www.kirkonulkomaanapu.fi\/sv\/wp-json\/wp\/v2\/pages\/115180"}],"wp:attachment":[{"href":"https:\/\/www.kirkonulkomaanapu.fi\/sv\/wp-json\/wp\/v2\/media?parent=3560"}],"curies":[{"name":"wp","href":"https:\/\/api.w.org\/{rel}","templated":true}]}}