{"id":3507,"date":"2014-04-08T11:39:06","date_gmt":"2014-04-08T08:39:06","guid":{"rendered":"https:\/\/www.kirkonulkomaanapu.fi\/?page_id=3507"},"modified":"2025-10-10T11:58:52","modified_gmt":"2025-10-10T08:58:52","slug":"gavonummer-och-kontonummer","status":"publish","type":"page","link":"https:\/\/www.kirkonulkomaanapu.fi\/sv\/gavonummer-och-kontonummer\/","title":{"rendered":"G\u00e5vonummer och kontonummer"},"content":{"rendered":"\n\n\n<div class=\"block-hero full-width id-block\" style=\"background-image: url('https:\/\/www.kirkonulkomaanapu.fi\/wp-content\/uploads\/2021\/08\/lahjoitustilit.jpg');\">\n\n\t<div class=\"bg-mobile\" style=\"background-image: url('https:\/\/www.kirkonulkomaanapu.fi\/wp-content\/uploads\/2021\/08\/lahjoitustilit-1024x576.jpg');\"><\/div>\n\n\t\n\t<div class=\"curtain\"><\/div>\n\n\t<div class=\"container\">\n\t\t<div class=\"row\">\n\t\t\t<div class=\"col\">\n\t\t\t\t<div class=\"inner-blocks entry-content\">\n\t\t\t\t\t\t\t\t\t\t\t\n<h1 class=\"is-style-brush\" ><span class=\"bg\">\nG\u00e5vonummer och<\/span><br><span class=\"bg\"><span class=\"is-highlighted\">kontonummer<\/span>\n<\/span><\/h1><h1 class=\"is-style-brush mobile\" ><span class=\"bg\">G\u00e5vonummer<\/span><span class=\"bg\">och<\/span><span class=\"is-highlighted\"><span class=\"bg\">kontonummer<\/span><\/span><\/h1>\n\n\t\t\t\t\t\t\t\t\t<\/div>\n\t\t\t<\/div>\n\t\t<\/div>\n\t<\/div>\n<\/div>\n\n\n\n\n\n\n\n\n<h2 class=\"wp-block-heading\">Bist\u00e5ndskonton<\/h2>\n\n\n\n<p>Fr\u00e5n och med torsdagen den 9.10.2025 m\u00e5ste du vid betalning via bank\u00f6verf\u00f6ring anv\u00e4nda Kyrkans Utlandshj\u00e4lps officiella namn <strong>Kirkon Ulkomaanapu sr.<\/strong> Om du anv\u00e4nder enbart namnet Kyrkans Utlandshj\u00e4lp kan banken p\u00e5peka mottagarens namn, \u00e4ven om kontonumren nedan \u00e4r korrekta.<\/p>\n\n\n\n<figure class=\"wp-block-table\"><table><tbody><tr><td>Nordea<\/td><td>FI33 1572 3000 5005 04<\/td><\/tr><tr><td>OP<\/td><td>FI33 5000 0120 4965 25<\/td><\/tr><tr><td>Danske Bank<\/td><td>FI02 8000 1800 2233 40<\/td><\/tr><tr><td>Aktia<\/td><td>FI19 4055 1220 0104 37<\/td><\/tr><tr><td>OmaSp<\/td><td>FI57 4108 0010 3019 20<\/td><\/tr><tr><td>\u00c5landsbanken<\/td><td>FI91 6601 0004 0036 46<\/td><\/tr><\/tbody><\/table><\/figure>\n\n\n\n<h2 class=\"wp-block-heading\">Insamlingstelefonen<\/h2>\n\n\n\n<ul class=\"wp-block-list\">\n<li><strong>Donera 5 \u20ac<\/strong> <\/li>\n<\/ul>\n\n\n\n<p>0600 9 5121 (5,15 e + lna)<\/p>\n\n\n\n<ul class=\"wp-block-list\">\n<li><strong>Donera 10 \u20ac<\/strong> <\/li>\n<\/ul>\n\n\n\n<p>0600 9 5122 (10,22 e + lna)<\/p>\n\n\n\n<ul class=\"wp-block-list\">\n<li><strong>Donera 15 \u20ac<\/strong> <\/li>\n<\/ul>\n\n\n\n<p>0600 9 5123 (15,54 e + lna)<\/p>\n\n\n\n<ul class=\"wp-block-list\">\n<li><strong>Donera 20 \u20ac<\/strong> <\/li>\n<\/ul>\n\n\n\n<p>0600 9 5124&nbsp; (20,36 e + lna)<\/p>\n","protected":false},"excerpt":{"rendered":"<p>Bist\u00e5ndskonton Fr\u00e5n och med torsdagen den 9.10.2025 m\u00e5ste du vid betalning via bank\u00f6verf\u00f6ring anv\u00e4nda Kyrkans Utlandshj\u00e4lps officiella namn Kirkon Ulkomaanapu sr. Om du anv\u00e4nder enbart namnet Kyrkans Utlandshj\u00e4lp kan banken p\u00e5peka mottagarens namn, \u00e4ven om kontonumren nedan \u00e4r korrekta. Nordea FI33 1572 3000 5005 04 OP FI33 5000 0120 4965 25 Danske Bank FI02 8000 [&hellip;]<\/p>\n","protected":false},"author":123,"featured_media":0,"parent":0,"menu_order":12,"comment_status":"closed","ping_status":"open","template":"","meta":{"_acf_changed":false,"_relevanssi_hide_post":"","_relevanssi_hide_content":"","_relevanssi_pin_for_all":"","_relevanssi_pin_keywords":"","_relevanssi_unpin_keywords":"","_relevanssi_related_keywords":"","_relevanssi_related_include_ids":"","_relevanssi_related_exclude_ids":"","_relevanssi_related_no_append":"","_relevanssi_related_not_related":"","_relevanssi_related_posts":"129197,121649,89500,121400,108131,121424","_relevanssi_noindex_reason":"","_improvement_type_select":"improve_an_existing","_thumb_yes_seoaic":false,"_frame_yes_seoaic":false,"seoaic_generate_description":"","seoaic_improve_instructions_prompt":"","seoaic_rollback_content_improvement":"","seoaic_idea_thumbnail_generator":"","thumbnail_generated":false,"thumbnail_generate_prompt":"","seoaic_article_description":"","footnotes":""},"class_list":["post-3507","page","type-page","status-publish","hentry"],"acf":[],"yoast_head":"<!-- This site is optimized with the Yoast SEO plugin v26.9 - https:\/\/yoast.com\/product\/yoast-seo-wordpress\/ -->\n<title>G\u00e5vonummer och kontonummer - Kyrkans Utlandshj\u00e4lp<\/title>\n<meta name=\"robots\" content=\"index, follow, max-snippet:-1, max-image-preview:large, max-video-preview:-1\" \/>\n<link rel=\"canonical\" href=\"https:\/\/www.kirkonulkomaanapu.fi\/sv\/gavonummer-och-kontonummer\/\" \/>\n<meta property=\"og:locale\" content=\"sv_SE\" \/>\n<meta property=\"og:type\" content=\"article\" \/>\n<meta property=\"og:title\" content=\"G\u00e5vonummer och kontonummer - Kyrkans Utlandshj\u00e4lp\" \/>\n<meta property=\"og:description\" content=\"Bist\u00e5ndskonton Fr\u00e5n och med torsdagen den 9.10.2025 m\u00e5ste du vid betalning via bank\u00f6verf\u00f6ring anv\u00e4nda Kyrkans Utlandshj\u00e4lps officiella namn Kirkon Ulkomaanapu sr. Om du anv\u00e4nder enbart namnet Kyrkans Utlandshj\u00e4lp kan banken p\u00e5peka mottagarens namn, \u00e4ven om kontonumren nedan \u00e4r korrekta. Nordea FI33 1572 3000 5005 04 OP FI33 5000 0120 4965 25 Danske Bank FI02 8000 [&hellip;]\" \/>\n<meta property=\"og:url\" content=\"https:\/\/www.kirkonulkomaanapu.fi\/sv\/gavonummer-och-kontonummer\/\" \/>\n<meta property=\"og:site_name\" content=\"Kyrkans Utlandshj\u00e4lp\" \/>\n<meta property=\"article:publisher\" content=\"https:\/\/www.facebook.com\/Ulkomaanapu\/\" \/>\n<meta property=\"article:modified_time\" content=\"2025-10-10T08:58:52+00:00\" \/>\n<meta property=\"og:image\" content=\"https:\/\/www.kirkonulkomaanapu.fi\/wp-content\/uploads\/2026\/02\/Kirkon-ulkomaanapu-logo.png\" \/>\n\t<meta property=\"og:image:width\" content=\"225\" \/>\n\t<meta property=\"og:image:height\" content=\"225\" \/>\n\t<meta property=\"og:image:type\" content=\"image\/png\" \/>\n<meta name=\"twitter:label1\" content=\"Ber\u00e4knad l\u00e4stid\" \/>\n\t<meta name=\"twitter:data1\" content=\"1 minut\" \/>\n<script type=\"application\/ld+json\" class=\"yoast-schema-graph\">{\"@context\":\"https:\/\/schema.org\",\"@graph\":[{\"@type\":\"WebPage\",\"@id\":\"https:\/\/www.kirkonulkomaanapu.fi\/sv\/gavonummer-och-kontonummer\/\",\"url\":\"https:\/\/www.kirkonulkomaanapu.fi\/sv\/gavonummer-och-kontonummer\/\",\"name\":\"G\u00e5vonummer och kontonummer - Kyrkans Utlandshj\u00e4lp\",\"isPartOf\":{\"@id\":\"https:\/\/www.kirkonulkomaanapu.fi\/#website\"},\"datePublished\":\"2014-04-08T08:39:06+00:00\",\"dateModified\":\"2025-10-10T08:58:52+00:00\",\"breadcrumb\":{\"@id\":\"https:\/\/www.kirkonulkomaanapu.fi\/sv\/gavonummer-och-kontonummer\/#breadcrumb\"},\"inLanguage\":\"sv-SE\",\"potentialAction\":[{\"@type\":\"ReadAction\",\"target\":[\"https:\/\/www.kirkonulkomaanapu.fi\/sv\/gavonummer-och-kontonummer\/\"]}]},{\"@type\":\"BreadcrumbList\",\"@id\":\"https:\/\/www.kirkonulkomaanapu.fi\/sv\/gavonummer-och-kontonummer\/#breadcrumb\",\"itemListElement\":[{\"@type\":\"ListItem\",\"position\":1,\"name\":\"Home\",\"item\":\"https:\/\/www.kirkonulkomaanapu.fi\/sv\/\"},{\"@type\":\"ListItem\",\"position\":2,\"name\":\"G\u00e5vonummer och kontonummer\"}]},{\"@type\":\"WebSite\",\"@id\":\"https:\/\/www.kirkonulkomaanapu.fi\/#website\",\"url\":\"https:\/\/www.kirkonulkomaanapu.fi\/\",\"name\":\"Kirkon Ulkomaanapu\",\"description\":\"Suomen suurin kehitysyhteisty\u00f6j\u00e4rjest\u00f6\",\"publisher\":{\"@id\":\"https:\/\/www.kirkonulkomaanapu.fi\/#organization\"},\"alternateName\":\"KUA\",\"potentialAction\":[{\"@type\":\"SearchAction\",\"target\":{\"@type\":\"EntryPoint\",\"urlTemplate\":\"https:\/\/www.kirkonulkomaanapu.fi\/?s={search_term_string}\"},\"query-input\":{\"@type\":\"PropertyValueSpecification\",\"valueRequired\":true,\"valueName\":\"search_term_string\"}}],\"inLanguage\":\"sv-SE\"},{\"@type\":\"Organization\",\"@id\":\"https:\/\/www.kirkonulkomaanapu.fi\/#organization\",\"name\":\"Kirkon Ulkomaanapu\",\"alternateName\":\"KUA\",\"url\":\"https:\/\/www.kirkonulkomaanapu.fi\/\",\"logo\":{\"@type\":\"ImageObject\",\"inLanguage\":\"sv-SE\",\"@id\":\"https:\/\/www.kirkonulkomaanapu.fi\/#\/schema\/logo\/image\/\",\"url\":\"https:\/\/www.kirkonulkomaanapu.fi\/wp-content\/uploads\/2026\/02\/Kirkon-ulkomaanapu-logo-1.png\",\"contentUrl\":\"https:\/\/www.kirkonulkomaanapu.fi\/wp-content\/uploads\/2026\/02\/Kirkon-ulkomaanapu-logo-1.png\",\"width\":225,\"height\":225,\"caption\":\"Kirkon Ulkomaanapu\"},\"image\":{\"@id\":\"https:\/\/www.kirkonulkomaanapu.fi\/#\/schema\/logo\/image\/\"},\"sameAs\":[\"https:\/\/www.facebook.com\/Ulkomaanapu\/\",\"https:\/\/www.youtube.com\/user\/kirkonulkomaanapu\",\"https:\/\/instagram.com\/kirkon_ulkomaanapu\/\",\"https:\/\/www.linkedin.com\/company\/finn-church-aid\/\"]}]}<\/script>\n<!-- \/ Yoast SEO plugin. -->","yoast_head_json":{"title":"G\u00e5vonummer och kontonummer - Kyrkans Utlandshj\u00e4lp","robots":{"index":"index","follow":"follow","max-snippet":"max-snippet:-1","max-image-preview":"max-image-preview:large","max-video-preview":"max-video-preview:-1"},"canonical":"https:\/\/www.kirkonulkomaanapu.fi\/sv\/gavonummer-och-kontonummer\/","og_locale":"sv_SE","og_type":"article","og_title":"G\u00e5vonummer och kontonummer - Kyrkans Utlandshj\u00e4lp","og_description":"Bist\u00e5ndskonton Fr\u00e5n och med torsdagen den 9.10.2025 m\u00e5ste du vid betalning via bank\u00f6verf\u00f6ring anv\u00e4nda Kyrkans Utlandshj\u00e4lps officiella namn Kirkon Ulkomaanapu sr. Om du anv\u00e4nder enbart namnet Kyrkans Utlandshj\u00e4lp kan banken p\u00e5peka mottagarens namn, \u00e4ven om kontonumren nedan \u00e4r korrekta. Nordea FI33 1572 3000 5005 04 OP FI33 5000 0120 4965 25 Danske Bank FI02 8000 [&hellip;]","og_url":"https:\/\/www.kirkonulkomaanapu.fi\/sv\/gavonummer-och-kontonummer\/","og_site_name":"Kyrkans Utlandshj\u00e4lp","article_publisher":"https:\/\/www.facebook.com\/Ulkomaanapu\/","article_modified_time":"2025-10-10T08:58:52+00:00","og_image":[{"width":225,"height":225,"url":"https:\/\/www.kirkonulkomaanapu.fi\/wp-content\/uploads\/2026\/02\/Kirkon-ulkomaanapu-logo.png","type":"image\/png"}],"twitter_misc":{"Ber\u00e4knad l\u00e4stid":"1 minut"},"schema":{"@context":"https:\/\/schema.org","@graph":[{"@type":"WebPage","@id":"https:\/\/www.kirkonulkomaanapu.fi\/sv\/gavonummer-och-kontonummer\/","url":"https:\/\/www.kirkonulkomaanapu.fi\/sv\/gavonummer-och-kontonummer\/","name":"G\u00e5vonummer och kontonummer - Kyrkans Utlandshj\u00e4lp","isPartOf":{"@id":"https:\/\/www.kirkonulkomaanapu.fi\/#website"},"datePublished":"2014-04-08T08:39:06+00:00","dateModified":"2025-10-10T08:58:52+00:00","breadcrumb":{"@id":"https:\/\/www.kirkonulkomaanapu.fi\/sv\/gavonummer-och-kontonummer\/#breadcrumb"},"inLanguage":"sv-SE","potentialAction":[{"@type":"ReadAction","target":["https:\/\/www.kirkonulkomaanapu.fi\/sv\/gavonummer-och-kontonummer\/"]}]},{"@type":"BreadcrumbList","@id":"https:\/\/www.kirkonulkomaanapu.fi\/sv\/gavonummer-och-kontonummer\/#breadcrumb","itemListElement":[{"@type":"ListItem","position":1,"name":"Home","item":"https:\/\/www.kirkonulkomaanapu.fi\/sv\/"},{"@type":"ListItem","position":2,"name":"G\u00e5vonummer och kontonummer"}]},{"@type":"WebSite","@id":"https:\/\/www.kirkonulkomaanapu.fi\/#website","url":"https:\/\/www.kirkonulkomaanapu.fi\/","name":"Kirkon Ulkomaanapu","description":"Suomen suurin kehitysyhteisty\u00f6j\u00e4rjest\u00f6","publisher":{"@id":"https:\/\/www.kirkonulkomaanapu.fi\/#organization"},"alternateName":"KUA","potentialAction":[{"@type":"SearchAction","target":{"@type":"EntryPoint","urlTemplate":"https:\/\/www.kirkonulkomaanapu.fi\/?s={search_term_string}"},"query-input":{"@type":"PropertyValueSpecification","valueRequired":true,"valueName":"search_term_string"}}],"inLanguage":"sv-SE"},{"@type":"Organization","@id":"https:\/\/www.kirkonulkomaanapu.fi\/#organization","name":"Kirkon Ulkomaanapu","alternateName":"KUA","url":"https:\/\/www.kirkonulkomaanapu.fi\/","logo":{"@type":"ImageObject","inLanguage":"sv-SE","@id":"https:\/\/www.kirkonulkomaanapu.fi\/#\/schema\/logo\/image\/","url":"https:\/\/www.kirkonulkomaanapu.fi\/wp-content\/uploads\/2026\/02\/Kirkon-ulkomaanapu-logo-1.png","contentUrl":"https:\/\/www.kirkonulkomaanapu.fi\/wp-content\/uploads\/2026\/02\/Kirkon-ulkomaanapu-logo-1.png","width":225,"height":225,"caption":"Kirkon Ulkomaanapu"},"image":{"@id":"https:\/\/www.kirkonulkomaanapu.fi\/#\/schema\/logo\/image\/"},"sameAs":["https:\/\/www.facebook.com\/Ulkomaanapu\/","https:\/\/www.youtube.com\/user\/kirkonulkomaanapu","https:\/\/instagram.com\/kirkon_ulkomaanapu\/","https:\/\/www.linkedin.com\/company\/finn-church-aid\/"]}]}},"_links":{"self":[{"href":"https:\/\/www.kirkonulkomaanapu.fi\/sv\/wp-json\/wp\/v2\/pages\/3507","targetHints":{"allow":["GET"]}}],"collection":[{"href":"https:\/\/www.kirkonulkomaanapu.fi\/sv\/wp-json\/wp\/v2\/pages"}],"about":[{"href":"https:\/\/www.kirkonulkomaanapu.fi\/sv\/wp-json\/wp\/v2\/types\/page"}],"author":[{"embeddable":true,"href":"https:\/\/www.kirkonulkomaanapu.fi\/sv\/wp-json\/wp\/v2\/users\/123"}],"replies":[{"embeddable":true,"href":"https:\/\/www.kirkonulkomaanapu.fi\/sv\/wp-json\/wp\/v2\/comments?post=3507"}],"version-history":[{"count":3,"href":"https:\/\/www.kirkonulkomaanapu.fi\/sv\/wp-json\/wp\/v2\/pages\/3507\/revisions"}],"predecessor-version":[{"id":157136,"href":"https:\/\/www.kirkonulkomaanapu.fi\/sv\/wp-json\/wp\/v2\/pages\/3507\/revisions\/157136"}],"wp:attachment":[{"href":"https:\/\/www.kirkonulkomaanapu.fi\/sv\/wp-json\/wp\/v2\/media?parent=3507"}],"curies":[{"name":"wp","href":"https:\/\/api.w.org\/{rel}","templated":true}]}}