{"id":3487,"date":"2014-04-08T11:34:18","date_gmt":"2014-04-08T08:34:18","guid":{"rendered":"https:\/\/www.kirkonulkomaanapu.fi\/?page_id=3487"},"modified":"2021-05-11T11:14:26","modified_gmt":"2021-05-11T08:14:26","slug":"snabbinsatsstrupperna","status":"publish","type":"page","link":"https:\/\/www.kirkonulkomaanapu.fi\/sv\/kom-med\/snabbinsatsstrupperna\/","title":{"rendered":"Snabbinsatsstrupperna"},"content":{"rendered":"<h1 class=\"is-style-brush\" ><span class=\"bg\">\n<span class=\"is-highlighted\">Snabb<\/span>insatsstrupperna\n<\/span><\/h1><h1 class=\"is-style-brush mobile\" ><span class=\"is-highlighted\"><span class=\"bg\">Snabb<\/span><\/span><span class=\"bg\">insatsstrupperna<\/span><\/h1>\n\n\n<p>Man kan hj\u00e4lpa katastrofoffer och n\u00f6dst\u00e4llda ute i v\u00e4rlden ocks\u00e5 i h\u00e4r hemma. Anslut dig till v\u00e5r reserv och var beredd att ge dig ut f\u00f6r att samla in pengar n\u00e4r en katastrof har intr\u00e4ffat. Insamlarna f\u00e5r en kort utbildning i humanitar hj\u00e4lp. Utbildningen ger en inblick i hur den humanit\u00e4ra hj\u00e4lpen fungerar och hur hj\u00e4lpen n\u00e5r fram i sv\u00e5ra f\u00f6rh\u00e5llanden.<\/p>\n\n\n\n<p>N\u00e4r en katastrof intr\u00e4ffar sammakallar vi insamlarna och ger dem den utbildning de beh\u00f6ver innan de beger sig ut p\u00e5 gatan.Ju flera insamlare vi har, desto flera m\u00e4nniskor kan vi hj\u00e4lpa.<\/p>\n\n\n\n<p><strong>Vem kan ansluta sig?<\/strong><\/p>\n\n\n\n<p>\u2022&nbsp;Du som vill l\u00e4ra dig mer om den humanit\u00e4ra hj\u00e4lpen och dess vardag<br>\u2022&nbsp;Du som vill ge av din tid till ett gott \u00e4ndam\u00e5l n\u00e4r behovet \u00e4r som st\u00f6rst och mest br\u00e5dskande<br>\u2022&nbsp;Du som inte kan f\u00f6rbinda dig till regelbundet frivilligarbete, men g\u00e4rna hj\u00e4lper n\u00e4r du kan<\/p>\n\n\n\n<p><a href=\"https:\/\/www.kirkonulkomaanapu.fi\/wp-content\/uploads\/2019\/03\/Anvisningar-f\u00f6r-katastrofinsamlingar-i-f\u00f6rsamlingen-2018.pdf\">B\u00f6ssinsamlingsanvisningar<\/a><\/p>\n\n\n\n<p>Kanske du vill bli en insamlare?<\/p>\n\n\n\n<p>Mera information om snabbinsatsstyrkorna ger v\u00e5r kundtj\u00e4nst, tel. 020 787 1201 , <a href=\"mailto:kundtjanst@kyrkansutlandshjalp.fi\">kundtjanst@kyrkansutlandshjalp.fi<\/a><\/p>\n","protected":false},"excerpt":{"rendered":"<p>Snabbinsatsstrupperna Snabbinsatsstrupperna Man kan hj\u00e4lpa katastrofoffer och n\u00f6dst\u00e4llda ute i v\u00e4rlden ocks\u00e5 i h\u00e4r hemma. Anslut dig till v\u00e5r reserv och var beredd att ge dig ut f\u00f6r att samla in pengar n\u00e4r en katastrof har intr\u00e4ffat. Insamlarna f\u00e5r en kort utbildning i humanitar hj\u00e4lp. Utbildningen ger en inblick i hur den humanit\u00e4ra hj\u00e4lpen fungerar [&hellip;]<\/p>\n","protected":false},"author":137,"featured_media":0,"parent":115277,"menu_order":0,"comment_status":"closed","ping_status":"open","template":"","meta":{"_acf_changed":false,"_relevanssi_hide_post":"","_relevanssi_hide_content":"","_relevanssi_pin_for_all":"","_relevanssi_pin_keywords":"","_relevanssi_unpin_keywords":"","_relevanssi_related_keywords":"","_relevanssi_related_include_ids":"","_relevanssi_related_exclude_ids":"","_relevanssi_related_no_append":"","_relevanssi_related_not_related":"","_relevanssi_related_posts":"63644,89500,108131","_relevanssi_noindex_reason":"","_improvement_type_select":"improve_an_existing","_thumb_yes_seoaic":false,"_frame_yes_seoaic":false,"seoaic_generate_description":"","seoaic_improve_instructions_prompt":"","seoaic_rollback_content_improvement":"","seoaic_idea_thumbnail_generator":"","thumbnail_generated":false,"thumbnail_generate_prompt":"","seoaic_article_description":"","footnotes":""},"class_list":["post-3487","page","type-page","status-publish","hentry"],"acf":[],"yoast_head":"<!-- This site is optimized with the Yoast SEO plugin v26.9 - https:\/\/yoast.com\/product\/yoast-seo-wordpress\/ -->\n<title>Snabbinsatsstrupperna - Kyrkans Utlandshj\u00e4lp<\/title>\n<meta name=\"robots\" content=\"index, follow, max-snippet:-1, max-image-preview:large, max-video-preview:-1\" \/>\n<link rel=\"canonical\" href=\"https:\/\/www.kirkonulkomaanapu.fi\/sv\/kom-med\/snabbinsatsstrupperna\/\" \/>\n<meta property=\"og:locale\" content=\"sv_SE\" \/>\n<meta property=\"og:type\" content=\"article\" \/>\n<meta property=\"og:title\" content=\"Snabbinsatsstrupperna - Kyrkans Utlandshj\u00e4lp\" \/>\n<meta property=\"og:description\" content=\"Snabbinsatsstrupperna Snabbinsatsstrupperna Man kan hj\u00e4lpa katastrofoffer och n\u00f6dst\u00e4llda ute i v\u00e4rlden ocks\u00e5 i h\u00e4r hemma. Anslut dig till v\u00e5r reserv och var beredd att ge dig ut f\u00f6r att samla in pengar n\u00e4r en katastrof har intr\u00e4ffat. Insamlarna f\u00e5r en kort utbildning i humanitar hj\u00e4lp. Utbildningen ger en inblick i hur den humanit\u00e4ra hj\u00e4lpen fungerar [&hellip;]\" \/>\n<meta property=\"og:url\" content=\"https:\/\/www.kirkonulkomaanapu.fi\/sv\/kom-med\/snabbinsatsstrupperna\/\" \/>\n<meta property=\"og:site_name\" content=\"Kyrkans Utlandshj\u00e4lp\" \/>\n<meta property=\"article:publisher\" content=\"https:\/\/www.facebook.com\/Ulkomaanapu\/\" \/>\n<meta property=\"article:modified_time\" content=\"2021-05-11T08:14:26+00:00\" \/>\n<meta property=\"og:image\" content=\"https:\/\/www.kirkonulkomaanapu.fi\/wp-content\/uploads\/2026\/02\/Kirkon-ulkomaanapu-logo.png\" \/>\n\t<meta property=\"og:image:width\" content=\"225\" \/>\n\t<meta property=\"og:image:height\" content=\"225\" \/>\n\t<meta property=\"og:image:type\" content=\"image\/png\" \/>\n<meta name=\"twitter:label1\" content=\"Ber\u00e4knad l\u00e4stid\" \/>\n\t<meta name=\"twitter:data1\" content=\"1 minut\" \/>\n<script type=\"application\/ld+json\" class=\"yoast-schema-graph\">{\"@context\":\"https:\/\/schema.org\",\"@graph\":[{\"@type\":\"WebPage\",\"@id\":\"https:\/\/www.kirkonulkomaanapu.fi\/sv\/kom-med\/snabbinsatsstrupperna\/\",\"url\":\"https:\/\/www.kirkonulkomaanapu.fi\/sv\/kom-med\/snabbinsatsstrupperna\/\",\"name\":\"Snabbinsatsstrupperna - Kyrkans Utlandshj\u00e4lp\",\"isPartOf\":{\"@id\":\"https:\/\/www.kirkonulkomaanapu.fi\/#website\"},\"datePublished\":\"2014-04-08T08:34:18+00:00\",\"dateModified\":\"2021-05-11T08:14:26+00:00\",\"breadcrumb\":{\"@id\":\"https:\/\/www.kirkonulkomaanapu.fi\/sv\/kom-med\/snabbinsatsstrupperna\/#breadcrumb\"},\"inLanguage\":\"sv-SE\",\"potentialAction\":[{\"@type\":\"ReadAction\",\"target\":[\"https:\/\/www.kirkonulkomaanapu.fi\/sv\/kom-med\/snabbinsatsstrupperna\/\"]}]},{\"@type\":\"BreadcrumbList\",\"@id\":\"https:\/\/www.kirkonulkomaanapu.fi\/sv\/kom-med\/snabbinsatsstrupperna\/#breadcrumb\",\"itemListElement\":[{\"@type\":\"ListItem\",\"position\":1,\"name\":\"Home\",\"item\":\"https:\/\/www.kirkonulkomaanapu.fi\/sv\/\"},{\"@type\":\"ListItem\",\"position\":2,\"name\":\"Kom med\",\"item\":\"https:\/\/www.kirkonulkomaanapu.fi\/sv\/kom-med\/\"},{\"@type\":\"ListItem\",\"position\":3,\"name\":\"Snabbinsatsstrupperna\"}]},{\"@type\":\"WebSite\",\"@id\":\"https:\/\/www.kirkonulkomaanapu.fi\/#website\",\"url\":\"https:\/\/www.kirkonulkomaanapu.fi\/\",\"name\":\"Kirkon Ulkomaanapu\",\"description\":\"Suomen suurin kehitysyhteisty\u00f6j\u00e4rjest\u00f6\",\"publisher\":{\"@id\":\"https:\/\/www.kirkonulkomaanapu.fi\/#organization\"},\"alternateName\":\"KUA\",\"potentialAction\":[{\"@type\":\"SearchAction\",\"target\":{\"@type\":\"EntryPoint\",\"urlTemplate\":\"https:\/\/www.kirkonulkomaanapu.fi\/?s={search_term_string}\"},\"query-input\":{\"@type\":\"PropertyValueSpecification\",\"valueRequired\":true,\"valueName\":\"search_term_string\"}}],\"inLanguage\":\"sv-SE\"},{\"@type\":\"Organization\",\"@id\":\"https:\/\/www.kirkonulkomaanapu.fi\/#organization\",\"name\":\"Kirkon Ulkomaanapu\",\"alternateName\":\"KUA\",\"url\":\"https:\/\/www.kirkonulkomaanapu.fi\/\",\"logo\":{\"@type\":\"ImageObject\",\"inLanguage\":\"sv-SE\",\"@id\":\"https:\/\/www.kirkonulkomaanapu.fi\/#\/schema\/logo\/image\/\",\"url\":\"https:\/\/www.kirkonulkomaanapu.fi\/wp-content\/uploads\/2026\/02\/Kirkon-ulkomaanapu-logo-1.png\",\"contentUrl\":\"https:\/\/www.kirkonulkomaanapu.fi\/wp-content\/uploads\/2026\/02\/Kirkon-ulkomaanapu-logo-1.png\",\"width\":225,\"height\":225,\"caption\":\"Kirkon Ulkomaanapu\"},\"image\":{\"@id\":\"https:\/\/www.kirkonulkomaanapu.fi\/#\/schema\/logo\/image\/\"},\"sameAs\":[\"https:\/\/www.facebook.com\/Ulkomaanapu\/\",\"https:\/\/www.youtube.com\/user\/kirkonulkomaanapu\",\"https:\/\/instagram.com\/kirkon_ulkomaanapu\/\",\"https:\/\/www.linkedin.com\/company\/finn-church-aid\/\"]}]}<\/script>\n<!-- \/ Yoast SEO plugin. -->","yoast_head_json":{"title":"Snabbinsatsstrupperna - Kyrkans Utlandshj\u00e4lp","robots":{"index":"index","follow":"follow","max-snippet":"max-snippet:-1","max-image-preview":"max-image-preview:large","max-video-preview":"max-video-preview:-1"},"canonical":"https:\/\/www.kirkonulkomaanapu.fi\/sv\/kom-med\/snabbinsatsstrupperna\/","og_locale":"sv_SE","og_type":"article","og_title":"Snabbinsatsstrupperna - Kyrkans Utlandshj\u00e4lp","og_description":"Snabbinsatsstrupperna Snabbinsatsstrupperna Man kan hj\u00e4lpa katastrofoffer och n\u00f6dst\u00e4llda ute i v\u00e4rlden ocks\u00e5 i h\u00e4r hemma. Anslut dig till v\u00e5r reserv och var beredd att ge dig ut f\u00f6r att samla in pengar n\u00e4r en katastrof har intr\u00e4ffat. Insamlarna f\u00e5r en kort utbildning i humanitar hj\u00e4lp. Utbildningen ger en inblick i hur den humanit\u00e4ra hj\u00e4lpen fungerar [&hellip;]","og_url":"https:\/\/www.kirkonulkomaanapu.fi\/sv\/kom-med\/snabbinsatsstrupperna\/","og_site_name":"Kyrkans Utlandshj\u00e4lp","article_publisher":"https:\/\/www.facebook.com\/Ulkomaanapu\/","article_modified_time":"2021-05-11T08:14:26+00:00","og_image":[{"width":225,"height":225,"url":"https:\/\/www.kirkonulkomaanapu.fi\/wp-content\/uploads\/2026\/02\/Kirkon-ulkomaanapu-logo.png","type":"image\/png"}],"twitter_misc":{"Ber\u00e4knad l\u00e4stid":"1 minut"},"schema":{"@context":"https:\/\/schema.org","@graph":[{"@type":"WebPage","@id":"https:\/\/www.kirkonulkomaanapu.fi\/sv\/kom-med\/snabbinsatsstrupperna\/","url":"https:\/\/www.kirkonulkomaanapu.fi\/sv\/kom-med\/snabbinsatsstrupperna\/","name":"Snabbinsatsstrupperna - Kyrkans Utlandshj\u00e4lp","isPartOf":{"@id":"https:\/\/www.kirkonulkomaanapu.fi\/#website"},"datePublished":"2014-04-08T08:34:18+00:00","dateModified":"2021-05-11T08:14:26+00:00","breadcrumb":{"@id":"https:\/\/www.kirkonulkomaanapu.fi\/sv\/kom-med\/snabbinsatsstrupperna\/#breadcrumb"},"inLanguage":"sv-SE","potentialAction":[{"@type":"ReadAction","target":["https:\/\/www.kirkonulkomaanapu.fi\/sv\/kom-med\/snabbinsatsstrupperna\/"]}]},{"@type":"BreadcrumbList","@id":"https:\/\/www.kirkonulkomaanapu.fi\/sv\/kom-med\/snabbinsatsstrupperna\/#breadcrumb","itemListElement":[{"@type":"ListItem","position":1,"name":"Home","item":"https:\/\/www.kirkonulkomaanapu.fi\/sv\/"},{"@type":"ListItem","position":2,"name":"Kom med","item":"https:\/\/www.kirkonulkomaanapu.fi\/sv\/kom-med\/"},{"@type":"ListItem","position":3,"name":"Snabbinsatsstrupperna"}]},{"@type":"WebSite","@id":"https:\/\/www.kirkonulkomaanapu.fi\/#website","url":"https:\/\/www.kirkonulkomaanapu.fi\/","name":"Kirkon Ulkomaanapu","description":"Suomen suurin kehitysyhteisty\u00f6j\u00e4rjest\u00f6","publisher":{"@id":"https:\/\/www.kirkonulkomaanapu.fi\/#organization"},"alternateName":"KUA","potentialAction":[{"@type":"SearchAction","target":{"@type":"EntryPoint","urlTemplate":"https:\/\/www.kirkonulkomaanapu.fi\/?s={search_term_string}"},"query-input":{"@type":"PropertyValueSpecification","valueRequired":true,"valueName":"search_term_string"}}],"inLanguage":"sv-SE"},{"@type":"Organization","@id":"https:\/\/www.kirkonulkomaanapu.fi\/#organization","name":"Kirkon Ulkomaanapu","alternateName":"KUA","url":"https:\/\/www.kirkonulkomaanapu.fi\/","logo":{"@type":"ImageObject","inLanguage":"sv-SE","@id":"https:\/\/www.kirkonulkomaanapu.fi\/#\/schema\/logo\/image\/","url":"https:\/\/www.kirkonulkomaanapu.fi\/wp-content\/uploads\/2026\/02\/Kirkon-ulkomaanapu-logo-1.png","contentUrl":"https:\/\/www.kirkonulkomaanapu.fi\/wp-content\/uploads\/2026\/02\/Kirkon-ulkomaanapu-logo-1.png","width":225,"height":225,"caption":"Kirkon Ulkomaanapu"},"image":{"@id":"https:\/\/www.kirkonulkomaanapu.fi\/#\/schema\/logo\/image\/"},"sameAs":["https:\/\/www.facebook.com\/Ulkomaanapu\/","https:\/\/www.youtube.com\/user\/kirkonulkomaanapu","https:\/\/instagram.com\/kirkon_ulkomaanapu\/","https:\/\/www.linkedin.com\/company\/finn-church-aid\/"]}]}},"_links":{"self":[{"href":"https:\/\/www.kirkonulkomaanapu.fi\/sv\/wp-json\/wp\/v2\/pages\/3487","targetHints":{"allow":["GET"]}}],"collection":[{"href":"https:\/\/www.kirkonulkomaanapu.fi\/sv\/wp-json\/wp\/v2\/pages"}],"about":[{"href":"https:\/\/www.kirkonulkomaanapu.fi\/sv\/wp-json\/wp\/v2\/types\/page"}],"author":[{"embeddable":true,"href":"https:\/\/www.kirkonulkomaanapu.fi\/sv\/wp-json\/wp\/v2\/users\/137"}],"replies":[{"embeddable":true,"href":"https:\/\/www.kirkonulkomaanapu.fi\/sv\/wp-json\/wp\/v2\/comments?post=3487"}],"version-history":[{"count":3,"href":"https:\/\/www.kirkonulkomaanapu.fi\/sv\/wp-json\/wp\/v2\/pages\/3487\/revisions"}],"predecessor-version":[{"id":117786,"href":"https:\/\/www.kirkonulkomaanapu.fi\/sv\/wp-json\/wp\/v2\/pages\/3487\/revisions\/117786"}],"up":[{"embeddable":true,"href":"https:\/\/www.kirkonulkomaanapu.fi\/sv\/wp-json\/wp\/v2\/pages\/115277"}],"wp:attachment":[{"href":"https:\/\/www.kirkonulkomaanapu.fi\/sv\/wp-json\/wp\/v2\/media?parent=3487"}],"curies":[{"name":"wp","href":"https:\/\/api.w.org\/{rel}","templated":true}]}}