{"id":3473,"date":"2014-03-27T10:51:46","date_gmt":"2014-03-27T08:51:46","guid":{"rendered":"https:\/\/www.kirkonulkomaanapu.fi\/?page_id=3473"},"modified":"2025-06-02T09:00:46","modified_gmt":"2025-06-02T06:00:46","slug":"understod-och-gavor","status":"publish","type":"page","link":"https:\/\/www.kirkonulkomaanapu.fi\/sv\/kontakt\/understod-och-gavor\/","title":{"rendered":"Underst\u00f6d och donationer"},"content":{"rendered":"<p>Vi hj\u00e4lper dig g\u00e4rna i alla fr\u00e5gor om underst\u00f6d och donationer. Du n\u00e5r oss s\u00e4krast genom att ringa eller skicka e-post.<\/p>\n<p><strong>Telefon:<\/strong> 020 787 1201 (m\u00e5\u2013fr 11\u201312)<br \/>\n<strong>E-post: <\/strong>kundtjanst (at) kyrkansutlandshjalp.fi<br \/>\n<strong>Per post:<\/strong> Kyrkans Utlandshj\u00e4lp, PB 210, 00131 Helsingfors<\/p>\n<p>(Samtalspriser: Fr\u00e5n fasta och mobiltelefonn\u00e4tet 8,35 cent\/samtal + 16,69 cent\/min.)<\/p>\n<p><strong>F\u00f6r\u00e4ndrade adressuppgifter:<\/strong> Var v\u00e4nlig och meddela oss dina nya kontaktuppgifter per e-post eller telefon.<\/p>\n<p><strong>Nytt kontonummer:<\/strong> Genom att betala med e-faktura kan du bli m\u00e5nadsgivare genom att leta upp oss bland fakturautst\u00e4llarna. Skriv in i rutan samma referensnummer som du tidigare anv\u00e4nt vid betalning av underst\u00f6d med e-faktura. Om du \u00f6nskar anv\u00e4nda direktbetalning, var v\u00e4nlig och kontakta v\u00e5r underst\u00f6dstj\u00e4nst s\u00e5 skickar vi en ny betalningsblankett f\u00f6r underskrift.<\/p>\n<p><strong>\u00c4ndra m\u00e5nadsgivandet<\/strong>: Vill du h\u00f6ja ditt underst\u00f6d eller \u00e4ndra det s\u00e5 att den passar dig b\u00e4ttre? Blanketten f\u00f6r m\u00e5nadsgivandet hittar du <a href=\"https:\/\/www.kirkonulkomaanapu.fi\/sv\/ge-en-gava\/understod-och-gavor\/andring-av-manadsgavan\/\">h\u00e4r.<\/a><\/p>\n<p><strong>Aktuella insamlingar:<\/strong> Vill du f\u00e5 information om v\u00e5ra aktuella insamlingar? Anslut dig till s\u00e4ndlistan <a href=\"https:\/\/www.kirkonulkomaanapu.fi\/sv\/ge-en-gava\/understod-och-gavor\/aktuella-insamlingar\/\">h\u00e4r.<\/a><\/p>\n<p>&nbsp;<\/p>\n","protected":false},"excerpt":{"rendered":"<p>Vi hj\u00e4lper dig g\u00e4rna i alla fr\u00e5gor om underst\u00f6d och donationer. Du n\u00e5r oss s\u00e4krast genom att ringa eller skicka e-post. Telefon: 020 787 1201 (m\u00e5\u2013fr 11\u201312) E-post: kundtjanst (at) kyrkansutlandshjalp.fi Per post: Kyrkans Utlandshj\u00e4lp, PB 210, 00131 Helsingfors (Samtalspriser: Fr\u00e5n fasta och mobiltelefonn\u00e4tet 8,35 cent\/samtal + 16,69 cent\/min.) F\u00f6r\u00e4ndrade adressuppgifter: Var v\u00e4nlig och meddela [&hellip;]<\/p>\n","protected":false},"author":78,"featured_media":0,"parent":115180,"menu_order":100,"comment_status":"closed","ping_status":"open","template":"page-templates\/osallistu.php","meta":{"_acf_changed":false,"_relevanssi_hide_post":"","_relevanssi_hide_content":"","_relevanssi_pin_for_all":"","_relevanssi_pin_keywords":"","_relevanssi_unpin_keywords":"","_relevanssi_related_keywords":"","_relevanssi_related_include_ids":"","_relevanssi_related_exclude_ids":"","_relevanssi_related_no_append":"","_relevanssi_related_not_related":"","_relevanssi_related_posts":"","_relevanssi_noindex_reason":"","_improvement_type_select":"improve_an_existing","_thumb_yes_seoaic":false,"_frame_yes_seoaic":false,"seoaic_generate_description":"","seoaic_improve_instructions_prompt":"","seoaic_rollback_content_improvement":"","seoaic_idea_thumbnail_generator":"","thumbnail_generated":false,"thumbnail_generate_prompt":"","seoaic_article_description":"","footnotes":""},"class_list":["post-3473","page","type-page","status-publish","hentry"],"acf":[],"yoast_head":"<!-- This site is optimized with the Yoast SEO plugin v26.9 - https:\/\/yoast.com\/product\/yoast-seo-wordpress\/ -->\n<title>Underst\u00f6d och donationer - Kyrkans Utlandshj\u00e4lp<\/title>\n<meta name=\"robots\" content=\"index, follow, max-snippet:-1, max-image-preview:large, max-video-preview:-1\" \/>\n<link rel=\"canonical\" href=\"https:\/\/www.kirkonulkomaanapu.fi\/sv\/kontakt\/understod-och-gavor\/\" \/>\n<meta property=\"og:locale\" content=\"sv_SE\" \/>\n<meta property=\"og:type\" content=\"article\" \/>\n<meta property=\"og:title\" content=\"Underst\u00f6d och donationer - Kyrkans Utlandshj\u00e4lp\" \/>\n<meta property=\"og:description\" content=\"Vi hj\u00e4lper dig g\u00e4rna i alla fr\u00e5gor om underst\u00f6d och donationer. Du n\u00e5r oss s\u00e4krast genom att ringa eller skicka e-post. Telefon: 020 787 1201 (m\u00e5\u2013fr 11\u201312) E-post: kundtjanst (at) kyrkansutlandshjalp.fi Per post: Kyrkans Utlandshj\u00e4lp, PB 210, 00131 Helsingfors (Samtalspriser: Fr\u00e5n fasta och mobiltelefonn\u00e4tet 8,35 cent\/samtal + 16,69 cent\/min.) F\u00f6r\u00e4ndrade adressuppgifter: Var v\u00e4nlig och meddela [&hellip;]\" \/>\n<meta property=\"og:url\" content=\"https:\/\/www.kirkonulkomaanapu.fi\/sv\/kontakt\/understod-och-gavor\/\" \/>\n<meta property=\"og:site_name\" content=\"Kyrkans Utlandshj\u00e4lp\" \/>\n<meta property=\"article:publisher\" content=\"https:\/\/www.facebook.com\/Ulkomaanapu\/\" \/>\n<meta property=\"article:modified_time\" content=\"2025-06-02T06:00:46+00:00\" \/>\n<meta property=\"og:image\" content=\"https:\/\/www.kirkonulkomaanapu.fi\/wp-content\/uploads\/2026\/02\/Kirkon-ulkomaanapu-logo.png\" \/>\n\t<meta property=\"og:image:width\" content=\"225\" \/>\n\t<meta property=\"og:image:height\" content=\"225\" \/>\n\t<meta property=\"og:image:type\" content=\"image\/png\" \/>\n<meta name=\"twitter:label1\" content=\"Ber\u00e4knad l\u00e4stid\" \/>\n\t<meta name=\"twitter:data1\" content=\"1 minut\" \/>\n<script type=\"application\/ld+json\" class=\"yoast-schema-graph\">{\"@context\":\"https:\/\/schema.org\",\"@graph\":[{\"@type\":\"WebPage\",\"@id\":\"https:\/\/www.kirkonulkomaanapu.fi\/sv\/kontakt\/understod-och-gavor\/\",\"url\":\"https:\/\/www.kirkonulkomaanapu.fi\/sv\/kontakt\/understod-och-gavor\/\",\"name\":\"Underst\u00f6d och donationer - Kyrkans Utlandshj\u00e4lp\",\"isPartOf\":{\"@id\":\"https:\/\/www.kirkonulkomaanapu.fi\/#website\"},\"datePublished\":\"2014-03-27T08:51:46+00:00\",\"dateModified\":\"2025-06-02T06:00:46+00:00\",\"breadcrumb\":{\"@id\":\"https:\/\/www.kirkonulkomaanapu.fi\/sv\/kontakt\/understod-och-gavor\/#breadcrumb\"},\"inLanguage\":\"sv-SE\",\"potentialAction\":[{\"@type\":\"ReadAction\",\"target\":[\"https:\/\/www.kirkonulkomaanapu.fi\/sv\/kontakt\/understod-och-gavor\/\"]}]},{\"@type\":\"BreadcrumbList\",\"@id\":\"https:\/\/www.kirkonulkomaanapu.fi\/sv\/kontakt\/understod-och-gavor\/#breadcrumb\",\"itemListElement\":[{\"@type\":\"ListItem\",\"position\":1,\"name\":\"Home\",\"item\":\"https:\/\/www.kirkonulkomaanapu.fi\/sv\/\"},{\"@type\":\"ListItem\",\"position\":2,\"name\":\"Kontakt\",\"item\":\"https:\/\/www.kirkonulkomaanapu.fi\/sv\/kontakt\/\"},{\"@type\":\"ListItem\",\"position\":3,\"name\":\"Underst\u00f6d och donationer\"}]},{\"@type\":\"WebSite\",\"@id\":\"https:\/\/www.kirkonulkomaanapu.fi\/#website\",\"url\":\"https:\/\/www.kirkonulkomaanapu.fi\/\",\"name\":\"Kirkon Ulkomaanapu\",\"description\":\"Suomen suurin kehitysyhteisty\u00f6j\u00e4rjest\u00f6\",\"publisher\":{\"@id\":\"https:\/\/www.kirkonulkomaanapu.fi\/#organization\"},\"alternateName\":\"KUA\",\"potentialAction\":[{\"@type\":\"SearchAction\",\"target\":{\"@type\":\"EntryPoint\",\"urlTemplate\":\"https:\/\/www.kirkonulkomaanapu.fi\/?s={search_term_string}\"},\"query-input\":{\"@type\":\"PropertyValueSpecification\",\"valueRequired\":true,\"valueName\":\"search_term_string\"}}],\"inLanguage\":\"sv-SE\"},{\"@type\":\"Organization\",\"@id\":\"https:\/\/www.kirkonulkomaanapu.fi\/#organization\",\"name\":\"Kirkon Ulkomaanapu\",\"alternateName\":\"KUA\",\"url\":\"https:\/\/www.kirkonulkomaanapu.fi\/\",\"logo\":{\"@type\":\"ImageObject\",\"inLanguage\":\"sv-SE\",\"@id\":\"https:\/\/www.kirkonulkomaanapu.fi\/#\/schema\/logo\/image\/\",\"url\":\"https:\/\/www.kirkonulkomaanapu.fi\/wp-content\/uploads\/2026\/02\/Kirkon-ulkomaanapu-logo-1.png\",\"contentUrl\":\"https:\/\/www.kirkonulkomaanapu.fi\/wp-content\/uploads\/2026\/02\/Kirkon-ulkomaanapu-logo-1.png\",\"width\":225,\"height\":225,\"caption\":\"Kirkon Ulkomaanapu\"},\"image\":{\"@id\":\"https:\/\/www.kirkonulkomaanapu.fi\/#\/schema\/logo\/image\/\"},\"sameAs\":[\"https:\/\/www.facebook.com\/Ulkomaanapu\/\",\"https:\/\/www.youtube.com\/user\/kirkonulkomaanapu\",\"https:\/\/instagram.com\/kirkon_ulkomaanapu\/\",\"https:\/\/www.linkedin.com\/company\/finn-church-aid\/\"]}]}<\/script>\n<!-- \/ Yoast SEO plugin. -->","yoast_head_json":{"title":"Underst\u00f6d och donationer - Kyrkans Utlandshj\u00e4lp","robots":{"index":"index","follow":"follow","max-snippet":"max-snippet:-1","max-image-preview":"max-image-preview:large","max-video-preview":"max-video-preview:-1"},"canonical":"https:\/\/www.kirkonulkomaanapu.fi\/sv\/kontakt\/understod-och-gavor\/","og_locale":"sv_SE","og_type":"article","og_title":"Underst\u00f6d och donationer - Kyrkans Utlandshj\u00e4lp","og_description":"Vi hj\u00e4lper dig g\u00e4rna i alla fr\u00e5gor om underst\u00f6d och donationer. Du n\u00e5r oss s\u00e4krast genom att ringa eller skicka e-post. Telefon: 020 787 1201 (m\u00e5\u2013fr 11\u201312) E-post: kundtjanst (at) kyrkansutlandshjalp.fi Per post: Kyrkans Utlandshj\u00e4lp, PB 210, 00131 Helsingfors (Samtalspriser: Fr\u00e5n fasta och mobiltelefonn\u00e4tet 8,35 cent\/samtal + 16,69 cent\/min.) F\u00f6r\u00e4ndrade adressuppgifter: Var v\u00e4nlig och meddela [&hellip;]","og_url":"https:\/\/www.kirkonulkomaanapu.fi\/sv\/kontakt\/understod-och-gavor\/","og_site_name":"Kyrkans Utlandshj\u00e4lp","article_publisher":"https:\/\/www.facebook.com\/Ulkomaanapu\/","article_modified_time":"2025-06-02T06:00:46+00:00","og_image":[{"width":225,"height":225,"url":"https:\/\/www.kirkonulkomaanapu.fi\/wp-content\/uploads\/2026\/02\/Kirkon-ulkomaanapu-logo.png","type":"image\/png"}],"twitter_misc":{"Ber\u00e4knad l\u00e4stid":"1 minut"},"schema":{"@context":"https:\/\/schema.org","@graph":[{"@type":"WebPage","@id":"https:\/\/www.kirkonulkomaanapu.fi\/sv\/kontakt\/understod-och-gavor\/","url":"https:\/\/www.kirkonulkomaanapu.fi\/sv\/kontakt\/understod-och-gavor\/","name":"Underst\u00f6d och donationer - Kyrkans Utlandshj\u00e4lp","isPartOf":{"@id":"https:\/\/www.kirkonulkomaanapu.fi\/#website"},"datePublished":"2014-03-27T08:51:46+00:00","dateModified":"2025-06-02T06:00:46+00:00","breadcrumb":{"@id":"https:\/\/www.kirkonulkomaanapu.fi\/sv\/kontakt\/understod-och-gavor\/#breadcrumb"},"inLanguage":"sv-SE","potentialAction":[{"@type":"ReadAction","target":["https:\/\/www.kirkonulkomaanapu.fi\/sv\/kontakt\/understod-och-gavor\/"]}]},{"@type":"BreadcrumbList","@id":"https:\/\/www.kirkonulkomaanapu.fi\/sv\/kontakt\/understod-och-gavor\/#breadcrumb","itemListElement":[{"@type":"ListItem","position":1,"name":"Home","item":"https:\/\/www.kirkonulkomaanapu.fi\/sv\/"},{"@type":"ListItem","position":2,"name":"Kontakt","item":"https:\/\/www.kirkonulkomaanapu.fi\/sv\/kontakt\/"},{"@type":"ListItem","position":3,"name":"Underst\u00f6d och donationer"}]},{"@type":"WebSite","@id":"https:\/\/www.kirkonulkomaanapu.fi\/#website","url":"https:\/\/www.kirkonulkomaanapu.fi\/","name":"Kirkon Ulkomaanapu","description":"Suomen suurin kehitysyhteisty\u00f6j\u00e4rjest\u00f6","publisher":{"@id":"https:\/\/www.kirkonulkomaanapu.fi\/#organization"},"alternateName":"KUA","potentialAction":[{"@type":"SearchAction","target":{"@type":"EntryPoint","urlTemplate":"https:\/\/www.kirkonulkomaanapu.fi\/?s={search_term_string}"},"query-input":{"@type":"PropertyValueSpecification","valueRequired":true,"valueName":"search_term_string"}}],"inLanguage":"sv-SE"},{"@type":"Organization","@id":"https:\/\/www.kirkonulkomaanapu.fi\/#organization","name":"Kirkon Ulkomaanapu","alternateName":"KUA","url":"https:\/\/www.kirkonulkomaanapu.fi\/","logo":{"@type":"ImageObject","inLanguage":"sv-SE","@id":"https:\/\/www.kirkonulkomaanapu.fi\/#\/schema\/logo\/image\/","url":"https:\/\/www.kirkonulkomaanapu.fi\/wp-content\/uploads\/2026\/02\/Kirkon-ulkomaanapu-logo-1.png","contentUrl":"https:\/\/www.kirkonulkomaanapu.fi\/wp-content\/uploads\/2026\/02\/Kirkon-ulkomaanapu-logo-1.png","width":225,"height":225,"caption":"Kirkon Ulkomaanapu"},"image":{"@id":"https:\/\/www.kirkonulkomaanapu.fi\/#\/schema\/logo\/image\/"},"sameAs":["https:\/\/www.facebook.com\/Ulkomaanapu\/","https:\/\/www.youtube.com\/user\/kirkonulkomaanapu","https:\/\/instagram.com\/kirkon_ulkomaanapu\/","https:\/\/www.linkedin.com\/company\/finn-church-aid\/"]}]}},"_links":{"self":[{"href":"https:\/\/www.kirkonulkomaanapu.fi\/sv\/wp-json\/wp\/v2\/pages\/3473","targetHints":{"allow":["GET"]}}],"collection":[{"href":"https:\/\/www.kirkonulkomaanapu.fi\/sv\/wp-json\/wp\/v2\/pages"}],"about":[{"href":"https:\/\/www.kirkonulkomaanapu.fi\/sv\/wp-json\/wp\/v2\/types\/page"}],"author":[{"embeddable":true,"href":"https:\/\/www.kirkonulkomaanapu.fi\/sv\/wp-json\/wp\/v2\/users\/78"}],"replies":[{"embeddable":true,"href":"https:\/\/www.kirkonulkomaanapu.fi\/sv\/wp-json\/wp\/v2\/comments?post=3473"}],"version-history":[{"count":5,"href":"https:\/\/www.kirkonulkomaanapu.fi\/sv\/wp-json\/wp\/v2\/pages\/3473\/revisions"}],"predecessor-version":[{"id":155192,"href":"https:\/\/www.kirkonulkomaanapu.fi\/sv\/wp-json\/wp\/v2\/pages\/3473\/revisions\/155192"}],"up":[{"embeddable":true,"href":"https:\/\/www.kirkonulkomaanapu.fi\/sv\/wp-json\/wp\/v2\/pages\/115180"}],"wp:attachment":[{"href":"https:\/\/www.kirkonulkomaanapu.fi\/sv\/wp-json\/wp\/v2\/media?parent=3473"}],"curies":[{"name":"wp","href":"https:\/\/api.w.org\/{rel}","templated":true}]}}