{"id":3303,"date":"2014-04-07T13:30:13","date_gmt":"2014-04-07T10:30:13","guid":{"rendered":"https:\/\/www.kirkonulkomaanapu.fi\/?page_id=3303"},"modified":"2026-03-31T13:36:16","modified_gmt":"2026-03-31T10:36:16","slug":"paverkansarbetet","status":"publish","type":"page","link":"https:\/\/www.kirkonulkomaanapu.fi\/sv\/vart-arbete\/paverkansarbetet\/","title":{"rendered":"P\u00e5verkansarbetet"},"content":{"rendered":"\n\n\n<div class=\"block-hero full-width id-block\" style=\"background-image: url('https:\/\/www.kirkonulkomaanapu.fi\/wp-content\/uploads\/2021\/05\/Rauhantyo-scaled.jpg');\">\n\n\t<div class=\"bg-mobile\" style=\"background-image: url('https:\/\/www.kirkonulkomaanapu.fi\/wp-content\/uploads\/2021\/05\/Rauhantyo-1024x683.jpg');\"><\/div>\n\n\t\n\t<div class=\"curtain\"><\/div>\n\n\t<div class=\"container\">\n\t\t<div class=\"row\">\n\t\t\t<div class=\"col\">\n\t\t\t\t<div class=\"inner-blocks entry-content\">\n\t\t\t\t\t\t\t\t\t\t\t\n<h1 class=\"is-style-brush\" ><span class=\"bg\">\nP\u00e5verkans<span class=\"is-highlighted\">arbetet<\/span>\n<\/span><\/h1><h1 class=\"is-style-brush mobile\" ><span class=\"bg\">P\u00e5verkans<span class=\"is-highlighted\">arbetet<\/span><\/span><\/h1>\n\n\n<p><\/p>\n\n\n\t\t\t\t\t\t\t\t\t<\/div>\n\t\t\t<\/div>\n\t\t<\/div>\n\t<\/div>\n<\/div>\n\n\n<div class=\"subpage-navigation id-block full-width\">\n    <div class=\"container-lg\">\n        <div class=\"row\">\n            <div class=\"col\">\n                <ul class=\"pages\">\n                                        <li class=\"page ancestor\">\n                        <a href=\"https:\/\/www.kirkonulkomaanapu.fi\/sv\/vart-arbete\/\">V\u00e5rt arbete<\/a>\n                    <\/li>\n                    \n                                        <li class=\"page\">\n                        <a href=\"https:\/\/www.kirkonulkomaanapu.fi\/sv\/vart-arbete\/humanitart-bistand\/\">Humanit\u00e4rt bist\u00e5nd<\/a>\n                    <\/li>\n                                        <li class=\"page current\">\n                        <a href=\"https:\/\/www.kirkonulkomaanapu.fi\/sv\/vart-arbete\/paverkansarbetet\/\">P\u00e5verkansarbetet<\/a>\n                    <\/li>\n                                        <li class=\"page\">\n                        <a href=\"https:\/\/www.kirkonulkomaanapu.fi\/sv\/vart-arbete\/utvecklingssamarbetet\/\">Utvecklingssamarbetet<\/a>\n                    <\/li>\n                                    <\/ul>\n            <\/div>\n        <\/div>\n    <\/div>\n<\/div>\n\n\n\n\n\n\n<p class=\"lead\">V\u00e5rt p\u00e5verkansarbete fr\u00e4mjar de mest utsatta m\u00e4nniskornas r\u00e4tt till h\u00f6gklassig utbildning, utkomst och fred. V\u00e5rt m\u00e5l \u00e4r att \u00e4ndra verksamhetss\u00e4tt, attityder och lagar s\u00e5 att de st\u00f6djer h\u00e5llbar utveckling och j\u00e4mlikhet.<\/p>\n\n\n\n<p>Vid sidan om utvecklingssamarbete, humanit\u00e4rt bist\u00e5nd och investeringar kr\u00e4vs p\u00e5verkansarbete f\u00f6r att f\u00e5 till st\u00e5nd en best\u00e5ende f\u00f6r\u00e4ndring. Med p\u00e5verkansarbetet str\u00e4var vi efter att eliminera strukturer som skapar och uppr\u00e4tth\u00e5ller fattigdom, konflikter och or\u00e4ttvisor.<\/p>\n\n\n\n<h2 class=\"wp-block-heading\">P\u00e5verkansarbetet g\u00f6rs i Finland och globalt<\/h2>\n\n\n\n<p>Vi g\u00f6r p\u00e5verkansarbete i v\u00e5ra landsprogram, p\u00e5 internationell niv\u00e5 och i Finland. I v\u00e5r verksamhet str\u00e4var vi efter att st\u00f6da lokala p\u00e5verkansprojekt i samarbete med medborgare, medborgarorganisationer och n\u00e4tverk.<\/p>\n\n\n\n<p>I praktiken kan p\u00e5verkansarbetet inneb\u00e4ra att till exempel tr\u00e4ffa beslutsfattare, ordna utbildningar, f\u00f6ra samman olika akt\u00f6rer eller att st\u00f6da v\u00e4xelverkan mellan medborgare och makthavare.<\/p>\n\n\n\n<h2 class=\"wp-block-heading\">F\u00f6rst\u00e4rka de lokala r\u00f6sterna<\/h2>\n\n\n\n<p>Lokala beslut fattas ocks\u00e5 p\u00e5 internationell niv\u00e5. Vi str\u00e4var efter att lyfta fram lokala r\u00f6ster till exempel n\u00e4r vi tr\u00e4ffar akt\u00f6rer fr\u00e5n EU och FN. Det internationella p\u00e5verkansarbetet handlar om att f\u00f6rmedla information mellan olika akt\u00f6rer. KUH deltar ocks\u00e5 aktivt i den finl\u00e4ndska politiska debatten \u2013 framf\u00f6rallt d\u00e5 n\u00e4r besluten i Finland p\u00e5verkar m\u00e4nniskor\u00e4ttsfr\u00e5gor p\u00e5 v\u00e5ra arbetsomr\u00e5den.<\/p>\n\n\n\n<p>Vi vill m\u00f6jligg\u00f6ra framf\u00f6rallt kvinnors, ungas och minoriteters samt religi\u00f6sa och traditionella ledares delaktighet i beslutsfattandet.<\/p>\n\n\n\n<h2 class=\"wp-block-heading\">Vi fr\u00e4mjar m\u00e4nskliga r\u00e4ttigheter<\/h2>\n\n\n\n<p>Vi fr\u00e4mjar f\u00f6rverkligandet av m\u00e4nskliga r\u00e4ttigheter genom att st\u00f6da lokala kvinnoorganisationer, lokalsamh\u00e4llen, religi\u00f6sa och traditionella ledare samt andra akt\u00f6rer som arbetar f\u00f6r m\u00e4nskliga r\u00e4ttigheter.<\/p>\n","protected":false},"excerpt":{"rendered":"<p>V\u00e5rt p\u00e5verkansarbete fr\u00e4mjar de mest utsatta m\u00e4nniskornas r\u00e4tt till h\u00f6gklassig utbildning, utkomst och fred. V\u00e5rt m\u00e5l \u00e4r att \u00e4ndra verksamhetss\u00e4tt, attityder och lagar s\u00e5 att de st\u00f6djer h\u00e5llbar utveckling och j\u00e4mlikhet. Vid sidan om utvecklingssamarbete, humanit\u00e4rt bist\u00e5nd och investeringar kr\u00e4vs p\u00e5verkansarbete f\u00f6r att f\u00e5 till st\u00e5nd en best\u00e5ende f\u00f6r\u00e4ndring. Med p\u00e5verkansarbetet str\u00e4var vi efter att [&hellip;]<\/p>\n","protected":false},"author":137,"featured_media":91046,"parent":2980,"menu_order":9,"comment_status":"closed","ping_status":"open","template":"","meta":{"_acf_changed":false,"_relevanssi_hide_post":"","_relevanssi_hide_content":"","_relevanssi_pin_for_all":"","_relevanssi_pin_keywords":"","_relevanssi_unpin_keywords":"","_relevanssi_related_keywords":"","_relevanssi_related_include_ids":"","_relevanssi_related_exclude_ids":"","_relevanssi_related_no_append":"","_relevanssi_related_not_related":"","_relevanssi_related_posts":"89500,108131,63644","_relevanssi_noindex_reason":"","_improvement_type_select":"improve_an_existing","_thumb_yes_seoaic":false,"_frame_yes_seoaic":false,"seoaic_generate_description":"","seoaic_improve_instructions_prompt":"","seoaic_rollback_content_improvement":"","seoaic_idea_thumbnail_generator":"","thumbnail_generated":false,"thumbnail_generate_prompt":"","seoaic_article_description":"","footnotes":""},"class_list":["post-3303","page","type-page","status-publish","has-post-thumbnail","hentry"],"acf":[],"yoast_head":"<!-- This site is optimized with the Yoast SEO plugin v26.9 - https:\/\/yoast.com\/product\/yoast-seo-wordpress\/ -->\n<title>P\u00e5verkansarbetet f\u00f6r att fr\u00e4mja m\u00e4nskliga r\u00e4ttigheter- Kyrkans Utlandshj\u00e4lp<\/title>\n<meta name=\"description\" content=\"Kyrkans Utlandshj\u00e4lp str\u00e4var att avl\u00e4gsna s\u00e5dana strukturer ger upphov till fattigdom och uppr\u00e4tth\u00e5ller samh\u00e4llsoro.\" \/>\n<meta name=\"robots\" content=\"index, follow, max-snippet:-1, max-image-preview:large, max-video-preview:-1\" \/>\n<link rel=\"canonical\" href=\"https:\/\/www.kirkonulkomaanapu.fi\/sv\/vart-arbete\/paverkansarbetet\/\" \/>\n<meta property=\"og:locale\" content=\"sv_SE\" \/>\n<meta property=\"og:type\" content=\"article\" \/>\n<meta property=\"og:title\" content=\"P\u00e5verkansarbetet f\u00f6r att fr\u00e4mja m\u00e4nskliga r\u00e4ttigheter- Kyrkans Utlandshj\u00e4lp\" \/>\n<meta property=\"og:description\" content=\"Kyrkans Utlandshj\u00e4lp str\u00e4var att avl\u00e4gsna s\u00e5dana strukturer ger upphov till fattigdom och uppr\u00e4tth\u00e5ller samh\u00e4llsoro.\" \/>\n<meta property=\"og:url\" content=\"https:\/\/www.kirkonulkomaanapu.fi\/sv\/vart-arbete\/paverkansarbetet\/\" \/>\n<meta property=\"og:site_name\" content=\"Kyrkans Utlandshj\u00e4lp\" \/>\n<meta property=\"article:publisher\" content=\"https:\/\/www.facebook.com\/Ulkomaanapu\/\" \/>\n<meta property=\"article:modified_time\" content=\"2026-03-31T10:36:16+00:00\" \/>\n<meta property=\"og:image\" content=\"https:\/\/www.kirkonulkomaanapu.fi\/wp-content\/uploads\/2018\/11\/Mita_teemme_Vaikuttamistoiminta-1.jpg\" \/>\n\t<meta property=\"og:image:width\" content=\"1920\" \/>\n\t<meta property=\"og:image:height\" content=\"769\" \/>\n\t<meta property=\"og:image:type\" content=\"image\/jpeg\" \/>\n<meta name=\"twitter:label1\" content=\"Ber\u00e4knad l\u00e4stid\" \/>\n\t<meta name=\"twitter:data1\" content=\"2 minuter\" \/>\n<script type=\"application\/ld+json\" class=\"yoast-schema-graph\">{\"@context\":\"https:\/\/schema.org\",\"@graph\":[{\"@type\":\"WebPage\",\"@id\":\"https:\/\/www.kirkonulkomaanapu.fi\/sv\/vart-arbete\/paverkansarbetet\/\",\"url\":\"https:\/\/www.kirkonulkomaanapu.fi\/sv\/vart-arbete\/paverkansarbetet\/\",\"name\":\"P\u00e5verkansarbetet f\u00f6r att fr\u00e4mja m\u00e4nskliga r\u00e4ttigheter- Kyrkans Utlandshj\u00e4lp\",\"isPartOf\":{\"@id\":\"https:\/\/www.kirkonulkomaanapu.fi\/#website\"},\"primaryImageOfPage\":{\"@id\":\"https:\/\/www.kirkonulkomaanapu.fi\/sv\/vart-arbete\/paverkansarbetet\/#primaryimage\"},\"image\":{\"@id\":\"https:\/\/www.kirkonulkomaanapu.fi\/sv\/vart-arbete\/paverkansarbetet\/#primaryimage\"},\"thumbnailUrl\":\"https:\/\/www.kirkonulkomaanapu.fi\/wp-content\/uploads\/2018\/11\/Mita_teemme_Vaikuttamistoiminta-1.jpg\",\"datePublished\":\"2014-04-07T10:30:13+00:00\",\"dateModified\":\"2026-03-31T10:36:16+00:00\",\"description\":\"Kyrkans Utlandshj\u00e4lp str\u00e4var att avl\u00e4gsna s\u00e5dana strukturer ger upphov till fattigdom och uppr\u00e4tth\u00e5ller samh\u00e4llsoro.\",\"breadcrumb\":{\"@id\":\"https:\/\/www.kirkonulkomaanapu.fi\/sv\/vart-arbete\/paverkansarbetet\/#breadcrumb\"},\"inLanguage\":\"sv-SE\",\"potentialAction\":[{\"@type\":\"ReadAction\",\"target\":[\"https:\/\/www.kirkonulkomaanapu.fi\/sv\/vart-arbete\/paverkansarbetet\/\"]}]},{\"@type\":\"ImageObject\",\"inLanguage\":\"sv-SE\",\"@id\":\"https:\/\/www.kirkonulkomaanapu.fi\/sv\/vart-arbete\/paverkansarbetet\/#primaryimage\",\"url\":\"https:\/\/www.kirkonulkomaanapu.fi\/wp-content\/uploads\/2018\/11\/Mita_teemme_Vaikuttamistoiminta-1.jpg\",\"contentUrl\":\"https:\/\/www.kirkonulkomaanapu.fi\/wp-content\/uploads\/2018\/11\/Mita_teemme_Vaikuttamistoiminta-1.jpg\",\"width\":1920,\"height\":769,\"caption\":\"Ihmisi\u00e4 istuu riviss\u00e4 kuuntelemassa\"},{\"@type\":\"BreadcrumbList\",\"@id\":\"https:\/\/www.kirkonulkomaanapu.fi\/sv\/vart-arbete\/paverkansarbetet\/#breadcrumb\",\"itemListElement\":[{\"@type\":\"ListItem\",\"position\":1,\"name\":\"Home\",\"item\":\"https:\/\/www.kirkonulkomaanapu.fi\/sv\/\"},{\"@type\":\"ListItem\",\"position\":2,\"name\":\"V\u00e5rt arbete\",\"item\":\"https:\/\/www.kirkonulkomaanapu.fi\/sv\/vart-arbete\/\"},{\"@type\":\"ListItem\",\"position\":3,\"name\":\"P\u00e5verkansarbetet\"}]},{\"@type\":\"WebSite\",\"@id\":\"https:\/\/www.kirkonulkomaanapu.fi\/#website\",\"url\":\"https:\/\/www.kirkonulkomaanapu.fi\/\",\"name\":\"Kirkon Ulkomaanapu\",\"description\":\"Suomen suurin kehitysyhteisty\u00f6j\u00e4rjest\u00f6\",\"publisher\":{\"@id\":\"https:\/\/www.kirkonulkomaanapu.fi\/#organization\"},\"alternateName\":\"KUA\",\"potentialAction\":[{\"@type\":\"SearchAction\",\"target\":{\"@type\":\"EntryPoint\",\"urlTemplate\":\"https:\/\/www.kirkonulkomaanapu.fi\/?s={search_term_string}\"},\"query-input\":{\"@type\":\"PropertyValueSpecification\",\"valueRequired\":true,\"valueName\":\"search_term_string\"}}],\"inLanguage\":\"sv-SE\"},{\"@type\":\"Organization\",\"@id\":\"https:\/\/www.kirkonulkomaanapu.fi\/#organization\",\"name\":\"Kirkon Ulkomaanapu\",\"alternateName\":\"KUA\",\"url\":\"https:\/\/www.kirkonulkomaanapu.fi\/\",\"logo\":{\"@type\":\"ImageObject\",\"inLanguage\":\"sv-SE\",\"@id\":\"https:\/\/www.kirkonulkomaanapu.fi\/#\/schema\/logo\/image\/\",\"url\":\"https:\/\/www.kirkonulkomaanapu.fi\/wp-content\/uploads\/2026\/02\/Kirkon-ulkomaanapu-logo-1.png\",\"contentUrl\":\"https:\/\/www.kirkonulkomaanapu.fi\/wp-content\/uploads\/2026\/02\/Kirkon-ulkomaanapu-logo-1.png\",\"width\":225,\"height\":225,\"caption\":\"Kirkon Ulkomaanapu\"},\"image\":{\"@id\":\"https:\/\/www.kirkonulkomaanapu.fi\/#\/schema\/logo\/image\/\"},\"sameAs\":[\"https:\/\/www.facebook.com\/Ulkomaanapu\/\",\"https:\/\/www.youtube.com\/user\/kirkonulkomaanapu\",\"https:\/\/instagram.com\/kirkon_ulkomaanapu\/\",\"https:\/\/www.linkedin.com\/company\/finn-church-aid\/\"]}]}<\/script>\n<!-- \/ Yoast SEO plugin. -->","yoast_head_json":{"title":"P\u00e5verkansarbetet f\u00f6r att fr\u00e4mja m\u00e4nskliga r\u00e4ttigheter- Kyrkans Utlandshj\u00e4lp","description":"Kyrkans Utlandshj\u00e4lp str\u00e4var att avl\u00e4gsna s\u00e5dana strukturer ger upphov till fattigdom och uppr\u00e4tth\u00e5ller samh\u00e4llsoro.","robots":{"index":"index","follow":"follow","max-snippet":"max-snippet:-1","max-image-preview":"max-image-preview:large","max-video-preview":"max-video-preview:-1"},"canonical":"https:\/\/www.kirkonulkomaanapu.fi\/sv\/vart-arbete\/paverkansarbetet\/","og_locale":"sv_SE","og_type":"article","og_title":"P\u00e5verkansarbetet f\u00f6r att fr\u00e4mja m\u00e4nskliga r\u00e4ttigheter- Kyrkans Utlandshj\u00e4lp","og_description":"Kyrkans Utlandshj\u00e4lp str\u00e4var att avl\u00e4gsna s\u00e5dana strukturer ger upphov till fattigdom och uppr\u00e4tth\u00e5ller samh\u00e4llsoro.","og_url":"https:\/\/www.kirkonulkomaanapu.fi\/sv\/vart-arbete\/paverkansarbetet\/","og_site_name":"Kyrkans Utlandshj\u00e4lp","article_publisher":"https:\/\/www.facebook.com\/Ulkomaanapu\/","article_modified_time":"2026-03-31T10:36:16+00:00","og_image":[{"width":1920,"height":769,"url":"https:\/\/www.kirkonulkomaanapu.fi\/wp-content\/uploads\/2018\/11\/Mita_teemme_Vaikuttamistoiminta-1.jpg","type":"image\/jpeg"}],"twitter_misc":{"Ber\u00e4knad l\u00e4stid":"2 minuter"},"schema":{"@context":"https:\/\/schema.org","@graph":[{"@type":"WebPage","@id":"https:\/\/www.kirkonulkomaanapu.fi\/sv\/vart-arbete\/paverkansarbetet\/","url":"https:\/\/www.kirkonulkomaanapu.fi\/sv\/vart-arbete\/paverkansarbetet\/","name":"P\u00e5verkansarbetet f\u00f6r att fr\u00e4mja m\u00e4nskliga r\u00e4ttigheter- Kyrkans Utlandshj\u00e4lp","isPartOf":{"@id":"https:\/\/www.kirkonulkomaanapu.fi\/#website"},"primaryImageOfPage":{"@id":"https:\/\/www.kirkonulkomaanapu.fi\/sv\/vart-arbete\/paverkansarbetet\/#primaryimage"},"image":{"@id":"https:\/\/www.kirkonulkomaanapu.fi\/sv\/vart-arbete\/paverkansarbetet\/#primaryimage"},"thumbnailUrl":"https:\/\/www.kirkonulkomaanapu.fi\/wp-content\/uploads\/2018\/11\/Mita_teemme_Vaikuttamistoiminta-1.jpg","datePublished":"2014-04-07T10:30:13+00:00","dateModified":"2026-03-31T10:36:16+00:00","description":"Kyrkans Utlandshj\u00e4lp str\u00e4var att avl\u00e4gsna s\u00e5dana strukturer ger upphov till fattigdom och uppr\u00e4tth\u00e5ller samh\u00e4llsoro.","breadcrumb":{"@id":"https:\/\/www.kirkonulkomaanapu.fi\/sv\/vart-arbete\/paverkansarbetet\/#breadcrumb"},"inLanguage":"sv-SE","potentialAction":[{"@type":"ReadAction","target":["https:\/\/www.kirkonulkomaanapu.fi\/sv\/vart-arbete\/paverkansarbetet\/"]}]},{"@type":"ImageObject","inLanguage":"sv-SE","@id":"https:\/\/www.kirkonulkomaanapu.fi\/sv\/vart-arbete\/paverkansarbetet\/#primaryimage","url":"https:\/\/www.kirkonulkomaanapu.fi\/wp-content\/uploads\/2018\/11\/Mita_teemme_Vaikuttamistoiminta-1.jpg","contentUrl":"https:\/\/www.kirkonulkomaanapu.fi\/wp-content\/uploads\/2018\/11\/Mita_teemme_Vaikuttamistoiminta-1.jpg","width":1920,"height":769,"caption":"Ihmisi\u00e4 istuu riviss\u00e4 kuuntelemassa"},{"@type":"BreadcrumbList","@id":"https:\/\/www.kirkonulkomaanapu.fi\/sv\/vart-arbete\/paverkansarbetet\/#breadcrumb","itemListElement":[{"@type":"ListItem","position":1,"name":"Home","item":"https:\/\/www.kirkonulkomaanapu.fi\/sv\/"},{"@type":"ListItem","position":2,"name":"V\u00e5rt arbete","item":"https:\/\/www.kirkonulkomaanapu.fi\/sv\/vart-arbete\/"},{"@type":"ListItem","position":3,"name":"P\u00e5verkansarbetet"}]},{"@type":"WebSite","@id":"https:\/\/www.kirkonulkomaanapu.fi\/#website","url":"https:\/\/www.kirkonulkomaanapu.fi\/","name":"Kirkon Ulkomaanapu","description":"Suomen suurin kehitysyhteisty\u00f6j\u00e4rjest\u00f6","publisher":{"@id":"https:\/\/www.kirkonulkomaanapu.fi\/#organization"},"alternateName":"KUA","potentialAction":[{"@type":"SearchAction","target":{"@type":"EntryPoint","urlTemplate":"https:\/\/www.kirkonulkomaanapu.fi\/?s={search_term_string}"},"query-input":{"@type":"PropertyValueSpecification","valueRequired":true,"valueName":"search_term_string"}}],"inLanguage":"sv-SE"},{"@type":"Organization","@id":"https:\/\/www.kirkonulkomaanapu.fi\/#organization","name":"Kirkon Ulkomaanapu","alternateName":"KUA","url":"https:\/\/www.kirkonulkomaanapu.fi\/","logo":{"@type":"ImageObject","inLanguage":"sv-SE","@id":"https:\/\/www.kirkonulkomaanapu.fi\/#\/schema\/logo\/image\/","url":"https:\/\/www.kirkonulkomaanapu.fi\/wp-content\/uploads\/2026\/02\/Kirkon-ulkomaanapu-logo-1.png","contentUrl":"https:\/\/www.kirkonulkomaanapu.fi\/wp-content\/uploads\/2026\/02\/Kirkon-ulkomaanapu-logo-1.png","width":225,"height":225,"caption":"Kirkon Ulkomaanapu"},"image":{"@id":"https:\/\/www.kirkonulkomaanapu.fi\/#\/schema\/logo\/image\/"},"sameAs":["https:\/\/www.facebook.com\/Ulkomaanapu\/","https:\/\/www.youtube.com\/user\/kirkonulkomaanapu","https:\/\/instagram.com\/kirkon_ulkomaanapu\/","https:\/\/www.linkedin.com\/company\/finn-church-aid\/"]}]}},"_links":{"self":[{"href":"https:\/\/www.kirkonulkomaanapu.fi\/sv\/wp-json\/wp\/v2\/pages\/3303","targetHints":{"allow":["GET"]}}],"collection":[{"href":"https:\/\/www.kirkonulkomaanapu.fi\/sv\/wp-json\/wp\/v2\/pages"}],"about":[{"href":"https:\/\/www.kirkonulkomaanapu.fi\/sv\/wp-json\/wp\/v2\/types\/page"}],"author":[{"embeddable":true,"href":"https:\/\/www.kirkonulkomaanapu.fi\/sv\/wp-json\/wp\/v2\/users\/137"}],"replies":[{"embeddable":true,"href":"https:\/\/www.kirkonulkomaanapu.fi\/sv\/wp-json\/wp\/v2\/comments?post=3303"}],"version-history":[{"count":2,"href":"https:\/\/www.kirkonulkomaanapu.fi\/sv\/wp-json\/wp\/v2\/pages\/3303\/revisions"}],"predecessor-version":[{"id":160706,"href":"https:\/\/www.kirkonulkomaanapu.fi\/sv\/wp-json\/wp\/v2\/pages\/3303\/revisions\/160706"}],"up":[{"embeddable":true,"href":"https:\/\/www.kirkonulkomaanapu.fi\/sv\/wp-json\/wp\/v2\/pages\/2980"}],"wp:featuredmedia":[{"embeddable":true,"href":"https:\/\/www.kirkonulkomaanapu.fi\/sv\/wp-json\/wp\/v2\/media\/91046"}],"wp:attachment":[{"href":"https:\/\/www.kirkonulkomaanapu.fi\/sv\/wp-json\/wp\/v2\/media?parent=3303"}],"curies":[{"name":"wp","href":"https:\/\/api.w.org\/{rel}","templated":true}]}}