{"id":3300,"date":"2014-04-07T13:28:19","date_gmt":"2014-04-07T10:28:19","guid":{"rendered":"https:\/\/www.kirkonulkomaanapu.fi\/?page_id=3300"},"modified":"2026-03-31T13:33:06","modified_gmt":"2026-03-31T10:33:06","slug":"humanitart-bistand","status":"publish","type":"page","link":"https:\/\/www.kirkonulkomaanapu.fi\/sv\/vart-arbete\/humanitart-bistand\/","title":{"rendered":"Humanit\u00e4rt bist\u00e5nd"},"content":{"rendered":"\n\n\n<div class=\"block-hero full-width id-block\" style=\"background-image: url('https:\/\/www.kirkonulkomaanapu.fi\/wp-content\/uploads\/2021\/05\/Humanitaarinen-apu-scaled.jpg');\">\n\n\t<div class=\"bg-mobile\" style=\"background-image: url('https:\/\/www.kirkonulkomaanapu.fi\/wp-content\/uploads\/2021\/05\/Humanitaarinen-apu-1024x683.jpg');\"><\/div>\n\n\t\n\t<div class=\"curtain\"><\/div>\n\n\t<div class=\"container\">\n\t\t<div class=\"row\">\n\t\t\t<div class=\"col\">\n\t\t\t\t<div class=\"inner-blocks entry-content\">\n\t\t\t\t\t\t\t\t\t\t\t\n<h1 class=\"is-style-brush\" ><span class=\"bg\">\nHumanit\u00e4rt <span class=\"is-highlighted\">bist\u00e5nd<\/span>\n<\/span><\/h1><h1 class=\"is-style-brush mobile\" ><span class=\"bg\">Humanit\u00e4rt<\/span><span class=\"is-highlighted\"><span class=\"bg\">bist\u00e5nd<\/span><\/span><\/h1>\n\n\n<p><\/p>\n\n\n\t\t\t\t\t\t\t\t\t<\/div>\n\t\t\t<\/div>\n\t\t<\/div>\n\t<\/div>\n<\/div>\n\n\n<div class=\"subpage-navigation id-block full-width\">\n    <div class=\"container-lg\">\n        <div class=\"row\">\n            <div class=\"col\">\n                <ul class=\"pages\">\n                                        <li class=\"page ancestor\">\n                        <a href=\"https:\/\/www.kirkonulkomaanapu.fi\/sv\/vart-arbete\/\">V\u00e5rt arbete<\/a>\n                    <\/li>\n                                        <li class=\"page ancestor current\">\n                        <a href=\"https:\/\/www.kirkonulkomaanapu.fi\/sv\/vart-arbete\/humanitart-bistand\/\">Humanit\u00e4rt bist\u00e5nd<\/a>\n                    <\/li>\n                    \n                                        <li class=\"page\">\n                        <a href=\"https:\/\/www.kirkonulkomaanapu.fi\/sv\/vart-arbete\/humanitart-bistand\/ateruppbyggnadsarbetet\/\">\u00c5teruppbyggnadsarbetet<\/a>\n                    <\/li>\n                                    <\/ul>\n            <\/div>\n        <\/div>\n    <\/div>\n<\/div>\n\n\n\n\n\n\n<p>Under akuta situationer som orsakas av naturkatastrofer och krig tryggar den humanit\u00e4ra hj\u00e4lpen tillr\u00e4cklig f\u00f6da, n\u00f6dv\u00e4ndiga basf\u00f6rn\u00f6denheter och h\u00e4lsov\u00e5rd, rent vatten samt boende f\u00f6r m\u00e4nniskor. Mitt i en kris beh\u00f6ver de som f\u00f6rlorat sina hem ocks\u00e5 tv\u00e4ttm\u00f6jligheter och tillg\u00e5ng till toaletter. Att s\u00e5 snabbt som m\u00f6jligt kunna forts\u00e4tta sin skolg\u00e5ng ger en trygghet f\u00f6r barn som lever mitt i en kris.<\/p>\n\n\n\n<p>En betydande del av v\u00e5rt humanit\u00e4ra arbete st\u00f6der flyktingar samt m\u00e4nniskor som tvingats fly inom det egna hemlandet.<\/p>\n\n\n\n<h2 class=\"wp-block-heading\">Det humanit\u00e4ra bist\u00e5ndet lindrar det akuta n\u00f6dl\u00e4get<\/h2>\n\n\n\n<p>Enligt principerna f\u00f6r internationell humanit\u00e4rt hj\u00e4lp har alla m\u00e4nniskor r\u00e4tt att f\u00e5 hj\u00e4lp oberoende av etnicitet, religion eller nationalitet. Det humanit\u00e4ra bist\u00e5ndet respekterar den lokala kulturen och de lokala sederna och arbetet g\u00f6rs tillsammans med lokalbefolkningen. Enligt v\u00e5ra v\u00e4rderingar m\u00e5ste ocks\u00e5 bist\u00e5ndsmottagarna kunna delta i planering, f\u00f6rverkligande och resultatutv\u00e4rdering av katastrofhj\u00e4lpen.<\/p>\n\n\n\n<p>Efter n\u00f6dhj\u00e4lpsfasen st\u00f6der vi \u00e5teruppbyggnaden av samh\u00e4llet genom att restaurera skolor och skapa utkomstm\u00f6jligheter. M\u00e5let \u00e4r att bygga ett mer h\u00e5llbart samh\u00e4lle tillsammans med lokala akt\u00f6rer.<\/p>\n\n\n\n<h2 class=\"wp-block-heading\">Omedelbar n\u00f6dhj\u00e4lp<\/h2>\n\n\n\n<p>Ut\u00f6ver den omedelbara n\u00f6dhj\u00e4lpen m\u00e5ste vi hj\u00e4lpa m\u00e4nniskor att f\u00f6rbereda sig p\u00e5 eventuella kommande katastrofer. Med v\u00e5rt arbete ansvarar vi f\u00f6r resultaten b\u00e5de f\u00f6r bist\u00e5ndsmottagare samt de givare som m\u00f6jligg\u00f6r v\u00e5rt arbete.<\/p>\n\n\n\n<h2 class=\"wp-block-heading\">Det humanit\u00e4ra bist\u00e5ndet tryggas via samarbete<\/h2>\n\n\n\n<p>Kyrkans Utlandshj\u00e4lp \u00e4r den f\u00f6rsta finl\u00e4ndska organisationen som beviljats CHS-certifiering (<a href=\"https:\/\/corehumanitarianstandard.org\/\">Core Humanitarian Standard<\/a>) \u2013 en humanit\u00e4r kvalitetsstandard.<\/p>\n\n\n\n<p>F\u00f6r att kunna trygga snabbt och effektivt humanit\u00e4r bist\u00e5nd arbetar Kyrkans Utlandshj\u00e4lp t\u00e4tt ihop med internationella organisationer och n\u00e4tverk. Bland v\u00e5ra finansi\u00e4rer och samarbetsparter finns <a href=\"https:\/\/um.fi\/forsta-sidan\" target=\"_blank\" rel=\"noreferrer noopener\">Utrikesministeriet<\/a>, <a href=\"https:\/\/ec.europa.eu\/echo\/index_en\" target=\"_blank\" rel=\"noreferrer noopener\">Europeiska kommissionens kontor f\u00f6r humanit\u00e4rt bist\u00e5nd<\/a> (ECHO) och flera FN-organ. Vi \u00e4r stiftande medlem i <a href=\"https:\/\/actalliance.org\/\" target=\"_blank\" rel=\"noreferrer noopener\">ACT-alliansen<\/a> som \u00e4r den centrala koordinatorn f\u00f6r kyrkliga organisationers humanit\u00e4ra hj\u00e4lp.<\/p>\n\n\n\n<p><\/p>\n\n\n\n<p><br><\/p>\n","protected":false},"excerpt":{"rendered":"<p>Under akuta situationer som orsakas av naturkatastrofer och krig tryggar den humanit\u00e4ra hj\u00e4lpen tillr\u00e4cklig f\u00f6da, n\u00f6dv\u00e4ndiga basf\u00f6rn\u00f6denheter och h\u00e4lsov\u00e5rd, rent vatten samt boende f\u00f6r m\u00e4nniskor. Mitt i en kris beh\u00f6ver de som f\u00f6rlorat sina hem ocks\u00e5 tv\u00e4ttm\u00f6jligheter och tillg\u00e5ng till toaletter. Att s\u00e5 snabbt som m\u00f6jligt kunna forts\u00e4tta sin skolg\u00e5ng ger en trygghet f\u00f6r barn [&hellip;]<\/p>\n","protected":false},"author":137,"featured_media":91043,"parent":2980,"menu_order":8,"comment_status":"closed","ping_status":"open","template":"","meta":{"_acf_changed":false,"_relevanssi_hide_post":"","_relevanssi_hide_content":"","_relevanssi_pin_for_all":"","_relevanssi_pin_keywords":"","_relevanssi_unpin_keywords":"","_relevanssi_related_keywords":"","_relevanssi_related_include_ids":"","_relevanssi_related_exclude_ids":"","_relevanssi_related_no_append":"","_relevanssi_related_not_related":"","_relevanssi_related_posts":"108131,89500,63644","_relevanssi_noindex_reason":"","_improvement_type_select":"improve_an_existing","_thumb_yes_seoaic":false,"_frame_yes_seoaic":false,"seoaic_generate_description":"","seoaic_improve_instructions_prompt":"","seoaic_rollback_content_improvement":"","seoaic_idea_thumbnail_generator":"","thumbnail_generated":false,"thumbnail_generate_prompt":"","seoaic_article_description":"","footnotes":""},"class_list":["post-3300","page","type-page","status-publish","has-post-thumbnail","hentry"],"acf":[],"yoast_head":"<!-- This site is optimized with the Yoast SEO plugin v26.9 - https:\/\/yoast.com\/product\/yoast-seo-wordpress\/ -->\n<title>Humanit\u00e4rt bist\u00e5nd f\u00f6r det akuta n\u00f6dl\u00e4get - Kyrkans Utlandhj\u00e4lp<\/title>\n<meta name=\"description\" content=\"V\u00e5r str\u00e4van \u00e4r att de katastrofdrabbade snabbt skall f\u00e5 hj\u00e4lp. Hj\u00e4lpen skall ges tillf\u00f6rlitligt och sakkunnigt.\" \/>\n<meta name=\"robots\" content=\"index, follow, max-snippet:-1, max-image-preview:large, max-video-preview:-1\" \/>\n<link rel=\"canonical\" href=\"https:\/\/www.kirkonulkomaanapu.fi\/sv\/vart-arbete\/humanitart-bistand\/\" \/>\n<meta property=\"og:locale\" content=\"sv_SE\" \/>\n<meta property=\"og:type\" content=\"article\" \/>\n<meta property=\"og:title\" content=\"Humanit\u00e4rt bist\u00e5nd f\u00f6r det akuta n\u00f6dl\u00e4get - Kyrkans Utlandhj\u00e4lp\" \/>\n<meta property=\"og:description\" content=\"V\u00e5r str\u00e4van \u00e4r att de katastrofdrabbade snabbt skall f\u00e5 hj\u00e4lp. Hj\u00e4lpen skall ges tillf\u00f6rlitligt och sakkunnigt.\" \/>\n<meta property=\"og:url\" content=\"https:\/\/www.kirkonulkomaanapu.fi\/sv\/vart-arbete\/humanitart-bistand\/\" \/>\n<meta property=\"og:site_name\" content=\"Kyrkans Utlandshj\u00e4lp\" \/>\n<meta property=\"article:publisher\" content=\"https:\/\/www.facebook.com\/Ulkomaanapu\/\" \/>\n<meta property=\"article:modified_time\" content=\"2026-03-31T10:33:06+00:00\" \/>\n<meta property=\"og:image\" content=\"https:\/\/www.kirkonulkomaanapu.fi\/wp-content\/uploads\/2018\/11\/humanitaarinen_apu_uusi.jpg\" \/>\n\t<meta property=\"og:image:width\" content=\"1519\" \/>\n\t<meta property=\"og:image:height\" content=\"559\" \/>\n\t<meta property=\"og:image:type\" content=\"image\/jpeg\" \/>\n<meta name=\"twitter:label1\" content=\"Ber\u00e4knad l\u00e4stid\" \/>\n\t<meta name=\"twitter:data1\" content=\"2 minuter\" \/>\n<script type=\"application\/ld+json\" class=\"yoast-schema-graph\">{\"@context\":\"https:\/\/schema.org\",\"@graph\":[{\"@type\":\"WebPage\",\"@id\":\"https:\/\/www.kirkonulkomaanapu.fi\/sv\/vart-arbete\/humanitart-bistand\/\",\"url\":\"https:\/\/www.kirkonulkomaanapu.fi\/sv\/vart-arbete\/humanitart-bistand\/\",\"name\":\"Humanit\u00e4rt bist\u00e5nd f\u00f6r det akuta n\u00f6dl\u00e4get - Kyrkans Utlandhj\u00e4lp\",\"isPartOf\":{\"@id\":\"https:\/\/www.kirkonulkomaanapu.fi\/#website\"},\"primaryImageOfPage\":{\"@id\":\"https:\/\/www.kirkonulkomaanapu.fi\/sv\/vart-arbete\/humanitart-bistand\/#primaryimage\"},\"image\":{\"@id\":\"https:\/\/www.kirkonulkomaanapu.fi\/sv\/vart-arbete\/humanitart-bistand\/#primaryimage\"},\"thumbnailUrl\":\"https:\/\/www.kirkonulkomaanapu.fi\/wp-content\/uploads\/2018\/11\/humanitaarinen_apu_uusi.jpg\",\"datePublished\":\"2014-04-07T10:28:19+00:00\",\"dateModified\":\"2026-03-31T10:33:06+00:00\",\"description\":\"V\u00e5r str\u00e4van \u00e4r att de katastrofdrabbade snabbt skall f\u00e5 hj\u00e4lp. Hj\u00e4lpen skall ges tillf\u00f6rlitligt och sakkunnigt.\",\"breadcrumb\":{\"@id\":\"https:\/\/www.kirkonulkomaanapu.fi\/sv\/vart-arbete\/humanitart-bistand\/#breadcrumb\"},\"inLanguage\":\"sv-SE\",\"potentialAction\":[{\"@type\":\"ReadAction\",\"target\":[\"https:\/\/www.kirkonulkomaanapu.fi\/sv\/vart-arbete\/humanitart-bistand\/\"]}]},{\"@type\":\"ImageObject\",\"inLanguage\":\"sv-SE\",\"@id\":\"https:\/\/www.kirkonulkomaanapu.fi\/sv\/vart-arbete\/humanitart-bistand\/#primaryimage\",\"url\":\"https:\/\/www.kirkonulkomaanapu.fi\/wp-content\/uploads\/2018\/11\/humanitaarinen_apu_uusi.jpg\",\"contentUrl\":\"https:\/\/www.kirkonulkomaanapu.fi\/wp-content\/uploads\/2018\/11\/humanitaarinen_apu_uusi.jpg\",\"width\":1519,\"height\":559,\"caption\":\"Kymmeni\u00e4 ihmisi\u00e4 osallistuu ruokajakeluun kriisialueella\"},{\"@type\":\"BreadcrumbList\",\"@id\":\"https:\/\/www.kirkonulkomaanapu.fi\/sv\/vart-arbete\/humanitart-bistand\/#breadcrumb\",\"itemListElement\":[{\"@type\":\"ListItem\",\"position\":1,\"name\":\"Home\",\"item\":\"https:\/\/www.kirkonulkomaanapu.fi\/sv\/\"},{\"@type\":\"ListItem\",\"position\":2,\"name\":\"V\u00e5rt arbete\",\"item\":\"https:\/\/www.kirkonulkomaanapu.fi\/sv\/vart-arbete\/\"},{\"@type\":\"ListItem\",\"position\":3,\"name\":\"Humanit\u00e4rt bist\u00e5nd\"}]},{\"@type\":\"WebSite\",\"@id\":\"https:\/\/www.kirkonulkomaanapu.fi\/#website\",\"url\":\"https:\/\/www.kirkonulkomaanapu.fi\/\",\"name\":\"Kirkon Ulkomaanapu\",\"description\":\"Suomen suurin kehitysyhteisty\u00f6j\u00e4rjest\u00f6\",\"publisher\":{\"@id\":\"https:\/\/www.kirkonulkomaanapu.fi\/#organization\"},\"alternateName\":\"KUA\",\"potentialAction\":[{\"@type\":\"SearchAction\",\"target\":{\"@type\":\"EntryPoint\",\"urlTemplate\":\"https:\/\/www.kirkonulkomaanapu.fi\/?s={search_term_string}\"},\"query-input\":{\"@type\":\"PropertyValueSpecification\",\"valueRequired\":true,\"valueName\":\"search_term_string\"}}],\"inLanguage\":\"sv-SE\"},{\"@type\":\"Organization\",\"@id\":\"https:\/\/www.kirkonulkomaanapu.fi\/#organization\",\"name\":\"Kirkon Ulkomaanapu\",\"alternateName\":\"KUA\",\"url\":\"https:\/\/www.kirkonulkomaanapu.fi\/\",\"logo\":{\"@type\":\"ImageObject\",\"inLanguage\":\"sv-SE\",\"@id\":\"https:\/\/www.kirkonulkomaanapu.fi\/#\/schema\/logo\/image\/\",\"url\":\"https:\/\/www.kirkonulkomaanapu.fi\/wp-content\/uploads\/2026\/02\/Kirkon-ulkomaanapu-logo-1.png\",\"contentUrl\":\"https:\/\/www.kirkonulkomaanapu.fi\/wp-content\/uploads\/2026\/02\/Kirkon-ulkomaanapu-logo-1.png\",\"width\":225,\"height\":225,\"caption\":\"Kirkon Ulkomaanapu\"},\"image\":{\"@id\":\"https:\/\/www.kirkonulkomaanapu.fi\/#\/schema\/logo\/image\/\"},\"sameAs\":[\"https:\/\/www.facebook.com\/Ulkomaanapu\/\",\"https:\/\/www.youtube.com\/user\/kirkonulkomaanapu\",\"https:\/\/instagram.com\/kirkon_ulkomaanapu\/\",\"https:\/\/www.linkedin.com\/company\/finn-church-aid\/\"]}]}<\/script>\n<!-- \/ Yoast SEO plugin. -->","yoast_head_json":{"title":"Humanit\u00e4rt bist\u00e5nd f\u00f6r det akuta n\u00f6dl\u00e4get - Kyrkans Utlandhj\u00e4lp","description":"V\u00e5r str\u00e4van \u00e4r att de katastrofdrabbade snabbt skall f\u00e5 hj\u00e4lp. Hj\u00e4lpen skall ges tillf\u00f6rlitligt och sakkunnigt.","robots":{"index":"index","follow":"follow","max-snippet":"max-snippet:-1","max-image-preview":"max-image-preview:large","max-video-preview":"max-video-preview:-1"},"canonical":"https:\/\/www.kirkonulkomaanapu.fi\/sv\/vart-arbete\/humanitart-bistand\/","og_locale":"sv_SE","og_type":"article","og_title":"Humanit\u00e4rt bist\u00e5nd f\u00f6r det akuta n\u00f6dl\u00e4get - Kyrkans Utlandhj\u00e4lp","og_description":"V\u00e5r str\u00e4van \u00e4r att de katastrofdrabbade snabbt skall f\u00e5 hj\u00e4lp. Hj\u00e4lpen skall ges tillf\u00f6rlitligt och sakkunnigt.","og_url":"https:\/\/www.kirkonulkomaanapu.fi\/sv\/vart-arbete\/humanitart-bistand\/","og_site_name":"Kyrkans Utlandshj\u00e4lp","article_publisher":"https:\/\/www.facebook.com\/Ulkomaanapu\/","article_modified_time":"2026-03-31T10:33:06+00:00","og_image":[{"width":1519,"height":559,"url":"https:\/\/www.kirkonulkomaanapu.fi\/wp-content\/uploads\/2018\/11\/humanitaarinen_apu_uusi.jpg","type":"image\/jpeg"}],"twitter_misc":{"Ber\u00e4knad l\u00e4stid":"2 minuter"},"schema":{"@context":"https:\/\/schema.org","@graph":[{"@type":"WebPage","@id":"https:\/\/www.kirkonulkomaanapu.fi\/sv\/vart-arbete\/humanitart-bistand\/","url":"https:\/\/www.kirkonulkomaanapu.fi\/sv\/vart-arbete\/humanitart-bistand\/","name":"Humanit\u00e4rt bist\u00e5nd f\u00f6r det akuta n\u00f6dl\u00e4get - Kyrkans Utlandhj\u00e4lp","isPartOf":{"@id":"https:\/\/www.kirkonulkomaanapu.fi\/#website"},"primaryImageOfPage":{"@id":"https:\/\/www.kirkonulkomaanapu.fi\/sv\/vart-arbete\/humanitart-bistand\/#primaryimage"},"image":{"@id":"https:\/\/www.kirkonulkomaanapu.fi\/sv\/vart-arbete\/humanitart-bistand\/#primaryimage"},"thumbnailUrl":"https:\/\/www.kirkonulkomaanapu.fi\/wp-content\/uploads\/2018\/11\/humanitaarinen_apu_uusi.jpg","datePublished":"2014-04-07T10:28:19+00:00","dateModified":"2026-03-31T10:33:06+00:00","description":"V\u00e5r str\u00e4van \u00e4r att de katastrofdrabbade snabbt skall f\u00e5 hj\u00e4lp. Hj\u00e4lpen skall ges tillf\u00f6rlitligt och sakkunnigt.","breadcrumb":{"@id":"https:\/\/www.kirkonulkomaanapu.fi\/sv\/vart-arbete\/humanitart-bistand\/#breadcrumb"},"inLanguage":"sv-SE","potentialAction":[{"@type":"ReadAction","target":["https:\/\/www.kirkonulkomaanapu.fi\/sv\/vart-arbete\/humanitart-bistand\/"]}]},{"@type":"ImageObject","inLanguage":"sv-SE","@id":"https:\/\/www.kirkonulkomaanapu.fi\/sv\/vart-arbete\/humanitart-bistand\/#primaryimage","url":"https:\/\/www.kirkonulkomaanapu.fi\/wp-content\/uploads\/2018\/11\/humanitaarinen_apu_uusi.jpg","contentUrl":"https:\/\/www.kirkonulkomaanapu.fi\/wp-content\/uploads\/2018\/11\/humanitaarinen_apu_uusi.jpg","width":1519,"height":559,"caption":"Kymmeni\u00e4 ihmisi\u00e4 osallistuu ruokajakeluun kriisialueella"},{"@type":"BreadcrumbList","@id":"https:\/\/www.kirkonulkomaanapu.fi\/sv\/vart-arbete\/humanitart-bistand\/#breadcrumb","itemListElement":[{"@type":"ListItem","position":1,"name":"Home","item":"https:\/\/www.kirkonulkomaanapu.fi\/sv\/"},{"@type":"ListItem","position":2,"name":"V\u00e5rt arbete","item":"https:\/\/www.kirkonulkomaanapu.fi\/sv\/vart-arbete\/"},{"@type":"ListItem","position":3,"name":"Humanit\u00e4rt bist\u00e5nd"}]},{"@type":"WebSite","@id":"https:\/\/www.kirkonulkomaanapu.fi\/#website","url":"https:\/\/www.kirkonulkomaanapu.fi\/","name":"Kirkon Ulkomaanapu","description":"Suomen suurin kehitysyhteisty\u00f6j\u00e4rjest\u00f6","publisher":{"@id":"https:\/\/www.kirkonulkomaanapu.fi\/#organization"},"alternateName":"KUA","potentialAction":[{"@type":"SearchAction","target":{"@type":"EntryPoint","urlTemplate":"https:\/\/www.kirkonulkomaanapu.fi\/?s={search_term_string}"},"query-input":{"@type":"PropertyValueSpecification","valueRequired":true,"valueName":"search_term_string"}}],"inLanguage":"sv-SE"},{"@type":"Organization","@id":"https:\/\/www.kirkonulkomaanapu.fi\/#organization","name":"Kirkon Ulkomaanapu","alternateName":"KUA","url":"https:\/\/www.kirkonulkomaanapu.fi\/","logo":{"@type":"ImageObject","inLanguage":"sv-SE","@id":"https:\/\/www.kirkonulkomaanapu.fi\/#\/schema\/logo\/image\/","url":"https:\/\/www.kirkonulkomaanapu.fi\/wp-content\/uploads\/2026\/02\/Kirkon-ulkomaanapu-logo-1.png","contentUrl":"https:\/\/www.kirkonulkomaanapu.fi\/wp-content\/uploads\/2026\/02\/Kirkon-ulkomaanapu-logo-1.png","width":225,"height":225,"caption":"Kirkon Ulkomaanapu"},"image":{"@id":"https:\/\/www.kirkonulkomaanapu.fi\/#\/schema\/logo\/image\/"},"sameAs":["https:\/\/www.facebook.com\/Ulkomaanapu\/","https:\/\/www.youtube.com\/user\/kirkonulkomaanapu","https:\/\/instagram.com\/kirkon_ulkomaanapu\/","https:\/\/www.linkedin.com\/company\/finn-church-aid\/"]}]}},"_links":{"self":[{"href":"https:\/\/www.kirkonulkomaanapu.fi\/sv\/wp-json\/wp\/v2\/pages\/3300","targetHints":{"allow":["GET"]}}],"collection":[{"href":"https:\/\/www.kirkonulkomaanapu.fi\/sv\/wp-json\/wp\/v2\/pages"}],"about":[{"href":"https:\/\/www.kirkonulkomaanapu.fi\/sv\/wp-json\/wp\/v2\/types\/page"}],"author":[{"embeddable":true,"href":"https:\/\/www.kirkonulkomaanapu.fi\/sv\/wp-json\/wp\/v2\/users\/137"}],"replies":[{"embeddable":true,"href":"https:\/\/www.kirkonulkomaanapu.fi\/sv\/wp-json\/wp\/v2\/comments?post=3300"}],"version-history":[{"count":3,"href":"https:\/\/www.kirkonulkomaanapu.fi\/sv\/wp-json\/wp\/v2\/pages\/3300\/revisions"}],"predecessor-version":[{"id":160704,"href":"https:\/\/www.kirkonulkomaanapu.fi\/sv\/wp-json\/wp\/v2\/pages\/3300\/revisions\/160704"}],"up":[{"embeddable":true,"href":"https:\/\/www.kirkonulkomaanapu.fi\/sv\/wp-json\/wp\/v2\/pages\/2980"}],"wp:featuredmedia":[{"embeddable":true,"href":"https:\/\/www.kirkonulkomaanapu.fi\/sv\/wp-json\/wp\/v2\/media\/91043"}],"wp:attachment":[{"href":"https:\/\/www.kirkonulkomaanapu.fi\/sv\/wp-json\/wp\/v2\/media?parent=3300"}],"curies":[{"name":"wp","href":"https:\/\/api.w.org\/{rel}","templated":true}]}}