{"id":3297,"date":"2014-04-07T13:27:27","date_gmt":"2014-04-07T10:27:27","guid":{"rendered":"https:\/\/www.kirkonulkomaanapu.fi\/?page_id=3297"},"modified":"2026-03-31T13:39:12","modified_gmt":"2026-03-31T10:39:12","slug":"utvecklingssamarbetet","status":"publish","type":"page","link":"https:\/\/www.kirkonulkomaanapu.fi\/sv\/vart-arbete\/utvecklingssamarbetet\/","title":{"rendered":"Utvecklingssamarbetet"},"content":{"rendered":"\n\n\n<div class=\"block-hero full-width id-block\" style=\"background-image: url('https:\/\/www.kirkonulkomaanapu.fi\/wp-content\/uploads\/2021\/05\/Kehitysyhteistyo-scaled.jpg');\">\n\n\t<div class=\"bg-mobile\" style=\"background-image: url('https:\/\/www.kirkonulkomaanapu.fi\/wp-content\/uploads\/2021\/05\/Kehitysyhteistyo-1024x683.jpg');\"><\/div>\n\n\t\n\t<div class=\"curtain\"><\/div>\n\n\t<div class=\"container\">\n\t\t<div class=\"row\">\n\t\t\t<div class=\"col\">\n\t\t\t\t<div class=\"inner-blocks entry-content\">\n\t\t\t\t\t\t\t\t\t\t\t\n<h1 class=\"is-style-brush\" ><span class=\"bg\">\nUtvecklings<span class=\"is-highlighted\">samarbetet<\/span>\n<\/span><\/h1><h1 class=\"is-style-brush mobile\" ><span class=\"bg\">Utvecklings<span class=\"is-highlighted\">samarbetet<\/span><\/span><\/h1>\n\n\n<p><\/p>\n\n\n\t\t\t\t\t\t\t\t\t<\/div>\n\t\t\t<\/div>\n\t\t<\/div>\n\t<\/div>\n<\/div>\n\n\n<div class=\"subpage-navigation id-block full-width\">\n    <div class=\"container-lg\">\n        <div class=\"row\">\n            <div class=\"col\">\n                <ul class=\"pages\">\n                                        <li class=\"page ancestor\">\n                        <a href=\"https:\/\/www.kirkonulkomaanapu.fi\/sv\/vart-arbete\/\">V\u00e5rt arbete<\/a>\n                    <\/li>\n                                        <li class=\"page ancestor current\">\n                        <a href=\"https:\/\/www.kirkonulkomaanapu.fi\/sv\/vart-arbete\/utvecklingssamarbetet\/\">Utvecklingssamarbetet<\/a>\n                    <\/li>\n                    \n                                        <li class=\"page\">\n                        <a href=\"https:\/\/www.kirkonulkomaanapu.fi\/sv\/vart-arbete\/utvecklingssamarbetet\/fred\/\">Fred<\/a>\n                    <\/li>\n                                        <li class=\"page\">\n                        <a href=\"https:\/\/www.kirkonulkomaanapu.fi\/sv\/vart-arbete\/utvecklingssamarbetet\/utbildning\/\">Utbildning<\/a>\n                    <\/li>\n                                        <li class=\"page\">\n                        <a href=\"https:\/\/www.kirkonulkomaanapu.fi\/sv\/vart-arbete\/utvecklingssamarbetet\/utkomst\/\">Utkomst<\/a>\n                    <\/li>\n                                    <\/ul>\n            <\/div>\n        <\/div>\n    <\/div>\n<\/div>\n\n\n\n\n\n\n<p class=\"lead\">Kyrkans Utlandshj\u00e4lp arbetar med de allra fattigaste m\u00e4nniskorna oberoende av deras religion, etnicitet eller politiska \u00f6vertygelse. M\u00e5ls\u00e4ttningen \u00e4r en v\u00e4rld med resilienta och r\u00e4ttvisa samh\u00e4llen.<\/p>\n\n\n\n<p>H\u00f6rnstenarna f\u00f6r KUH:s utvecklingssamarbete \u00e4r r\u00e4tt till utbildning, r\u00e4tt till utkomst och r\u00e4tt till fred. Tillsammans med lokala akt\u00f6rer st\u00f6der vi de allra fattigaste och mest utsatta m\u00e4nniskorna att f\u00f6rb\u00e4ttra sina levnadsf\u00f6rh\u00e5llanden.<\/p>\n\n\n\n<p>Utvecklingssamarbetets m\u00e5ls\u00e4ttning \u00e4r att trygga m\u00e4nniskor en utkomst, m\u00e4nniskov\u00e4rde och ett r\u00e4ttvisare och mer h\u00e5llbart samh\u00e4lle. Vi hj\u00e4lper till med att bygga h\u00e5llbara och resilienta samh\u00e4llen s\u00e5 att individer ska kunna p\u00e5verka sin omgivning och f\u00f6rverkliga sina egna r\u00e4ttigheter. M\u00e5ls\u00e4ttningen \u00e4r att samh\u00e4llena klarar av att f\u00f6rbereda sig f\u00f6r kriser och klara sig genom dem.<\/p>\n\n\n\n<p>Internationella avtal samt m\u00e5ls\u00e4ttningarna f\u00f6r Finlands officiella utvecklingspolitik fungerar som ramar f\u00f6r samarbetet.<\/p>\n\n\n\n<p>I allt KUH:s arbete beaktar vi j\u00e4mlikhet och milj\u00f6fr\u00e5gor.<\/p>\n\n\n\n\n<div class=\"block-title-and-content full-width id-block\">\n\t<div class=\"container-lg\">\n\t\t<div class=\"row justify-content-center\">\n\t\t\t<div class=\"col col-12 col-lg-6\">\n\t\t\t\t<div class=\"entry-content\">\n\t\t\t\t\t<h2 class=\"block-title\">M\u00e5nadsg\u00e5van st\u00f6der l\u00e5ngsiktigt arbete<\/h2>\n\t\t\t\t<\/div>\n\t\t\t<\/div>\n\t\t\t<div class=\"col col-12 col-lg-6\">\n\t\t\t\t<div class=\"inner-blocks entry-content\">\n\t\t\t\t\t\n\n<p>Som m\u00e5nadsgivare hj\u00e4lper du de fattigaste barnen i utvecklingsl\u00e4nder att g\u00e5 i skola, vuxna att f\u00e5 utbildning och hela familjer att f\u00e5 en utkomst. Med hj\u00e4lp av v\u00e5ra m\u00e5nadsgivare kan vi f\u00f6rverkliga v\u00e5rt hj\u00e4lparbete b\u00e5de m\u00e5lmedvetet och l\u00e5ngsiktigt.<\/p>\n\n\n\n<div class=\"wp-block-buttons is-layout-flex wp-block-buttons-is-layout-flex\">\n<div class=\"wp-block-button\"><a class=\"wp-block-button__link wp-element-button\" href=\"https:\/\/www.kirkonulkomaanapu.fi\/sv\/ge-ett-bidrag\/\">Ge ett bidrag<\/a><\/div>\n<\/div>\n\n\n\t\t\t\t<\/div>\n\t\t\t<\/div>\n\t\t<\/div>\n\t<\/div>\t\n<\/div>\n\n\n\n<h2 class=\"wp-block-heading\">Finansiering av utvecklingssamarbetet<\/h2>\n\n\n\n<p>Finansieringen av utvecklingssamarbetsprojekten kommer fr\u00e5n givare och f\u00f6rsamlingar samt fr\u00e5n Utrikesministeriets medel f\u00f6r utvecklingssamarbete. St\u00f6det fr\u00e5n internationella finansi\u00e4rer v\u00e4xer. Kyrkans Utlandshj\u00e4lp f\u00f6rverkligar projekt s\u00e5 v\u00e4l sj\u00e4lvst\u00e4ndigt som tillsammans med partnerorganisationer \u2013 h\u00e4r kan du l\u00e4sa mer om v\u00e5r finansiering.<\/p>\n","protected":false},"excerpt":{"rendered":"<p>Kyrkans Utlandshj\u00e4lp arbetar med de allra fattigaste m\u00e4nniskorna oberoende av deras religion, etnicitet eller politiska \u00f6vertygelse. M\u00e5ls\u00e4ttningen \u00e4r en v\u00e4rld med resilienta och r\u00e4ttvisa samh\u00e4llen. H\u00f6rnstenarna f\u00f6r KUH:s utvecklingssamarbete \u00e4r r\u00e4tt till utbildning, r\u00e4tt till utkomst och r\u00e4tt till fred. Tillsammans med lokala akt\u00f6rer st\u00f6der vi de allra fattigaste och mest utsatta m\u00e4nniskorna att f\u00f6rb\u00e4ttra [&hellip;]<\/p>\n","protected":false},"author":137,"featured_media":116999,"parent":2980,"menu_order":7,"comment_status":"closed","ping_status":"open","template":"","meta":{"_acf_changed":false,"_relevanssi_hide_post":"","_relevanssi_hide_content":"","_relevanssi_pin_for_all":"","_relevanssi_pin_keywords":"","_relevanssi_unpin_keywords":"","_relevanssi_related_keywords":"","_relevanssi_related_include_ids":"","_relevanssi_related_exclude_ids":"","_relevanssi_related_no_append":"","_relevanssi_related_not_related":"","_relevanssi_related_posts":"108131,63644,89500","_relevanssi_noindex_reason":"","_improvement_type_select":"improve_an_existing","_thumb_yes_seoaic":false,"_frame_yes_seoaic":false,"seoaic_generate_description":"","seoaic_improve_instructions_prompt":"","seoaic_rollback_content_improvement":"","seoaic_idea_thumbnail_generator":"","thumbnail_generated":false,"thumbnail_generate_prompt":"","seoaic_article_description":"","footnotes":""},"class_list":["post-3297","page","type-page","status-publish","has-post-thumbnail","hentry"],"acf":[],"yoast_head":"<!-- This site is optimized with the Yoast SEO plugin v26.9 - https:\/\/yoast.com\/product\/yoast-seo-wordpress\/ -->\n<title>Utvecklingssamarbetet - Utbildning, utkomst, fred - Kyrkans Utlandhj\u00e4lp<\/title>\n<meta name=\"description\" content=\"Utvecklingssamarbetet syftar till att minska fattigdom och oj\u00e4mlikhet. KUH \u00e4r Finlands st\u00f6rsta organisation f\u00f6r internationella bist\u00e5nd.\" \/>\n<meta name=\"robots\" content=\"index, follow, max-snippet:-1, max-image-preview:large, max-video-preview:-1\" \/>\n<link rel=\"canonical\" href=\"https:\/\/www.kirkonulkomaanapu.fi\/sv\/vart-arbete\/utvecklingssamarbetet\/\" \/>\n<meta property=\"og:locale\" content=\"sv_SE\" \/>\n<meta property=\"og:type\" content=\"article\" \/>\n<meta property=\"og:title\" content=\"Utvecklingssamarbetet - Utbildning, utkomst, fred - Kyrkans Utlandhj\u00e4lp\" \/>\n<meta property=\"og:description\" content=\"Utvecklingssamarbetet syftar till att minska fattigdom och oj\u00e4mlikhet. KUH \u00e4r Finlands st\u00f6rsta organisation f\u00f6r internationella bist\u00e5nd.\" \/>\n<meta property=\"og:url\" content=\"https:\/\/www.kirkonulkomaanapu.fi\/sv\/vart-arbete\/utvecklingssamarbetet\/\" \/>\n<meta property=\"og:site_name\" content=\"Kyrkans Utlandshj\u00e4lp\" \/>\n<meta property=\"article:publisher\" content=\"https:\/\/www.facebook.com\/Ulkomaanapu\/\" \/>\n<meta property=\"article:modified_time\" content=\"2026-03-31T10:39:12+00:00\" \/>\n<meta property=\"og:image\" content=\"https:\/\/www.kirkonulkomaanapu.fi\/wp-content\/uploads\/2021\/05\/Kehitysyhteistyo-scaled.jpg\" \/>\n\t<meta property=\"og:image:width\" content=\"2560\" \/>\n\t<meta property=\"og:image:height\" content=\"1706\" \/>\n\t<meta property=\"og:image:type\" content=\"image\/jpeg\" \/>\n<meta name=\"twitter:label1\" content=\"Ber\u00e4knad l\u00e4stid\" \/>\n\t<meta name=\"twitter:data1\" content=\"2 minuter\" \/>\n<script type=\"application\/ld+json\" class=\"yoast-schema-graph\">{\"@context\":\"https:\/\/schema.org\",\"@graph\":[{\"@type\":\"WebPage\",\"@id\":\"https:\/\/www.kirkonulkomaanapu.fi\/sv\/vart-arbete\/utvecklingssamarbetet\/\",\"url\":\"https:\/\/www.kirkonulkomaanapu.fi\/sv\/vart-arbete\/utvecklingssamarbetet\/\",\"name\":\"Utvecklingssamarbetet - Utbildning, utkomst, fred - Kyrkans Utlandhj\u00e4lp\",\"isPartOf\":{\"@id\":\"https:\/\/www.kirkonulkomaanapu.fi\/#website\"},\"primaryImageOfPage\":{\"@id\":\"https:\/\/www.kirkonulkomaanapu.fi\/sv\/vart-arbete\/utvecklingssamarbetet\/#primaryimage\"},\"image\":{\"@id\":\"https:\/\/www.kirkonulkomaanapu.fi\/sv\/vart-arbete\/utvecklingssamarbetet\/#primaryimage\"},\"thumbnailUrl\":\"https:\/\/www.kirkonulkomaanapu.fi\/wp-content\/uploads\/2021\/05\/Kehitysyhteistyo-scaled.jpg\",\"datePublished\":\"2014-04-07T10:27:27+00:00\",\"dateModified\":\"2026-03-31T10:39:12+00:00\",\"description\":\"Utvecklingssamarbetet syftar till att minska fattigdom och oj\u00e4mlikhet. KUH \u00e4r Finlands st\u00f6rsta organisation f\u00f6r internationella bist\u00e5nd.\",\"breadcrumb\":{\"@id\":\"https:\/\/www.kirkonulkomaanapu.fi\/sv\/vart-arbete\/utvecklingssamarbetet\/#breadcrumb\"},\"inLanguage\":\"sv-SE\",\"potentialAction\":[{\"@type\":\"ReadAction\",\"target\":[\"https:\/\/www.kirkonulkomaanapu.fi\/sv\/vart-arbete\/utvecklingssamarbetet\/\"]}]},{\"@type\":\"ImageObject\",\"inLanguage\":\"sv-SE\",\"@id\":\"https:\/\/www.kirkonulkomaanapu.fi\/sv\/vart-arbete\/utvecklingssamarbetet\/#primaryimage\",\"url\":\"https:\/\/www.kirkonulkomaanapu.fi\/wp-content\/uploads\/2021\/05\/Kehitysyhteistyo-scaled.jpg\",\"contentUrl\":\"https:\/\/www.kirkonulkomaanapu.fi\/wp-content\/uploads\/2021\/05\/Kehitysyhteistyo-scaled.jpg\",\"width\":2560,\"height\":1706,\"caption\":\"Nepalilainen pariskunta ty\u00f6skentelee pellollaan.\"},{\"@type\":\"BreadcrumbList\",\"@id\":\"https:\/\/www.kirkonulkomaanapu.fi\/sv\/vart-arbete\/utvecklingssamarbetet\/#breadcrumb\",\"itemListElement\":[{\"@type\":\"ListItem\",\"position\":1,\"name\":\"Home\",\"item\":\"https:\/\/www.kirkonulkomaanapu.fi\/sv\/\"},{\"@type\":\"ListItem\",\"position\":2,\"name\":\"V\u00e5rt arbete\",\"item\":\"https:\/\/www.kirkonulkomaanapu.fi\/sv\/vart-arbete\/\"},{\"@type\":\"ListItem\",\"position\":3,\"name\":\"Utvecklingssamarbetet\"}]},{\"@type\":\"WebSite\",\"@id\":\"https:\/\/www.kirkonulkomaanapu.fi\/#website\",\"url\":\"https:\/\/www.kirkonulkomaanapu.fi\/\",\"name\":\"Kirkon Ulkomaanapu\",\"description\":\"Suomen suurin kehitysyhteisty\u00f6j\u00e4rjest\u00f6\",\"publisher\":{\"@id\":\"https:\/\/www.kirkonulkomaanapu.fi\/#organization\"},\"alternateName\":\"KUA\",\"potentialAction\":[{\"@type\":\"SearchAction\",\"target\":{\"@type\":\"EntryPoint\",\"urlTemplate\":\"https:\/\/www.kirkonulkomaanapu.fi\/?s={search_term_string}\"},\"query-input\":{\"@type\":\"PropertyValueSpecification\",\"valueRequired\":true,\"valueName\":\"search_term_string\"}}],\"inLanguage\":\"sv-SE\"},{\"@type\":\"Organization\",\"@id\":\"https:\/\/www.kirkonulkomaanapu.fi\/#organization\",\"name\":\"Kirkon Ulkomaanapu\",\"alternateName\":\"KUA\",\"url\":\"https:\/\/www.kirkonulkomaanapu.fi\/\",\"logo\":{\"@type\":\"ImageObject\",\"inLanguage\":\"sv-SE\",\"@id\":\"https:\/\/www.kirkonulkomaanapu.fi\/#\/schema\/logo\/image\/\",\"url\":\"https:\/\/www.kirkonulkomaanapu.fi\/wp-content\/uploads\/2026\/02\/Kirkon-ulkomaanapu-logo-1.png\",\"contentUrl\":\"https:\/\/www.kirkonulkomaanapu.fi\/wp-content\/uploads\/2026\/02\/Kirkon-ulkomaanapu-logo-1.png\",\"width\":225,\"height\":225,\"caption\":\"Kirkon Ulkomaanapu\"},\"image\":{\"@id\":\"https:\/\/www.kirkonulkomaanapu.fi\/#\/schema\/logo\/image\/\"},\"sameAs\":[\"https:\/\/www.facebook.com\/Ulkomaanapu\/\",\"https:\/\/www.youtube.com\/user\/kirkonulkomaanapu\",\"https:\/\/instagram.com\/kirkon_ulkomaanapu\/\",\"https:\/\/www.linkedin.com\/company\/finn-church-aid\/\"]}]}<\/script>\n<!-- \/ Yoast SEO plugin. -->","yoast_head_json":{"title":"Utvecklingssamarbetet - Utbildning, utkomst, fred - Kyrkans Utlandhj\u00e4lp","description":"Utvecklingssamarbetet syftar till att minska fattigdom och oj\u00e4mlikhet. KUH \u00e4r Finlands st\u00f6rsta organisation f\u00f6r internationella bist\u00e5nd.","robots":{"index":"index","follow":"follow","max-snippet":"max-snippet:-1","max-image-preview":"max-image-preview:large","max-video-preview":"max-video-preview:-1"},"canonical":"https:\/\/www.kirkonulkomaanapu.fi\/sv\/vart-arbete\/utvecklingssamarbetet\/","og_locale":"sv_SE","og_type":"article","og_title":"Utvecklingssamarbetet - Utbildning, utkomst, fred - Kyrkans Utlandhj\u00e4lp","og_description":"Utvecklingssamarbetet syftar till att minska fattigdom och oj\u00e4mlikhet. KUH \u00e4r Finlands st\u00f6rsta organisation f\u00f6r internationella bist\u00e5nd.","og_url":"https:\/\/www.kirkonulkomaanapu.fi\/sv\/vart-arbete\/utvecklingssamarbetet\/","og_site_name":"Kyrkans Utlandshj\u00e4lp","article_publisher":"https:\/\/www.facebook.com\/Ulkomaanapu\/","article_modified_time":"2026-03-31T10:39:12+00:00","og_image":[{"width":2560,"height":1706,"url":"https:\/\/www.kirkonulkomaanapu.fi\/wp-content\/uploads\/2021\/05\/Kehitysyhteistyo-scaled.jpg","type":"image\/jpeg"}],"twitter_misc":{"Ber\u00e4knad l\u00e4stid":"2 minuter"},"schema":{"@context":"https:\/\/schema.org","@graph":[{"@type":"WebPage","@id":"https:\/\/www.kirkonulkomaanapu.fi\/sv\/vart-arbete\/utvecklingssamarbetet\/","url":"https:\/\/www.kirkonulkomaanapu.fi\/sv\/vart-arbete\/utvecklingssamarbetet\/","name":"Utvecklingssamarbetet - Utbildning, utkomst, fred - Kyrkans Utlandhj\u00e4lp","isPartOf":{"@id":"https:\/\/www.kirkonulkomaanapu.fi\/#website"},"primaryImageOfPage":{"@id":"https:\/\/www.kirkonulkomaanapu.fi\/sv\/vart-arbete\/utvecklingssamarbetet\/#primaryimage"},"image":{"@id":"https:\/\/www.kirkonulkomaanapu.fi\/sv\/vart-arbete\/utvecklingssamarbetet\/#primaryimage"},"thumbnailUrl":"https:\/\/www.kirkonulkomaanapu.fi\/wp-content\/uploads\/2021\/05\/Kehitysyhteistyo-scaled.jpg","datePublished":"2014-04-07T10:27:27+00:00","dateModified":"2026-03-31T10:39:12+00:00","description":"Utvecklingssamarbetet syftar till att minska fattigdom och oj\u00e4mlikhet. KUH \u00e4r Finlands st\u00f6rsta organisation f\u00f6r internationella bist\u00e5nd.","breadcrumb":{"@id":"https:\/\/www.kirkonulkomaanapu.fi\/sv\/vart-arbete\/utvecklingssamarbetet\/#breadcrumb"},"inLanguage":"sv-SE","potentialAction":[{"@type":"ReadAction","target":["https:\/\/www.kirkonulkomaanapu.fi\/sv\/vart-arbete\/utvecklingssamarbetet\/"]}]},{"@type":"ImageObject","inLanguage":"sv-SE","@id":"https:\/\/www.kirkonulkomaanapu.fi\/sv\/vart-arbete\/utvecklingssamarbetet\/#primaryimage","url":"https:\/\/www.kirkonulkomaanapu.fi\/wp-content\/uploads\/2021\/05\/Kehitysyhteistyo-scaled.jpg","contentUrl":"https:\/\/www.kirkonulkomaanapu.fi\/wp-content\/uploads\/2021\/05\/Kehitysyhteistyo-scaled.jpg","width":2560,"height":1706,"caption":"Nepalilainen pariskunta ty\u00f6skentelee pellollaan."},{"@type":"BreadcrumbList","@id":"https:\/\/www.kirkonulkomaanapu.fi\/sv\/vart-arbete\/utvecklingssamarbetet\/#breadcrumb","itemListElement":[{"@type":"ListItem","position":1,"name":"Home","item":"https:\/\/www.kirkonulkomaanapu.fi\/sv\/"},{"@type":"ListItem","position":2,"name":"V\u00e5rt arbete","item":"https:\/\/www.kirkonulkomaanapu.fi\/sv\/vart-arbete\/"},{"@type":"ListItem","position":3,"name":"Utvecklingssamarbetet"}]},{"@type":"WebSite","@id":"https:\/\/www.kirkonulkomaanapu.fi\/#website","url":"https:\/\/www.kirkonulkomaanapu.fi\/","name":"Kirkon Ulkomaanapu","description":"Suomen suurin kehitysyhteisty\u00f6j\u00e4rjest\u00f6","publisher":{"@id":"https:\/\/www.kirkonulkomaanapu.fi\/#organization"},"alternateName":"KUA","potentialAction":[{"@type":"SearchAction","target":{"@type":"EntryPoint","urlTemplate":"https:\/\/www.kirkonulkomaanapu.fi\/?s={search_term_string}"},"query-input":{"@type":"PropertyValueSpecification","valueRequired":true,"valueName":"search_term_string"}}],"inLanguage":"sv-SE"},{"@type":"Organization","@id":"https:\/\/www.kirkonulkomaanapu.fi\/#organization","name":"Kirkon Ulkomaanapu","alternateName":"KUA","url":"https:\/\/www.kirkonulkomaanapu.fi\/","logo":{"@type":"ImageObject","inLanguage":"sv-SE","@id":"https:\/\/www.kirkonulkomaanapu.fi\/#\/schema\/logo\/image\/","url":"https:\/\/www.kirkonulkomaanapu.fi\/wp-content\/uploads\/2026\/02\/Kirkon-ulkomaanapu-logo-1.png","contentUrl":"https:\/\/www.kirkonulkomaanapu.fi\/wp-content\/uploads\/2026\/02\/Kirkon-ulkomaanapu-logo-1.png","width":225,"height":225,"caption":"Kirkon Ulkomaanapu"},"image":{"@id":"https:\/\/www.kirkonulkomaanapu.fi\/#\/schema\/logo\/image\/"},"sameAs":["https:\/\/www.facebook.com\/Ulkomaanapu\/","https:\/\/www.youtube.com\/user\/kirkonulkomaanapu","https:\/\/instagram.com\/kirkon_ulkomaanapu\/","https:\/\/www.linkedin.com\/company\/finn-church-aid\/"]}]}},"_links":{"self":[{"href":"https:\/\/www.kirkonulkomaanapu.fi\/sv\/wp-json\/wp\/v2\/pages\/3297","targetHints":{"allow":["GET"]}}],"collection":[{"href":"https:\/\/www.kirkonulkomaanapu.fi\/sv\/wp-json\/wp\/v2\/pages"}],"about":[{"href":"https:\/\/www.kirkonulkomaanapu.fi\/sv\/wp-json\/wp\/v2\/types\/page"}],"author":[{"embeddable":true,"href":"https:\/\/www.kirkonulkomaanapu.fi\/sv\/wp-json\/wp\/v2\/users\/137"}],"replies":[{"embeddable":true,"href":"https:\/\/www.kirkonulkomaanapu.fi\/sv\/wp-json\/wp\/v2\/comments?post=3297"}],"version-history":[{"count":2,"href":"https:\/\/www.kirkonulkomaanapu.fi\/sv\/wp-json\/wp\/v2\/pages\/3297\/revisions"}],"predecessor-version":[{"id":160708,"href":"https:\/\/www.kirkonulkomaanapu.fi\/sv\/wp-json\/wp\/v2\/pages\/3297\/revisions\/160708"}],"up":[{"embeddable":true,"href":"https:\/\/www.kirkonulkomaanapu.fi\/sv\/wp-json\/wp\/v2\/pages\/2980"}],"wp:featuredmedia":[{"embeddable":true,"href":"https:\/\/www.kirkonulkomaanapu.fi\/sv\/wp-json\/wp\/v2\/media\/116999"}],"wp:attachment":[{"href":"https:\/\/www.kirkonulkomaanapu.fi\/sv\/wp-json\/wp\/v2\/media?parent=3297"}],"curies":[{"name":"wp","href":"https:\/\/api.w.org\/{rel}","templated":true}]}}