{"id":3294,"date":"2014-04-07T13:25:59","date_gmt":"2014-04-07T10:25:59","guid":{"rendered":"https:\/\/www.kirkonulkomaanapu.fi\/?page_id=3294"},"modified":"2023-09-22T15:23:39","modified_gmt":"2023-09-22T12:23:39","slug":"vanliga-fragor","status":"publish","type":"page","link":"https:\/\/www.kirkonulkomaanapu.fi\/sv\/om-oss\/vanliga-fragor\/","title":{"rendered":"Vanliga fr\u00e5gor"},"content":{"rendered":"<h1 class=\"is-style-brush\" ><span class=\"bg\">\nVanliga <span class=\"is-highlighted\">fr\u00e5gor<\/span>\n<\/span><\/h1><h1 class=\"is-style-brush mobile\" ><span class=\"bg\">Vanliga<\/span><span class=\"is-highlighted\"><span class=\"bg\">fr\u00e5gor<\/span><\/span><\/h1>\n\n\n<h2 class=\"wp-block-heading\">1. Hur&nbsp;fungerar Kyrkans Utlandshj\u00e4lp?<\/h2>\n\n\n\n<p>Administrativt \u00e4r Kyrkans Utlandshj\u00e4lp en stiftelse som \u00e4r anknuten till Kyrkans utrikesavdelning. Vi&nbsp;\u00e4r en del av&nbsp;ett internationellt n\u00e4tverk d\u00e4r v\u00e5ra viktigaste samarbetspartner \u00e4r ACT-alliansen, Lutherska v\u00e4rldsf\u00f6rbundet och Kyrkornas v\u00e4rldsr\u00e5d. V\u00e5rt bist\u00e5nd kanaliseras huvudsakligen genom dessa v\u00e4rldsorganisationer.<\/p>\n\n\n\n<p>F\u00f6r det praktiska f\u00f6rverkligandet av b\u00e5de katastrofhj\u00e4lpen och utvecklingssamarbetet, svarar i f\u00f6rsta hand lokala samfund och&nbsp;organisationer.<\/p>\n\n\n\n<p>I Finland \u00e4r de n\u00e4rmaste samarbetspartnerna den lutherska kyrkans f\u00f6rsamlingar. I n\u00e4stan alla f\u00f6rsamlingar har Kyrkans Utlandshj\u00e4lp ett eller flera ombud som informerar om oss och engagerar b\u00e5de sig sj\u00e4lv och andra f\u00f6r det arbete vi g\u00f6r.<\/p>\n\n\n\n<h2 class=\"wp-block-heading\">2. N\u00e5r hj\u00e4lpen fram?<\/h2>\n\n\n\n<p>Varje projekt har vid KUH en ansvarsperson som f\u00f6ljer med hur projektet framskrider. Ansvarspersonen bes\u00f6ker platsen. Projekten f\u00f6ljs ocks\u00e5 upp av de lokala samarbetspartnerna.<\/p>\n\n\n\n<p>I varje land&nbsp;granskar en internationellt godk\u00e4nd revisor projektens&nbsp;ekonomi.&nbsp;Granskningsber\u00e4ttelserna genomg\u00e5s&nbsp;vid huvudkontoret i&nbsp;Helsingfors.<\/p>\n\n\n\n<p>Bist\u00e5ndsprojekten och de lokala samarbetspartnerna v\u00e4ljs med omsorg. N\u00e4r man inleder enskilda projekt&nbsp;ser man inte bara till att hj\u00e4lpen n\u00e5r fram, utan ocks\u00e5 att hj\u00e4lpen fungerar, dvs att man \u00e5stadkommer den f\u00f6r\u00e4ndring man planerat.<\/p>\n\n\n\n<h2 class=\"wp-block-heading\">3. Hur stor del av pengarna g\u00e5r till bist\u00e5ndsprojekten och hur stor del till administrationen?<\/h2>\n\n\n\n<p>\u00c5r 2022 anv\u00e4nde vi sammanlag 67,9 miljoner euro till bist\u00e5ndsarbetet och annan verksamhet. Till bist\u00e5ndsarbetet anv\u00e4ndes 62,1 miljoner euro (91,5 %). Till funktionerna i hemlandet och administrationen anv\u00e4ndes 5,8 miljoner euro (8,5 %).<\/p>\n\n\n\n<div class=\"wp-block-buttons is-layout-flex wp-block-buttons-is-layout-flex\">\n<div class=\"wp-block-button\"><a class=\"wp-block-button__link wp-element-button\" href=\"https:\/\/www.kirkonulkomaanapu.fi\/sv\/om-oss\/styrelsen-och-ekonomin\/\">N\u00e4rmare information om ekonomin<\/a><\/div>\n<\/div>\n\n\n\n<h2 class=\"wp-block-heading\">4. Hj\u00e4lper Kyrkans Utlandshj\u00e4lp enbart kristna?<\/h2>\n\n\n\n<p>Hj\u00e4lpen ges till dem som mest beh\u00f6ver den, oberoende av&nbsp;etnicitet, religion eller politisk \u00f6vertygelse. Arbetet g\u00f6rs tillsammans med m\u00e4nniskor som f\u00f6retr\u00e4der olika religioner.<\/p>\n\n\n\n<h2 class=\"wp-block-heading\">5. Kan man genom Kyrkans Utlandshj\u00e4lp f\u00e5 ett fadderbarn i ett u-land?<\/h2>\n\n\n\n<p>Nej, men&nbsp;m\u00e5nga av v\u00e5ra projekt i u-l\u00e4nderna hj\u00e4lper s\u00e4rskilt barnen.<\/p>\n\n\n\n<h2 class=\"wp-block-heading\">6. Kan jag genom Kyrkans Utlandshj\u00e4lp ge saker, t.ex. kl\u00e4der ?<\/h2>\n\n\n\n<p>Vi s\u00e4nder inte begagnade kl\u00e4der eller saker till utvecklingsl\u00e4nderna eller katastrofomr\u00e5den. Vissa bist\u00e5ndsvaror &nbsp;s\u00e5som byggnadsmaterial och livsmedel, anskaffas huvudsakligen p\u00e5 platsen. P\u00e5 det s\u00e4ttet st\u00f6der man lokala f\u00f6retagare och sparar i transportkostnaderna. \u00d6vriga varor s\u00e5som filtar, t\u00e4lt och l\u00e4kemedel anskaffas oftast i samr\u00e5d med \u00f6vriga hj\u00e4lporganisationer.<\/p>\n\n\n\n<h2 class=\"wp-block-heading\">7. Bedriver Kyrkans Utlandshj\u00e4lp missionsverksamhet?<\/h2>\n\n\n\n<p>Nej. KUH&#8217;s arbete \u00e4r&nbsp; diakoni d\u00e4r k\u00e4rleken till n\u00e4stan f\u00f6rverkligas i handlingar. Hj\u00e4lpen ges till de mest beh\u00f6vande, oberoende av religion, politisk \u00f6vertygelse, k\u00f6n eller etnicitet och arbetet utf\u00f6rs tillsammans med andra akt\u00f6rer oberoende av deras religion.<\/p>\n\n\n\n<h2 class=\"wp-block-heading\">8. Kan jag genom Kyrkans Utlandshj\u00e4lp bli volont\u00e4r i utlandet?<\/h2>\n\n\n\n<p>Det arbete som KUH st\u00f6der eller leder, f\u00f6rverkligas huvudsakligen av inv\u00e5nare i ifr\u00e5gavarande land. De som k\u00e4nner landets f\u00f6rh\u00e5llanden b\u00e4st, ser till att insatsen blir r\u00e4tt inriktad. Vi anv\u00e4nder allts\u00e5 i f\u00f6rsta hand lokal arbetskraft i v\u00e5ra projekt. Men vi s\u00e4nder ut volont\u00e4rer&nbsp; f\u00f6r tidsbest\u00e4mda uppdrag genom f\u00f6ljeslagarprogrammet EAPPI, beredskapsgruppen f\u00f6r det humanit\u00e4ra arbetet och n\u00e4tverket L\u00e4rare utan gr\u00e4nser.<\/p>\n\n\n\n<h2 class=\"wp-block-heading\">10. Placerar Kyrkans Utlandshj\u00e4lp pengar?<\/h2>\n\n\n\n<p>Enligt&nbsp;sina stadgar str\u00e4var stiftelsen&nbsp;inte efter ekonomisk vinst. I styrelsens ekonomidirektiv preciseras, att stiftelsen inte samlar kapital att placeras.&nbsp;Eget kapital h\u00e5lls p\u00e5 den niv\u00e5 som \u00e4r&nbsp;\u00e4ndam\u00e5lsenlig med tanke p\u00e5 verksamheten.<\/p>\n\n\n\n<p>Till&nbsp; v\u00e5r ansvarsfulla&nbsp;ekonomi h\u00f6r ocks\u00e5&nbsp; l\u00e5ngsiktig planering. Om medel samlas in f\u00f6r att anv\u00e4ndas under en l\u00e4ngre tid,&nbsp;t ex f\u00f6r \u00e5teruppbyggnadsarbeten efter en katastrof, &nbsp;h\u00e5lls de enligt styrelsens direktiv antingen p\u00e5 r\u00e4nteb\u00e4rande konton eller i r\u00e4ntefonder. Stiftelsen placerar inte medel i aktier eller p\u00e5 andra riskfyllda s\u00e4tt.<\/p>\n","protected":false},"excerpt":{"rendered":"<p>Vanliga fr\u00e5gor Vanligafr\u00e5gor 1. Hur&nbsp;fungerar Kyrkans Utlandshj\u00e4lp? Administrativt \u00e4r Kyrkans Utlandshj\u00e4lp en stiftelse som \u00e4r anknuten till Kyrkans utrikesavdelning. Vi&nbsp;\u00e4r en del av&nbsp;ett internationellt n\u00e4tverk d\u00e4r v\u00e5ra viktigaste samarbetspartner \u00e4r ACT-alliansen, Lutherska v\u00e4rldsf\u00f6rbundet och Kyrkornas v\u00e4rldsr\u00e5d. V\u00e5rt bist\u00e5nd kanaliseras huvudsakligen genom dessa v\u00e4rldsorganisationer. F\u00f6r det praktiska f\u00f6rverkligandet av b\u00e5de katastrofhj\u00e4lpen och utvecklingssamarbetet, svarar i f\u00f6rsta [&hellip;]<\/p>\n","protected":false},"author":137,"featured_media":0,"parent":116383,"menu_order":4,"comment_status":"closed","ping_status":"open","template":"","meta":{"_acf_changed":false,"_relevanssi_hide_post":"","_relevanssi_hide_content":"","_relevanssi_pin_for_all":"","_relevanssi_pin_keywords":"","_relevanssi_unpin_keywords":"","_relevanssi_related_keywords":"","_relevanssi_related_include_ids":"","_relevanssi_related_exclude_ids":"","_relevanssi_related_no_append":"","_relevanssi_related_not_related":"","_relevanssi_related_posts":"89500,108131,63644","_relevanssi_noindex_reason":"","_improvement_type_select":"improve_an_existing","_thumb_yes_seoaic":false,"_frame_yes_seoaic":false,"seoaic_generate_description":"","seoaic_improve_instructions_prompt":"","seoaic_rollback_content_improvement":"","seoaic_idea_thumbnail_generator":"","thumbnail_generated":false,"thumbnail_generate_prompt":"","seoaic_article_description":"","footnotes":""},"class_list":["post-3294","page","type-page","status-publish","hentry"],"acf":[],"yoast_head":"<!-- This site is optimized with the Yoast SEO plugin v26.9 - https:\/\/yoast.com\/product\/yoast-seo-wordpress\/ -->\n<title>Vanliga fr\u00e5gor om v\u00e5rt arbete och organisationen - Kyrkans Utlandshj\u00e4lp<\/title>\n<meta name=\"description\" content=\"Hitta svar p\u00e5 vanliga fr\u00e5gor om v\u00e5rt arbete, m\u00f6jligheter att delta och bakgrunden till Kyrkans Utlandshj\u00e4lp.\" \/>\n<meta name=\"robots\" content=\"index, follow, max-snippet:-1, max-image-preview:large, max-video-preview:-1\" \/>\n<link rel=\"canonical\" href=\"https:\/\/www.kirkonulkomaanapu.fi\/sv\/om-oss\/vanliga-fragor\/\" \/>\n<meta property=\"og:locale\" content=\"sv_SE\" \/>\n<meta property=\"og:type\" content=\"article\" \/>\n<meta property=\"og:title\" content=\"Vanliga fr\u00e5gor om v\u00e5rt arbete och organisationen - Kyrkans Utlandshj\u00e4lp\" \/>\n<meta property=\"og:description\" content=\"Hitta svar p\u00e5 vanliga fr\u00e5gor om v\u00e5rt arbete, m\u00f6jligheter att delta och bakgrunden till Kyrkans Utlandshj\u00e4lp.\" \/>\n<meta property=\"og:url\" content=\"https:\/\/www.kirkonulkomaanapu.fi\/sv\/om-oss\/vanliga-fragor\/\" \/>\n<meta property=\"og:site_name\" content=\"Kyrkans Utlandshj\u00e4lp\" \/>\n<meta property=\"article:publisher\" content=\"https:\/\/www.facebook.com\/Ulkomaanapu\/\" \/>\n<meta property=\"article:modified_time\" content=\"2023-09-22T12:23:39+00:00\" \/>\n<meta property=\"og:image\" content=\"https:\/\/www.kirkonulkomaanapu.fi\/wp-content\/uploads\/2026\/02\/Kirkon-ulkomaanapu-logo.png\" \/>\n\t<meta property=\"og:image:width\" content=\"225\" \/>\n\t<meta property=\"og:image:height\" content=\"225\" \/>\n\t<meta property=\"og:image:type\" content=\"image\/png\" \/>\n<meta name=\"twitter:label1\" content=\"Ber\u00e4knad l\u00e4stid\" \/>\n\t<meta name=\"twitter:data1\" content=\"4 minuter\" \/>\n<script type=\"application\/ld+json\" class=\"yoast-schema-graph\">{\"@context\":\"https:\/\/schema.org\",\"@graph\":[{\"@type\":\"WebPage\",\"@id\":\"https:\/\/www.kirkonulkomaanapu.fi\/sv\/om-oss\/vanliga-fragor\/\",\"url\":\"https:\/\/www.kirkonulkomaanapu.fi\/sv\/om-oss\/vanliga-fragor\/\",\"name\":\"Vanliga fr\u00e5gor om v\u00e5rt arbete och organisationen - Kyrkans Utlandshj\u00e4lp\",\"isPartOf\":{\"@id\":\"https:\/\/www.kirkonulkomaanapu.fi\/#website\"},\"datePublished\":\"2014-04-07T10:25:59+00:00\",\"dateModified\":\"2023-09-22T12:23:39+00:00\",\"description\":\"Hitta svar p\u00e5 vanliga fr\u00e5gor om v\u00e5rt arbete, m\u00f6jligheter att delta och bakgrunden till Kyrkans Utlandshj\u00e4lp.\",\"breadcrumb\":{\"@id\":\"https:\/\/www.kirkonulkomaanapu.fi\/sv\/om-oss\/vanliga-fragor\/#breadcrumb\"},\"inLanguage\":\"sv-SE\",\"potentialAction\":[{\"@type\":\"ReadAction\",\"target\":[\"https:\/\/www.kirkonulkomaanapu.fi\/sv\/om-oss\/vanliga-fragor\/\"]}]},{\"@type\":\"BreadcrumbList\",\"@id\":\"https:\/\/www.kirkonulkomaanapu.fi\/sv\/om-oss\/vanliga-fragor\/#breadcrumb\",\"itemListElement\":[{\"@type\":\"ListItem\",\"position\":1,\"name\":\"Home\",\"item\":\"https:\/\/www.kirkonulkomaanapu.fi\/sv\/\"},{\"@type\":\"ListItem\",\"position\":2,\"name\":\"Om oss\",\"item\":\"https:\/\/www.kirkonulkomaanapu.fi\/sv\/om-oss\/\"},{\"@type\":\"ListItem\",\"position\":3,\"name\":\"Vanliga fr\u00e5gor\"}]},{\"@type\":\"WebSite\",\"@id\":\"https:\/\/www.kirkonulkomaanapu.fi\/#website\",\"url\":\"https:\/\/www.kirkonulkomaanapu.fi\/\",\"name\":\"Kirkon Ulkomaanapu\",\"description\":\"Suomen suurin kehitysyhteisty\u00f6j\u00e4rjest\u00f6\",\"publisher\":{\"@id\":\"https:\/\/www.kirkonulkomaanapu.fi\/#organization\"},\"alternateName\":\"KUA\",\"potentialAction\":[{\"@type\":\"SearchAction\",\"target\":{\"@type\":\"EntryPoint\",\"urlTemplate\":\"https:\/\/www.kirkonulkomaanapu.fi\/?s={search_term_string}\"},\"query-input\":{\"@type\":\"PropertyValueSpecification\",\"valueRequired\":true,\"valueName\":\"search_term_string\"}}],\"inLanguage\":\"sv-SE\"},{\"@type\":\"Organization\",\"@id\":\"https:\/\/www.kirkonulkomaanapu.fi\/#organization\",\"name\":\"Kirkon Ulkomaanapu\",\"alternateName\":\"KUA\",\"url\":\"https:\/\/www.kirkonulkomaanapu.fi\/\",\"logo\":{\"@type\":\"ImageObject\",\"inLanguage\":\"sv-SE\",\"@id\":\"https:\/\/www.kirkonulkomaanapu.fi\/#\/schema\/logo\/image\/\",\"url\":\"https:\/\/www.kirkonulkomaanapu.fi\/wp-content\/uploads\/2026\/02\/Kirkon-ulkomaanapu-logo-1.png\",\"contentUrl\":\"https:\/\/www.kirkonulkomaanapu.fi\/wp-content\/uploads\/2026\/02\/Kirkon-ulkomaanapu-logo-1.png\",\"width\":225,\"height\":225,\"caption\":\"Kirkon Ulkomaanapu\"},\"image\":{\"@id\":\"https:\/\/www.kirkonulkomaanapu.fi\/#\/schema\/logo\/image\/\"},\"sameAs\":[\"https:\/\/www.facebook.com\/Ulkomaanapu\/\",\"https:\/\/www.youtube.com\/user\/kirkonulkomaanapu\",\"https:\/\/instagram.com\/kirkon_ulkomaanapu\/\",\"https:\/\/www.linkedin.com\/company\/finn-church-aid\/\"]}]}<\/script>\n<!-- \/ Yoast SEO plugin. -->","yoast_head_json":{"title":"Vanliga fr\u00e5gor om v\u00e5rt arbete och organisationen - Kyrkans Utlandshj\u00e4lp","description":"Hitta svar p\u00e5 vanliga fr\u00e5gor om v\u00e5rt arbete, m\u00f6jligheter att delta och bakgrunden till Kyrkans Utlandshj\u00e4lp.","robots":{"index":"index","follow":"follow","max-snippet":"max-snippet:-1","max-image-preview":"max-image-preview:large","max-video-preview":"max-video-preview:-1"},"canonical":"https:\/\/www.kirkonulkomaanapu.fi\/sv\/om-oss\/vanliga-fragor\/","og_locale":"sv_SE","og_type":"article","og_title":"Vanliga fr\u00e5gor om v\u00e5rt arbete och organisationen - Kyrkans Utlandshj\u00e4lp","og_description":"Hitta svar p\u00e5 vanliga fr\u00e5gor om v\u00e5rt arbete, m\u00f6jligheter att delta och bakgrunden till Kyrkans Utlandshj\u00e4lp.","og_url":"https:\/\/www.kirkonulkomaanapu.fi\/sv\/om-oss\/vanliga-fragor\/","og_site_name":"Kyrkans Utlandshj\u00e4lp","article_publisher":"https:\/\/www.facebook.com\/Ulkomaanapu\/","article_modified_time":"2023-09-22T12:23:39+00:00","og_image":[{"width":225,"height":225,"url":"https:\/\/www.kirkonulkomaanapu.fi\/wp-content\/uploads\/2026\/02\/Kirkon-ulkomaanapu-logo.png","type":"image\/png"}],"twitter_misc":{"Ber\u00e4knad l\u00e4stid":"4 minuter"},"schema":{"@context":"https:\/\/schema.org","@graph":[{"@type":"WebPage","@id":"https:\/\/www.kirkonulkomaanapu.fi\/sv\/om-oss\/vanliga-fragor\/","url":"https:\/\/www.kirkonulkomaanapu.fi\/sv\/om-oss\/vanliga-fragor\/","name":"Vanliga fr\u00e5gor om v\u00e5rt arbete och organisationen - Kyrkans Utlandshj\u00e4lp","isPartOf":{"@id":"https:\/\/www.kirkonulkomaanapu.fi\/#website"},"datePublished":"2014-04-07T10:25:59+00:00","dateModified":"2023-09-22T12:23:39+00:00","description":"Hitta svar p\u00e5 vanliga fr\u00e5gor om v\u00e5rt arbete, m\u00f6jligheter att delta och bakgrunden till Kyrkans Utlandshj\u00e4lp.","breadcrumb":{"@id":"https:\/\/www.kirkonulkomaanapu.fi\/sv\/om-oss\/vanliga-fragor\/#breadcrumb"},"inLanguage":"sv-SE","potentialAction":[{"@type":"ReadAction","target":["https:\/\/www.kirkonulkomaanapu.fi\/sv\/om-oss\/vanliga-fragor\/"]}]},{"@type":"BreadcrumbList","@id":"https:\/\/www.kirkonulkomaanapu.fi\/sv\/om-oss\/vanliga-fragor\/#breadcrumb","itemListElement":[{"@type":"ListItem","position":1,"name":"Home","item":"https:\/\/www.kirkonulkomaanapu.fi\/sv\/"},{"@type":"ListItem","position":2,"name":"Om oss","item":"https:\/\/www.kirkonulkomaanapu.fi\/sv\/om-oss\/"},{"@type":"ListItem","position":3,"name":"Vanliga fr\u00e5gor"}]},{"@type":"WebSite","@id":"https:\/\/www.kirkonulkomaanapu.fi\/#website","url":"https:\/\/www.kirkonulkomaanapu.fi\/","name":"Kirkon Ulkomaanapu","description":"Suomen suurin kehitysyhteisty\u00f6j\u00e4rjest\u00f6","publisher":{"@id":"https:\/\/www.kirkonulkomaanapu.fi\/#organization"},"alternateName":"KUA","potentialAction":[{"@type":"SearchAction","target":{"@type":"EntryPoint","urlTemplate":"https:\/\/www.kirkonulkomaanapu.fi\/?s={search_term_string}"},"query-input":{"@type":"PropertyValueSpecification","valueRequired":true,"valueName":"search_term_string"}}],"inLanguage":"sv-SE"},{"@type":"Organization","@id":"https:\/\/www.kirkonulkomaanapu.fi\/#organization","name":"Kirkon Ulkomaanapu","alternateName":"KUA","url":"https:\/\/www.kirkonulkomaanapu.fi\/","logo":{"@type":"ImageObject","inLanguage":"sv-SE","@id":"https:\/\/www.kirkonulkomaanapu.fi\/#\/schema\/logo\/image\/","url":"https:\/\/www.kirkonulkomaanapu.fi\/wp-content\/uploads\/2026\/02\/Kirkon-ulkomaanapu-logo-1.png","contentUrl":"https:\/\/www.kirkonulkomaanapu.fi\/wp-content\/uploads\/2026\/02\/Kirkon-ulkomaanapu-logo-1.png","width":225,"height":225,"caption":"Kirkon Ulkomaanapu"},"image":{"@id":"https:\/\/www.kirkonulkomaanapu.fi\/#\/schema\/logo\/image\/"},"sameAs":["https:\/\/www.facebook.com\/Ulkomaanapu\/","https:\/\/www.youtube.com\/user\/kirkonulkomaanapu","https:\/\/instagram.com\/kirkon_ulkomaanapu\/","https:\/\/www.linkedin.com\/company\/finn-church-aid\/"]}]}},"_links":{"self":[{"href":"https:\/\/www.kirkonulkomaanapu.fi\/sv\/wp-json\/wp\/v2\/pages\/3294","targetHints":{"allow":["GET"]}}],"collection":[{"href":"https:\/\/www.kirkonulkomaanapu.fi\/sv\/wp-json\/wp\/v2\/pages"}],"about":[{"href":"https:\/\/www.kirkonulkomaanapu.fi\/sv\/wp-json\/wp\/v2\/types\/page"}],"author":[{"embeddable":true,"href":"https:\/\/www.kirkonulkomaanapu.fi\/sv\/wp-json\/wp\/v2\/users\/137"}],"replies":[{"embeddable":true,"href":"https:\/\/www.kirkonulkomaanapu.fi\/sv\/wp-json\/wp\/v2\/comments?post=3294"}],"version-history":[{"count":3,"href":"https:\/\/www.kirkonulkomaanapu.fi\/sv\/wp-json\/wp\/v2\/pages\/3294\/revisions"}],"predecessor-version":[{"id":143385,"href":"https:\/\/www.kirkonulkomaanapu.fi\/sv\/wp-json\/wp\/v2\/pages\/3294\/revisions\/143385"}],"up":[{"embeddable":true,"href":"https:\/\/www.kirkonulkomaanapu.fi\/sv\/wp-json\/wp\/v2\/pages\/116383"}],"wp:attachment":[{"href":"https:\/\/www.kirkonulkomaanapu.fi\/sv\/wp-json\/wp\/v2\/media?parent=3294"}],"curies":[{"name":"wp","href":"https:\/\/api.w.org\/{rel}","templated":true}]}}