{"id":3291,"date":"2014-04-07T13:25:02","date_gmt":"2014-04-07T10:25:02","guid":{"rendered":"https:\/\/www.kirkonulkomaanapu.fi\/?page_id=3291"},"modified":"2026-04-22T09:22:15","modified_gmt":"2026-04-22T06:22:15","slug":"rekrytering","status":"publish","type":"page","link":"https:\/\/www.kirkonulkomaanapu.fi\/sv\/om-oss\/rekrytering\/","title":{"rendered":"Rekrytering"},"content":{"rendered":"\n\n\n<div class=\"block-hero full-width id-block\" style=\"background-image: url('https:\/\/www.kirkonulkomaanapu.fi\/wp-content\/uploads\/2021\/05\/Tyopaikat-scaled.jpg');\">\n\n\t<div class=\"bg-mobile\" style=\"background-image: url('https:\/\/www.kirkonulkomaanapu.fi\/wp-content\/uploads\/2021\/05\/Tyopaikat-1024x683.jpg');\"><\/div>\n\n\t\n\t<div class=\"curtain\"><\/div>\n\n\t<div class=\"container\">\n\t\t<div class=\"row\">\n\t\t\t<div class=\"col\">\n\t\t\t\t<div class=\"inner-blocks entry-content\">\n\t\t\t\t\t\t\t\t\t\t\t\n<h1 class=\"is-style-brush\" ><span class=\"bg\">\nRekrytering\n<\/span><\/h1><h1 class=\"is-style-brush mobile\" ><span class=\"bg\">Rekrytering<\/span><\/h1>\n\n\n<p><\/p>\n\n\n\t\t\t\t\t\t\t\t\t<\/div>\n\t\t\t<\/div>\n\t\t<\/div>\n\t<\/div>\n<\/div>\n\n\n<div class=\"subpage-navigation id-block full-width\">\n    <div class=\"container-lg\">\n        <div class=\"row\">\n            <div class=\"col\">\n                <ul class=\"pages\">\n                                        <li class=\"page ancestor\">\n                        <a href=\"https:\/\/www.kirkonulkomaanapu.fi\/sv\/om-oss\/\">Om oss<\/a>\n                    <\/li>\n                    \n                                        <li class=\"page\">\n                        <a href=\"https:\/\/www.kirkonulkomaanapu.fi\/sv\/om-oss\/styrelsen-och-ekonomin\/\">Ekonomin<\/a>\n                    <\/li>\n                                        <li class=\"page\">\n                        <a href=\"https:\/\/www.kirkonulkomaanapu.fi\/sv\/om-oss\/historia\/\">Historia<\/a>\n                    <\/li>\n                                        <li class=\"page\">\n                        <a href=\"https:\/\/www.kirkonulkomaanapu.fi\/sv\/om-oss\/kvalitet-och-ansvar\/\">Kvalitet och ansvar<\/a>\n                    <\/li>\n                                        <li class=\"page current\">\n                        <a href=\"https:\/\/www.kirkonulkomaanapu.fi\/sv\/om-oss\/rekrytering\/\">Rekrytering<\/a>\n                    <\/li>\n                                        <li class=\"page\">\n                        <a href=\"https:\/\/www.kirkonulkomaanapu.fi\/sv\/om-oss\/natverk\/\">Samarbetsn\u00e4tverk<\/a>\n                    <\/li>\n                                        <li class=\"page\">\n                        <a href=\"https:\/\/www.kirkonulkomaanapu.fi\/sv\/om-oss\/vanliga-fragor\/\">Vanliga fr\u00e5gor<\/a>\n                    <\/li>\n                                    <\/ul>\n            <\/div>\n        <\/div>\n    <\/div>\n<\/div>\n\n\n\n\n\n\n<p>Kyrkans Utlandshj\u00e4lp sr \u00e4r Finlands st\u00f6rsta organisation f\u00f6r internationellt bist\u00e5nd. Vi h\u00f6r till det internationella kyrkliga bist\u00e5ndsorganisationernas n\u00e4tverk ACT. Vi arbetar f\u00f6r m\u00e4nniskov\u00e4rde och r\u00e4ttvisa samt f\u00f6r att garantera v\u00e4rldens fattigaste m\u00e4nniskor grundf\u00f6ruts\u00e4ttningar f\u00f6r livet.<\/p>\n\n\n\n<p>I v\u00e5r verksamhet har vi f\u00f6rbundit oss till att fr\u00e4mja internationella Core Humanitarian Standards (CHS) principer och har f\u00e5tt CHS-certifikatet som f\u00f6rsta organisation i Finland. Vi \u00e4r medlem i CHS Alliance. Kyrkans Utlandshj\u00e4lps Safeguarding Policy till\u00e4mpas i alla anst\u00e4llningsf\u00f6rh\u00e5llanden. Det innefattar f\u00f6rh\u00e5llningsregler och praxis som skyddar de mest utsatta samt att vi f\u00f6rebygger utnyttjande och ingriper i oegentligheter bland de anst\u00e4llda.<\/p>\n\n\n\n<p>Som arbetsgivare str\u00e4var Kyrkans Utlandshj\u00e4lp efter att systematiskt utveckla de anst\u00e4lldas kunskaper p\u00e5 flera s\u00e4tt. M\u00e5let \u00e4r att via st\u00e4ndig utveckling f\u00f6rb\u00e4ttra de anst\u00e4lldas kunnande och f\u00e4rdigheter att verka b\u00e5de i nationella och internationella uppdrag. De som deltar i utbildningarna uppmuntras att dela med sig av sina l\u00e4rdomar till kolleger. Vi f\u00f6rs\u00f6ker utnyttja v\u00e4lfungerande praxis n\u00e4r vi utvecklar verksamheten och nya innovationer. Genom att \u00f6ka gott ledarskap och utveckla de anst\u00e4lldas kunskaper str\u00e4var vi efter att alla trivs p\u00e5 jobbet och att verksamheten l\u00f6per smidigt.<\/p>\n\n\n\n<div class=\"wp-block-buttons is-layout-flex wp-block-buttons-is-layout-flex\">\n<div class=\"wp-block-button\"><a class=\"wp-block-button__link wp-element-button\" href=\"http:\/\/www.linkedin.com\/company\/finn-church-aid?trk=tyah&amp;trkInfo=tarId%3A1410289725227%2Ctas%3AFinn+church+aid%2Cidx%3A1-1-1\" target=\"_blank\" rel=\"noreferrer noopener\">F\u00f6lj oss p\u00e5 LinkedIn!<\/a><\/div>\n<\/div>\n\n\n\n<h2 class=\"wp-block-heading\">Lediga jobb<\/h2>\n\n\n\n<p>Vi erbjuder m\u00e5ngsidiga, sj\u00e4lvst\u00e4ndiga och ansvarsfulla uppdrag i en internationell verksamhetsmilj\u00f6. Alla lediga jobb utlyses offentligt och meddelas i jobblistningen. Ocks\u00e5 \u00f6ppna h\u00f6gskolepraktikplatser och kortvariga uppdrag utannonseras d\u00e4r. Vi s\u00f6ker \u00e5rligen tiotals kunniga m\u00e4nniskor till intressanta uppgifter i v\u00e5ra kontor runtom i v\u00e4rlden. D\u00e4rf\u00f6r har vi tyv\u00e4rr inte m\u00f6jlighet att ta emot \u00f6ppna ans\u00f6kningar.<\/p>\n\n\n\n<p>Om du vill veta mer om ett lediganslaget jobb kan du kontakta personen som n\u00e4mns i samband med annonsen.<\/p>\n\n\n\n<p>I v\u00e5r jobblistning ser du alla lediga jobb.<\/p>\n\n\n\n<div class=\"wp-block-buttons is-layout-flex wp-block-buttons-is-layout-flex\">\n<div class=\"wp-block-button\"><a class=\"wp-block-button__link wp-element-button\" href=\"https:\/\/fca.rekrytointi.com\/paikat\/index.php?o=A_LOJ&amp;list=1&amp;lang=fi\" target=\"_blank\" rel=\"noreferrer noopener\">Jobblistning<\/a><\/div>\n<\/div>\n\n\n\n<h2 class=\"wp-block-heading\">Lediga jobb hos v\u00e5ra partnerorganisationer<\/h2>\n\n\n\n<p><a href=\"http:\/\/actalliance.org\/about\/vacancies\/\" target=\"_blank\" rel=\"noopener noreferrer\">ACT Alliance &#8211; Vacancies<\/a><\/p>\n\n\n\n<p><a href=\"http:\/\/www.lutheranworld.org\/content\/vacancies\" target=\"_blank\" rel=\"noopener noreferrer\">Lutheran World Federation<\/a><\/p>\n\n\n\n<p><a href=\"https:\/\/www.webcruiter.no\/WcMain\/AssignmentSearch.aspx?company_id=710065\" target=\"_blank\" rel=\"noopener noreferrer\">Kirkens N\u00f8dhjelp&nbsp;<\/a><\/p>\n\n\n\n<p><a href=\"https:\/\/www.danchurchaid.org\/get-involved\/jobs\" target=\"_blank\" rel=\"noopener noreferrer\">DanChurchAid<\/a><\/p>\n","protected":false},"excerpt":{"rendered":"<p>Kyrkans Utlandshj\u00e4lp sr \u00e4r Finlands st\u00f6rsta organisation f\u00f6r internationellt bist\u00e5nd. Vi h\u00f6r till det internationella kyrkliga bist\u00e5ndsorganisationernas n\u00e4tverk ACT. Vi arbetar f\u00f6r m\u00e4nniskov\u00e4rde och r\u00e4ttvisa samt f\u00f6r att garantera v\u00e4rldens fattigaste m\u00e4nniskor grundf\u00f6ruts\u00e4ttningar f\u00f6r livet. I v\u00e5r verksamhet har vi f\u00f6rbundit oss till att fr\u00e4mja internationella Core Humanitarian Standards (CHS) principer och har f\u00e5tt CHS-certifikatet [&hellip;]<\/p>\n","protected":false},"author":137,"featured_media":116892,"parent":116383,"menu_order":7,"comment_status":"closed","ping_status":"open","template":"","meta":{"_acf_changed":false,"_relevanssi_hide_post":"","_relevanssi_hide_content":"","_relevanssi_pin_for_all":"","_relevanssi_pin_keywords":"","_relevanssi_unpin_keywords":"","_relevanssi_related_keywords":"","_relevanssi_related_include_ids":"","_relevanssi_related_exclude_ids":"","_relevanssi_related_no_append":"","_relevanssi_related_not_related":"","_relevanssi_related_posts":"108131,89500,63644","_relevanssi_noindex_reason":"","_improvement_type_select":"improve_an_existing","_thumb_yes_seoaic":false,"_frame_yes_seoaic":false,"seoaic_generate_description":"","seoaic_improve_instructions_prompt":"","seoaic_rollback_content_improvement":"","seoaic_idea_thumbnail_generator":"","thumbnail_generated":false,"thumbnail_generate_prompt":"","seoaic_article_description":"","footnotes":""},"class_list":["post-3291","page","type-page","status-publish","has-post-thumbnail","hentry"],"acf":[],"yoast_head":"<!-- This site is optimized with the Yoast SEO plugin v26.9 - https:\/\/yoast.com\/product\/yoast-seo-wordpress\/ -->\n<title>Rekrytering - Kyrkans Utlandshj\u00e4lp - Jobb f\u00f6r m\u00e4nniskov\u00e4rdet<\/title>\n<meta name=\"description\" content=\"P\u00e5 den h\u00e4r sidan hittar du lediga tj\u00e4nster inom Kyrkans Utlandshj\u00e4lp i Finland och runt om i v\u00e4rlden. Kolla in lediga platser och ans\u00f6k!\" \/>\n<meta name=\"robots\" content=\"index, follow, max-snippet:-1, max-image-preview:large, max-video-preview:-1\" \/>\n<link rel=\"canonical\" href=\"https:\/\/www.kirkonulkomaanapu.fi\/sv\/om-oss\/rekrytering\/\" \/>\n<meta property=\"og:locale\" content=\"sv_SE\" \/>\n<meta property=\"og:type\" content=\"article\" \/>\n<meta property=\"og:title\" content=\"Rekrytering - Kyrkans Utlandshj\u00e4lp - Jobb f\u00f6r m\u00e4nniskov\u00e4rdet\" \/>\n<meta property=\"og:description\" content=\"P\u00e5 den h\u00e4r sidan hittar du lediga tj\u00e4nster inom Kyrkans Utlandshj\u00e4lp i Finland och runt om i v\u00e4rlden. Kolla in lediga platser och ans\u00f6k!\" \/>\n<meta property=\"og:url\" content=\"https:\/\/www.kirkonulkomaanapu.fi\/sv\/om-oss\/rekrytering\/\" \/>\n<meta property=\"og:site_name\" content=\"Kyrkans Utlandshj\u00e4lp\" \/>\n<meta property=\"article:publisher\" content=\"https:\/\/www.facebook.com\/Ulkomaanapu\/\" \/>\n<meta property=\"article:modified_time\" content=\"2026-04-22T06:22:15+00:00\" \/>\n<meta property=\"og:image\" content=\"https:\/\/www.kirkonulkomaanapu.fi\/wp-content\/uploads\/2021\/05\/Tyopaikat-scaled.jpg\" \/>\n\t<meta property=\"og:image:width\" content=\"2560\" \/>\n\t<meta property=\"og:image:height\" content=\"1707\" \/>\n\t<meta property=\"og:image:type\" content=\"image\/jpeg\" \/>\n<meta name=\"twitter:label1\" content=\"Ber\u00e4knad l\u00e4stid\" \/>\n\t<meta name=\"twitter:data1\" content=\"2 minuter\" \/>\n<script type=\"application\/ld+json\" class=\"yoast-schema-graph\">{\"@context\":\"https:\/\/schema.org\",\"@graph\":[{\"@type\":\"WebPage\",\"@id\":\"https:\/\/www.kirkonulkomaanapu.fi\/sv\/om-oss\/rekrytering\/\",\"url\":\"https:\/\/www.kirkonulkomaanapu.fi\/sv\/om-oss\/rekrytering\/\",\"name\":\"Rekrytering - Kyrkans Utlandshj\u00e4lp - Jobb f\u00f6r m\u00e4nniskov\u00e4rdet\",\"isPartOf\":{\"@id\":\"https:\/\/www.kirkonulkomaanapu.fi\/#website\"},\"primaryImageOfPage\":{\"@id\":\"https:\/\/www.kirkonulkomaanapu.fi\/sv\/om-oss\/rekrytering\/#primaryimage\"},\"image\":{\"@id\":\"https:\/\/www.kirkonulkomaanapu.fi\/sv\/om-oss\/rekrytering\/#primaryimage\"},\"thumbnailUrl\":\"https:\/\/www.kirkonulkomaanapu.fi\/wp-content\/uploads\/2021\/05\/Tyopaikat-scaled.jpg\",\"datePublished\":\"2014-04-07T10:25:02+00:00\",\"dateModified\":\"2026-04-22T06:22:15+00:00\",\"description\":\"P\u00e5 den h\u00e4r sidan hittar du lediga tj\u00e4nster inom Kyrkans Utlandshj\u00e4lp i Finland och runt om i v\u00e4rlden. Kolla in lediga platser och ans\u00f6k!\",\"breadcrumb\":{\"@id\":\"https:\/\/www.kirkonulkomaanapu.fi\/sv\/om-oss\/rekrytering\/#breadcrumb\"},\"inLanguage\":\"sv-SE\",\"potentialAction\":[{\"@type\":\"ReadAction\",\"target\":[\"https:\/\/www.kirkonulkomaanapu.fi\/sv\/om-oss\/rekrytering\/\"]}]},{\"@type\":\"ImageObject\",\"inLanguage\":\"sv-SE\",\"@id\":\"https:\/\/www.kirkonulkomaanapu.fi\/sv\/om-oss\/rekrytering\/#primaryimage\",\"url\":\"https:\/\/www.kirkonulkomaanapu.fi\/wp-content\/uploads\/2021\/05\/Tyopaikat-scaled.jpg\",\"contentUrl\":\"https:\/\/www.kirkonulkomaanapu.fi\/wp-content\/uploads\/2021\/05\/Tyopaikat-scaled.jpg\",\"width\":2560,\"height\":1707,\"caption\":\"Nainen muuraa tiili\u00e4.\"},{\"@type\":\"BreadcrumbList\",\"@id\":\"https:\/\/www.kirkonulkomaanapu.fi\/sv\/om-oss\/rekrytering\/#breadcrumb\",\"itemListElement\":[{\"@type\":\"ListItem\",\"position\":1,\"name\":\"Home\",\"item\":\"https:\/\/www.kirkonulkomaanapu.fi\/sv\/\"},{\"@type\":\"ListItem\",\"position\":2,\"name\":\"Om oss\",\"item\":\"https:\/\/www.kirkonulkomaanapu.fi\/sv\/om-oss\/\"},{\"@type\":\"ListItem\",\"position\":3,\"name\":\"Rekrytering\"}]},{\"@type\":\"WebSite\",\"@id\":\"https:\/\/www.kirkonulkomaanapu.fi\/#website\",\"url\":\"https:\/\/www.kirkonulkomaanapu.fi\/\",\"name\":\"Kirkon Ulkomaanapu\",\"description\":\"Suomen suurin kehitysyhteisty\u00f6j\u00e4rjest\u00f6\",\"publisher\":{\"@id\":\"https:\/\/www.kirkonulkomaanapu.fi\/#organization\"},\"alternateName\":\"KUA\",\"potentialAction\":[{\"@type\":\"SearchAction\",\"target\":{\"@type\":\"EntryPoint\",\"urlTemplate\":\"https:\/\/www.kirkonulkomaanapu.fi\/?s={search_term_string}\"},\"query-input\":{\"@type\":\"PropertyValueSpecification\",\"valueRequired\":true,\"valueName\":\"search_term_string\"}}],\"inLanguage\":\"sv-SE\"},{\"@type\":\"Organization\",\"@id\":\"https:\/\/www.kirkonulkomaanapu.fi\/#organization\",\"name\":\"Kirkon Ulkomaanapu\",\"alternateName\":\"KUA\",\"url\":\"https:\/\/www.kirkonulkomaanapu.fi\/\",\"logo\":{\"@type\":\"ImageObject\",\"inLanguage\":\"sv-SE\",\"@id\":\"https:\/\/www.kirkonulkomaanapu.fi\/#\/schema\/logo\/image\/\",\"url\":\"https:\/\/www.kirkonulkomaanapu.fi\/wp-content\/uploads\/2026\/02\/Kirkon-ulkomaanapu-logo-1.png\",\"contentUrl\":\"https:\/\/www.kirkonulkomaanapu.fi\/wp-content\/uploads\/2026\/02\/Kirkon-ulkomaanapu-logo-1.png\",\"width\":225,\"height\":225,\"caption\":\"Kirkon Ulkomaanapu\"},\"image\":{\"@id\":\"https:\/\/www.kirkonulkomaanapu.fi\/#\/schema\/logo\/image\/\"},\"sameAs\":[\"https:\/\/www.facebook.com\/Ulkomaanapu\/\",\"https:\/\/www.youtube.com\/user\/kirkonulkomaanapu\",\"https:\/\/instagram.com\/kirkon_ulkomaanapu\/\",\"https:\/\/www.linkedin.com\/company\/finn-church-aid\/\"]}]}<\/script>\n<!-- \/ Yoast SEO plugin. -->","yoast_head_json":{"title":"Rekrytering - Kyrkans Utlandshj\u00e4lp - Jobb f\u00f6r m\u00e4nniskov\u00e4rdet","description":"P\u00e5 den h\u00e4r sidan hittar du lediga tj\u00e4nster inom Kyrkans Utlandshj\u00e4lp i Finland och runt om i v\u00e4rlden. Kolla in lediga platser och ans\u00f6k!","robots":{"index":"index","follow":"follow","max-snippet":"max-snippet:-1","max-image-preview":"max-image-preview:large","max-video-preview":"max-video-preview:-1"},"canonical":"https:\/\/www.kirkonulkomaanapu.fi\/sv\/om-oss\/rekrytering\/","og_locale":"sv_SE","og_type":"article","og_title":"Rekrytering - Kyrkans Utlandshj\u00e4lp - Jobb f\u00f6r m\u00e4nniskov\u00e4rdet","og_description":"P\u00e5 den h\u00e4r sidan hittar du lediga tj\u00e4nster inom Kyrkans Utlandshj\u00e4lp i Finland och runt om i v\u00e4rlden. Kolla in lediga platser och ans\u00f6k!","og_url":"https:\/\/www.kirkonulkomaanapu.fi\/sv\/om-oss\/rekrytering\/","og_site_name":"Kyrkans Utlandshj\u00e4lp","article_publisher":"https:\/\/www.facebook.com\/Ulkomaanapu\/","article_modified_time":"2026-04-22T06:22:15+00:00","og_image":[{"width":2560,"height":1707,"url":"https:\/\/www.kirkonulkomaanapu.fi\/wp-content\/uploads\/2021\/05\/Tyopaikat-scaled.jpg","type":"image\/jpeg"}],"twitter_misc":{"Ber\u00e4knad l\u00e4stid":"2 minuter"},"schema":{"@context":"https:\/\/schema.org","@graph":[{"@type":"WebPage","@id":"https:\/\/www.kirkonulkomaanapu.fi\/sv\/om-oss\/rekrytering\/","url":"https:\/\/www.kirkonulkomaanapu.fi\/sv\/om-oss\/rekrytering\/","name":"Rekrytering - Kyrkans Utlandshj\u00e4lp - Jobb f\u00f6r m\u00e4nniskov\u00e4rdet","isPartOf":{"@id":"https:\/\/www.kirkonulkomaanapu.fi\/#website"},"primaryImageOfPage":{"@id":"https:\/\/www.kirkonulkomaanapu.fi\/sv\/om-oss\/rekrytering\/#primaryimage"},"image":{"@id":"https:\/\/www.kirkonulkomaanapu.fi\/sv\/om-oss\/rekrytering\/#primaryimage"},"thumbnailUrl":"https:\/\/www.kirkonulkomaanapu.fi\/wp-content\/uploads\/2021\/05\/Tyopaikat-scaled.jpg","datePublished":"2014-04-07T10:25:02+00:00","dateModified":"2026-04-22T06:22:15+00:00","description":"P\u00e5 den h\u00e4r sidan hittar du lediga tj\u00e4nster inom Kyrkans Utlandshj\u00e4lp i Finland och runt om i v\u00e4rlden. Kolla in lediga platser och ans\u00f6k!","breadcrumb":{"@id":"https:\/\/www.kirkonulkomaanapu.fi\/sv\/om-oss\/rekrytering\/#breadcrumb"},"inLanguage":"sv-SE","potentialAction":[{"@type":"ReadAction","target":["https:\/\/www.kirkonulkomaanapu.fi\/sv\/om-oss\/rekrytering\/"]}]},{"@type":"ImageObject","inLanguage":"sv-SE","@id":"https:\/\/www.kirkonulkomaanapu.fi\/sv\/om-oss\/rekrytering\/#primaryimage","url":"https:\/\/www.kirkonulkomaanapu.fi\/wp-content\/uploads\/2021\/05\/Tyopaikat-scaled.jpg","contentUrl":"https:\/\/www.kirkonulkomaanapu.fi\/wp-content\/uploads\/2021\/05\/Tyopaikat-scaled.jpg","width":2560,"height":1707,"caption":"Nainen muuraa tiili\u00e4."},{"@type":"BreadcrumbList","@id":"https:\/\/www.kirkonulkomaanapu.fi\/sv\/om-oss\/rekrytering\/#breadcrumb","itemListElement":[{"@type":"ListItem","position":1,"name":"Home","item":"https:\/\/www.kirkonulkomaanapu.fi\/sv\/"},{"@type":"ListItem","position":2,"name":"Om oss","item":"https:\/\/www.kirkonulkomaanapu.fi\/sv\/om-oss\/"},{"@type":"ListItem","position":3,"name":"Rekrytering"}]},{"@type":"WebSite","@id":"https:\/\/www.kirkonulkomaanapu.fi\/#website","url":"https:\/\/www.kirkonulkomaanapu.fi\/","name":"Kirkon Ulkomaanapu","description":"Suomen suurin kehitysyhteisty\u00f6j\u00e4rjest\u00f6","publisher":{"@id":"https:\/\/www.kirkonulkomaanapu.fi\/#organization"},"alternateName":"KUA","potentialAction":[{"@type":"SearchAction","target":{"@type":"EntryPoint","urlTemplate":"https:\/\/www.kirkonulkomaanapu.fi\/?s={search_term_string}"},"query-input":{"@type":"PropertyValueSpecification","valueRequired":true,"valueName":"search_term_string"}}],"inLanguage":"sv-SE"},{"@type":"Organization","@id":"https:\/\/www.kirkonulkomaanapu.fi\/#organization","name":"Kirkon Ulkomaanapu","alternateName":"KUA","url":"https:\/\/www.kirkonulkomaanapu.fi\/","logo":{"@type":"ImageObject","inLanguage":"sv-SE","@id":"https:\/\/www.kirkonulkomaanapu.fi\/#\/schema\/logo\/image\/","url":"https:\/\/www.kirkonulkomaanapu.fi\/wp-content\/uploads\/2026\/02\/Kirkon-ulkomaanapu-logo-1.png","contentUrl":"https:\/\/www.kirkonulkomaanapu.fi\/wp-content\/uploads\/2026\/02\/Kirkon-ulkomaanapu-logo-1.png","width":225,"height":225,"caption":"Kirkon Ulkomaanapu"},"image":{"@id":"https:\/\/www.kirkonulkomaanapu.fi\/#\/schema\/logo\/image\/"},"sameAs":["https:\/\/www.facebook.com\/Ulkomaanapu\/","https:\/\/www.youtube.com\/user\/kirkonulkomaanapu","https:\/\/instagram.com\/kirkon_ulkomaanapu\/","https:\/\/www.linkedin.com\/company\/finn-church-aid\/"]}]}},"_links":{"self":[{"href":"https:\/\/www.kirkonulkomaanapu.fi\/sv\/wp-json\/wp\/v2\/pages\/3291","targetHints":{"allow":["GET"]}}],"collection":[{"href":"https:\/\/www.kirkonulkomaanapu.fi\/sv\/wp-json\/wp\/v2\/pages"}],"about":[{"href":"https:\/\/www.kirkonulkomaanapu.fi\/sv\/wp-json\/wp\/v2\/types\/page"}],"author":[{"embeddable":true,"href":"https:\/\/www.kirkonulkomaanapu.fi\/sv\/wp-json\/wp\/v2\/users\/137"}],"replies":[{"embeddable":true,"href":"https:\/\/www.kirkonulkomaanapu.fi\/sv\/wp-json\/wp\/v2\/comments?post=3291"}],"version-history":[{"count":3,"href":"https:\/\/www.kirkonulkomaanapu.fi\/sv\/wp-json\/wp\/v2\/pages\/3291\/revisions"}],"predecessor-version":[{"id":161043,"href":"https:\/\/www.kirkonulkomaanapu.fi\/sv\/wp-json\/wp\/v2\/pages\/3291\/revisions\/161043"}],"up":[{"embeddable":true,"href":"https:\/\/www.kirkonulkomaanapu.fi\/sv\/wp-json\/wp\/v2\/pages\/116383"}],"wp:featuredmedia":[{"embeddable":true,"href":"https:\/\/www.kirkonulkomaanapu.fi\/sv\/wp-json\/wp\/v2\/media\/116892"}],"wp:attachment":[{"href":"https:\/\/www.kirkonulkomaanapu.fi\/sv\/wp-json\/wp\/v2\/media?parent=3291"}],"curies":[{"name":"wp","href":"https:\/\/api.w.org\/{rel}","templated":true}]}}