{"id":3288,"date":"2014-04-07T13:24:19","date_gmt":"2014-04-07T10:24:19","guid":{"rendered":"https:\/\/www.kirkonulkomaanapu.fi\/?page_id=3288"},"modified":"2025-12-03T13:30:42","modified_gmt":"2025-12-03T11:30:42","slug":"kvalitet-och-ansvar","status":"publish","type":"page","link":"https:\/\/www.kirkonulkomaanapu.fi\/sv\/om-oss\/kvalitet-och-ansvar\/","title":{"rendered":"Kvalitet och ansvar"},"content":{"rendered":"\n\n\n<div class=\"block-hero full-width id-block\" style=\"background-image: url('https:\/\/www.kirkonulkomaanapu.fi\/wp-content\/uploads\/2021\/05\/Vastuullisuus-scaled.jpg');\">\n\n\t<div class=\"bg-mobile\" style=\"background-image: url('https:\/\/www.kirkonulkomaanapu.fi\/wp-content\/uploads\/2021\/05\/Vastuullisuus-1024x683.jpg');\"><\/div>\n\n\t\n\t<div class=\"curtain\"><\/div>\n\n\t<div class=\"container\">\n\t\t<div class=\"row\">\n\t\t\t<div class=\"col\">\n\t\t\t\t<div class=\"inner-blocks entry-content\">\n\t\t\t\t\t\t\t\t\t\t\t\n<h1 class=\"is-style-brush\" ><span class=\"bg\">\n<span class=\"is-highlighted\">Kvalitet <\/span>och ansvar\n<\/span><\/h1><h1 class=\"is-style-brush mobile\" ><span class=\"is-highlighted\"><span class=\"bg\">Kvalitet<\/span> <\/span><span class=\"bg\">och<\/span><span class=\"bg\">ansvar<\/span><\/h1>\n\n\n<p><\/p>\n\n\n\t\t\t\t\t\t\t\t\t<\/div>\n\t\t\t<\/div>\n\t\t<\/div>\n\t<\/div>\n<\/div>\n\n\n<div class=\"subpage-navigation id-block full-width\">\n    <div class=\"container-lg\">\n        <div class=\"row\">\n            <div class=\"col\">\n                <ul class=\"pages\">\n                                        <li class=\"page ancestor\">\n                        <a href=\"https:\/\/www.kirkonulkomaanapu.fi\/sv\/om-oss\/\">Om oss<\/a>\n                    <\/li>\n                                        <li class=\"page ancestor current\">\n                        <a href=\"https:\/\/www.kirkonulkomaanapu.fi\/sv\/om-oss\/kvalitet-och-ansvar\/\">Kvalitet och ansvar<\/a>\n                    <\/li>\n                    \n                                        <li class=\"page\">\n                        <a href=\"https:\/\/www.kirkonulkomaanapu.fi\/sv\/om-oss\/kvalitet-och-ansvar\/upphandlingen\/\">Upphandlingen<\/a>\n                    <\/li>\n                                    <\/ul>\n            <\/div>\n        <\/div>\n    <\/div>\n<\/div>\n\n\n\n\n\n\n<p>Kvalitet och ansvar \u00e4r centrala principer i v\u00e5rt arbete.<\/p>\n\n\n\n<p>Ett framg\u00e5ngsrikt arbete bygger p\u00e5 kunnig personal, k\u00e4nnedom om omgivningen, f\u00f6rm\u00e5ga att utnyttja olika kompetenser i planeringsskedet, regelbunden uppf\u00f6ljning och utv\u00e4rdering samt noggrannhet i riskhanteringen. V\u00e5rt arbete styrs dessutom av olika standarder, principer och instruktioner.<\/p>\n\n\n\n<h2 class=\"wp-block-heading\">Standarder och principer<\/h2>\n\n\n\n<ul class=\"wp-block-list\">\n<li>I v\u00e5rt arbete utg\u00e5r vi fr\u00e5n de m\u00e4nskliga r\u00e4ttigheterna och principen om j\u00e4mlikhet mellan k\u00f6nen. Vi \u00e4r ocks\u00e5 konfliktsensitiva och beaktar klimatfr\u00e5gor.<\/li>\n\n\n\n<li>I all v\u00e5r verksamhet f\u00f6rebygger vi utan eftergifter missbruk, korruption och exploatering.<\/li>\n\n\n\n<li>Vi har f\u00f6rbundit oss att f\u00f6lja det humanit\u00e4ra bist\u00e5ndets internationella instruktion (<a class=\"external_link\" href=\"http:\/\/www.ifrc.org\/Docs\/idrl\/I259EN.pdf\" target=\"_blank\" rel=\"noopener noreferrer\">Code of Conduct of the International Red Cross and Red Crescent Movement<\/a>) och det humanit\u00e4ra bist\u00e5ndets grundreglemente och minimistandard, den s.k. Sphere-standarden (<a class=\"external_link\" href=\"http:\/\/www.sphereproject.org\/handbook\/\" target=\"_blank\" rel=\"noopener noreferrer\">Humanitarian Charter and Minimum Standards in Humanitarian Response<\/a>).<\/li>\n\n\n\n<li>Hos oss har varje anst\u00e4lld undertecknat ett bindande avtal att f\u00f6lja v\u00e5r instruktion om uppf\u00f6randet i arbetet (Code of Conduct). Enligt instruktionen respekterar vi de m\u00e4nskliga r\u00e4ttigheterna, vi agerar r\u00e4ttvist och respektfullt, vi verkar och hanterar penningmedel ansvarsfullt och vi f\u00f6rebygger korruption, missbruk och k\u00f6nsbaserad exploatering.<\/li>\n\n\n\n<li>Vi har f\u00f6rbundit oss till att fr\u00e4mja de internationella<a href=\"https:\/\/www.corehumanitarianstandard.org\/\"> Core Humanitarian Standard-principerna (CHS)<\/a> i v\u00e5r verksamhet och vi <a href=\"https:\/\/www.hqai.org\/en\/network\/audited-partners\/certified-partners\/finn-church-aid\/\">har som f\u00f6rsta finl\u00e4ndska organisation f\u00e5tt CHS-certifikatet<\/a>. Standarden grundar sig p\u00e5 ett m\u00e4nniskor\u00e4ttsbaserat tillv\u00e4gag\u00e5ngss\u00e4tt och st\u00f6der st\u00e4rkandet av verksamhetsmodeller som fr\u00e4mjar kvalitet, redovisningsskyldighet samt effektivitet. Vi \u00e4r medlem i&nbsp;<a class=\"external_link\" href=\"http:\/\/www.chsalliance.org\/\" target=\"_blank\" rel=\"noopener noreferrer\">CHS Alliance<\/a>.<\/li>\n\n\n\n<li>KUH har utvecklar sitt eget klimatverktyg f\u00f6r att f\u00f6rs\u00e4kra h\u00e5llbarheten av sina projekt och program.<\/li>\n<\/ul>\n\n\n\n<h2 class=\"wp-block-heading\">Kunnandet i en l\u00e4rande organisation<\/h2>\n\n\n\n<p>Vi f\u00f6rverkligar v\u00e5rt uppdrag tillsammans med lokala partner. De k\u00e4nner b\u00e4st till milj\u00f6n. Vi v\u00e4ljer v\u00e5ra samarbetspartner omsorgsfullt. Om det beh\u00f6vs, st\u00f6der vi dem s\u00e5 att de kan utveckla sin verksamhet och bli st\u00e4rkta i sitt kunnande. Vi l\u00e4r oss tillsammans med v\u00e5ra partner.<\/p>\n\n\n\n<p>F\u00f6ruts\u00e4ttningen f\u00f6r ett v\u00e4l utf\u00f6rt arbete \u00e4r att de anst\u00e4llda \u00e4r kunniga. Vi ser till att v\u00e5ra och v\u00e5ra partners anst\u00e4llda har m\u00f6jlighet att utveckla sina kompetenser och sin yrkesetik. V\u00e5r str\u00e4van \u00e4r att v\u00e5ra anst\u00e4llda f\u00e5r arbeta i trygg och h\u00e4lsosam milj\u00f6 och att de kan uppr\u00e4tth\u00e5lla god arbetsf\u00f6rm\u00e5ga.<\/p>\n\n\n\n<h2 class=\"wp-block-heading\">Planeringen av projekten och programmen<\/h2>\n\n\n\n<p>Vi kartl\u00e4gger omsorgsfullt varje omgivning d\u00e4r vi verkar. Vi kartl\u00e4gger riskerna, resurserna och allt annat som inverkar p\u00e5 arbetet. Vi beaktar andra akt\u00f6rers str\u00e4vanden p\u00e5 samma omr\u00e5de, s\u00e5 att vi kompletterar dem. Vi bidrar med v\u00e5rt kunnande inom v\u00e5ra teman, v\u00e5ra erfarenheter av bist\u00e5ndsarbete och v\u00e5ra internationella och inhemska kontaktn\u00e4tverk.<\/p>\n\n\n\n<p>Vi f\u00f6rs\u00f6ker se till att lokalbefolkningen deltar i planeringen, genomf\u00f6randet och utv\u00e4rderingen av projekten. Det bidrar till resultaten blir mer best\u00e5ende.<\/p>\n\n\n\n<h2 class=\"wp-block-heading\">\u00d6vervakningen och utv\u00e4rderingen projekten och programmen<\/h2>\n\n\n\n<p>Vi \u00f6vervakar och utv\u00e4rderar regelbundet hur v\u00e5ra projekt och program framskrider. Dessutom l\u00e5ter vi utf\u00f6ra mera ing\u00e5ende och djupare utv\u00e4rderingar av resultaten. De utf\u00f6rs av opartiska utomst\u00e5ende sakkunniga.<\/p>\n\n\n\n<p>Utv\u00e4rderingarna ger oss kunskap om huruvida arbetet har lett till \u00f6nskade resultat. Vi l\u00e4r oss av b\u00e5de goda och d\u00e5liga erfarenheter att jobba b\u00e4ttre och effektivare. Vi ser till att alla erfarenheter delas inom organisationen s\u00e5 att de gagnar v\u00e5r utveckling.<\/p>\n\n\n\n<p>Ocks\u00e5 en del av v\u00e5ra finansi\u00e4rer s\u00e5som Utrikesministeriet, \u00f6vervakar och utv\u00e4rderar v\u00e5rt arbete.<\/p>\n\n\n\n<h3 class=\"wp-block-heading\">Upphandlingen<\/h3>\n\n\n\n<p>Vi str\u00e4var att i v\u00e5r egen verksamhet st\u00e4rka det lokala kunnandet och de lokala n\u00e4ringarna. Det bidrar till att arbetet ger resultat och \u00e4r h\u00e5llbart \u00e4ven p\u00e5 l\u00e4ngre sikt. Det \u00e4r s\u00e4rskilt viktigt efter katastrofer att de lokala n\u00e4ringarna \u00e5terh\u00e4mtar sig snabbt och att m\u00e4nniskor \u00e5terf\u00e5r sin utkomst. D\u00e4rf\u00f6r anlitar vi i m\u00e5n av m\u00f6jlighet lokala leverant\u00f6rer i de l\u00e4nder d\u00e4r vi arbetar.<\/p>\n\n\n\n<p>F\u00f6r upphandlingen finns tydliga anvisningar om hur upphandlingar skall konkurrensuts\u00e4ttas och genomf\u00f6ras.<\/p>\n\n\n\n<h3 class=\"wp-block-heading\">God f\u00f6rvaltning<\/h3>\n\n\n\n<p>Vi agerar i enlighet med god f\u00f6rvaltnings- och redovisningssed.<\/p>\n","protected":false},"excerpt":{"rendered":"<p>Kvalitet och ansvar \u00e4r centrala principer i v\u00e5rt arbete. Ett framg\u00e5ngsrikt arbete bygger p\u00e5 kunnig personal, k\u00e4nnedom om omgivningen, f\u00f6rm\u00e5ga att utnyttja olika kompetenser i planeringsskedet, regelbunden uppf\u00f6ljning och utv\u00e4rdering samt noggrannhet i riskhanteringen. V\u00e5rt arbete styrs dessutom av olika standarder, principer och instruktioner. Standarder och principer Kunnandet i en l\u00e4rande organisation Vi f\u00f6rverkligar v\u00e5rt [&hellip;]<\/p>\n","protected":false},"author":137,"featured_media":116963,"parent":116383,"menu_order":6,"comment_status":"closed","ping_status":"open","template":"page-templates\/yhteystiedot.php","meta":{"_acf_changed":false,"_relevanssi_hide_post":"","_relevanssi_hide_content":"","_relevanssi_pin_for_all":"","_relevanssi_pin_keywords":"","_relevanssi_unpin_keywords":"","_relevanssi_related_keywords":"","_relevanssi_related_include_ids":"","_relevanssi_related_exclude_ids":"","_relevanssi_related_no_append":"","_relevanssi_related_not_related":"","_relevanssi_related_posts":"89500,108131,63644","_relevanssi_noindex_reason":"","_improvement_type_select":"improve_an_existing","_thumb_yes_seoaic":false,"_frame_yes_seoaic":false,"seoaic_generate_description":"","seoaic_improve_instructions_prompt":"","seoaic_rollback_content_improvement":"","seoaic_idea_thumbnail_generator":"","thumbnail_generated":false,"thumbnail_generate_prompt":"","seoaic_article_description":"","footnotes":""},"class_list":["post-3288","page","type-page","status-publish","has-post-thumbnail","hentry"],"acf":[],"yoast_head":"<!-- This site is optimized with the Yoast SEO plugin v26.9 - https:\/\/yoast.com\/product\/yoast-seo-wordpress\/ -->\n<title>Kvalitet och ansvar - Kyrkans Utlandshj\u00e4lp - Jobb f\u00f6r m\u00e4nniskov\u00e4rdet<\/title>\n<meta name=\"description\" content=\"Kvalitet och ansvar \u00e4r viktigt f\u00f6r oss och v\u00e5rt arbete styrs av internationella standarder och interna driftsprinciper och riktlinjer.\" \/>\n<meta name=\"robots\" content=\"index, follow, max-snippet:-1, max-image-preview:large, max-video-preview:-1\" \/>\n<link rel=\"canonical\" href=\"https:\/\/www.kirkonulkomaanapu.fi\/sv\/om-oss\/kvalitet-och-ansvar\/\" \/>\n<meta property=\"og:locale\" content=\"sv_SE\" \/>\n<meta property=\"og:type\" content=\"article\" \/>\n<meta property=\"og:title\" content=\"Kvalitet och ansvar - Kyrkans Utlandshj\u00e4lp - Jobb f\u00f6r m\u00e4nniskov\u00e4rdet\" \/>\n<meta property=\"og:description\" content=\"Kvalitet och ansvar \u00e4r viktigt f\u00f6r oss och v\u00e5rt arbete styrs av internationella standarder och interna driftsprinciper och riktlinjer.\" \/>\n<meta property=\"og:url\" content=\"https:\/\/www.kirkonulkomaanapu.fi\/sv\/om-oss\/kvalitet-och-ansvar\/\" \/>\n<meta property=\"og:site_name\" content=\"Kyrkans Utlandshj\u00e4lp\" \/>\n<meta property=\"article:publisher\" content=\"https:\/\/www.facebook.com\/Ulkomaanapu\/\" \/>\n<meta property=\"article:modified_time\" content=\"2025-12-03T11:30:42+00:00\" \/>\n<meta property=\"og:image\" content=\"https:\/\/www.kirkonulkomaanapu.fi\/wp-content\/uploads\/2021\/05\/Vastuullisuus-scaled.jpg\" \/>\n\t<meta property=\"og:image:width\" content=\"2560\" \/>\n\t<meta property=\"og:image:height\" content=\"1707\" \/>\n\t<meta property=\"og:image:type\" content=\"image\/jpeg\" \/>\n<meta name=\"twitter:label1\" content=\"Ber\u00e4knad l\u00e4stid\" \/>\n\t<meta name=\"twitter:data1\" content=\"4 minuter\" \/>\n<script type=\"application\/ld+json\" class=\"yoast-schema-graph\">{\"@context\":\"https:\/\/schema.org\",\"@graph\":[{\"@type\":\"WebPage\",\"@id\":\"https:\/\/www.kirkonulkomaanapu.fi\/sv\/om-oss\/kvalitet-och-ansvar\/\",\"url\":\"https:\/\/www.kirkonulkomaanapu.fi\/sv\/om-oss\/kvalitet-och-ansvar\/\",\"name\":\"Kvalitet och ansvar - Kyrkans Utlandshj\u00e4lp - Jobb f\u00f6r m\u00e4nniskov\u00e4rdet\",\"isPartOf\":{\"@id\":\"https:\/\/www.kirkonulkomaanapu.fi\/#website\"},\"primaryImageOfPage\":{\"@id\":\"https:\/\/www.kirkonulkomaanapu.fi\/sv\/om-oss\/kvalitet-och-ansvar\/#primaryimage\"},\"image\":{\"@id\":\"https:\/\/www.kirkonulkomaanapu.fi\/sv\/om-oss\/kvalitet-och-ansvar\/#primaryimage\"},\"thumbnailUrl\":\"https:\/\/www.kirkonulkomaanapu.fi\/wp-content\/uploads\/2021\/05\/Vastuullisuus-scaled.jpg\",\"datePublished\":\"2014-04-07T10:24:19+00:00\",\"dateModified\":\"2025-12-03T11:30:42+00:00\",\"description\":\"Kvalitet och ansvar \u00e4r viktigt f\u00f6r oss och v\u00e5rt arbete styrs av internationella standarder och interna driftsprinciper och riktlinjer.\",\"breadcrumb\":{\"@id\":\"https:\/\/www.kirkonulkomaanapu.fi\/sv\/om-oss\/kvalitet-och-ansvar\/#breadcrumb\"},\"inLanguage\":\"sv-SE\",\"potentialAction\":[{\"@type\":\"ReadAction\",\"target\":[\"https:\/\/www.kirkonulkomaanapu.fi\/sv\/om-oss\/kvalitet-och-ansvar\/\"]}]},{\"@type\":\"ImageObject\",\"inLanguage\":\"sv-SE\",\"@id\":\"https:\/\/www.kirkonulkomaanapu.fi\/sv\/om-oss\/kvalitet-och-ansvar\/#primaryimage\",\"url\":\"https:\/\/www.kirkonulkomaanapu.fi\/wp-content\/uploads\/2021\/05\/Vastuullisuus-scaled.jpg\",\"contentUrl\":\"https:\/\/www.kirkonulkomaanapu.fi\/wp-content\/uploads\/2021\/05\/Vastuullisuus-scaled.jpg\",\"width\":2560,\"height\":1707,\"caption\":\"Duer Wiyual Tudeal has a wife and eight children. FCA's EU Humanitarian Aid funded project supports him with fishing equiment and training, and enables his children's education. Photo: FCA\/Maria de la Guardia\"},{\"@type\":\"BreadcrumbList\",\"@id\":\"https:\/\/www.kirkonulkomaanapu.fi\/sv\/om-oss\/kvalitet-och-ansvar\/#breadcrumb\",\"itemListElement\":[{\"@type\":\"ListItem\",\"position\":1,\"name\":\"Home\",\"item\":\"https:\/\/www.kirkonulkomaanapu.fi\/sv\/\"},{\"@type\":\"ListItem\",\"position\":2,\"name\":\"Om oss\",\"item\":\"https:\/\/www.kirkonulkomaanapu.fi\/sv\/om-oss\/\"},{\"@type\":\"ListItem\",\"position\":3,\"name\":\"Kvalitet och ansvar\"}]},{\"@type\":\"WebSite\",\"@id\":\"https:\/\/www.kirkonulkomaanapu.fi\/#website\",\"url\":\"https:\/\/www.kirkonulkomaanapu.fi\/\",\"name\":\"Kirkon Ulkomaanapu\",\"description\":\"Suomen suurin kehitysyhteisty\u00f6j\u00e4rjest\u00f6\",\"publisher\":{\"@id\":\"https:\/\/www.kirkonulkomaanapu.fi\/#organization\"},\"alternateName\":\"KUA\",\"potentialAction\":[{\"@type\":\"SearchAction\",\"target\":{\"@type\":\"EntryPoint\",\"urlTemplate\":\"https:\/\/www.kirkonulkomaanapu.fi\/?s={search_term_string}\"},\"query-input\":{\"@type\":\"PropertyValueSpecification\",\"valueRequired\":true,\"valueName\":\"search_term_string\"}}],\"inLanguage\":\"sv-SE\"},{\"@type\":\"Organization\",\"@id\":\"https:\/\/www.kirkonulkomaanapu.fi\/#organization\",\"name\":\"Kirkon Ulkomaanapu\",\"alternateName\":\"KUA\",\"url\":\"https:\/\/www.kirkonulkomaanapu.fi\/\",\"logo\":{\"@type\":\"ImageObject\",\"inLanguage\":\"sv-SE\",\"@id\":\"https:\/\/www.kirkonulkomaanapu.fi\/#\/schema\/logo\/image\/\",\"url\":\"https:\/\/www.kirkonulkomaanapu.fi\/wp-content\/uploads\/2026\/02\/Kirkon-ulkomaanapu-logo-1.png\",\"contentUrl\":\"https:\/\/www.kirkonulkomaanapu.fi\/wp-content\/uploads\/2026\/02\/Kirkon-ulkomaanapu-logo-1.png\",\"width\":225,\"height\":225,\"caption\":\"Kirkon Ulkomaanapu\"},\"image\":{\"@id\":\"https:\/\/www.kirkonulkomaanapu.fi\/#\/schema\/logo\/image\/\"},\"sameAs\":[\"https:\/\/www.facebook.com\/Ulkomaanapu\/\",\"https:\/\/www.youtube.com\/user\/kirkonulkomaanapu\",\"https:\/\/instagram.com\/kirkon_ulkomaanapu\/\",\"https:\/\/www.linkedin.com\/company\/finn-church-aid\/\"]}]}<\/script>\n<!-- \/ Yoast SEO plugin. -->","yoast_head_json":{"title":"Kvalitet och ansvar - Kyrkans Utlandshj\u00e4lp - Jobb f\u00f6r m\u00e4nniskov\u00e4rdet","description":"Kvalitet och ansvar \u00e4r viktigt f\u00f6r oss och v\u00e5rt arbete styrs av internationella standarder och interna driftsprinciper och riktlinjer.","robots":{"index":"index","follow":"follow","max-snippet":"max-snippet:-1","max-image-preview":"max-image-preview:large","max-video-preview":"max-video-preview:-1"},"canonical":"https:\/\/www.kirkonulkomaanapu.fi\/sv\/om-oss\/kvalitet-och-ansvar\/","og_locale":"sv_SE","og_type":"article","og_title":"Kvalitet och ansvar - Kyrkans Utlandshj\u00e4lp - Jobb f\u00f6r m\u00e4nniskov\u00e4rdet","og_description":"Kvalitet och ansvar \u00e4r viktigt f\u00f6r oss och v\u00e5rt arbete styrs av internationella standarder och interna driftsprinciper och riktlinjer.","og_url":"https:\/\/www.kirkonulkomaanapu.fi\/sv\/om-oss\/kvalitet-och-ansvar\/","og_site_name":"Kyrkans Utlandshj\u00e4lp","article_publisher":"https:\/\/www.facebook.com\/Ulkomaanapu\/","article_modified_time":"2025-12-03T11:30:42+00:00","og_image":[{"width":2560,"height":1707,"url":"https:\/\/www.kirkonulkomaanapu.fi\/wp-content\/uploads\/2021\/05\/Vastuullisuus-scaled.jpg","type":"image\/jpeg"}],"twitter_misc":{"Ber\u00e4knad l\u00e4stid":"4 minuter"},"schema":{"@context":"https:\/\/schema.org","@graph":[{"@type":"WebPage","@id":"https:\/\/www.kirkonulkomaanapu.fi\/sv\/om-oss\/kvalitet-och-ansvar\/","url":"https:\/\/www.kirkonulkomaanapu.fi\/sv\/om-oss\/kvalitet-och-ansvar\/","name":"Kvalitet och ansvar - Kyrkans Utlandshj\u00e4lp - Jobb f\u00f6r m\u00e4nniskov\u00e4rdet","isPartOf":{"@id":"https:\/\/www.kirkonulkomaanapu.fi\/#website"},"primaryImageOfPage":{"@id":"https:\/\/www.kirkonulkomaanapu.fi\/sv\/om-oss\/kvalitet-och-ansvar\/#primaryimage"},"image":{"@id":"https:\/\/www.kirkonulkomaanapu.fi\/sv\/om-oss\/kvalitet-och-ansvar\/#primaryimage"},"thumbnailUrl":"https:\/\/www.kirkonulkomaanapu.fi\/wp-content\/uploads\/2021\/05\/Vastuullisuus-scaled.jpg","datePublished":"2014-04-07T10:24:19+00:00","dateModified":"2025-12-03T11:30:42+00:00","description":"Kvalitet och ansvar \u00e4r viktigt f\u00f6r oss och v\u00e5rt arbete styrs av internationella standarder och interna driftsprinciper och riktlinjer.","breadcrumb":{"@id":"https:\/\/www.kirkonulkomaanapu.fi\/sv\/om-oss\/kvalitet-och-ansvar\/#breadcrumb"},"inLanguage":"sv-SE","potentialAction":[{"@type":"ReadAction","target":["https:\/\/www.kirkonulkomaanapu.fi\/sv\/om-oss\/kvalitet-och-ansvar\/"]}]},{"@type":"ImageObject","inLanguage":"sv-SE","@id":"https:\/\/www.kirkonulkomaanapu.fi\/sv\/om-oss\/kvalitet-och-ansvar\/#primaryimage","url":"https:\/\/www.kirkonulkomaanapu.fi\/wp-content\/uploads\/2021\/05\/Vastuullisuus-scaled.jpg","contentUrl":"https:\/\/www.kirkonulkomaanapu.fi\/wp-content\/uploads\/2021\/05\/Vastuullisuus-scaled.jpg","width":2560,"height":1707,"caption":"Duer Wiyual Tudeal has a wife and eight children. FCA's EU Humanitarian Aid funded project supports him with fishing equiment and training, and enables his children's education. Photo: FCA\/Maria de la Guardia"},{"@type":"BreadcrumbList","@id":"https:\/\/www.kirkonulkomaanapu.fi\/sv\/om-oss\/kvalitet-och-ansvar\/#breadcrumb","itemListElement":[{"@type":"ListItem","position":1,"name":"Home","item":"https:\/\/www.kirkonulkomaanapu.fi\/sv\/"},{"@type":"ListItem","position":2,"name":"Om oss","item":"https:\/\/www.kirkonulkomaanapu.fi\/sv\/om-oss\/"},{"@type":"ListItem","position":3,"name":"Kvalitet och ansvar"}]},{"@type":"WebSite","@id":"https:\/\/www.kirkonulkomaanapu.fi\/#website","url":"https:\/\/www.kirkonulkomaanapu.fi\/","name":"Kirkon Ulkomaanapu","description":"Suomen suurin kehitysyhteisty\u00f6j\u00e4rjest\u00f6","publisher":{"@id":"https:\/\/www.kirkonulkomaanapu.fi\/#organization"},"alternateName":"KUA","potentialAction":[{"@type":"SearchAction","target":{"@type":"EntryPoint","urlTemplate":"https:\/\/www.kirkonulkomaanapu.fi\/?s={search_term_string}"},"query-input":{"@type":"PropertyValueSpecification","valueRequired":true,"valueName":"search_term_string"}}],"inLanguage":"sv-SE"},{"@type":"Organization","@id":"https:\/\/www.kirkonulkomaanapu.fi\/#organization","name":"Kirkon Ulkomaanapu","alternateName":"KUA","url":"https:\/\/www.kirkonulkomaanapu.fi\/","logo":{"@type":"ImageObject","inLanguage":"sv-SE","@id":"https:\/\/www.kirkonulkomaanapu.fi\/#\/schema\/logo\/image\/","url":"https:\/\/www.kirkonulkomaanapu.fi\/wp-content\/uploads\/2026\/02\/Kirkon-ulkomaanapu-logo-1.png","contentUrl":"https:\/\/www.kirkonulkomaanapu.fi\/wp-content\/uploads\/2026\/02\/Kirkon-ulkomaanapu-logo-1.png","width":225,"height":225,"caption":"Kirkon Ulkomaanapu"},"image":{"@id":"https:\/\/www.kirkonulkomaanapu.fi\/#\/schema\/logo\/image\/"},"sameAs":["https:\/\/www.facebook.com\/Ulkomaanapu\/","https:\/\/www.youtube.com\/user\/kirkonulkomaanapu","https:\/\/instagram.com\/kirkon_ulkomaanapu\/","https:\/\/www.linkedin.com\/company\/finn-church-aid\/"]}]}},"_links":{"self":[{"href":"https:\/\/www.kirkonulkomaanapu.fi\/sv\/wp-json\/wp\/v2\/pages\/3288","targetHints":{"allow":["GET"]}}],"collection":[{"href":"https:\/\/www.kirkonulkomaanapu.fi\/sv\/wp-json\/wp\/v2\/pages"}],"about":[{"href":"https:\/\/www.kirkonulkomaanapu.fi\/sv\/wp-json\/wp\/v2\/types\/page"}],"author":[{"embeddable":true,"href":"https:\/\/www.kirkonulkomaanapu.fi\/sv\/wp-json\/wp\/v2\/users\/137"}],"replies":[{"embeddable":true,"href":"https:\/\/www.kirkonulkomaanapu.fi\/sv\/wp-json\/wp\/v2\/comments?post=3288"}],"version-history":[{"count":3,"href":"https:\/\/www.kirkonulkomaanapu.fi\/sv\/wp-json\/wp\/v2\/pages\/3288\/revisions"}],"predecessor-version":[{"id":158695,"href":"https:\/\/www.kirkonulkomaanapu.fi\/sv\/wp-json\/wp\/v2\/pages\/3288\/revisions\/158695"}],"up":[{"embeddable":true,"href":"https:\/\/www.kirkonulkomaanapu.fi\/sv\/wp-json\/wp\/v2\/pages\/116383"}],"wp:featuredmedia":[{"embeddable":true,"href":"https:\/\/www.kirkonulkomaanapu.fi\/sv\/wp-json\/wp\/v2\/media\/116963"}],"wp:attachment":[{"href":"https:\/\/www.kirkonulkomaanapu.fi\/sv\/wp-json\/wp\/v2\/media?parent=3288"}],"curies":[{"name":"wp","href":"https:\/\/api.w.org\/{rel}","templated":true}]}}