{"id":3280,"date":"2014-04-07T13:20:32","date_gmt":"2014-04-07T10:20:32","guid":{"rendered":"https:\/\/www.kirkonulkomaanapu.fi\/?page_id=3280"},"modified":"2021-05-11T12:51:40","modified_gmt":"2021-05-11T09:51:40","slug":"upphandlingen","status":"publish","type":"page","link":"https:\/\/www.kirkonulkomaanapu.fi\/sv\/om-oss\/kvalitet-och-ansvar\/upphandlingen\/","title":{"rendered":"Upphandlingen"},"content":{"rendered":"<h1 class=\"is-style-brush\" ><span class=\"bg\">\nUpphandlingen\n<\/span><\/h1><h1 class=\"is-style-brush mobile\" ><span class=\"bg\">Upphandlingen<\/span><\/h1>\n\n\n<p class=\"lead\">Utg\u00e5ngspunkten f\u00f6r all v\u00e5r verksamhet \u00e4r att resurserna anv\u00e4nds ansvarsfullt och \u00f6ppet i enlighet med god f\u00f6rvaltningssed och principerna f\u00f6r h\u00e5llbar utveckling.<\/p>\n\n\n\n<p>Vi v\u00e4rdes\u00e4tter de medel vilka donerats till oss och vi vinnl\u00e4gger oss om att anv\u00e4nda dem \u00f6ppet och effektivt. En betydande del av de medel som \u00e4r disponibla f\u00f6r utvecklingssamarbetet och katastrofarbetet, anv\u00e4nds f\u00f6r att k\u00f6pa olika slags produkter och tj\u00e4nster. Det grundl\u00e4ggande m\u00e5let f\u00f6r alla upphandlingar \u00e4r att st\u00f6da m\u00e4nniskor som har det allra sv\u00e5rast. Utlandshj\u00e4lpens kontor och lokala partnerorganisationer ansvarar f\u00f6r att bist\u00e5ndsmottagarna f\u00e5r maximal nytta av de medel som donerats till oss.<\/p>\n\n\n\n<p>Vi str\u00e4var att genomf\u00f6ra alla upphandlingar p\u00e5 ett etiskt och ekologiskt h\u00e5llbart s\u00e4tt. Med etisk upphandling menas att man vid ink\u00f6pet av produkter och tj\u00e4nster ocks\u00e5 beaktar andra v\u00e4rden \u00e4n de ekonomiska. S\u00e5dana v\u00e4rden \u00e4r t.ex. att arbetarna har behandlats r\u00e4ttvist och att de negativa milj\u00f6konsekvenserna har minimerats. En v\u00e4sentlig del av utvecklingssamarbetet best\u00e5r av att st\u00f6da lokala gemenskaper. Vi vinnl\u00e4gger oss om att k\u00f6pa lokalproducerade produkter och tj\u00e4nster alltid d\u00e4r det \u00e4r m\u00f6jligt och \u00e4ndam\u00e5lsenligt.<\/p>\n\n\n\n<p>Upphandlingarna sker \u00f6ppet och de dokumenteras. F\u00f6rfaringss\u00e4ttet \u00e4r formbundet. Anbudsgivarna bem\u00f6ts objektivt, utan diskriminering. Utlandshj\u00e4lpens upphandlingar genomf\u00f6rs i enlighet med lagen om offentlig upphandling. Upphandlingar som \u00f6verskrider de tr\u00f6skelv\u00e4rden lagen anger, annonseras via annonseringskanalen <a href=\"http:\/\/www.hankintailmoitukset.fi\/sv\/\" target=\"_blank\" rel=\"noopener noreferrer\">HILMA<\/a> vilken uppr\u00e4tth\u00e5lls av arbets- och n\u00e4ringsministeriet.<\/p>\n\n\n\n<h3 class=\"wp-block-heading\">Kontaktuppgifter<\/h3>\n\n\n\n<p>Kyrkans Utlandshj\u00e4lp<br>PB 210&nbsp;(Etel\u00e4ranta 8)<br>00131 Helsingfors<\/p>\n\n\n\n<p>procurement@kirkonulkomaanapu.fi<\/p>\n","protected":false},"excerpt":{"rendered":"<p>Upphandlingen Upphandlingen Utg\u00e5ngspunkten f\u00f6r all v\u00e5r verksamhet \u00e4r att resurserna anv\u00e4nds ansvarsfullt och \u00f6ppet i enlighet med god f\u00f6rvaltningssed och principerna f\u00f6r h\u00e5llbar utveckling. Vi v\u00e4rdes\u00e4tter de medel vilka donerats till oss och vi vinnl\u00e4gger oss om att anv\u00e4nda dem \u00f6ppet och effektivt. En betydande del av de medel som \u00e4r disponibla f\u00f6r utvecklingssamarbetet och [&hellip;]<\/p>\n","protected":false},"author":137,"featured_media":0,"parent":3288,"menu_order":5,"comment_status":"closed","ping_status":"open","template":"","meta":{"_acf_changed":false,"_relevanssi_hide_post":"","_relevanssi_hide_content":"","_relevanssi_pin_for_all":"","_relevanssi_pin_keywords":"","_relevanssi_unpin_keywords":"","_relevanssi_related_keywords":"","_relevanssi_related_include_ids":"","_relevanssi_related_exclude_ids":"","_relevanssi_related_no_append":"","_relevanssi_related_not_related":"","_relevanssi_related_posts":"89500,63644,108131","_relevanssi_noindex_reason":"","_improvement_type_select":"improve_an_existing","_thumb_yes_seoaic":false,"_frame_yes_seoaic":false,"seoaic_generate_description":"","seoaic_improve_instructions_prompt":"","seoaic_rollback_content_improvement":"","seoaic_idea_thumbnail_generator":"","thumbnail_generated":false,"thumbnail_generate_prompt":"","seoaic_article_description":"","footnotes":""},"class_list":["post-3280","page","type-page","status-publish","hentry"],"acf":[],"yoast_head":"<!-- This site is optimized with the Yoast SEO plugin v26.9 - https:\/\/yoast.com\/product\/yoast-seo-wordpress\/ -->\n<title>Upphandlingen - Kyrkans Utlandshj\u00e4lp<\/title>\n<meta name=\"description\" content=\"Vi str\u00e4var att genomf\u00f6ra alla upphandlingar p\u00e5 ett etiskt och ekologiskt h\u00e5llbart s\u00e4tt.\" \/>\n<meta name=\"robots\" content=\"index, follow, max-snippet:-1, max-image-preview:large, max-video-preview:-1\" \/>\n<link rel=\"canonical\" href=\"https:\/\/www.kirkonulkomaanapu.fi\/sv\/om-oss\/kvalitet-och-ansvar\/upphandlingen\/\" \/>\n<meta property=\"og:locale\" content=\"sv_SE\" \/>\n<meta property=\"og:type\" content=\"article\" \/>\n<meta property=\"og:title\" content=\"Upphandlingen - Kyrkans Utlandshj\u00e4lp\" \/>\n<meta property=\"og:description\" content=\"Vi str\u00e4var att genomf\u00f6ra alla upphandlingar p\u00e5 ett etiskt och ekologiskt h\u00e5llbart s\u00e4tt.\" \/>\n<meta property=\"og:url\" content=\"https:\/\/www.kirkonulkomaanapu.fi\/sv\/om-oss\/kvalitet-och-ansvar\/upphandlingen\/\" \/>\n<meta property=\"og:site_name\" content=\"Kyrkans Utlandshj\u00e4lp\" \/>\n<meta property=\"article:publisher\" content=\"https:\/\/www.facebook.com\/Ulkomaanapu\/\" \/>\n<meta property=\"article:modified_time\" content=\"2021-05-11T09:51:40+00:00\" \/>\n<meta property=\"og:image\" content=\"https:\/\/www.kirkonulkomaanapu.fi\/wp-content\/uploads\/2026\/02\/Kirkon-ulkomaanapu-logo.png\" \/>\n\t<meta property=\"og:image:width\" content=\"225\" \/>\n\t<meta property=\"og:image:height\" content=\"225\" \/>\n\t<meta property=\"og:image:type\" content=\"image\/png\" \/>\n<meta name=\"twitter:label1\" content=\"Ber\u00e4knad l\u00e4stid\" \/>\n\t<meta name=\"twitter:data1\" content=\"1 minut\" \/>\n<script type=\"application\/ld+json\" class=\"yoast-schema-graph\">{\"@context\":\"https:\/\/schema.org\",\"@graph\":[{\"@type\":\"WebPage\",\"@id\":\"https:\/\/www.kirkonulkomaanapu.fi\/sv\/om-oss\/kvalitet-och-ansvar\/upphandlingen\/\",\"url\":\"https:\/\/www.kirkonulkomaanapu.fi\/sv\/om-oss\/kvalitet-och-ansvar\/upphandlingen\/\",\"name\":\"Upphandlingen - Kyrkans Utlandshj\u00e4lp\",\"isPartOf\":{\"@id\":\"https:\/\/www.kirkonulkomaanapu.fi\/#website\"},\"datePublished\":\"2014-04-07T10:20:32+00:00\",\"dateModified\":\"2021-05-11T09:51:40+00:00\",\"description\":\"Vi str\u00e4var att genomf\u00f6ra alla upphandlingar p\u00e5 ett etiskt och ekologiskt h\u00e5llbart s\u00e4tt.\",\"breadcrumb\":{\"@id\":\"https:\/\/www.kirkonulkomaanapu.fi\/sv\/om-oss\/kvalitet-och-ansvar\/upphandlingen\/#breadcrumb\"},\"inLanguage\":\"sv-SE\",\"potentialAction\":[{\"@type\":\"ReadAction\",\"target\":[\"https:\/\/www.kirkonulkomaanapu.fi\/sv\/om-oss\/kvalitet-och-ansvar\/upphandlingen\/\"]}]},{\"@type\":\"BreadcrumbList\",\"@id\":\"https:\/\/www.kirkonulkomaanapu.fi\/sv\/om-oss\/kvalitet-och-ansvar\/upphandlingen\/#breadcrumb\",\"itemListElement\":[{\"@type\":\"ListItem\",\"position\":1,\"name\":\"Home\",\"item\":\"https:\/\/www.kirkonulkomaanapu.fi\/sv\/\"},{\"@type\":\"ListItem\",\"position\":2,\"name\":\"Om oss\",\"item\":\"https:\/\/www.kirkonulkomaanapu.fi\/sv\/om-oss\/\"},{\"@type\":\"ListItem\",\"position\":3,\"name\":\"Kvalitet och ansvar\",\"item\":\"https:\/\/www.kirkonulkomaanapu.fi\/sv\/om-oss\/kvalitet-och-ansvar\/\"},{\"@type\":\"ListItem\",\"position\":4,\"name\":\"Upphandlingen\"}]},{\"@type\":\"WebSite\",\"@id\":\"https:\/\/www.kirkonulkomaanapu.fi\/#website\",\"url\":\"https:\/\/www.kirkonulkomaanapu.fi\/\",\"name\":\"Kirkon Ulkomaanapu\",\"description\":\"Suomen suurin kehitysyhteisty\u00f6j\u00e4rjest\u00f6\",\"publisher\":{\"@id\":\"https:\/\/www.kirkonulkomaanapu.fi\/#organization\"},\"alternateName\":\"KUA\",\"potentialAction\":[{\"@type\":\"SearchAction\",\"target\":{\"@type\":\"EntryPoint\",\"urlTemplate\":\"https:\/\/www.kirkonulkomaanapu.fi\/?s={search_term_string}\"},\"query-input\":{\"@type\":\"PropertyValueSpecification\",\"valueRequired\":true,\"valueName\":\"search_term_string\"}}],\"inLanguage\":\"sv-SE\"},{\"@type\":\"Organization\",\"@id\":\"https:\/\/www.kirkonulkomaanapu.fi\/#organization\",\"name\":\"Kirkon Ulkomaanapu\",\"alternateName\":\"KUA\",\"url\":\"https:\/\/www.kirkonulkomaanapu.fi\/\",\"logo\":{\"@type\":\"ImageObject\",\"inLanguage\":\"sv-SE\",\"@id\":\"https:\/\/www.kirkonulkomaanapu.fi\/#\/schema\/logo\/image\/\",\"url\":\"https:\/\/www.kirkonulkomaanapu.fi\/wp-content\/uploads\/2026\/02\/Kirkon-ulkomaanapu-logo-1.png\",\"contentUrl\":\"https:\/\/www.kirkonulkomaanapu.fi\/wp-content\/uploads\/2026\/02\/Kirkon-ulkomaanapu-logo-1.png\",\"width\":225,\"height\":225,\"caption\":\"Kirkon Ulkomaanapu\"},\"image\":{\"@id\":\"https:\/\/www.kirkonulkomaanapu.fi\/#\/schema\/logo\/image\/\"},\"sameAs\":[\"https:\/\/www.facebook.com\/Ulkomaanapu\/\",\"https:\/\/www.youtube.com\/user\/kirkonulkomaanapu\",\"https:\/\/instagram.com\/kirkon_ulkomaanapu\/\",\"https:\/\/www.linkedin.com\/company\/finn-church-aid\/\"]}]}<\/script>\n<!-- \/ Yoast SEO plugin. -->","yoast_head_json":{"title":"Upphandlingen - Kyrkans Utlandshj\u00e4lp","description":"Vi str\u00e4var att genomf\u00f6ra alla upphandlingar p\u00e5 ett etiskt och ekologiskt h\u00e5llbart s\u00e4tt.","robots":{"index":"index","follow":"follow","max-snippet":"max-snippet:-1","max-image-preview":"max-image-preview:large","max-video-preview":"max-video-preview:-1"},"canonical":"https:\/\/www.kirkonulkomaanapu.fi\/sv\/om-oss\/kvalitet-och-ansvar\/upphandlingen\/","og_locale":"sv_SE","og_type":"article","og_title":"Upphandlingen - Kyrkans Utlandshj\u00e4lp","og_description":"Vi str\u00e4var att genomf\u00f6ra alla upphandlingar p\u00e5 ett etiskt och ekologiskt h\u00e5llbart s\u00e4tt.","og_url":"https:\/\/www.kirkonulkomaanapu.fi\/sv\/om-oss\/kvalitet-och-ansvar\/upphandlingen\/","og_site_name":"Kyrkans Utlandshj\u00e4lp","article_publisher":"https:\/\/www.facebook.com\/Ulkomaanapu\/","article_modified_time":"2021-05-11T09:51:40+00:00","og_image":[{"width":225,"height":225,"url":"https:\/\/www.kirkonulkomaanapu.fi\/wp-content\/uploads\/2026\/02\/Kirkon-ulkomaanapu-logo.png","type":"image\/png"}],"twitter_misc":{"Ber\u00e4knad l\u00e4stid":"1 minut"},"schema":{"@context":"https:\/\/schema.org","@graph":[{"@type":"WebPage","@id":"https:\/\/www.kirkonulkomaanapu.fi\/sv\/om-oss\/kvalitet-och-ansvar\/upphandlingen\/","url":"https:\/\/www.kirkonulkomaanapu.fi\/sv\/om-oss\/kvalitet-och-ansvar\/upphandlingen\/","name":"Upphandlingen - Kyrkans Utlandshj\u00e4lp","isPartOf":{"@id":"https:\/\/www.kirkonulkomaanapu.fi\/#website"},"datePublished":"2014-04-07T10:20:32+00:00","dateModified":"2021-05-11T09:51:40+00:00","description":"Vi str\u00e4var att genomf\u00f6ra alla upphandlingar p\u00e5 ett etiskt och ekologiskt h\u00e5llbart s\u00e4tt.","breadcrumb":{"@id":"https:\/\/www.kirkonulkomaanapu.fi\/sv\/om-oss\/kvalitet-och-ansvar\/upphandlingen\/#breadcrumb"},"inLanguage":"sv-SE","potentialAction":[{"@type":"ReadAction","target":["https:\/\/www.kirkonulkomaanapu.fi\/sv\/om-oss\/kvalitet-och-ansvar\/upphandlingen\/"]}]},{"@type":"BreadcrumbList","@id":"https:\/\/www.kirkonulkomaanapu.fi\/sv\/om-oss\/kvalitet-och-ansvar\/upphandlingen\/#breadcrumb","itemListElement":[{"@type":"ListItem","position":1,"name":"Home","item":"https:\/\/www.kirkonulkomaanapu.fi\/sv\/"},{"@type":"ListItem","position":2,"name":"Om oss","item":"https:\/\/www.kirkonulkomaanapu.fi\/sv\/om-oss\/"},{"@type":"ListItem","position":3,"name":"Kvalitet och ansvar","item":"https:\/\/www.kirkonulkomaanapu.fi\/sv\/om-oss\/kvalitet-och-ansvar\/"},{"@type":"ListItem","position":4,"name":"Upphandlingen"}]},{"@type":"WebSite","@id":"https:\/\/www.kirkonulkomaanapu.fi\/#website","url":"https:\/\/www.kirkonulkomaanapu.fi\/","name":"Kirkon Ulkomaanapu","description":"Suomen suurin kehitysyhteisty\u00f6j\u00e4rjest\u00f6","publisher":{"@id":"https:\/\/www.kirkonulkomaanapu.fi\/#organization"},"alternateName":"KUA","potentialAction":[{"@type":"SearchAction","target":{"@type":"EntryPoint","urlTemplate":"https:\/\/www.kirkonulkomaanapu.fi\/?s={search_term_string}"},"query-input":{"@type":"PropertyValueSpecification","valueRequired":true,"valueName":"search_term_string"}}],"inLanguage":"sv-SE"},{"@type":"Organization","@id":"https:\/\/www.kirkonulkomaanapu.fi\/#organization","name":"Kirkon Ulkomaanapu","alternateName":"KUA","url":"https:\/\/www.kirkonulkomaanapu.fi\/","logo":{"@type":"ImageObject","inLanguage":"sv-SE","@id":"https:\/\/www.kirkonulkomaanapu.fi\/#\/schema\/logo\/image\/","url":"https:\/\/www.kirkonulkomaanapu.fi\/wp-content\/uploads\/2026\/02\/Kirkon-ulkomaanapu-logo-1.png","contentUrl":"https:\/\/www.kirkonulkomaanapu.fi\/wp-content\/uploads\/2026\/02\/Kirkon-ulkomaanapu-logo-1.png","width":225,"height":225,"caption":"Kirkon Ulkomaanapu"},"image":{"@id":"https:\/\/www.kirkonulkomaanapu.fi\/#\/schema\/logo\/image\/"},"sameAs":["https:\/\/www.facebook.com\/Ulkomaanapu\/","https:\/\/www.youtube.com\/user\/kirkonulkomaanapu","https:\/\/instagram.com\/kirkon_ulkomaanapu\/","https:\/\/www.linkedin.com\/company\/finn-church-aid\/"]}]}},"_links":{"self":[{"href":"https:\/\/www.kirkonulkomaanapu.fi\/sv\/wp-json\/wp\/v2\/pages\/3280","targetHints":{"allow":["GET"]}}],"collection":[{"href":"https:\/\/www.kirkonulkomaanapu.fi\/sv\/wp-json\/wp\/v2\/pages"}],"about":[{"href":"https:\/\/www.kirkonulkomaanapu.fi\/sv\/wp-json\/wp\/v2\/types\/page"}],"author":[{"embeddable":true,"href":"https:\/\/www.kirkonulkomaanapu.fi\/sv\/wp-json\/wp\/v2\/users\/137"}],"replies":[{"embeddable":true,"href":"https:\/\/www.kirkonulkomaanapu.fi\/sv\/wp-json\/wp\/v2\/comments?post=3280"}],"version-history":[{"count":2,"href":"https:\/\/www.kirkonulkomaanapu.fi\/sv\/wp-json\/wp\/v2\/pages\/3280\/revisions"}],"predecessor-version":[{"id":117836,"href":"https:\/\/www.kirkonulkomaanapu.fi\/sv\/wp-json\/wp\/v2\/pages\/3280\/revisions\/117836"}],"up":[{"embeddable":true,"href":"https:\/\/www.kirkonulkomaanapu.fi\/sv\/wp-json\/wp\/v2\/pages\/3288"}],"wp:attachment":[{"href":"https:\/\/www.kirkonulkomaanapu.fi\/sv\/wp-json\/wp\/v2\/media?parent=3280"}],"curies":[{"name":"wp","href":"https:\/\/api.w.org\/{rel}","templated":true}]}}