{"id":3277,"date":"2014-04-07T13:18:53","date_gmt":"2014-04-07T10:18:53","guid":{"rendered":"https:\/\/www.kirkonulkomaanapu.fi\/?page_id=3277"},"modified":"2024-08-12T13:55:04","modified_gmt":"2024-08-12T10:55:04","slug":"historia","status":"publish","type":"page","link":"https:\/\/www.kirkonulkomaanapu.fi\/sv\/om-oss\/historia\/","title":{"rendered":"Historia"},"content":{"rendered":"\n\n\n<div class=\"block-hero full-width id-block\" style=\"background-image: url('https:\/\/www.kirkonulkomaanapu.fi\/wp-content\/uploads\/2021\/05\/Historia-scaled.jpg');\">\n\n\t<div class=\"bg-mobile\" style=\"background-image: url('https:\/\/www.kirkonulkomaanapu.fi\/wp-content\/uploads\/2021\/05\/Historia-1024x683.jpg');\"><\/div>\n\n\t\n\t<div class=\"curtain\"><\/div>\n\n\t<div class=\"container\">\n\t\t<div class=\"row\">\n\t\t\t<div class=\"col\">\n\t\t\t\t<div class=\"inner-blocks entry-content\">\n\t\t\t\t\t\t\t\t\t\t\t\n<h1 class=\"is-style-brush\" ><span class=\"bg\">\nHistoria\n<\/span><\/h1><h1 class=\"is-style-brush mobile\" ><span class=\"bg\">Historia<\/span><\/h1>\n\n\n<p><\/p>\n\n\n\t\t\t\t\t\t\t\t\t<\/div>\n\t\t\t<\/div>\n\t\t<\/div>\n\t<\/div>\n<\/div>\n\n\n<div class=\"subpage-navigation id-block full-width\">\n    <div class=\"container-lg\">\n        <div class=\"row\">\n            <div class=\"col\">\n                <ul class=\"pages\">\n                                        <li class=\"page ancestor\">\n                        <a href=\"https:\/\/www.kirkonulkomaanapu.fi\/sv\/om-oss\/\">Om oss<\/a>\n                    <\/li>\n                    \n                                        <li class=\"page\">\n                        <a href=\"https:\/\/www.kirkonulkomaanapu.fi\/sv\/om-oss\/styrelsen-och-ekonomin\/\">Ekonomin<\/a>\n                    <\/li>\n                                        <li class=\"page current\">\n                        <a href=\"https:\/\/www.kirkonulkomaanapu.fi\/sv\/om-oss\/historia\/\">Historia<\/a>\n                    <\/li>\n                                        <li class=\"page\">\n                        <a href=\"https:\/\/www.kirkonulkomaanapu.fi\/sv\/om-oss\/kvalitet-och-ansvar\/\">Kvalitet och ansvar<\/a>\n                    <\/li>\n                                        <li class=\"page\">\n                        <a href=\"https:\/\/www.kirkonulkomaanapu.fi\/sv\/om-oss\/rekrytering\/\">Rekrytering<\/a>\n                    <\/li>\n                                        <li class=\"page\">\n                        <a href=\"https:\/\/www.kirkonulkomaanapu.fi\/sv\/om-oss\/natverk\/\">Samarbetsn\u00e4tverk<\/a>\n                    <\/li>\n                                        <li class=\"page\">\n                        <a href=\"https:\/\/www.kirkonulkomaanapu.fi\/sv\/om-oss\/vanliga-fragor\/\">Vanliga fr\u00e5gor<\/a>\n                    <\/li>\n                                    <\/ul>\n            <\/div>\n        <\/div>\n    <\/div>\n<\/div>\n\n\n\n\n\n\n<p>Den 25 september 1947 anses vara dagen d\u00e5 Kyrkans Utlandshj\u00e4lp grundades. D\u00e5 ansl\u00f6t sig den evangelisk-lutherska kyrkan i Finland officiellt till kyrkornas internationella bist\u00e5ndsn\u00e4tverk \u2013&nbsp;som en av hj\u00e4lpens mottagare.<\/p>\n\n\n\n<p>Efter krigs\u00e5ren l\u00e5g Finland i ruiner. Det r\u00e5dde skriande brist p\u00e5 mat och kl\u00e4der. Kriget hade utarmat landet. Det&nbsp;avtr\u00e4dda Karelen&nbsp;hade&nbsp;evakuerats p\u00e5 \u00f6ver&nbsp;400 000 m\u00e4nniskor som bosatt sig&nbsp;p\u00e5 andra orter i Finland.<\/p>\n\n\n\n<p>Bl.a. fr\u00e5n Sverige och USA&nbsp; kom&nbsp;pengar, kl\u00e4der och livsmedel till det fattiga Finland. S\u00e4rskilt aktiva att hj\u00e4lpa var amerikafinl\u00e4ndarna. Denna hj\u00e4lp distribuerades till stora delar av Kyrkan.<\/p>\n\n\n\n<p>De amerikanska systerkyrkorna beg\u00e4rde f\u00f6r sina insamlingskampanjer&nbsp; detaljerade beskrivningar av f\u00f6rh\u00e5llandena och behoven i Finland.&nbsp;Ocks\u00e5&nbsp;finl\u00e4ndarnas tackbrev och beskrivningar om hur livet f\u00f6r\u00e4ndrats till det b\u00e4ttre, anv\u00e4ndes i kampanjerna. Ut\u00f6ver n\u00f6dhj\u00e4lpen&nbsp;gav&nbsp;man \u00e4ven st\u00f6d till den&nbsp;finl\u00e4ndska lutherska kyrkans diakoniarbete.<\/p>\n\n\n\n<h3 class=\"wp-block-heading\">Fr\u00e5n hj\u00e4lpmottagare till givare<\/h3>\n\n\n\n<p>Fr\u00e5n och med slutet av 1950-talet&nbsp;utvecklades Finland fr\u00e5n att vara&nbsp;ett&nbsp;land&nbsp;som f\u00e5tt hj\u00e4lp, till att vara&nbsp;ett land&nbsp;som hj\u00e4lper andra l\u00e4nder.&nbsp;I Kyrkan besl\u00f6t man att&nbsp;anv\u00e4nda en dryg tredjedel int\u00e4kterna fr\u00e5n&nbsp;insamlingen Gemensamt Ansvar till att \u201dunds\u00e4tta de n\u00f6dlidande i v\u00e4rlden\u201d. I dag&nbsp;ger Kyrkans Utlandshj\u00e4lp 60 % av int\u00e4kterna fr\u00e5n insamlingen Gemensamt Ansvar till de fattigaste i v\u00e4rlden.<\/p>\n\n\n\n<p>Fr\u00e5gor&nbsp;om tredje&nbsp;v\u00e4rlden och internationell r\u00e4ttvisa fick p\u00e5 60-talet&nbsp;utrymme ocks\u00e5 i de mellankyrkliga organisationernas verksamhet. D\u00e5 skrev man om de hungriga barnen i Biafra&nbsp;och visade uppskakande bilder. N\u00e4r&nbsp;inst\u00e4llningen till internationell bist\u00e5ndsverksamhet blivit v\u00e4lvilligare, \u00f6kade ocks\u00e5 kyrkans bist\u00e5ndsverksamhet i betydelse och omfattning.<\/p>\n\n\n\n<h3 class=\"wp-block-heading\">Kyrkans Utlandshj\u00e4lp idag<\/h3>\n\n\n\n<p>Fr\u00e5n och med 1970-talet har Kyrkans Utlandshj\u00e4lp vuxit i j\u00e4mn takt i&nbsp; b\u00e5de bist\u00e5ndsvolym och personal.&nbsp;Idag&nbsp;\u00e4r Kyrkans Utlandshj\u00e4lp&nbsp;en av Finlands st\u00f6rsta organisationer&nbsp;i utvecklingssamarbetet och katastrofhj\u00e4lpen.<\/p>\n","protected":false},"excerpt":{"rendered":"<p>Den 25 september 1947 anses vara dagen d\u00e5 Kyrkans Utlandshj\u00e4lp grundades. D\u00e5 ansl\u00f6t sig den evangelisk-lutherska kyrkan i Finland officiellt till kyrkornas internationella bist\u00e5ndsn\u00e4tverk \u2013&nbsp;som en av hj\u00e4lpens mottagare. Efter krigs\u00e5ren l\u00e5g Finland i ruiner. Det r\u00e5dde skriande brist p\u00e5 mat och kl\u00e4der. Kriget hade utarmat landet. Det&nbsp;avtr\u00e4dda Karelen&nbsp;hade&nbsp;evakuerats p\u00e5 \u00f6ver&nbsp;400 000 m\u00e4nniskor som bosatt [&hellip;]<\/p>\n","protected":false},"author":137,"featured_media":116983,"parent":116383,"menu_order":3,"comment_status":"closed","ping_status":"open","template":"","meta":{"_acf_changed":false,"_relevanssi_hide_post":"","_relevanssi_hide_content":"","_relevanssi_pin_for_all":"","_relevanssi_pin_keywords":"","_relevanssi_unpin_keywords":"","_relevanssi_related_keywords":"","_relevanssi_related_include_ids":"","_relevanssi_related_exclude_ids":"","_relevanssi_related_no_append":"","_relevanssi_related_not_related":"","_relevanssi_related_posts":"89500,63644,108131","_relevanssi_noindex_reason":"","_improvement_type_select":"improve_an_existing","_thumb_yes_seoaic":false,"_frame_yes_seoaic":false,"seoaic_generate_description":"","seoaic_improve_instructions_prompt":"","seoaic_rollback_content_improvement":"","seoaic_idea_thumbnail_generator":"","thumbnail_generated":false,"thumbnail_generate_prompt":"","seoaic_article_description":"","footnotes":""},"class_list":["post-3277","page","type-page","status-publish","has-post-thumbnail","hentry"],"acf":[],"yoast_head":"<!-- This site is optimized with the Yoast SEO plugin v26.9 - https:\/\/yoast.com\/product\/yoast-seo-wordpress\/ -->\n<title>Historia - Kyrkans Utlandshj\u00e4lp - Jobb f\u00f6r m\u00e4nniskov\u00e4rdet<\/title>\n<meta name=\"description\" content=\"Kyrkans Utlandshj\u00e4lp, grundat 1947, \u00e4r idag en av Finlands st\u00f6rsta genomf\u00f6rare av utvecklingssamarbete och humanit\u00e4rt bist\u00e5nd.\" \/>\n<meta name=\"robots\" content=\"index, follow, max-snippet:-1, max-image-preview:large, max-video-preview:-1\" \/>\n<link rel=\"canonical\" href=\"https:\/\/www.kirkonulkomaanapu.fi\/sv\/om-oss\/historia\/\" \/>\n<meta property=\"og:locale\" content=\"sv_SE\" \/>\n<meta property=\"og:type\" content=\"article\" \/>\n<meta property=\"og:title\" content=\"Historia - Kyrkans Utlandshj\u00e4lp - Jobb f\u00f6r m\u00e4nniskov\u00e4rdet\" \/>\n<meta property=\"og:description\" content=\"Kyrkans Utlandshj\u00e4lp, grundat 1947, \u00e4r idag en av Finlands st\u00f6rsta genomf\u00f6rare av utvecklingssamarbete och humanit\u00e4rt bist\u00e5nd.\" \/>\n<meta property=\"og:url\" content=\"https:\/\/www.kirkonulkomaanapu.fi\/sv\/om-oss\/historia\/\" \/>\n<meta property=\"og:site_name\" content=\"Kyrkans Utlandshj\u00e4lp\" \/>\n<meta property=\"article:publisher\" content=\"https:\/\/www.facebook.com\/Ulkomaanapu\/\" \/>\n<meta property=\"article:modified_time\" content=\"2024-08-12T10:55:04+00:00\" \/>\n<meta property=\"og:image\" content=\"https:\/\/www.kirkonulkomaanapu.fi\/wp-content\/uploads\/2021\/05\/Historia-scaled.jpg\" \/>\n\t<meta property=\"og:image:width\" content=\"2560\" \/>\n\t<meta property=\"og:image:height\" content=\"1707\" \/>\n\t<meta property=\"og:image:type\" content=\"image\/jpeg\" \/>\n<meta name=\"twitter:label1\" content=\"Ber\u00e4knad l\u00e4stid\" \/>\n\t<meta name=\"twitter:data1\" content=\"2 minuter\" \/>\n<script type=\"application\/ld+json\" class=\"yoast-schema-graph\">{\"@context\":\"https:\/\/schema.org\",\"@graph\":[{\"@type\":\"WebPage\",\"@id\":\"https:\/\/www.kirkonulkomaanapu.fi\/sv\/om-oss\/historia\/\",\"url\":\"https:\/\/www.kirkonulkomaanapu.fi\/sv\/om-oss\/historia\/\",\"name\":\"Historia - Kyrkans Utlandshj\u00e4lp - Jobb f\u00f6r m\u00e4nniskov\u00e4rdet\",\"isPartOf\":{\"@id\":\"https:\/\/www.kirkonulkomaanapu.fi\/#website\"},\"primaryImageOfPage\":{\"@id\":\"https:\/\/www.kirkonulkomaanapu.fi\/sv\/om-oss\/historia\/#primaryimage\"},\"image\":{\"@id\":\"https:\/\/www.kirkonulkomaanapu.fi\/sv\/om-oss\/historia\/#primaryimage\"},\"thumbnailUrl\":\"https:\/\/www.kirkonulkomaanapu.fi\/wp-content\/uploads\/2021\/05\/Historia-scaled.jpg\",\"datePublished\":\"2014-04-07T10:18:53+00:00\",\"dateModified\":\"2024-08-12T10:55:04+00:00\",\"description\":\"Kyrkans Utlandshj\u00e4lp, grundat 1947, \u00e4r idag en av Finlands st\u00f6rsta genomf\u00f6rare av utvecklingssamarbete och humanit\u00e4rt bist\u00e5nd.\",\"breadcrumb\":{\"@id\":\"https:\/\/www.kirkonulkomaanapu.fi\/sv\/om-oss\/historia\/#breadcrumb\"},\"inLanguage\":\"sv-SE\",\"potentialAction\":[{\"@type\":\"ReadAction\",\"target\":[\"https:\/\/www.kirkonulkomaanapu.fi\/sv\/om-oss\/historia\/\"]}]},{\"@type\":\"ImageObject\",\"inLanguage\":\"sv-SE\",\"@id\":\"https:\/\/www.kirkonulkomaanapu.fi\/sv\/om-oss\/historia\/#primaryimage\",\"url\":\"https:\/\/www.kirkonulkomaanapu.fi\/wp-content\/uploads\/2021\/05\/Historia-scaled.jpg\",\"contentUrl\":\"https:\/\/www.kirkonulkomaanapu.fi\/wp-content\/uploads\/2021\/05\/Historia-scaled.jpg\",\"width\":2560,\"height\":1707,\"caption\":\"Women's Peace Committee in Pibor, South Sudan. Mary Oleyo, 56, Chair Ladyh for the Women's Group, Mother of three children.\"},{\"@type\":\"BreadcrumbList\",\"@id\":\"https:\/\/www.kirkonulkomaanapu.fi\/sv\/om-oss\/historia\/#breadcrumb\",\"itemListElement\":[{\"@type\":\"ListItem\",\"position\":1,\"name\":\"Home\",\"item\":\"https:\/\/www.kirkonulkomaanapu.fi\/sv\/\"},{\"@type\":\"ListItem\",\"position\":2,\"name\":\"Om oss\",\"item\":\"https:\/\/www.kirkonulkomaanapu.fi\/sv\/om-oss\/\"},{\"@type\":\"ListItem\",\"position\":3,\"name\":\"Historia\"}]},{\"@type\":\"WebSite\",\"@id\":\"https:\/\/www.kirkonulkomaanapu.fi\/#website\",\"url\":\"https:\/\/www.kirkonulkomaanapu.fi\/\",\"name\":\"Kirkon Ulkomaanapu\",\"description\":\"Suomen suurin kehitysyhteisty\u00f6j\u00e4rjest\u00f6\",\"publisher\":{\"@id\":\"https:\/\/www.kirkonulkomaanapu.fi\/#organization\"},\"alternateName\":\"KUA\",\"potentialAction\":[{\"@type\":\"SearchAction\",\"target\":{\"@type\":\"EntryPoint\",\"urlTemplate\":\"https:\/\/www.kirkonulkomaanapu.fi\/?s={search_term_string}\"},\"query-input\":{\"@type\":\"PropertyValueSpecification\",\"valueRequired\":true,\"valueName\":\"search_term_string\"}}],\"inLanguage\":\"sv-SE\"},{\"@type\":\"Organization\",\"@id\":\"https:\/\/www.kirkonulkomaanapu.fi\/#organization\",\"name\":\"Kirkon Ulkomaanapu\",\"alternateName\":\"KUA\",\"url\":\"https:\/\/www.kirkonulkomaanapu.fi\/\",\"logo\":{\"@type\":\"ImageObject\",\"inLanguage\":\"sv-SE\",\"@id\":\"https:\/\/www.kirkonulkomaanapu.fi\/#\/schema\/logo\/image\/\",\"url\":\"https:\/\/www.kirkonulkomaanapu.fi\/wp-content\/uploads\/2026\/02\/Kirkon-ulkomaanapu-logo-1.png\",\"contentUrl\":\"https:\/\/www.kirkonulkomaanapu.fi\/wp-content\/uploads\/2026\/02\/Kirkon-ulkomaanapu-logo-1.png\",\"width\":225,\"height\":225,\"caption\":\"Kirkon Ulkomaanapu\"},\"image\":{\"@id\":\"https:\/\/www.kirkonulkomaanapu.fi\/#\/schema\/logo\/image\/\"},\"sameAs\":[\"https:\/\/www.facebook.com\/Ulkomaanapu\/\",\"https:\/\/www.youtube.com\/user\/kirkonulkomaanapu\",\"https:\/\/instagram.com\/kirkon_ulkomaanapu\/\",\"https:\/\/www.linkedin.com\/company\/finn-church-aid\/\"]}]}<\/script>\n<!-- \/ Yoast SEO plugin. -->","yoast_head_json":{"title":"Historia - Kyrkans Utlandshj\u00e4lp - Jobb f\u00f6r m\u00e4nniskov\u00e4rdet","description":"Kyrkans Utlandshj\u00e4lp, grundat 1947, \u00e4r idag en av Finlands st\u00f6rsta genomf\u00f6rare av utvecklingssamarbete och humanit\u00e4rt bist\u00e5nd.","robots":{"index":"index","follow":"follow","max-snippet":"max-snippet:-1","max-image-preview":"max-image-preview:large","max-video-preview":"max-video-preview:-1"},"canonical":"https:\/\/www.kirkonulkomaanapu.fi\/sv\/om-oss\/historia\/","og_locale":"sv_SE","og_type":"article","og_title":"Historia - Kyrkans Utlandshj\u00e4lp - Jobb f\u00f6r m\u00e4nniskov\u00e4rdet","og_description":"Kyrkans Utlandshj\u00e4lp, grundat 1947, \u00e4r idag en av Finlands st\u00f6rsta genomf\u00f6rare av utvecklingssamarbete och humanit\u00e4rt bist\u00e5nd.","og_url":"https:\/\/www.kirkonulkomaanapu.fi\/sv\/om-oss\/historia\/","og_site_name":"Kyrkans Utlandshj\u00e4lp","article_publisher":"https:\/\/www.facebook.com\/Ulkomaanapu\/","article_modified_time":"2024-08-12T10:55:04+00:00","og_image":[{"width":2560,"height":1707,"url":"https:\/\/www.kirkonulkomaanapu.fi\/wp-content\/uploads\/2021\/05\/Historia-scaled.jpg","type":"image\/jpeg"}],"twitter_misc":{"Ber\u00e4knad l\u00e4stid":"2 minuter"},"schema":{"@context":"https:\/\/schema.org","@graph":[{"@type":"WebPage","@id":"https:\/\/www.kirkonulkomaanapu.fi\/sv\/om-oss\/historia\/","url":"https:\/\/www.kirkonulkomaanapu.fi\/sv\/om-oss\/historia\/","name":"Historia - Kyrkans Utlandshj\u00e4lp - Jobb f\u00f6r m\u00e4nniskov\u00e4rdet","isPartOf":{"@id":"https:\/\/www.kirkonulkomaanapu.fi\/#website"},"primaryImageOfPage":{"@id":"https:\/\/www.kirkonulkomaanapu.fi\/sv\/om-oss\/historia\/#primaryimage"},"image":{"@id":"https:\/\/www.kirkonulkomaanapu.fi\/sv\/om-oss\/historia\/#primaryimage"},"thumbnailUrl":"https:\/\/www.kirkonulkomaanapu.fi\/wp-content\/uploads\/2021\/05\/Historia-scaled.jpg","datePublished":"2014-04-07T10:18:53+00:00","dateModified":"2024-08-12T10:55:04+00:00","description":"Kyrkans Utlandshj\u00e4lp, grundat 1947, \u00e4r idag en av Finlands st\u00f6rsta genomf\u00f6rare av utvecklingssamarbete och humanit\u00e4rt bist\u00e5nd.","breadcrumb":{"@id":"https:\/\/www.kirkonulkomaanapu.fi\/sv\/om-oss\/historia\/#breadcrumb"},"inLanguage":"sv-SE","potentialAction":[{"@type":"ReadAction","target":["https:\/\/www.kirkonulkomaanapu.fi\/sv\/om-oss\/historia\/"]}]},{"@type":"ImageObject","inLanguage":"sv-SE","@id":"https:\/\/www.kirkonulkomaanapu.fi\/sv\/om-oss\/historia\/#primaryimage","url":"https:\/\/www.kirkonulkomaanapu.fi\/wp-content\/uploads\/2021\/05\/Historia-scaled.jpg","contentUrl":"https:\/\/www.kirkonulkomaanapu.fi\/wp-content\/uploads\/2021\/05\/Historia-scaled.jpg","width":2560,"height":1707,"caption":"Women's Peace Committee in Pibor, South Sudan. Mary Oleyo, 56, Chair Ladyh for the Women's Group, Mother of three children."},{"@type":"BreadcrumbList","@id":"https:\/\/www.kirkonulkomaanapu.fi\/sv\/om-oss\/historia\/#breadcrumb","itemListElement":[{"@type":"ListItem","position":1,"name":"Home","item":"https:\/\/www.kirkonulkomaanapu.fi\/sv\/"},{"@type":"ListItem","position":2,"name":"Om oss","item":"https:\/\/www.kirkonulkomaanapu.fi\/sv\/om-oss\/"},{"@type":"ListItem","position":3,"name":"Historia"}]},{"@type":"WebSite","@id":"https:\/\/www.kirkonulkomaanapu.fi\/#website","url":"https:\/\/www.kirkonulkomaanapu.fi\/","name":"Kirkon Ulkomaanapu","description":"Suomen suurin kehitysyhteisty\u00f6j\u00e4rjest\u00f6","publisher":{"@id":"https:\/\/www.kirkonulkomaanapu.fi\/#organization"},"alternateName":"KUA","potentialAction":[{"@type":"SearchAction","target":{"@type":"EntryPoint","urlTemplate":"https:\/\/www.kirkonulkomaanapu.fi\/?s={search_term_string}"},"query-input":{"@type":"PropertyValueSpecification","valueRequired":true,"valueName":"search_term_string"}}],"inLanguage":"sv-SE"},{"@type":"Organization","@id":"https:\/\/www.kirkonulkomaanapu.fi\/#organization","name":"Kirkon Ulkomaanapu","alternateName":"KUA","url":"https:\/\/www.kirkonulkomaanapu.fi\/","logo":{"@type":"ImageObject","inLanguage":"sv-SE","@id":"https:\/\/www.kirkonulkomaanapu.fi\/#\/schema\/logo\/image\/","url":"https:\/\/www.kirkonulkomaanapu.fi\/wp-content\/uploads\/2026\/02\/Kirkon-ulkomaanapu-logo-1.png","contentUrl":"https:\/\/www.kirkonulkomaanapu.fi\/wp-content\/uploads\/2026\/02\/Kirkon-ulkomaanapu-logo-1.png","width":225,"height":225,"caption":"Kirkon Ulkomaanapu"},"image":{"@id":"https:\/\/www.kirkonulkomaanapu.fi\/#\/schema\/logo\/image\/"},"sameAs":["https:\/\/www.facebook.com\/Ulkomaanapu\/","https:\/\/www.youtube.com\/user\/kirkonulkomaanapu","https:\/\/instagram.com\/kirkon_ulkomaanapu\/","https:\/\/www.linkedin.com\/company\/finn-church-aid\/"]}]}},"_links":{"self":[{"href":"https:\/\/www.kirkonulkomaanapu.fi\/sv\/wp-json\/wp\/v2\/pages\/3277","targetHints":{"allow":["GET"]}}],"collection":[{"href":"https:\/\/www.kirkonulkomaanapu.fi\/sv\/wp-json\/wp\/v2\/pages"}],"about":[{"href":"https:\/\/www.kirkonulkomaanapu.fi\/sv\/wp-json\/wp\/v2\/types\/page"}],"author":[{"embeddable":true,"href":"https:\/\/www.kirkonulkomaanapu.fi\/sv\/wp-json\/wp\/v2\/users\/137"}],"replies":[{"embeddable":true,"href":"https:\/\/www.kirkonulkomaanapu.fi\/sv\/wp-json\/wp\/v2\/comments?post=3277"}],"version-history":[{"count":3,"href":"https:\/\/www.kirkonulkomaanapu.fi\/sv\/wp-json\/wp\/v2\/pages\/3277\/revisions"}],"predecessor-version":[{"id":149350,"href":"https:\/\/www.kirkonulkomaanapu.fi\/sv\/wp-json\/wp\/v2\/pages\/3277\/revisions\/149350"}],"up":[{"embeddable":true,"href":"https:\/\/www.kirkonulkomaanapu.fi\/sv\/wp-json\/wp\/v2\/pages\/116383"}],"wp:featuredmedia":[{"embeddable":true,"href":"https:\/\/www.kirkonulkomaanapu.fi\/sv\/wp-json\/wp\/v2\/media\/116983"}],"wp:attachment":[{"href":"https:\/\/www.kirkonulkomaanapu.fi\/sv\/wp-json\/wp\/v2\/media?parent=3277"}],"curies":[{"name":"wp","href":"https:\/\/api.w.org\/{rel}","templated":true}]}}