{"id":3274,"date":"2014-04-07T13:18:06","date_gmt":"2014-04-07T10:18:06","guid":{"rendered":"https:\/\/www.kirkonulkomaanapu.fi\/?page_id=3274"},"modified":"2024-08-12T13:58:22","modified_gmt":"2024-08-12T10:58:22","slug":"natverk","status":"publish","type":"page","link":"https:\/\/www.kirkonulkomaanapu.fi\/sv\/om-oss\/natverk\/","title":{"rendered":"Samarbetsn\u00e4tverk"},"content":{"rendered":"\n\n\n<div class=\"block-hero full-width id-block\" style=\"background-image: url('https:\/\/www.kirkonulkomaanapu.fi\/wp-content\/uploads\/2021\/05\/Yhteistyoverkosto-scaled.jpg');\">\n\n\t<div class=\"bg-mobile\" style=\"background-image: url('https:\/\/www.kirkonulkomaanapu.fi\/wp-content\/uploads\/2021\/05\/Yhteistyoverkosto-1024x684.jpg');\"><\/div>\n\n\t\n\t<div class=\"curtain\"><\/div>\n\n\t<div class=\"container\">\n\t\t<div class=\"row\">\n\t\t\t<div class=\"col\">\n\t\t\t\t<div class=\"inner-blocks entry-content\">\n\t\t\t\t\t\t\t\t\t\t\t\n<h2 class=\"is-style-brush\" ><span class=\"bg\">\nSam<span class=\"is-highlighted\">arbets<\/span>n\u00e4tverk\n<\/span><\/h2><h2 class=\"is-style-brush mobile\" ><span class=\"bg\">Sam<span class=\"is-highlighted\">arbets<\/span><\/span><span class=\"bg\">n\u00e4tverk<\/span><\/h2>\n\n\n<p><\/p>\n\n\n\t\t\t\t\t\t\t\t\t<\/div>\n\t\t\t<\/div>\n\t\t<\/div>\n\t<\/div>\n<\/div>\n\n\n<div class=\"subpage-navigation id-block full-width\">\n    <div class=\"container-lg\">\n        <div class=\"row\">\n            <div class=\"col\">\n                <ul class=\"pages\">\n                                        <li class=\"page ancestor\">\n                        <a href=\"https:\/\/www.kirkonulkomaanapu.fi\/sv\/om-oss\/\">Om oss<\/a>\n                    <\/li>\n                    \n                                        <li class=\"page\">\n                        <a href=\"https:\/\/www.kirkonulkomaanapu.fi\/sv\/om-oss\/styrelsen-och-ekonomin\/\">Ekonomin<\/a>\n                    <\/li>\n                                        <li class=\"page\">\n                        <a href=\"https:\/\/www.kirkonulkomaanapu.fi\/sv\/om-oss\/historia\/\">Historia<\/a>\n                    <\/li>\n                                        <li class=\"page\">\n                        <a href=\"https:\/\/www.kirkonulkomaanapu.fi\/sv\/om-oss\/kvalitet-och-ansvar\/\">Kvalitet och ansvar<\/a>\n                    <\/li>\n                                        <li class=\"page\">\n                        <a href=\"https:\/\/www.kirkonulkomaanapu.fi\/sv\/om-oss\/rekrytering\/\">Rekrytering<\/a>\n                    <\/li>\n                                        <li class=\"page current\">\n                        <a href=\"https:\/\/www.kirkonulkomaanapu.fi\/sv\/om-oss\/natverk\/\">Samarbetsn\u00e4tverk<\/a>\n                    <\/li>\n                                        <li class=\"page\">\n                        <a href=\"https:\/\/www.kirkonulkomaanapu.fi\/sv\/om-oss\/vanliga-fragor\/\">Vanliga fr\u00e5gor<\/a>\n                    <\/li>\n                                    <\/ul>\n            <\/div>\n        <\/div>\n    <\/div>\n<\/div>\n\n\n\n\n\n\n<p>Kyrkans Utlandshj\u00e4lp utf\u00f6r kyrkans diakonala grunduppgift i samarbete med internationella organisationer och n\u00e4tverk, lokala medborgarorganisationer och inhemska samarbetspartner.<\/p>\n\n\n\n<h2 class=\"wp-block-heading\">Partner<\/h2>\n\n\n\n<p>Kyrkans Utlandshj\u00e4lp \u00e4r stiftande medlem i <strong>ACT-alliansen<\/strong>. ACT \u00e4r en sammanslutning av kyrkligt utvecklingssamarbete, humanit\u00e4rt bist\u00e5nd och akt\u00f6rer f\u00f6r p\u00e5verkansarbete. Den \u00e4r ocks\u00e5 en av v\u00e4rldens st\u00f6rsta bist\u00e5ndsorganisationer. Den omfattar \u00f6ver 140 akt\u00f6rer i \u00f6ver 130 l\u00e4nder och anv\u00e4nder \u00e5rligen 1,5 miljarder euro till bist\u00e5ndsarbete, humanit\u00e4rt bist\u00e5nd och p\u00e5verkan. ACT har en central roll i samordnandet av kyrkliga organisationers humanit\u00e4ra bist\u00e5nd.<\/p>\n\n\n\n<p>Av de organisationer som f\u00f6rverkligar program, \u00e4r <strong>Lutherska v\u00e4rldsf\u00f6rbundet (LWF)<\/strong>&nbsp;v\u00e5r st\u00f6rsta samarbetspartner. Vi st\u00f6der LWF:s l\u00e5ngsiktiga utvecklingsprogram i \u00e5tta l\u00e4nder. Organisationen \u00e4r dessutom en viktig partner till Kyrkans Utlandshj\u00e4lp i det humanit\u00e4ra bist\u00e5ndet.&nbsp; Vi st\u00f6der \u00e4ven det m\u00e4nniskor\u00e4tts- och fredsarbete som utf\u00f6rs av LWF:s medlemskyrkor.<br>Genom&nbsp; Kyrkornas V\u00e4rldsr\u00e5d st\u00f6djer arbetet f\u00f6r fred,&nbsp; j\u00e4mst\u00e4lldhet och m\u00e4nskliga r\u00e4ttigheter.<\/p>\n\n\n\n<p>Vi samarbetar med flera <strong>FN-organisationer<\/strong> s\u00e4rskilt inom utbildningen och fredsarbetet. S\u00e5dana organisationer \u00e4r bland annat barnfonden <strong>UNICEF<\/strong>, utvecklingsprogrammet <strong>UNDP<\/strong>, F\u00f6renta Nationernas Flyktingkommissariat <strong>UNHCR<\/strong> samt st\u00f6denheten f\u00f6r fredsm\u00e4klingen, <strong>MSU<\/strong>, inom FN:s politiska avdelning.<\/p>\n\n\n\n<p>Kyrkans Utlandshj\u00e4lp har dessutom ett v\u00e4xande antal lokala bilaterala partner. De \u00e4r kyrkor, kyrkliga eller andra religi\u00f6sa organisationer och det civila samh\u00e4llets akt\u00f6rer. De \u00e4r sakkunniga p\u00e5 sitt omr\u00e5de och bidrar till att h\u00e5llbara resultat uppn\u00e5s.<\/p>\n\n\n\n<h2 class=\"wp-block-heading\">N\u00e4tverk<\/h2>\n\n\n\n<p>Kyrkans Utlandshj\u00e4lp st\u00f6der eller \u00e4r medlem i flera n\u00e4tverk och tematiska organisationer.<\/p>\n\n\n\n<p><strong>ACT Alliance Advocacy to the European Union <\/strong>(f\u00f6re detta APROVED) \u00e4r de europeiska kyrkliga st\u00f6dorganisationernas gemensamma organ, vars uppgift \u00e4r att framh\u00e5lla medlemsorganisationernas synpunkter i EU:s utvecklingssamarbetspolitik. Vi \u00e4r ocks\u00e5 medlem&nbsp; i n\u00e4tverket f\u00f6r EU:s humanit\u00e4ra organisationer, <strong>VOICE<\/strong> och i n\u00e4tverket f\u00f6r p\u00e5verkansarbetet mellan kyrkorna, <strong>Ecumenical Advocacy Alliance<\/strong>.<\/p>\n\n\n\n<p>Som medlem av <strong>HAP International<\/strong> har vi f\u00f6rbundit&nbsp; oss att utveckla v\u00e5rt arbete ansvarsfullt och h\u00f6gklassigt i f\u00f6rh\u00e5llande till alla v\u00e5ra intressentgrupper, s\u00e4rskilt&nbsp; dem vi arbetar med och till f\u00f6rm\u00e5n f\u00f6r.<\/p>\n\n\n\n<p>I Finland \u00e4r Kyrkans Utlandshj\u00e4lp bland annat medlem i Servicecentralen f\u00f6r utvecklingssamarbete <strong>Kepa<\/strong> och de finl\u00e4ndska utvecklingssamarbetsorganisationernas EU-organisation <strong>Kehys<\/strong>.<\/p>\n\n\n\n<p>Vi verkar i n\u00e4ra samarbete med stiften och f\u00f6rsamlingarna i Kyrkan samt insamlingen <strong>Gemensamt Ansvar<\/strong>. Utlandshj\u00e4lpen&nbsp; \u00e4r medlem i <strong>Ekumeniska R\u00e5det i Finland<\/strong>.<\/p>\n\n\n\n<h2 class=\"wp-block-heading\">Utrikesministeriet och EU<\/h2>\n\n\n\n<p>Kyrkans Utlandshj\u00e4lp \u00e4r <strong>utrikesministeriets partnerskapsorganisation<\/strong>. D\u00e4rtill&nbsp; har vi ett samarbetsavtal med Europeiska kommissionens kontor f\u00f6r humanit\u00e4rt bist\u00e5nd, <strong>ECHO<\/strong>.<\/p>\n","protected":false},"excerpt":{"rendered":"<p>Kyrkans Utlandshj\u00e4lp utf\u00f6r kyrkans diakonala grunduppgift i samarbete med internationella organisationer och n\u00e4tverk, lokala medborgarorganisationer och inhemska samarbetspartner. Partner Kyrkans Utlandshj\u00e4lp \u00e4r stiftande medlem i ACT-alliansen. ACT \u00e4r en sammanslutning av kyrkligt utvecklingssamarbete, humanit\u00e4rt bist\u00e5nd och akt\u00f6rer f\u00f6r p\u00e5verkansarbete. Den \u00e4r ocks\u00e5 en av v\u00e4rldens st\u00f6rsta bist\u00e5ndsorganisationer. Den omfattar \u00f6ver 140 akt\u00f6rer i \u00f6ver 130 [&hellip;]<\/p>\n","protected":false},"author":137,"featured_media":116935,"parent":116383,"menu_order":2,"comment_status":"closed","ping_status":"open","template":"","meta":{"_acf_changed":false,"_relevanssi_hide_post":"","_relevanssi_hide_content":"","_relevanssi_pin_for_all":"","_relevanssi_pin_keywords":"","_relevanssi_unpin_keywords":"","_relevanssi_related_keywords":"","_relevanssi_related_include_ids":"","_relevanssi_related_exclude_ids":"","_relevanssi_related_no_append":"","_relevanssi_related_not_related":"","_relevanssi_related_posts":"89500,63644,108131","_relevanssi_noindex_reason":"","_improvement_type_select":"improve_an_existing","_thumb_yes_seoaic":false,"_frame_yes_seoaic":false,"seoaic_generate_description":"","seoaic_improve_instructions_prompt":"","seoaic_rollback_content_improvement":"","seoaic_idea_thumbnail_generator":"","thumbnail_generated":false,"thumbnail_generate_prompt":"","seoaic_article_description":"","footnotes":""},"class_list":["post-3274","page","type-page","status-publish","has-post-thumbnail","hentry"],"acf":[],"yoast_head":"<!-- This site is optimized with the Yoast SEO plugin v26.9 - https:\/\/yoast.com\/product\/yoast-seo-wordpress\/ -->\n<title>Samarbetsn\u00e4tverk - Kyrkans Utlandshj\u00e4lp<\/title>\n<meta name=\"description\" content=\"Kyrkans Utlandshj\u00e4lp utf\u00f6r kyrkans diakonala grunduppgift i samarbete med internationella och lokala organisationer och n\u00e4tverk.\" \/>\n<meta name=\"robots\" content=\"index, follow, max-snippet:-1, max-image-preview:large, max-video-preview:-1\" \/>\n<link rel=\"canonical\" href=\"https:\/\/www.kirkonulkomaanapu.fi\/sv\/om-oss\/natverk\/\" \/>\n<meta property=\"og:locale\" content=\"sv_SE\" \/>\n<meta property=\"og:type\" content=\"article\" \/>\n<meta property=\"og:title\" content=\"Samarbetsn\u00e4tverk - Kyrkans Utlandshj\u00e4lp\" \/>\n<meta property=\"og:description\" content=\"Kyrkans Utlandshj\u00e4lp utf\u00f6r kyrkans diakonala grunduppgift i samarbete med internationella och lokala organisationer och n\u00e4tverk.\" \/>\n<meta property=\"og:url\" content=\"https:\/\/www.kirkonulkomaanapu.fi\/sv\/om-oss\/natverk\/\" \/>\n<meta property=\"og:site_name\" content=\"Kyrkans Utlandshj\u00e4lp\" \/>\n<meta property=\"article:publisher\" content=\"https:\/\/www.facebook.com\/Ulkomaanapu\/\" \/>\n<meta property=\"article:modified_time\" content=\"2024-08-12T10:58:22+00:00\" \/>\n<meta property=\"og:image\" content=\"https:\/\/www.kirkonulkomaanapu.fi\/wp-content\/uploads\/2021\/05\/Yhteistyoverkosto-scaled.jpg\" \/>\n\t<meta property=\"og:image:width\" content=\"2560\" \/>\n\t<meta property=\"og:image:height\" content=\"1709\" \/>\n\t<meta property=\"og:image:type\" content=\"image\/jpeg\" \/>\n<meta name=\"twitter:label1\" content=\"Ber\u00e4knad l\u00e4stid\" \/>\n\t<meta name=\"twitter:data1\" content=\"3 minuter\" \/>\n<script type=\"application\/ld+json\" class=\"yoast-schema-graph\">{\"@context\":\"https:\/\/schema.org\",\"@graph\":[{\"@type\":\"WebPage\",\"@id\":\"https:\/\/www.kirkonulkomaanapu.fi\/sv\/om-oss\/natverk\/\",\"url\":\"https:\/\/www.kirkonulkomaanapu.fi\/sv\/om-oss\/natverk\/\",\"name\":\"Samarbetsn\u00e4tverk - Kyrkans Utlandshj\u00e4lp\",\"isPartOf\":{\"@id\":\"https:\/\/www.kirkonulkomaanapu.fi\/#website\"},\"primaryImageOfPage\":{\"@id\":\"https:\/\/www.kirkonulkomaanapu.fi\/sv\/om-oss\/natverk\/#primaryimage\"},\"image\":{\"@id\":\"https:\/\/www.kirkonulkomaanapu.fi\/sv\/om-oss\/natverk\/#primaryimage\"},\"thumbnailUrl\":\"https:\/\/www.kirkonulkomaanapu.fi\/wp-content\/uploads\/2021\/05\/Yhteistyoverkosto-scaled.jpg\",\"datePublished\":\"2014-04-07T10:18:06+00:00\",\"dateModified\":\"2024-08-12T10:58:22+00:00\",\"description\":\"Kyrkans Utlandshj\u00e4lp utf\u00f6r kyrkans diakonala grunduppgift i samarbete med internationella och lokala organisationer och n\u00e4tverk.\",\"breadcrumb\":{\"@id\":\"https:\/\/www.kirkonulkomaanapu.fi\/sv\/om-oss\/natverk\/#breadcrumb\"},\"inLanguage\":\"sv-SE\",\"potentialAction\":[{\"@type\":\"ReadAction\",\"target\":[\"https:\/\/www.kirkonulkomaanapu.fi\/sv\/om-oss\/natverk\/\"]}]},{\"@type\":\"ImageObject\",\"inLanguage\":\"sv-SE\",\"@id\":\"https:\/\/www.kirkonulkomaanapu.fi\/sv\/om-oss\/natverk\/#primaryimage\",\"url\":\"https:\/\/www.kirkonulkomaanapu.fi\/wp-content\/uploads\/2021\/05\/Yhteistyoverkosto-scaled.jpg\",\"contentUrl\":\"https:\/\/www.kirkonulkomaanapu.fi\/wp-content\/uploads\/2021\/05\/Yhteistyoverkosto-scaled.jpg\",\"width\":2560,\"height\":1709,\"caption\":\"7.3.2017, Nepal, Mahendar High School\"},{\"@type\":\"BreadcrumbList\",\"@id\":\"https:\/\/www.kirkonulkomaanapu.fi\/sv\/om-oss\/natverk\/#breadcrumb\",\"itemListElement\":[{\"@type\":\"ListItem\",\"position\":1,\"name\":\"Home\",\"item\":\"https:\/\/www.kirkonulkomaanapu.fi\/sv\/\"},{\"@type\":\"ListItem\",\"position\":2,\"name\":\"Om oss\",\"item\":\"https:\/\/www.kirkonulkomaanapu.fi\/sv\/om-oss\/\"},{\"@type\":\"ListItem\",\"position\":3,\"name\":\"Samarbetsn\u00e4tverk\"}]},{\"@type\":\"WebSite\",\"@id\":\"https:\/\/www.kirkonulkomaanapu.fi\/#website\",\"url\":\"https:\/\/www.kirkonulkomaanapu.fi\/\",\"name\":\"Kirkon Ulkomaanapu\",\"description\":\"Suomen suurin kehitysyhteisty\u00f6j\u00e4rjest\u00f6\",\"publisher\":{\"@id\":\"https:\/\/www.kirkonulkomaanapu.fi\/#organization\"},\"alternateName\":\"KUA\",\"potentialAction\":[{\"@type\":\"SearchAction\",\"target\":{\"@type\":\"EntryPoint\",\"urlTemplate\":\"https:\/\/www.kirkonulkomaanapu.fi\/?s={search_term_string}\"},\"query-input\":{\"@type\":\"PropertyValueSpecification\",\"valueRequired\":true,\"valueName\":\"search_term_string\"}}],\"inLanguage\":\"sv-SE\"},{\"@type\":\"Organization\",\"@id\":\"https:\/\/www.kirkonulkomaanapu.fi\/#organization\",\"name\":\"Kirkon Ulkomaanapu\",\"alternateName\":\"KUA\",\"url\":\"https:\/\/www.kirkonulkomaanapu.fi\/\",\"logo\":{\"@type\":\"ImageObject\",\"inLanguage\":\"sv-SE\",\"@id\":\"https:\/\/www.kirkonulkomaanapu.fi\/#\/schema\/logo\/image\/\",\"url\":\"https:\/\/www.kirkonulkomaanapu.fi\/wp-content\/uploads\/2026\/02\/Kirkon-ulkomaanapu-logo-1.png\",\"contentUrl\":\"https:\/\/www.kirkonulkomaanapu.fi\/wp-content\/uploads\/2026\/02\/Kirkon-ulkomaanapu-logo-1.png\",\"width\":225,\"height\":225,\"caption\":\"Kirkon Ulkomaanapu\"},\"image\":{\"@id\":\"https:\/\/www.kirkonulkomaanapu.fi\/#\/schema\/logo\/image\/\"},\"sameAs\":[\"https:\/\/www.facebook.com\/Ulkomaanapu\/\",\"https:\/\/www.youtube.com\/user\/kirkonulkomaanapu\",\"https:\/\/instagram.com\/kirkon_ulkomaanapu\/\",\"https:\/\/www.linkedin.com\/company\/finn-church-aid\/\"]}]}<\/script>\n<!-- \/ Yoast SEO plugin. -->","yoast_head_json":{"title":"Samarbetsn\u00e4tverk - Kyrkans Utlandshj\u00e4lp","description":"Kyrkans Utlandshj\u00e4lp utf\u00f6r kyrkans diakonala grunduppgift i samarbete med internationella och lokala organisationer och n\u00e4tverk.","robots":{"index":"index","follow":"follow","max-snippet":"max-snippet:-1","max-image-preview":"max-image-preview:large","max-video-preview":"max-video-preview:-1"},"canonical":"https:\/\/www.kirkonulkomaanapu.fi\/sv\/om-oss\/natverk\/","og_locale":"sv_SE","og_type":"article","og_title":"Samarbetsn\u00e4tverk - Kyrkans Utlandshj\u00e4lp","og_description":"Kyrkans Utlandshj\u00e4lp utf\u00f6r kyrkans diakonala grunduppgift i samarbete med internationella och lokala organisationer och n\u00e4tverk.","og_url":"https:\/\/www.kirkonulkomaanapu.fi\/sv\/om-oss\/natverk\/","og_site_name":"Kyrkans Utlandshj\u00e4lp","article_publisher":"https:\/\/www.facebook.com\/Ulkomaanapu\/","article_modified_time":"2024-08-12T10:58:22+00:00","og_image":[{"width":2560,"height":1709,"url":"https:\/\/www.kirkonulkomaanapu.fi\/wp-content\/uploads\/2021\/05\/Yhteistyoverkosto-scaled.jpg","type":"image\/jpeg"}],"twitter_misc":{"Ber\u00e4knad l\u00e4stid":"3 minuter"},"schema":{"@context":"https:\/\/schema.org","@graph":[{"@type":"WebPage","@id":"https:\/\/www.kirkonulkomaanapu.fi\/sv\/om-oss\/natverk\/","url":"https:\/\/www.kirkonulkomaanapu.fi\/sv\/om-oss\/natverk\/","name":"Samarbetsn\u00e4tverk - Kyrkans Utlandshj\u00e4lp","isPartOf":{"@id":"https:\/\/www.kirkonulkomaanapu.fi\/#website"},"primaryImageOfPage":{"@id":"https:\/\/www.kirkonulkomaanapu.fi\/sv\/om-oss\/natverk\/#primaryimage"},"image":{"@id":"https:\/\/www.kirkonulkomaanapu.fi\/sv\/om-oss\/natverk\/#primaryimage"},"thumbnailUrl":"https:\/\/www.kirkonulkomaanapu.fi\/wp-content\/uploads\/2021\/05\/Yhteistyoverkosto-scaled.jpg","datePublished":"2014-04-07T10:18:06+00:00","dateModified":"2024-08-12T10:58:22+00:00","description":"Kyrkans Utlandshj\u00e4lp utf\u00f6r kyrkans diakonala grunduppgift i samarbete med internationella och lokala organisationer och n\u00e4tverk.","breadcrumb":{"@id":"https:\/\/www.kirkonulkomaanapu.fi\/sv\/om-oss\/natverk\/#breadcrumb"},"inLanguage":"sv-SE","potentialAction":[{"@type":"ReadAction","target":["https:\/\/www.kirkonulkomaanapu.fi\/sv\/om-oss\/natverk\/"]}]},{"@type":"ImageObject","inLanguage":"sv-SE","@id":"https:\/\/www.kirkonulkomaanapu.fi\/sv\/om-oss\/natverk\/#primaryimage","url":"https:\/\/www.kirkonulkomaanapu.fi\/wp-content\/uploads\/2021\/05\/Yhteistyoverkosto-scaled.jpg","contentUrl":"https:\/\/www.kirkonulkomaanapu.fi\/wp-content\/uploads\/2021\/05\/Yhteistyoverkosto-scaled.jpg","width":2560,"height":1709,"caption":"7.3.2017, Nepal, Mahendar High School"},{"@type":"BreadcrumbList","@id":"https:\/\/www.kirkonulkomaanapu.fi\/sv\/om-oss\/natverk\/#breadcrumb","itemListElement":[{"@type":"ListItem","position":1,"name":"Home","item":"https:\/\/www.kirkonulkomaanapu.fi\/sv\/"},{"@type":"ListItem","position":2,"name":"Om oss","item":"https:\/\/www.kirkonulkomaanapu.fi\/sv\/om-oss\/"},{"@type":"ListItem","position":3,"name":"Samarbetsn\u00e4tverk"}]},{"@type":"WebSite","@id":"https:\/\/www.kirkonulkomaanapu.fi\/#website","url":"https:\/\/www.kirkonulkomaanapu.fi\/","name":"Kirkon Ulkomaanapu","description":"Suomen suurin kehitysyhteisty\u00f6j\u00e4rjest\u00f6","publisher":{"@id":"https:\/\/www.kirkonulkomaanapu.fi\/#organization"},"alternateName":"KUA","potentialAction":[{"@type":"SearchAction","target":{"@type":"EntryPoint","urlTemplate":"https:\/\/www.kirkonulkomaanapu.fi\/?s={search_term_string}"},"query-input":{"@type":"PropertyValueSpecification","valueRequired":true,"valueName":"search_term_string"}}],"inLanguage":"sv-SE"},{"@type":"Organization","@id":"https:\/\/www.kirkonulkomaanapu.fi\/#organization","name":"Kirkon Ulkomaanapu","alternateName":"KUA","url":"https:\/\/www.kirkonulkomaanapu.fi\/","logo":{"@type":"ImageObject","inLanguage":"sv-SE","@id":"https:\/\/www.kirkonulkomaanapu.fi\/#\/schema\/logo\/image\/","url":"https:\/\/www.kirkonulkomaanapu.fi\/wp-content\/uploads\/2026\/02\/Kirkon-ulkomaanapu-logo-1.png","contentUrl":"https:\/\/www.kirkonulkomaanapu.fi\/wp-content\/uploads\/2026\/02\/Kirkon-ulkomaanapu-logo-1.png","width":225,"height":225,"caption":"Kirkon Ulkomaanapu"},"image":{"@id":"https:\/\/www.kirkonulkomaanapu.fi\/#\/schema\/logo\/image\/"},"sameAs":["https:\/\/www.facebook.com\/Ulkomaanapu\/","https:\/\/www.youtube.com\/user\/kirkonulkomaanapu","https:\/\/instagram.com\/kirkon_ulkomaanapu\/","https:\/\/www.linkedin.com\/company\/finn-church-aid\/"]}]}},"_links":{"self":[{"href":"https:\/\/www.kirkonulkomaanapu.fi\/sv\/wp-json\/wp\/v2\/pages\/3274","targetHints":{"allow":["GET"]}}],"collection":[{"href":"https:\/\/www.kirkonulkomaanapu.fi\/sv\/wp-json\/wp\/v2\/pages"}],"about":[{"href":"https:\/\/www.kirkonulkomaanapu.fi\/sv\/wp-json\/wp\/v2\/types\/page"}],"author":[{"embeddable":true,"href":"https:\/\/www.kirkonulkomaanapu.fi\/sv\/wp-json\/wp\/v2\/users\/137"}],"replies":[{"embeddable":true,"href":"https:\/\/www.kirkonulkomaanapu.fi\/sv\/wp-json\/wp\/v2\/comments?post=3274"}],"version-history":[{"count":3,"href":"https:\/\/www.kirkonulkomaanapu.fi\/sv\/wp-json\/wp\/v2\/pages\/3274\/revisions"}],"predecessor-version":[{"id":149354,"href":"https:\/\/www.kirkonulkomaanapu.fi\/sv\/wp-json\/wp\/v2\/pages\/3274\/revisions\/149354"}],"up":[{"embeddable":true,"href":"https:\/\/www.kirkonulkomaanapu.fi\/sv\/wp-json\/wp\/v2\/pages\/116383"}],"wp:featuredmedia":[{"embeddable":true,"href":"https:\/\/www.kirkonulkomaanapu.fi\/sv\/wp-json\/wp\/v2\/media\/116935"}],"wp:attachment":[{"href":"https:\/\/www.kirkonulkomaanapu.fi\/sv\/wp-json\/wp\/v2\/media?parent=3274"}],"curies":[{"name":"wp","href":"https:\/\/api.w.org\/{rel}","templated":true}]}}