{"id":3271,"date":"2014-04-07T13:17:14","date_gmt":"2014-04-07T10:17:14","guid":{"rendered":"https:\/\/www.kirkonulkomaanapu.fi\/?page_id=3271"},"modified":"2025-08-13T12:41:33","modified_gmt":"2025-08-13T09:41:33","slug":"styrelsen-och-ekonomin","status":"publish","type":"page","link":"https:\/\/www.kirkonulkomaanapu.fi\/sv\/om-oss\/styrelsen-och-ekonomin\/","title":{"rendered":"Ekonomin"},"content":{"rendered":"\n\n\n<div class=\"block-hero full-width id-block\" style=\"background-image: url('https:\/\/www.kirkonulkomaanapu.fi\/wp-content\/uploads\/2021\/05\/Talous-scaled.jpg');\">\n\n\t<div class=\"bg-mobile\" style=\"background-image: url('https:\/\/www.kirkonulkomaanapu.fi\/wp-content\/uploads\/2021\/05\/Talous-1024x683.jpg');\"><\/div>\n\n\t\n\t<div class=\"curtain\"><\/div>\n\n\t<div class=\"container\">\n\t\t<div class=\"row\">\n\t\t\t<div class=\"col\">\n\t\t\t\t<div class=\"inner-blocks entry-content\">\n\t\t\t\t\t\t\t\t\t\t\t\n<h2 class=\"is-style-brush\" ><span class=\"bg\">\nEkonomin\n<\/span><\/h2><h2 class=\"is-style-brush mobile\" ><span class=\"bg\">Ekonomin<\/span><\/h2>\n\n\n<p><\/p>\n\n\n\t\t\t\t\t\t\t\t\t<\/div>\n\t\t\t<\/div>\n\t\t<\/div>\n\t<\/div>\n<\/div>\n\n\n<div class=\"subpage-navigation id-block full-width\">\n    <div class=\"container-lg\">\n        <div class=\"row\">\n            <div class=\"col\">\n                <ul class=\"pages\">\n                                        <li class=\"page ancestor\">\n                        <a href=\"https:\/\/www.kirkonulkomaanapu.fi\/sv\/om-oss\/\">Om oss<\/a>\n                    <\/li>\n                    \n                                        <li class=\"page current\">\n                        <a href=\"https:\/\/www.kirkonulkomaanapu.fi\/sv\/om-oss\/styrelsen-och-ekonomin\/\">Ekonomin<\/a>\n                    <\/li>\n                                        <li class=\"page\">\n                        <a href=\"https:\/\/www.kirkonulkomaanapu.fi\/sv\/om-oss\/historia\/\">Historia<\/a>\n                    <\/li>\n                                        <li class=\"page\">\n                        <a href=\"https:\/\/www.kirkonulkomaanapu.fi\/sv\/om-oss\/kvalitet-och-ansvar\/\">Kvalitet och ansvar<\/a>\n                    <\/li>\n                                        <li class=\"page\">\n                        <a href=\"https:\/\/www.kirkonulkomaanapu.fi\/sv\/om-oss\/rekrytering\/\">Rekrytering<\/a>\n                    <\/li>\n                                        <li class=\"page\">\n                        <a href=\"https:\/\/www.kirkonulkomaanapu.fi\/sv\/om-oss\/natverk\/\">Samarbetsn\u00e4tverk<\/a>\n                    <\/li>\n                                        <li class=\"page\">\n                        <a href=\"https:\/\/www.kirkonulkomaanapu.fi\/sv\/om-oss\/vanliga-fragor\/\">Vanliga fr\u00e5gor<\/a>\n                    <\/li>\n                                    <\/ul>\n            <\/div>\n        <\/div>\n    <\/div>\n<\/div>\n\n\n\n\n\n\n<p class=\"lead\">Kyrkans Utlandshj\u00e4lp Finlands st\u00f6rsta utvecklingssamarbetsorganisation och n\u00e4stst\u00f6rsta givare av katastrofhj\u00e4lp. Vi arbetar i 12 l\u00e4nder i Asien, Afrika, Mellan\u00f6stern och Ukraina.<\/p>\n\n\n\n<p>V\u00e5r medelanskaffning inbringade \u00e5r 2024 74,5 miljoner euro. KUA:s medelanskaffning grundar sig p\u00e5 fyra starka pelare: f\u00f6rsamlingarnas och kyrkans st\u00f6d, privata donationer, statens st\u00f6d och internationell finansiering.<\/p>\n\n\n\n<figure class=\"wp-block-image size-large\"><img loading=\"lazy\" decoding=\"async\" width=\"1024\" height=\"763\" src=\"https:\/\/www.kirkonulkomaanapu.fi\/wp-content\/uploads\/2025\/08\/KUA-ekonomi-2024-intakter-1024x763.jpg\" alt=\"\" class=\"wp-image-156233\" srcset=\"https:\/\/www.kirkonulkomaanapu.fi\/wp-content\/uploads\/2025\/08\/KUA-ekonomi-2024-intakter-1024x763.jpg 1024w, https:\/\/www.kirkonulkomaanapu.fi\/wp-content\/uploads\/2025\/08\/KUA-ekonomi-2024-intakter-480x358.jpg 480w, https:\/\/www.kirkonulkomaanapu.fi\/wp-content\/uploads\/2025\/08\/KUA-ekonomi-2024-intakter-768x572.jpg 768w, https:\/\/www.kirkonulkomaanapu.fi\/wp-content\/uploads\/2025\/08\/KUA-ekonomi-2024-intakter-239x178.jpg 239w, https:\/\/www.kirkonulkomaanapu.fi\/wp-content\/uploads\/2025\/08\/KUA-ekonomi-2024-intakter.jpg 1110w\" sizes=\"auto, (max-width: 1024px) 100vw, 1024px\" \/><\/figure>\n\n\n\n<p>\u00c5r 2024 anv\u00e4nde vi sammanlag 68,4 miljoner euro till bist\u00e5ndsarbetet och annan verksamhet.<\/p>\n\n\n\n<figure class=\"wp-block-image size-large\"><img loading=\"lazy\" decoding=\"async\" width=\"1024\" height=\"763\" src=\"https:\/\/www.kirkonulkomaanapu.fi\/wp-content\/uploads\/2025\/08\/KUA-ekonomi-2024-verksamhetsomraden-1024x763.jpg\" alt=\"\" class=\"wp-image-156236\" srcset=\"https:\/\/www.kirkonulkomaanapu.fi\/wp-content\/uploads\/2025\/08\/KUA-ekonomi-2024-verksamhetsomraden-1024x763.jpg 1024w, https:\/\/www.kirkonulkomaanapu.fi\/wp-content\/uploads\/2025\/08\/KUA-ekonomi-2024-verksamhetsomraden-480x358.jpg 480w, https:\/\/www.kirkonulkomaanapu.fi\/wp-content\/uploads\/2025\/08\/KUA-ekonomi-2024-verksamhetsomraden-768x572.jpg 768w, https:\/\/www.kirkonulkomaanapu.fi\/wp-content\/uploads\/2025\/08\/KUA-ekonomi-2024-verksamhetsomraden-239x178.jpg 239w, https:\/\/www.kirkonulkomaanapu.fi\/wp-content\/uploads\/2025\/08\/KUA-ekonomi-2024-verksamhetsomraden.jpg 1110w\" sizes=\"auto, (max-width: 1024px) 100vw, 1024px\" \/><\/figure>\n\n\n\n<p>Till bist\u00e5ndsarbetet anv\u00e4ndes 75,3 miljoner euro. Till funktionerna i hemlandet och administrationen anv\u00e4ndes 6,9miljoner euro. Funktionerna i hemlandet innefattar medelanskaffningen, kommunikationen och utbildningen. Administrationen innefattar verksamhetsledarens kontor, ekonomikontoret och allm\u00e4nna utgifter.<\/p>\n\n\n\n<figure class=\"wp-block-image size-large is-style-default\"><img loading=\"lazy\" decoding=\"async\" width=\"1024\" height=\"763\" src=\"https:\/\/www.kirkonulkomaanapu.fi\/wp-content\/uploads\/2025\/08\/KUA-ekonomi-2024-bistandsarbete-1024x763.jpg\" alt=\"\" class=\"wp-image-156227\" srcset=\"https:\/\/www.kirkonulkomaanapu.fi\/wp-content\/uploads\/2025\/08\/KUA-ekonomi-2024-bistandsarbete-1024x763.jpg 1024w, https:\/\/www.kirkonulkomaanapu.fi\/wp-content\/uploads\/2025\/08\/KUA-ekonomi-2024-bistandsarbete-480x358.jpg 480w, https:\/\/www.kirkonulkomaanapu.fi\/wp-content\/uploads\/2025\/08\/KUA-ekonomi-2024-bistandsarbete-768x572.jpg 768w, https:\/\/www.kirkonulkomaanapu.fi\/wp-content\/uploads\/2025\/08\/KUA-ekonomi-2024-bistandsarbete-239x178.jpg 239w, https:\/\/www.kirkonulkomaanapu.fi\/wp-content\/uploads\/2025\/08\/KUA-ekonomi-2024-bistandsarbete.jpg 1110w\" sizes=\"auto, (max-width: 1024px) 100vw, 1024px\" \/><\/figure>\n\n\n\n<p>Kyrkans Utlandshj\u00e4lp vill f\u00f6rs\u00e4kra sig om att de medel vi har till f\u00f6rfogande, anv\u00e4nds s\u00e5 ansvarsfullt och resultatgivande som m\u00f6jligt. Vi har som en av de f\u00f6rsta utvecklingssamarbetsorganisationerna, utvecklat den interna kontrollen. Den har sitt st\u00f6d i styrelsens granskningsutskott. P\u00e5 samma g\u00e5ng har riskhanteringen blivit en normal del av verksamhetens planering och utv\u00e4rdering. V\u00e5ra revisorer finns hos KPMG.<\/p>\n\n\n\n<p><a href=\"https:\/\/fca.contenthub.fi\/NiboWEB\/kirkonulkomaanapu\/digipaper.do?uuid=20797360&amp;ticket=5c2fbe5a9c9e905894ae190a00a60eea&amp;lang=en\">\u00c5rsber\u00e4ttelse 2024<\/a><br><a href=\"https:\/\/www.kirkonulkomaanapu.fi\/wp-content\/uploads\/2025\/06\/Tilinpaatos-ja-toimintakertomus-2024_FIN.pdf\">Balansbok 2024<\/a> (p\u00e5 finska)<br><a href=\"https:\/\/www.kirkonulkomaanapu.fi\/wp-content\/uploads\/2025\/06\/Tilintarkastuskertomus-2024.pdf\">Revisionsber\u00e4ttelse 2024<\/a> (p\u00e5 finska)<\/p>\n\n\n\n<p><a href=\"https:\/\/www.kirkonulkomaanapu.fi\/wp-content\/uploads\/2024\/07\/KUA-arsrapport-2023-web.pdf\" target=\"_blank\" rel=\"noreferrer noopener\">\u00c5rsber\u00e4ttelse 2023<\/a> (PDF)<br><a href=\"https:\/\/www.kirkonulkomaanapu.fi\/wp-content\/uploads\/2024\/06\/Kirkon-Ulkomaanapu-sr-ttk-2023.pdf\" target=\"_blank\" rel=\"noreferrer noopener\">Balansbok 2023<\/a> (p\u00e5 finska)<br><a href=\"https:\/\/www.kirkonulkomaanapu.fi\/wp-content\/uploads\/2024\/06\/Tilinpaatos-ja-Toimintakertomus-2023.pdf\" target=\"_blank\" rel=\"noreferrer noopener\">Revisionsber\u00e4ttelse 2023<\/a> (p\u00e5 finska)<\/p>\n\n\n\n<p><a href=\"https:\/\/www.kirkonulkomaanapu.fi\/wp-content\/uploads\/2023\/06\/KUH-arsrapport-2022.pdf\" target=\"_blank\" rel=\"noreferrer noopener\">\u00c5rsber\u00e4ttelse 2022 (PDF)<\/a><br><a href=\"https:\/\/www.kirkonulkomaanapu.fi\/wp-content\/uploads\/2023\/06\/KUA_tilintarkastuskertomus_2022.pdf\" target=\"_blank\" rel=\"noreferrer noopener\">Balansbok 2022<\/a> (p\u00e5 finska)<br><a href=\"https:\/\/www.kirkonulkomaanapu.fi\/wp-content\/uploads\/2023\/06\/KUA_tilinpaatos_toimintakertomus_2022.pdf\" target=\"_blank\" rel=\"noreferrer noopener\">Revisionsber\u00e4ttelse 2022 <\/a>(p\u00e5 finska)<\/p>\n\n\n\n<p><br><\/p>\n\n\n\n<p><br><\/p>\n","protected":false},"excerpt":{"rendered":"<p>Kyrkans Utlandshj\u00e4lp Finlands st\u00f6rsta utvecklingssamarbetsorganisation och n\u00e4stst\u00f6rsta givare av katastrofhj\u00e4lp. Vi arbetar i 12 l\u00e4nder i Asien, Afrika, Mellan\u00f6stern och Ukraina. V\u00e5r medelanskaffning inbringade \u00e5r 2024 74,5 miljoner euro. KUA:s medelanskaffning grundar sig p\u00e5 fyra starka pelare: f\u00f6rsamlingarnas och kyrkans st\u00f6d, privata donationer, statens st\u00f6d och internationell finansiering. \u00c5r 2024 anv\u00e4nde vi sammanlag 68,4 miljoner [&hellip;]<\/p>\n","protected":false},"author":137,"featured_media":0,"parent":116383,"menu_order":1,"comment_status":"closed","ping_status":"open","template":"","meta":{"_acf_changed":false,"_relevanssi_hide_post":"","_relevanssi_hide_content":"","_relevanssi_pin_for_all":"","_relevanssi_pin_keywords":"","_relevanssi_unpin_keywords":"","_relevanssi_related_keywords":"","_relevanssi_related_include_ids":"","_relevanssi_related_exclude_ids":"","_relevanssi_related_no_append":"","_relevanssi_related_not_related":"","_relevanssi_related_posts":"63644,108131,89500","_relevanssi_noindex_reason":"","_improvement_type_select":"improve_an_existing","_thumb_yes_seoaic":false,"_frame_yes_seoaic":false,"seoaic_generate_description":"","seoaic_improve_instructions_prompt":"","seoaic_rollback_content_improvement":"","seoaic_idea_thumbnail_generator":"","thumbnail_generated":false,"thumbnail_generate_prompt":"","seoaic_article_description":"","footnotes":""},"class_list":["post-3271","page","type-page","status-publish","hentry"],"acf":[],"yoast_head":"<!-- This site is optimized with the Yoast SEO plugin v26.9 - https:\/\/yoast.com\/product\/yoast-seo-wordpress\/ -->\n<title>Ekonomin - Kyrkans Utlandshj\u00e4lp - Jobb f\u00f6r m\u00e4nniskov\u00e4rdet<\/title>\n<meta name=\"description\" content=\"I 2020, kostnaderna f\u00f6r bist\u00e5ndsarbetet var 42,5 miljoner euro och inneh\u00f6llplanering, uppf\u00f6ljning och utveckling avprojekt f\u00f6r 2,4 m. \u20ac.\" \/>\n<meta name=\"robots\" content=\"index, follow, max-snippet:-1, max-image-preview:large, max-video-preview:-1\" \/>\n<link rel=\"canonical\" href=\"https:\/\/www.kirkonulkomaanapu.fi\/sv\/om-oss\/styrelsen-och-ekonomin\/\" \/>\n<meta property=\"og:locale\" content=\"sv_SE\" \/>\n<meta property=\"og:type\" content=\"article\" \/>\n<meta property=\"og:title\" content=\"Ekonomin - Kyrkans Utlandshj\u00e4lp - Jobb f\u00f6r m\u00e4nniskov\u00e4rdet\" \/>\n<meta property=\"og:description\" content=\"I 2020, kostnaderna f\u00f6r bist\u00e5ndsarbetet var 42,5 miljoner euro och inneh\u00f6llplanering, uppf\u00f6ljning och utveckling avprojekt f\u00f6r 2,4 m. \u20ac.\" \/>\n<meta property=\"og:url\" content=\"https:\/\/www.kirkonulkomaanapu.fi\/sv\/om-oss\/styrelsen-och-ekonomin\/\" \/>\n<meta property=\"og:site_name\" content=\"Kyrkans Utlandshj\u00e4lp\" \/>\n<meta property=\"article:publisher\" content=\"https:\/\/www.facebook.com\/Ulkomaanapu\/\" \/>\n<meta property=\"article:modified_time\" content=\"2025-08-13T09:41:33+00:00\" \/>\n<meta property=\"og:image\" content=\"https:\/\/www.kirkonulkomaanapu.fi\/wp-content\/uploads\/2025\/08\/KUA-ekonomi-2024-intakter.jpg\" \/>\n\t<meta property=\"og:image:width\" content=\"1110\" \/>\n\t<meta property=\"og:image:height\" content=\"827\" \/>\n\t<meta property=\"og:image:type\" content=\"image\/jpeg\" \/>\n<meta name=\"twitter:label1\" content=\"Ber\u00e4knad l\u00e4stid\" \/>\n\t<meta name=\"twitter:data1\" content=\"2 minuter\" \/>\n<script type=\"application\/ld+json\" class=\"yoast-schema-graph\">{\"@context\":\"https:\/\/schema.org\",\"@graph\":[{\"@type\":\"WebPage\",\"@id\":\"https:\/\/www.kirkonulkomaanapu.fi\/sv\/om-oss\/styrelsen-och-ekonomin\/\",\"url\":\"https:\/\/www.kirkonulkomaanapu.fi\/sv\/om-oss\/styrelsen-och-ekonomin\/\",\"name\":\"Ekonomin - Kyrkans Utlandshj\u00e4lp - Jobb f\u00f6r m\u00e4nniskov\u00e4rdet\",\"isPartOf\":{\"@id\":\"https:\/\/www.kirkonulkomaanapu.fi\/#website\"},\"primaryImageOfPage\":{\"@id\":\"https:\/\/www.kirkonulkomaanapu.fi\/sv\/om-oss\/styrelsen-och-ekonomin\/#primaryimage\"},\"image\":{\"@id\":\"https:\/\/www.kirkonulkomaanapu.fi\/sv\/om-oss\/styrelsen-och-ekonomin\/#primaryimage\"},\"thumbnailUrl\":\"https:\/\/www.kirkonulkomaanapu.fi\/wp-content\/uploads\/2025\/08\/KUA-ekonomi-2024-intakter-1024x763.jpg\",\"datePublished\":\"2014-04-07T10:17:14+00:00\",\"dateModified\":\"2025-08-13T09:41:33+00:00\",\"description\":\"I 2020, kostnaderna f\u00f6r bist\u00e5ndsarbetet var 42,5 miljoner euro och inneh\u00f6llplanering, uppf\u00f6ljning och utveckling avprojekt f\u00f6r 2,4 m. \u20ac.\",\"breadcrumb\":{\"@id\":\"https:\/\/www.kirkonulkomaanapu.fi\/sv\/om-oss\/styrelsen-och-ekonomin\/#breadcrumb\"},\"inLanguage\":\"sv-SE\",\"potentialAction\":[{\"@type\":\"ReadAction\",\"target\":[\"https:\/\/www.kirkonulkomaanapu.fi\/sv\/om-oss\/styrelsen-och-ekonomin\/\"]}]},{\"@type\":\"ImageObject\",\"inLanguage\":\"sv-SE\",\"@id\":\"https:\/\/www.kirkonulkomaanapu.fi\/sv\/om-oss\/styrelsen-och-ekonomin\/#primaryimage\",\"url\":\"https:\/\/www.kirkonulkomaanapu.fi\/wp-content\/uploads\/2025\/08\/KUA-ekonomi-2024-intakter-1024x763.jpg\",\"contentUrl\":\"https:\/\/www.kirkonulkomaanapu.fi\/wp-content\/uploads\/2025\/08\/KUA-ekonomi-2024-intakter-1024x763.jpg\"},{\"@type\":\"BreadcrumbList\",\"@id\":\"https:\/\/www.kirkonulkomaanapu.fi\/sv\/om-oss\/styrelsen-och-ekonomin\/#breadcrumb\",\"itemListElement\":[{\"@type\":\"ListItem\",\"position\":1,\"name\":\"Home\",\"item\":\"https:\/\/www.kirkonulkomaanapu.fi\/sv\/\"},{\"@type\":\"ListItem\",\"position\":2,\"name\":\"Om oss\",\"item\":\"https:\/\/www.kirkonulkomaanapu.fi\/sv\/om-oss\/\"},{\"@type\":\"ListItem\",\"position\":3,\"name\":\"Ekonomin\"}]},{\"@type\":\"WebSite\",\"@id\":\"https:\/\/www.kirkonulkomaanapu.fi\/#website\",\"url\":\"https:\/\/www.kirkonulkomaanapu.fi\/\",\"name\":\"Kirkon Ulkomaanapu\",\"description\":\"Suomen suurin kehitysyhteisty\u00f6j\u00e4rjest\u00f6\",\"publisher\":{\"@id\":\"https:\/\/www.kirkonulkomaanapu.fi\/#organization\"},\"alternateName\":\"KUA\",\"potentialAction\":[{\"@type\":\"SearchAction\",\"target\":{\"@type\":\"EntryPoint\",\"urlTemplate\":\"https:\/\/www.kirkonulkomaanapu.fi\/?s={search_term_string}\"},\"query-input\":{\"@type\":\"PropertyValueSpecification\",\"valueRequired\":true,\"valueName\":\"search_term_string\"}}],\"inLanguage\":\"sv-SE\"},{\"@type\":\"Organization\",\"@id\":\"https:\/\/www.kirkonulkomaanapu.fi\/#organization\",\"name\":\"Kirkon Ulkomaanapu\",\"alternateName\":\"KUA\",\"url\":\"https:\/\/www.kirkonulkomaanapu.fi\/\",\"logo\":{\"@type\":\"ImageObject\",\"inLanguage\":\"sv-SE\",\"@id\":\"https:\/\/www.kirkonulkomaanapu.fi\/#\/schema\/logo\/image\/\",\"url\":\"https:\/\/www.kirkonulkomaanapu.fi\/wp-content\/uploads\/2026\/02\/Kirkon-ulkomaanapu-logo-1.png\",\"contentUrl\":\"https:\/\/www.kirkonulkomaanapu.fi\/wp-content\/uploads\/2026\/02\/Kirkon-ulkomaanapu-logo-1.png\",\"width\":225,\"height\":225,\"caption\":\"Kirkon Ulkomaanapu\"},\"image\":{\"@id\":\"https:\/\/www.kirkonulkomaanapu.fi\/#\/schema\/logo\/image\/\"},\"sameAs\":[\"https:\/\/www.facebook.com\/Ulkomaanapu\/\",\"https:\/\/www.youtube.com\/user\/kirkonulkomaanapu\",\"https:\/\/instagram.com\/kirkon_ulkomaanapu\/\",\"https:\/\/www.linkedin.com\/company\/finn-church-aid\/\"]}]}<\/script>\n<!-- \/ Yoast SEO plugin. -->","yoast_head_json":{"title":"Ekonomin - Kyrkans Utlandshj\u00e4lp - Jobb f\u00f6r m\u00e4nniskov\u00e4rdet","description":"I 2020, kostnaderna f\u00f6r bist\u00e5ndsarbetet var 42,5 miljoner euro och inneh\u00f6llplanering, uppf\u00f6ljning och utveckling avprojekt f\u00f6r 2,4 m. \u20ac.","robots":{"index":"index","follow":"follow","max-snippet":"max-snippet:-1","max-image-preview":"max-image-preview:large","max-video-preview":"max-video-preview:-1"},"canonical":"https:\/\/www.kirkonulkomaanapu.fi\/sv\/om-oss\/styrelsen-och-ekonomin\/","og_locale":"sv_SE","og_type":"article","og_title":"Ekonomin - Kyrkans Utlandshj\u00e4lp - Jobb f\u00f6r m\u00e4nniskov\u00e4rdet","og_description":"I 2020, kostnaderna f\u00f6r bist\u00e5ndsarbetet var 42,5 miljoner euro och inneh\u00f6llplanering, uppf\u00f6ljning och utveckling avprojekt f\u00f6r 2,4 m. \u20ac.","og_url":"https:\/\/www.kirkonulkomaanapu.fi\/sv\/om-oss\/styrelsen-och-ekonomin\/","og_site_name":"Kyrkans Utlandshj\u00e4lp","article_publisher":"https:\/\/www.facebook.com\/Ulkomaanapu\/","article_modified_time":"2025-08-13T09:41:33+00:00","og_image":[{"width":1110,"height":827,"url":"https:\/\/www.kirkonulkomaanapu.fi\/wp-content\/uploads\/2025\/08\/KUA-ekonomi-2024-intakter.jpg","type":"image\/jpeg"}],"twitter_misc":{"Ber\u00e4knad l\u00e4stid":"2 minuter"},"schema":{"@context":"https:\/\/schema.org","@graph":[{"@type":"WebPage","@id":"https:\/\/www.kirkonulkomaanapu.fi\/sv\/om-oss\/styrelsen-och-ekonomin\/","url":"https:\/\/www.kirkonulkomaanapu.fi\/sv\/om-oss\/styrelsen-och-ekonomin\/","name":"Ekonomin - Kyrkans Utlandshj\u00e4lp - Jobb f\u00f6r m\u00e4nniskov\u00e4rdet","isPartOf":{"@id":"https:\/\/www.kirkonulkomaanapu.fi\/#website"},"primaryImageOfPage":{"@id":"https:\/\/www.kirkonulkomaanapu.fi\/sv\/om-oss\/styrelsen-och-ekonomin\/#primaryimage"},"image":{"@id":"https:\/\/www.kirkonulkomaanapu.fi\/sv\/om-oss\/styrelsen-och-ekonomin\/#primaryimage"},"thumbnailUrl":"https:\/\/www.kirkonulkomaanapu.fi\/wp-content\/uploads\/2025\/08\/KUA-ekonomi-2024-intakter-1024x763.jpg","datePublished":"2014-04-07T10:17:14+00:00","dateModified":"2025-08-13T09:41:33+00:00","description":"I 2020, kostnaderna f\u00f6r bist\u00e5ndsarbetet var 42,5 miljoner euro och inneh\u00f6llplanering, uppf\u00f6ljning och utveckling avprojekt f\u00f6r 2,4 m. \u20ac.","breadcrumb":{"@id":"https:\/\/www.kirkonulkomaanapu.fi\/sv\/om-oss\/styrelsen-och-ekonomin\/#breadcrumb"},"inLanguage":"sv-SE","potentialAction":[{"@type":"ReadAction","target":["https:\/\/www.kirkonulkomaanapu.fi\/sv\/om-oss\/styrelsen-och-ekonomin\/"]}]},{"@type":"ImageObject","inLanguage":"sv-SE","@id":"https:\/\/www.kirkonulkomaanapu.fi\/sv\/om-oss\/styrelsen-och-ekonomin\/#primaryimage","url":"https:\/\/www.kirkonulkomaanapu.fi\/wp-content\/uploads\/2025\/08\/KUA-ekonomi-2024-intakter-1024x763.jpg","contentUrl":"https:\/\/www.kirkonulkomaanapu.fi\/wp-content\/uploads\/2025\/08\/KUA-ekonomi-2024-intakter-1024x763.jpg"},{"@type":"BreadcrumbList","@id":"https:\/\/www.kirkonulkomaanapu.fi\/sv\/om-oss\/styrelsen-och-ekonomin\/#breadcrumb","itemListElement":[{"@type":"ListItem","position":1,"name":"Home","item":"https:\/\/www.kirkonulkomaanapu.fi\/sv\/"},{"@type":"ListItem","position":2,"name":"Om oss","item":"https:\/\/www.kirkonulkomaanapu.fi\/sv\/om-oss\/"},{"@type":"ListItem","position":3,"name":"Ekonomin"}]},{"@type":"WebSite","@id":"https:\/\/www.kirkonulkomaanapu.fi\/#website","url":"https:\/\/www.kirkonulkomaanapu.fi\/","name":"Kirkon Ulkomaanapu","description":"Suomen suurin kehitysyhteisty\u00f6j\u00e4rjest\u00f6","publisher":{"@id":"https:\/\/www.kirkonulkomaanapu.fi\/#organization"},"alternateName":"KUA","potentialAction":[{"@type":"SearchAction","target":{"@type":"EntryPoint","urlTemplate":"https:\/\/www.kirkonulkomaanapu.fi\/?s={search_term_string}"},"query-input":{"@type":"PropertyValueSpecification","valueRequired":true,"valueName":"search_term_string"}}],"inLanguage":"sv-SE"},{"@type":"Organization","@id":"https:\/\/www.kirkonulkomaanapu.fi\/#organization","name":"Kirkon Ulkomaanapu","alternateName":"KUA","url":"https:\/\/www.kirkonulkomaanapu.fi\/","logo":{"@type":"ImageObject","inLanguage":"sv-SE","@id":"https:\/\/www.kirkonulkomaanapu.fi\/#\/schema\/logo\/image\/","url":"https:\/\/www.kirkonulkomaanapu.fi\/wp-content\/uploads\/2026\/02\/Kirkon-ulkomaanapu-logo-1.png","contentUrl":"https:\/\/www.kirkonulkomaanapu.fi\/wp-content\/uploads\/2026\/02\/Kirkon-ulkomaanapu-logo-1.png","width":225,"height":225,"caption":"Kirkon Ulkomaanapu"},"image":{"@id":"https:\/\/www.kirkonulkomaanapu.fi\/#\/schema\/logo\/image\/"},"sameAs":["https:\/\/www.facebook.com\/Ulkomaanapu\/","https:\/\/www.youtube.com\/user\/kirkonulkomaanapu","https:\/\/instagram.com\/kirkon_ulkomaanapu\/","https:\/\/www.linkedin.com\/company\/finn-church-aid\/"]}]}},"_links":{"self":[{"href":"https:\/\/www.kirkonulkomaanapu.fi\/sv\/wp-json\/wp\/v2\/pages\/3271","targetHints":{"allow":["GET"]}}],"collection":[{"href":"https:\/\/www.kirkonulkomaanapu.fi\/sv\/wp-json\/wp\/v2\/pages"}],"about":[{"href":"https:\/\/www.kirkonulkomaanapu.fi\/sv\/wp-json\/wp\/v2\/types\/page"}],"author":[{"embeddable":true,"href":"https:\/\/www.kirkonulkomaanapu.fi\/sv\/wp-json\/wp\/v2\/users\/137"}],"replies":[{"embeddable":true,"href":"https:\/\/www.kirkonulkomaanapu.fi\/sv\/wp-json\/wp\/v2\/comments?post=3271"}],"version-history":[{"count":2,"href":"https:\/\/www.kirkonulkomaanapu.fi\/sv\/wp-json\/wp\/v2\/pages\/3271\/revisions"}],"predecessor-version":[{"id":156243,"href":"https:\/\/www.kirkonulkomaanapu.fi\/sv\/wp-json\/wp\/v2\/pages\/3271\/revisions\/156243"}],"up":[{"embeddable":true,"href":"https:\/\/www.kirkonulkomaanapu.fi\/sv\/wp-json\/wp\/v2\/pages\/116383"}],"wp:attachment":[{"href":"https:\/\/www.kirkonulkomaanapu.fi\/sv\/wp-json\/wp\/v2\/media?parent=3271"}],"curies":[{"name":"wp","href":"https:\/\/api.w.org\/{rel}","templated":true}]}}